{"id":80659,"date":"2026-02-21T15:48:41","date_gmt":"2026-02-21T14:48:41","guid":{"rendered":"https:\/\/farmerrain.com\/?post_type=product&#038;p=80659"},"modified":"2026-03-24T15:12:19","modified_gmt":"2026-03-24T14:12:19","slug":"shiny-retro-coat-kopia","status":"publish","type":"product","link":"https:\/\/farmerrain.com\/en\/product\/shiny-retro-coat-kopia\/","title":{"rendered":"Retro Coat"},"content":{"rendered":"<p>This retro coat in unisex size comes with a practical hood with screen and a drawstring with metal bells.<\/p>\n<p>Front buttons and waistband are of the same material.<\/p>\n<p>It is double breasted with lock functionality<\/p>\n<p>Push buttons at the wrist enable individual adjustment.<\/p>\n<p>Two front pockets.<\/p>\n<p>Welded seams.<\/p>\n<p>MATERIAL<\/p>\n<p><span class=\"HwtZe\" lang=\"en\"><span class=\"jCAhz ChMk0b\"><span class=\"ryNqvb\">Atlas biovinyl\u00a0 400 gram<\/span><\/span><\/span><\/p>\n<p>&nbsp;<\/p>\n","protected":false},"excerpt":{"rendered":"<p>This retro coat in unisex size comes with a practical hood with screen and a drawstring with metal bells. Front buttons and waistband are of the same material. It is double breasted with lock functionality Push buttons at the wrist enable individual adjustment. Two front pockets. Welded seams. MATERIAL Atlas biovinyl\u00a0 400 gram &nbsp;<\/p>\n","protected":false},"featured_media":80725,"comment_status":"open","ping_status":"closed","template":"","meta":{"_acf_changed":false},"product_brand":[],"product_cat":[1221,1219],"product_tag":[310],"activity":[1046,1056],"class_list":{"0":"post-80659","1":"product","2":"type-product","3":"status-publish","4":"has-post-thumbnail","6":"product_cat-raincoats-rainwear","7":"product_cat-rainwear","8":"product_tag-mode-en","9":"activity-everyday-commuting","10":"activity-raincoats-everyday-and-commuting","12":"first","13":"instock","14":"taxable","15":"shipping-taxable","16":"purchasable","17":"product-type-variable","18":"has-default-attributes","19":"rtwpvg-product","20":"rtwpvs-product"},"acf":[],"shsp-ext":{"main":{},"variations":[]},"yoast_head":"<!-- This site is optimized with the Yoast SEO plugin v27.2 - https:\/\/yoast.com\/product\/yoast-seo-wordpress\/ -->\n<title>Retro Coat | Farmerrain - H\u00e5llbara regnkl\u00e4der<\/title>\n<meta name=\"description\" content=\"This retro coat in unisex size comes with a practical hood with screen and a drawstring with metal bells. Front buttons and waistband are of the same\" \/>\n<meta name=\"robots\" content=\"index, follow, max-snippet:-1, max-image-preview:large, max-video-preview:-1\" \/>\n<link rel=\"canonical\" href=\"https:\/\/farmerrain.com\/en\/product\/shiny-retro-coat-kopia\/\" \/>\n<meta property=\"og:locale\" content=\"en_US\" \/>\n<meta property=\"og:type\" content=\"article\" \/>\n<meta property=\"og:title\" content=\"Retro Coat | Farmerrain - H\u00e5llbara regnkl\u00e4der\" \/>\n<meta property=\"og:description\" content=\"This retro coat in unisex size comes with a practical hood with screen and a drawstring with metal bells. Front buttons and waistband are of the same\" \/>\n<meta property=\"og:url\" content=\"https:\/\/farmerrain.com\/en\/product\/shiny-retro-coat-kopia\/\" \/>\n<meta property=\"og:site_name\" content=\"Farmerrain - H\u00e5llbara regnkl\u00e4der\" \/>\n<meta property=\"article:publisher\" content=\"https:\/\/www.facebook.com\/people\/Farmerrain\/100063463901438\/\" \/>\n<meta property=\"article:modified_time\" content=\"2026-03-24T14:12:19+00:00\" \/>\n<meta property=\"og:image\" content=\"https:\/\/farmerrain.com\/wp-content\/uploads\/2026\/02\/DSC4817-980x1470.jpg\" \/>\n\t<meta property=\"og:image:width\" content=\"980\" \/>\n\t<meta property=\"og:image:height\" content=\"1470\" \/>\n\t<meta property=\"og:image:type\" content=\"image\/jpeg\" \/>\n<meta name=\"twitter:card\" content=\"summary_large_image\" \/>\n<meta name=\"twitter:label1\" content=\"Est. reading time\" \/>\n\t<meta name=\"twitter:data1\" content=\"1 minute\" \/>\n<script type=\"application\/ld+json\" class=\"yoast-schema-graph\">{\"@context\":\"https:\/\/schema.org\",\"@graph\":[{\"@type\":\"WebPage\",\"@id\":\"https:\/\/farmerrain.com\/en\/product\/shiny-retro-coat-kopia\/\",\"url\":\"https:\/\/farmerrain.com\/en\/product\/shiny-retro-coat-kopia\/\",\"name\":\"Retro Coat | Farmerrain - H\u00e5llbara regnkl\u00e4der\",\"isPartOf\":{\"@id\":\"https:\/\/farmerrain.com\/#website\"},\"primaryImageOfPage\":{\"@id\":\"https:\/\/farmerrain.com\/en\/product\/shiny-retro-coat-kopia\/#primaryimage\"},\"image\":{\"@id\":\"https:\/\/farmerrain.com\/en\/product\/shiny-retro-coat-kopia\/#primaryimage\"},\"thumbnailUrl\":\"https:\/\/farmerrain.com\/wp-content\/uploads\/2026\/02\/DSC4817.jpg\",\"datePublished\":\"2026-02-21T14:48:41+00:00\",\"dateModified\":\"2026-03-24T14:12:19+00:00\",\"description\":\"This retro coat in unisex size comes with a practical hood with screen and a drawstring with metal bells. Front buttons and waistband are of the same\",\"breadcrumb\":{\"@id\":\"https:\/\/farmerrain.com\/en\/product\/shiny-retro-coat-kopia\/#breadcrumb\"},\"inLanguage\":\"en-US\",\"potentialAction\":[{\"@type\":\"ReadAction\",\"target\":[\"https:\/\/farmerrain.com\/en\/product\/shiny-retro-coat-kopia\/\"]}]},{\"@type\":\"ImageObject\",\"inLanguage\":\"en-US\",\"@id\":\"https:\/\/farmerrain.com\/en\/product\/shiny-retro-coat-kopia\/#primaryimage\",\"url\":\"https:\/\/farmerrain.com\/wp-content\/uploads\/2026\/02\/DSC4817.jpg\",\"contentUrl\":\"https:\/\/farmerrain.com\/wp-content\/uploads\/2026\/02\/DSC4817.jpg\",\"width\":5504,\"height\":8256,\"caption\":\"ASCII\"},{\"@type\":\"BreadcrumbList\",\"@id\":\"https:\/\/farmerrain.com\/en\/product\/shiny-retro-coat-kopia\/#breadcrumb\",\"itemListElement\":[{\"@type\":\"ListItem\",\"position\":1,\"name\":\"Shop\",\"item\":\"https:\/\/farmerrain.com\/en\/shop-2\/\"},{\"@type\":\"ListItem\",\"position\":2,\"name\":\"Retro Coat\"}]},{\"@type\":\"WebSite\",\"@id\":\"https:\/\/farmerrain.com\/#website\",\"url\":\"https:\/\/farmerrain.com\/\",\"name\":\"Farmerrain - H\u00e5llbara regnkl\u00e4der\",\"description\":\"Regnkl\u00e4der med fokus p\u00e5 h\u00e5llbarhet, funktionalitet och unik design.\",\"publisher\":{\"@id\":\"https:\/\/farmerrain.com\/#organization\"},\"potentialAction\":[{\"@type\":\"SearchAction\",\"target\":{\"@type\":\"EntryPoint\",\"urlTemplate\":\"https:\/\/farmerrain.com\/?s={search_term_string}\"},\"query-input\":{\"@type\":\"PropertyValueSpecification\",\"valueRequired\":true,\"valueName\":\"search_term_string\"}}],\"inLanguage\":\"en-US\"},{\"@type\":\"Organization\",\"@id\":\"https:\/\/farmerrain.com\/#organization\",\"name\":\"Farmerrain\",\"url\":\"https:\/\/farmerrain.com\/\",\"logo\":{\"@type\":\"ImageObject\",\"inLanguage\":\"en-US\",\"@id\":\"https:\/\/farmerrain.com\/#\/schema\/logo\/image\/\",\"url\":\"https:\/\/farmerrain.com\/wp-content\/uploads\/2023\/03\/fr_logo.png\",\"contentUrl\":\"https:\/\/farmerrain.com\/wp-content\/uploads\/2023\/03\/fr_logo.png\",\"width\":179,\"height\":23,\"caption\":\"Farmerrain\"},\"image\":{\"@id\":\"https:\/\/farmerrain.com\/#\/schema\/logo\/image\/\"},\"sameAs\":[\"https:\/\/www.facebook.com\/people\/Farmerrain\/100063463901438\/\"]}]}<\/script>\n<!-- \/ Yoast SEO plugin. -->","yoast_head_json":{"title":"Retro Coat | Farmerrain - H\u00e5llbara regnkl\u00e4der","description":"This retro coat in unisex size comes with a practical hood with screen and a drawstring with metal bells. Front buttons and waistband are of the same","robots":{"index":"index","follow":"follow","max-snippet":"max-snippet:-1","max-image-preview":"max-image-preview:large","max-video-preview":"max-video-preview:-1"},"canonical":"https:\/\/farmerrain.com\/en\/product\/shiny-retro-coat-kopia\/","og_locale":"en_US","og_type":"article","og_title":"Retro Coat | Farmerrain - H\u00e5llbara regnkl\u00e4der","og_description":"This retro coat in unisex size comes with a practical hood with screen and a drawstring with metal bells. Front buttons and waistband are of the same","og_url":"https:\/\/farmerrain.com\/en\/product\/shiny-retro-coat-kopia\/","og_site_name":"Farmerrain - H\u00e5llbara regnkl\u00e4der","article_publisher":"https:\/\/www.facebook.com\/people\/Farmerrain\/100063463901438\/","article_modified_time":"2026-03-24T14:12:19+00:00","og_image":[{"width":980,"height":1470,"url":"https:\/\/farmerrain.com\/wp-content\/uploads\/2026\/02\/DSC4817-980x1470.jpg","type":"image\/jpeg"}],"twitter_card":"summary_large_image","twitter_misc":{"Est. reading time":"1 minute"},"schema":{"@context":"https:\/\/schema.org","@graph":[{"@type":"WebPage","@id":"https:\/\/farmerrain.com\/en\/product\/shiny-retro-coat-kopia\/","url":"https:\/\/farmerrain.com\/en\/product\/shiny-retro-coat-kopia\/","name":"Retro Coat | Farmerrain - H\u00e5llbara regnkl\u00e4der","isPartOf":{"@id":"https:\/\/farmerrain.com\/#website"},"primaryImageOfPage":{"@id":"https:\/\/farmerrain.com\/en\/product\/shiny-retro-coat-kopia\/#primaryimage"},"image":{"@id":"https:\/\/farmerrain.com\/en\/product\/shiny-retro-coat-kopia\/#primaryimage"},"thumbnailUrl":"https:\/\/farmerrain.com\/wp-content\/uploads\/2026\/02\/DSC4817.jpg","datePublished":"2026-02-21T14:48:41+00:00","dateModified":"2026-03-24T14:12:19+00:00","description":"This retro coat in unisex size comes with a practical hood with screen and a drawstring with metal bells. Front buttons and waistband are of the same","breadcrumb":{"@id":"https:\/\/farmerrain.com\/en\/product\/shiny-retro-coat-kopia\/#breadcrumb"},"inLanguage":"en-US","potentialAction":[{"@type":"ReadAction","target":["https:\/\/farmerrain.com\/en\/product\/shiny-retro-coat-kopia\/"]}]},{"@type":"ImageObject","inLanguage":"en-US","@id":"https:\/\/farmerrain.com\/en\/product\/shiny-retro-coat-kopia\/#primaryimage","url":"https:\/\/farmerrain.com\/wp-content\/uploads\/2026\/02\/DSC4817.jpg","contentUrl":"https:\/\/farmerrain.com\/wp-content\/uploads\/2026\/02\/DSC4817.jpg","width":5504,"height":8256,"caption":"ASCII"},{"@type":"BreadcrumbList","@id":"https:\/\/farmerrain.com\/en\/product\/shiny-retro-coat-kopia\/#breadcrumb","itemListElement":[{"@type":"ListItem","position":1,"name":"Shop","item":"https:\/\/farmerrain.com\/en\/shop-2\/"},{"@type":"ListItem","position":2,"name":"Retro Coat"}]},{"@type":"WebSite","@id":"https:\/\/farmerrain.com\/#website","url":"https:\/\/farmerrain.com\/","name":"Farmerrain - H\u00e5llbara regnkl\u00e4der","description":"Regnkl\u00e4der med fokus p\u00e5 h\u00e5llbarhet, funktionalitet och unik design.","publisher":{"@id":"https:\/\/farmerrain.com\/#organization"},"potentialAction":[{"@type":"SearchAction","target":{"@type":"EntryPoint","urlTemplate":"https:\/\/farmerrain.com\/?s={search_term_string}"},"query-input":{"@type":"PropertyValueSpecification","valueRequired":true,"valueName":"search_term_string"}}],"inLanguage":"en-US"},{"@type":"Organization","@id":"https:\/\/farmerrain.com\/#organization","name":"Farmerrain","url":"https:\/\/farmerrain.com\/","logo":{"@type":"ImageObject","inLanguage":"en-US","@id":"https:\/\/farmerrain.com\/#\/schema\/logo\/image\/","url":"https:\/\/farmerrain.com\/wp-content\/uploads\/2023\/03\/fr_logo.png","contentUrl":"https:\/\/farmerrain.com\/wp-content\/uploads\/2023\/03\/fr_logo.png","width":179,"height":23,"caption":"Farmerrain"},"image":{"@id":"https:\/\/farmerrain.com\/#\/schema\/logo\/image\/"},"sameAs":["https:\/\/www.facebook.com\/people\/Farmerrain\/100063463901438\/"]}]}},"_links":{"self":[{"href":"https:\/\/farmerrain.com\/en\/wp-json\/wp\/v2\/product\/80659","targetHints":{"allow":["GET"]}}],"collection":[{"href":"https:\/\/farmerrain.com\/en\/wp-json\/wp\/v2\/product"}],"about":[{"href":"https:\/\/farmerrain.com\/en\/wp-json\/wp\/v2\/types\/product"}],"replies":[{"embeddable":true,"href":"https:\/\/farmerrain.com\/en\/wp-json\/wp\/v2\/comments?post=80659"}],"wp:featuredmedia":[{"embeddable":true,"href":"https:\/\/farmerrain.com\/en\/wp-json\/wp\/v2\/media\/80725"}],"wp:attachment":[{"href":"https:\/\/farmerrain.com\/en\/wp-json\/wp\/v2\/media?parent=80659"}],"wp:term":[{"taxonomy":"product_brand","embeddable":true,"href":"https:\/\/farmerrain.com\/en\/wp-json\/wp\/v2\/product_brand?post=80659"},{"taxonomy":"product_cat","embeddable":true,"href":"https:\/\/farmerrain.com\/en\/wp-json\/wp\/v2\/product_cat?post=80659"},{"taxonomy":"product_tag","embeddable":true,"href":"https:\/\/farmerrain.com\/en\/wp-json\/wp\/v2\/product_tag?post=80659"},{"taxonomy":"activity","embeddable":true,"href":"https:\/\/farmerrain.com\/en\/wp-json\/wp\/v2\/activity?post=80659"}],"curies":[{"name":"wp","href":"https:\/\/api.w.org\/{rel}","templated":true}]}}