{"id":80272,"date":"2026-02-01T19:54:44","date_gmt":"2026-02-01T18:54:44","guid":{"rendered":"https:\/\/farmerrain.com\/?post_type=product&#038;p=80272"},"modified":"2026-04-23T14:10:31","modified_gmt":"2026-04-23T12:10:31","slug":"ask-pinafore-pants","status":"publish","type":"product","link":"https:\/\/farmerrain.com\/en\/product\/ask-pinafore-pants\/","title":{"rendered":"Ask Pinafore Pants"},"content":{"rendered":"<p>Pinafore\u00a0 pants with adjustable elastic suspenders<\/p>\n<p>Front zip opening with inner storm flap<\/p>\n<p>Elastic in the back<\/p>\n<p>Elastic around the foot and elastic loop under the foot<\/p>\n<p>Black reinforcements on the knees and butt<\/p>\n<p>Reflex on the legs<\/p>\n<p>Material<\/p>\n<p>Bio+ 430 grams<\/p>\n<p>Water column &gt; 20,000 mm<\/p>\n","protected":false},"excerpt":{"rendered":"<p>Pinafore\u00a0 pants with adjustable elastic suspenders Front zip opening with inner storm flap Elastic in the back Elastic around the foot and elastic loop under the foot Black reinforcements on the knees and butt Reflex on the legs Material Bio+ 430 grams Water column &gt; 20,000 mm<\/p>\n","protected":false},"featured_media":80243,"comment_status":"open","ping_status":"closed","template":"","meta":{"_acf_changed":false},"product_brand":[],"product_cat":[1224,1219],"product_tag":[764],"activity":[1020,1034,976,997,1265,1030],"class_list":{"0":"post-80272","1":"product","2":"type-product","3":"status-publish","4":"has-post-thumbnail","6":"product_cat-bib-trousers-rainwear","7":"product_cat-rainwear","8":"product_tag-yrkesklader-en","9":"activity-bib-trousers-hiking-and-nature","10":"activity-bib-trousers-stable-and-country-life","11":"activity-bib-trousers-outdoor-work","12":"activity-hiking-nature","13":"activity-outdoor-work","14":"activity-stable-country-life","16":"first","17":"instock","18":"taxable","19":"shipping-taxable","20":"purchasable","21":"product-type-variable","22":"has-default-attributes","23":"rtwpvg-product","24":"rtwpvs-product"},"acf":[],"shsp-ext":{"main":{},"variations":[]},"yoast_head":"<!-- This site is optimized with the Yoast SEO plugin v27.2 - https:\/\/yoast.com\/product\/yoast-seo-wordpress\/ -->\n<title>Ask Pinafore Pants | Farmerrain - H\u00e5llbara regnkl\u00e4der<\/title>\n<meta name=\"description\" content=\"Pinafore\u00a0 pants with adjustable elastic suspenders Front zip opening with inner storm flap Elastic in the back Elastic around the foot and elastic loop\" \/>\n<meta name=\"robots\" content=\"index, follow, max-snippet:-1, max-image-preview:large, max-video-preview:-1\" \/>\n<link rel=\"canonical\" href=\"https:\/\/farmerrain.com\/en\/product\/ask-pinafore-pants\/\" \/>\n<meta property=\"og:locale\" content=\"en_US\" \/>\n<meta property=\"og:type\" content=\"article\" \/>\n<meta property=\"og:title\" content=\"Ask Pinafore Pants | Farmerrain - H\u00e5llbara regnkl\u00e4der\" \/>\n<meta property=\"og:description\" content=\"Pinafore\u00a0 pants with adjustable elastic suspenders Front zip opening with inner storm flap Elastic in the back Elastic around the foot and elastic loop\" \/>\n<meta property=\"og:url\" content=\"https:\/\/farmerrain.com\/en\/product\/ask-pinafore-pants\/\" \/>\n<meta property=\"og:site_name\" content=\"Farmerrain - H\u00e5llbara regnkl\u00e4der\" \/>\n<meta property=\"article:publisher\" content=\"https:\/\/www.facebook.com\/people\/Farmerrain\/100063463901438\/\" \/>\n<meta property=\"article:modified_time\" content=\"2026-04-23T12:10:31+00:00\" \/>\n<meta property=\"og:image\" content=\"https:\/\/farmerrain.com\/wp-content\/uploads\/2026\/02\/Karolina-14.jpg\" \/>\n\t<meta property=\"og:image:width\" content=\"1080\" \/>\n\t<meta property=\"og:image:height\" content=\"1350\" \/>\n\t<meta property=\"og:image:type\" content=\"image\/jpeg\" \/>\n<meta name=\"twitter:card\" content=\"summary_large_image\" \/>\n<meta name=\"twitter:label1\" content=\"Est. reading time\" \/>\n\t<meta name=\"twitter:data1\" content=\"1 minute\" \/>\n<script type=\"application\/ld+json\" class=\"yoast-schema-graph\">{\"@context\":\"https:\/\/schema.org\",\"@graph\":[{\"@type\":\"WebPage\",\"@id\":\"https:\/\/farmerrain.com\/en\/product\/ask-pinafore-pants\/\",\"url\":\"https:\/\/farmerrain.com\/en\/product\/ask-pinafore-pants\/\",\"name\":\"Ask Pinafore Pants | Farmerrain - H\u00e5llbara regnkl\u00e4der\",\"isPartOf\":{\"@id\":\"https:\/\/farmerrain.com\/#website\"},\"primaryImageOfPage\":{\"@id\":\"https:\/\/farmerrain.com\/en\/product\/ask-pinafore-pants\/#primaryimage\"},\"image\":{\"@id\":\"https:\/\/farmerrain.com\/en\/product\/ask-pinafore-pants\/#primaryimage\"},\"thumbnailUrl\":\"https:\/\/farmerrain.com\/wp-content\/uploads\/2026\/02\/Karolina-14.jpg\",\"datePublished\":\"2026-02-01T18:54:44+00:00\",\"dateModified\":\"2026-04-23T12:10:31+00:00\",\"description\":\"Pinafore\u00a0 pants with adjustable elastic suspenders Front zip opening with inner storm flap Elastic in the back Elastic around the foot and elastic loop\",\"breadcrumb\":{\"@id\":\"https:\/\/farmerrain.com\/en\/product\/ask-pinafore-pants\/#breadcrumb\"},\"inLanguage\":\"en-US\",\"potentialAction\":[{\"@type\":\"ReadAction\",\"target\":[\"https:\/\/farmerrain.com\/en\/product\/ask-pinafore-pants\/\"]}]},{\"@type\":\"ImageObject\",\"inLanguage\":\"en-US\",\"@id\":\"https:\/\/farmerrain.com\/en\/product\/ask-pinafore-pants\/#primaryimage\",\"url\":\"https:\/\/farmerrain.com\/wp-content\/uploads\/2026\/02\/Karolina-14.jpg\",\"contentUrl\":\"https:\/\/farmerrain.com\/wp-content\/uploads\/2026\/02\/Karolina-14.jpg\",\"width\":1080,\"height\":1350},{\"@type\":\"BreadcrumbList\",\"@id\":\"https:\/\/farmerrain.com\/en\/product\/ask-pinafore-pants\/#breadcrumb\",\"itemListElement\":[{\"@type\":\"ListItem\",\"position\":1,\"name\":\"Shop\",\"item\":\"https:\/\/farmerrain.com\/en\/shop-2\/\"},{\"@type\":\"ListItem\",\"position\":2,\"name\":\"Ask Pinafore Pants\"}]},{\"@type\":\"WebSite\",\"@id\":\"https:\/\/farmerrain.com\/#website\",\"url\":\"https:\/\/farmerrain.com\/\",\"name\":\"Farmerrain - H\u00e5llbara regnkl\u00e4der\",\"description\":\"Regnkl\u00e4der med fokus p\u00e5 h\u00e5llbarhet, funktionalitet och unik design.\",\"publisher\":{\"@id\":\"https:\/\/farmerrain.com\/#organization\"},\"potentialAction\":[{\"@type\":\"SearchAction\",\"target\":{\"@type\":\"EntryPoint\",\"urlTemplate\":\"https:\/\/farmerrain.com\/?s={search_term_string}\"},\"query-input\":{\"@type\":\"PropertyValueSpecification\",\"valueRequired\":true,\"valueName\":\"search_term_string\"}}],\"inLanguage\":\"en-US\"},{\"@type\":\"Organization\",\"@id\":\"https:\/\/farmerrain.com\/#organization\",\"name\":\"Farmerrain\",\"url\":\"https:\/\/farmerrain.com\/\",\"logo\":{\"@type\":\"ImageObject\",\"inLanguage\":\"en-US\",\"@id\":\"https:\/\/farmerrain.com\/#\/schema\/logo\/image\/\",\"url\":\"https:\/\/farmerrain.com\/wp-content\/uploads\/2023\/03\/fr_logo.png\",\"contentUrl\":\"https:\/\/farmerrain.com\/wp-content\/uploads\/2023\/03\/fr_logo.png\",\"width\":179,\"height\":23,\"caption\":\"Farmerrain\"},\"image\":{\"@id\":\"https:\/\/farmerrain.com\/#\/schema\/logo\/image\/\"},\"sameAs\":[\"https:\/\/www.facebook.com\/people\/Farmerrain\/100063463901438\/\"]}]}<\/script>\n<!-- \/ Yoast SEO plugin. -->","yoast_head_json":{"title":"Ask Pinafore Pants | Farmerrain - H\u00e5llbara regnkl\u00e4der","description":"Pinafore\u00a0 pants with adjustable elastic suspenders Front zip opening with inner storm flap Elastic in the back Elastic around the foot and elastic loop","robots":{"index":"index","follow":"follow","max-snippet":"max-snippet:-1","max-image-preview":"max-image-preview:large","max-video-preview":"max-video-preview:-1"},"canonical":"https:\/\/farmerrain.com\/en\/product\/ask-pinafore-pants\/","og_locale":"en_US","og_type":"article","og_title":"Ask Pinafore Pants | Farmerrain - H\u00e5llbara regnkl\u00e4der","og_description":"Pinafore\u00a0 pants with adjustable elastic suspenders Front zip opening with inner storm flap Elastic in the back Elastic around the foot and elastic loop","og_url":"https:\/\/farmerrain.com\/en\/product\/ask-pinafore-pants\/","og_site_name":"Farmerrain - H\u00e5llbara regnkl\u00e4der","article_publisher":"https:\/\/www.facebook.com\/people\/Farmerrain\/100063463901438\/","article_modified_time":"2026-04-23T12:10:31+00:00","og_image":[{"width":1080,"height":1350,"url":"https:\/\/farmerrain.com\/wp-content\/uploads\/2026\/02\/Karolina-14.jpg","type":"image\/jpeg"}],"twitter_card":"summary_large_image","twitter_misc":{"Est. reading time":"1 minute"},"schema":{"@context":"https:\/\/schema.org","@graph":[{"@type":"WebPage","@id":"https:\/\/farmerrain.com\/en\/product\/ask-pinafore-pants\/","url":"https:\/\/farmerrain.com\/en\/product\/ask-pinafore-pants\/","name":"Ask Pinafore Pants | Farmerrain - H\u00e5llbara regnkl\u00e4der","isPartOf":{"@id":"https:\/\/farmerrain.com\/#website"},"primaryImageOfPage":{"@id":"https:\/\/farmerrain.com\/en\/product\/ask-pinafore-pants\/#primaryimage"},"image":{"@id":"https:\/\/farmerrain.com\/en\/product\/ask-pinafore-pants\/#primaryimage"},"thumbnailUrl":"https:\/\/farmerrain.com\/wp-content\/uploads\/2026\/02\/Karolina-14.jpg","datePublished":"2026-02-01T18:54:44+00:00","dateModified":"2026-04-23T12:10:31+00:00","description":"Pinafore\u00a0 pants with adjustable elastic suspenders Front zip opening with inner storm flap Elastic in the back Elastic around the foot and elastic loop","breadcrumb":{"@id":"https:\/\/farmerrain.com\/en\/product\/ask-pinafore-pants\/#breadcrumb"},"inLanguage":"en-US","potentialAction":[{"@type":"ReadAction","target":["https:\/\/farmerrain.com\/en\/product\/ask-pinafore-pants\/"]}]},{"@type":"ImageObject","inLanguage":"en-US","@id":"https:\/\/farmerrain.com\/en\/product\/ask-pinafore-pants\/#primaryimage","url":"https:\/\/farmerrain.com\/wp-content\/uploads\/2026\/02\/Karolina-14.jpg","contentUrl":"https:\/\/farmerrain.com\/wp-content\/uploads\/2026\/02\/Karolina-14.jpg","width":1080,"height":1350},{"@type":"BreadcrumbList","@id":"https:\/\/farmerrain.com\/en\/product\/ask-pinafore-pants\/#breadcrumb","itemListElement":[{"@type":"ListItem","position":1,"name":"Shop","item":"https:\/\/farmerrain.com\/en\/shop-2\/"},{"@type":"ListItem","position":2,"name":"Ask Pinafore Pants"}]},{"@type":"WebSite","@id":"https:\/\/farmerrain.com\/#website","url":"https:\/\/farmerrain.com\/","name":"Farmerrain - H\u00e5llbara regnkl\u00e4der","description":"Regnkl\u00e4der med fokus p\u00e5 h\u00e5llbarhet, funktionalitet och unik design.","publisher":{"@id":"https:\/\/farmerrain.com\/#organization"},"potentialAction":[{"@type":"SearchAction","target":{"@type":"EntryPoint","urlTemplate":"https:\/\/farmerrain.com\/?s={search_term_string}"},"query-input":{"@type":"PropertyValueSpecification","valueRequired":true,"valueName":"search_term_string"}}],"inLanguage":"en-US"},{"@type":"Organization","@id":"https:\/\/farmerrain.com\/#organization","name":"Farmerrain","url":"https:\/\/farmerrain.com\/","logo":{"@type":"ImageObject","inLanguage":"en-US","@id":"https:\/\/farmerrain.com\/#\/schema\/logo\/image\/","url":"https:\/\/farmerrain.com\/wp-content\/uploads\/2023\/03\/fr_logo.png","contentUrl":"https:\/\/farmerrain.com\/wp-content\/uploads\/2023\/03\/fr_logo.png","width":179,"height":23,"caption":"Farmerrain"},"image":{"@id":"https:\/\/farmerrain.com\/#\/schema\/logo\/image\/"},"sameAs":["https:\/\/www.facebook.com\/people\/Farmerrain\/100063463901438\/"]}]}},"_links":{"self":[{"href":"https:\/\/farmerrain.com\/en\/wp-json\/wp\/v2\/product\/80272","targetHints":{"allow":["GET"]}}],"collection":[{"href":"https:\/\/farmerrain.com\/en\/wp-json\/wp\/v2\/product"}],"about":[{"href":"https:\/\/farmerrain.com\/en\/wp-json\/wp\/v2\/types\/product"}],"replies":[{"embeddable":true,"href":"https:\/\/farmerrain.com\/en\/wp-json\/wp\/v2\/comments?post=80272"}],"wp:featuredmedia":[{"embeddable":true,"href":"https:\/\/farmerrain.com\/en\/wp-json\/wp\/v2\/media\/80243"}],"wp:attachment":[{"href":"https:\/\/farmerrain.com\/en\/wp-json\/wp\/v2\/media?parent=80272"}],"wp:term":[{"taxonomy":"product_brand","embeddable":true,"href":"https:\/\/farmerrain.com\/en\/wp-json\/wp\/v2\/product_brand?post=80272"},{"taxonomy":"product_cat","embeddable":true,"href":"https:\/\/farmerrain.com\/en\/wp-json\/wp\/v2\/product_cat?post=80272"},{"taxonomy":"product_tag","embeddable":true,"href":"https:\/\/farmerrain.com\/en\/wp-json\/wp\/v2\/product_tag?post=80272"},{"taxonomy":"activity","embeddable":true,"href":"https:\/\/farmerrain.com\/en\/wp-json\/wp\/v2\/activity?post=80272"}],"curies":[{"name":"wp","href":"https:\/\/api.w.org\/{rel}","templated":true}]}}