{"id":80205,"date":"2026-02-01T19:37:43","date_gmt":"2026-02-01T18:37:43","guid":{"rendered":"https:\/\/farmerrain.com\/?post_type=product&#038;p=80205"},"modified":"2026-04-15T16:01:41","modified_gmt":"2026-04-15T14:01:41","slug":"ask-jacket","status":"publish","type":"product","link":"https:\/\/farmerrain.com\/en\/product\/ask-jacket\/","title":{"rendered":"Ask Jacket"},"content":{"rendered":"<p>Sailing jacket with elastic at the sleeve ends and on the lower part of the jacket.<\/p>\n<p>Two large pockets with flaps at the front.<\/p>\n<p>Hood with drawstrings<\/p>\n<p>Raglan sleeves for best mobility<\/p>\n<p>Double-breasted with a lock function that keeps the moisture out.<\/p>\n<p>Drawstring at the bottom for individual adjustment.<\/p>\n<p>Reflective on the sleeve and lower part of the jacket.<\/p>\n<p>Material<\/p>\n<p>Bio+ 430 grams<\/p>\n<p>Water column &gt; 20,000 mm<\/p>\n","protected":false},"excerpt":{"rendered":"<p>Sailing jacket with elastic at the sleeve ends and on the lower part of the jacket. Two large pockets with flaps at the front. Hood with drawstrings Raglan sleeves for best mobility Double-breasted with a lock function that keeps the moisture out. Drawstring at the bottom for individual adjustment. Reflective on the sleeve and lower [&hellip;]<\/p>\n","protected":false},"featured_media":80181,"comment_status":"open","ping_status":"closed","template":"","meta":{"_acf_changed":false},"product_brand":[],"product_cat":[1220,1219],"product_tag":[764],"activity":[997,1265,1038,980,1005,1030],"class_list":{"0":"post-80205","1":"product","2":"type-product","3":"status-publish","4":"has-post-thumbnail","6":"product_cat-rain-jackets-rainwear","7":"product_cat-rainwear","8":"product_tag-yrkesklader-en","9":"activity-hiking-nature","10":"activity-outdoor-work","11":"activity-rain-jackets-stable-and-country-life","12":"activity-rain-jackets-outdoor-work","13":"activity-rain-jackets-hiking-and-nature","14":"activity-stable-country-life","16":"first","17":"instock","18":"taxable","19":"shipping-taxable","20":"purchasable","21":"product-type-variable","22":"has-default-attributes","23":"rtwpvg-product","24":"rtwpvs-product"},"acf":[],"shsp-ext":{"main":{},"variations":[]},"yoast_head":"<!-- This site is optimized with the Yoast SEO plugin v27.2 - https:\/\/yoast.com\/product\/yoast-seo-wordpress\/ -->\n<title>Ask Jacket | Farmerrain - H\u00e5llbara regnkl\u00e4der<\/title>\n<meta name=\"description\" content=\"Sailing jacket with elastic at the sleeve ends and on the lower part of the jacket. Two large pockets with flaps at the front. Hood with drawstrings\" \/>\n<meta name=\"robots\" content=\"index, follow, max-snippet:-1, max-image-preview:large, max-video-preview:-1\" \/>\n<link rel=\"canonical\" href=\"https:\/\/farmerrain.com\/produkt\/ask-seglarjacka\/\" \/>\n<meta property=\"og:locale\" content=\"en_US\" \/>\n<meta property=\"og:type\" content=\"article\" \/>\n<meta property=\"og:title\" content=\"Ask Jacket | Farmerrain - H\u00e5llbara regnkl\u00e4der\" \/>\n<meta property=\"og:description\" content=\"Sailing jacket with elastic at the sleeve ends and on the lower part of the jacket. Two large pockets with flaps at the front. Hood with drawstrings\" \/>\n<meta property=\"og:url\" content=\"https:\/\/farmerrain.com\/produkt\/ask-seglarjacka\/\" \/>\n<meta property=\"og:site_name\" content=\"Farmerrain - H\u00e5llbara regnkl\u00e4der\" \/>\n<meta property=\"article:publisher\" content=\"https:\/\/www.facebook.com\/people\/Farmerrain\/100063463901438\/\" \/>\n<meta property=\"article:modified_time\" content=\"2026-04-15T14:01:41+00:00\" \/>\n<meta property=\"og:image\" content=\"https:\/\/farmerrain.com\/wp-content\/uploads\/2026\/02\/Karolina-11.jpg\" \/>\n\t<meta property=\"og:image:width\" content=\"1080\" \/>\n\t<meta property=\"og:image:height\" content=\"1350\" \/>\n\t<meta property=\"og:image:type\" content=\"image\/jpeg\" \/>\n<meta name=\"twitter:card\" content=\"summary_large_image\" \/>\n<meta name=\"twitter:label1\" content=\"Est. reading time\" \/>\n\t<meta name=\"twitter:data1\" content=\"1 minute\" \/>\n<script type=\"application\/ld+json\" class=\"yoast-schema-graph\">{\"@context\":\"https:\/\/schema.org\",\"@graph\":[{\"@type\":\"WebPage\",\"@id\":\"https:\/\/farmerrain.com\/produkt\/ask-seglarjacka\/\",\"url\":\"https:\/\/farmerrain.com\/produkt\/ask-seglarjacka\/\",\"name\":\"Ask Jacket | Farmerrain - H\u00e5llbara regnkl\u00e4der\",\"isPartOf\":{\"@id\":\"https:\/\/farmerrain.com\/#website\"},\"primaryImageOfPage\":{\"@id\":\"https:\/\/farmerrain.com\/produkt\/ask-seglarjacka\/#primaryimage\"},\"image\":{\"@id\":\"https:\/\/farmerrain.com\/produkt\/ask-seglarjacka\/#primaryimage\"},\"thumbnailUrl\":\"https:\/\/farmerrain.com\/wp-content\/uploads\/2026\/02\/Karolina-11.jpg\",\"datePublished\":\"2026-02-01T18:37:43+00:00\",\"dateModified\":\"2026-04-15T14:01:41+00:00\",\"description\":\"Sailing jacket with elastic at the sleeve ends and on the lower part of the jacket. Two large pockets with flaps at the front. Hood with drawstrings\",\"breadcrumb\":{\"@id\":\"https:\/\/farmerrain.com\/produkt\/ask-seglarjacka\/#breadcrumb\"},\"inLanguage\":\"en-US\",\"potentialAction\":[{\"@type\":\"ReadAction\",\"target\":[\"https:\/\/farmerrain.com\/produkt\/ask-seglarjacka\/\"]}]},{\"@type\":\"ImageObject\",\"inLanguage\":\"en-US\",\"@id\":\"https:\/\/farmerrain.com\/produkt\/ask-seglarjacka\/#primaryimage\",\"url\":\"https:\/\/farmerrain.com\/wp-content\/uploads\/2026\/02\/Karolina-11.jpg\",\"contentUrl\":\"https:\/\/farmerrain.com\/wp-content\/uploads\/2026\/02\/Karolina-11.jpg\",\"width\":1080,\"height\":1350},{\"@type\":\"BreadcrumbList\",\"@id\":\"https:\/\/farmerrain.com\/produkt\/ask-seglarjacka\/#breadcrumb\",\"itemListElement\":[{\"@type\":\"ListItem\",\"position\":1,\"name\":\"Shop\",\"item\":\"https:\/\/farmerrain.com\/en\/shop-2\/\"},{\"@type\":\"ListItem\",\"position\":2,\"name\":\"Ask Jacket\"}]},{\"@type\":\"WebSite\",\"@id\":\"https:\/\/farmerrain.com\/#website\",\"url\":\"https:\/\/farmerrain.com\/\",\"name\":\"Farmerrain - H\u00e5llbara regnkl\u00e4der\",\"description\":\"Regnkl\u00e4der med fokus p\u00e5 h\u00e5llbarhet, funktionalitet och unik design.\",\"publisher\":{\"@id\":\"https:\/\/farmerrain.com\/#organization\"},\"potentialAction\":[{\"@type\":\"SearchAction\",\"target\":{\"@type\":\"EntryPoint\",\"urlTemplate\":\"https:\/\/farmerrain.com\/?s={search_term_string}\"},\"query-input\":{\"@type\":\"PropertyValueSpecification\",\"valueRequired\":true,\"valueName\":\"search_term_string\"}}],\"inLanguage\":\"en-US\"},{\"@type\":\"Organization\",\"@id\":\"https:\/\/farmerrain.com\/#organization\",\"name\":\"Farmerrain\",\"url\":\"https:\/\/farmerrain.com\/\",\"logo\":{\"@type\":\"ImageObject\",\"inLanguage\":\"en-US\",\"@id\":\"https:\/\/farmerrain.com\/#\/schema\/logo\/image\/\",\"url\":\"https:\/\/farmerrain.com\/wp-content\/uploads\/2023\/03\/fr_logo.png\",\"contentUrl\":\"https:\/\/farmerrain.com\/wp-content\/uploads\/2023\/03\/fr_logo.png\",\"width\":179,\"height\":23,\"caption\":\"Farmerrain\"},\"image\":{\"@id\":\"https:\/\/farmerrain.com\/#\/schema\/logo\/image\/\"},\"sameAs\":[\"https:\/\/www.facebook.com\/people\/Farmerrain\/100063463901438\/\"]}]}<\/script>\n<!-- \/ Yoast SEO plugin. -->","yoast_head_json":{"title":"Ask Jacket | Farmerrain - H\u00e5llbara regnkl\u00e4der","description":"Sailing jacket with elastic at the sleeve ends and on the lower part of the jacket. Two large pockets with flaps at the front. Hood with drawstrings","robots":{"index":"index","follow":"follow","max-snippet":"max-snippet:-1","max-image-preview":"max-image-preview:large","max-video-preview":"max-video-preview:-1"},"canonical":"https:\/\/farmerrain.com\/produkt\/ask-seglarjacka\/","og_locale":"en_US","og_type":"article","og_title":"Ask Jacket | Farmerrain - H\u00e5llbara regnkl\u00e4der","og_description":"Sailing jacket with elastic at the sleeve ends and on the lower part of the jacket. Two large pockets with flaps at the front. Hood with drawstrings","og_url":"https:\/\/farmerrain.com\/produkt\/ask-seglarjacka\/","og_site_name":"Farmerrain - H\u00e5llbara regnkl\u00e4der","article_publisher":"https:\/\/www.facebook.com\/people\/Farmerrain\/100063463901438\/","article_modified_time":"2026-04-15T14:01:41+00:00","og_image":[{"width":1080,"height":1350,"url":"https:\/\/farmerrain.com\/wp-content\/uploads\/2026\/02\/Karolina-11.jpg","type":"image\/jpeg"}],"twitter_card":"summary_large_image","twitter_misc":{"Est. reading time":"1 minute"},"schema":{"@context":"https:\/\/schema.org","@graph":[{"@type":"WebPage","@id":"https:\/\/farmerrain.com\/produkt\/ask-seglarjacka\/","url":"https:\/\/farmerrain.com\/produkt\/ask-seglarjacka\/","name":"Ask Jacket | Farmerrain - H\u00e5llbara regnkl\u00e4der","isPartOf":{"@id":"https:\/\/farmerrain.com\/#website"},"primaryImageOfPage":{"@id":"https:\/\/farmerrain.com\/produkt\/ask-seglarjacka\/#primaryimage"},"image":{"@id":"https:\/\/farmerrain.com\/produkt\/ask-seglarjacka\/#primaryimage"},"thumbnailUrl":"https:\/\/farmerrain.com\/wp-content\/uploads\/2026\/02\/Karolina-11.jpg","datePublished":"2026-02-01T18:37:43+00:00","dateModified":"2026-04-15T14:01:41+00:00","description":"Sailing jacket with elastic at the sleeve ends and on the lower part of the jacket. Two large pockets with flaps at the front. Hood with drawstrings","breadcrumb":{"@id":"https:\/\/farmerrain.com\/produkt\/ask-seglarjacka\/#breadcrumb"},"inLanguage":"en-US","potentialAction":[{"@type":"ReadAction","target":["https:\/\/farmerrain.com\/produkt\/ask-seglarjacka\/"]}]},{"@type":"ImageObject","inLanguage":"en-US","@id":"https:\/\/farmerrain.com\/produkt\/ask-seglarjacka\/#primaryimage","url":"https:\/\/farmerrain.com\/wp-content\/uploads\/2026\/02\/Karolina-11.jpg","contentUrl":"https:\/\/farmerrain.com\/wp-content\/uploads\/2026\/02\/Karolina-11.jpg","width":1080,"height":1350},{"@type":"BreadcrumbList","@id":"https:\/\/farmerrain.com\/produkt\/ask-seglarjacka\/#breadcrumb","itemListElement":[{"@type":"ListItem","position":1,"name":"Shop","item":"https:\/\/farmerrain.com\/en\/shop-2\/"},{"@type":"ListItem","position":2,"name":"Ask Jacket"}]},{"@type":"WebSite","@id":"https:\/\/farmerrain.com\/#website","url":"https:\/\/farmerrain.com\/","name":"Farmerrain - H\u00e5llbara regnkl\u00e4der","description":"Regnkl\u00e4der med fokus p\u00e5 h\u00e5llbarhet, funktionalitet och unik design.","publisher":{"@id":"https:\/\/farmerrain.com\/#organization"},"potentialAction":[{"@type":"SearchAction","target":{"@type":"EntryPoint","urlTemplate":"https:\/\/farmerrain.com\/?s={search_term_string}"},"query-input":{"@type":"PropertyValueSpecification","valueRequired":true,"valueName":"search_term_string"}}],"inLanguage":"en-US"},{"@type":"Organization","@id":"https:\/\/farmerrain.com\/#organization","name":"Farmerrain","url":"https:\/\/farmerrain.com\/","logo":{"@type":"ImageObject","inLanguage":"en-US","@id":"https:\/\/farmerrain.com\/#\/schema\/logo\/image\/","url":"https:\/\/farmerrain.com\/wp-content\/uploads\/2023\/03\/fr_logo.png","contentUrl":"https:\/\/farmerrain.com\/wp-content\/uploads\/2023\/03\/fr_logo.png","width":179,"height":23,"caption":"Farmerrain"},"image":{"@id":"https:\/\/farmerrain.com\/#\/schema\/logo\/image\/"},"sameAs":["https:\/\/www.facebook.com\/people\/Farmerrain\/100063463901438\/"]}]}},"_links":{"self":[{"href":"https:\/\/farmerrain.com\/en\/wp-json\/wp\/v2\/product\/80205","targetHints":{"allow":["GET"]}}],"collection":[{"href":"https:\/\/farmerrain.com\/en\/wp-json\/wp\/v2\/product"}],"about":[{"href":"https:\/\/farmerrain.com\/en\/wp-json\/wp\/v2\/types\/product"}],"replies":[{"embeddable":true,"href":"https:\/\/farmerrain.com\/en\/wp-json\/wp\/v2\/comments?post=80205"}],"wp:featuredmedia":[{"embeddable":true,"href":"https:\/\/farmerrain.com\/en\/wp-json\/wp\/v2\/media\/80181"}],"wp:attachment":[{"href":"https:\/\/farmerrain.com\/en\/wp-json\/wp\/v2\/media?parent=80205"}],"wp:term":[{"taxonomy":"product_brand","embeddable":true,"href":"https:\/\/farmerrain.com\/en\/wp-json\/wp\/v2\/product_brand?post=80205"},{"taxonomy":"product_cat","embeddable":true,"href":"https:\/\/farmerrain.com\/en\/wp-json\/wp\/v2\/product_cat?post=80205"},{"taxonomy":"product_tag","embeddable":true,"href":"https:\/\/farmerrain.com\/en\/wp-json\/wp\/v2\/product_tag?post=80205"},{"taxonomy":"activity","embeddable":true,"href":"https:\/\/farmerrain.com\/en\/wp-json\/wp\/v2\/activity?post=80205"}],"curies":[{"name":"wp","href":"https:\/\/api.w.org\/{rel}","templated":true}]}}