{"id":76260,"date":"2025-11-27T22:59:48","date_gmt":"2025-11-27T21:59:48","guid":{"rendered":"https:\/\/farmerrain.com\/?post_type=product&#038;p=76260"},"modified":"2026-04-15T21:20:36","modified_gmt":"2026-04-15T19:20:36","slug":"atlas-set-jacket-pants-shiny-red","status":"publish","type":"product","link":"https:\/\/farmerrain.com\/en\/product\/atlas-set-jacket-pants-shiny-red\/","title":{"rendered":"Atlas Set Jacket + Pants Shiny red"},"content":{"rendered":"<p>This classic rain jacket is a unisex model with a straight fit. It is double breasted with lock functionality, which keeps the moisture out, and Raglan sleeves for best mobility, with elastic cuffs. The hood has a screen and can be adjusted with a drawstring. It is lined with Manchester fabric and has two large front pockets with flaps. There is a drawstring at the bottom for individual adjustment.<\/p>\n<hr \/>\n<p>These unisex waist pants have a shoulder strap with push buttons for easy adjustment.<\/p>\n<p>Waist elastic at the back for a good fit and elastic at the ankle and also at the foot.<\/p>\n<p>Welded seams.<\/p>\n<p><strong>MATERIAL<\/strong><br \/>\nAtlas Shiny red\u00a0 400 gramm<\/p>\n<p>Water column &gt; 20000 mm<\/p>\n","protected":false},"excerpt":{"rendered":"<p>This classic rain jacket is a unisex model with a straight fit. It is double breasted with lock functionality, which keeps the moisture out, and Raglan sleeves for best mobility, with elastic cuffs. The hood has a screen and can be adjusted with a drawstring. It is lined with Manchester fabric and has two large [&hellip;]<\/p>\n","protected":false},"featured_media":76254,"comment_status":"open","ping_status":"closed","template":"","meta":{"_acf_changed":false},"product_brand":[],"product_cat":[1220,1223,1219],"product_tag":[764],"activity":[997,1005,1004],"class_list":{"0":"post-76260","1":"product","2":"type-product","3":"status-publish","4":"has-post-thumbnail","6":"product_cat-rain-jackets-rainwear","7":"product_cat-rain-trousers-rainwear","8":"product_cat-rainwear","9":"product_tag-yrkesklader-en","10":"activity-hiking-nature","11":"activity-rain-jackets-hiking-and-nature","12":"activity-rain-trousers-hiking-and-nature","14":"first","15":"instock","16":"taxable","17":"shipping-taxable","18":"purchasable","19":"product-type-variable","20":"has-default-attributes","21":"rtwpvg-product","22":"rtwpvs-product"},"acf":[],"shsp-ext":{"main":{},"variations":[]},"yoast_head":"<!-- This site is optimized with the Yoast SEO plugin v27.2 - https:\/\/yoast.com\/product\/yoast-seo-wordpress\/ -->\n<title>Atlas Set Jacket + Pants Shiny red | Farmerrain - H\u00e5llbara regnkl\u00e4der<\/title>\n<meta name=\"description\" content=\"This classic rain jacket is a unisex model with a straight fit. It is double breasted with lock functionality, which keeps the moisture out, and Raglan\" \/>\n<meta name=\"robots\" content=\"index, follow, max-snippet:-1, max-image-preview:large, max-video-preview:-1\" \/>\n<link rel=\"canonical\" href=\"https:\/\/farmerrain.com\/en\/product\/atlas-set-jacket-pants-shiny-red\/\" \/>\n<meta property=\"og:locale\" content=\"en_US\" \/>\n<meta property=\"og:type\" content=\"article\" \/>\n<meta property=\"og:title\" content=\"Atlas Set Jacket + Pants Shiny red | Farmerrain - H\u00e5llbara regnkl\u00e4der\" \/>\n<meta property=\"og:description\" content=\"This classic rain jacket is a unisex model with a straight fit. It is double breasted with lock functionality, which keeps the moisture out, and Raglan\" \/>\n<meta property=\"og:url\" content=\"https:\/\/farmerrain.com\/en\/product\/atlas-set-jacket-pants-shiny-red\/\" \/>\n<meta property=\"og:site_name\" content=\"Farmerrain - H\u00e5llbara regnkl\u00e4der\" \/>\n<meta property=\"article:publisher\" content=\"https:\/\/www.facebook.com\/people\/Farmerrain\/100063463901438\/\" \/>\n<meta property=\"article:modified_time\" content=\"2026-04-15T19:20:36+00:00\" \/>\n<meta property=\"og:image\" content=\"https:\/\/farmerrain.com\/wp-content\/uploads\/2025\/11\/Elin.jpg\" \/>\n\t<meta property=\"og:image:width\" content=\"1080\" \/>\n\t<meta property=\"og:image:height\" content=\"1350\" \/>\n\t<meta property=\"og:image:type\" content=\"image\/jpeg\" \/>\n<meta name=\"twitter:card\" content=\"summary_large_image\" \/>\n<meta name=\"twitter:label1\" content=\"Est. reading time\" \/>\n\t<meta name=\"twitter:data1\" content=\"1 minute\" \/>\n<script type=\"application\/ld+json\" class=\"yoast-schema-graph\">{\"@context\":\"https:\/\/schema.org\",\"@graph\":[{\"@type\":\"WebPage\",\"@id\":\"https:\/\/farmerrain.com\/en\/product\/atlas-set-jacket-pants-shiny-red\/\",\"url\":\"https:\/\/farmerrain.com\/en\/product\/atlas-set-jacket-pants-shiny-red\/\",\"name\":\"Atlas Set Jacket + Pants Shiny red | Farmerrain - H\u00e5llbara regnkl\u00e4der\",\"isPartOf\":{\"@id\":\"https:\/\/farmerrain.com\/#website\"},\"primaryImageOfPage\":{\"@id\":\"https:\/\/farmerrain.com\/en\/product\/atlas-set-jacket-pants-shiny-red\/#primaryimage\"},\"image\":{\"@id\":\"https:\/\/farmerrain.com\/en\/product\/atlas-set-jacket-pants-shiny-red\/#primaryimage\"},\"thumbnailUrl\":\"https:\/\/farmerrain.com\/wp-content\/uploads\/2025\/11\/Elin.jpg\",\"datePublished\":\"2025-11-27T21:59:48+00:00\",\"dateModified\":\"2026-04-15T19:20:36+00:00\",\"description\":\"This classic rain jacket is a unisex model with a straight fit. It is double breasted with lock functionality, which keeps the moisture out, and Raglan\",\"breadcrumb\":{\"@id\":\"https:\/\/farmerrain.com\/en\/product\/atlas-set-jacket-pants-shiny-red\/#breadcrumb\"},\"inLanguage\":\"en-US\",\"potentialAction\":[{\"@type\":\"ReadAction\",\"target\":[\"https:\/\/farmerrain.com\/en\/product\/atlas-set-jacket-pants-shiny-red\/\"]}]},{\"@type\":\"ImageObject\",\"inLanguage\":\"en-US\",\"@id\":\"https:\/\/farmerrain.com\/en\/product\/atlas-set-jacket-pants-shiny-red\/#primaryimage\",\"url\":\"https:\/\/farmerrain.com\/wp-content\/uploads\/2025\/11\/Elin.jpg\",\"contentUrl\":\"https:\/\/farmerrain.com\/wp-content\/uploads\/2025\/11\/Elin.jpg\",\"width\":1080,\"height\":1350},{\"@type\":\"BreadcrumbList\",\"@id\":\"https:\/\/farmerrain.com\/en\/product\/atlas-set-jacket-pants-shiny-red\/#breadcrumb\",\"itemListElement\":[{\"@type\":\"ListItem\",\"position\":1,\"name\":\"Shop\",\"item\":\"https:\/\/farmerrain.com\/en\/shop-2\/\"},{\"@type\":\"ListItem\",\"position\":2,\"name\":\"Atlas Set Jacket + Pants Shiny red\"}]},{\"@type\":\"WebSite\",\"@id\":\"https:\/\/farmerrain.com\/#website\",\"url\":\"https:\/\/farmerrain.com\/\",\"name\":\"Farmerrain - H\u00e5llbara regnkl\u00e4der\",\"description\":\"Regnkl\u00e4der med fokus p\u00e5 h\u00e5llbarhet, funktionalitet och unik design.\",\"publisher\":{\"@id\":\"https:\/\/farmerrain.com\/#organization\"},\"potentialAction\":[{\"@type\":\"SearchAction\",\"target\":{\"@type\":\"EntryPoint\",\"urlTemplate\":\"https:\/\/farmerrain.com\/?s={search_term_string}\"},\"query-input\":{\"@type\":\"PropertyValueSpecification\",\"valueRequired\":true,\"valueName\":\"search_term_string\"}}],\"inLanguage\":\"en-US\"},{\"@type\":\"Organization\",\"@id\":\"https:\/\/farmerrain.com\/#organization\",\"name\":\"Farmerrain\",\"url\":\"https:\/\/farmerrain.com\/\",\"logo\":{\"@type\":\"ImageObject\",\"inLanguage\":\"en-US\",\"@id\":\"https:\/\/farmerrain.com\/#\/schema\/logo\/image\/\",\"url\":\"https:\/\/farmerrain.com\/wp-content\/uploads\/2023\/03\/fr_logo.png\",\"contentUrl\":\"https:\/\/farmerrain.com\/wp-content\/uploads\/2023\/03\/fr_logo.png\",\"width\":179,\"height\":23,\"caption\":\"Farmerrain\"},\"image\":{\"@id\":\"https:\/\/farmerrain.com\/#\/schema\/logo\/image\/\"},\"sameAs\":[\"https:\/\/www.facebook.com\/people\/Farmerrain\/100063463901438\/\"]}]}<\/script>\n<!-- \/ Yoast SEO plugin. -->","yoast_head_json":{"title":"Atlas Set Jacket + Pants Shiny red | Farmerrain - H\u00e5llbara regnkl\u00e4der","description":"This classic rain jacket is a unisex model with a straight fit. It is double breasted with lock functionality, which keeps the moisture out, and Raglan","robots":{"index":"index","follow":"follow","max-snippet":"max-snippet:-1","max-image-preview":"max-image-preview:large","max-video-preview":"max-video-preview:-1"},"canonical":"https:\/\/farmerrain.com\/en\/product\/atlas-set-jacket-pants-shiny-red\/","og_locale":"en_US","og_type":"article","og_title":"Atlas Set Jacket + Pants Shiny red | Farmerrain - H\u00e5llbara regnkl\u00e4der","og_description":"This classic rain jacket is a unisex model with a straight fit. It is double breasted with lock functionality, which keeps the moisture out, and Raglan","og_url":"https:\/\/farmerrain.com\/en\/product\/atlas-set-jacket-pants-shiny-red\/","og_site_name":"Farmerrain - H\u00e5llbara regnkl\u00e4der","article_publisher":"https:\/\/www.facebook.com\/people\/Farmerrain\/100063463901438\/","article_modified_time":"2026-04-15T19:20:36+00:00","og_image":[{"width":1080,"height":1350,"url":"https:\/\/farmerrain.com\/wp-content\/uploads\/2025\/11\/Elin.jpg","type":"image\/jpeg"}],"twitter_card":"summary_large_image","twitter_misc":{"Est. reading time":"1 minute"},"schema":{"@context":"https:\/\/schema.org","@graph":[{"@type":"WebPage","@id":"https:\/\/farmerrain.com\/en\/product\/atlas-set-jacket-pants-shiny-red\/","url":"https:\/\/farmerrain.com\/en\/product\/atlas-set-jacket-pants-shiny-red\/","name":"Atlas Set Jacket + Pants Shiny red | Farmerrain - H\u00e5llbara regnkl\u00e4der","isPartOf":{"@id":"https:\/\/farmerrain.com\/#website"},"primaryImageOfPage":{"@id":"https:\/\/farmerrain.com\/en\/product\/atlas-set-jacket-pants-shiny-red\/#primaryimage"},"image":{"@id":"https:\/\/farmerrain.com\/en\/product\/atlas-set-jacket-pants-shiny-red\/#primaryimage"},"thumbnailUrl":"https:\/\/farmerrain.com\/wp-content\/uploads\/2025\/11\/Elin.jpg","datePublished":"2025-11-27T21:59:48+00:00","dateModified":"2026-04-15T19:20:36+00:00","description":"This classic rain jacket is a unisex model with a straight fit. It is double breasted with lock functionality, which keeps the moisture out, and Raglan","breadcrumb":{"@id":"https:\/\/farmerrain.com\/en\/product\/atlas-set-jacket-pants-shiny-red\/#breadcrumb"},"inLanguage":"en-US","potentialAction":[{"@type":"ReadAction","target":["https:\/\/farmerrain.com\/en\/product\/atlas-set-jacket-pants-shiny-red\/"]}]},{"@type":"ImageObject","inLanguage":"en-US","@id":"https:\/\/farmerrain.com\/en\/product\/atlas-set-jacket-pants-shiny-red\/#primaryimage","url":"https:\/\/farmerrain.com\/wp-content\/uploads\/2025\/11\/Elin.jpg","contentUrl":"https:\/\/farmerrain.com\/wp-content\/uploads\/2025\/11\/Elin.jpg","width":1080,"height":1350},{"@type":"BreadcrumbList","@id":"https:\/\/farmerrain.com\/en\/product\/atlas-set-jacket-pants-shiny-red\/#breadcrumb","itemListElement":[{"@type":"ListItem","position":1,"name":"Shop","item":"https:\/\/farmerrain.com\/en\/shop-2\/"},{"@type":"ListItem","position":2,"name":"Atlas Set Jacket + Pants Shiny red"}]},{"@type":"WebSite","@id":"https:\/\/farmerrain.com\/#website","url":"https:\/\/farmerrain.com\/","name":"Farmerrain - H\u00e5llbara regnkl\u00e4der","description":"Regnkl\u00e4der med fokus p\u00e5 h\u00e5llbarhet, funktionalitet och unik design.","publisher":{"@id":"https:\/\/farmerrain.com\/#organization"},"potentialAction":[{"@type":"SearchAction","target":{"@type":"EntryPoint","urlTemplate":"https:\/\/farmerrain.com\/?s={search_term_string}"},"query-input":{"@type":"PropertyValueSpecification","valueRequired":true,"valueName":"search_term_string"}}],"inLanguage":"en-US"},{"@type":"Organization","@id":"https:\/\/farmerrain.com\/#organization","name":"Farmerrain","url":"https:\/\/farmerrain.com\/","logo":{"@type":"ImageObject","inLanguage":"en-US","@id":"https:\/\/farmerrain.com\/#\/schema\/logo\/image\/","url":"https:\/\/farmerrain.com\/wp-content\/uploads\/2023\/03\/fr_logo.png","contentUrl":"https:\/\/farmerrain.com\/wp-content\/uploads\/2023\/03\/fr_logo.png","width":179,"height":23,"caption":"Farmerrain"},"image":{"@id":"https:\/\/farmerrain.com\/#\/schema\/logo\/image\/"},"sameAs":["https:\/\/www.facebook.com\/people\/Farmerrain\/100063463901438\/"]}]}},"_links":{"self":[{"href":"https:\/\/farmerrain.com\/en\/wp-json\/wp\/v2\/product\/76260","targetHints":{"allow":["GET"]}}],"collection":[{"href":"https:\/\/farmerrain.com\/en\/wp-json\/wp\/v2\/product"}],"about":[{"href":"https:\/\/farmerrain.com\/en\/wp-json\/wp\/v2\/types\/product"}],"replies":[{"embeddable":true,"href":"https:\/\/farmerrain.com\/en\/wp-json\/wp\/v2\/comments?post=76260"}],"wp:featuredmedia":[{"embeddable":true,"href":"https:\/\/farmerrain.com\/en\/wp-json\/wp\/v2\/media\/76254"}],"wp:attachment":[{"href":"https:\/\/farmerrain.com\/en\/wp-json\/wp\/v2\/media?parent=76260"}],"wp:term":[{"taxonomy":"product_brand","embeddable":true,"href":"https:\/\/farmerrain.com\/en\/wp-json\/wp\/v2\/product_brand?post=76260"},{"taxonomy":"product_cat","embeddable":true,"href":"https:\/\/farmerrain.com\/en\/wp-json\/wp\/v2\/product_cat?post=76260"},{"taxonomy":"product_tag","embeddable":true,"href":"https:\/\/farmerrain.com\/en\/wp-json\/wp\/v2\/product_tag?post=76260"},{"taxonomy":"activity","embeddable":true,"href":"https:\/\/farmerrain.com\/en\/wp-json\/wp\/v2\/activity?post=76260"}],"curies":[{"name":"wp","href":"https:\/\/api.w.org\/{rel}","templated":true}]}}