{"id":72813,"date":"2025-10-29T11:50:22","date_gmt":"2025-10-29T10:50:22","guid":{"rendered":"https:\/\/farmerrain.com\/?post_type=product&#038;p=72813"},"modified":"2026-04-15T11:47:56","modified_gmt":"2026-04-15T09:47:56","slug":"72813","status":"publish","type":"product","link":"https:\/\/farmerrain.com\/en\/product\/72813\/","title":{"rendered":"Waist pants Bio+"},"content":{"rendered":"<p>Waistpants in unisex model with elasticated top of trousers, plus drawstring and pressure buttons.<\/p>\n<p>Button alignment at the hems.<\/p>\n<p>Welded seams.<\/p>\n<p><strong>MATERIAL<\/strong><br \/>\nBio+ 430g\/m2.<\/p>\n<p>Oilresistant,<\/p>\n<p>water column &gt;20000 mm<\/p>\n","protected":false},"excerpt":{"rendered":"<p>Waistpants in unisex model with elasticated top of trousers, plus drawstring and pressure buttons. Button alignment at the hems. Welded seams. MATERIAL Bio+ 430g\/m2. Oilresistant, water column &gt;20000 mm<\/p>\n","protected":false},"featured_media":72807,"comment_status":"open","ping_status":"closed","template":"","meta":{"_acf_changed":false},"product_brand":[],"product_cat":[1219,1225],"product_tag":[310,764],"activity":[1046,997,1265,1030,1035,977,1051,1002],"class_list":{"0":"post-72813","1":"product","2":"type-product","3":"status-publish","4":"has-post-thumbnail","6":"product_cat-rainwear","7":"product_cat-waist-trousers-rainwear","8":"product_tag-mode-en","9":"product_tag-yrkesklader-en","10":"activity-everyday-commuting","11":"activity-hiking-nature","12":"activity-outdoor-work","13":"activity-stable-country-life","14":"activity-waist-trousers-stable-and-country-life","15":"activity-waist-trousers-outdoor-work","16":"activity-waist-trousers-everyday-and-commuting","17":"activity-waist-trousers-hiking-and-nature","19":"first","20":"instock","21":"taxable","22":"shipping-taxable","23":"purchasable","24":"product-type-variable","25":"has-default-attributes","26":"rtwpvg-product","27":"rtwpvs-product"},"acf":[],"shsp-ext":{"main":{},"variations":[]},"yoast_head":"<!-- This site is optimized with the Yoast SEO plugin v27.2 - https:\/\/yoast.com\/product\/yoast-seo-wordpress\/ -->\n<title>Waist pants Bio+ | Farmerrain - H\u00e5llbara regnkl\u00e4der<\/title>\n<meta name=\"description\" content=\"Waistpants in unisex model with elasticated top of trousers, plus drawstring and pressure buttons. Button alignment at the hems. Welded seams. MATERIAL\" \/>\n<meta name=\"robots\" content=\"index, follow, max-snippet:-1, max-image-preview:large, max-video-preview:-1\" \/>\n<link rel=\"canonical\" href=\"https:\/\/farmerrain.com\/en\/product\/72813\/\" \/>\n<meta property=\"og:locale\" content=\"en_US\" \/>\n<meta property=\"og:type\" content=\"article\" \/>\n<meta property=\"og:title\" content=\"Waist pants Bio+ | Farmerrain - H\u00e5llbara regnkl\u00e4der\" \/>\n<meta property=\"og:description\" content=\"Waistpants in unisex model with elasticated top of trousers, plus drawstring and pressure buttons. Button alignment at the hems. Welded seams. MATERIAL\" \/>\n<meta property=\"og:url\" content=\"https:\/\/farmerrain.com\/en\/product\/72813\/\" \/>\n<meta property=\"og:site_name\" content=\"Farmerrain - H\u00e5llbara regnkl\u00e4der\" \/>\n<meta property=\"article:publisher\" content=\"https:\/\/www.facebook.com\/people\/Farmerrain\/100063463901438\/\" \/>\n<meta property=\"article:modified_time\" content=\"2026-04-15T09:47:56+00:00\" \/>\n<meta property=\"og:image\" content=\"https:\/\/farmerrain.com\/wp-content\/uploads\/2025\/10\/ElinEllen-och-Wilma-69.jpg\" \/>\n\t<meta property=\"og:image:width\" content=\"1080\" \/>\n\t<meta property=\"og:image:height\" content=\"1350\" \/>\n\t<meta property=\"og:image:type\" content=\"image\/jpeg\" \/>\n<meta name=\"twitter:card\" content=\"summary_large_image\" \/>\n<meta name=\"twitter:label1\" content=\"Est. reading time\" \/>\n\t<meta name=\"twitter:data1\" content=\"1 minute\" \/>\n<script type=\"application\/ld+json\" class=\"yoast-schema-graph\">{\"@context\":\"https:\/\/schema.org\",\"@graph\":[{\"@type\":\"WebPage\",\"@id\":\"https:\/\/farmerrain.com\/en\/product\/72813\/\",\"url\":\"https:\/\/farmerrain.com\/en\/product\/72813\/\",\"name\":\"Waist pants Bio+ | Farmerrain - H\u00e5llbara regnkl\u00e4der\",\"isPartOf\":{\"@id\":\"https:\/\/farmerrain.com\/#website\"},\"primaryImageOfPage\":{\"@id\":\"https:\/\/farmerrain.com\/en\/product\/72813\/#primaryimage\"},\"image\":{\"@id\":\"https:\/\/farmerrain.com\/en\/product\/72813\/#primaryimage\"},\"thumbnailUrl\":\"https:\/\/farmerrain.com\/wp-content\/uploads\/2025\/10\/ElinEllen-och-Wilma-69.jpg\",\"datePublished\":\"2025-10-29T10:50:22+00:00\",\"dateModified\":\"2026-04-15T09:47:56+00:00\",\"description\":\"Waistpants in unisex model with elasticated top of trousers, plus drawstring and pressure buttons. Button alignment at the hems. Welded seams. MATERIAL\",\"breadcrumb\":{\"@id\":\"https:\/\/farmerrain.com\/en\/product\/72813\/#breadcrumb\"},\"inLanguage\":\"en-US\",\"potentialAction\":[{\"@type\":\"ReadAction\",\"target\":[\"https:\/\/farmerrain.com\/en\/product\/72813\/\"]}]},{\"@type\":\"ImageObject\",\"inLanguage\":\"en-US\",\"@id\":\"https:\/\/farmerrain.com\/en\/product\/72813\/#primaryimage\",\"url\":\"https:\/\/farmerrain.com\/wp-content\/uploads\/2025\/10\/ElinEllen-och-Wilma-69.jpg\",\"contentUrl\":\"https:\/\/farmerrain.com\/wp-content\/uploads\/2025\/10\/ElinEllen-och-Wilma-69.jpg\",\"width\":1080,\"height\":1350},{\"@type\":\"BreadcrumbList\",\"@id\":\"https:\/\/farmerrain.com\/en\/product\/72813\/#breadcrumb\",\"itemListElement\":[{\"@type\":\"ListItem\",\"position\":1,\"name\":\"Shop\",\"item\":\"https:\/\/farmerrain.com\/en\/shop-2\/\"},{\"@type\":\"ListItem\",\"position\":2,\"name\":\"Waist pants Bio+\"}]},{\"@type\":\"WebSite\",\"@id\":\"https:\/\/farmerrain.com\/#website\",\"url\":\"https:\/\/farmerrain.com\/\",\"name\":\"Farmerrain - H\u00e5llbara regnkl\u00e4der\",\"description\":\"Regnkl\u00e4der med fokus p\u00e5 h\u00e5llbarhet, funktionalitet och unik design.\",\"publisher\":{\"@id\":\"https:\/\/farmerrain.com\/#organization\"},\"potentialAction\":[{\"@type\":\"SearchAction\",\"target\":{\"@type\":\"EntryPoint\",\"urlTemplate\":\"https:\/\/farmerrain.com\/?s={search_term_string}\"},\"query-input\":{\"@type\":\"PropertyValueSpecification\",\"valueRequired\":true,\"valueName\":\"search_term_string\"}}],\"inLanguage\":\"en-US\"},{\"@type\":\"Organization\",\"@id\":\"https:\/\/farmerrain.com\/#organization\",\"name\":\"Farmerrain\",\"url\":\"https:\/\/farmerrain.com\/\",\"logo\":{\"@type\":\"ImageObject\",\"inLanguage\":\"en-US\",\"@id\":\"https:\/\/farmerrain.com\/#\/schema\/logo\/image\/\",\"url\":\"https:\/\/farmerrain.com\/wp-content\/uploads\/2023\/03\/fr_logo.png\",\"contentUrl\":\"https:\/\/farmerrain.com\/wp-content\/uploads\/2023\/03\/fr_logo.png\",\"width\":179,\"height\":23,\"caption\":\"Farmerrain\"},\"image\":{\"@id\":\"https:\/\/farmerrain.com\/#\/schema\/logo\/image\/\"},\"sameAs\":[\"https:\/\/www.facebook.com\/people\/Farmerrain\/100063463901438\/\"]}]}<\/script>\n<!-- \/ Yoast SEO plugin. -->","yoast_head_json":{"title":"Waist pants Bio+ | Farmerrain - H\u00e5llbara regnkl\u00e4der","description":"Waistpants in unisex model with elasticated top of trousers, plus drawstring and pressure buttons. Button alignment at the hems. Welded seams. MATERIAL","robots":{"index":"index","follow":"follow","max-snippet":"max-snippet:-1","max-image-preview":"max-image-preview:large","max-video-preview":"max-video-preview:-1"},"canonical":"https:\/\/farmerrain.com\/en\/product\/72813\/","og_locale":"en_US","og_type":"article","og_title":"Waist pants Bio+ | Farmerrain - H\u00e5llbara regnkl\u00e4der","og_description":"Waistpants in unisex model with elasticated top of trousers, plus drawstring and pressure buttons. Button alignment at the hems. Welded seams. MATERIAL","og_url":"https:\/\/farmerrain.com\/en\/product\/72813\/","og_site_name":"Farmerrain - H\u00e5llbara regnkl\u00e4der","article_publisher":"https:\/\/www.facebook.com\/people\/Farmerrain\/100063463901438\/","article_modified_time":"2026-04-15T09:47:56+00:00","og_image":[{"width":1080,"height":1350,"url":"https:\/\/farmerrain.com\/wp-content\/uploads\/2025\/10\/ElinEllen-och-Wilma-69.jpg","type":"image\/jpeg"}],"twitter_card":"summary_large_image","twitter_misc":{"Est. reading time":"1 minute"},"schema":{"@context":"https:\/\/schema.org","@graph":[{"@type":"WebPage","@id":"https:\/\/farmerrain.com\/en\/product\/72813\/","url":"https:\/\/farmerrain.com\/en\/product\/72813\/","name":"Waist pants Bio+ | Farmerrain - H\u00e5llbara regnkl\u00e4der","isPartOf":{"@id":"https:\/\/farmerrain.com\/#website"},"primaryImageOfPage":{"@id":"https:\/\/farmerrain.com\/en\/product\/72813\/#primaryimage"},"image":{"@id":"https:\/\/farmerrain.com\/en\/product\/72813\/#primaryimage"},"thumbnailUrl":"https:\/\/farmerrain.com\/wp-content\/uploads\/2025\/10\/ElinEllen-och-Wilma-69.jpg","datePublished":"2025-10-29T10:50:22+00:00","dateModified":"2026-04-15T09:47:56+00:00","description":"Waistpants in unisex model with elasticated top of trousers, plus drawstring and pressure buttons. Button alignment at the hems. Welded seams. MATERIAL","breadcrumb":{"@id":"https:\/\/farmerrain.com\/en\/product\/72813\/#breadcrumb"},"inLanguage":"en-US","potentialAction":[{"@type":"ReadAction","target":["https:\/\/farmerrain.com\/en\/product\/72813\/"]}]},{"@type":"ImageObject","inLanguage":"en-US","@id":"https:\/\/farmerrain.com\/en\/product\/72813\/#primaryimage","url":"https:\/\/farmerrain.com\/wp-content\/uploads\/2025\/10\/ElinEllen-och-Wilma-69.jpg","contentUrl":"https:\/\/farmerrain.com\/wp-content\/uploads\/2025\/10\/ElinEllen-och-Wilma-69.jpg","width":1080,"height":1350},{"@type":"BreadcrumbList","@id":"https:\/\/farmerrain.com\/en\/product\/72813\/#breadcrumb","itemListElement":[{"@type":"ListItem","position":1,"name":"Shop","item":"https:\/\/farmerrain.com\/en\/shop-2\/"},{"@type":"ListItem","position":2,"name":"Waist pants Bio+"}]},{"@type":"WebSite","@id":"https:\/\/farmerrain.com\/#website","url":"https:\/\/farmerrain.com\/","name":"Farmerrain - H\u00e5llbara regnkl\u00e4der","description":"Regnkl\u00e4der med fokus p\u00e5 h\u00e5llbarhet, funktionalitet och unik design.","publisher":{"@id":"https:\/\/farmerrain.com\/#organization"},"potentialAction":[{"@type":"SearchAction","target":{"@type":"EntryPoint","urlTemplate":"https:\/\/farmerrain.com\/?s={search_term_string}"},"query-input":{"@type":"PropertyValueSpecification","valueRequired":true,"valueName":"search_term_string"}}],"inLanguage":"en-US"},{"@type":"Organization","@id":"https:\/\/farmerrain.com\/#organization","name":"Farmerrain","url":"https:\/\/farmerrain.com\/","logo":{"@type":"ImageObject","inLanguage":"en-US","@id":"https:\/\/farmerrain.com\/#\/schema\/logo\/image\/","url":"https:\/\/farmerrain.com\/wp-content\/uploads\/2023\/03\/fr_logo.png","contentUrl":"https:\/\/farmerrain.com\/wp-content\/uploads\/2023\/03\/fr_logo.png","width":179,"height":23,"caption":"Farmerrain"},"image":{"@id":"https:\/\/farmerrain.com\/#\/schema\/logo\/image\/"},"sameAs":["https:\/\/www.facebook.com\/people\/Farmerrain\/100063463901438\/"]}]}},"_links":{"self":[{"href":"https:\/\/farmerrain.com\/en\/wp-json\/wp\/v2\/product\/72813","targetHints":{"allow":["GET"]}}],"collection":[{"href":"https:\/\/farmerrain.com\/en\/wp-json\/wp\/v2\/product"}],"about":[{"href":"https:\/\/farmerrain.com\/en\/wp-json\/wp\/v2\/types\/product"}],"replies":[{"embeddable":true,"href":"https:\/\/farmerrain.com\/en\/wp-json\/wp\/v2\/comments?post=72813"}],"wp:featuredmedia":[{"embeddable":true,"href":"https:\/\/farmerrain.com\/en\/wp-json\/wp\/v2\/media\/72807"}],"wp:attachment":[{"href":"https:\/\/farmerrain.com\/en\/wp-json\/wp\/v2\/media?parent=72813"}],"wp:term":[{"taxonomy":"product_brand","embeddable":true,"href":"https:\/\/farmerrain.com\/en\/wp-json\/wp\/v2\/product_brand?post=72813"},{"taxonomy":"product_cat","embeddable":true,"href":"https:\/\/farmerrain.com\/en\/wp-json\/wp\/v2\/product_cat?post=72813"},{"taxonomy":"product_tag","embeddable":true,"href":"https:\/\/farmerrain.com\/en\/wp-json\/wp\/v2\/product_tag?post=72813"},{"taxonomy":"activity","embeddable":true,"href":"https:\/\/farmerrain.com\/en\/wp-json\/wp\/v2\/activity?post=72813"}],"curies":[{"name":"wp","href":"https:\/\/api.w.org\/{rel}","templated":true}]}}