{"id":72585,"date":"2025-10-20T15:09:27","date_gmt":"2025-10-20T13:09:27","guid":{"rendered":"https:\/\/farmerrain.com\/?post_type=product&#038;p=72585"},"modified":"2026-03-08T16:50:44","modified_gmt":"2026-03-08T15:50:44","slug":"72585","status":"publish","type":"product","link":"https:\/\/farmerrain.com\/en\/product\/72585\/","title":{"rendered":"Adventure Lava Edition Jacket"},"content":{"rendered":"<p class=\"whitespace-normal break-words\">Adventure is an outdoor jacket designed for those who spend more time in nature.<\/p>\n<p class=\"whitespace-pre-wrap break-words\">GPS pocket<\/p>\n<p class=\"whitespace-pre-wrap break-words\">Two front pockets<\/p>\n<p class=\"whitespace-pre-wrap break-words\">Inner pocket with zipper<\/p>\n<p class=\"whitespace-pre-wrap break-words\">Zipper and velcro closure<\/p>\n<p class=\"whitespace-pre-wrap break-words\">Hood with drawstrings and metal cord locks<\/p>\n<p class=\"whitespace-pre-wrap break-words\">Raglan sleeves for optimal mobility with cuffs at sleeve ends<\/p>\n<p class=\"whitespace-pre-wrap break-words\">Drawstring at bottom for individual adjustment<\/p>\n<p class=\"whitespace-pre-wrap break-words\">Ventilation in the back<\/p>\n<p class=\"whitespace-pre-wrap break-words\">Reflective details on the arms<\/p>\n<p class=\"whitespace-pre-wrap break-words\">Welded seams<\/p>\n<p>Material:<\/p>\n<p>Bio+vinyl 430 gram<\/p>\n<p>Oil resistant, water column&gt; 20000mm<\/p>\n","protected":false},"excerpt":{"rendered":"<p>Adventure is an outdoor jacket designed for those who spend more time in nature. GPS pocket Two front pockets Inner pocket with zipper Zipper and velcro closure Hood with drawstrings and metal cord locks Raglan sleeves for optimal mobility with cuffs at sleeve ends Drawstring at bottom for individual adjustment Ventilation in the back Reflective [&hellip;]<\/p>\n","protected":false},"featured_media":72550,"comment_status":"open","ping_status":"closed","template":"","meta":{"_acf_changed":false},"product_brand":[],"product_cat":[1187],"product_tag":[764],"activity":[997,1005],"class_list":{"0":"post-72585","1":"product","2":"type-product","3":"status-publish","4":"has-post-thumbnail","6":"product_cat-regnjackor-regnklader","7":"product_tag-yrkesklader-en","8":"activity-hiking-nature","9":"activity-rain-jackets-hiking-and-nature","11":"first","12":"instock","13":"taxable","14":"shipping-taxable","15":"purchasable","16":"product-type-variable","17":"has-default-attributes","18":"rtwpvg-product","19":"rtwpvs-product"},"acf":[],"shsp-ext":{"main":{},"variations":[]},"yoast_head":"<!-- This site is optimized with the Yoast SEO plugin v27.2 - https:\/\/yoast.com\/product\/yoast-seo-wordpress\/ -->\n<title>Adventure Lava Edition Jacket | Farmerrain - H\u00e5llbara regnkl\u00e4der<\/title>\n<meta name=\"description\" content=\"Adventure is an outdoor jacket designed for those who spend more time in nature. GPS pocket Two front pockets Inner pocket with zipper Zipper and velcro\" \/>\n<meta name=\"robots\" content=\"index, follow, max-snippet:-1, max-image-preview:large, max-video-preview:-1\" \/>\n<link rel=\"canonical\" href=\"https:\/\/farmerrain.com\/en\/product\/72585\/\" \/>\n<meta property=\"og:locale\" content=\"en_US\" \/>\n<meta property=\"og:type\" content=\"article\" \/>\n<meta property=\"og:title\" content=\"Adventure Lava Edition Jacket | Farmerrain - H\u00e5llbara regnkl\u00e4der\" \/>\n<meta property=\"og:description\" content=\"Adventure is an outdoor jacket designed for those who spend more time in nature. GPS pocket Two front pockets Inner pocket with zipper Zipper and velcro\" \/>\n<meta property=\"og:url\" content=\"https:\/\/farmerrain.com\/en\/product\/72585\/\" \/>\n<meta property=\"og:site_name\" content=\"Farmerrain - H\u00e5llbara regnkl\u00e4der\" \/>\n<meta property=\"article:publisher\" content=\"https:\/\/www.facebook.com\/people\/Farmerrain\/100063463901438\/\" \/>\n<meta property=\"article:modified_time\" content=\"2026-03-08T15:50:44+00:00\" \/>\n<meta property=\"og:image\" content=\"https:\/\/farmerrain.com\/wp-content\/uploads\/2025\/10\/ElinEllen-och-Wilma-238.jpg\" \/>\n\t<meta property=\"og:image:width\" content=\"1080\" \/>\n\t<meta property=\"og:image:height\" content=\"1350\" \/>\n\t<meta property=\"og:image:type\" content=\"image\/jpeg\" \/>\n<meta name=\"twitter:card\" content=\"summary_large_image\" \/>\n<meta name=\"twitter:label1\" content=\"Est. reading time\" \/>\n\t<meta name=\"twitter:data1\" content=\"1 minute\" \/>\n<script type=\"application\/ld+json\" class=\"yoast-schema-graph\">{\"@context\":\"https:\/\/schema.org\",\"@graph\":[{\"@type\":\"WebPage\",\"@id\":\"https:\/\/farmerrain.com\/en\/product\/72585\/\",\"url\":\"https:\/\/farmerrain.com\/en\/product\/72585\/\",\"name\":\"Adventure Lava Edition Jacket | Farmerrain - H\u00e5llbara regnkl\u00e4der\",\"isPartOf\":{\"@id\":\"https:\/\/farmerrain.com\/#website\"},\"primaryImageOfPage\":{\"@id\":\"https:\/\/farmerrain.com\/en\/product\/72585\/#primaryimage\"},\"image\":{\"@id\":\"https:\/\/farmerrain.com\/en\/product\/72585\/#primaryimage\"},\"thumbnailUrl\":\"https:\/\/farmerrain.com\/wp-content\/uploads\/2025\/10\/ElinEllen-och-Wilma-238.jpg\",\"datePublished\":\"2025-10-20T13:09:27+00:00\",\"dateModified\":\"2026-03-08T15:50:44+00:00\",\"description\":\"Adventure is an outdoor jacket designed for those who spend more time in nature. GPS pocket Two front pockets Inner pocket with zipper Zipper and velcro\",\"breadcrumb\":{\"@id\":\"https:\/\/farmerrain.com\/en\/product\/72585\/#breadcrumb\"},\"inLanguage\":\"en-US\",\"potentialAction\":[{\"@type\":\"ReadAction\",\"target\":[\"https:\/\/farmerrain.com\/en\/product\/72585\/\"]}]},{\"@type\":\"ImageObject\",\"inLanguage\":\"en-US\",\"@id\":\"https:\/\/farmerrain.com\/en\/product\/72585\/#primaryimage\",\"url\":\"https:\/\/farmerrain.com\/wp-content\/uploads\/2025\/10\/ElinEllen-och-Wilma-238.jpg\",\"contentUrl\":\"https:\/\/farmerrain.com\/wp-content\/uploads\/2025\/10\/ElinEllen-och-Wilma-238.jpg\",\"width\":1080,\"height\":1350},{\"@type\":\"BreadcrumbList\",\"@id\":\"https:\/\/farmerrain.com\/en\/product\/72585\/#breadcrumb\",\"itemListElement\":[{\"@type\":\"ListItem\",\"position\":1,\"name\":\"Shop\",\"item\":\"https:\/\/farmerrain.com\/en\/shop-2\/\"},{\"@type\":\"ListItem\",\"position\":2,\"name\":\"Adventure Lava Edition Jacket\"}]},{\"@type\":\"WebSite\",\"@id\":\"https:\/\/farmerrain.com\/#website\",\"url\":\"https:\/\/farmerrain.com\/\",\"name\":\"Farmerrain - H\u00e5llbara regnkl\u00e4der\",\"description\":\"Regnkl\u00e4der med fokus p\u00e5 h\u00e5llbarhet, funktionalitet och unik design.\",\"publisher\":{\"@id\":\"https:\/\/farmerrain.com\/#organization\"},\"potentialAction\":[{\"@type\":\"SearchAction\",\"target\":{\"@type\":\"EntryPoint\",\"urlTemplate\":\"https:\/\/farmerrain.com\/?s={search_term_string}\"},\"query-input\":{\"@type\":\"PropertyValueSpecification\",\"valueRequired\":true,\"valueName\":\"search_term_string\"}}],\"inLanguage\":\"en-US\"},{\"@type\":\"Organization\",\"@id\":\"https:\/\/farmerrain.com\/#organization\",\"name\":\"Farmerrain\",\"url\":\"https:\/\/farmerrain.com\/\",\"logo\":{\"@type\":\"ImageObject\",\"inLanguage\":\"en-US\",\"@id\":\"https:\/\/farmerrain.com\/#\/schema\/logo\/image\/\",\"url\":\"https:\/\/farmerrain.com\/wp-content\/uploads\/2023\/03\/fr_logo.png\",\"contentUrl\":\"https:\/\/farmerrain.com\/wp-content\/uploads\/2023\/03\/fr_logo.png\",\"width\":179,\"height\":23,\"caption\":\"Farmerrain\"},\"image\":{\"@id\":\"https:\/\/farmerrain.com\/#\/schema\/logo\/image\/\"},\"sameAs\":[\"https:\/\/www.facebook.com\/people\/Farmerrain\/100063463901438\/\"]}]}<\/script>\n<!-- \/ Yoast SEO plugin. -->","yoast_head_json":{"title":"Adventure Lava Edition Jacket | Farmerrain - H\u00e5llbara regnkl\u00e4der","description":"Adventure is an outdoor jacket designed for those who spend more time in nature. GPS pocket Two front pockets Inner pocket with zipper Zipper and velcro","robots":{"index":"index","follow":"follow","max-snippet":"max-snippet:-1","max-image-preview":"max-image-preview:large","max-video-preview":"max-video-preview:-1"},"canonical":"https:\/\/farmerrain.com\/en\/product\/72585\/","og_locale":"en_US","og_type":"article","og_title":"Adventure Lava Edition Jacket | Farmerrain - H\u00e5llbara regnkl\u00e4der","og_description":"Adventure is an outdoor jacket designed for those who spend more time in nature. GPS pocket Two front pockets Inner pocket with zipper Zipper and velcro","og_url":"https:\/\/farmerrain.com\/en\/product\/72585\/","og_site_name":"Farmerrain - H\u00e5llbara regnkl\u00e4der","article_publisher":"https:\/\/www.facebook.com\/people\/Farmerrain\/100063463901438\/","article_modified_time":"2026-03-08T15:50:44+00:00","og_image":[{"width":1080,"height":1350,"url":"https:\/\/farmerrain.com\/wp-content\/uploads\/2025\/10\/ElinEllen-och-Wilma-238.jpg","type":"image\/jpeg"}],"twitter_card":"summary_large_image","twitter_misc":{"Est. reading time":"1 minute"},"schema":{"@context":"https:\/\/schema.org","@graph":[{"@type":"WebPage","@id":"https:\/\/farmerrain.com\/en\/product\/72585\/","url":"https:\/\/farmerrain.com\/en\/product\/72585\/","name":"Adventure Lava Edition Jacket | Farmerrain - H\u00e5llbara regnkl\u00e4der","isPartOf":{"@id":"https:\/\/farmerrain.com\/#website"},"primaryImageOfPage":{"@id":"https:\/\/farmerrain.com\/en\/product\/72585\/#primaryimage"},"image":{"@id":"https:\/\/farmerrain.com\/en\/product\/72585\/#primaryimage"},"thumbnailUrl":"https:\/\/farmerrain.com\/wp-content\/uploads\/2025\/10\/ElinEllen-och-Wilma-238.jpg","datePublished":"2025-10-20T13:09:27+00:00","dateModified":"2026-03-08T15:50:44+00:00","description":"Adventure is an outdoor jacket designed for those who spend more time in nature. GPS pocket Two front pockets Inner pocket with zipper Zipper and velcro","breadcrumb":{"@id":"https:\/\/farmerrain.com\/en\/product\/72585\/#breadcrumb"},"inLanguage":"en-US","potentialAction":[{"@type":"ReadAction","target":["https:\/\/farmerrain.com\/en\/product\/72585\/"]}]},{"@type":"ImageObject","inLanguage":"en-US","@id":"https:\/\/farmerrain.com\/en\/product\/72585\/#primaryimage","url":"https:\/\/farmerrain.com\/wp-content\/uploads\/2025\/10\/ElinEllen-och-Wilma-238.jpg","contentUrl":"https:\/\/farmerrain.com\/wp-content\/uploads\/2025\/10\/ElinEllen-och-Wilma-238.jpg","width":1080,"height":1350},{"@type":"BreadcrumbList","@id":"https:\/\/farmerrain.com\/en\/product\/72585\/#breadcrumb","itemListElement":[{"@type":"ListItem","position":1,"name":"Shop","item":"https:\/\/farmerrain.com\/en\/shop-2\/"},{"@type":"ListItem","position":2,"name":"Adventure Lava Edition Jacket"}]},{"@type":"WebSite","@id":"https:\/\/farmerrain.com\/#website","url":"https:\/\/farmerrain.com\/","name":"Farmerrain - H\u00e5llbara regnkl\u00e4der","description":"Regnkl\u00e4der med fokus p\u00e5 h\u00e5llbarhet, funktionalitet och unik design.","publisher":{"@id":"https:\/\/farmerrain.com\/#organization"},"potentialAction":[{"@type":"SearchAction","target":{"@type":"EntryPoint","urlTemplate":"https:\/\/farmerrain.com\/?s={search_term_string}"},"query-input":{"@type":"PropertyValueSpecification","valueRequired":true,"valueName":"search_term_string"}}],"inLanguage":"en-US"},{"@type":"Organization","@id":"https:\/\/farmerrain.com\/#organization","name":"Farmerrain","url":"https:\/\/farmerrain.com\/","logo":{"@type":"ImageObject","inLanguage":"en-US","@id":"https:\/\/farmerrain.com\/#\/schema\/logo\/image\/","url":"https:\/\/farmerrain.com\/wp-content\/uploads\/2023\/03\/fr_logo.png","contentUrl":"https:\/\/farmerrain.com\/wp-content\/uploads\/2023\/03\/fr_logo.png","width":179,"height":23,"caption":"Farmerrain"},"image":{"@id":"https:\/\/farmerrain.com\/#\/schema\/logo\/image\/"},"sameAs":["https:\/\/www.facebook.com\/people\/Farmerrain\/100063463901438\/"]}]}},"_links":{"self":[{"href":"https:\/\/farmerrain.com\/en\/wp-json\/wp\/v2\/product\/72585","targetHints":{"allow":["GET"]}}],"collection":[{"href":"https:\/\/farmerrain.com\/en\/wp-json\/wp\/v2\/product"}],"about":[{"href":"https:\/\/farmerrain.com\/en\/wp-json\/wp\/v2\/types\/product"}],"replies":[{"embeddable":true,"href":"https:\/\/farmerrain.com\/en\/wp-json\/wp\/v2\/comments?post=72585"}],"wp:featuredmedia":[{"embeddable":true,"href":"https:\/\/farmerrain.com\/en\/wp-json\/wp\/v2\/media\/72550"}],"wp:attachment":[{"href":"https:\/\/farmerrain.com\/en\/wp-json\/wp\/v2\/media?parent=72585"}],"wp:term":[{"taxonomy":"product_brand","embeddable":true,"href":"https:\/\/farmerrain.com\/en\/wp-json\/wp\/v2\/product_brand?post=72585"},{"taxonomy":"product_cat","embeddable":true,"href":"https:\/\/farmerrain.com\/en\/wp-json\/wp\/v2\/product_cat?post=72585"},{"taxonomy":"product_tag","embeddable":true,"href":"https:\/\/farmerrain.com\/en\/wp-json\/wp\/v2\/product_tag?post=72585"},{"taxonomy":"activity","embeddable":true,"href":"https:\/\/farmerrain.com\/en\/wp-json\/wp\/v2\/activity?post=72585"}],"curies":[{"name":"wp","href":"https:\/\/api.w.org\/{rel}","templated":true}]}}