{"id":72186,"date":"2025-09-29T16:15:36","date_gmt":"2025-09-29T14:15:36","guid":{"rendered":"https:\/\/farmerrain.com\/?post_type=product&#038;p=72186"},"modified":"2026-04-15T14:38:23","modified_gmt":"2026-04-15T12:38:23","slug":"womens-waders","status":"publish","type":"product","link":"https:\/\/farmerrain.com\/en\/product\/womens-waders\/","title":{"rendered":"Women\u00b4s waders"},"content":{"rendered":"<p>Waterproof waders with a timeless design and attractive colors, designed for active women.<\/p>\n<p>Lightweight and comfortable thanks to a fabric with reduced weight.<\/p>\n<p>Perfect protection against water, moisture and dirt.<\/p>\n<p>Equipped with adjustable suspenders and special press studs on the sides to fit all figures.<\/p>\n<p>Model recommended for industries: leisure &#8211; especially fishing and gardening.<\/p>\n<p>Material:<\/p>\n<p>PLAVITEX HEAVY DUTY &#8211; a polyester-based material coated with PVC on one side. It is highly tear-resistant and has waterproof seams. Thanks to the unique chemical composition of the coating, the material is extremely resistant to adverse weather conditions and bending at temperatures down to -50\u00b0C. The material meets the requirements of the EN 343 standard, which has been verified by tests conducted by a certified textile testing institute.<\/p>\n","protected":false},"excerpt":{"rendered":"<p>Waterproof waders with a timeless design and attractive colors, designed for active women. Lightweight and comfortable thanks to a fabric with reduced weight. Perfect protection against water, moisture and dirt. Equipped with adjustable suspenders and special press studs on the sides to fit all figures. Model recommended for industries: leisure &#8211; especially fishing and gardening. [&hellip;]<\/p>\n","protected":false},"featured_media":72163,"comment_status":"open","ping_status":"closed","template":"","meta":{"_acf_changed":false},"product_brand":[],"product_cat":[1219,1226],"product_tag":[764],"activity":[997,1265,1030,1045,987,1012],"class_list":{"0":"post-72186","1":"product","2":"type-product","3":"status-publish","4":"has-post-thumbnail","6":"product_cat-rainwear","7":"product_cat-waders-rainwear","8":"product_tag-yrkesklader-en","9":"activity-hiking-nature","10":"activity-outdoor-work","11":"activity-stable-country-life","12":"activity-waders-stable-and-country-life","13":"activity-waders-outdoor-work","14":"activity-waders-hiking-and-nature","16":"first","17":"instock","18":"taxable","19":"shipping-taxable","20":"purchasable","21":"product-type-variable","22":"has-default-attributes","23":"rtwpvg-product","24":"rtwpvs-product"},"acf":[],"shsp-ext":{"main":{},"variations":[]},"yoast_head":"<!-- This site is optimized with the Yoast SEO plugin v27.2 - https:\/\/yoast.com\/product\/yoast-seo-wordpress\/ -->\n<title>Women\u00b4s waders | Farmerrain - H\u00e5llbara regnkl\u00e4der<\/title>\n<meta name=\"description\" content=\"Waterproof waders with a timeless design and attractive colors, designed for active women. Lightweight and comfortable thanks to a fabric with reduced\" \/>\n<meta name=\"robots\" content=\"index, follow, max-snippet:-1, max-image-preview:large, max-video-preview:-1\" \/>\n<link rel=\"canonical\" href=\"https:\/\/farmerrain.com\/produkt\/vadarbyxa-for-kvinnor\/\" \/>\n<meta property=\"og:locale\" content=\"en_US\" \/>\n<meta property=\"og:type\" content=\"article\" \/>\n<meta property=\"og:title\" content=\"Women\u00b4s waders | Farmerrain - H\u00e5llbara regnkl\u00e4der\" \/>\n<meta property=\"og:description\" content=\"Waterproof waders with a timeless design and attractive colors, designed for active women. Lightweight and comfortable thanks to a fabric with reduced\" \/>\n<meta property=\"og:url\" content=\"https:\/\/farmerrain.com\/produkt\/vadarbyxa-for-kvinnor\/\" \/>\n<meta property=\"og:site_name\" content=\"Farmerrain - H\u00e5llbara regnkl\u00e4der\" \/>\n<meta property=\"article:publisher\" content=\"https:\/\/www.facebook.com\/people\/Farmerrain\/100063463901438\/\" \/>\n<meta property=\"article:modified_time\" content=\"2026-04-15T12:38:23+00:00\" \/>\n<meta property=\"og:image\" content=\"https:\/\/farmerrain.com\/wp-content\/uploads\/2025\/09\/Marina-65.jpg\" \/>\n\t<meta property=\"og:image:width\" content=\"1080\" \/>\n\t<meta property=\"og:image:height\" content=\"1350\" \/>\n\t<meta property=\"og:image:type\" content=\"image\/jpeg\" \/>\n<meta name=\"twitter:card\" content=\"summary_large_image\" \/>\n<meta name=\"twitter:label1\" content=\"Est. reading time\" \/>\n\t<meta name=\"twitter:data1\" content=\"1 minute\" \/>\n<script type=\"application\/ld+json\" class=\"yoast-schema-graph\">{\"@context\":\"https:\/\/schema.org\",\"@graph\":[{\"@type\":\"WebPage\",\"@id\":\"https:\/\/farmerrain.com\/produkt\/vadarbyxa-for-kvinnor\/\",\"url\":\"https:\/\/farmerrain.com\/produkt\/vadarbyxa-for-kvinnor\/\",\"name\":\"Women\u00b4s waders | Farmerrain - H\u00e5llbara regnkl\u00e4der\",\"isPartOf\":{\"@id\":\"https:\/\/farmerrain.com\/#website\"},\"primaryImageOfPage\":{\"@id\":\"https:\/\/farmerrain.com\/produkt\/vadarbyxa-for-kvinnor\/#primaryimage\"},\"image\":{\"@id\":\"https:\/\/farmerrain.com\/produkt\/vadarbyxa-for-kvinnor\/#primaryimage\"},\"thumbnailUrl\":\"https:\/\/farmerrain.com\/wp-content\/uploads\/2025\/09\/Marina-65.jpg\",\"datePublished\":\"2025-09-29T14:15:36+00:00\",\"dateModified\":\"2026-04-15T12:38:23+00:00\",\"description\":\"Waterproof waders with a timeless design and attractive colors, designed for active women. Lightweight and comfortable thanks to a fabric with reduced\",\"breadcrumb\":{\"@id\":\"https:\/\/farmerrain.com\/produkt\/vadarbyxa-for-kvinnor\/#breadcrumb\"},\"inLanguage\":\"en-US\",\"potentialAction\":[{\"@type\":\"ReadAction\",\"target\":[\"https:\/\/farmerrain.com\/produkt\/vadarbyxa-for-kvinnor\/\"]}]},{\"@type\":\"ImageObject\",\"inLanguage\":\"en-US\",\"@id\":\"https:\/\/farmerrain.com\/produkt\/vadarbyxa-for-kvinnor\/#primaryimage\",\"url\":\"https:\/\/farmerrain.com\/wp-content\/uploads\/2025\/09\/Marina-65.jpg\",\"contentUrl\":\"https:\/\/farmerrain.com\/wp-content\/uploads\/2025\/09\/Marina-65.jpg\",\"width\":1080,\"height\":1350},{\"@type\":\"BreadcrumbList\",\"@id\":\"https:\/\/farmerrain.com\/produkt\/vadarbyxa-for-kvinnor\/#breadcrumb\",\"itemListElement\":[{\"@type\":\"ListItem\",\"position\":1,\"name\":\"Shop\",\"item\":\"https:\/\/farmerrain.com\/en\/shop-2\/\"},{\"@type\":\"ListItem\",\"position\":2,\"name\":\"Women\u00b4s waders\"}]},{\"@type\":\"WebSite\",\"@id\":\"https:\/\/farmerrain.com\/#website\",\"url\":\"https:\/\/farmerrain.com\/\",\"name\":\"Farmerrain - H\u00e5llbara regnkl\u00e4der\",\"description\":\"Regnkl\u00e4der med fokus p\u00e5 h\u00e5llbarhet, funktionalitet och unik design.\",\"publisher\":{\"@id\":\"https:\/\/farmerrain.com\/#organization\"},\"potentialAction\":[{\"@type\":\"SearchAction\",\"target\":{\"@type\":\"EntryPoint\",\"urlTemplate\":\"https:\/\/farmerrain.com\/?s={search_term_string}\"},\"query-input\":{\"@type\":\"PropertyValueSpecification\",\"valueRequired\":true,\"valueName\":\"search_term_string\"}}],\"inLanguage\":\"en-US\"},{\"@type\":\"Organization\",\"@id\":\"https:\/\/farmerrain.com\/#organization\",\"name\":\"Farmerrain\",\"url\":\"https:\/\/farmerrain.com\/\",\"logo\":{\"@type\":\"ImageObject\",\"inLanguage\":\"en-US\",\"@id\":\"https:\/\/farmerrain.com\/#\/schema\/logo\/image\/\",\"url\":\"https:\/\/farmerrain.com\/wp-content\/uploads\/2023\/03\/fr_logo.png\",\"contentUrl\":\"https:\/\/farmerrain.com\/wp-content\/uploads\/2023\/03\/fr_logo.png\",\"width\":179,\"height\":23,\"caption\":\"Farmerrain\"},\"image\":{\"@id\":\"https:\/\/farmerrain.com\/#\/schema\/logo\/image\/\"},\"sameAs\":[\"https:\/\/www.facebook.com\/people\/Farmerrain\/100063463901438\/\"]}]}<\/script>\n<!-- \/ Yoast SEO plugin. -->","yoast_head_json":{"title":"Women\u00b4s waders | Farmerrain - H\u00e5llbara regnkl\u00e4der","description":"Waterproof waders with a timeless design and attractive colors, designed for active women. Lightweight and comfortable thanks to a fabric with reduced","robots":{"index":"index","follow":"follow","max-snippet":"max-snippet:-1","max-image-preview":"max-image-preview:large","max-video-preview":"max-video-preview:-1"},"canonical":"https:\/\/farmerrain.com\/produkt\/vadarbyxa-for-kvinnor\/","og_locale":"en_US","og_type":"article","og_title":"Women\u00b4s waders | Farmerrain - H\u00e5llbara regnkl\u00e4der","og_description":"Waterproof waders with a timeless design and attractive colors, designed for active women. Lightweight and comfortable thanks to a fabric with reduced","og_url":"https:\/\/farmerrain.com\/produkt\/vadarbyxa-for-kvinnor\/","og_site_name":"Farmerrain - H\u00e5llbara regnkl\u00e4der","article_publisher":"https:\/\/www.facebook.com\/people\/Farmerrain\/100063463901438\/","article_modified_time":"2026-04-15T12:38:23+00:00","og_image":[{"width":1080,"height":1350,"url":"https:\/\/farmerrain.com\/wp-content\/uploads\/2025\/09\/Marina-65.jpg","type":"image\/jpeg"}],"twitter_card":"summary_large_image","twitter_misc":{"Est. reading time":"1 minute"},"schema":{"@context":"https:\/\/schema.org","@graph":[{"@type":"WebPage","@id":"https:\/\/farmerrain.com\/produkt\/vadarbyxa-for-kvinnor\/","url":"https:\/\/farmerrain.com\/produkt\/vadarbyxa-for-kvinnor\/","name":"Women\u00b4s waders | Farmerrain - H\u00e5llbara regnkl\u00e4der","isPartOf":{"@id":"https:\/\/farmerrain.com\/#website"},"primaryImageOfPage":{"@id":"https:\/\/farmerrain.com\/produkt\/vadarbyxa-for-kvinnor\/#primaryimage"},"image":{"@id":"https:\/\/farmerrain.com\/produkt\/vadarbyxa-for-kvinnor\/#primaryimage"},"thumbnailUrl":"https:\/\/farmerrain.com\/wp-content\/uploads\/2025\/09\/Marina-65.jpg","datePublished":"2025-09-29T14:15:36+00:00","dateModified":"2026-04-15T12:38:23+00:00","description":"Waterproof waders with a timeless design and attractive colors, designed for active women. Lightweight and comfortable thanks to a fabric with reduced","breadcrumb":{"@id":"https:\/\/farmerrain.com\/produkt\/vadarbyxa-for-kvinnor\/#breadcrumb"},"inLanguage":"en-US","potentialAction":[{"@type":"ReadAction","target":["https:\/\/farmerrain.com\/produkt\/vadarbyxa-for-kvinnor\/"]}]},{"@type":"ImageObject","inLanguage":"en-US","@id":"https:\/\/farmerrain.com\/produkt\/vadarbyxa-for-kvinnor\/#primaryimage","url":"https:\/\/farmerrain.com\/wp-content\/uploads\/2025\/09\/Marina-65.jpg","contentUrl":"https:\/\/farmerrain.com\/wp-content\/uploads\/2025\/09\/Marina-65.jpg","width":1080,"height":1350},{"@type":"BreadcrumbList","@id":"https:\/\/farmerrain.com\/produkt\/vadarbyxa-for-kvinnor\/#breadcrumb","itemListElement":[{"@type":"ListItem","position":1,"name":"Shop","item":"https:\/\/farmerrain.com\/en\/shop-2\/"},{"@type":"ListItem","position":2,"name":"Women\u00b4s waders"}]},{"@type":"WebSite","@id":"https:\/\/farmerrain.com\/#website","url":"https:\/\/farmerrain.com\/","name":"Farmerrain - H\u00e5llbara regnkl\u00e4der","description":"Regnkl\u00e4der med fokus p\u00e5 h\u00e5llbarhet, funktionalitet och unik design.","publisher":{"@id":"https:\/\/farmerrain.com\/#organization"},"potentialAction":[{"@type":"SearchAction","target":{"@type":"EntryPoint","urlTemplate":"https:\/\/farmerrain.com\/?s={search_term_string}"},"query-input":{"@type":"PropertyValueSpecification","valueRequired":true,"valueName":"search_term_string"}}],"inLanguage":"en-US"},{"@type":"Organization","@id":"https:\/\/farmerrain.com\/#organization","name":"Farmerrain","url":"https:\/\/farmerrain.com\/","logo":{"@type":"ImageObject","inLanguage":"en-US","@id":"https:\/\/farmerrain.com\/#\/schema\/logo\/image\/","url":"https:\/\/farmerrain.com\/wp-content\/uploads\/2023\/03\/fr_logo.png","contentUrl":"https:\/\/farmerrain.com\/wp-content\/uploads\/2023\/03\/fr_logo.png","width":179,"height":23,"caption":"Farmerrain"},"image":{"@id":"https:\/\/farmerrain.com\/#\/schema\/logo\/image\/"},"sameAs":["https:\/\/www.facebook.com\/people\/Farmerrain\/100063463901438\/"]}]}},"_links":{"self":[{"href":"https:\/\/farmerrain.com\/en\/wp-json\/wp\/v2\/product\/72186","targetHints":{"allow":["GET"]}}],"collection":[{"href":"https:\/\/farmerrain.com\/en\/wp-json\/wp\/v2\/product"}],"about":[{"href":"https:\/\/farmerrain.com\/en\/wp-json\/wp\/v2\/types\/product"}],"replies":[{"embeddable":true,"href":"https:\/\/farmerrain.com\/en\/wp-json\/wp\/v2\/comments?post=72186"}],"wp:featuredmedia":[{"embeddable":true,"href":"https:\/\/farmerrain.com\/en\/wp-json\/wp\/v2\/media\/72163"}],"wp:attachment":[{"href":"https:\/\/farmerrain.com\/en\/wp-json\/wp\/v2\/media?parent=72186"}],"wp:term":[{"taxonomy":"product_brand","embeddable":true,"href":"https:\/\/farmerrain.com\/en\/wp-json\/wp\/v2\/product_brand?post=72186"},{"taxonomy":"product_cat","embeddable":true,"href":"https:\/\/farmerrain.com\/en\/wp-json\/wp\/v2\/product_cat?post=72186"},{"taxonomy":"product_tag","embeddable":true,"href":"https:\/\/farmerrain.com\/en\/wp-json\/wp\/v2\/product_tag?post=72186"},{"taxonomy":"activity","embeddable":true,"href":"https:\/\/farmerrain.com\/en\/wp-json\/wp\/v2\/activity?post=72186"}],"curies":[{"name":"wp","href":"https:\/\/api.w.org\/{rel}","templated":true}]}}