{"id":71995,"date":"2025-09-18T19:51:06","date_gmt":"2025-09-18T17:51:06","guid":{"rendered":"https:\/\/farmerrain.com\/?post_type=product&#038;p=71995"},"modified":"2026-04-21T21:29:13","modified_gmt":"2026-04-21T19:29:13","slug":"sauna-hoodie","status":"publish","type":"product","link":"https:\/\/farmerrain.com\/en\/product\/sauna-hoodie\/","title":{"rendered":"Sauna Hoodie"},"content":{"rendered":"<p>An anorak in hoodie style<\/p>\n<p>The hoodie is unlined.<\/p>\n<p>Pockets like a hoodie<\/p>\n<p>Elastic at the bottom and also in elastic at the cuffs.<\/p>\n<p>Hood with drawstrings<\/p>\n<p>&nbsp;<\/p>\n<p>Material<\/p>\n<p>Shiny bio+<\/p>\n<p>400 grams<\/p>\n<p>Water column &gt;20000mm<\/p>\n","protected":false},"excerpt":{"rendered":"<p>An anorak in hoodie style The hoodie is unlined. Pockets like a hoodie Elastic at the bottom and also in elastic at the cuffs. Hood with drawstrings &nbsp; Material Shiny bio+ 400 grams Water column &gt;20000mm<\/p>\n","protected":false},"featured_media":72012,"comment_status":"open","ping_status":"closed","template":"","meta":{"_acf_changed":false},"product_brand":[],"product_cat":[1222,1219],"product_tag":[310,764],"activity":[1047,1046],"class_list":{"0":"post-71995","1":"product","2":"type-product","3":"status-publish","4":"has-post-thumbnail","6":"product_cat-anorak-rainwear-farmerrain","7":"product_cat-rainwear","8":"product_tag-mode-en","9":"product_tag-yrkesklader-en","10":"activity-anorak-everyday-and-commuting","11":"activity-everyday-commuting","13":"first","14":"instock","15":"taxable","16":"shipping-taxable","17":"purchasable","18":"product-type-variable","19":"has-default-attributes","20":"rtwpvg-product","21":"rtwpvs-product"},"acf":[],"shsp-ext":{"main":{},"variations":[]},"yoast_head":"<!-- This site is optimized with the Yoast SEO plugin v27.2 - https:\/\/yoast.com\/product\/yoast-seo-wordpress\/ -->\n<title>Sauna Hoodie | Farmerrain - H\u00e5llbara regnkl\u00e4der<\/title>\n<meta name=\"description\" content=\"An anorak in hoodie style The hoodie is unlined. Pockets like a hoodie Elastic at the bottom and also in elastic at the cuffs. Hood with drawstrings\" \/>\n<meta name=\"robots\" content=\"index, follow, max-snippet:-1, max-image-preview:large, max-video-preview:-1\" \/>\n<link rel=\"canonical\" href=\"https:\/\/farmerrain.com\/en\/product\/sauna-hoodie\/\" \/>\n<meta property=\"og:locale\" content=\"en_US\" \/>\n<meta property=\"og:type\" content=\"article\" \/>\n<meta property=\"og:title\" content=\"Sauna Hoodie | Farmerrain - H\u00e5llbara regnkl\u00e4der\" \/>\n<meta property=\"og:description\" content=\"An anorak in hoodie style The hoodie is unlined. Pockets like a hoodie Elastic at the bottom and also in elastic at the cuffs. Hood with drawstrings\" \/>\n<meta property=\"og:url\" content=\"https:\/\/farmerrain.com\/en\/product\/sauna-hoodie\/\" \/>\n<meta property=\"og:site_name\" content=\"Farmerrain - H\u00e5llbara regnkl\u00e4der\" \/>\n<meta property=\"article:publisher\" content=\"https:\/\/www.facebook.com\/people\/Farmerrain\/100063463901438\/\" \/>\n<meta property=\"article:modified_time\" content=\"2026-04-21T19:29:13+00:00\" \/>\n<meta property=\"og:image\" content=\"https:\/\/farmerrain.com\/wp-content\/uploads\/2025\/09\/Lova-och-Giulia-3.jpg\" \/>\n\t<meta property=\"og:image:width\" content=\"1080\" \/>\n\t<meta property=\"og:image:height\" content=\"1440\" \/>\n\t<meta property=\"og:image:type\" content=\"image\/jpeg\" \/>\n<meta name=\"twitter:card\" content=\"summary_large_image\" \/>\n<meta name=\"twitter:label1\" content=\"Est. reading time\" \/>\n\t<meta name=\"twitter:data1\" content=\"1 minute\" \/>\n<script type=\"application\/ld+json\" class=\"yoast-schema-graph\">{\"@context\":\"https:\/\/schema.org\",\"@graph\":[{\"@type\":\"WebPage\",\"@id\":\"https:\/\/farmerrain.com\/en\/product\/sauna-hoodie\/\",\"url\":\"https:\/\/farmerrain.com\/en\/product\/sauna-hoodie\/\",\"name\":\"Sauna Hoodie | Farmerrain - H\u00e5llbara regnkl\u00e4der\",\"isPartOf\":{\"@id\":\"https:\/\/farmerrain.com\/#website\"},\"primaryImageOfPage\":{\"@id\":\"https:\/\/farmerrain.com\/en\/product\/sauna-hoodie\/#primaryimage\"},\"image\":{\"@id\":\"https:\/\/farmerrain.com\/en\/product\/sauna-hoodie\/#primaryimage\"},\"thumbnailUrl\":\"https:\/\/farmerrain.com\/wp-content\/uploads\/2025\/09\/Lova-och-Giulia-3.jpg\",\"datePublished\":\"2025-09-18T17:51:06+00:00\",\"dateModified\":\"2026-04-21T19:29:13+00:00\",\"description\":\"An anorak in hoodie style The hoodie is unlined. Pockets like a hoodie Elastic at the bottom and also in elastic at the cuffs. Hood with drawstrings\",\"breadcrumb\":{\"@id\":\"https:\/\/farmerrain.com\/en\/product\/sauna-hoodie\/#breadcrumb\"},\"inLanguage\":\"en-US\",\"potentialAction\":[{\"@type\":\"ReadAction\",\"target\":[\"https:\/\/farmerrain.com\/en\/product\/sauna-hoodie\/\"]}]},{\"@type\":\"ImageObject\",\"inLanguage\":\"en-US\",\"@id\":\"https:\/\/farmerrain.com\/en\/product\/sauna-hoodie\/#primaryimage\",\"url\":\"https:\/\/farmerrain.com\/wp-content\/uploads\/2025\/09\/Lova-och-Giulia-3.jpg\",\"contentUrl\":\"https:\/\/farmerrain.com\/wp-content\/uploads\/2025\/09\/Lova-och-Giulia-3.jpg\",\"width\":1080,\"height\":1440},{\"@type\":\"BreadcrumbList\",\"@id\":\"https:\/\/farmerrain.com\/en\/product\/sauna-hoodie\/#breadcrumb\",\"itemListElement\":[{\"@type\":\"ListItem\",\"position\":1,\"name\":\"Shop\",\"item\":\"https:\/\/farmerrain.com\/en\/shop-2\/\"},{\"@type\":\"ListItem\",\"position\":2,\"name\":\"Sauna Hoodie\"}]},{\"@type\":\"WebSite\",\"@id\":\"https:\/\/farmerrain.com\/#website\",\"url\":\"https:\/\/farmerrain.com\/\",\"name\":\"Farmerrain - H\u00e5llbara regnkl\u00e4der\",\"description\":\"Regnkl\u00e4der med fokus p\u00e5 h\u00e5llbarhet, funktionalitet och unik design.\",\"publisher\":{\"@id\":\"https:\/\/farmerrain.com\/#organization\"},\"potentialAction\":[{\"@type\":\"SearchAction\",\"target\":{\"@type\":\"EntryPoint\",\"urlTemplate\":\"https:\/\/farmerrain.com\/?s={search_term_string}\"},\"query-input\":{\"@type\":\"PropertyValueSpecification\",\"valueRequired\":true,\"valueName\":\"search_term_string\"}}],\"inLanguage\":\"en-US\"},{\"@type\":\"Organization\",\"@id\":\"https:\/\/farmerrain.com\/#organization\",\"name\":\"Farmerrain\",\"url\":\"https:\/\/farmerrain.com\/\",\"logo\":{\"@type\":\"ImageObject\",\"inLanguage\":\"en-US\",\"@id\":\"https:\/\/farmerrain.com\/#\/schema\/logo\/image\/\",\"url\":\"https:\/\/farmerrain.com\/wp-content\/uploads\/2023\/03\/fr_logo.png\",\"contentUrl\":\"https:\/\/farmerrain.com\/wp-content\/uploads\/2023\/03\/fr_logo.png\",\"width\":179,\"height\":23,\"caption\":\"Farmerrain\"},\"image\":{\"@id\":\"https:\/\/farmerrain.com\/#\/schema\/logo\/image\/\"},\"sameAs\":[\"https:\/\/www.facebook.com\/people\/Farmerrain\/100063463901438\/\"]}]}<\/script>\n<!-- \/ Yoast SEO plugin. -->","yoast_head_json":{"title":"Sauna Hoodie | Farmerrain - H\u00e5llbara regnkl\u00e4der","description":"An anorak in hoodie style The hoodie is unlined. Pockets like a hoodie Elastic at the bottom and also in elastic at the cuffs. Hood with drawstrings","robots":{"index":"index","follow":"follow","max-snippet":"max-snippet:-1","max-image-preview":"max-image-preview:large","max-video-preview":"max-video-preview:-1"},"canonical":"https:\/\/farmerrain.com\/en\/product\/sauna-hoodie\/","og_locale":"en_US","og_type":"article","og_title":"Sauna Hoodie | Farmerrain - H\u00e5llbara regnkl\u00e4der","og_description":"An anorak in hoodie style The hoodie is unlined. Pockets like a hoodie Elastic at the bottom and also in elastic at the cuffs. Hood with drawstrings","og_url":"https:\/\/farmerrain.com\/en\/product\/sauna-hoodie\/","og_site_name":"Farmerrain - H\u00e5llbara regnkl\u00e4der","article_publisher":"https:\/\/www.facebook.com\/people\/Farmerrain\/100063463901438\/","article_modified_time":"2026-04-21T19:29:13+00:00","og_image":[{"width":1080,"height":1440,"url":"https:\/\/farmerrain.com\/wp-content\/uploads\/2025\/09\/Lova-och-Giulia-3.jpg","type":"image\/jpeg"}],"twitter_card":"summary_large_image","twitter_misc":{"Est. reading time":"1 minute"},"schema":{"@context":"https:\/\/schema.org","@graph":[{"@type":"WebPage","@id":"https:\/\/farmerrain.com\/en\/product\/sauna-hoodie\/","url":"https:\/\/farmerrain.com\/en\/product\/sauna-hoodie\/","name":"Sauna Hoodie | Farmerrain - H\u00e5llbara regnkl\u00e4der","isPartOf":{"@id":"https:\/\/farmerrain.com\/#website"},"primaryImageOfPage":{"@id":"https:\/\/farmerrain.com\/en\/product\/sauna-hoodie\/#primaryimage"},"image":{"@id":"https:\/\/farmerrain.com\/en\/product\/sauna-hoodie\/#primaryimage"},"thumbnailUrl":"https:\/\/farmerrain.com\/wp-content\/uploads\/2025\/09\/Lova-och-Giulia-3.jpg","datePublished":"2025-09-18T17:51:06+00:00","dateModified":"2026-04-21T19:29:13+00:00","description":"An anorak in hoodie style The hoodie is unlined. Pockets like a hoodie Elastic at the bottom and also in elastic at the cuffs. Hood with drawstrings","breadcrumb":{"@id":"https:\/\/farmerrain.com\/en\/product\/sauna-hoodie\/#breadcrumb"},"inLanguage":"en-US","potentialAction":[{"@type":"ReadAction","target":["https:\/\/farmerrain.com\/en\/product\/sauna-hoodie\/"]}]},{"@type":"ImageObject","inLanguage":"en-US","@id":"https:\/\/farmerrain.com\/en\/product\/sauna-hoodie\/#primaryimage","url":"https:\/\/farmerrain.com\/wp-content\/uploads\/2025\/09\/Lova-och-Giulia-3.jpg","contentUrl":"https:\/\/farmerrain.com\/wp-content\/uploads\/2025\/09\/Lova-och-Giulia-3.jpg","width":1080,"height":1440},{"@type":"BreadcrumbList","@id":"https:\/\/farmerrain.com\/en\/product\/sauna-hoodie\/#breadcrumb","itemListElement":[{"@type":"ListItem","position":1,"name":"Shop","item":"https:\/\/farmerrain.com\/en\/shop-2\/"},{"@type":"ListItem","position":2,"name":"Sauna Hoodie"}]},{"@type":"WebSite","@id":"https:\/\/farmerrain.com\/#website","url":"https:\/\/farmerrain.com\/","name":"Farmerrain - H\u00e5llbara regnkl\u00e4der","description":"Regnkl\u00e4der med fokus p\u00e5 h\u00e5llbarhet, funktionalitet och unik design.","publisher":{"@id":"https:\/\/farmerrain.com\/#organization"},"potentialAction":[{"@type":"SearchAction","target":{"@type":"EntryPoint","urlTemplate":"https:\/\/farmerrain.com\/?s={search_term_string}"},"query-input":{"@type":"PropertyValueSpecification","valueRequired":true,"valueName":"search_term_string"}}],"inLanguage":"en-US"},{"@type":"Organization","@id":"https:\/\/farmerrain.com\/#organization","name":"Farmerrain","url":"https:\/\/farmerrain.com\/","logo":{"@type":"ImageObject","inLanguage":"en-US","@id":"https:\/\/farmerrain.com\/#\/schema\/logo\/image\/","url":"https:\/\/farmerrain.com\/wp-content\/uploads\/2023\/03\/fr_logo.png","contentUrl":"https:\/\/farmerrain.com\/wp-content\/uploads\/2023\/03\/fr_logo.png","width":179,"height":23,"caption":"Farmerrain"},"image":{"@id":"https:\/\/farmerrain.com\/#\/schema\/logo\/image\/"},"sameAs":["https:\/\/www.facebook.com\/people\/Farmerrain\/100063463901438\/"]}]}},"_links":{"self":[{"href":"https:\/\/farmerrain.com\/en\/wp-json\/wp\/v2\/product\/71995","targetHints":{"allow":["GET"]}}],"collection":[{"href":"https:\/\/farmerrain.com\/en\/wp-json\/wp\/v2\/product"}],"about":[{"href":"https:\/\/farmerrain.com\/en\/wp-json\/wp\/v2\/types\/product"}],"replies":[{"embeddable":true,"href":"https:\/\/farmerrain.com\/en\/wp-json\/wp\/v2\/comments?post=71995"}],"wp:featuredmedia":[{"embeddable":true,"href":"https:\/\/farmerrain.com\/en\/wp-json\/wp\/v2\/media\/72012"}],"wp:attachment":[{"href":"https:\/\/farmerrain.com\/en\/wp-json\/wp\/v2\/media?parent=71995"}],"wp:term":[{"taxonomy":"product_brand","embeddable":true,"href":"https:\/\/farmerrain.com\/en\/wp-json\/wp\/v2\/product_brand?post=71995"},{"taxonomy":"product_cat","embeddable":true,"href":"https:\/\/farmerrain.com\/en\/wp-json\/wp\/v2\/product_cat?post=71995"},{"taxonomy":"product_tag","embeddable":true,"href":"https:\/\/farmerrain.com\/en\/wp-json\/wp\/v2\/product_tag?post=71995"},{"taxonomy":"activity","embeddable":true,"href":"https:\/\/farmerrain.com\/en\/wp-json\/wp\/v2\/activity?post=71995"}],"curies":[{"name":"wp","href":"https:\/\/api.w.org\/{rel}","templated":true}]}}