{"id":70881,"date":"2025-07-01T17:43:45","date_gmt":"2025-07-01T15:43:45","guid":{"rendered":"https:\/\/farmerrain.com\/?post_type=product&#038;p=70881"},"modified":"2026-03-31T23:32:20","modified_gmt":"2026-03-31T21:32:20","slug":"joha-jacket-bio","status":"publish","type":"product","link":"https:\/\/farmerrain.com\/en\/product\/joha-jacket-bio\/","title":{"rendered":"Joha jacket Bio+"},"content":{"rendered":"<p>This classic rain jacket is a unisex model with a straight fit.<\/p>\n<p>It is double breasted with lock functionality, which keeps the moisture out, and Raglan sleeves for best mobility, with cuffs in armend.<\/p>\n<p>The hood has a screen and can be adjusted with a drawstring.<\/p>\n<p>It is lined with Manchester fabric and has two large front pockets with flaps.<\/p>\n<p>There is a drawstring at the bottom for individual adjustment.<\/p>\n<p>Welded seams.<\/p>\n<p>MATERIAL<\/p>\n<p>PVC Biovinyl+\u2122\u00a0 430g\/m2.<\/p>\n<p>Cold and Oilresistant,<\/p>\n<p>water column &gt;20000mm<\/p>\n<p>&nbsp;<\/p>\n","protected":false},"excerpt":{"rendered":"<p>This classic rain jacket is a unisex model with a straight fit. It is double breasted with lock functionality, which keeps the moisture out, and Raglan sleeves for best mobility, with cuffs in armend. The hood has a screen and can be adjusted with a drawstring. It is lined with Manchester fabric and has two [&hellip;]<\/p>\n","protected":false},"featured_media":71078,"comment_status":"open","ping_status":"closed","template":"","meta":{"_acf_changed":false},"product_brand":[],"product_cat":[1220,1219],"product_tag":[310,764],"activity":[1046,997,1005,1054],"class_list":{"0":"post-70881","1":"product","2":"type-product","3":"status-publish","4":"has-post-thumbnail","6":"product_cat-rain-jackets-rainwear","7":"product_cat-rainwear","8":"product_tag-mode-en","9":"product_tag-yrkesklader-en","10":"activity-everyday-commuting","11":"activity-hiking-nature","12":"activity-rain-jackets-hiking-and-nature","13":"activity-rain-jackets-everyday-and-commuting","15":"first","16":"instock","17":"taxable","18":"shipping-taxable","19":"purchasable","20":"product-type-variable","21":"has-default-attributes","22":"rtwpvg-product","23":"rtwpvs-product"},"acf":[],"shsp-ext":{"main":{},"variations":[]},"yoast_head":"<!-- This site is optimized with the Yoast SEO plugin v27.2 - https:\/\/yoast.com\/product\/yoast-seo-wordpress\/ -->\n<title>Joha jacket Bio+ | Farmerrain - H\u00e5llbara regnkl\u00e4der<\/title>\n<meta name=\"description\" content=\"This classic rain jacket is a unisex model with a straight fit. It is double breasted with lock functionality, which keeps the moisture out, and Raglan\" \/>\n<meta name=\"robots\" content=\"index, follow, max-snippet:-1, max-image-preview:large, max-video-preview:-1\" \/>\n<link rel=\"canonical\" href=\"https:\/\/farmerrain.com\/en\/product\/joha-jacket-bio\/\" \/>\n<meta property=\"og:locale\" content=\"en_US\" \/>\n<meta property=\"og:type\" content=\"article\" \/>\n<meta property=\"og:title\" content=\"Joha jacket Bio+ | Farmerrain - H\u00e5llbara regnkl\u00e4der\" \/>\n<meta property=\"og:description\" content=\"This classic rain jacket is a unisex model with a straight fit. It is double breasted with lock functionality, which keeps the moisture out, and Raglan\" \/>\n<meta property=\"og:url\" content=\"https:\/\/farmerrain.com\/en\/product\/joha-jacket-bio\/\" \/>\n<meta property=\"og:site_name\" content=\"Farmerrain - H\u00e5llbara regnkl\u00e4der\" \/>\n<meta property=\"article:publisher\" content=\"https:\/\/www.facebook.com\/people\/Farmerrain\/100063463901438\/\" \/>\n<meta property=\"article:modified_time\" content=\"2026-03-31T21:32:20+00:00\" \/>\n<meta property=\"og:image\" content=\"https:\/\/farmerrain.com\/wp-content\/uploads\/2025\/07\/ElinEllen-och-Wilma-214.jpg\" \/>\n\t<meta property=\"og:image:width\" content=\"1080\" \/>\n\t<meta property=\"og:image:height\" content=\"1350\" \/>\n\t<meta property=\"og:image:type\" content=\"image\/jpeg\" \/>\n<meta name=\"twitter:card\" content=\"summary_large_image\" \/>\n<meta name=\"twitter:label1\" content=\"Est. reading time\" \/>\n\t<meta name=\"twitter:data1\" content=\"1 minute\" \/>\n<script type=\"application\/ld+json\" class=\"yoast-schema-graph\">{\"@context\":\"https:\/\/schema.org\",\"@graph\":[{\"@type\":\"WebPage\",\"@id\":\"https:\/\/farmerrain.com\/en\/product\/joha-jacket-bio\/\",\"url\":\"https:\/\/farmerrain.com\/en\/product\/joha-jacket-bio\/\",\"name\":\"Joha jacket Bio+ | Farmerrain - H\u00e5llbara regnkl\u00e4der\",\"isPartOf\":{\"@id\":\"https:\/\/farmerrain.com\/#website\"},\"primaryImageOfPage\":{\"@id\":\"https:\/\/farmerrain.com\/en\/product\/joha-jacket-bio\/#primaryimage\"},\"image\":{\"@id\":\"https:\/\/farmerrain.com\/en\/product\/joha-jacket-bio\/#primaryimage\"},\"thumbnailUrl\":\"https:\/\/farmerrain.com\/wp-content\/uploads\/2025\/07\/ElinEllen-och-Wilma-214.jpg\",\"datePublished\":\"2025-07-01T15:43:45+00:00\",\"dateModified\":\"2026-03-31T21:32:20+00:00\",\"description\":\"This classic rain jacket is a unisex model with a straight fit. It is double breasted with lock functionality, which keeps the moisture out, and Raglan\",\"breadcrumb\":{\"@id\":\"https:\/\/farmerrain.com\/en\/product\/joha-jacket-bio\/#breadcrumb\"},\"inLanguage\":\"en-US\",\"potentialAction\":[{\"@type\":\"ReadAction\",\"target\":[\"https:\/\/farmerrain.com\/en\/product\/joha-jacket-bio\/\"]}]},{\"@type\":\"ImageObject\",\"inLanguage\":\"en-US\",\"@id\":\"https:\/\/farmerrain.com\/en\/product\/joha-jacket-bio\/#primaryimage\",\"url\":\"https:\/\/farmerrain.com\/wp-content\/uploads\/2025\/07\/ElinEllen-och-Wilma-214.jpg\",\"contentUrl\":\"https:\/\/farmerrain.com\/wp-content\/uploads\/2025\/07\/ElinEllen-och-Wilma-214.jpg\",\"width\":1080,\"height\":1350},{\"@type\":\"BreadcrumbList\",\"@id\":\"https:\/\/farmerrain.com\/en\/product\/joha-jacket-bio\/#breadcrumb\",\"itemListElement\":[{\"@type\":\"ListItem\",\"position\":1,\"name\":\"Shop\",\"item\":\"https:\/\/farmerrain.com\/en\/shop-2\/\"},{\"@type\":\"ListItem\",\"position\":2,\"name\":\"Joha jacket Bio+\"}]},{\"@type\":\"WebSite\",\"@id\":\"https:\/\/farmerrain.com\/#website\",\"url\":\"https:\/\/farmerrain.com\/\",\"name\":\"Farmerrain - H\u00e5llbara regnkl\u00e4der\",\"description\":\"Regnkl\u00e4der med fokus p\u00e5 h\u00e5llbarhet, funktionalitet och unik design.\",\"publisher\":{\"@id\":\"https:\/\/farmerrain.com\/#organization\"},\"potentialAction\":[{\"@type\":\"SearchAction\",\"target\":{\"@type\":\"EntryPoint\",\"urlTemplate\":\"https:\/\/farmerrain.com\/?s={search_term_string}\"},\"query-input\":{\"@type\":\"PropertyValueSpecification\",\"valueRequired\":true,\"valueName\":\"search_term_string\"}}],\"inLanguage\":\"en-US\"},{\"@type\":\"Organization\",\"@id\":\"https:\/\/farmerrain.com\/#organization\",\"name\":\"Farmerrain\",\"url\":\"https:\/\/farmerrain.com\/\",\"logo\":{\"@type\":\"ImageObject\",\"inLanguage\":\"en-US\",\"@id\":\"https:\/\/farmerrain.com\/#\/schema\/logo\/image\/\",\"url\":\"https:\/\/farmerrain.com\/wp-content\/uploads\/2023\/03\/fr_logo.png\",\"contentUrl\":\"https:\/\/farmerrain.com\/wp-content\/uploads\/2023\/03\/fr_logo.png\",\"width\":179,\"height\":23,\"caption\":\"Farmerrain\"},\"image\":{\"@id\":\"https:\/\/farmerrain.com\/#\/schema\/logo\/image\/\"},\"sameAs\":[\"https:\/\/www.facebook.com\/people\/Farmerrain\/100063463901438\/\"]}]}<\/script>\n<!-- \/ Yoast SEO plugin. -->","yoast_head_json":{"title":"Joha jacket Bio+ | Farmerrain - H\u00e5llbara regnkl\u00e4der","description":"This classic rain jacket is a unisex model with a straight fit. It is double breasted with lock functionality, which keeps the moisture out, and Raglan","robots":{"index":"index","follow":"follow","max-snippet":"max-snippet:-1","max-image-preview":"max-image-preview:large","max-video-preview":"max-video-preview:-1"},"canonical":"https:\/\/farmerrain.com\/en\/product\/joha-jacket-bio\/","og_locale":"en_US","og_type":"article","og_title":"Joha jacket Bio+ | Farmerrain - H\u00e5llbara regnkl\u00e4der","og_description":"This classic rain jacket is a unisex model with a straight fit. It is double breasted with lock functionality, which keeps the moisture out, and Raglan","og_url":"https:\/\/farmerrain.com\/en\/product\/joha-jacket-bio\/","og_site_name":"Farmerrain - H\u00e5llbara regnkl\u00e4der","article_publisher":"https:\/\/www.facebook.com\/people\/Farmerrain\/100063463901438\/","article_modified_time":"2026-03-31T21:32:20+00:00","og_image":[{"width":1080,"height":1350,"url":"https:\/\/farmerrain.com\/wp-content\/uploads\/2025\/07\/ElinEllen-och-Wilma-214.jpg","type":"image\/jpeg"}],"twitter_card":"summary_large_image","twitter_misc":{"Est. reading time":"1 minute"},"schema":{"@context":"https:\/\/schema.org","@graph":[{"@type":"WebPage","@id":"https:\/\/farmerrain.com\/en\/product\/joha-jacket-bio\/","url":"https:\/\/farmerrain.com\/en\/product\/joha-jacket-bio\/","name":"Joha jacket Bio+ | Farmerrain - H\u00e5llbara regnkl\u00e4der","isPartOf":{"@id":"https:\/\/farmerrain.com\/#website"},"primaryImageOfPage":{"@id":"https:\/\/farmerrain.com\/en\/product\/joha-jacket-bio\/#primaryimage"},"image":{"@id":"https:\/\/farmerrain.com\/en\/product\/joha-jacket-bio\/#primaryimage"},"thumbnailUrl":"https:\/\/farmerrain.com\/wp-content\/uploads\/2025\/07\/ElinEllen-och-Wilma-214.jpg","datePublished":"2025-07-01T15:43:45+00:00","dateModified":"2026-03-31T21:32:20+00:00","description":"This classic rain jacket is a unisex model with a straight fit. It is double breasted with lock functionality, which keeps the moisture out, and Raglan","breadcrumb":{"@id":"https:\/\/farmerrain.com\/en\/product\/joha-jacket-bio\/#breadcrumb"},"inLanguage":"en-US","potentialAction":[{"@type":"ReadAction","target":["https:\/\/farmerrain.com\/en\/product\/joha-jacket-bio\/"]}]},{"@type":"ImageObject","inLanguage":"en-US","@id":"https:\/\/farmerrain.com\/en\/product\/joha-jacket-bio\/#primaryimage","url":"https:\/\/farmerrain.com\/wp-content\/uploads\/2025\/07\/ElinEllen-och-Wilma-214.jpg","contentUrl":"https:\/\/farmerrain.com\/wp-content\/uploads\/2025\/07\/ElinEllen-och-Wilma-214.jpg","width":1080,"height":1350},{"@type":"BreadcrumbList","@id":"https:\/\/farmerrain.com\/en\/product\/joha-jacket-bio\/#breadcrumb","itemListElement":[{"@type":"ListItem","position":1,"name":"Shop","item":"https:\/\/farmerrain.com\/en\/shop-2\/"},{"@type":"ListItem","position":2,"name":"Joha jacket Bio+"}]},{"@type":"WebSite","@id":"https:\/\/farmerrain.com\/#website","url":"https:\/\/farmerrain.com\/","name":"Farmerrain - H\u00e5llbara regnkl\u00e4der","description":"Regnkl\u00e4der med fokus p\u00e5 h\u00e5llbarhet, funktionalitet och unik design.","publisher":{"@id":"https:\/\/farmerrain.com\/#organization"},"potentialAction":[{"@type":"SearchAction","target":{"@type":"EntryPoint","urlTemplate":"https:\/\/farmerrain.com\/?s={search_term_string}"},"query-input":{"@type":"PropertyValueSpecification","valueRequired":true,"valueName":"search_term_string"}}],"inLanguage":"en-US"},{"@type":"Organization","@id":"https:\/\/farmerrain.com\/#organization","name":"Farmerrain","url":"https:\/\/farmerrain.com\/","logo":{"@type":"ImageObject","inLanguage":"en-US","@id":"https:\/\/farmerrain.com\/#\/schema\/logo\/image\/","url":"https:\/\/farmerrain.com\/wp-content\/uploads\/2023\/03\/fr_logo.png","contentUrl":"https:\/\/farmerrain.com\/wp-content\/uploads\/2023\/03\/fr_logo.png","width":179,"height":23,"caption":"Farmerrain"},"image":{"@id":"https:\/\/farmerrain.com\/#\/schema\/logo\/image\/"},"sameAs":["https:\/\/www.facebook.com\/people\/Farmerrain\/100063463901438\/"]}]}},"_links":{"self":[{"href":"https:\/\/farmerrain.com\/en\/wp-json\/wp\/v2\/product\/70881","targetHints":{"allow":["GET"]}}],"collection":[{"href":"https:\/\/farmerrain.com\/en\/wp-json\/wp\/v2\/product"}],"about":[{"href":"https:\/\/farmerrain.com\/en\/wp-json\/wp\/v2\/types\/product"}],"replies":[{"embeddable":true,"href":"https:\/\/farmerrain.com\/en\/wp-json\/wp\/v2\/comments?post=70881"}],"wp:featuredmedia":[{"embeddable":true,"href":"https:\/\/farmerrain.com\/en\/wp-json\/wp\/v2\/media\/71078"}],"wp:attachment":[{"href":"https:\/\/farmerrain.com\/en\/wp-json\/wp\/v2\/media?parent=70881"}],"wp:term":[{"taxonomy":"product_brand","embeddable":true,"href":"https:\/\/farmerrain.com\/en\/wp-json\/wp\/v2\/product_brand?post=70881"},{"taxonomy":"product_cat","embeddable":true,"href":"https:\/\/farmerrain.com\/en\/wp-json\/wp\/v2\/product_cat?post=70881"},{"taxonomy":"product_tag","embeddable":true,"href":"https:\/\/farmerrain.com\/en\/wp-json\/wp\/v2\/product_tag?post=70881"},{"taxonomy":"activity","embeddable":true,"href":"https:\/\/farmerrain.com\/en\/wp-json\/wp\/v2\/activity?post=70881"}],"curies":[{"name":"wp","href":"https:\/\/api.w.org\/{rel}","templated":true}]}}