{"id":70476,"date":"2025-06-19T12:24:05","date_gmt":"2025-06-19T10:24:05","guid":{"rendered":"https:\/\/farmerrain.com\/?post_type=product&#038;p=70476"},"modified":"2026-05-04T19:51:02","modified_gmt":"2026-05-04T17:51:02","slug":"joker-windcheater","status":"publish","type":"product","link":"https:\/\/farmerrain.com\/en\/product\/joker-windcheater\/","title":{"rendered":"Joker Windcheater Bio+"},"content":{"rendered":"<p>This classic windcheater is a unisex model in a straight breathable fit.<\/p>\n<p>Large front pockets with flaps.<\/p>\n<p>Elastic cuffs.<\/p>\n<p>The hood has a drawstring with lock.<\/p>\n<p>Adjustable with drawstring at the bottom.<\/p>\n<p>Welded seams.<\/p>\n<p><strong>MATERIAL<\/strong><br \/>\nBiovinyl+ fabric 430g\/m2.<\/p>\n<p>Cold and Oil resistant,<\/p>\n<p>water column &gt;20000.<\/p>\n","protected":false},"excerpt":{"rendered":"<p>This classic windcheater is a unisex model in a straight breathable fit. Large front pockets with flaps. Elastic cuffs. The hood has a drawstring with lock. Adjustable with drawstring at the bottom. Welded seams. MATERIAL Biovinyl+ fabric 430g\/m2. Cold and Oil resistant, water column &gt;20000.<\/p>\n","protected":false},"featured_media":79889,"comment_status":"open","ping_status":"closed","template":"","meta":{"_acf_changed":false},"product_brand":[],"product_cat":[1222,1219],"product_tag":[764],"activity":[973,1031,1265,1030],"class_list":{"0":"post-70476","1":"product","2":"type-product","3":"status-publish","4":"has-post-thumbnail","6":"product_cat-anorak-rainwear-farmerrain","7":"product_cat-rainwear","8":"product_tag-yrkesklader-en","9":"activity-anorak-outdoor-work","10":"activity-anorak-stable-and-country-life","11":"activity-outdoor-work","12":"activity-stable-country-life","14":"first","15":"instock","16":"taxable","17":"shipping-taxable","18":"purchasable","19":"product-type-variable","20":"has-default-attributes","21":"rtwpvg-product","22":"rtwpvs-product"},"acf":[],"shsp-ext":{"main":{},"variations":[]},"yoast_head":"<!-- This site is optimized with the Yoast SEO plugin v27.5 - https:\/\/yoast.com\/product\/yoast-seo-wordpress\/ -->\n<title>Joker Windcheater Bio+ | Farmerrain - H\u00e5llbara regnkl\u00e4der<\/title>\n<meta name=\"description\" content=\"This classic windcheater is a unisex model in a straight breathable fit. Large front pockets with flaps. Elastic cuffs. The hood has a drawstring with\" \/>\n<meta name=\"robots\" content=\"index, follow, max-snippet:-1, max-image-preview:large, max-video-preview:-1\" \/>\n<link rel=\"canonical\" href=\"https:\/\/farmerrain.com\/produkt\/joker-anorak\/\" \/>\n<meta property=\"og:locale\" content=\"en_US\" \/>\n<meta property=\"og:type\" content=\"article\" \/>\n<meta property=\"og:title\" content=\"Joker Windcheater Bio+ | Farmerrain - H\u00e5llbara regnkl\u00e4der\" \/>\n<meta property=\"og:description\" content=\"This classic windcheater is a unisex model in a straight breathable fit. Large front pockets with flaps. Elastic cuffs. The hood has a drawstring with\" \/>\n<meta property=\"og:url\" content=\"https:\/\/farmerrain.com\/produkt\/joker-anorak\/\" \/>\n<meta property=\"og:site_name\" content=\"Farmerrain - H\u00e5llbara regnkl\u00e4der\" \/>\n<meta property=\"article:publisher\" content=\"https:\/\/www.facebook.com\/people\/Farmerrain\/100063463901438\/\" \/>\n<meta property=\"article:modified_time\" content=\"2026-05-04T17:51:02+00:00\" \/>\n<meta property=\"og:image\" content=\"https:\/\/farmerrain.com\/wp-content\/uploads\/2025\/06\/Karolina-47.jpg\" \/>\n\t<meta property=\"og:image:width\" content=\"1080\" \/>\n\t<meta property=\"og:image:height\" content=\"1350\" \/>\n\t<meta property=\"og:image:type\" content=\"image\/jpeg\" \/>\n<meta name=\"twitter:card\" content=\"summary_large_image\" \/>\n<meta name=\"twitter:label1\" content=\"Est. reading time\" \/>\n\t<meta name=\"twitter:data1\" content=\"1 minute\" \/>\n<script type=\"application\/ld+json\" class=\"yoast-schema-graph\">{\"@context\":\"https:\\\/\\\/schema.org\",\"@graph\":[{\"@type\":\"WebPage\",\"@id\":\"https:\\\/\\\/farmerrain.com\\\/produkt\\\/joker-anorak\\\/\",\"url\":\"https:\\\/\\\/farmerrain.com\\\/produkt\\\/joker-anorak\\\/\",\"name\":\"Joker Windcheater Bio+ | Farmerrain - H\u00e5llbara regnkl\u00e4der\",\"isPartOf\":{\"@id\":\"https:\\\/\\\/farmerrain.com\\\/#website\"},\"primaryImageOfPage\":{\"@id\":\"https:\\\/\\\/farmerrain.com\\\/produkt\\\/joker-anorak\\\/#primaryimage\"},\"image\":{\"@id\":\"https:\\\/\\\/farmerrain.com\\\/produkt\\\/joker-anorak\\\/#primaryimage\"},\"thumbnailUrl\":\"https:\\\/\\\/farmerrain.com\\\/wp-content\\\/uploads\\\/2025\\\/06\\\/Karolina-47.jpg\",\"datePublished\":\"2025-06-19T10:24:05+00:00\",\"dateModified\":\"2026-05-04T17:51:02+00:00\",\"description\":\"This classic windcheater is a unisex model in a straight breathable fit. Large front pockets with flaps. Elastic cuffs. The hood has a drawstring with\",\"breadcrumb\":{\"@id\":\"https:\\\/\\\/farmerrain.com\\\/produkt\\\/joker-anorak\\\/#breadcrumb\"},\"inLanguage\":\"en-US\",\"potentialAction\":[{\"@type\":\"ReadAction\",\"target\":[\"https:\\\/\\\/farmerrain.com\\\/produkt\\\/joker-anorak\\\/\"]}]},{\"@type\":\"ImageObject\",\"inLanguage\":\"en-US\",\"@id\":\"https:\\\/\\\/farmerrain.com\\\/produkt\\\/joker-anorak\\\/#primaryimage\",\"url\":\"https:\\\/\\\/farmerrain.com\\\/wp-content\\\/uploads\\\/2025\\\/06\\\/Karolina-47.jpg\",\"contentUrl\":\"https:\\\/\\\/farmerrain.com\\\/wp-content\\\/uploads\\\/2025\\\/06\\\/Karolina-47.jpg\",\"width\":1080,\"height\":1350},{\"@type\":\"BreadcrumbList\",\"@id\":\"https:\\\/\\\/farmerrain.com\\\/produkt\\\/joker-anorak\\\/#breadcrumb\",\"itemListElement\":[{\"@type\":\"ListItem\",\"position\":1,\"name\":\"Shop\",\"item\":\"https:\\\/\\\/farmerrain.com\\\/en\\\/shop-2\\\/\"},{\"@type\":\"ListItem\",\"position\":2,\"name\":\"Joker Windcheater Bio+\"}]},{\"@type\":\"WebSite\",\"@id\":\"https:\\\/\\\/farmerrain.com\\\/#website\",\"url\":\"https:\\\/\\\/farmerrain.com\\\/\",\"name\":\"Farmerrain - H\u00e5llbara regnkl\u00e4der\",\"description\":\"Regnkl\u00e4der med fokus p\u00e5 h\u00e5llbarhet, funktionalitet och unik design.\",\"publisher\":{\"@id\":\"https:\\\/\\\/farmerrain.com\\\/#organization\"},\"potentialAction\":[{\"@type\":\"SearchAction\",\"target\":{\"@type\":\"EntryPoint\",\"urlTemplate\":\"https:\\\/\\\/farmerrain.com\\\/?s={search_term_string}\"},\"query-input\":{\"@type\":\"PropertyValueSpecification\",\"valueRequired\":true,\"valueName\":\"search_term_string\"}}],\"inLanguage\":\"en-US\"},{\"@type\":\"Organization\",\"@id\":\"https:\\\/\\\/farmerrain.com\\\/#organization\",\"name\":\"Farmerrain\",\"url\":\"https:\\\/\\\/farmerrain.com\\\/\",\"logo\":{\"@type\":\"ImageObject\",\"inLanguage\":\"en-US\",\"@id\":\"https:\\\/\\\/farmerrain.com\\\/#\\\/schema\\\/logo\\\/image\\\/\",\"url\":\"https:\\\/\\\/farmerrain.com\\\/wp-content\\\/uploads\\\/2023\\\/03\\\/fr_logo.png\",\"contentUrl\":\"https:\\\/\\\/farmerrain.com\\\/wp-content\\\/uploads\\\/2023\\\/03\\\/fr_logo.png\",\"width\":179,\"height\":23,\"caption\":\"Farmerrain\"},\"image\":{\"@id\":\"https:\\\/\\\/farmerrain.com\\\/#\\\/schema\\\/logo\\\/image\\\/\"},\"sameAs\":[\"https:\\\/\\\/www.facebook.com\\\/people\\\/Farmerrain\\\/100063463901438\\\/\"]}]}<\/script>\n<!-- \/ Yoast SEO plugin. -->","yoast_head_json":{"title":"Joker Windcheater Bio+ | Farmerrain - H\u00e5llbara regnkl\u00e4der","description":"This classic windcheater is a unisex model in a straight breathable fit. Large front pockets with flaps. Elastic cuffs. The hood has a drawstring with","robots":{"index":"index","follow":"follow","max-snippet":"max-snippet:-1","max-image-preview":"max-image-preview:large","max-video-preview":"max-video-preview:-1"},"canonical":"https:\/\/farmerrain.com\/produkt\/joker-anorak\/","og_locale":"en_US","og_type":"article","og_title":"Joker Windcheater Bio+ | Farmerrain - H\u00e5llbara regnkl\u00e4der","og_description":"This classic windcheater is a unisex model in a straight breathable fit. Large front pockets with flaps. Elastic cuffs. The hood has a drawstring with","og_url":"https:\/\/farmerrain.com\/produkt\/joker-anorak\/","og_site_name":"Farmerrain - H\u00e5llbara regnkl\u00e4der","article_publisher":"https:\/\/www.facebook.com\/people\/Farmerrain\/100063463901438\/","article_modified_time":"2026-05-04T17:51:02+00:00","og_image":[{"width":1080,"height":1350,"url":"https:\/\/farmerrain.com\/wp-content\/uploads\/2025\/06\/Karolina-47.jpg","type":"image\/jpeg"}],"twitter_card":"summary_large_image","twitter_misc":{"Est. reading time":"1 minute"},"schema":{"@context":"https:\/\/schema.org","@graph":[{"@type":"WebPage","@id":"https:\/\/farmerrain.com\/produkt\/joker-anorak\/","url":"https:\/\/farmerrain.com\/produkt\/joker-anorak\/","name":"Joker Windcheater Bio+ | Farmerrain - H\u00e5llbara regnkl\u00e4der","isPartOf":{"@id":"https:\/\/farmerrain.com\/#website"},"primaryImageOfPage":{"@id":"https:\/\/farmerrain.com\/produkt\/joker-anorak\/#primaryimage"},"image":{"@id":"https:\/\/farmerrain.com\/produkt\/joker-anorak\/#primaryimage"},"thumbnailUrl":"https:\/\/farmerrain.com\/wp-content\/uploads\/2025\/06\/Karolina-47.jpg","datePublished":"2025-06-19T10:24:05+00:00","dateModified":"2026-05-04T17:51:02+00:00","description":"This classic windcheater is a unisex model in a straight breathable fit. Large front pockets with flaps. Elastic cuffs. The hood has a drawstring with","breadcrumb":{"@id":"https:\/\/farmerrain.com\/produkt\/joker-anorak\/#breadcrumb"},"inLanguage":"en-US","potentialAction":[{"@type":"ReadAction","target":["https:\/\/farmerrain.com\/produkt\/joker-anorak\/"]}]},{"@type":"ImageObject","inLanguage":"en-US","@id":"https:\/\/farmerrain.com\/produkt\/joker-anorak\/#primaryimage","url":"https:\/\/farmerrain.com\/wp-content\/uploads\/2025\/06\/Karolina-47.jpg","contentUrl":"https:\/\/farmerrain.com\/wp-content\/uploads\/2025\/06\/Karolina-47.jpg","width":1080,"height":1350},{"@type":"BreadcrumbList","@id":"https:\/\/farmerrain.com\/produkt\/joker-anorak\/#breadcrumb","itemListElement":[{"@type":"ListItem","position":1,"name":"Shop","item":"https:\/\/farmerrain.com\/en\/shop-2\/"},{"@type":"ListItem","position":2,"name":"Joker Windcheater Bio+"}]},{"@type":"WebSite","@id":"https:\/\/farmerrain.com\/#website","url":"https:\/\/farmerrain.com\/","name":"Farmerrain - H\u00e5llbara regnkl\u00e4der","description":"Regnkl\u00e4der med fokus p\u00e5 h\u00e5llbarhet, funktionalitet och unik design.","publisher":{"@id":"https:\/\/farmerrain.com\/#organization"},"potentialAction":[{"@type":"SearchAction","target":{"@type":"EntryPoint","urlTemplate":"https:\/\/farmerrain.com\/?s={search_term_string}"},"query-input":{"@type":"PropertyValueSpecification","valueRequired":true,"valueName":"search_term_string"}}],"inLanguage":"en-US"},{"@type":"Organization","@id":"https:\/\/farmerrain.com\/#organization","name":"Farmerrain","url":"https:\/\/farmerrain.com\/","logo":{"@type":"ImageObject","inLanguage":"en-US","@id":"https:\/\/farmerrain.com\/#\/schema\/logo\/image\/","url":"https:\/\/farmerrain.com\/wp-content\/uploads\/2023\/03\/fr_logo.png","contentUrl":"https:\/\/farmerrain.com\/wp-content\/uploads\/2023\/03\/fr_logo.png","width":179,"height":23,"caption":"Farmerrain"},"image":{"@id":"https:\/\/farmerrain.com\/#\/schema\/logo\/image\/"},"sameAs":["https:\/\/www.facebook.com\/people\/Farmerrain\/100063463901438\/"]}]}},"_links":{"self":[{"href":"https:\/\/farmerrain.com\/en\/wp-json\/wp\/v2\/product\/70476","targetHints":{"allow":["GET"]}}],"collection":[{"href":"https:\/\/farmerrain.com\/en\/wp-json\/wp\/v2\/product"}],"about":[{"href":"https:\/\/farmerrain.com\/en\/wp-json\/wp\/v2\/types\/product"}],"replies":[{"embeddable":true,"href":"https:\/\/farmerrain.com\/en\/wp-json\/wp\/v2\/comments?post=70476"}],"wp:featuredmedia":[{"embeddable":true,"href":"https:\/\/farmerrain.com\/en\/wp-json\/wp\/v2\/media\/79889"}],"wp:attachment":[{"href":"https:\/\/farmerrain.com\/en\/wp-json\/wp\/v2\/media?parent=70476"}],"wp:term":[{"taxonomy":"product_brand","embeddable":true,"href":"https:\/\/farmerrain.com\/en\/wp-json\/wp\/v2\/product_brand?post=70476"},{"taxonomy":"product_cat","embeddable":true,"href":"https:\/\/farmerrain.com\/en\/wp-json\/wp\/v2\/product_cat?post=70476"},{"taxonomy":"product_tag","embeddable":true,"href":"https:\/\/farmerrain.com\/en\/wp-json\/wp\/v2\/product_tag?post=70476"},{"taxonomy":"activity","embeddable":true,"href":"https:\/\/farmerrain.com\/en\/wp-json\/wp\/v2\/activity?post=70476"}],"curies":[{"name":"wp","href":"https:\/\/api.w.org\/{rel}","templated":true}]}}