{"id":70426,"date":"2025-06-18T21:56:52","date_gmt":"2025-06-18T19:56:52","guid":{"rendered":"https:\/\/farmerrain.com\/?post_type=product&#038;p=70426"},"modified":"2026-05-04T08:49:12","modified_gmt":"2026-05-04T06:49:12","slug":"joker-jumpsuit","status":"publish","type":"product","link":"https:\/\/farmerrain.com\/en\/product\/joker-jumpsuit\/","title":{"rendered":"Joker Jumpsuit Bio+"},"content":{"rendered":"<p>These unisex waist pants have a shoulder strap with push buttons for easy adjustment.<\/p>\n<p>Waist elastic at the back for a good fit and elastic at the ankle and also at the foot.<\/p>\n<p>Welded seams.<\/p>\n<p><strong>MATERIAL<\/strong><br \/>\nBiovinyl+ fabric 430g \/m2.<\/p>\n<p>Oil and cold resistant,<\/p>\n<p>water column&gt; 20000.<\/p>\n","protected":false},"excerpt":{"rendered":"<p>These unisex waist pants have a shoulder strap with push buttons for easy adjustment. Waist elastic at the back for a good fit and elastic at the ankle and also at the foot. Welded seams. MATERIAL Biovinyl+ fabric 430g \/m2. Oil and cold resistant, water column&gt; 20000.<\/p>\n","protected":false},"featured_media":80408,"comment_status":"open","ping_status":"closed","template":"","meta":{"_acf_changed":false},"product_brand":[],"product_cat":[1223,1219],"product_tag":[764],"activity":[1265,979,1037,1030],"class_list":{"0":"post-70426","1":"product","2":"type-product","3":"status-publish","4":"has-post-thumbnail","6":"product_cat-rain-trousers-rainwear","7":"product_cat-rainwear","8":"product_tag-yrkesklader-en","9":"activity-outdoor-work","10":"activity-rain-trousers-outdoor-work","11":"activity-rain-trousers-stable-and-country-life","12":"activity-stable-country-life","14":"first","15":"instock","16":"taxable","17":"shipping-taxable","18":"purchasable","19":"product-type-variable","20":"has-default-attributes","21":"rtwpvg-product","22":"rtwpvs-product"},"acf":[],"shsp-ext":{"main":{},"variations":[]},"yoast_head":"<!-- This site is optimized with the Yoast SEO plugin v27.5 - https:\/\/yoast.com\/product\/yoast-seo-wordpress\/ -->\n<title>Joker Jumpsuit Bio+ | Farmerrain - H\u00e5llbara regnkl\u00e4der<\/title>\n<meta name=\"description\" content=\"These unisex waist pants have a shoulder strap with push buttons for easy adjustment. Waist elastic at the back for a good fit and elastic at the ankle\" \/>\n<meta name=\"robots\" content=\"index, follow, max-snippet:-1, max-image-preview:large, max-video-preview:-1\" \/>\n<link rel=\"canonical\" href=\"https:\/\/farmerrain.com\/en\/product\/joker-jumpsuit\/\" \/>\n<meta property=\"og:locale\" content=\"en_US\" \/>\n<meta property=\"og:type\" content=\"article\" \/>\n<meta property=\"og:title\" content=\"Joker Jumpsuit Bio+ | Farmerrain - H\u00e5llbara regnkl\u00e4der\" \/>\n<meta property=\"og:description\" content=\"These unisex waist pants have a shoulder strap with push buttons for easy adjustment. Waist elastic at the back for a good fit and elastic at the ankle\" \/>\n<meta property=\"og:url\" content=\"https:\/\/farmerrain.com\/en\/product\/joker-jumpsuit\/\" \/>\n<meta property=\"og:site_name\" content=\"Farmerrain - H\u00e5llbara regnkl\u00e4der\" \/>\n<meta property=\"article:publisher\" content=\"https:\/\/www.facebook.com\/people\/Farmerrain\/100063463901438\/\" \/>\n<meta property=\"article:modified_time\" content=\"2026-05-04T06:49:12+00:00\" \/>\n<meta property=\"og:image\" content=\"https:\/\/farmerrain.com\/wp-content\/uploads\/2025\/06\/Kornelia-150.jpg\" \/>\n\t<meta property=\"og:image:width\" content=\"1080\" \/>\n\t<meta property=\"og:image:height\" content=\"1350\" \/>\n\t<meta property=\"og:image:type\" content=\"image\/jpeg\" \/>\n<meta name=\"twitter:card\" content=\"summary_large_image\" \/>\n<meta name=\"twitter:label1\" content=\"Est. reading time\" \/>\n\t<meta name=\"twitter:data1\" content=\"1 minute\" \/>\n<script type=\"application\/ld+json\" class=\"yoast-schema-graph\">{\"@context\":\"https:\\\/\\\/schema.org\",\"@graph\":[{\"@type\":\"WebPage\",\"@id\":\"https:\\\/\\\/farmerrain.com\\\/en\\\/product\\\/joker-jumpsuit\\\/\",\"url\":\"https:\\\/\\\/farmerrain.com\\\/en\\\/product\\\/joker-jumpsuit\\\/\",\"name\":\"Joker Jumpsuit Bio+ | Farmerrain - H\u00e5llbara regnkl\u00e4der\",\"isPartOf\":{\"@id\":\"https:\\\/\\\/farmerrain.com\\\/#website\"},\"primaryImageOfPage\":{\"@id\":\"https:\\\/\\\/farmerrain.com\\\/en\\\/product\\\/joker-jumpsuit\\\/#primaryimage\"},\"image\":{\"@id\":\"https:\\\/\\\/farmerrain.com\\\/en\\\/product\\\/joker-jumpsuit\\\/#primaryimage\"},\"thumbnailUrl\":\"https:\\\/\\\/farmerrain.com\\\/wp-content\\\/uploads\\\/2025\\\/06\\\/Kornelia-150.jpg\",\"datePublished\":\"2025-06-18T19:56:52+00:00\",\"dateModified\":\"2026-05-04T06:49:12+00:00\",\"description\":\"These unisex waist pants have a shoulder strap with push buttons for easy adjustment. Waist elastic at the back for a good fit and elastic at the ankle\",\"breadcrumb\":{\"@id\":\"https:\\\/\\\/farmerrain.com\\\/en\\\/product\\\/joker-jumpsuit\\\/#breadcrumb\"},\"inLanguage\":\"en-US\",\"potentialAction\":[{\"@type\":\"ReadAction\",\"target\":[\"https:\\\/\\\/farmerrain.com\\\/en\\\/product\\\/joker-jumpsuit\\\/\"]}]},{\"@type\":\"ImageObject\",\"inLanguage\":\"en-US\",\"@id\":\"https:\\\/\\\/farmerrain.com\\\/en\\\/product\\\/joker-jumpsuit\\\/#primaryimage\",\"url\":\"https:\\\/\\\/farmerrain.com\\\/wp-content\\\/uploads\\\/2025\\\/06\\\/Kornelia-150.jpg\",\"contentUrl\":\"https:\\\/\\\/farmerrain.com\\\/wp-content\\\/uploads\\\/2025\\\/06\\\/Kornelia-150.jpg\",\"width\":1080,\"height\":1350},{\"@type\":\"BreadcrumbList\",\"@id\":\"https:\\\/\\\/farmerrain.com\\\/en\\\/product\\\/joker-jumpsuit\\\/#breadcrumb\",\"itemListElement\":[{\"@type\":\"ListItem\",\"position\":1,\"name\":\"Shop\",\"item\":\"https:\\\/\\\/farmerrain.com\\\/en\\\/shop-2\\\/\"},{\"@type\":\"ListItem\",\"position\":2,\"name\":\"Joker Jumpsuit Bio+\"}]},{\"@type\":\"WebSite\",\"@id\":\"https:\\\/\\\/farmerrain.com\\\/#website\",\"url\":\"https:\\\/\\\/farmerrain.com\\\/\",\"name\":\"Farmerrain - H\u00e5llbara regnkl\u00e4der\",\"description\":\"Regnkl\u00e4der med fokus p\u00e5 h\u00e5llbarhet, funktionalitet och unik design.\",\"publisher\":{\"@id\":\"https:\\\/\\\/farmerrain.com\\\/#organization\"},\"potentialAction\":[{\"@type\":\"SearchAction\",\"target\":{\"@type\":\"EntryPoint\",\"urlTemplate\":\"https:\\\/\\\/farmerrain.com\\\/?s={search_term_string}\"},\"query-input\":{\"@type\":\"PropertyValueSpecification\",\"valueRequired\":true,\"valueName\":\"search_term_string\"}}],\"inLanguage\":\"en-US\"},{\"@type\":\"Organization\",\"@id\":\"https:\\\/\\\/farmerrain.com\\\/#organization\",\"name\":\"Farmerrain\",\"url\":\"https:\\\/\\\/farmerrain.com\\\/\",\"logo\":{\"@type\":\"ImageObject\",\"inLanguage\":\"en-US\",\"@id\":\"https:\\\/\\\/farmerrain.com\\\/#\\\/schema\\\/logo\\\/image\\\/\",\"url\":\"https:\\\/\\\/farmerrain.com\\\/wp-content\\\/uploads\\\/2023\\\/03\\\/fr_logo.png\",\"contentUrl\":\"https:\\\/\\\/farmerrain.com\\\/wp-content\\\/uploads\\\/2023\\\/03\\\/fr_logo.png\",\"width\":179,\"height\":23,\"caption\":\"Farmerrain\"},\"image\":{\"@id\":\"https:\\\/\\\/farmerrain.com\\\/#\\\/schema\\\/logo\\\/image\\\/\"},\"sameAs\":[\"https:\\\/\\\/www.facebook.com\\\/people\\\/Farmerrain\\\/100063463901438\\\/\"]}]}<\/script>\n<!-- \/ Yoast SEO plugin. -->","yoast_head_json":{"title":"Joker Jumpsuit Bio+ | Farmerrain - H\u00e5llbara regnkl\u00e4der","description":"These unisex waist pants have a shoulder strap with push buttons for easy adjustment. Waist elastic at the back for a good fit and elastic at the ankle","robots":{"index":"index","follow":"follow","max-snippet":"max-snippet:-1","max-image-preview":"max-image-preview:large","max-video-preview":"max-video-preview:-1"},"canonical":"https:\/\/farmerrain.com\/en\/product\/joker-jumpsuit\/","og_locale":"en_US","og_type":"article","og_title":"Joker Jumpsuit Bio+ | Farmerrain - H\u00e5llbara regnkl\u00e4der","og_description":"These unisex waist pants have a shoulder strap with push buttons for easy adjustment. Waist elastic at the back for a good fit and elastic at the ankle","og_url":"https:\/\/farmerrain.com\/en\/product\/joker-jumpsuit\/","og_site_name":"Farmerrain - H\u00e5llbara regnkl\u00e4der","article_publisher":"https:\/\/www.facebook.com\/people\/Farmerrain\/100063463901438\/","article_modified_time":"2026-05-04T06:49:12+00:00","og_image":[{"width":1080,"height":1350,"url":"https:\/\/farmerrain.com\/wp-content\/uploads\/2025\/06\/Kornelia-150.jpg","type":"image\/jpeg"}],"twitter_card":"summary_large_image","twitter_misc":{"Est. reading time":"1 minute"},"schema":{"@context":"https:\/\/schema.org","@graph":[{"@type":"WebPage","@id":"https:\/\/farmerrain.com\/en\/product\/joker-jumpsuit\/","url":"https:\/\/farmerrain.com\/en\/product\/joker-jumpsuit\/","name":"Joker Jumpsuit Bio+ | Farmerrain - H\u00e5llbara regnkl\u00e4der","isPartOf":{"@id":"https:\/\/farmerrain.com\/#website"},"primaryImageOfPage":{"@id":"https:\/\/farmerrain.com\/en\/product\/joker-jumpsuit\/#primaryimage"},"image":{"@id":"https:\/\/farmerrain.com\/en\/product\/joker-jumpsuit\/#primaryimage"},"thumbnailUrl":"https:\/\/farmerrain.com\/wp-content\/uploads\/2025\/06\/Kornelia-150.jpg","datePublished":"2025-06-18T19:56:52+00:00","dateModified":"2026-05-04T06:49:12+00:00","description":"These unisex waist pants have a shoulder strap with push buttons for easy adjustment. Waist elastic at the back for a good fit and elastic at the ankle","breadcrumb":{"@id":"https:\/\/farmerrain.com\/en\/product\/joker-jumpsuit\/#breadcrumb"},"inLanguage":"en-US","potentialAction":[{"@type":"ReadAction","target":["https:\/\/farmerrain.com\/en\/product\/joker-jumpsuit\/"]}]},{"@type":"ImageObject","inLanguage":"en-US","@id":"https:\/\/farmerrain.com\/en\/product\/joker-jumpsuit\/#primaryimage","url":"https:\/\/farmerrain.com\/wp-content\/uploads\/2025\/06\/Kornelia-150.jpg","contentUrl":"https:\/\/farmerrain.com\/wp-content\/uploads\/2025\/06\/Kornelia-150.jpg","width":1080,"height":1350},{"@type":"BreadcrumbList","@id":"https:\/\/farmerrain.com\/en\/product\/joker-jumpsuit\/#breadcrumb","itemListElement":[{"@type":"ListItem","position":1,"name":"Shop","item":"https:\/\/farmerrain.com\/en\/shop-2\/"},{"@type":"ListItem","position":2,"name":"Joker Jumpsuit Bio+"}]},{"@type":"WebSite","@id":"https:\/\/farmerrain.com\/#website","url":"https:\/\/farmerrain.com\/","name":"Farmerrain - H\u00e5llbara regnkl\u00e4der","description":"Regnkl\u00e4der med fokus p\u00e5 h\u00e5llbarhet, funktionalitet och unik design.","publisher":{"@id":"https:\/\/farmerrain.com\/#organization"},"potentialAction":[{"@type":"SearchAction","target":{"@type":"EntryPoint","urlTemplate":"https:\/\/farmerrain.com\/?s={search_term_string}"},"query-input":{"@type":"PropertyValueSpecification","valueRequired":true,"valueName":"search_term_string"}}],"inLanguage":"en-US"},{"@type":"Organization","@id":"https:\/\/farmerrain.com\/#organization","name":"Farmerrain","url":"https:\/\/farmerrain.com\/","logo":{"@type":"ImageObject","inLanguage":"en-US","@id":"https:\/\/farmerrain.com\/#\/schema\/logo\/image\/","url":"https:\/\/farmerrain.com\/wp-content\/uploads\/2023\/03\/fr_logo.png","contentUrl":"https:\/\/farmerrain.com\/wp-content\/uploads\/2023\/03\/fr_logo.png","width":179,"height":23,"caption":"Farmerrain"},"image":{"@id":"https:\/\/farmerrain.com\/#\/schema\/logo\/image\/"},"sameAs":["https:\/\/www.facebook.com\/people\/Farmerrain\/100063463901438\/"]}]}},"_links":{"self":[{"href":"https:\/\/farmerrain.com\/en\/wp-json\/wp\/v2\/product\/70426","targetHints":{"allow":["GET"]}}],"collection":[{"href":"https:\/\/farmerrain.com\/en\/wp-json\/wp\/v2\/product"}],"about":[{"href":"https:\/\/farmerrain.com\/en\/wp-json\/wp\/v2\/types\/product"}],"replies":[{"embeddable":true,"href":"https:\/\/farmerrain.com\/en\/wp-json\/wp\/v2\/comments?post=70426"}],"wp:featuredmedia":[{"embeddable":true,"href":"https:\/\/farmerrain.com\/en\/wp-json\/wp\/v2\/media\/80408"}],"wp:attachment":[{"href":"https:\/\/farmerrain.com\/en\/wp-json\/wp\/v2\/media?parent=70426"}],"wp:term":[{"taxonomy":"product_brand","embeddable":true,"href":"https:\/\/farmerrain.com\/en\/wp-json\/wp\/v2\/product_brand?post=70426"},{"taxonomy":"product_cat","embeddable":true,"href":"https:\/\/farmerrain.com\/en\/wp-json\/wp\/v2\/product_cat?post=70426"},{"taxonomy":"product_tag","embeddable":true,"href":"https:\/\/farmerrain.com\/en\/wp-json\/wp\/v2\/product_tag?post=70426"},{"taxonomy":"activity","embeddable":true,"href":"https:\/\/farmerrain.com\/en\/wp-json\/wp\/v2\/activity?post=70426"}],"curies":[{"name":"wp","href":"https:\/\/api.w.org\/{rel}","templated":true}]}}