{"id":61774,"date":"2024-10-22T20:06:09","date_gmt":"2024-10-22T18:06:09","guid":{"rendered":"https:\/\/farmerrain.com\/?post_type=product&#038;p=61774"},"modified":"2026-03-24T13:08:58","modified_gmt":"2026-03-24T12:08:58","slug":"sport-bag","status":"publish","type":"product","link":"https:\/\/farmerrain.com\/en\/product\/sport-bag\/","title":{"rendered":"Sport Bag"},"content":{"rendered":"<div id=\"tab-description\" role=\"tabpanel\" aria-labelledby=\"tab_item-0\">\n<p><span lang=\"en\">Water-resistant Sport Bag \u2013 Perfect for All Days<\/span><\/p>\n<p><span lang=\"en\"> Our Sport Bag is the perfect bag for those who need a practical, stylish and water-resistant solution for everyday use. With its medium size, it holds everything you need \u2013 from work to leisure \u2013 without being too bulky. Whether you\u2019re going to work, the gym, or out on a day trip, our Day Bag will keep your belongings dry and secure, even in rain and debris.<\/span><\/p>\n<p><span lang=\"en\"> Properties: <\/span><\/p>\n<p><span lang=\"en\">Water resistant: Made from waste material in the same high quality as our clothes. <\/span><\/p>\n<p><span lang=\"en\">Double welded. <\/span><\/p>\n<p><span lang=\"en\">Unlined: perfect for wet sportsweare or wet rainwear<br \/>\n<\/span><\/p>\n<p><span lang=\"en\"> Perfect size: Mid-sized design that provides enough space for everything from a laptop, water bottle, lunchbox and other daily necessities, without being too big or bulky. <\/span><\/p>\n<p><span lang=\"en\"> Smart compartments: Practical inner and outer pockets that help you organize your things in the best way. <\/span><\/p>\n<p><span lang=\"en\">Comfortable shoulder straps: Adjustable and padded shoulder straps make the bag comfortable to carry, even when fully packed.<\/span><\/p>\n<p><span lang=\"en\"> Stylish design: With its minimalist and functional design, it fits equally well in the urban environment as well as out in nature.<\/span><\/p>\n<p><span lang=\"en\"> Size: 45*30*25<\/span><\/p>\n<\/div>\n","protected":false},"excerpt":{"rendered":"<p>Water-resistant Sport Bag \u2013 Perfect for All Days Our Sport Bag is the perfect bag for those who need a practical, stylish and water-resistant solution for everyday use. With its medium size, it holds everything you need \u2013 from work to leisure \u2013 without being too bulky. Whether you\u2019re going to work, the gym, or [&hellip;]<\/p>\n","protected":false},"featured_media":61442,"comment_status":"open","ping_status":"closed","template":"","meta":{"_acf_changed":false},"product_brand":[],"product_cat":[157,1212],"product_tag":[310,764],"activity":[],"class_list":{"0":"post-61774","1":"product","2":"type-product","3":"status-publish","4":"has-post-thumbnail","6":"product_cat-accessories-galler","7":"product_cat-bags","8":"product_tag-mode-en","9":"product_tag-yrkesklader-en","11":"first","12":"instock","13":"taxable","14":"shipping-taxable","15":"purchasable","16":"product-type-variable","17":"has-default-attributes","18":"rtwpvg-product","19":"rtwpvs-product"},"acf":[],"shsp-ext":{"main":{},"variations":[]},"yoast_head":"<!-- This site is optimized with the Yoast SEO plugin v27.2 - https:\/\/yoast.com\/product\/yoast-seo-wordpress\/ -->\n<title>Sport Bag | Farmerrain - H\u00e5llbara regnkl\u00e4der<\/title>\n<meta name=\"description\" content=\"Water-resistant Sport Bag \u2013 Perfect for All Days Our Sport Bag is the perfect bag for those who need a practical, stylish and water-resistant solution for\" \/>\n<meta name=\"robots\" content=\"index, follow, max-snippet:-1, max-image-preview:large, max-video-preview:-1\" \/>\n<link rel=\"canonical\" href=\"https:\/\/farmerrain.com\/en\/product\/sport-bag\/\" \/>\n<meta property=\"og:locale\" content=\"en_US\" \/>\n<meta property=\"og:type\" content=\"article\" \/>\n<meta property=\"og:title\" content=\"Sport Bag | Farmerrain - H\u00e5llbara regnkl\u00e4der\" \/>\n<meta property=\"og:description\" content=\"Water-resistant Sport Bag \u2013 Perfect for All Days Our Sport Bag is the perfect bag for those who need a practical, stylish and water-resistant solution for\" \/>\n<meta property=\"og:url\" content=\"https:\/\/farmerrain.com\/en\/product\/sport-bag\/\" \/>\n<meta property=\"og:site_name\" content=\"Farmerrain - H\u00e5llbara regnkl\u00e4der\" \/>\n<meta property=\"article:publisher\" content=\"https:\/\/www.facebook.com\/people\/Farmerrain\/100063463901438\/\" \/>\n<meta property=\"article:modified_time\" content=\"2026-03-24T12:08:58+00:00\" \/>\n<meta property=\"og:image\" content=\"https:\/\/farmerrain.com\/wp-content\/uploads\/2024\/10\/Jekaterina-19.jpg\" \/>\n\t<meta property=\"og:image:width\" content=\"1080\" \/>\n\t<meta property=\"og:image:height\" content=\"1350\" \/>\n\t<meta property=\"og:image:type\" content=\"image\/jpeg\" \/>\n<meta name=\"twitter:card\" content=\"summary_large_image\" \/>\n<meta name=\"twitter:label1\" content=\"Est. reading time\" \/>\n\t<meta name=\"twitter:data1\" content=\"2 minutes\" \/>\n<script type=\"application\/ld+json\" class=\"yoast-schema-graph\">{\"@context\":\"https:\/\/schema.org\",\"@graph\":[{\"@type\":\"WebPage\",\"@id\":\"https:\/\/farmerrain.com\/en\/product\/sport-bag\/\",\"url\":\"https:\/\/farmerrain.com\/en\/product\/sport-bag\/\",\"name\":\"Sport Bag | Farmerrain - H\u00e5llbara regnkl\u00e4der\",\"isPartOf\":{\"@id\":\"https:\/\/farmerrain.com\/#website\"},\"primaryImageOfPage\":{\"@id\":\"https:\/\/farmerrain.com\/en\/product\/sport-bag\/#primaryimage\"},\"image\":{\"@id\":\"https:\/\/farmerrain.com\/en\/product\/sport-bag\/#primaryimage\"},\"thumbnailUrl\":\"https:\/\/farmerrain.com\/wp-content\/uploads\/2024\/10\/Jekaterina-19.jpg\",\"datePublished\":\"2024-10-22T18:06:09+00:00\",\"dateModified\":\"2026-03-24T12:08:58+00:00\",\"description\":\"Water-resistant Sport Bag \u2013 Perfect for All Days Our Sport Bag is the perfect bag for those who need a practical, stylish and water-resistant solution for\",\"breadcrumb\":{\"@id\":\"https:\/\/farmerrain.com\/en\/product\/sport-bag\/#breadcrumb\"},\"inLanguage\":\"en-US\",\"potentialAction\":[{\"@type\":\"ReadAction\",\"target\":[\"https:\/\/farmerrain.com\/en\/product\/sport-bag\/\"]}]},{\"@type\":\"ImageObject\",\"inLanguage\":\"en-US\",\"@id\":\"https:\/\/farmerrain.com\/en\/product\/sport-bag\/#primaryimage\",\"url\":\"https:\/\/farmerrain.com\/wp-content\/uploads\/2024\/10\/Jekaterina-19.jpg\",\"contentUrl\":\"https:\/\/farmerrain.com\/wp-content\/uploads\/2024\/10\/Jekaterina-19.jpg\",\"width\":1080,\"height\":1350},{\"@type\":\"BreadcrumbList\",\"@id\":\"https:\/\/farmerrain.com\/en\/product\/sport-bag\/#breadcrumb\",\"itemListElement\":[{\"@type\":\"ListItem\",\"position\":1,\"name\":\"Shop\",\"item\":\"https:\/\/farmerrain.com\/en\/shop-2\/\"},{\"@type\":\"ListItem\",\"position\":2,\"name\":\"Sport Bag\"}]},{\"@type\":\"WebSite\",\"@id\":\"https:\/\/farmerrain.com\/#website\",\"url\":\"https:\/\/farmerrain.com\/\",\"name\":\"Farmerrain - H\u00e5llbara regnkl\u00e4der\",\"description\":\"Regnkl\u00e4der med fokus p\u00e5 h\u00e5llbarhet, funktionalitet och unik design.\",\"publisher\":{\"@id\":\"https:\/\/farmerrain.com\/#organization\"},\"potentialAction\":[{\"@type\":\"SearchAction\",\"target\":{\"@type\":\"EntryPoint\",\"urlTemplate\":\"https:\/\/farmerrain.com\/?s={search_term_string}\"},\"query-input\":{\"@type\":\"PropertyValueSpecification\",\"valueRequired\":true,\"valueName\":\"search_term_string\"}}],\"inLanguage\":\"en-US\"},{\"@type\":\"Organization\",\"@id\":\"https:\/\/farmerrain.com\/#organization\",\"name\":\"Farmerrain\",\"url\":\"https:\/\/farmerrain.com\/\",\"logo\":{\"@type\":\"ImageObject\",\"inLanguage\":\"en-US\",\"@id\":\"https:\/\/farmerrain.com\/#\/schema\/logo\/image\/\",\"url\":\"https:\/\/farmerrain.com\/wp-content\/uploads\/2023\/03\/fr_logo.png\",\"contentUrl\":\"https:\/\/farmerrain.com\/wp-content\/uploads\/2023\/03\/fr_logo.png\",\"width\":179,\"height\":23,\"caption\":\"Farmerrain\"},\"image\":{\"@id\":\"https:\/\/farmerrain.com\/#\/schema\/logo\/image\/\"},\"sameAs\":[\"https:\/\/www.facebook.com\/people\/Farmerrain\/100063463901438\/\"]}]}<\/script>\n<!-- \/ Yoast SEO plugin. -->","yoast_head_json":{"title":"Sport Bag | Farmerrain - H\u00e5llbara regnkl\u00e4der","description":"Water-resistant Sport Bag \u2013 Perfect for All Days Our Sport Bag is the perfect bag for those who need a practical, stylish and water-resistant solution for","robots":{"index":"index","follow":"follow","max-snippet":"max-snippet:-1","max-image-preview":"max-image-preview:large","max-video-preview":"max-video-preview:-1"},"canonical":"https:\/\/farmerrain.com\/en\/product\/sport-bag\/","og_locale":"en_US","og_type":"article","og_title":"Sport Bag | Farmerrain - H\u00e5llbara regnkl\u00e4der","og_description":"Water-resistant Sport Bag \u2013 Perfect for All Days Our Sport Bag is the perfect bag for those who need a practical, stylish and water-resistant solution for","og_url":"https:\/\/farmerrain.com\/en\/product\/sport-bag\/","og_site_name":"Farmerrain - H\u00e5llbara regnkl\u00e4der","article_publisher":"https:\/\/www.facebook.com\/people\/Farmerrain\/100063463901438\/","article_modified_time":"2026-03-24T12:08:58+00:00","og_image":[{"width":1080,"height":1350,"url":"https:\/\/farmerrain.com\/wp-content\/uploads\/2024\/10\/Jekaterina-19.jpg","type":"image\/jpeg"}],"twitter_card":"summary_large_image","twitter_misc":{"Est. reading time":"2 minutes"},"schema":{"@context":"https:\/\/schema.org","@graph":[{"@type":"WebPage","@id":"https:\/\/farmerrain.com\/en\/product\/sport-bag\/","url":"https:\/\/farmerrain.com\/en\/product\/sport-bag\/","name":"Sport Bag | Farmerrain - H\u00e5llbara regnkl\u00e4der","isPartOf":{"@id":"https:\/\/farmerrain.com\/#website"},"primaryImageOfPage":{"@id":"https:\/\/farmerrain.com\/en\/product\/sport-bag\/#primaryimage"},"image":{"@id":"https:\/\/farmerrain.com\/en\/product\/sport-bag\/#primaryimage"},"thumbnailUrl":"https:\/\/farmerrain.com\/wp-content\/uploads\/2024\/10\/Jekaterina-19.jpg","datePublished":"2024-10-22T18:06:09+00:00","dateModified":"2026-03-24T12:08:58+00:00","description":"Water-resistant Sport Bag \u2013 Perfect for All Days Our Sport Bag is the perfect bag for those who need a practical, stylish and water-resistant solution for","breadcrumb":{"@id":"https:\/\/farmerrain.com\/en\/product\/sport-bag\/#breadcrumb"},"inLanguage":"en-US","potentialAction":[{"@type":"ReadAction","target":["https:\/\/farmerrain.com\/en\/product\/sport-bag\/"]}]},{"@type":"ImageObject","inLanguage":"en-US","@id":"https:\/\/farmerrain.com\/en\/product\/sport-bag\/#primaryimage","url":"https:\/\/farmerrain.com\/wp-content\/uploads\/2024\/10\/Jekaterina-19.jpg","contentUrl":"https:\/\/farmerrain.com\/wp-content\/uploads\/2024\/10\/Jekaterina-19.jpg","width":1080,"height":1350},{"@type":"BreadcrumbList","@id":"https:\/\/farmerrain.com\/en\/product\/sport-bag\/#breadcrumb","itemListElement":[{"@type":"ListItem","position":1,"name":"Shop","item":"https:\/\/farmerrain.com\/en\/shop-2\/"},{"@type":"ListItem","position":2,"name":"Sport Bag"}]},{"@type":"WebSite","@id":"https:\/\/farmerrain.com\/#website","url":"https:\/\/farmerrain.com\/","name":"Farmerrain - H\u00e5llbara regnkl\u00e4der","description":"Regnkl\u00e4der med fokus p\u00e5 h\u00e5llbarhet, funktionalitet och unik design.","publisher":{"@id":"https:\/\/farmerrain.com\/#organization"},"potentialAction":[{"@type":"SearchAction","target":{"@type":"EntryPoint","urlTemplate":"https:\/\/farmerrain.com\/?s={search_term_string}"},"query-input":{"@type":"PropertyValueSpecification","valueRequired":true,"valueName":"search_term_string"}}],"inLanguage":"en-US"},{"@type":"Organization","@id":"https:\/\/farmerrain.com\/#organization","name":"Farmerrain","url":"https:\/\/farmerrain.com\/","logo":{"@type":"ImageObject","inLanguage":"en-US","@id":"https:\/\/farmerrain.com\/#\/schema\/logo\/image\/","url":"https:\/\/farmerrain.com\/wp-content\/uploads\/2023\/03\/fr_logo.png","contentUrl":"https:\/\/farmerrain.com\/wp-content\/uploads\/2023\/03\/fr_logo.png","width":179,"height":23,"caption":"Farmerrain"},"image":{"@id":"https:\/\/farmerrain.com\/#\/schema\/logo\/image\/"},"sameAs":["https:\/\/www.facebook.com\/people\/Farmerrain\/100063463901438\/"]}]}},"_links":{"self":[{"href":"https:\/\/farmerrain.com\/en\/wp-json\/wp\/v2\/product\/61774","targetHints":{"allow":["GET"]}}],"collection":[{"href":"https:\/\/farmerrain.com\/en\/wp-json\/wp\/v2\/product"}],"about":[{"href":"https:\/\/farmerrain.com\/en\/wp-json\/wp\/v2\/types\/product"}],"replies":[{"embeddable":true,"href":"https:\/\/farmerrain.com\/en\/wp-json\/wp\/v2\/comments?post=61774"}],"wp:featuredmedia":[{"embeddable":true,"href":"https:\/\/farmerrain.com\/en\/wp-json\/wp\/v2\/media\/61442"}],"wp:attachment":[{"href":"https:\/\/farmerrain.com\/en\/wp-json\/wp\/v2\/media?parent=61774"}],"wp:term":[{"taxonomy":"product_brand","embeddable":true,"href":"https:\/\/farmerrain.com\/en\/wp-json\/wp\/v2\/product_brand?post=61774"},{"taxonomy":"product_cat","embeddable":true,"href":"https:\/\/farmerrain.com\/en\/wp-json\/wp\/v2\/product_cat?post=61774"},{"taxonomy":"product_tag","embeddable":true,"href":"https:\/\/farmerrain.com\/en\/wp-json\/wp\/v2\/product_tag?post=61774"},{"taxonomy":"activity","embeddable":true,"href":"https:\/\/farmerrain.com\/en\/wp-json\/wp\/v2\/activity?post=61774"}],"curies":[{"name":"wp","href":"https:\/\/api.w.org\/{rel}","templated":true}]}}