{"id":61457,"date":"2024-10-03T15:13:44","date_gmt":"2024-10-03T13:13:44","guid":{"rendered":"https:\/\/farmerrain.com\/?post_type=product&#038;p=61457"},"modified":"2026-03-24T12:06:25","modified_gmt":"2026-03-24T11:06:25","slug":"hand-bag-mini","status":"publish","type":"product","link":"https:\/\/farmerrain.com\/en\/product\/hand-bag-mini\/","title":{"rendered":"Hand Bag Mini"},"content":{"rendered":"<div id=\"tab-description\" class=\"woocommerce-Tabs-panel woocommerce-Tabs-panel--description panel entry-content wc-tab resp-tab-content resp-tab-content-active\" role=\"tabpanel\" aria-labelledby=\"tab_item-0\">\n<div dir=\"ltr\"><span lang=\"en\">Our Smallest Waterproof Bag &#8211; Flexible and Reliable<\/span><\/div>\n<div dir=\"ltr\"><\/div>\n<div dir=\"ltr\"><span lang=\"en\"> Do you need a small but reliable bag that can withstand all weather conditions? Our smallest water-resistant bag is designed to protect your most important belongings, whether you&#8217;re on the run in town or out on an adventure in the great outdoors. Despite its compact size, it offers practical space for small everyday items such as mobile phone, keys, wallet and other personal items.<\/span><\/div>\n<div dir=\"ltr\"><span lang=\"en\"> Properties: <\/span><\/div>\n<div dir=\"ltr\"><span lang=\"en\"> Water resistant: Made from waste material in the same high quality as our clothes. Double welded. Stuffed inside. <\/span><\/div>\n<div dir=\"ltr\"><span lang=\"en\">Compact design: Perfect for those who want a light and flexible bag that does not take up unnecessary space.<\/span><\/div>\n<div dir=\"ltr\"><span lang=\"en\"> Secure closure: Equipped with a water-resistant zipper, which makes the bag ideal for all kinds of outdoor activities even in rainy conditions. <\/span><\/div>\n<div dir=\"ltr\"><span lang=\"en\"> Versatile use: Small enough to carry every day, but sturdy enough to use for travel, excursions or why not paddling. <\/span><\/div>\n<div dir=\"ltr\"><span lang=\"en\">Adjustable Strap: For added convenience, the adjustable strap can be easily adjusted to be worn as a crossbody or over the shoulder. Or completely removed.<\/span><\/div>\n<div dir=\"ltr\"><span lang=\"en\"> With our smallest waterproof bag, you never have to worry about unexpected rain showers. Small but powerful, it is your perfect companion when you want to keep your valuables dry and protected, without compromising on style. <\/span><\/div>\n<div dir=\"ltr\"><\/div>\n<div class=\"lRu31\" dir=\"ltr\">\n<p><span lang=\"en\">Size: 30*20*9cm<\/span><\/p>\n<div><\/div>\n<div id=\"ow9\"><\/div>\n<\/div>\n<div class=\"UdTY9 WdefRb\" aria-hidden=\"true\" data-location=\"2\">\n<div class=\"kO6q6e\"><\/div>\n<\/div>\n<\/div>\n","protected":false},"excerpt":{"rendered":"<p>Our Smallest Waterproof Bag &#8211; Flexible and Reliable Do you need a small but reliable bag that can withstand all weather conditions? Our smallest water-resistant bag is designed to protect your most important belongings, whether you&#8217;re on the run in town or out on an adventure in the great outdoors. Despite its compact size, it [&hellip;]<\/p>\n","protected":false},"featured_media":61433,"comment_status":"open","ping_status":"closed","template":"","meta":{"_acf_changed":false},"product_brand":[],"product_cat":[157,1212],"product_tag":[310,764],"activity":[],"class_list":{"0":"post-61457","1":"product","2":"type-product","3":"status-publish","4":"has-post-thumbnail","6":"product_cat-accessories-galler","7":"product_cat-bags","8":"product_tag-mode-en","9":"product_tag-yrkesklader-en","11":"first","12":"instock","13":"taxable","14":"shipping-taxable","15":"purchasable","16":"product-type-variable","17":"has-default-attributes","18":"rtwpvg-product","19":"rtwpvs-product"},"acf":[],"shsp-ext":{"main":{},"variations":[]},"yoast_head":"<!-- This site is optimized with the Yoast SEO plugin v27.2 - https:\/\/yoast.com\/product\/yoast-seo-wordpress\/ -->\n<title>Hand Bag Mini | Farmerrain - H\u00e5llbara regnkl\u00e4der<\/title>\n<meta name=\"description\" content=\"Our Smallest Waterproof Bag - Flexible and Reliable Do you need a small but reliable bag that can withstand all weather conditions? Our smallest\" \/>\n<meta name=\"robots\" content=\"index, follow, max-snippet:-1, max-image-preview:large, max-video-preview:-1\" \/>\n<link rel=\"canonical\" href=\"https:\/\/farmerrain.com\/en\/product\/hand-bag-mini\/\" \/>\n<meta property=\"og:locale\" content=\"en_US\" \/>\n<meta property=\"og:type\" content=\"article\" \/>\n<meta property=\"og:title\" content=\"Hand Bag Mini | Farmerrain - H\u00e5llbara regnkl\u00e4der\" \/>\n<meta property=\"og:description\" content=\"Our Smallest Waterproof Bag - Flexible and Reliable Do you need a small but reliable bag that can withstand all weather conditions? Our smallest\" \/>\n<meta property=\"og:url\" content=\"https:\/\/farmerrain.com\/en\/product\/hand-bag-mini\/\" \/>\n<meta property=\"og:site_name\" content=\"Farmerrain - H\u00e5llbara regnkl\u00e4der\" \/>\n<meta property=\"article:publisher\" content=\"https:\/\/www.facebook.com\/people\/Farmerrain\/100063463901438\/\" \/>\n<meta property=\"article:modified_time\" content=\"2026-03-24T11:06:25+00:00\" \/>\n<meta property=\"og:image\" content=\"https:\/\/farmerrain.com\/wp-content\/uploads\/2024\/10\/Jekaterina-41.jpg\" \/>\n\t<meta property=\"og:image:width\" content=\"1080\" \/>\n\t<meta property=\"og:image:height\" content=\"1350\" \/>\n\t<meta property=\"og:image:type\" content=\"image\/jpeg\" \/>\n<meta name=\"twitter:card\" content=\"summary_large_image\" \/>\n<meta name=\"twitter:label1\" content=\"Est. reading time\" \/>\n\t<meta name=\"twitter:data1\" content=\"2 minutes\" \/>\n<script type=\"application\/ld+json\" class=\"yoast-schema-graph\">{\"@context\":\"https:\/\/schema.org\",\"@graph\":[{\"@type\":\"WebPage\",\"@id\":\"https:\/\/farmerrain.com\/en\/product\/hand-bag-mini\/\",\"url\":\"https:\/\/farmerrain.com\/en\/product\/hand-bag-mini\/\",\"name\":\"Hand Bag Mini | Farmerrain - H\u00e5llbara regnkl\u00e4der\",\"isPartOf\":{\"@id\":\"https:\/\/farmerrain.com\/#website\"},\"primaryImageOfPage\":{\"@id\":\"https:\/\/farmerrain.com\/en\/product\/hand-bag-mini\/#primaryimage\"},\"image\":{\"@id\":\"https:\/\/farmerrain.com\/en\/product\/hand-bag-mini\/#primaryimage\"},\"thumbnailUrl\":\"https:\/\/farmerrain.com\/wp-content\/uploads\/2024\/10\/Jekaterina-41.jpg\",\"datePublished\":\"2024-10-03T13:13:44+00:00\",\"dateModified\":\"2026-03-24T11:06:25+00:00\",\"description\":\"Our Smallest Waterproof Bag - Flexible and Reliable Do you need a small but reliable bag that can withstand all weather conditions? Our smallest\",\"breadcrumb\":{\"@id\":\"https:\/\/farmerrain.com\/en\/product\/hand-bag-mini\/#breadcrumb\"},\"inLanguage\":\"en-US\",\"potentialAction\":[{\"@type\":\"ReadAction\",\"target\":[\"https:\/\/farmerrain.com\/en\/product\/hand-bag-mini\/\"]}]},{\"@type\":\"ImageObject\",\"inLanguage\":\"en-US\",\"@id\":\"https:\/\/farmerrain.com\/en\/product\/hand-bag-mini\/#primaryimage\",\"url\":\"https:\/\/farmerrain.com\/wp-content\/uploads\/2024\/10\/Jekaterina-41.jpg\",\"contentUrl\":\"https:\/\/farmerrain.com\/wp-content\/uploads\/2024\/10\/Jekaterina-41.jpg\",\"width\":1080,\"height\":1350},{\"@type\":\"BreadcrumbList\",\"@id\":\"https:\/\/farmerrain.com\/en\/product\/hand-bag-mini\/#breadcrumb\",\"itemListElement\":[{\"@type\":\"ListItem\",\"position\":1,\"name\":\"Shop\",\"item\":\"https:\/\/farmerrain.com\/en\/shop-2\/\"},{\"@type\":\"ListItem\",\"position\":2,\"name\":\"Hand Bag Mini\"}]},{\"@type\":\"WebSite\",\"@id\":\"https:\/\/farmerrain.com\/#website\",\"url\":\"https:\/\/farmerrain.com\/\",\"name\":\"Farmerrain - H\u00e5llbara regnkl\u00e4der\",\"description\":\"Regnkl\u00e4der med fokus p\u00e5 h\u00e5llbarhet, funktionalitet och unik design.\",\"publisher\":{\"@id\":\"https:\/\/farmerrain.com\/#organization\"},\"potentialAction\":[{\"@type\":\"SearchAction\",\"target\":{\"@type\":\"EntryPoint\",\"urlTemplate\":\"https:\/\/farmerrain.com\/?s={search_term_string}\"},\"query-input\":{\"@type\":\"PropertyValueSpecification\",\"valueRequired\":true,\"valueName\":\"search_term_string\"}}],\"inLanguage\":\"en-US\"},{\"@type\":\"Organization\",\"@id\":\"https:\/\/farmerrain.com\/#organization\",\"name\":\"Farmerrain\",\"url\":\"https:\/\/farmerrain.com\/\",\"logo\":{\"@type\":\"ImageObject\",\"inLanguage\":\"en-US\",\"@id\":\"https:\/\/farmerrain.com\/#\/schema\/logo\/image\/\",\"url\":\"https:\/\/farmerrain.com\/wp-content\/uploads\/2023\/03\/fr_logo.png\",\"contentUrl\":\"https:\/\/farmerrain.com\/wp-content\/uploads\/2023\/03\/fr_logo.png\",\"width\":179,\"height\":23,\"caption\":\"Farmerrain\"},\"image\":{\"@id\":\"https:\/\/farmerrain.com\/#\/schema\/logo\/image\/\"},\"sameAs\":[\"https:\/\/www.facebook.com\/people\/Farmerrain\/100063463901438\/\"]}]}<\/script>\n<!-- \/ Yoast SEO plugin. -->","yoast_head_json":{"title":"Hand Bag Mini | Farmerrain - H\u00e5llbara regnkl\u00e4der","description":"Our Smallest Waterproof Bag - Flexible and Reliable Do you need a small but reliable bag that can withstand all weather conditions? Our smallest","robots":{"index":"index","follow":"follow","max-snippet":"max-snippet:-1","max-image-preview":"max-image-preview:large","max-video-preview":"max-video-preview:-1"},"canonical":"https:\/\/farmerrain.com\/en\/product\/hand-bag-mini\/","og_locale":"en_US","og_type":"article","og_title":"Hand Bag Mini | Farmerrain - H\u00e5llbara regnkl\u00e4der","og_description":"Our Smallest Waterproof Bag - Flexible and Reliable Do you need a small but reliable bag that can withstand all weather conditions? Our smallest","og_url":"https:\/\/farmerrain.com\/en\/product\/hand-bag-mini\/","og_site_name":"Farmerrain - H\u00e5llbara regnkl\u00e4der","article_publisher":"https:\/\/www.facebook.com\/people\/Farmerrain\/100063463901438\/","article_modified_time":"2026-03-24T11:06:25+00:00","og_image":[{"width":1080,"height":1350,"url":"https:\/\/farmerrain.com\/wp-content\/uploads\/2024\/10\/Jekaterina-41.jpg","type":"image\/jpeg"}],"twitter_card":"summary_large_image","twitter_misc":{"Est. reading time":"2 minutes"},"schema":{"@context":"https:\/\/schema.org","@graph":[{"@type":"WebPage","@id":"https:\/\/farmerrain.com\/en\/product\/hand-bag-mini\/","url":"https:\/\/farmerrain.com\/en\/product\/hand-bag-mini\/","name":"Hand Bag Mini | Farmerrain - H\u00e5llbara regnkl\u00e4der","isPartOf":{"@id":"https:\/\/farmerrain.com\/#website"},"primaryImageOfPage":{"@id":"https:\/\/farmerrain.com\/en\/product\/hand-bag-mini\/#primaryimage"},"image":{"@id":"https:\/\/farmerrain.com\/en\/product\/hand-bag-mini\/#primaryimage"},"thumbnailUrl":"https:\/\/farmerrain.com\/wp-content\/uploads\/2024\/10\/Jekaterina-41.jpg","datePublished":"2024-10-03T13:13:44+00:00","dateModified":"2026-03-24T11:06:25+00:00","description":"Our Smallest Waterproof Bag - Flexible and Reliable Do you need a small but reliable bag that can withstand all weather conditions? Our smallest","breadcrumb":{"@id":"https:\/\/farmerrain.com\/en\/product\/hand-bag-mini\/#breadcrumb"},"inLanguage":"en-US","potentialAction":[{"@type":"ReadAction","target":["https:\/\/farmerrain.com\/en\/product\/hand-bag-mini\/"]}]},{"@type":"ImageObject","inLanguage":"en-US","@id":"https:\/\/farmerrain.com\/en\/product\/hand-bag-mini\/#primaryimage","url":"https:\/\/farmerrain.com\/wp-content\/uploads\/2024\/10\/Jekaterina-41.jpg","contentUrl":"https:\/\/farmerrain.com\/wp-content\/uploads\/2024\/10\/Jekaterina-41.jpg","width":1080,"height":1350},{"@type":"BreadcrumbList","@id":"https:\/\/farmerrain.com\/en\/product\/hand-bag-mini\/#breadcrumb","itemListElement":[{"@type":"ListItem","position":1,"name":"Shop","item":"https:\/\/farmerrain.com\/en\/shop-2\/"},{"@type":"ListItem","position":2,"name":"Hand Bag Mini"}]},{"@type":"WebSite","@id":"https:\/\/farmerrain.com\/#website","url":"https:\/\/farmerrain.com\/","name":"Farmerrain - H\u00e5llbara regnkl\u00e4der","description":"Regnkl\u00e4der med fokus p\u00e5 h\u00e5llbarhet, funktionalitet och unik design.","publisher":{"@id":"https:\/\/farmerrain.com\/#organization"},"potentialAction":[{"@type":"SearchAction","target":{"@type":"EntryPoint","urlTemplate":"https:\/\/farmerrain.com\/?s={search_term_string}"},"query-input":{"@type":"PropertyValueSpecification","valueRequired":true,"valueName":"search_term_string"}}],"inLanguage":"en-US"},{"@type":"Organization","@id":"https:\/\/farmerrain.com\/#organization","name":"Farmerrain","url":"https:\/\/farmerrain.com\/","logo":{"@type":"ImageObject","inLanguage":"en-US","@id":"https:\/\/farmerrain.com\/#\/schema\/logo\/image\/","url":"https:\/\/farmerrain.com\/wp-content\/uploads\/2023\/03\/fr_logo.png","contentUrl":"https:\/\/farmerrain.com\/wp-content\/uploads\/2023\/03\/fr_logo.png","width":179,"height":23,"caption":"Farmerrain"},"image":{"@id":"https:\/\/farmerrain.com\/#\/schema\/logo\/image\/"},"sameAs":["https:\/\/www.facebook.com\/people\/Farmerrain\/100063463901438\/"]}]}},"_links":{"self":[{"href":"https:\/\/farmerrain.com\/en\/wp-json\/wp\/v2\/product\/61457","targetHints":{"allow":["GET"]}}],"collection":[{"href":"https:\/\/farmerrain.com\/en\/wp-json\/wp\/v2\/product"}],"about":[{"href":"https:\/\/farmerrain.com\/en\/wp-json\/wp\/v2\/types\/product"}],"replies":[{"embeddable":true,"href":"https:\/\/farmerrain.com\/en\/wp-json\/wp\/v2\/comments?post=61457"}],"wp:featuredmedia":[{"embeddable":true,"href":"https:\/\/farmerrain.com\/en\/wp-json\/wp\/v2\/media\/61433"}],"wp:attachment":[{"href":"https:\/\/farmerrain.com\/en\/wp-json\/wp\/v2\/media?parent=61457"}],"wp:term":[{"taxonomy":"product_brand","embeddable":true,"href":"https:\/\/farmerrain.com\/en\/wp-json\/wp\/v2\/product_brand?post=61457"},{"taxonomy":"product_cat","embeddable":true,"href":"https:\/\/farmerrain.com\/en\/wp-json\/wp\/v2\/product_cat?post=61457"},{"taxonomy":"product_tag","embeddable":true,"href":"https:\/\/farmerrain.com\/en\/wp-json\/wp\/v2\/product_tag?post=61457"},{"taxonomy":"activity","embeddable":true,"href":"https:\/\/farmerrain.com\/en\/wp-json\/wp\/v2\/activity?post=61457"}],"curies":[{"name":"wp","href":"https:\/\/api.w.org\/{rel}","templated":true}]}}