{"id":60139,"date":"2024-07-11T12:52:58","date_gmt":"2024-07-11T10:52:58","guid":{"rendered":"https:\/\/farmerrain.com\/?post_type=product&#038;p=60139"},"modified":"2026-01-06T14:40:01","modified_gmt":"2026-01-06T13:40:01","slug":"rasmus-light-jacket","status":"publish","type":"product","link":"https:\/\/farmerrain.com\/en\/product\/rasmus-light-jacket\/","title":{"rendered":"Rasmus light jacket"},"content":{"rendered":"<div id=\"tab-description\" role=\"tabpanel\" aria-labelledby=\"tab_item-0\">\n<p>This classic outdoor jacket is a unisex model in a straight fit.<\/p>\n<p>Double breasted with lock functionality that keeps the moisture out.<\/p>\n<p>Raglan sleeves for best mobility.<\/p>\n<p>The hood is adjusted with a drawstring.<\/p>\n<p>Two front pockets with flaps.<\/p>\n<p>MATERIAL<br \/>\nRaintex light 250 g\/m2.<\/p>\n<p>Cold resistant, water column 20 000mm<\/p>\n<\/div>\n","protected":false},"excerpt":{"rendered":"<p>This classic outdoor jacket is a unisex model in a straight fit. Double breasted with lock functionality that keeps the moisture out. Raglan sleeves for best mobility. The hood is adjusted with a drawstring. Two front pockets with flaps. MATERIAL Raintex light 250 g\/m2. Cold resistant, water column 20 000mm<\/p>\n","protected":false},"featured_media":60105,"comment_status":"open","ping_status":"closed","template":"","meta":{"_acf_changed":false},"product_brand":[],"product_cat":[],"product_tag":[764],"activity":[1046,997,1005,1038,980,1054,1030],"class_list":{"0":"post-60139","1":"product","2":"type-product","3":"status-publish","4":"has-post-thumbnail","6":"product_tag-yrkesklader-en","7":"activity-everyday-commuting","8":"activity-hiking-nature","9":"activity-rain-jackets-hiking-and-nature","10":"activity-rain-jackets-stable-and-country-life","11":"activity-rain-jackets-outdoor-work","12":"activity-rain-jackets-everyday-and-commuting","13":"activity-stable-country-life","15":"first","16":"instock","17":"taxable","18":"shipping-taxable","19":"purchasable","20":"product-type-variable","21":"has-default-attributes","22":"rtwpvg-product","23":"rtwpvs-product"},"acf":[],"shsp-ext":{"main":{},"variations":[]},"yoast_head":"<!-- This site is optimized with the Yoast SEO plugin v27.2 - https:\/\/yoast.com\/product\/yoast-seo-wordpress\/ -->\n<title>Rasmus light jacket | Farmerrain - H\u00e5llbara regnkl\u00e4der<\/title>\n<meta name=\"description\" content=\"This classic outdoor jacket is a unisex model in a straight fit. Double breasted with lock functionality that keeps the moisture out. Raglan sleeves for\" \/>\n<meta name=\"robots\" content=\"index, follow, max-snippet:-1, max-image-preview:large, max-video-preview:-1\" \/>\n<link rel=\"canonical\" href=\"https:\/\/farmerrain.com\/en\/product\/rasmus-light-jacket\/\" \/>\n<meta property=\"og:locale\" content=\"en_US\" \/>\n<meta property=\"og:type\" content=\"article\" \/>\n<meta property=\"og:title\" content=\"Rasmus light jacket | Farmerrain - H\u00e5llbara regnkl\u00e4der\" \/>\n<meta property=\"og:description\" content=\"This classic outdoor jacket is a unisex model in a straight fit. Double breasted with lock functionality that keeps the moisture out. Raglan sleeves for\" \/>\n<meta property=\"og:url\" content=\"https:\/\/farmerrain.com\/en\/product\/rasmus-light-jacket\/\" \/>\n<meta property=\"og:site_name\" content=\"Farmerrain - H\u00e5llbara regnkl\u00e4der\" \/>\n<meta property=\"article:publisher\" content=\"https:\/\/www.facebook.com\/people\/Farmerrain\/100063463901438\/\" \/>\n<meta property=\"article:modified_time\" content=\"2026-01-06T13:40:01+00:00\" \/>\n<meta property=\"og:image\" content=\"https:\/\/farmerrain.com\/wp-content\/uploads\/2024\/07\/Rebecca-126.jpg\" \/>\n\t<meta property=\"og:image:width\" content=\"1080\" \/>\n\t<meta property=\"og:image:height\" content=\"1350\" \/>\n\t<meta property=\"og:image:type\" content=\"image\/jpeg\" \/>\n<meta name=\"twitter:card\" content=\"summary_large_image\" \/>\n<meta name=\"twitter:label1\" content=\"Est. reading time\" \/>\n\t<meta name=\"twitter:data1\" content=\"1 minute\" \/>\n<script type=\"application\/ld+json\" class=\"yoast-schema-graph\">{\"@context\":\"https:\/\/schema.org\",\"@graph\":[{\"@type\":\"WebPage\",\"@id\":\"https:\/\/farmerrain.com\/en\/product\/rasmus-light-jacket\/\",\"url\":\"https:\/\/farmerrain.com\/en\/product\/rasmus-light-jacket\/\",\"name\":\"Rasmus light jacket | Farmerrain - H\u00e5llbara regnkl\u00e4der\",\"isPartOf\":{\"@id\":\"https:\/\/farmerrain.com\/#website\"},\"primaryImageOfPage\":{\"@id\":\"https:\/\/farmerrain.com\/en\/product\/rasmus-light-jacket\/#primaryimage\"},\"image\":{\"@id\":\"https:\/\/farmerrain.com\/en\/product\/rasmus-light-jacket\/#primaryimage\"},\"thumbnailUrl\":\"https:\/\/farmerrain.com\/wp-content\/uploads\/2024\/07\/Rebecca-126.jpg\",\"datePublished\":\"2024-07-11T10:52:58+00:00\",\"dateModified\":\"2026-01-06T13:40:01+00:00\",\"description\":\"This classic outdoor jacket is a unisex model in a straight fit. Double breasted with lock functionality that keeps the moisture out. Raglan sleeves for\",\"breadcrumb\":{\"@id\":\"https:\/\/farmerrain.com\/en\/product\/rasmus-light-jacket\/#breadcrumb\"},\"inLanguage\":\"en-US\",\"potentialAction\":[{\"@type\":\"ReadAction\",\"target\":[\"https:\/\/farmerrain.com\/en\/product\/rasmus-light-jacket\/\"]}]},{\"@type\":\"ImageObject\",\"inLanguage\":\"en-US\",\"@id\":\"https:\/\/farmerrain.com\/en\/product\/rasmus-light-jacket\/#primaryimage\",\"url\":\"https:\/\/farmerrain.com\/wp-content\/uploads\/2024\/07\/Rebecca-126.jpg\",\"contentUrl\":\"https:\/\/farmerrain.com\/wp-content\/uploads\/2024\/07\/Rebecca-126.jpg\",\"width\":1080,\"height\":1350},{\"@type\":\"BreadcrumbList\",\"@id\":\"https:\/\/farmerrain.com\/en\/product\/rasmus-light-jacket\/#breadcrumb\",\"itemListElement\":[{\"@type\":\"ListItem\",\"position\":1,\"name\":\"Shop\",\"item\":\"https:\/\/farmerrain.com\/en\/shop-2\/\"},{\"@type\":\"ListItem\",\"position\":2,\"name\":\"Rasmus light jacket\"}]},{\"@type\":\"WebSite\",\"@id\":\"https:\/\/farmerrain.com\/#website\",\"url\":\"https:\/\/farmerrain.com\/\",\"name\":\"Farmerrain - H\u00e5llbara regnkl\u00e4der\",\"description\":\"Regnkl\u00e4der med fokus p\u00e5 h\u00e5llbarhet, funktionalitet och unik design.\",\"publisher\":{\"@id\":\"https:\/\/farmerrain.com\/#organization\"},\"potentialAction\":[{\"@type\":\"SearchAction\",\"target\":{\"@type\":\"EntryPoint\",\"urlTemplate\":\"https:\/\/farmerrain.com\/?s={search_term_string}\"},\"query-input\":{\"@type\":\"PropertyValueSpecification\",\"valueRequired\":true,\"valueName\":\"search_term_string\"}}],\"inLanguage\":\"en-US\"},{\"@type\":\"Organization\",\"@id\":\"https:\/\/farmerrain.com\/#organization\",\"name\":\"Farmerrain\",\"url\":\"https:\/\/farmerrain.com\/\",\"logo\":{\"@type\":\"ImageObject\",\"inLanguage\":\"en-US\",\"@id\":\"https:\/\/farmerrain.com\/#\/schema\/logo\/image\/\",\"url\":\"https:\/\/farmerrain.com\/wp-content\/uploads\/2023\/03\/fr_logo.png\",\"contentUrl\":\"https:\/\/farmerrain.com\/wp-content\/uploads\/2023\/03\/fr_logo.png\",\"width\":179,\"height\":23,\"caption\":\"Farmerrain\"},\"image\":{\"@id\":\"https:\/\/farmerrain.com\/#\/schema\/logo\/image\/\"},\"sameAs\":[\"https:\/\/www.facebook.com\/people\/Farmerrain\/100063463901438\/\"]}]}<\/script>\n<!-- \/ Yoast SEO plugin. -->","yoast_head_json":{"title":"Rasmus light jacket | Farmerrain - H\u00e5llbara regnkl\u00e4der","description":"This classic outdoor jacket is a unisex model in a straight fit. Double breasted with lock functionality that keeps the moisture out. Raglan sleeves for","robots":{"index":"index","follow":"follow","max-snippet":"max-snippet:-1","max-image-preview":"max-image-preview:large","max-video-preview":"max-video-preview:-1"},"canonical":"https:\/\/farmerrain.com\/en\/product\/rasmus-light-jacket\/","og_locale":"en_US","og_type":"article","og_title":"Rasmus light jacket | Farmerrain - H\u00e5llbara regnkl\u00e4der","og_description":"This classic outdoor jacket is a unisex model in a straight fit. Double breasted with lock functionality that keeps the moisture out. Raglan sleeves for","og_url":"https:\/\/farmerrain.com\/en\/product\/rasmus-light-jacket\/","og_site_name":"Farmerrain - H\u00e5llbara regnkl\u00e4der","article_publisher":"https:\/\/www.facebook.com\/people\/Farmerrain\/100063463901438\/","article_modified_time":"2026-01-06T13:40:01+00:00","og_image":[{"width":1080,"height":1350,"url":"https:\/\/farmerrain.com\/wp-content\/uploads\/2024\/07\/Rebecca-126.jpg","type":"image\/jpeg"}],"twitter_card":"summary_large_image","twitter_misc":{"Est. reading time":"1 minute"},"schema":{"@context":"https:\/\/schema.org","@graph":[{"@type":"WebPage","@id":"https:\/\/farmerrain.com\/en\/product\/rasmus-light-jacket\/","url":"https:\/\/farmerrain.com\/en\/product\/rasmus-light-jacket\/","name":"Rasmus light jacket | Farmerrain - H\u00e5llbara regnkl\u00e4der","isPartOf":{"@id":"https:\/\/farmerrain.com\/#website"},"primaryImageOfPage":{"@id":"https:\/\/farmerrain.com\/en\/product\/rasmus-light-jacket\/#primaryimage"},"image":{"@id":"https:\/\/farmerrain.com\/en\/product\/rasmus-light-jacket\/#primaryimage"},"thumbnailUrl":"https:\/\/farmerrain.com\/wp-content\/uploads\/2024\/07\/Rebecca-126.jpg","datePublished":"2024-07-11T10:52:58+00:00","dateModified":"2026-01-06T13:40:01+00:00","description":"This classic outdoor jacket is a unisex model in a straight fit. Double breasted with lock functionality that keeps the moisture out. Raglan sleeves for","breadcrumb":{"@id":"https:\/\/farmerrain.com\/en\/product\/rasmus-light-jacket\/#breadcrumb"},"inLanguage":"en-US","potentialAction":[{"@type":"ReadAction","target":["https:\/\/farmerrain.com\/en\/product\/rasmus-light-jacket\/"]}]},{"@type":"ImageObject","inLanguage":"en-US","@id":"https:\/\/farmerrain.com\/en\/product\/rasmus-light-jacket\/#primaryimage","url":"https:\/\/farmerrain.com\/wp-content\/uploads\/2024\/07\/Rebecca-126.jpg","contentUrl":"https:\/\/farmerrain.com\/wp-content\/uploads\/2024\/07\/Rebecca-126.jpg","width":1080,"height":1350},{"@type":"BreadcrumbList","@id":"https:\/\/farmerrain.com\/en\/product\/rasmus-light-jacket\/#breadcrumb","itemListElement":[{"@type":"ListItem","position":1,"name":"Shop","item":"https:\/\/farmerrain.com\/en\/shop-2\/"},{"@type":"ListItem","position":2,"name":"Rasmus light jacket"}]},{"@type":"WebSite","@id":"https:\/\/farmerrain.com\/#website","url":"https:\/\/farmerrain.com\/","name":"Farmerrain - H\u00e5llbara regnkl\u00e4der","description":"Regnkl\u00e4der med fokus p\u00e5 h\u00e5llbarhet, funktionalitet och unik design.","publisher":{"@id":"https:\/\/farmerrain.com\/#organization"},"potentialAction":[{"@type":"SearchAction","target":{"@type":"EntryPoint","urlTemplate":"https:\/\/farmerrain.com\/?s={search_term_string}"},"query-input":{"@type":"PropertyValueSpecification","valueRequired":true,"valueName":"search_term_string"}}],"inLanguage":"en-US"},{"@type":"Organization","@id":"https:\/\/farmerrain.com\/#organization","name":"Farmerrain","url":"https:\/\/farmerrain.com\/","logo":{"@type":"ImageObject","inLanguage":"en-US","@id":"https:\/\/farmerrain.com\/#\/schema\/logo\/image\/","url":"https:\/\/farmerrain.com\/wp-content\/uploads\/2023\/03\/fr_logo.png","contentUrl":"https:\/\/farmerrain.com\/wp-content\/uploads\/2023\/03\/fr_logo.png","width":179,"height":23,"caption":"Farmerrain"},"image":{"@id":"https:\/\/farmerrain.com\/#\/schema\/logo\/image\/"},"sameAs":["https:\/\/www.facebook.com\/people\/Farmerrain\/100063463901438\/"]}]}},"_links":{"self":[{"href":"https:\/\/farmerrain.com\/en\/wp-json\/wp\/v2\/product\/60139","targetHints":{"allow":["GET"]}}],"collection":[{"href":"https:\/\/farmerrain.com\/en\/wp-json\/wp\/v2\/product"}],"about":[{"href":"https:\/\/farmerrain.com\/en\/wp-json\/wp\/v2\/types\/product"}],"replies":[{"embeddable":true,"href":"https:\/\/farmerrain.com\/en\/wp-json\/wp\/v2\/comments?post=60139"}],"wp:featuredmedia":[{"embeddable":true,"href":"https:\/\/farmerrain.com\/en\/wp-json\/wp\/v2\/media\/60105"}],"wp:attachment":[{"href":"https:\/\/farmerrain.com\/en\/wp-json\/wp\/v2\/media?parent=60139"}],"wp:term":[{"taxonomy":"product_brand","embeddable":true,"href":"https:\/\/farmerrain.com\/en\/wp-json\/wp\/v2\/product_brand?post=60139"},{"taxonomy":"product_cat","embeddable":true,"href":"https:\/\/farmerrain.com\/en\/wp-json\/wp\/v2\/product_cat?post=60139"},{"taxonomy":"product_tag","embeddable":true,"href":"https:\/\/farmerrain.com\/en\/wp-json\/wp\/v2\/product_tag?post=60139"},{"taxonomy":"activity","embeddable":true,"href":"https:\/\/farmerrain.com\/en\/wp-json\/wp\/v2\/activity?post=60139"}],"curies":[{"name":"wp","href":"https:\/\/api.w.org\/{rel}","templated":true}]}}