{"id":60084,"date":"2024-07-11T12:25:15","date_gmt":"2024-07-11T10:25:15","guid":{"rendered":"https:\/\/farmerrain.com\/?post_type=product&#038;p=60084"},"modified":"2026-03-24T12:10:44","modified_gmt":"2026-03-24T11:10:44","slug":"rasmus-light-pinafore-pants","status":"publish","type":"product","link":"https:\/\/farmerrain.com\/en\/product\/rasmus-light-pinafore-pants\/","title":{"rendered":"Rasmus light pinafore pants"},"content":{"rendered":"<div id=\"tab-description\" role=\"tabpanel\" aria-labelledby=\"tab_item-0\">\n<p><span lang=\"en\">Suspender trousers for adventure as well as for work <\/span><\/p>\n<p><span lang=\"en\">Unisex model with elastic in the upper back for increased comfort<\/span><\/p>\n<p><span lang=\"en\"> Large pocket on the front of the chest with good space for e.g. mobile phone and keys<\/span><\/p>\n<p><span lang=\"en\"> Button adjustment in the side<\/span><\/p>\n<p><span lang=\"en\"> Adjustable elastic braces in the highest quality <\/span><\/p>\n<p><span lang=\"en\">Elastic around the foot and also under the foot <\/span><\/p>\n<p><span lang=\"en\">Reflex around both legs <\/span><\/p>\n<p><span lang=\"en\">Big reinforcement on the knees<\/span><\/p>\n<p>&nbsp;<\/p>\n<p>MATERIAL<br \/>\nRaintex light 250 g\/m2.<\/p>\n<p>Cold resistant, water column 20 000mm<\/p>\n<\/div>\n","protected":false},"excerpt":{"rendered":"<p>Suspender trousers for adventure as well as for work Unisex model with elastic in the upper back for increased comfort Large pocket on the front of the chest with good space for e.g. mobile phone and keys Button adjustment in the side Adjustable elastic braces in the highest quality Elastic around the foot and also [&hellip;]<\/p>\n","protected":false},"featured_media":60050,"comment_status":"open","ping_status":"closed","template":"","meta":{"_acf_changed":false},"product_brand":[],"product_cat":[1224,1219],"product_tag":[764],"activity":[1034,1050,1020,1046,997,1030],"class_list":{"0":"post-60084","1":"product","2":"type-product","3":"status-publish","4":"has-post-thumbnail","6":"product_cat-bib-trousers-rainwear","7":"product_cat-rainwear","8":"product_tag-yrkesklader-en","9":"activity-bib-trousers-stable-and-country-life","10":"activity-bib-trousers-everyday-and-commuting","11":"activity-bib-trousers-hiking-and-nature","12":"activity-everyday-commuting","13":"activity-hiking-nature","14":"activity-stable-country-life","16":"first","17":"instock","18":"taxable","19":"shipping-taxable","20":"purchasable","21":"product-type-variable","22":"has-default-attributes","23":"rtwpvg-product","24":"rtwpvs-product"},"acf":[],"shsp-ext":{"main":{},"variations":[]},"yoast_head":"<!-- This site is optimized with the Yoast SEO plugin v27.2 - https:\/\/yoast.com\/product\/yoast-seo-wordpress\/ -->\n<title>Rasmus light pinafore pants | Farmerrain - H\u00e5llbara regnkl\u00e4der<\/title>\n<meta name=\"description\" content=\"Suspender trousers for adventure as well as for work Unisex model with elastic in the upper back for increased comfort Large pocket on the front of the\" \/>\n<meta name=\"robots\" content=\"index, follow, max-snippet:-1, max-image-preview:large, max-video-preview:-1\" \/>\n<link rel=\"canonical\" href=\"https:\/\/farmerrain.com\/en\/product\/rasmus-light-pinafore-pants\/\" \/>\n<meta property=\"og:locale\" content=\"en_US\" \/>\n<meta property=\"og:type\" content=\"article\" \/>\n<meta property=\"og:title\" content=\"Rasmus light pinafore pants | Farmerrain - H\u00e5llbara regnkl\u00e4der\" \/>\n<meta property=\"og:description\" content=\"Suspender trousers for adventure as well as for work Unisex model with elastic in the upper back for increased comfort Large pocket on the front of the\" \/>\n<meta property=\"og:url\" content=\"https:\/\/farmerrain.com\/en\/product\/rasmus-light-pinafore-pants\/\" \/>\n<meta property=\"og:site_name\" content=\"Farmerrain - H\u00e5llbara regnkl\u00e4der\" \/>\n<meta property=\"article:publisher\" content=\"https:\/\/www.facebook.com\/people\/Farmerrain\/100063463901438\/\" \/>\n<meta property=\"article:modified_time\" content=\"2026-03-24T11:10:44+00:00\" \/>\n<meta property=\"og:image\" content=\"https:\/\/farmerrain.com\/wp-content\/uploads\/2024\/07\/Kullberg-32.jpg\" \/>\n\t<meta property=\"og:image:width\" content=\"1080\" \/>\n\t<meta property=\"og:image:height\" content=\"1350\" \/>\n\t<meta property=\"og:image:type\" content=\"image\/jpeg\" \/>\n<meta name=\"twitter:card\" content=\"summary_large_image\" \/>\n<meta name=\"twitter:label1\" content=\"Est. reading time\" \/>\n\t<meta name=\"twitter:data1\" content=\"1 minute\" \/>\n<script type=\"application\/ld+json\" class=\"yoast-schema-graph\">{\"@context\":\"https:\/\/schema.org\",\"@graph\":[{\"@type\":\"WebPage\",\"@id\":\"https:\/\/farmerrain.com\/en\/product\/rasmus-light-pinafore-pants\/\",\"url\":\"https:\/\/farmerrain.com\/en\/product\/rasmus-light-pinafore-pants\/\",\"name\":\"Rasmus light pinafore pants | Farmerrain - H\u00e5llbara regnkl\u00e4der\",\"isPartOf\":{\"@id\":\"https:\/\/farmerrain.com\/#website\"},\"primaryImageOfPage\":{\"@id\":\"https:\/\/farmerrain.com\/en\/product\/rasmus-light-pinafore-pants\/#primaryimage\"},\"image\":{\"@id\":\"https:\/\/farmerrain.com\/en\/product\/rasmus-light-pinafore-pants\/#primaryimage\"},\"thumbnailUrl\":\"https:\/\/farmerrain.com\/wp-content\/uploads\/2024\/07\/Kullberg-32.jpg\",\"datePublished\":\"2024-07-11T10:25:15+00:00\",\"dateModified\":\"2026-03-24T11:10:44+00:00\",\"description\":\"Suspender trousers for adventure as well as for work Unisex model with elastic in the upper back for increased comfort Large pocket on the front of the\",\"breadcrumb\":{\"@id\":\"https:\/\/farmerrain.com\/en\/product\/rasmus-light-pinafore-pants\/#breadcrumb\"},\"inLanguage\":\"en-US\",\"potentialAction\":[{\"@type\":\"ReadAction\",\"target\":[\"https:\/\/farmerrain.com\/en\/product\/rasmus-light-pinafore-pants\/\"]}]},{\"@type\":\"ImageObject\",\"inLanguage\":\"en-US\",\"@id\":\"https:\/\/farmerrain.com\/en\/product\/rasmus-light-pinafore-pants\/#primaryimage\",\"url\":\"https:\/\/farmerrain.com\/wp-content\/uploads\/2024\/07\/Kullberg-32.jpg\",\"contentUrl\":\"https:\/\/farmerrain.com\/wp-content\/uploads\/2024\/07\/Kullberg-32.jpg\",\"width\":1080,\"height\":1350},{\"@type\":\"BreadcrumbList\",\"@id\":\"https:\/\/farmerrain.com\/en\/product\/rasmus-light-pinafore-pants\/#breadcrumb\",\"itemListElement\":[{\"@type\":\"ListItem\",\"position\":1,\"name\":\"Shop\",\"item\":\"https:\/\/farmerrain.com\/en\/shop-2\/\"},{\"@type\":\"ListItem\",\"position\":2,\"name\":\"Rasmus light pinafore pants\"}]},{\"@type\":\"WebSite\",\"@id\":\"https:\/\/farmerrain.com\/#website\",\"url\":\"https:\/\/farmerrain.com\/\",\"name\":\"Farmerrain - H\u00e5llbara regnkl\u00e4der\",\"description\":\"Regnkl\u00e4der med fokus p\u00e5 h\u00e5llbarhet, funktionalitet och unik design.\",\"publisher\":{\"@id\":\"https:\/\/farmerrain.com\/#organization\"},\"potentialAction\":[{\"@type\":\"SearchAction\",\"target\":{\"@type\":\"EntryPoint\",\"urlTemplate\":\"https:\/\/farmerrain.com\/?s={search_term_string}\"},\"query-input\":{\"@type\":\"PropertyValueSpecification\",\"valueRequired\":true,\"valueName\":\"search_term_string\"}}],\"inLanguage\":\"en-US\"},{\"@type\":\"Organization\",\"@id\":\"https:\/\/farmerrain.com\/#organization\",\"name\":\"Farmerrain\",\"url\":\"https:\/\/farmerrain.com\/\",\"logo\":{\"@type\":\"ImageObject\",\"inLanguage\":\"en-US\",\"@id\":\"https:\/\/farmerrain.com\/#\/schema\/logo\/image\/\",\"url\":\"https:\/\/farmerrain.com\/wp-content\/uploads\/2023\/03\/fr_logo.png\",\"contentUrl\":\"https:\/\/farmerrain.com\/wp-content\/uploads\/2023\/03\/fr_logo.png\",\"width\":179,\"height\":23,\"caption\":\"Farmerrain\"},\"image\":{\"@id\":\"https:\/\/farmerrain.com\/#\/schema\/logo\/image\/\"},\"sameAs\":[\"https:\/\/www.facebook.com\/people\/Farmerrain\/100063463901438\/\"]}]}<\/script>\n<!-- \/ Yoast SEO plugin. -->","yoast_head_json":{"title":"Rasmus light pinafore pants | Farmerrain - H\u00e5llbara regnkl\u00e4der","description":"Suspender trousers for adventure as well as for work Unisex model with elastic in the upper back for increased comfort Large pocket on the front of the","robots":{"index":"index","follow":"follow","max-snippet":"max-snippet:-1","max-image-preview":"max-image-preview:large","max-video-preview":"max-video-preview:-1"},"canonical":"https:\/\/farmerrain.com\/en\/product\/rasmus-light-pinafore-pants\/","og_locale":"en_US","og_type":"article","og_title":"Rasmus light pinafore pants | Farmerrain - H\u00e5llbara regnkl\u00e4der","og_description":"Suspender trousers for adventure as well as for work Unisex model with elastic in the upper back for increased comfort Large pocket on the front of the","og_url":"https:\/\/farmerrain.com\/en\/product\/rasmus-light-pinafore-pants\/","og_site_name":"Farmerrain - H\u00e5llbara regnkl\u00e4der","article_publisher":"https:\/\/www.facebook.com\/people\/Farmerrain\/100063463901438\/","article_modified_time":"2026-03-24T11:10:44+00:00","og_image":[{"width":1080,"height":1350,"url":"https:\/\/farmerrain.com\/wp-content\/uploads\/2024\/07\/Kullberg-32.jpg","type":"image\/jpeg"}],"twitter_card":"summary_large_image","twitter_misc":{"Est. reading time":"1 minute"},"schema":{"@context":"https:\/\/schema.org","@graph":[{"@type":"WebPage","@id":"https:\/\/farmerrain.com\/en\/product\/rasmus-light-pinafore-pants\/","url":"https:\/\/farmerrain.com\/en\/product\/rasmus-light-pinafore-pants\/","name":"Rasmus light pinafore pants | Farmerrain - H\u00e5llbara regnkl\u00e4der","isPartOf":{"@id":"https:\/\/farmerrain.com\/#website"},"primaryImageOfPage":{"@id":"https:\/\/farmerrain.com\/en\/product\/rasmus-light-pinafore-pants\/#primaryimage"},"image":{"@id":"https:\/\/farmerrain.com\/en\/product\/rasmus-light-pinafore-pants\/#primaryimage"},"thumbnailUrl":"https:\/\/farmerrain.com\/wp-content\/uploads\/2024\/07\/Kullberg-32.jpg","datePublished":"2024-07-11T10:25:15+00:00","dateModified":"2026-03-24T11:10:44+00:00","description":"Suspender trousers for adventure as well as for work Unisex model with elastic in the upper back for increased comfort Large pocket on the front of the","breadcrumb":{"@id":"https:\/\/farmerrain.com\/en\/product\/rasmus-light-pinafore-pants\/#breadcrumb"},"inLanguage":"en-US","potentialAction":[{"@type":"ReadAction","target":["https:\/\/farmerrain.com\/en\/product\/rasmus-light-pinafore-pants\/"]}]},{"@type":"ImageObject","inLanguage":"en-US","@id":"https:\/\/farmerrain.com\/en\/product\/rasmus-light-pinafore-pants\/#primaryimage","url":"https:\/\/farmerrain.com\/wp-content\/uploads\/2024\/07\/Kullberg-32.jpg","contentUrl":"https:\/\/farmerrain.com\/wp-content\/uploads\/2024\/07\/Kullberg-32.jpg","width":1080,"height":1350},{"@type":"BreadcrumbList","@id":"https:\/\/farmerrain.com\/en\/product\/rasmus-light-pinafore-pants\/#breadcrumb","itemListElement":[{"@type":"ListItem","position":1,"name":"Shop","item":"https:\/\/farmerrain.com\/en\/shop-2\/"},{"@type":"ListItem","position":2,"name":"Rasmus light pinafore pants"}]},{"@type":"WebSite","@id":"https:\/\/farmerrain.com\/#website","url":"https:\/\/farmerrain.com\/","name":"Farmerrain - H\u00e5llbara regnkl\u00e4der","description":"Regnkl\u00e4der med fokus p\u00e5 h\u00e5llbarhet, funktionalitet och unik design.","publisher":{"@id":"https:\/\/farmerrain.com\/#organization"},"potentialAction":[{"@type":"SearchAction","target":{"@type":"EntryPoint","urlTemplate":"https:\/\/farmerrain.com\/?s={search_term_string}"},"query-input":{"@type":"PropertyValueSpecification","valueRequired":true,"valueName":"search_term_string"}}],"inLanguage":"en-US"},{"@type":"Organization","@id":"https:\/\/farmerrain.com\/#organization","name":"Farmerrain","url":"https:\/\/farmerrain.com\/","logo":{"@type":"ImageObject","inLanguage":"en-US","@id":"https:\/\/farmerrain.com\/#\/schema\/logo\/image\/","url":"https:\/\/farmerrain.com\/wp-content\/uploads\/2023\/03\/fr_logo.png","contentUrl":"https:\/\/farmerrain.com\/wp-content\/uploads\/2023\/03\/fr_logo.png","width":179,"height":23,"caption":"Farmerrain"},"image":{"@id":"https:\/\/farmerrain.com\/#\/schema\/logo\/image\/"},"sameAs":["https:\/\/www.facebook.com\/people\/Farmerrain\/100063463901438\/"]}]}},"_links":{"self":[{"href":"https:\/\/farmerrain.com\/en\/wp-json\/wp\/v2\/product\/60084","targetHints":{"allow":["GET"]}}],"collection":[{"href":"https:\/\/farmerrain.com\/en\/wp-json\/wp\/v2\/product"}],"about":[{"href":"https:\/\/farmerrain.com\/en\/wp-json\/wp\/v2\/types\/product"}],"replies":[{"embeddable":true,"href":"https:\/\/farmerrain.com\/en\/wp-json\/wp\/v2\/comments?post=60084"}],"wp:featuredmedia":[{"embeddable":true,"href":"https:\/\/farmerrain.com\/en\/wp-json\/wp\/v2\/media\/60050"}],"wp:attachment":[{"href":"https:\/\/farmerrain.com\/en\/wp-json\/wp\/v2\/media?parent=60084"}],"wp:term":[{"taxonomy":"product_brand","embeddable":true,"href":"https:\/\/farmerrain.com\/en\/wp-json\/wp\/v2\/product_brand?post=60084"},{"taxonomy":"product_cat","embeddable":true,"href":"https:\/\/farmerrain.com\/en\/wp-json\/wp\/v2\/product_cat?post=60084"},{"taxonomy":"product_tag","embeddable":true,"href":"https:\/\/farmerrain.com\/en\/wp-json\/wp\/v2\/product_tag?post=60084"},{"taxonomy":"activity","embeddable":true,"href":"https:\/\/farmerrain.com\/en\/wp-json\/wp\/v2\/activity?post=60084"}],"curies":[{"name":"wp","href":"https:\/\/api.w.org\/{rel}","templated":true}]}}