{"id":53091,"date":"2023-10-04T17:39:25","date_gmt":"2023-10-04T17:39:25","guid":{"rendered":"https:\/\/farmerrain.com\/?post_type=product&#038;p=53091"},"modified":"2026-05-13T20:43:26","modified_gmt":"2026-05-13T18:43:26","slug":"retro-coat-20","status":"publish","type":"product","link":"https:\/\/farmerrain.com\/en\/product\/retro-coat-20\/","title":{"rendered":"Shiny Retro Coat"},"content":{"rendered":"<p>This retro coat in unisex size comes with a practical hood with screen and a drawstring with metal bells.<\/p>\n<p>Front buttons and waistband are of the same material.<\/p>\n<p>It is double breasted with lock functionality<\/p>\n<p>Push buttons at the wrist enable individual adjustment.<\/p>\n<p>Two front pockets.<\/p>\n<p>MATERIAL<\/p>\n<p><span class=\"HwtZe\" lang=\"en\"><span class=\"jCAhz ChMk0b\"><span class=\"ryNqvb\">Shiny Biovinyl+ with recycled polyester undertissue, 400 gram<\/span><\/span><\/span><\/p>\n<p>Welded seams.<\/p>\n","protected":false},"excerpt":{"rendered":"<p>This retro coat in unisex size comes with a practical hood with screen and a drawstring with metal bells. Front buttons and waistband are of the same material. It is double breasted with lock functionality Push buttons at the wrist enable individual adjustment. Two front pockets. MATERIAL Shiny Biovinyl+ with recycled polyester undertissue, 400 gram [&hellip;]<\/p>\n","protected":false},"featured_media":60353,"comment_status":"open","ping_status":"closed","template":"","meta":{"_acf_changed":false},"product_brand":[],"product_cat":[1221,1219],"product_tag":[310],"activity":[1046,1056],"class_list":{"0":"post-53091","1":"product","2":"type-product","3":"status-publish","4":"has-post-thumbnail","6":"product_cat-raincoats-rainwear","7":"product_cat-rainwear","8":"product_tag-mode-en","9":"activity-everyday-commuting","10":"activity-raincoats-everyday-and-commuting","12":"first","13":"instock","14":"taxable","15":"shipping-taxable","16":"purchasable","17":"product-type-variable","18":"has-default-attributes","19":"rtwpvg-product","20":"rtwpvs-product"},"acf":[],"shsp-ext":{"main":{},"variations":[]},"yoast_head":"<!-- This site is optimized with the Yoast SEO plugin v27.5 - https:\/\/yoast.com\/product\/yoast-seo-wordpress\/ -->\n<title>Shiny Retro Coat | Farmerrain - H\u00e5llbara regnkl\u00e4der<\/title>\n<meta name=\"description\" content=\"This retro coat in unisex size comes with a practical hood with screen and a drawstring with metal bells. Front buttons and waistband are of the same\" \/>\n<meta name=\"robots\" content=\"index, follow, max-snippet:-1, max-image-preview:large, max-video-preview:-1\" \/>\n<link rel=\"canonical\" href=\"https:\/\/farmerrain.com\/en\/product\/retro-coat-20\/\" \/>\n<meta property=\"og:locale\" content=\"en_US\" \/>\n<meta property=\"og:type\" content=\"article\" \/>\n<meta property=\"og:title\" content=\"Shiny Retro Coat | Farmerrain - H\u00e5llbara regnkl\u00e4der\" \/>\n<meta property=\"og:description\" content=\"This retro coat in unisex size comes with a practical hood with screen and a drawstring with metal bells. Front buttons and waistband are of the same\" \/>\n<meta property=\"og:url\" content=\"https:\/\/farmerrain.com\/en\/product\/retro-coat-20\/\" \/>\n<meta property=\"og:site_name\" content=\"Farmerrain - H\u00e5llbara regnkl\u00e4der\" \/>\n<meta property=\"article:publisher\" content=\"https:\/\/www.facebook.com\/people\/Farmerrain\/100063463901438\/\" \/>\n<meta property=\"article:modified_time\" content=\"2026-05-13T18:43:26+00:00\" \/>\n<meta property=\"og:image\" content=\"https:\/\/farmerrain.com\/wp-content\/uploads\/2023\/10\/Wilma-156-1.jpg\" \/>\n\t<meta property=\"og:image:width\" content=\"1080\" \/>\n\t<meta property=\"og:image:height\" content=\"1350\" \/>\n\t<meta property=\"og:image:type\" content=\"image\/jpeg\" \/>\n<meta name=\"twitter:card\" content=\"summary_large_image\" \/>\n<meta name=\"twitter:label1\" content=\"Est. reading time\" \/>\n\t<meta name=\"twitter:data1\" content=\"1 minute\" \/>\n<script type=\"application\/ld+json\" class=\"yoast-schema-graph\">{\"@context\":\"https:\\\/\\\/schema.org\",\"@graph\":[{\"@type\":\"WebPage\",\"@id\":\"https:\\\/\\\/farmerrain.com\\\/en\\\/product\\\/retro-coat-20\\\/\",\"url\":\"https:\\\/\\\/farmerrain.com\\\/en\\\/product\\\/retro-coat-20\\\/\",\"name\":\"Shiny Retro Coat | Farmerrain - H\u00e5llbara regnkl\u00e4der\",\"isPartOf\":{\"@id\":\"https:\\\/\\\/farmerrain.com\\\/#website\"},\"primaryImageOfPage\":{\"@id\":\"https:\\\/\\\/farmerrain.com\\\/en\\\/product\\\/retro-coat-20\\\/#primaryimage\"},\"image\":{\"@id\":\"https:\\\/\\\/farmerrain.com\\\/en\\\/product\\\/retro-coat-20\\\/#primaryimage\"},\"thumbnailUrl\":\"https:\\\/\\\/farmerrain.com\\\/wp-content\\\/uploads\\\/2023\\\/10\\\/Wilma-156-1.jpg\",\"datePublished\":\"2023-10-04T17:39:25+00:00\",\"dateModified\":\"2026-05-13T18:43:26+00:00\",\"description\":\"This retro coat in unisex size comes with a practical hood with screen and a drawstring with metal bells. Front buttons and waistband are of the same\",\"breadcrumb\":{\"@id\":\"https:\\\/\\\/farmerrain.com\\\/en\\\/product\\\/retro-coat-20\\\/#breadcrumb\"},\"inLanguage\":\"en-US\",\"potentialAction\":[{\"@type\":\"ReadAction\",\"target\":[\"https:\\\/\\\/farmerrain.com\\\/en\\\/product\\\/retro-coat-20\\\/\"]}]},{\"@type\":\"ImageObject\",\"inLanguage\":\"en-US\",\"@id\":\"https:\\\/\\\/farmerrain.com\\\/en\\\/product\\\/retro-coat-20\\\/#primaryimage\",\"url\":\"https:\\\/\\\/farmerrain.com\\\/wp-content\\\/uploads\\\/2023\\\/10\\\/Wilma-156-1.jpg\",\"contentUrl\":\"https:\\\/\\\/farmerrain.com\\\/wp-content\\\/uploads\\\/2023\\\/10\\\/Wilma-156-1.jpg\",\"width\":1080,\"height\":1350},{\"@type\":\"BreadcrumbList\",\"@id\":\"https:\\\/\\\/farmerrain.com\\\/en\\\/product\\\/retro-coat-20\\\/#breadcrumb\",\"itemListElement\":[{\"@type\":\"ListItem\",\"position\":1,\"name\":\"Shop\",\"item\":\"https:\\\/\\\/farmerrain.com\\\/en\\\/shop-2\\\/\"},{\"@type\":\"ListItem\",\"position\":2,\"name\":\"Shiny Retro Coat\"}]},{\"@type\":\"WebSite\",\"@id\":\"https:\\\/\\\/farmerrain.com\\\/#website\",\"url\":\"https:\\\/\\\/farmerrain.com\\\/\",\"name\":\"Farmerrain - H\u00e5llbara regnkl\u00e4der\",\"description\":\"Regnkl\u00e4der med fokus p\u00e5 h\u00e5llbarhet, funktionalitet och unik design.\",\"publisher\":{\"@id\":\"https:\\\/\\\/farmerrain.com\\\/#organization\"},\"potentialAction\":[{\"@type\":\"SearchAction\",\"target\":{\"@type\":\"EntryPoint\",\"urlTemplate\":\"https:\\\/\\\/farmerrain.com\\\/?s={search_term_string}\"},\"query-input\":{\"@type\":\"PropertyValueSpecification\",\"valueRequired\":true,\"valueName\":\"search_term_string\"}}],\"inLanguage\":\"en-US\"},{\"@type\":\"Organization\",\"@id\":\"https:\\\/\\\/farmerrain.com\\\/#organization\",\"name\":\"Farmerrain\",\"url\":\"https:\\\/\\\/farmerrain.com\\\/\",\"logo\":{\"@type\":\"ImageObject\",\"inLanguage\":\"en-US\",\"@id\":\"https:\\\/\\\/farmerrain.com\\\/#\\\/schema\\\/logo\\\/image\\\/\",\"url\":\"https:\\\/\\\/farmerrain.com\\\/wp-content\\\/uploads\\\/2023\\\/03\\\/fr_logo.png\",\"contentUrl\":\"https:\\\/\\\/farmerrain.com\\\/wp-content\\\/uploads\\\/2023\\\/03\\\/fr_logo.png\",\"width\":179,\"height\":23,\"caption\":\"Farmerrain\"},\"image\":{\"@id\":\"https:\\\/\\\/farmerrain.com\\\/#\\\/schema\\\/logo\\\/image\\\/\"},\"sameAs\":[\"https:\\\/\\\/www.facebook.com\\\/people\\\/Farmerrain\\\/100063463901438\\\/\"]}]}<\/script>\n<!-- \/ Yoast SEO plugin. -->","yoast_head_json":{"title":"Shiny Retro Coat | Farmerrain - H\u00e5llbara regnkl\u00e4der","description":"This retro coat in unisex size comes with a practical hood with screen and a drawstring with metal bells. Front buttons and waistband are of the same","robots":{"index":"index","follow":"follow","max-snippet":"max-snippet:-1","max-image-preview":"max-image-preview:large","max-video-preview":"max-video-preview:-1"},"canonical":"https:\/\/farmerrain.com\/en\/product\/retro-coat-20\/","og_locale":"en_US","og_type":"article","og_title":"Shiny Retro Coat | Farmerrain - H\u00e5llbara regnkl\u00e4der","og_description":"This retro coat in unisex size comes with a practical hood with screen and a drawstring with metal bells. Front buttons and waistband are of the same","og_url":"https:\/\/farmerrain.com\/en\/product\/retro-coat-20\/","og_site_name":"Farmerrain - H\u00e5llbara regnkl\u00e4der","article_publisher":"https:\/\/www.facebook.com\/people\/Farmerrain\/100063463901438\/","article_modified_time":"2026-05-13T18:43:26+00:00","og_image":[{"width":1080,"height":1350,"url":"https:\/\/farmerrain.com\/wp-content\/uploads\/2023\/10\/Wilma-156-1.jpg","type":"image\/jpeg"}],"twitter_card":"summary_large_image","twitter_misc":{"Est. reading time":"1 minute"},"schema":{"@context":"https:\/\/schema.org","@graph":[{"@type":"WebPage","@id":"https:\/\/farmerrain.com\/en\/product\/retro-coat-20\/","url":"https:\/\/farmerrain.com\/en\/product\/retro-coat-20\/","name":"Shiny Retro Coat | Farmerrain - H\u00e5llbara regnkl\u00e4der","isPartOf":{"@id":"https:\/\/farmerrain.com\/#website"},"primaryImageOfPage":{"@id":"https:\/\/farmerrain.com\/en\/product\/retro-coat-20\/#primaryimage"},"image":{"@id":"https:\/\/farmerrain.com\/en\/product\/retro-coat-20\/#primaryimage"},"thumbnailUrl":"https:\/\/farmerrain.com\/wp-content\/uploads\/2023\/10\/Wilma-156-1.jpg","datePublished":"2023-10-04T17:39:25+00:00","dateModified":"2026-05-13T18:43:26+00:00","description":"This retro coat in unisex size comes with a practical hood with screen and a drawstring with metal bells. Front buttons and waistband are of the same","breadcrumb":{"@id":"https:\/\/farmerrain.com\/en\/product\/retro-coat-20\/#breadcrumb"},"inLanguage":"en-US","potentialAction":[{"@type":"ReadAction","target":["https:\/\/farmerrain.com\/en\/product\/retro-coat-20\/"]}]},{"@type":"ImageObject","inLanguage":"en-US","@id":"https:\/\/farmerrain.com\/en\/product\/retro-coat-20\/#primaryimage","url":"https:\/\/farmerrain.com\/wp-content\/uploads\/2023\/10\/Wilma-156-1.jpg","contentUrl":"https:\/\/farmerrain.com\/wp-content\/uploads\/2023\/10\/Wilma-156-1.jpg","width":1080,"height":1350},{"@type":"BreadcrumbList","@id":"https:\/\/farmerrain.com\/en\/product\/retro-coat-20\/#breadcrumb","itemListElement":[{"@type":"ListItem","position":1,"name":"Shop","item":"https:\/\/farmerrain.com\/en\/shop-2\/"},{"@type":"ListItem","position":2,"name":"Shiny Retro Coat"}]},{"@type":"WebSite","@id":"https:\/\/farmerrain.com\/#website","url":"https:\/\/farmerrain.com\/","name":"Farmerrain - H\u00e5llbara regnkl\u00e4der","description":"Regnkl\u00e4der med fokus p\u00e5 h\u00e5llbarhet, funktionalitet och unik design.","publisher":{"@id":"https:\/\/farmerrain.com\/#organization"},"potentialAction":[{"@type":"SearchAction","target":{"@type":"EntryPoint","urlTemplate":"https:\/\/farmerrain.com\/?s={search_term_string}"},"query-input":{"@type":"PropertyValueSpecification","valueRequired":true,"valueName":"search_term_string"}}],"inLanguage":"en-US"},{"@type":"Organization","@id":"https:\/\/farmerrain.com\/#organization","name":"Farmerrain","url":"https:\/\/farmerrain.com\/","logo":{"@type":"ImageObject","inLanguage":"en-US","@id":"https:\/\/farmerrain.com\/#\/schema\/logo\/image\/","url":"https:\/\/farmerrain.com\/wp-content\/uploads\/2023\/03\/fr_logo.png","contentUrl":"https:\/\/farmerrain.com\/wp-content\/uploads\/2023\/03\/fr_logo.png","width":179,"height":23,"caption":"Farmerrain"},"image":{"@id":"https:\/\/farmerrain.com\/#\/schema\/logo\/image\/"},"sameAs":["https:\/\/www.facebook.com\/people\/Farmerrain\/100063463901438\/"]}]}},"_links":{"self":[{"href":"https:\/\/farmerrain.com\/en\/wp-json\/wp\/v2\/product\/53091","targetHints":{"allow":["GET"]}}],"collection":[{"href":"https:\/\/farmerrain.com\/en\/wp-json\/wp\/v2\/product"}],"about":[{"href":"https:\/\/farmerrain.com\/en\/wp-json\/wp\/v2\/types\/product"}],"replies":[{"embeddable":true,"href":"https:\/\/farmerrain.com\/en\/wp-json\/wp\/v2\/comments?post=53091"}],"wp:featuredmedia":[{"embeddable":true,"href":"https:\/\/farmerrain.com\/en\/wp-json\/wp\/v2\/media\/60353"}],"wp:attachment":[{"href":"https:\/\/farmerrain.com\/en\/wp-json\/wp\/v2\/media?parent=53091"}],"wp:term":[{"taxonomy":"product_brand","embeddable":true,"href":"https:\/\/farmerrain.com\/en\/wp-json\/wp\/v2\/product_brand?post=53091"},{"taxonomy":"product_cat","embeddable":true,"href":"https:\/\/farmerrain.com\/en\/wp-json\/wp\/v2\/product_cat?post=53091"},{"taxonomy":"product_tag","embeddable":true,"href":"https:\/\/farmerrain.com\/en\/wp-json\/wp\/v2\/product_tag?post=53091"},{"taxonomy":"activity","embeddable":true,"href":"https:\/\/farmerrain.com\/en\/wp-json\/wp\/v2\/activity?post=53091"}],"curies":[{"name":"wp","href":"https:\/\/api.w.org\/{rel}","templated":true}]}}