{"id":50873,"date":"2023-05-01T14:09:19","date_gmt":"2023-05-01T14:09:19","guid":{"rendered":"https:\/\/farmerrain.com\/?post_type=product&#038;p=50873"},"modified":"2026-04-21T22:30:07","modified_gmt":"2026-04-21T20:30:07","slug":"oland-raincoat","status":"publish","type":"product","link":"https:\/\/farmerrain.com\/en\/product\/oland-raincoat\/","title":{"rendered":"\u00d6land Raincoat"},"content":{"rendered":"<p>A classic unisex raincoat, suitable for both men and women.<\/p>\n<p>Inside pocket that can protect your phone as well as your keys.<\/p>\n<p>Adjustable at the wrists.<\/p>\n<p>Sluice closure with special matte black buttons.<\/p>\n<p>Slit at the back with adjustable options.<\/p>\n<p>MATERIAL<br \/>\nRaintex Biovinyl\u2122 470g\/m2. Oil-resistant, water column &gt;20000.<br \/>\nWelded seams.<\/p>\n","protected":false},"excerpt":{"rendered":"<p>Designed with the \u00d6land landscape in mind, this raincoat features a timeless classic style that is suitable for both urban and rural environments.<\/p>\n<p>Each raincoat is carefully crafted to ensure the highest quality and durability. The sizes are unisex and it comes in a nice box, making it an ideal gift for someone you like or perhaps as an item you have been looking forward to getting.<\/p>\n<p>The raincoat is an excellent choice for environmentally conscious consumers who want to reduce their impact on the environment while staying dry and comfortable on rainy days.<\/p>\n<p>The first coats sold will be signed by Alexander, making this a limited edition numbered release.<\/p>\n","protected":false},"featured_media":49516,"comment_status":"open","ping_status":"closed","template":"","meta":{"_acf_changed":false},"product_brand":[],"product_cat":[1203,1300,1221,1219],"product_tag":[],"activity":[1046,1056],"class_list":{"0":"post-50873","1":"product","2":"type-product","3":"status-publish","4":"has-post-thumbnail","6":"product_cat-collections","7":"product_cat-collections-oland","8":"product_cat-raincoats-rainwear","9":"product_cat-rainwear","10":"activity-everyday-commuting","11":"activity-raincoats-everyday-and-commuting","13":"first","14":"instock","15":"taxable","16":"shipping-taxable","17":"purchasable","18":"product-type-variable","19":"has-default-attributes","20":"rtwpvg-product","21":"rtwpvs-product"},"acf":[],"shsp-ext":{"main":{},"variations":[]},"yoast_head":"<!-- This site is optimized with the Yoast SEO plugin v27.2 - https:\/\/yoast.com\/product\/yoast-seo-wordpress\/ -->\n<title>\u00d6land Raincoat | Farmerrain - H\u00e5llbara regnkl\u00e4der<\/title>\n<meta name=\"description\" content=\"Designed with the \u00d6land landscape in mind, this raincoat features a timeless classic style that is suitable for both urban and rural environments.  Each raincoat is carefully crafted to ensure the highest quality and durability. The sizes are unisex and it comes in a nice box, making it an ideal gift for someone you like or perhaps as an item you have been looking forward to getting.  The raincoat is an excellent choice for environmentally conscious consumers who want to reduce their impact on the environment while staying dry and comfortable on rainy days.  The first coats sold will be signed by Alexander, making this a limited edition numbered release.\" \/>\n<meta name=\"robots\" content=\"index, follow, max-snippet:-1, max-image-preview:large, max-video-preview:-1\" \/>\n<link rel=\"canonical\" href=\"https:\/\/farmerrain.com\/produkt\/oland-regnrock\/\" \/>\n<meta property=\"og:locale\" content=\"en_US\" \/>\n<meta property=\"og:type\" content=\"article\" \/>\n<meta property=\"og:title\" content=\"\u00d6land Raincoat | Farmerrain - H\u00e5llbara regnkl\u00e4der\" \/>\n<meta property=\"og:description\" content=\"Designed with the \u00d6land landscape in mind, this raincoat features a timeless classic style that is suitable for both urban and rural environments.  Each raincoat is carefully crafted to ensure the highest quality and durability. The sizes are unisex and it comes in a nice box, making it an ideal gift for someone you like or perhaps as an item you have been looking forward to getting.  The raincoat is an excellent choice for environmentally conscious consumers who want to reduce their impact on the environment while staying dry and comfortable on rainy days.  The first coats sold will be signed by Alexander, making this a limited edition numbered release.\" \/>\n<meta property=\"og:url\" content=\"https:\/\/farmerrain.com\/produkt\/oland-regnrock\/\" \/>\n<meta property=\"og:site_name\" content=\"Farmerrain - H\u00e5llbara regnkl\u00e4der\" \/>\n<meta property=\"article:publisher\" content=\"https:\/\/www.facebook.com\/people\/Farmerrain\/100063463901438\/\" \/>\n<meta property=\"article:modified_time\" content=\"2026-04-21T20:30:07+00:00\" \/>\n<meta property=\"og:image\" content=\"https:\/\/farmerrain.com\/wp-content\/uploads\/2023\/05\/Alexander-Stutterheim-Oland-1.jpg\" \/>\n\t<meta property=\"og:image:width\" content=\"1067\" \/>\n\t<meta property=\"og:image:height\" content=\"600\" \/>\n\t<meta property=\"og:image:type\" content=\"image\/jpeg\" \/>\n<meta name=\"twitter:card\" content=\"summary_large_image\" \/>\n<meta name=\"twitter:label1\" content=\"Est. reading time\" \/>\n\t<meta name=\"twitter:data1\" content=\"1 minute\" \/>\n<script type=\"application\/ld+json\" class=\"yoast-schema-graph\">{\"@context\":\"https:\/\/schema.org\",\"@graph\":[{\"@type\":\"WebPage\",\"@id\":\"https:\/\/farmerrain.com\/produkt\/oland-regnrock\/\",\"url\":\"https:\/\/farmerrain.com\/produkt\/oland-regnrock\/\",\"name\":\"\u00d6land Raincoat | Farmerrain - H\u00e5llbara regnkl\u00e4der\",\"isPartOf\":{\"@id\":\"https:\/\/farmerrain.com\/#website\"},\"primaryImageOfPage\":{\"@id\":\"https:\/\/farmerrain.com\/produkt\/oland-regnrock\/#primaryimage\"},\"image\":{\"@id\":\"https:\/\/farmerrain.com\/produkt\/oland-regnrock\/#primaryimage\"},\"thumbnailUrl\":\"https:\/\/farmerrain.com\/wp-content\/uploads\/2023\/05\/Alexander-Stutterheim-Oland-1.jpg\",\"datePublished\":\"2023-05-01T14:09:19+00:00\",\"dateModified\":\"2026-04-21T20:30:07+00:00\",\"description\":\"Designed with the \u00d6land landscape in mind, this raincoat features a timeless classic style that is suitable for both urban and rural environments. Each raincoat is carefully crafted to ensure the highest quality and durability. The sizes are unisex and it comes in a nice box, making it an ideal gift for someone you like or perhaps as an item you have been looking forward to getting. The raincoat is an excellent choice for environmentally conscious consumers who want to reduce their impact on the environment while staying dry and comfortable on rainy days. The first coats sold will be signed by Alexander, making this a limited edition numbered release.\",\"breadcrumb\":{\"@id\":\"https:\/\/farmerrain.com\/produkt\/oland-regnrock\/#breadcrumb\"},\"inLanguage\":\"en-US\",\"potentialAction\":[{\"@type\":\"ReadAction\",\"target\":[\"https:\/\/farmerrain.com\/produkt\/oland-regnrock\/\"]}]},{\"@type\":\"ImageObject\",\"inLanguage\":\"en-US\",\"@id\":\"https:\/\/farmerrain.com\/produkt\/oland-regnrock\/#primaryimage\",\"url\":\"https:\/\/farmerrain.com\/wp-content\/uploads\/2023\/05\/Alexander-Stutterheim-Oland-1.jpg\",\"contentUrl\":\"https:\/\/farmerrain.com\/wp-content\/uploads\/2023\/05\/Alexander-Stutterheim-Oland-1.jpg\",\"width\":1067,\"height\":600},{\"@type\":\"BreadcrumbList\",\"@id\":\"https:\/\/farmerrain.com\/produkt\/oland-regnrock\/#breadcrumb\",\"itemListElement\":[{\"@type\":\"ListItem\",\"position\":1,\"name\":\"Shop\",\"item\":\"https:\/\/farmerrain.com\/en\/shop-2\/\"},{\"@type\":\"ListItem\",\"position\":2,\"name\":\"\u00d6land Raincoat\"}]},{\"@type\":\"WebSite\",\"@id\":\"https:\/\/farmerrain.com\/#website\",\"url\":\"https:\/\/farmerrain.com\/\",\"name\":\"Farmerrain - H\u00e5llbara regnkl\u00e4der\",\"description\":\"Regnkl\u00e4der med fokus p\u00e5 h\u00e5llbarhet, funktionalitet och unik design.\",\"publisher\":{\"@id\":\"https:\/\/farmerrain.com\/#organization\"},\"potentialAction\":[{\"@type\":\"SearchAction\",\"target\":{\"@type\":\"EntryPoint\",\"urlTemplate\":\"https:\/\/farmerrain.com\/?s={search_term_string}\"},\"query-input\":{\"@type\":\"PropertyValueSpecification\",\"valueRequired\":true,\"valueName\":\"search_term_string\"}}],\"inLanguage\":\"en-US\"},{\"@type\":\"Organization\",\"@id\":\"https:\/\/farmerrain.com\/#organization\",\"name\":\"Farmerrain\",\"url\":\"https:\/\/farmerrain.com\/\",\"logo\":{\"@type\":\"ImageObject\",\"inLanguage\":\"en-US\",\"@id\":\"https:\/\/farmerrain.com\/#\/schema\/logo\/image\/\",\"url\":\"https:\/\/farmerrain.com\/wp-content\/uploads\/2023\/03\/fr_logo.png\",\"contentUrl\":\"https:\/\/farmerrain.com\/wp-content\/uploads\/2023\/03\/fr_logo.png\",\"width\":179,\"height\":23,\"caption\":\"Farmerrain\"},\"image\":{\"@id\":\"https:\/\/farmerrain.com\/#\/schema\/logo\/image\/\"},\"sameAs\":[\"https:\/\/www.facebook.com\/people\/Farmerrain\/100063463901438\/\"]}]}<\/script>\n<!-- \/ Yoast SEO plugin. -->","yoast_head_json":{"title":"\u00d6land Raincoat | Farmerrain - H\u00e5llbara regnkl\u00e4der","description":"Designed with the \u00d6land landscape in mind, this raincoat features a timeless classic style that is suitable for both urban and rural environments.  Each raincoat is carefully crafted to ensure the highest quality and durability. The sizes are unisex and it comes in a nice box, making it an ideal gift for someone you like or perhaps as an item you have been looking forward to getting.  The raincoat is an excellent choice for environmentally conscious consumers who want to reduce their impact on the environment while staying dry and comfortable on rainy days.  The first coats sold will be signed by Alexander, making this a limited edition numbered release.","robots":{"index":"index","follow":"follow","max-snippet":"max-snippet:-1","max-image-preview":"max-image-preview:large","max-video-preview":"max-video-preview:-1"},"canonical":"https:\/\/farmerrain.com\/produkt\/oland-regnrock\/","og_locale":"en_US","og_type":"article","og_title":"\u00d6land Raincoat | Farmerrain - H\u00e5llbara regnkl\u00e4der","og_description":"Designed with the \u00d6land landscape in mind, this raincoat features a timeless classic style that is suitable for both urban and rural environments.  Each raincoat is carefully crafted to ensure the highest quality and durability. The sizes are unisex and it comes in a nice box, making it an ideal gift for someone you like or perhaps as an item you have been looking forward to getting.  The raincoat is an excellent choice for environmentally conscious consumers who want to reduce their impact on the environment while staying dry and comfortable on rainy days.  The first coats sold will be signed by Alexander, making this a limited edition numbered release.","og_url":"https:\/\/farmerrain.com\/produkt\/oland-regnrock\/","og_site_name":"Farmerrain - H\u00e5llbara regnkl\u00e4der","article_publisher":"https:\/\/www.facebook.com\/people\/Farmerrain\/100063463901438\/","article_modified_time":"2026-04-21T20:30:07+00:00","og_image":[{"width":1067,"height":600,"url":"https:\/\/farmerrain.com\/wp-content\/uploads\/2023\/05\/Alexander-Stutterheim-Oland-1.jpg","type":"image\/jpeg"}],"twitter_card":"summary_large_image","twitter_misc":{"Est. reading time":"1 minute"},"schema":{"@context":"https:\/\/schema.org","@graph":[{"@type":"WebPage","@id":"https:\/\/farmerrain.com\/produkt\/oland-regnrock\/","url":"https:\/\/farmerrain.com\/produkt\/oland-regnrock\/","name":"\u00d6land Raincoat | Farmerrain - H\u00e5llbara regnkl\u00e4der","isPartOf":{"@id":"https:\/\/farmerrain.com\/#website"},"primaryImageOfPage":{"@id":"https:\/\/farmerrain.com\/produkt\/oland-regnrock\/#primaryimage"},"image":{"@id":"https:\/\/farmerrain.com\/produkt\/oland-regnrock\/#primaryimage"},"thumbnailUrl":"https:\/\/farmerrain.com\/wp-content\/uploads\/2023\/05\/Alexander-Stutterheim-Oland-1.jpg","datePublished":"2023-05-01T14:09:19+00:00","dateModified":"2026-04-21T20:30:07+00:00","description":"Designed with the \u00d6land landscape in mind, this raincoat features a timeless classic style that is suitable for both urban and rural environments. Each raincoat is carefully crafted to ensure the highest quality and durability. The sizes are unisex and it comes in a nice box, making it an ideal gift for someone you like or perhaps as an item you have been looking forward to getting. The raincoat is an excellent choice for environmentally conscious consumers who want to reduce their impact on the environment while staying dry and comfortable on rainy days. The first coats sold will be signed by Alexander, making this a limited edition numbered release.","breadcrumb":{"@id":"https:\/\/farmerrain.com\/produkt\/oland-regnrock\/#breadcrumb"},"inLanguage":"en-US","potentialAction":[{"@type":"ReadAction","target":["https:\/\/farmerrain.com\/produkt\/oland-regnrock\/"]}]},{"@type":"ImageObject","inLanguage":"en-US","@id":"https:\/\/farmerrain.com\/produkt\/oland-regnrock\/#primaryimage","url":"https:\/\/farmerrain.com\/wp-content\/uploads\/2023\/05\/Alexander-Stutterheim-Oland-1.jpg","contentUrl":"https:\/\/farmerrain.com\/wp-content\/uploads\/2023\/05\/Alexander-Stutterheim-Oland-1.jpg","width":1067,"height":600},{"@type":"BreadcrumbList","@id":"https:\/\/farmerrain.com\/produkt\/oland-regnrock\/#breadcrumb","itemListElement":[{"@type":"ListItem","position":1,"name":"Shop","item":"https:\/\/farmerrain.com\/en\/shop-2\/"},{"@type":"ListItem","position":2,"name":"\u00d6land Raincoat"}]},{"@type":"WebSite","@id":"https:\/\/farmerrain.com\/#website","url":"https:\/\/farmerrain.com\/","name":"Farmerrain - H\u00e5llbara regnkl\u00e4der","description":"Regnkl\u00e4der med fokus p\u00e5 h\u00e5llbarhet, funktionalitet och unik design.","publisher":{"@id":"https:\/\/farmerrain.com\/#organization"},"potentialAction":[{"@type":"SearchAction","target":{"@type":"EntryPoint","urlTemplate":"https:\/\/farmerrain.com\/?s={search_term_string}"},"query-input":{"@type":"PropertyValueSpecification","valueRequired":true,"valueName":"search_term_string"}}],"inLanguage":"en-US"},{"@type":"Organization","@id":"https:\/\/farmerrain.com\/#organization","name":"Farmerrain","url":"https:\/\/farmerrain.com\/","logo":{"@type":"ImageObject","inLanguage":"en-US","@id":"https:\/\/farmerrain.com\/#\/schema\/logo\/image\/","url":"https:\/\/farmerrain.com\/wp-content\/uploads\/2023\/03\/fr_logo.png","contentUrl":"https:\/\/farmerrain.com\/wp-content\/uploads\/2023\/03\/fr_logo.png","width":179,"height":23,"caption":"Farmerrain"},"image":{"@id":"https:\/\/farmerrain.com\/#\/schema\/logo\/image\/"},"sameAs":["https:\/\/www.facebook.com\/people\/Farmerrain\/100063463901438\/"]}]}},"_links":{"self":[{"href":"https:\/\/farmerrain.com\/en\/wp-json\/wp\/v2\/product\/50873","targetHints":{"allow":["GET"]}}],"collection":[{"href":"https:\/\/farmerrain.com\/en\/wp-json\/wp\/v2\/product"}],"about":[{"href":"https:\/\/farmerrain.com\/en\/wp-json\/wp\/v2\/types\/product"}],"replies":[{"embeddable":true,"href":"https:\/\/farmerrain.com\/en\/wp-json\/wp\/v2\/comments?post=50873"}],"wp:featuredmedia":[{"embeddable":true,"href":"https:\/\/farmerrain.com\/en\/wp-json\/wp\/v2\/media\/49516"}],"wp:attachment":[{"href":"https:\/\/farmerrain.com\/en\/wp-json\/wp\/v2\/media?parent=50873"}],"wp:term":[{"taxonomy":"product_brand","embeddable":true,"href":"https:\/\/farmerrain.com\/en\/wp-json\/wp\/v2\/product_brand?post=50873"},{"taxonomy":"product_cat","embeddable":true,"href":"https:\/\/farmerrain.com\/en\/wp-json\/wp\/v2\/product_cat?post=50873"},{"taxonomy":"product_tag","embeddable":true,"href":"https:\/\/farmerrain.com\/en\/wp-json\/wp\/v2\/product_tag?post=50873"},{"taxonomy":"activity","embeddable":true,"href":"https:\/\/farmerrain.com\/en\/wp-json\/wp\/v2\/activity?post=50873"}],"curies":[{"name":"wp","href":"https:\/\/api.w.org\/{rel}","templated":true}]}}