{"id":50849,"date":"2023-05-01T14:30:44","date_gmt":"2023-05-01T12:30:44","guid":{"rendered":"https:\/\/farmerrain.com\/?post_type=product&#038;p=50849"},"modified":"2026-03-24T12:19:54","modified_gmt":"2026-03-24T11:19:54","slug":"fishermen-turtleneck","status":"publish","type":"product","link":"https:\/\/farmerrain.com\/en\/product\/fishermen-turtleneck\/","title":{"rendered":"Fishermen turtleneck"},"content":{"rendered":"<p>100% extra fine merino wool (19.5 \u00b5)<\/p>\n<p>Ribbed in the polo collar, bottom, and cuffs<\/p>\n<p>Double-knitted, creating a fantastically thick and luxurious feeling, not to be confused with simpler garments.<\/p>\n<p>Wool solely from Italy (GOTS) (RWS)<\/p>\n<p>Produced in Lithuania<\/p>\n<p>This is an optimal garment for both men and women, in unisex size.<\/p>\n","protected":false},"excerpt":{"rendered":"<p>Our fisherman&#8217;s sweater is made from the finest quality of mulesing-free merino wool, making it soft and comfortable on the skin while promoting a responsible and ethical approach to animal welfare. The sweater also features a high collar that provides extra protection against cold weather and wind, and is perfect to wear under our Farmerrains rainwear.<\/p>\n<p>We want our woolen garments to be produced using the best eco-friendly materials, by employees with good working conditions and who are the most skilled craftsmen in their field.<\/p>\n","protected":false},"featured_media":50795,"comment_status":"open","ping_status":"closed","template":"","meta":{"_acf_changed":false},"product_brand":[],"product_cat":[1203,1217],"product_tag":[],"activity":[1046,1059],"class_list":{"0":"post-50849","1":"product","2":"type-product","3":"status-publish","4":"has-post-thumbnail","6":"product_cat-collections","7":"product_cat-jumpers-accessories","8":"activity-everyday-commuting","9":"activity-jumpers-everyday-and-commuting","11":"first","12":"instock","13":"taxable","14":"shipping-taxable","15":"purchasable","16":"product-type-variable","17":"has-default-attributes","18":"rtwpvg-product","19":"rtwpvs-product"},"acf":[],"shsp-ext":{"main":{},"variations":[]},"yoast_head":"<!-- This site is optimized with the Yoast SEO plugin v27.2 - https:\/\/yoast.com\/product\/yoast-seo-wordpress\/ -->\n<title>Fishermen turtleneck | Farmerrain - H\u00e5llbara regnkl\u00e4der<\/title>\n<meta name=\"description\" content=\"Our fisherman&#039;s sweater is made from the finest quality of mulesing-free merino wool, making it soft and comfortable on the skin while promoting a responsible and ethical approach to animal welfare. The sweater also features a high collar that provides extra protection against cold weather and wind, and is perfect to wear under our Farmerrains rainwear.  We want our woolen garments to be produced using the best eco-friendly materials, by employees with good working conditions and who are the most skilled craftsmen in their field.\" \/>\n<meta name=\"robots\" content=\"index, follow, max-snippet:-1, max-image-preview:large, max-video-preview:-1\" \/>\n<link rel=\"canonical\" href=\"https:\/\/farmerrain.com\/en\/product\/fishermen-turtleneck\/\" \/>\n<meta property=\"og:locale\" content=\"en_US\" \/>\n<meta property=\"og:type\" content=\"article\" \/>\n<meta property=\"og:title\" content=\"Fishermen turtleneck | Farmerrain - H\u00e5llbara regnkl\u00e4der\" \/>\n<meta property=\"og:description\" content=\"Our fisherman&#039;s sweater is made from the finest quality of mulesing-free merino wool, making it soft and comfortable on the skin while promoting a responsible and ethical approach to animal welfare. The sweater also features a high collar that provides extra protection against cold weather and wind, and is perfect to wear under our Farmerrains rainwear.  We want our woolen garments to be produced using the best eco-friendly materials, by employees with good working conditions and who are the most skilled craftsmen in their field.\" \/>\n<meta property=\"og:url\" content=\"https:\/\/farmerrain.com\/en\/product\/fishermen-turtleneck\/\" \/>\n<meta property=\"og:site_name\" content=\"Farmerrain - H\u00e5llbara regnkl\u00e4der\" \/>\n<meta property=\"article:publisher\" content=\"https:\/\/www.facebook.com\/people\/Farmerrain\/100063463901438\/\" \/>\n<meta property=\"article:modified_time\" content=\"2026-03-24T11:19:54+00:00\" \/>\n<meta property=\"og:image\" content=\"https:\/\/farmerrain.com\/wp-content\/uploads\/2023\/05\/Fisherman-Turtleneck-Troja-Merinoull-Unisex.jpg\" \/>\n\t<meta property=\"og:image:width\" content=\"1080\" \/>\n\t<meta property=\"og:image:height\" content=\"1350\" \/>\n\t<meta property=\"og:image:type\" content=\"image\/jpeg\" \/>\n<meta name=\"twitter:card\" content=\"summary_large_image\" \/>\n<meta name=\"twitter:label1\" content=\"Est. reading time\" \/>\n\t<meta name=\"twitter:data1\" content=\"1 minute\" \/>\n<script type=\"application\/ld+json\" class=\"yoast-schema-graph\">{\"@context\":\"https:\/\/schema.org\",\"@graph\":[{\"@type\":\"WebPage\",\"@id\":\"https:\/\/farmerrain.com\/en\/product\/fishermen-turtleneck\/\",\"url\":\"https:\/\/farmerrain.com\/en\/product\/fishermen-turtleneck\/\",\"name\":\"Fishermen turtleneck | Farmerrain - H\u00e5llbara regnkl\u00e4der\",\"isPartOf\":{\"@id\":\"https:\/\/farmerrain.com\/#website\"},\"primaryImageOfPage\":{\"@id\":\"https:\/\/farmerrain.com\/en\/product\/fishermen-turtleneck\/#primaryimage\"},\"image\":{\"@id\":\"https:\/\/farmerrain.com\/en\/product\/fishermen-turtleneck\/#primaryimage\"},\"thumbnailUrl\":\"https:\/\/farmerrain.com\/wp-content\/uploads\/2023\/05\/Fisherman-Turtleneck-Troja-Merinoull-Unisex.jpg\",\"datePublished\":\"2023-05-01T12:30:44+00:00\",\"dateModified\":\"2026-03-24T11:19:54+00:00\",\"description\":\"Our fisherman's sweater is made from the finest quality of mulesing-free merino wool, making it soft and comfortable on the skin while promoting a responsible and ethical approach to animal welfare. The sweater also features a high collar that provides extra protection against cold weather and wind, and is perfect to wear under our Farmerrains rainwear. We want our woolen garments to be produced using the best eco-friendly materials, by employees with good working conditions and who are the most skilled craftsmen in their field.\",\"breadcrumb\":{\"@id\":\"https:\/\/farmerrain.com\/en\/product\/fishermen-turtleneck\/#breadcrumb\"},\"inLanguage\":\"en-US\",\"potentialAction\":[{\"@type\":\"ReadAction\",\"target\":[\"https:\/\/farmerrain.com\/en\/product\/fishermen-turtleneck\/\"]}]},{\"@type\":\"ImageObject\",\"inLanguage\":\"en-US\",\"@id\":\"https:\/\/farmerrain.com\/en\/product\/fishermen-turtleneck\/#primaryimage\",\"url\":\"https:\/\/farmerrain.com\/wp-content\/uploads\/2023\/05\/Fisherman-Turtleneck-Troja-Merinoull-Unisex.jpg\",\"contentUrl\":\"https:\/\/farmerrain.com\/wp-content\/uploads\/2023\/05\/Fisherman-Turtleneck-Troja-Merinoull-Unisex.jpg\",\"width\":1080,\"height\":1350},{\"@type\":\"BreadcrumbList\",\"@id\":\"https:\/\/farmerrain.com\/en\/product\/fishermen-turtleneck\/#breadcrumb\",\"itemListElement\":[{\"@type\":\"ListItem\",\"position\":1,\"name\":\"Shop\",\"item\":\"https:\/\/farmerrain.com\/en\/shop-2\/\"},{\"@type\":\"ListItem\",\"position\":2,\"name\":\"Fishermen turtleneck\"}]},{\"@type\":\"WebSite\",\"@id\":\"https:\/\/farmerrain.com\/#website\",\"url\":\"https:\/\/farmerrain.com\/\",\"name\":\"Farmerrain - H\u00e5llbara regnkl\u00e4der\",\"description\":\"Regnkl\u00e4der med fokus p\u00e5 h\u00e5llbarhet, funktionalitet och unik design.\",\"publisher\":{\"@id\":\"https:\/\/farmerrain.com\/#organization\"},\"potentialAction\":[{\"@type\":\"SearchAction\",\"target\":{\"@type\":\"EntryPoint\",\"urlTemplate\":\"https:\/\/farmerrain.com\/?s={search_term_string}\"},\"query-input\":{\"@type\":\"PropertyValueSpecification\",\"valueRequired\":true,\"valueName\":\"search_term_string\"}}],\"inLanguage\":\"en-US\"},{\"@type\":\"Organization\",\"@id\":\"https:\/\/farmerrain.com\/#organization\",\"name\":\"Farmerrain\",\"url\":\"https:\/\/farmerrain.com\/\",\"logo\":{\"@type\":\"ImageObject\",\"inLanguage\":\"en-US\",\"@id\":\"https:\/\/farmerrain.com\/#\/schema\/logo\/image\/\",\"url\":\"https:\/\/farmerrain.com\/wp-content\/uploads\/2023\/03\/fr_logo.png\",\"contentUrl\":\"https:\/\/farmerrain.com\/wp-content\/uploads\/2023\/03\/fr_logo.png\",\"width\":179,\"height\":23,\"caption\":\"Farmerrain\"},\"image\":{\"@id\":\"https:\/\/farmerrain.com\/#\/schema\/logo\/image\/\"},\"sameAs\":[\"https:\/\/www.facebook.com\/people\/Farmerrain\/100063463901438\/\"]}]}<\/script>\n<!-- \/ Yoast SEO plugin. -->","yoast_head_json":{"title":"Fishermen turtleneck | Farmerrain - H\u00e5llbara regnkl\u00e4der","description":"Our fisherman's sweater is made from the finest quality of mulesing-free merino wool, making it soft and comfortable on the skin while promoting a responsible and ethical approach to animal welfare. The sweater also features a high collar that provides extra protection against cold weather and wind, and is perfect to wear under our Farmerrains rainwear.  We want our woolen garments to be produced using the best eco-friendly materials, by employees with good working conditions and who are the most skilled craftsmen in their field.","robots":{"index":"index","follow":"follow","max-snippet":"max-snippet:-1","max-image-preview":"max-image-preview:large","max-video-preview":"max-video-preview:-1"},"canonical":"https:\/\/farmerrain.com\/en\/product\/fishermen-turtleneck\/","og_locale":"en_US","og_type":"article","og_title":"Fishermen turtleneck | Farmerrain - H\u00e5llbara regnkl\u00e4der","og_description":"Our fisherman's sweater is made from the finest quality of mulesing-free merino wool, making it soft and comfortable on the skin while promoting a responsible and ethical approach to animal welfare. The sweater also features a high collar that provides extra protection against cold weather and wind, and is perfect to wear under our Farmerrains rainwear.  We want our woolen garments to be produced using the best eco-friendly materials, by employees with good working conditions and who are the most skilled craftsmen in their field.","og_url":"https:\/\/farmerrain.com\/en\/product\/fishermen-turtleneck\/","og_site_name":"Farmerrain - H\u00e5llbara regnkl\u00e4der","article_publisher":"https:\/\/www.facebook.com\/people\/Farmerrain\/100063463901438\/","article_modified_time":"2026-03-24T11:19:54+00:00","og_image":[{"width":1080,"height":1350,"url":"https:\/\/farmerrain.com\/wp-content\/uploads\/2023\/05\/Fisherman-Turtleneck-Troja-Merinoull-Unisex.jpg","type":"image\/jpeg"}],"twitter_card":"summary_large_image","twitter_misc":{"Est. reading time":"1 minute"},"schema":{"@context":"https:\/\/schema.org","@graph":[{"@type":"WebPage","@id":"https:\/\/farmerrain.com\/en\/product\/fishermen-turtleneck\/","url":"https:\/\/farmerrain.com\/en\/product\/fishermen-turtleneck\/","name":"Fishermen turtleneck | Farmerrain - H\u00e5llbara regnkl\u00e4der","isPartOf":{"@id":"https:\/\/farmerrain.com\/#website"},"primaryImageOfPage":{"@id":"https:\/\/farmerrain.com\/en\/product\/fishermen-turtleneck\/#primaryimage"},"image":{"@id":"https:\/\/farmerrain.com\/en\/product\/fishermen-turtleneck\/#primaryimage"},"thumbnailUrl":"https:\/\/farmerrain.com\/wp-content\/uploads\/2023\/05\/Fisherman-Turtleneck-Troja-Merinoull-Unisex.jpg","datePublished":"2023-05-01T12:30:44+00:00","dateModified":"2026-03-24T11:19:54+00:00","description":"Our fisherman's sweater is made from the finest quality of mulesing-free merino wool, making it soft and comfortable on the skin while promoting a responsible and ethical approach to animal welfare. The sweater also features a high collar that provides extra protection against cold weather and wind, and is perfect to wear under our Farmerrains rainwear. We want our woolen garments to be produced using the best eco-friendly materials, by employees with good working conditions and who are the most skilled craftsmen in their field.","breadcrumb":{"@id":"https:\/\/farmerrain.com\/en\/product\/fishermen-turtleneck\/#breadcrumb"},"inLanguage":"en-US","potentialAction":[{"@type":"ReadAction","target":["https:\/\/farmerrain.com\/en\/product\/fishermen-turtleneck\/"]}]},{"@type":"ImageObject","inLanguage":"en-US","@id":"https:\/\/farmerrain.com\/en\/product\/fishermen-turtleneck\/#primaryimage","url":"https:\/\/farmerrain.com\/wp-content\/uploads\/2023\/05\/Fisherman-Turtleneck-Troja-Merinoull-Unisex.jpg","contentUrl":"https:\/\/farmerrain.com\/wp-content\/uploads\/2023\/05\/Fisherman-Turtleneck-Troja-Merinoull-Unisex.jpg","width":1080,"height":1350},{"@type":"BreadcrumbList","@id":"https:\/\/farmerrain.com\/en\/product\/fishermen-turtleneck\/#breadcrumb","itemListElement":[{"@type":"ListItem","position":1,"name":"Shop","item":"https:\/\/farmerrain.com\/en\/shop-2\/"},{"@type":"ListItem","position":2,"name":"Fishermen turtleneck"}]},{"@type":"WebSite","@id":"https:\/\/farmerrain.com\/#website","url":"https:\/\/farmerrain.com\/","name":"Farmerrain - H\u00e5llbara regnkl\u00e4der","description":"Regnkl\u00e4der med fokus p\u00e5 h\u00e5llbarhet, funktionalitet och unik design.","publisher":{"@id":"https:\/\/farmerrain.com\/#organization"},"potentialAction":[{"@type":"SearchAction","target":{"@type":"EntryPoint","urlTemplate":"https:\/\/farmerrain.com\/?s={search_term_string}"},"query-input":{"@type":"PropertyValueSpecification","valueRequired":true,"valueName":"search_term_string"}}],"inLanguage":"en-US"},{"@type":"Organization","@id":"https:\/\/farmerrain.com\/#organization","name":"Farmerrain","url":"https:\/\/farmerrain.com\/","logo":{"@type":"ImageObject","inLanguage":"en-US","@id":"https:\/\/farmerrain.com\/#\/schema\/logo\/image\/","url":"https:\/\/farmerrain.com\/wp-content\/uploads\/2023\/03\/fr_logo.png","contentUrl":"https:\/\/farmerrain.com\/wp-content\/uploads\/2023\/03\/fr_logo.png","width":179,"height":23,"caption":"Farmerrain"},"image":{"@id":"https:\/\/farmerrain.com\/#\/schema\/logo\/image\/"},"sameAs":["https:\/\/www.facebook.com\/people\/Farmerrain\/100063463901438\/"]}]}},"_links":{"self":[{"href":"https:\/\/farmerrain.com\/en\/wp-json\/wp\/v2\/product\/50849","targetHints":{"allow":["GET"]}}],"collection":[{"href":"https:\/\/farmerrain.com\/en\/wp-json\/wp\/v2\/product"}],"about":[{"href":"https:\/\/farmerrain.com\/en\/wp-json\/wp\/v2\/types\/product"}],"replies":[{"embeddable":true,"href":"https:\/\/farmerrain.com\/en\/wp-json\/wp\/v2\/comments?post=50849"}],"wp:featuredmedia":[{"embeddable":true,"href":"https:\/\/farmerrain.com\/en\/wp-json\/wp\/v2\/media\/50795"}],"wp:attachment":[{"href":"https:\/\/farmerrain.com\/en\/wp-json\/wp\/v2\/media?parent=50849"}],"wp:term":[{"taxonomy":"product_brand","embeddable":true,"href":"https:\/\/farmerrain.com\/en\/wp-json\/wp\/v2\/product_brand?post=50849"},{"taxonomy":"product_cat","embeddable":true,"href":"https:\/\/farmerrain.com\/en\/wp-json\/wp\/v2\/product_cat?post=50849"},{"taxonomy":"product_tag","embeddable":true,"href":"https:\/\/farmerrain.com\/en\/wp-json\/wp\/v2\/product_tag?post=50849"},{"taxonomy":"activity","embeddable":true,"href":"https:\/\/farmerrain.com\/en\/wp-json\/wp\/v2\/activity?post=50849"}],"curies":[{"name":"wp","href":"https:\/\/api.w.org\/{rel}","templated":true}]}}