{"id":37695,"date":"2025-11-27T22:59:10","date_gmt":"2025-11-27T21:59:10","guid":{"rendered":"https:\/\/farmerrain.com\/product\/storm-windcheater\/"},"modified":"2026-03-24T10:29:35","modified_gmt":"2026-03-24T09:29:35","slug":"storm-windcheater","status":"publish","type":"product","link":"https:\/\/farmerrain.com\/en\/product\/storm-windcheater\/","title":{"rendered":"Storm Windcheater"},"content":{"rendered":"<p>Windcheater for working in extreme weather conditions, made of very durable material. Resistant to salt water. Double-sided welding technology increases the durability of the seams. The front of the jacket is extra reinforced to protect against mechanical damage. Special reflective tapes increase visibility. Neck closure with press studs and cuffs prevent water from entering the jacket.<\/p>\n<p><strong>Material:<\/strong><\/p>\n<p>OPALO \u2013 a material coated on one side with PVC. The material is highly resistant to tearing and stretching, and has waterproof seams. The chemical composition of the material coating ensures high resistance to salt water and extreme weather conditions. The material retains its unique properties when used at low temperatures.<\/p>\n<p>Thickness 700 grams<\/p>\n","protected":false},"excerpt":{"rendered":"<p>Windcheater for working in extreme weather conditions, made of very durable material.<\/p>\n","protected":false},"featured_media":41962,"comment_status":"closed","ping_status":"closed","template":"","meta":{"_acf_changed":false},"product_brand":[],"product_cat":[1222,1219],"product_tag":[764],"activity":[973,1265],"class_list":{"0":"post-37695","1":"product","2":"type-product","3":"status-publish","4":"has-post-thumbnail","6":"product_cat-anorak-rainwear-farmerrain","7":"product_cat-rainwear","8":"product_tag-yrkesklader-en","9":"activity-anorak-outdoor-work","10":"activity-outdoor-work","12":"first","13":"instock","14":"taxable","15":"shipping-taxable","16":"purchasable","17":"product-type-variable","18":"has-default-attributes","19":"rtwpvg-product","20":"rtwpvs-product"},"acf":[],"shsp-ext":{"main":{},"variations":[]},"yoast_head":"<!-- This site is optimized with the Yoast SEO plugin v27.2 - https:\/\/yoast.com\/product\/yoast-seo-wordpress\/ -->\n<title>Storm Windcheater | Farmerrain - H\u00e5llbara regnkl\u00e4der<\/title>\n<meta name=\"description\" content=\"Windcheater for working in extreme weather conditions, made of very durable material.\" \/>\n<meta name=\"robots\" content=\"index, follow, max-snippet:-1, max-image-preview:large, max-video-preview:-1\" \/>\n<link rel=\"canonical\" href=\"https:\/\/farmerrain.com\/en\/product\/storm-windcheater\/\" \/>\n<meta property=\"og:locale\" content=\"en_US\" \/>\n<meta property=\"og:type\" content=\"article\" \/>\n<meta property=\"og:title\" content=\"Storm Windcheater | Farmerrain - H\u00e5llbara regnkl\u00e4der\" \/>\n<meta property=\"og:description\" content=\"Windcheater for working in extreme weather conditions, made of very durable material.\" \/>\n<meta property=\"og:url\" content=\"https:\/\/farmerrain.com\/en\/product\/storm-windcheater\/\" \/>\n<meta property=\"og:site_name\" content=\"Farmerrain - H\u00e5llbara regnkl\u00e4der\" \/>\n<meta property=\"article:publisher\" content=\"https:\/\/www.facebook.com\/people\/Farmerrain\/100063463901438\/\" \/>\n<meta property=\"article:modified_time\" content=\"2026-03-24T09:29:35+00:00\" \/>\n<meta property=\"og:image\" content=\"https:\/\/farmerrain.com\/wp-content\/uploads\/2023\/03\/Karolina-hemsidan_19-jpg.webp\" \/>\n\t<meta property=\"og:image:width\" content=\"1040\" \/>\n\t<meta property=\"og:image:height\" content=\"1440\" \/>\n\t<meta property=\"og:image:type\" content=\"image\/jpeg\" \/>\n<meta name=\"twitter:card\" content=\"summary_large_image\" \/>\n<meta name=\"twitter:label1\" content=\"Est. reading time\" \/>\n\t<meta name=\"twitter:data1\" content=\"1 minute\" \/>\n<script type=\"application\/ld+json\" class=\"yoast-schema-graph\">{\"@context\":\"https:\/\/schema.org\",\"@graph\":[{\"@type\":\"WebPage\",\"@id\":\"https:\/\/farmerrain.com\/en\/product\/storm-windcheater\/\",\"url\":\"https:\/\/farmerrain.com\/en\/product\/storm-windcheater\/\",\"name\":\"Storm Windcheater | Farmerrain - H\u00e5llbara regnkl\u00e4der\",\"isPartOf\":{\"@id\":\"https:\/\/farmerrain.com\/#website\"},\"primaryImageOfPage\":{\"@id\":\"https:\/\/farmerrain.com\/en\/product\/storm-windcheater\/#primaryimage\"},\"image\":{\"@id\":\"https:\/\/farmerrain.com\/en\/product\/storm-windcheater\/#primaryimage\"},\"thumbnailUrl\":\"https:\/\/farmerrain.com\/wp-content\/uploads\/2023\/03\/Karolina-hemsidan_19-jpg.webp\",\"datePublished\":\"2025-11-27T21:59:10+00:00\",\"dateModified\":\"2026-03-24T09:29:35+00:00\",\"description\":\"Windcheater for working in extreme weather conditions, made of very durable material.\",\"breadcrumb\":{\"@id\":\"https:\/\/farmerrain.com\/en\/product\/storm-windcheater\/#breadcrumb\"},\"inLanguage\":\"en-US\",\"potentialAction\":[{\"@type\":\"ReadAction\",\"target\":[\"https:\/\/farmerrain.com\/en\/product\/storm-windcheater\/\"]}]},{\"@type\":\"ImageObject\",\"inLanguage\":\"en-US\",\"@id\":\"https:\/\/farmerrain.com\/en\/product\/storm-windcheater\/#primaryimage\",\"url\":\"https:\/\/farmerrain.com\/wp-content\/uploads\/2023\/03\/Karolina-hemsidan_19-jpg.webp\",\"contentUrl\":\"https:\/\/farmerrain.com\/wp-content\/uploads\/2023\/03\/Karolina-hemsidan_19-jpg.webp\",\"width\":1040,\"height\":1440},{\"@type\":\"BreadcrumbList\",\"@id\":\"https:\/\/farmerrain.com\/en\/product\/storm-windcheater\/#breadcrumb\",\"itemListElement\":[{\"@type\":\"ListItem\",\"position\":1,\"name\":\"Shop\",\"item\":\"https:\/\/farmerrain.com\/en\/shop-2\/\"},{\"@type\":\"ListItem\",\"position\":2,\"name\":\"Storm Windcheater\"}]},{\"@type\":\"WebSite\",\"@id\":\"https:\/\/farmerrain.com\/#website\",\"url\":\"https:\/\/farmerrain.com\/\",\"name\":\"Farmerrain - H\u00e5llbara regnkl\u00e4der\",\"description\":\"Regnkl\u00e4der med fokus p\u00e5 h\u00e5llbarhet, funktionalitet och unik design.\",\"publisher\":{\"@id\":\"https:\/\/farmerrain.com\/#organization\"},\"potentialAction\":[{\"@type\":\"SearchAction\",\"target\":{\"@type\":\"EntryPoint\",\"urlTemplate\":\"https:\/\/farmerrain.com\/?s={search_term_string}\"},\"query-input\":{\"@type\":\"PropertyValueSpecification\",\"valueRequired\":true,\"valueName\":\"search_term_string\"}}],\"inLanguage\":\"en-US\"},{\"@type\":\"Organization\",\"@id\":\"https:\/\/farmerrain.com\/#organization\",\"name\":\"Farmerrain\",\"url\":\"https:\/\/farmerrain.com\/\",\"logo\":{\"@type\":\"ImageObject\",\"inLanguage\":\"en-US\",\"@id\":\"https:\/\/farmerrain.com\/#\/schema\/logo\/image\/\",\"url\":\"https:\/\/farmerrain.com\/wp-content\/uploads\/2023\/03\/fr_logo.png\",\"contentUrl\":\"https:\/\/farmerrain.com\/wp-content\/uploads\/2023\/03\/fr_logo.png\",\"width\":179,\"height\":23,\"caption\":\"Farmerrain\"},\"image\":{\"@id\":\"https:\/\/farmerrain.com\/#\/schema\/logo\/image\/\"},\"sameAs\":[\"https:\/\/www.facebook.com\/people\/Farmerrain\/100063463901438\/\"]}]}<\/script>\n<!-- \/ Yoast SEO plugin. -->","yoast_head_json":{"title":"Storm Windcheater | Farmerrain - H\u00e5llbara regnkl\u00e4der","description":"Windcheater for working in extreme weather conditions, made of very durable material.","robots":{"index":"index","follow":"follow","max-snippet":"max-snippet:-1","max-image-preview":"max-image-preview:large","max-video-preview":"max-video-preview:-1"},"canonical":"https:\/\/farmerrain.com\/en\/product\/storm-windcheater\/","og_locale":"en_US","og_type":"article","og_title":"Storm Windcheater | Farmerrain - H\u00e5llbara regnkl\u00e4der","og_description":"Windcheater for working in extreme weather conditions, made of very durable material.","og_url":"https:\/\/farmerrain.com\/en\/product\/storm-windcheater\/","og_site_name":"Farmerrain - H\u00e5llbara regnkl\u00e4der","article_publisher":"https:\/\/www.facebook.com\/people\/Farmerrain\/100063463901438\/","article_modified_time":"2026-03-24T09:29:35+00:00","og_image":[{"width":1040,"height":1440,"url":"https:\/\/farmerrain.com\/wp-content\/uploads\/2023\/03\/Karolina-hemsidan_19-jpg.webp","type":"image\/jpeg"}],"twitter_card":"summary_large_image","twitter_misc":{"Est. reading time":"1 minute"},"schema":{"@context":"https:\/\/schema.org","@graph":[{"@type":"WebPage","@id":"https:\/\/farmerrain.com\/en\/product\/storm-windcheater\/","url":"https:\/\/farmerrain.com\/en\/product\/storm-windcheater\/","name":"Storm Windcheater | Farmerrain - H\u00e5llbara regnkl\u00e4der","isPartOf":{"@id":"https:\/\/farmerrain.com\/#website"},"primaryImageOfPage":{"@id":"https:\/\/farmerrain.com\/en\/product\/storm-windcheater\/#primaryimage"},"image":{"@id":"https:\/\/farmerrain.com\/en\/product\/storm-windcheater\/#primaryimage"},"thumbnailUrl":"https:\/\/farmerrain.com\/wp-content\/uploads\/2023\/03\/Karolina-hemsidan_19-jpg.webp","datePublished":"2025-11-27T21:59:10+00:00","dateModified":"2026-03-24T09:29:35+00:00","description":"Windcheater for working in extreme weather conditions, made of very durable material.","breadcrumb":{"@id":"https:\/\/farmerrain.com\/en\/product\/storm-windcheater\/#breadcrumb"},"inLanguage":"en-US","potentialAction":[{"@type":"ReadAction","target":["https:\/\/farmerrain.com\/en\/product\/storm-windcheater\/"]}]},{"@type":"ImageObject","inLanguage":"en-US","@id":"https:\/\/farmerrain.com\/en\/product\/storm-windcheater\/#primaryimage","url":"https:\/\/farmerrain.com\/wp-content\/uploads\/2023\/03\/Karolina-hemsidan_19-jpg.webp","contentUrl":"https:\/\/farmerrain.com\/wp-content\/uploads\/2023\/03\/Karolina-hemsidan_19-jpg.webp","width":1040,"height":1440},{"@type":"BreadcrumbList","@id":"https:\/\/farmerrain.com\/en\/product\/storm-windcheater\/#breadcrumb","itemListElement":[{"@type":"ListItem","position":1,"name":"Shop","item":"https:\/\/farmerrain.com\/en\/shop-2\/"},{"@type":"ListItem","position":2,"name":"Storm Windcheater"}]},{"@type":"WebSite","@id":"https:\/\/farmerrain.com\/#website","url":"https:\/\/farmerrain.com\/","name":"Farmerrain - H\u00e5llbara regnkl\u00e4der","description":"Regnkl\u00e4der med fokus p\u00e5 h\u00e5llbarhet, funktionalitet och unik design.","publisher":{"@id":"https:\/\/farmerrain.com\/#organization"},"potentialAction":[{"@type":"SearchAction","target":{"@type":"EntryPoint","urlTemplate":"https:\/\/farmerrain.com\/?s={search_term_string}"},"query-input":{"@type":"PropertyValueSpecification","valueRequired":true,"valueName":"search_term_string"}}],"inLanguage":"en-US"},{"@type":"Organization","@id":"https:\/\/farmerrain.com\/#organization","name":"Farmerrain","url":"https:\/\/farmerrain.com\/","logo":{"@type":"ImageObject","inLanguage":"en-US","@id":"https:\/\/farmerrain.com\/#\/schema\/logo\/image\/","url":"https:\/\/farmerrain.com\/wp-content\/uploads\/2023\/03\/fr_logo.png","contentUrl":"https:\/\/farmerrain.com\/wp-content\/uploads\/2023\/03\/fr_logo.png","width":179,"height":23,"caption":"Farmerrain"},"image":{"@id":"https:\/\/farmerrain.com\/#\/schema\/logo\/image\/"},"sameAs":["https:\/\/www.facebook.com\/people\/Farmerrain\/100063463901438\/"]}]}},"_links":{"self":[{"href":"https:\/\/farmerrain.com\/en\/wp-json\/wp\/v2\/product\/37695","targetHints":{"allow":["GET"]}}],"collection":[{"href":"https:\/\/farmerrain.com\/en\/wp-json\/wp\/v2\/product"}],"about":[{"href":"https:\/\/farmerrain.com\/en\/wp-json\/wp\/v2\/types\/product"}],"replies":[{"embeddable":true,"href":"https:\/\/farmerrain.com\/en\/wp-json\/wp\/v2\/comments?post=37695"}],"wp:featuredmedia":[{"embeddable":true,"href":"https:\/\/farmerrain.com\/en\/wp-json\/wp\/v2\/media\/41962"}],"wp:attachment":[{"href":"https:\/\/farmerrain.com\/en\/wp-json\/wp\/v2\/media?parent=37695"}],"wp:term":[{"taxonomy":"product_brand","embeddable":true,"href":"https:\/\/farmerrain.com\/en\/wp-json\/wp\/v2\/product_brand?post=37695"},{"taxonomy":"product_cat","embeddable":true,"href":"https:\/\/farmerrain.com\/en\/wp-json\/wp\/v2\/product_cat?post=37695"},{"taxonomy":"product_tag","embeddable":true,"href":"https:\/\/farmerrain.com\/en\/wp-json\/wp\/v2\/product_tag?post=37695"},{"taxonomy":"activity","embeddable":true,"href":"https:\/\/farmerrain.com\/en\/wp-json\/wp\/v2\/activity?post=37695"}],"curies":[{"name":"wp","href":"https:\/\/api.w.org\/{rel}","templated":true}]}}