{"id":37140,"date":"2021-07-19T20:10:15","date_gmt":"2021-07-19T20:10:15","guid":{"rendered":"https:\/\/farmerrain.com\/product\/retro-coat-biovinyl\/"},"modified":"2026-04-21T22:33:47","modified_gmt":"2026-04-21T20:33:47","slug":"retro-coat-biovinyl","status":"publish","type":"product","link":"https:\/\/farmerrain.com\/en\/product\/retro-coat-biovinyl\/","title":{"rendered":"Retro coat biovinyl"},"content":{"rendered":"<p>This retro coat in unisex size comes with a practical hood with screen and a drawstring with metal bells. Front buttons and waistband are of the same material. Push buttons at the wrist enable individual adjustment. Two front pockets.<\/p>\n<p><strong>MATERIAL<\/strong><br \/>\nBiovinyl fabric 470g\/m2. Oil resistant,\u00a0 water column &gt;20000. Welded seams.<\/p>\n","protected":false},"excerpt":{"rendered":"<p>This retro coat in unisex size comes with a practical hood with screen and a drawstring with metal bells.<\/p>\n","protected":false},"featured_media":41360,"comment_status":"open","ping_status":"closed","template":"","meta":{"_acf_changed":false},"product_brand":[],"product_cat":[1221,1219],"product_tag":[310],"activity":[1046,1056],"class_list":{"0":"post-37140","1":"product","2":"type-product","3":"status-publish","4":"has-post-thumbnail","6":"product_cat-raincoats-rainwear","7":"product_cat-rainwear","8":"product_tag-mode-en","9":"activity-everyday-commuting","10":"activity-raincoats-everyday-and-commuting","12":"first","13":"instock","14":"featured","15":"taxable","16":"shipping-taxable","17":"purchasable","18":"product-type-variable","19":"has-default-attributes","20":"rtwpvg-product","21":"rtwpvs-product"},"acf":[],"shsp-ext":{"main":{},"variations":[]},"yoast_head":"<!-- This site is optimized with the Yoast SEO plugin v27.2 - https:\/\/yoast.com\/product\/yoast-seo-wordpress\/ -->\n<title>Retro coat biovinyl | Farmerrain - H\u00e5llbara regnkl\u00e4der<\/title>\n<meta name=\"description\" content=\"This retro coat in unisex size comes with a practical hood with screen and a drawstring with metal bells.\" \/>\n<meta name=\"robots\" content=\"index, follow, max-snippet:-1, max-image-preview:large, max-video-preview:-1\" \/>\n<link rel=\"canonical\" href=\"https:\/\/farmerrain.com\/en\/product\/retro-coat-biovinyl\/\" \/>\n<meta property=\"og:locale\" content=\"en_US\" \/>\n<meta property=\"og:type\" content=\"article\" \/>\n<meta property=\"og:title\" content=\"Retro coat biovinyl | Farmerrain - H\u00e5llbara regnkl\u00e4der\" \/>\n<meta property=\"og:description\" content=\"This retro coat in unisex size comes with a practical hood with screen and a drawstring with metal bells.\" \/>\n<meta property=\"og:url\" content=\"https:\/\/farmerrain.com\/en\/product\/retro-coat-biovinyl\/\" \/>\n<meta property=\"og:site_name\" content=\"Farmerrain - H\u00e5llbara regnkl\u00e4der\" \/>\n<meta property=\"article:publisher\" content=\"https:\/\/www.facebook.com\/people\/Farmerrain\/100063463901438\/\" \/>\n<meta property=\"article:modified_time\" content=\"2026-04-21T20:33:47+00:00\" \/>\n<meta property=\"og:image\" content=\"https:\/\/farmerrain.com\/wp-content\/uploads\/2023\/03\/Wilma_11-jpg.webp\" \/>\n\t<meta property=\"og:image:width\" content=\"1080\" \/>\n\t<meta property=\"og:image:height\" content=\"1350\" \/>\n\t<meta property=\"og:image:type\" content=\"image\/jpeg\" \/>\n<meta name=\"twitter:card\" content=\"summary_large_image\" \/>\n<meta name=\"twitter:label1\" content=\"Est. reading time\" \/>\n\t<meta name=\"twitter:data1\" content=\"1 minute\" \/>\n<script type=\"application\/ld+json\" class=\"yoast-schema-graph\">{\"@context\":\"https:\/\/schema.org\",\"@graph\":[{\"@type\":\"WebPage\",\"@id\":\"https:\/\/farmerrain.com\/en\/product\/retro-coat-biovinyl\/\",\"url\":\"https:\/\/farmerrain.com\/en\/product\/retro-coat-biovinyl\/\",\"name\":\"Retro coat biovinyl | Farmerrain - H\u00e5llbara regnkl\u00e4der\",\"isPartOf\":{\"@id\":\"https:\/\/farmerrain.com\/#website\"},\"primaryImageOfPage\":{\"@id\":\"https:\/\/farmerrain.com\/en\/product\/retro-coat-biovinyl\/#primaryimage\"},\"image\":{\"@id\":\"https:\/\/farmerrain.com\/en\/product\/retro-coat-biovinyl\/#primaryimage\"},\"thumbnailUrl\":\"https:\/\/farmerrain.com\/wp-content\/uploads\/2023\/03\/Wilma_11-jpg.webp\",\"datePublished\":\"2021-07-19T20:10:15+00:00\",\"dateModified\":\"2026-04-21T20:33:47+00:00\",\"description\":\"This retro coat in unisex size comes with a practical hood with screen and a drawstring with metal bells.\",\"breadcrumb\":{\"@id\":\"https:\/\/farmerrain.com\/en\/product\/retro-coat-biovinyl\/#breadcrumb\"},\"inLanguage\":\"en-US\",\"potentialAction\":[{\"@type\":\"ReadAction\",\"target\":[\"https:\/\/farmerrain.com\/en\/product\/retro-coat-biovinyl\/\"]}]},{\"@type\":\"ImageObject\",\"inLanguage\":\"en-US\",\"@id\":\"https:\/\/farmerrain.com\/en\/product\/retro-coat-biovinyl\/#primaryimage\",\"url\":\"https:\/\/farmerrain.com\/wp-content\/uploads\/2023\/03\/Wilma_11-jpg.webp\",\"contentUrl\":\"https:\/\/farmerrain.com\/wp-content\/uploads\/2023\/03\/Wilma_11-jpg.webp\",\"width\":1080,\"height\":1350},{\"@type\":\"BreadcrumbList\",\"@id\":\"https:\/\/farmerrain.com\/en\/product\/retro-coat-biovinyl\/#breadcrumb\",\"itemListElement\":[{\"@type\":\"ListItem\",\"position\":1,\"name\":\"Shop\",\"item\":\"https:\/\/farmerrain.com\/en\/shop-2\/\"},{\"@type\":\"ListItem\",\"position\":2,\"name\":\"Retro coat biovinyl\"}]},{\"@type\":\"WebSite\",\"@id\":\"https:\/\/farmerrain.com\/#website\",\"url\":\"https:\/\/farmerrain.com\/\",\"name\":\"Farmerrain - H\u00e5llbara regnkl\u00e4der\",\"description\":\"Regnkl\u00e4der med fokus p\u00e5 h\u00e5llbarhet, funktionalitet och unik design.\",\"publisher\":{\"@id\":\"https:\/\/farmerrain.com\/#organization\"},\"potentialAction\":[{\"@type\":\"SearchAction\",\"target\":{\"@type\":\"EntryPoint\",\"urlTemplate\":\"https:\/\/farmerrain.com\/?s={search_term_string}\"},\"query-input\":{\"@type\":\"PropertyValueSpecification\",\"valueRequired\":true,\"valueName\":\"search_term_string\"}}],\"inLanguage\":\"en-US\"},{\"@type\":\"Organization\",\"@id\":\"https:\/\/farmerrain.com\/#organization\",\"name\":\"Farmerrain\",\"url\":\"https:\/\/farmerrain.com\/\",\"logo\":{\"@type\":\"ImageObject\",\"inLanguage\":\"en-US\",\"@id\":\"https:\/\/farmerrain.com\/#\/schema\/logo\/image\/\",\"url\":\"https:\/\/farmerrain.com\/wp-content\/uploads\/2023\/03\/fr_logo.png\",\"contentUrl\":\"https:\/\/farmerrain.com\/wp-content\/uploads\/2023\/03\/fr_logo.png\",\"width\":179,\"height\":23,\"caption\":\"Farmerrain\"},\"image\":{\"@id\":\"https:\/\/farmerrain.com\/#\/schema\/logo\/image\/\"},\"sameAs\":[\"https:\/\/www.facebook.com\/people\/Farmerrain\/100063463901438\/\"]}]}<\/script>\n<!-- \/ Yoast SEO plugin. -->","yoast_head_json":{"title":"Retro coat biovinyl | Farmerrain - H\u00e5llbara regnkl\u00e4der","description":"This retro coat in unisex size comes with a practical hood with screen and a drawstring with metal bells.","robots":{"index":"index","follow":"follow","max-snippet":"max-snippet:-1","max-image-preview":"max-image-preview:large","max-video-preview":"max-video-preview:-1"},"canonical":"https:\/\/farmerrain.com\/en\/product\/retro-coat-biovinyl\/","og_locale":"en_US","og_type":"article","og_title":"Retro coat biovinyl | Farmerrain - H\u00e5llbara regnkl\u00e4der","og_description":"This retro coat in unisex size comes with a practical hood with screen and a drawstring with metal bells.","og_url":"https:\/\/farmerrain.com\/en\/product\/retro-coat-biovinyl\/","og_site_name":"Farmerrain - H\u00e5llbara regnkl\u00e4der","article_publisher":"https:\/\/www.facebook.com\/people\/Farmerrain\/100063463901438\/","article_modified_time":"2026-04-21T20:33:47+00:00","og_image":[{"width":1080,"height":1350,"url":"https:\/\/farmerrain.com\/wp-content\/uploads\/2023\/03\/Wilma_11-jpg.webp","type":"image\/jpeg"}],"twitter_card":"summary_large_image","twitter_misc":{"Est. reading time":"1 minute"},"schema":{"@context":"https:\/\/schema.org","@graph":[{"@type":"WebPage","@id":"https:\/\/farmerrain.com\/en\/product\/retro-coat-biovinyl\/","url":"https:\/\/farmerrain.com\/en\/product\/retro-coat-biovinyl\/","name":"Retro coat biovinyl | Farmerrain - H\u00e5llbara regnkl\u00e4der","isPartOf":{"@id":"https:\/\/farmerrain.com\/#website"},"primaryImageOfPage":{"@id":"https:\/\/farmerrain.com\/en\/product\/retro-coat-biovinyl\/#primaryimage"},"image":{"@id":"https:\/\/farmerrain.com\/en\/product\/retro-coat-biovinyl\/#primaryimage"},"thumbnailUrl":"https:\/\/farmerrain.com\/wp-content\/uploads\/2023\/03\/Wilma_11-jpg.webp","datePublished":"2021-07-19T20:10:15+00:00","dateModified":"2026-04-21T20:33:47+00:00","description":"This retro coat in unisex size comes with a practical hood with screen and a drawstring with metal bells.","breadcrumb":{"@id":"https:\/\/farmerrain.com\/en\/product\/retro-coat-biovinyl\/#breadcrumb"},"inLanguage":"en-US","potentialAction":[{"@type":"ReadAction","target":["https:\/\/farmerrain.com\/en\/product\/retro-coat-biovinyl\/"]}]},{"@type":"ImageObject","inLanguage":"en-US","@id":"https:\/\/farmerrain.com\/en\/product\/retro-coat-biovinyl\/#primaryimage","url":"https:\/\/farmerrain.com\/wp-content\/uploads\/2023\/03\/Wilma_11-jpg.webp","contentUrl":"https:\/\/farmerrain.com\/wp-content\/uploads\/2023\/03\/Wilma_11-jpg.webp","width":1080,"height":1350},{"@type":"BreadcrumbList","@id":"https:\/\/farmerrain.com\/en\/product\/retro-coat-biovinyl\/#breadcrumb","itemListElement":[{"@type":"ListItem","position":1,"name":"Shop","item":"https:\/\/farmerrain.com\/en\/shop-2\/"},{"@type":"ListItem","position":2,"name":"Retro coat biovinyl"}]},{"@type":"WebSite","@id":"https:\/\/farmerrain.com\/#website","url":"https:\/\/farmerrain.com\/","name":"Farmerrain - H\u00e5llbara regnkl\u00e4der","description":"Regnkl\u00e4der med fokus p\u00e5 h\u00e5llbarhet, funktionalitet och unik design.","publisher":{"@id":"https:\/\/farmerrain.com\/#organization"},"potentialAction":[{"@type":"SearchAction","target":{"@type":"EntryPoint","urlTemplate":"https:\/\/farmerrain.com\/?s={search_term_string}"},"query-input":{"@type":"PropertyValueSpecification","valueRequired":true,"valueName":"search_term_string"}}],"inLanguage":"en-US"},{"@type":"Organization","@id":"https:\/\/farmerrain.com\/#organization","name":"Farmerrain","url":"https:\/\/farmerrain.com\/","logo":{"@type":"ImageObject","inLanguage":"en-US","@id":"https:\/\/farmerrain.com\/#\/schema\/logo\/image\/","url":"https:\/\/farmerrain.com\/wp-content\/uploads\/2023\/03\/fr_logo.png","contentUrl":"https:\/\/farmerrain.com\/wp-content\/uploads\/2023\/03\/fr_logo.png","width":179,"height":23,"caption":"Farmerrain"},"image":{"@id":"https:\/\/farmerrain.com\/#\/schema\/logo\/image\/"},"sameAs":["https:\/\/www.facebook.com\/people\/Farmerrain\/100063463901438\/"]}]}},"_links":{"self":[{"href":"https:\/\/farmerrain.com\/en\/wp-json\/wp\/v2\/product\/37140","targetHints":{"allow":["GET"]}}],"collection":[{"href":"https:\/\/farmerrain.com\/en\/wp-json\/wp\/v2\/product"}],"about":[{"href":"https:\/\/farmerrain.com\/en\/wp-json\/wp\/v2\/types\/product"}],"replies":[{"embeddable":true,"href":"https:\/\/farmerrain.com\/en\/wp-json\/wp\/v2\/comments?post=37140"}],"wp:featuredmedia":[{"embeddable":true,"href":"https:\/\/farmerrain.com\/en\/wp-json\/wp\/v2\/media\/41360"}],"wp:attachment":[{"href":"https:\/\/farmerrain.com\/en\/wp-json\/wp\/v2\/media?parent=37140"}],"wp:term":[{"taxonomy":"product_brand","embeddable":true,"href":"https:\/\/farmerrain.com\/en\/wp-json\/wp\/v2\/product_brand?post=37140"},{"taxonomy":"product_cat","embeddable":true,"href":"https:\/\/farmerrain.com\/en\/wp-json\/wp\/v2\/product_cat?post=37140"},{"taxonomy":"product_tag","embeddable":true,"href":"https:\/\/farmerrain.com\/en\/wp-json\/wp\/v2\/product_tag?post=37140"},{"taxonomy":"activity","embeddable":true,"href":"https:\/\/farmerrain.com\/en\/wp-json\/wp\/v2\/activity?post=37140"}],"curies":[{"name":"wp","href":"https:\/\/api.w.org\/{rel}","templated":true}]}}