{"id":36795,"date":"2019-09-14T19:17:09","date_gmt":"2019-09-14T17:17:09","guid":{"rendered":"https:\/\/farmerrain.com\/product\/hunter-midjebyxa\/"},"modified":"2026-01-17T13:39:40","modified_gmt":"2026-01-17T12:39:40","slug":"hunter-waist-pants","status":"publish","type":"product","link":"https:\/\/farmerrain.com\/en\/product\/hunter-waist-pants\/","title":{"rendered":"Hunter waist pants"},"content":{"rendered":"<p>Unisex waist pants made to go with the Hunter jacket. Elastic at the ankles and signal orange straps at the back for increased visibility when hunting. The rain pants have ventilation nets at the back and are open in the front. Quality waste buckle similar to the one on the pinafore pants.<\/p>\n<p>MATERIAL<br \/>\nRaintex fabric 470g \/ m2. Oil and cold resistant, water column &gt; 20000. with matt finish. Welded seams.<\/p>\n","protected":false},"excerpt":{"rendered":"<p>Rain paints designed for hunting\/outdoors.<\/p>\n","protected":false},"featured_media":39535,"comment_status":"open","ping_status":"closed","template":"","meta":{"_acf_changed":false},"product_brand":[],"product_cat":[],"product_tag":[764],"activity":[997,1002],"class_list":{"0":"post-36795","1":"product","2":"type-product","3":"status-publish","4":"has-post-thumbnail","6":"product_tag-yrkesklader-en","7":"activity-hiking-nature","8":"activity-waist-trousers-hiking-and-nature","10":"first","11":"instock","12":"taxable","13":"shipping-taxable","14":"purchasable","15":"product-type-variable","16":"has-default-attributes","17":"rtwpvg-product","18":"rtwpvs-product"},"acf":[],"shsp-ext":{"main":{},"variations":[]},"yoast_head":"<!-- This site is optimized with the Yoast SEO plugin v27.2 - https:\/\/yoast.com\/product\/yoast-seo-wordpress\/ -->\n<title>Hunter waist pants | Farmerrain - H\u00e5llbara regnkl\u00e4der<\/title>\n<meta name=\"description\" content=\"Rain paints designed for hunting\/outdoors.\" \/>\n<meta name=\"robots\" content=\"index, follow, max-snippet:-1, max-image-preview:large, max-video-preview:-1\" \/>\n<link rel=\"canonical\" href=\"https:\/\/farmerrain.com\/en\/product\/hunter-waist-pants\/\" \/>\n<meta property=\"og:locale\" content=\"en_US\" \/>\n<meta property=\"og:type\" content=\"article\" \/>\n<meta property=\"og:title\" content=\"Hunter waist pants | Farmerrain - H\u00e5llbara regnkl\u00e4der\" \/>\n<meta property=\"og:description\" content=\"Rain paints designed for hunting\/outdoors.\" \/>\n<meta property=\"og:url\" content=\"https:\/\/farmerrain.com\/en\/product\/hunter-waist-pants\/\" \/>\n<meta property=\"og:site_name\" content=\"Farmerrain - H\u00e5llbara regnkl\u00e4der\" \/>\n<meta property=\"article:publisher\" content=\"https:\/\/www.facebook.com\/people\/Farmerrain\/100063463901438\/\" \/>\n<meta property=\"article:modified_time\" content=\"2026-01-17T12:39:40+00:00\" \/>\n<meta property=\"og:image\" content=\"https:\/\/farmerrain.com\/wp-content\/uploads\/2023\/03\/HunterBib0100Cammo1-jpg.webp\" \/>\n\t<meta property=\"og:image:width\" content=\"1040\" \/>\n\t<meta property=\"og:image:height\" content=\"1440\" \/>\n\t<meta property=\"og:image:type\" content=\"image\/jpeg\" \/>\n<meta name=\"twitter:card\" content=\"summary_large_image\" \/>\n<meta name=\"twitter:label1\" content=\"Est. reading time\" \/>\n\t<meta name=\"twitter:data1\" content=\"1 minute\" \/>\n<script type=\"application\/ld+json\" class=\"yoast-schema-graph\">{\"@context\":\"https:\/\/schema.org\",\"@graph\":[{\"@type\":\"WebPage\",\"@id\":\"https:\/\/farmerrain.com\/en\/product\/hunter-waist-pants\/\",\"url\":\"https:\/\/farmerrain.com\/en\/product\/hunter-waist-pants\/\",\"name\":\"Hunter waist pants | Farmerrain - H\u00e5llbara regnkl\u00e4der\",\"isPartOf\":{\"@id\":\"https:\/\/farmerrain.com\/#website\"},\"primaryImageOfPage\":{\"@id\":\"https:\/\/farmerrain.com\/en\/product\/hunter-waist-pants\/#primaryimage\"},\"image\":{\"@id\":\"https:\/\/farmerrain.com\/en\/product\/hunter-waist-pants\/#primaryimage\"},\"thumbnailUrl\":\"https:\/\/farmerrain.com\/wp-content\/uploads\/2023\/03\/HunterBib0100Cammo1-jpg.webp\",\"datePublished\":\"2019-09-14T17:17:09+00:00\",\"dateModified\":\"2026-01-17T12:39:40+00:00\",\"description\":\"Rain paints designed for hunting\/outdoors.\",\"breadcrumb\":{\"@id\":\"https:\/\/farmerrain.com\/en\/product\/hunter-waist-pants\/#breadcrumb\"},\"inLanguage\":\"en-US\",\"potentialAction\":[{\"@type\":\"ReadAction\",\"target\":[\"https:\/\/farmerrain.com\/en\/product\/hunter-waist-pants\/\"]}]},{\"@type\":\"ImageObject\",\"inLanguage\":\"en-US\",\"@id\":\"https:\/\/farmerrain.com\/en\/product\/hunter-waist-pants\/#primaryimage\",\"url\":\"https:\/\/farmerrain.com\/wp-content\/uploads\/2023\/03\/HunterBib0100Cammo1-jpg.webp\",\"contentUrl\":\"https:\/\/farmerrain.com\/wp-content\/uploads\/2023\/03\/HunterBib0100Cammo1-jpg.webp\",\"width\":1040,\"height\":1440},{\"@type\":\"BreadcrumbList\",\"@id\":\"https:\/\/farmerrain.com\/en\/product\/hunter-waist-pants\/#breadcrumb\",\"itemListElement\":[{\"@type\":\"ListItem\",\"position\":1,\"name\":\"Shop\",\"item\":\"https:\/\/farmerrain.com\/en\/shop-2\/\"},{\"@type\":\"ListItem\",\"position\":2,\"name\":\"Hunter waist pants\"}]},{\"@type\":\"WebSite\",\"@id\":\"https:\/\/farmerrain.com\/#website\",\"url\":\"https:\/\/farmerrain.com\/\",\"name\":\"Farmerrain - H\u00e5llbara regnkl\u00e4der\",\"description\":\"Regnkl\u00e4der med fokus p\u00e5 h\u00e5llbarhet, funktionalitet och unik design.\",\"publisher\":{\"@id\":\"https:\/\/farmerrain.com\/#organization\"},\"potentialAction\":[{\"@type\":\"SearchAction\",\"target\":{\"@type\":\"EntryPoint\",\"urlTemplate\":\"https:\/\/farmerrain.com\/?s={search_term_string}\"},\"query-input\":{\"@type\":\"PropertyValueSpecification\",\"valueRequired\":true,\"valueName\":\"search_term_string\"}}],\"inLanguage\":\"en-US\"},{\"@type\":\"Organization\",\"@id\":\"https:\/\/farmerrain.com\/#organization\",\"name\":\"Farmerrain\",\"url\":\"https:\/\/farmerrain.com\/\",\"logo\":{\"@type\":\"ImageObject\",\"inLanguage\":\"en-US\",\"@id\":\"https:\/\/farmerrain.com\/#\/schema\/logo\/image\/\",\"url\":\"https:\/\/farmerrain.com\/wp-content\/uploads\/2023\/03\/fr_logo.png\",\"contentUrl\":\"https:\/\/farmerrain.com\/wp-content\/uploads\/2023\/03\/fr_logo.png\",\"width\":179,\"height\":23,\"caption\":\"Farmerrain\"},\"image\":{\"@id\":\"https:\/\/farmerrain.com\/#\/schema\/logo\/image\/\"},\"sameAs\":[\"https:\/\/www.facebook.com\/people\/Farmerrain\/100063463901438\/\"]}]}<\/script>\n<!-- \/ Yoast SEO plugin. -->","yoast_head_json":{"title":"Hunter waist pants | Farmerrain - H\u00e5llbara regnkl\u00e4der","description":"Rain paints designed for hunting\/outdoors.","robots":{"index":"index","follow":"follow","max-snippet":"max-snippet:-1","max-image-preview":"max-image-preview:large","max-video-preview":"max-video-preview:-1"},"canonical":"https:\/\/farmerrain.com\/en\/product\/hunter-waist-pants\/","og_locale":"en_US","og_type":"article","og_title":"Hunter waist pants | Farmerrain - H\u00e5llbara regnkl\u00e4der","og_description":"Rain paints designed for hunting\/outdoors.","og_url":"https:\/\/farmerrain.com\/en\/product\/hunter-waist-pants\/","og_site_name":"Farmerrain - H\u00e5llbara regnkl\u00e4der","article_publisher":"https:\/\/www.facebook.com\/people\/Farmerrain\/100063463901438\/","article_modified_time":"2026-01-17T12:39:40+00:00","og_image":[{"width":1040,"height":1440,"url":"https:\/\/farmerrain.com\/wp-content\/uploads\/2023\/03\/HunterBib0100Cammo1-jpg.webp","type":"image\/jpeg"}],"twitter_card":"summary_large_image","twitter_misc":{"Est. reading time":"1 minute"},"schema":{"@context":"https:\/\/schema.org","@graph":[{"@type":"WebPage","@id":"https:\/\/farmerrain.com\/en\/product\/hunter-waist-pants\/","url":"https:\/\/farmerrain.com\/en\/product\/hunter-waist-pants\/","name":"Hunter waist pants | Farmerrain - H\u00e5llbara regnkl\u00e4der","isPartOf":{"@id":"https:\/\/farmerrain.com\/#website"},"primaryImageOfPage":{"@id":"https:\/\/farmerrain.com\/en\/product\/hunter-waist-pants\/#primaryimage"},"image":{"@id":"https:\/\/farmerrain.com\/en\/product\/hunter-waist-pants\/#primaryimage"},"thumbnailUrl":"https:\/\/farmerrain.com\/wp-content\/uploads\/2023\/03\/HunterBib0100Cammo1-jpg.webp","datePublished":"2019-09-14T17:17:09+00:00","dateModified":"2026-01-17T12:39:40+00:00","description":"Rain paints designed for hunting\/outdoors.","breadcrumb":{"@id":"https:\/\/farmerrain.com\/en\/product\/hunter-waist-pants\/#breadcrumb"},"inLanguage":"en-US","potentialAction":[{"@type":"ReadAction","target":["https:\/\/farmerrain.com\/en\/product\/hunter-waist-pants\/"]}]},{"@type":"ImageObject","inLanguage":"en-US","@id":"https:\/\/farmerrain.com\/en\/product\/hunter-waist-pants\/#primaryimage","url":"https:\/\/farmerrain.com\/wp-content\/uploads\/2023\/03\/HunterBib0100Cammo1-jpg.webp","contentUrl":"https:\/\/farmerrain.com\/wp-content\/uploads\/2023\/03\/HunterBib0100Cammo1-jpg.webp","width":1040,"height":1440},{"@type":"BreadcrumbList","@id":"https:\/\/farmerrain.com\/en\/product\/hunter-waist-pants\/#breadcrumb","itemListElement":[{"@type":"ListItem","position":1,"name":"Shop","item":"https:\/\/farmerrain.com\/en\/shop-2\/"},{"@type":"ListItem","position":2,"name":"Hunter waist pants"}]},{"@type":"WebSite","@id":"https:\/\/farmerrain.com\/#website","url":"https:\/\/farmerrain.com\/","name":"Farmerrain - H\u00e5llbara regnkl\u00e4der","description":"Regnkl\u00e4der med fokus p\u00e5 h\u00e5llbarhet, funktionalitet och unik design.","publisher":{"@id":"https:\/\/farmerrain.com\/#organization"},"potentialAction":[{"@type":"SearchAction","target":{"@type":"EntryPoint","urlTemplate":"https:\/\/farmerrain.com\/?s={search_term_string}"},"query-input":{"@type":"PropertyValueSpecification","valueRequired":true,"valueName":"search_term_string"}}],"inLanguage":"en-US"},{"@type":"Organization","@id":"https:\/\/farmerrain.com\/#organization","name":"Farmerrain","url":"https:\/\/farmerrain.com\/","logo":{"@type":"ImageObject","inLanguage":"en-US","@id":"https:\/\/farmerrain.com\/#\/schema\/logo\/image\/","url":"https:\/\/farmerrain.com\/wp-content\/uploads\/2023\/03\/fr_logo.png","contentUrl":"https:\/\/farmerrain.com\/wp-content\/uploads\/2023\/03\/fr_logo.png","width":179,"height":23,"caption":"Farmerrain"},"image":{"@id":"https:\/\/farmerrain.com\/#\/schema\/logo\/image\/"},"sameAs":["https:\/\/www.facebook.com\/people\/Farmerrain\/100063463901438\/"]}]}},"_links":{"self":[{"href":"https:\/\/farmerrain.com\/en\/wp-json\/wp\/v2\/product\/36795","targetHints":{"allow":["GET"]}}],"collection":[{"href":"https:\/\/farmerrain.com\/en\/wp-json\/wp\/v2\/product"}],"about":[{"href":"https:\/\/farmerrain.com\/en\/wp-json\/wp\/v2\/types\/product"}],"replies":[{"embeddable":true,"href":"https:\/\/farmerrain.com\/en\/wp-json\/wp\/v2\/comments?post=36795"}],"wp:featuredmedia":[{"embeddable":true,"href":"https:\/\/farmerrain.com\/en\/wp-json\/wp\/v2\/media\/39535"}],"wp:attachment":[{"href":"https:\/\/farmerrain.com\/en\/wp-json\/wp\/v2\/media?parent=36795"}],"wp:term":[{"taxonomy":"product_brand","embeddable":true,"href":"https:\/\/farmerrain.com\/en\/wp-json\/wp\/v2\/product_brand?post=36795"},{"taxonomy":"product_cat","embeddable":true,"href":"https:\/\/farmerrain.com\/en\/wp-json\/wp\/v2\/product_cat?post=36795"},{"taxonomy":"product_tag","embeddable":true,"href":"https:\/\/farmerrain.com\/en\/wp-json\/wp\/v2\/product_tag?post=36795"},{"taxonomy":"activity","embeddable":true,"href":"https:\/\/farmerrain.com\/en\/wp-json\/wp\/v2\/activity?post=36795"}],"curies":[{"name":"wp","href":"https:\/\/api.w.org\/{rel}","templated":true}]}}