{"id":42542,"date":"2023-03-21T13:30:25","date_gmt":"2023-03-21T13:30:25","guid":{"rendered":"https:\/\/farmerrain.com\/black-week\/"},"modified":"2023-03-21T13:33:27","modified_gmt":"2023-03-21T13:33:27","slug":"black-week","status":"publish","type":"page","link":"https:\/\/farmerrain.com\/en\/black-week\/","title":{"rendered":"Black Week"},"content":{"rendered":"<p class=\"p2\" style=\"text-align: left;\">Would you like to be able to find out which products that will be sold at a reduced price during <strong>Black Week<\/strong>? Sign up for <strong>our newsletter<\/strong>\u00a0for early access.<\/p>\n<pre id=\"tw-target-text\" class=\"tw-data-text tw-text-large tw-ta\" dir=\"ltr\" data-placeholder=\"\u00d6vers\u00e4ttning\">\n<img loading=\"lazy\" decoding=\"async\" class=\"aligncenter wp-image-19503 size-large\" src=\"https:\/\/farmerrain.com\/wp-content\/uploads\/2023\/03\/Kornelia_96.jpg\" alt=\"\" width=\"980\" height=\"648\" \/><\/pre>\n","protected":false},"excerpt":{"rendered":"<p>Would you like to be able to find out which products that will be sold at a reduced price during Black Week? Sign up for our newsletter\u00a0for early access.<\/p>\n","protected":false},"author":2,"featured_media":42335,"parent":0,"menu_order":0,"comment_status":"open","ping_status":"open","template":"","meta":{"_acf_changed":false,"footnotes":""},"class_list":["post-42542","page","type-page","status-publish","has-post-thumbnail","hentry"],"acf":[],"yoast_head":"<!-- This site is optimized with the Yoast SEO plugin v27.5 - https:\/\/yoast.com\/product\/yoast-seo-wordpress\/ -->\n<title>Black Week | Farmerrain - H\u00e5llbara regnkl\u00e4der<\/title>\n<meta name=\"description\" content=\"Would you like to be able to find out which products that will be sold at a reduced price during Black Week? Sign up for our newsletter\u00a0for early access.\" \/>\n<meta name=\"robots\" content=\"index, follow, max-snippet:-1, max-image-preview:large, max-video-preview:-1\" \/>\n<link rel=\"canonical\" href=\"https:\/\/farmerrain.com\/black-week\/\" \/>\n<meta property=\"og:locale\" content=\"en_US\" \/>\n<meta property=\"og:type\" content=\"article\" \/>\n<meta property=\"og:title\" content=\"Black Week | Farmerrain - H\u00e5llbara regnkl\u00e4der\" \/>\n<meta property=\"og:description\" content=\"Would you like to be able to find out which products that will be sold at a reduced price during Black Week? Sign up for our newsletter\u00a0for early access.\" \/>\n<meta property=\"og:url\" content=\"https:\/\/farmerrain.com\/black-week\/\" \/>\n<meta property=\"og:site_name\" content=\"Farmerrain - H\u00e5llbara regnkl\u00e4der\" \/>\n<meta property=\"article:publisher\" content=\"https:\/\/www.facebook.com\/people\/Farmerrain\/100063463901438\/\" \/>\n<meta property=\"article:modified_time\" content=\"2023-03-21T13:33:27+00:00\" \/>\n<meta property=\"og:image\" content=\"https:\/\/farmerrain.com\/wp-content\/uploads\/2023\/03\/subpage_white-e1567686158580.jpg\" \/>\n\t<meta property=\"og:image:width\" content=\"1240\" \/>\n\t<meta property=\"og:image:height\" content=\"285\" \/>\n\t<meta property=\"og:image:type\" content=\"image\/jpeg\" \/>\n<meta name=\"twitter:card\" content=\"summary_large_image\" \/>\n<script type=\"application\/ld+json\" class=\"yoast-schema-graph\">{\"@context\":\"https:\\\/\\\/schema.org\",\"@graph\":[{\"@type\":\"WebPage\",\"@id\":\"https:\\\/\\\/farmerrain.com\\\/black-week\\\/\",\"url\":\"https:\\\/\\\/farmerrain.com\\\/black-week\\\/\",\"name\":\"Black Week | Farmerrain - H\u00e5llbara regnkl\u00e4der\",\"isPartOf\":{\"@id\":\"https:\\\/\\\/farmerrain.com\\\/#website\"},\"primaryImageOfPage\":{\"@id\":\"https:\\\/\\\/farmerrain.com\\\/black-week\\\/#primaryimage\"},\"image\":{\"@id\":\"https:\\\/\\\/farmerrain.com\\\/black-week\\\/#primaryimage\"},\"thumbnailUrl\":\"https:\\\/\\\/farmerrain.com\\\/wp-content\\\/uploads\\\/2023\\\/03\\\/subpage_white-e1567686158580.jpg\",\"datePublished\":\"2023-03-21T13:30:25+00:00\",\"dateModified\":\"2023-03-21T13:33:27+00:00\",\"description\":\"Would you like to be able to find out which products that will be sold at a reduced price during Black Week? Sign up for our newsletter\u00a0for early access.\",\"inLanguage\":\"en-US\",\"potentialAction\":[{\"@type\":\"ReadAction\",\"target\":[\"https:\\\/\\\/farmerrain.com\\\/black-week\\\/\"]}]},{\"@type\":\"ImageObject\",\"inLanguage\":\"en-US\",\"@id\":\"https:\\\/\\\/farmerrain.com\\\/black-week\\\/#primaryimage\",\"url\":\"https:\\\/\\\/farmerrain.com\\\/wp-content\\\/uploads\\\/2023\\\/03\\\/subpage_white-e1567686158580.jpg\",\"contentUrl\":\"https:\\\/\\\/farmerrain.com\\\/wp-content\\\/uploads\\\/2023\\\/03\\\/subpage_white-e1567686158580.jpg\",\"width\":1240,\"height\":285},{\"@type\":\"WebSite\",\"@id\":\"https:\\\/\\\/farmerrain.com\\\/#website\",\"url\":\"https:\\\/\\\/farmerrain.com\\\/\",\"name\":\"Farmerrain - H\u00e5llbara regnkl\u00e4der\",\"description\":\"Regnkl\u00e4der med fokus p\u00e5 h\u00e5llbarhet, funktionalitet och unik design.\",\"publisher\":{\"@id\":\"https:\\\/\\\/farmerrain.com\\\/#organization\"},\"potentialAction\":[{\"@type\":\"SearchAction\",\"target\":{\"@type\":\"EntryPoint\",\"urlTemplate\":\"https:\\\/\\\/farmerrain.com\\\/?s={search_term_string}\"},\"query-input\":{\"@type\":\"PropertyValueSpecification\",\"valueRequired\":true,\"valueName\":\"search_term_string\"}}],\"inLanguage\":\"en-US\"},{\"@type\":\"Organization\",\"@id\":\"https:\\\/\\\/farmerrain.com\\\/#organization\",\"name\":\"Farmerrain\",\"url\":\"https:\\\/\\\/farmerrain.com\\\/\",\"logo\":{\"@type\":\"ImageObject\",\"inLanguage\":\"en-US\",\"@id\":\"https:\\\/\\\/farmerrain.com\\\/#\\\/schema\\\/logo\\\/image\\\/\",\"url\":\"https:\\\/\\\/farmerrain.com\\\/wp-content\\\/uploads\\\/2023\\\/03\\\/fr_logo.png\",\"contentUrl\":\"https:\\\/\\\/farmerrain.com\\\/wp-content\\\/uploads\\\/2023\\\/03\\\/fr_logo.png\",\"width\":179,\"height\":23,\"caption\":\"Farmerrain\"},\"image\":{\"@id\":\"https:\\\/\\\/farmerrain.com\\\/#\\\/schema\\\/logo\\\/image\\\/\"},\"sameAs\":[\"https:\\\/\\\/www.facebook.com\\\/people\\\/Farmerrain\\\/100063463901438\\\/\"]}]}<\/script>\n<!-- \/ Yoast SEO plugin. -->","yoast_head_json":{"title":"Black Week | Farmerrain - H\u00e5llbara regnkl\u00e4der","description":"Would you like to be able to find out which products that will be sold at a reduced price during Black Week? Sign up for our newsletter\u00a0for early access.","robots":{"index":"index","follow":"follow","max-snippet":"max-snippet:-1","max-image-preview":"max-image-preview:large","max-video-preview":"max-video-preview:-1"},"canonical":"https:\/\/farmerrain.com\/black-week\/","og_locale":"en_US","og_type":"article","og_title":"Black Week | Farmerrain - H\u00e5llbara regnkl\u00e4der","og_description":"Would you like to be able to find out which products that will be sold at a reduced price during Black Week? Sign up for our newsletter\u00a0for early access.","og_url":"https:\/\/farmerrain.com\/black-week\/","og_site_name":"Farmerrain - H\u00e5llbara regnkl\u00e4der","article_publisher":"https:\/\/www.facebook.com\/people\/Farmerrain\/100063463901438\/","article_modified_time":"2023-03-21T13:33:27+00:00","og_image":[{"width":1240,"height":285,"url":"https:\/\/farmerrain.com\/wp-content\/uploads\/2023\/03\/subpage_white-e1567686158580.jpg","type":"image\/jpeg"}],"twitter_card":"summary_large_image","schema":{"@context":"https:\/\/schema.org","@graph":[{"@type":"WebPage","@id":"https:\/\/farmerrain.com\/black-week\/","url":"https:\/\/farmerrain.com\/black-week\/","name":"Black Week | Farmerrain - H\u00e5llbara regnkl\u00e4der","isPartOf":{"@id":"https:\/\/farmerrain.com\/#website"},"primaryImageOfPage":{"@id":"https:\/\/farmerrain.com\/black-week\/#primaryimage"},"image":{"@id":"https:\/\/farmerrain.com\/black-week\/#primaryimage"},"thumbnailUrl":"https:\/\/farmerrain.com\/wp-content\/uploads\/2023\/03\/subpage_white-e1567686158580.jpg","datePublished":"2023-03-21T13:30:25+00:00","dateModified":"2023-03-21T13:33:27+00:00","description":"Would you like to be able to find out which products that will be sold at a reduced price during Black Week? Sign up for our newsletter\u00a0for early access.","inLanguage":"en-US","potentialAction":[{"@type":"ReadAction","target":["https:\/\/farmerrain.com\/black-week\/"]}]},{"@type":"ImageObject","inLanguage":"en-US","@id":"https:\/\/farmerrain.com\/black-week\/#primaryimage","url":"https:\/\/farmerrain.com\/wp-content\/uploads\/2023\/03\/subpage_white-e1567686158580.jpg","contentUrl":"https:\/\/farmerrain.com\/wp-content\/uploads\/2023\/03\/subpage_white-e1567686158580.jpg","width":1240,"height":285},{"@type":"WebSite","@id":"https:\/\/farmerrain.com\/#website","url":"https:\/\/farmerrain.com\/","name":"Farmerrain - H\u00e5llbara regnkl\u00e4der","description":"Regnkl\u00e4der med fokus p\u00e5 h\u00e5llbarhet, funktionalitet och unik design.","publisher":{"@id":"https:\/\/farmerrain.com\/#organization"},"potentialAction":[{"@type":"SearchAction","target":{"@type":"EntryPoint","urlTemplate":"https:\/\/farmerrain.com\/?s={search_term_string}"},"query-input":{"@type":"PropertyValueSpecification","valueRequired":true,"valueName":"search_term_string"}}],"inLanguage":"en-US"},{"@type":"Organization","@id":"https:\/\/farmerrain.com\/#organization","name":"Farmerrain","url":"https:\/\/farmerrain.com\/","logo":{"@type":"ImageObject","inLanguage":"en-US","@id":"https:\/\/farmerrain.com\/#\/schema\/logo\/image\/","url":"https:\/\/farmerrain.com\/wp-content\/uploads\/2023\/03\/fr_logo.png","contentUrl":"https:\/\/farmerrain.com\/wp-content\/uploads\/2023\/03\/fr_logo.png","width":179,"height":23,"caption":"Farmerrain"},"image":{"@id":"https:\/\/farmerrain.com\/#\/schema\/logo\/image\/"},"sameAs":["https:\/\/www.facebook.com\/people\/Farmerrain\/100063463901438\/"]}]}},"_links":{"self":[{"href":"https:\/\/farmerrain.com\/en\/wp-json\/wp\/v2\/pages\/42542","targetHints":{"allow":["GET"]}}],"collection":[{"href":"https:\/\/farmerrain.com\/en\/wp-json\/wp\/v2\/pages"}],"about":[{"href":"https:\/\/farmerrain.com\/en\/wp-json\/wp\/v2\/types\/page"}],"author":[{"embeddable":true,"href":"https:\/\/farmerrain.com\/en\/wp-json\/wp\/v2\/users\/2"}],"replies":[{"embeddable":true,"href":"https:\/\/farmerrain.com\/en\/wp-json\/wp\/v2\/comments?post=42542"}],"version-history":[{"count":0,"href":"https:\/\/farmerrain.com\/en\/wp-json\/wp\/v2\/pages\/42542\/revisions"}],"wp:featuredmedia":[{"embeddable":true,"href":"https:\/\/farmerrain.com\/en\/wp-json\/wp\/v2\/media\/42335"}],"wp:attachment":[{"href":"https:\/\/farmerrain.com\/en\/wp-json\/wp\/v2\/media?parent=42542"}],"curies":[{"name":"wp","href":"https:\/\/api.w.org\/{rel}","templated":true}]}}