{"id":42521,"date":"2023-03-21T13:30:05","date_gmt":"2023-03-21T13:30:05","guid":{"rendered":"https:\/\/farmerrain.com\/history\/"},"modified":"2023-05-04T14:45:26","modified_gmt":"2023-05-04T14:45:26","slug":"history","status":"publish","type":"page","link":"https:\/\/farmerrain.com\/en\/history\/","title":{"rendered":"History"},"content":{"rendered":"<h2>Farmerrain<\/h2>\n<p class=\"p1\" style=\"text-align: center;\"><em><strong><span class=\"s1\">&#8220;Our aim is to always manufacture high quality rain wear in an evergreen design that is smooth and easy to use.&#8221;<\/span><\/strong><\/em><\/p>\n<h3 class=\"p3\"><span class=\"s1\">We are so happy that you have found our website!<\/span><\/h3>\n<p class=\"p4\"><span class=\"s1\">Our journey took off in 1992. After several years of searching after rainwear in higher quality and functionality, we felt a strong need and desire for a greater diversity in the world of rainwear.<\/span><\/p>\n<p class=\"p4\"><span class=\"s1\">As farmers and nature lovers, it was incredibly important for us to produce durable materials of the highest quality while at the same time the garment should be comfortable to work in. In order to find the optimal balance between quality and shape, we started with a new interest that would help us along the way: To collect rainwear. <\/span><span class=\"s1\">Here, a new door was opened for us that eventually would give us the inspiration we needed to create the perfect rainwear. <\/span><span class=\"s1\">The idea that once started with a vision that everyone should be able to find affordable long-lasting rainwear finally began to become reality 3 years later.<\/span><\/p>\n<p class=\"p1\"><span class=\"Apple-converted-space\">\u00a0<\/span>\t<div class=\"swiper pageSwiper\">\n\t\t<div class=\"swiper-wrapper\">\n\t\t\t\t\t\t\t\t<div class=\"swiper-slide\">\n\t\t\t\t\t\t<div class=\"background\">\n\t\t\t\t\t\t\t<img decoding=\"async\" class=\"background__image\" src=\"https:\/\/farmerrain.com\/wp-content\/uploads\/2023\/03\/nedladdning-1-jpeg.webp\" alt=\"\">\n\t\t\t\t\t\t<\/div>\n\t\t\t\t\t<\/div>\n\t\t\t\t\t\t\t<\/div>\n\t\t<div class=\"swiper-button-next\"><\/div>\n\t\t<div class=\"swiper-button-prev\"><\/div>\n\t\t<div class=\"swiper-pagination\"><\/div>\n\t<\/div><\/p>\n<p class=\"p4\"><span class=\"s1\">27 years later, our great passion for rainwear lives on through Farmerrain. A family business that wants to offer you as a customer a wide opportunity to find your exact type of rainwear, whether you are looking for a classic anorak, fishing jacket or pants for agriculture.<\/span><\/p>\n<p class=\"p4\"><span class=\"s1\">Over the years, we have evolved from just bouncing ideas to creating lots of different choices. The last years, we have also focused on creating modern, classic and sustainable rainwear in fashion. A direction that allows Farmerrain to reach a larger clientele with pleasure and hopefully be able to make customers all over the world happy.<\/span><\/p>\n<p><img loading=\"lazy\" decoding=\"async\" class=\"aligncenter wp-image-33603 size-large\" src=\"https:\/\/farmerrain.com\/wp-content\/uploads\/2023\/03\/fr_bikes-980x483.png\" alt=\"\" width=\"980\" height=\"483\" srcset=\"https:\/\/farmerrain.com\/wp-content\/uploads\/2023\/03\/fr_bikes-980x483.png 980w, https:\/\/farmerrain.com\/wp-content\/uploads\/2023\/03\/fr_bikes-600x295.png 600w, https:\/\/farmerrain.com\/wp-content\/uploads\/2023\/03\/fr_bikes-490x241.png 490w, https:\/\/farmerrain.com\/wp-content\/uploads\/2023\/03\/fr_bikes-768x378.png 768w, https:\/\/farmerrain.com\/wp-content\/uploads\/2023\/03\/fr_bikes-1536x756.png 1536w, https:\/\/farmerrain.com\/wp-content\/uploads\/2023\/03\/fr_bikes.png 1728w\" sizes=\"auto, (max-width: 980px) 100vw, 980px\" \/><\/p>\n","protected":false},"excerpt":{"rendered":"<p>Farmerrain &#8220;Our aim is to always manufacture high quality rain wear in an evergreen design that is smooth and easy to use.&#8221; We are so happy that you have found our website! Our journey took off in 1992. After several years of searching after rainwear in higher quality and functionality, we felt a strong need [&hellip;]<\/p>\n","protected":false},"author":2,"featured_media":42331,"parent":0,"menu_order":0,"comment_status":"open","ping_status":"open","template":"","meta":{"_acf_changed":false,"footnotes":""},"class_list":["post-42521","page","type-page","status-publish","has-post-thumbnail","hentry"],"acf":[],"yoast_head":"<!-- This site is optimized with the Yoast SEO plugin v27.2 - https:\/\/yoast.com\/product\/yoast-seo-wordpress\/ -->\n<title>History | Farmerrain - H\u00e5llbara regnkl\u00e4der<\/title>\n<meta name=\"description\" content=\"Farmerrain &quot;Our aim is to always manufacture high quality rain wear in an evergreen design that is smooth and easy to use.&quot; We are so happy that you have\" \/>\n<meta name=\"robots\" content=\"index, follow, max-snippet:-1, max-image-preview:large, max-video-preview:-1\" \/>\n<link rel=\"canonical\" href=\"https:\/\/farmerrain.com\/en\/history\/\" \/>\n<meta property=\"og:locale\" content=\"en_US\" \/>\n<meta property=\"og:type\" content=\"article\" \/>\n<meta property=\"og:title\" content=\"History | Farmerrain - H\u00e5llbara regnkl\u00e4der\" \/>\n<meta property=\"og:description\" content=\"Farmerrain &quot;Our aim is to always manufacture high quality rain wear in an evergreen design that is smooth and easy to use.&quot; We are so happy that you have\" \/>\n<meta property=\"og:url\" content=\"https:\/\/farmerrain.com\/en\/history\/\" \/>\n<meta property=\"og:site_name\" content=\"Farmerrain - H\u00e5llbara regnkl\u00e4der\" \/>\n<meta property=\"article:publisher\" content=\"https:\/\/www.facebook.com\/people\/Farmerrain\/100063463901438\/\" \/>\n<meta property=\"article:modified_time\" content=\"2023-05-04T14:45:26+00:00\" \/>\n<meta property=\"og:image\" content=\"https:\/\/farmerrain.com\/wp-content\/uploads\/2023\/03\/HeaderModish.png\" \/>\n\t<meta property=\"og:image:width\" content=\"1280\" \/>\n\t<meta property=\"og:image:height\" content=\"720\" \/>\n\t<meta property=\"og:image:type\" content=\"image\/png\" \/>\n<meta name=\"twitter:card\" content=\"summary_large_image\" \/>\n<meta name=\"twitter:label1\" content=\"Est. reading time\" \/>\n\t<meta name=\"twitter:data1\" content=\"2 minutes\" \/>\n<script type=\"application\/ld+json\" class=\"yoast-schema-graph\">{\"@context\":\"https:\/\/schema.org\",\"@graph\":[{\"@type\":\"WebPage\",\"@id\":\"https:\/\/farmerrain.com\/en\/history\/\",\"url\":\"https:\/\/farmerrain.com\/en\/history\/\",\"name\":\"History | Farmerrain - H\u00e5llbara regnkl\u00e4der\",\"isPartOf\":{\"@id\":\"https:\/\/farmerrain.com\/#website\"},\"primaryImageOfPage\":{\"@id\":\"https:\/\/farmerrain.com\/en\/history\/#primaryimage\"},\"image\":{\"@id\":\"https:\/\/farmerrain.com\/en\/history\/#primaryimage\"},\"thumbnailUrl\":\"https:\/\/farmerrain.com\/wp-content\/uploads\/2023\/03\/HeaderModish.png\",\"datePublished\":\"2023-03-21T13:30:05+00:00\",\"dateModified\":\"2023-05-04T14:45:26+00:00\",\"description\":\"Farmerrain \\\"Our aim is to always manufacture high quality rain wear in an evergreen design that is smooth and easy to use.\\\" We are so happy that you have\",\"inLanguage\":\"en-US\",\"potentialAction\":[{\"@type\":\"ReadAction\",\"target\":[\"https:\/\/farmerrain.com\/en\/history\/\"]}]},{\"@type\":\"ImageObject\",\"inLanguage\":\"en-US\",\"@id\":\"https:\/\/farmerrain.com\/en\/history\/#primaryimage\",\"url\":\"https:\/\/farmerrain.com\/wp-content\/uploads\/2023\/03\/HeaderModish.png\",\"contentUrl\":\"https:\/\/farmerrain.com\/wp-content\/uploads\/2023\/03\/HeaderModish.png\",\"width\":1280,\"height\":720},{\"@type\":\"WebSite\",\"@id\":\"https:\/\/farmerrain.com\/#website\",\"url\":\"https:\/\/farmerrain.com\/\",\"name\":\"Farmerrain - H\u00e5llbara regnkl\u00e4der\",\"description\":\"Regnkl\u00e4der med fokus p\u00e5 h\u00e5llbarhet, funktionalitet och unik design.\",\"publisher\":{\"@id\":\"https:\/\/farmerrain.com\/#organization\"},\"potentialAction\":[{\"@type\":\"SearchAction\",\"target\":{\"@type\":\"EntryPoint\",\"urlTemplate\":\"https:\/\/farmerrain.com\/?s={search_term_string}\"},\"query-input\":{\"@type\":\"PropertyValueSpecification\",\"valueRequired\":true,\"valueName\":\"search_term_string\"}}],\"inLanguage\":\"en-US\"},{\"@type\":\"Organization\",\"@id\":\"https:\/\/farmerrain.com\/#organization\",\"name\":\"Farmerrain\",\"url\":\"https:\/\/farmerrain.com\/\",\"logo\":{\"@type\":\"ImageObject\",\"inLanguage\":\"en-US\",\"@id\":\"https:\/\/farmerrain.com\/#\/schema\/logo\/image\/\",\"url\":\"https:\/\/farmerrain.com\/wp-content\/uploads\/2023\/03\/fr_logo.png\",\"contentUrl\":\"https:\/\/farmerrain.com\/wp-content\/uploads\/2023\/03\/fr_logo.png\",\"width\":179,\"height\":23,\"caption\":\"Farmerrain\"},\"image\":{\"@id\":\"https:\/\/farmerrain.com\/#\/schema\/logo\/image\/\"},\"sameAs\":[\"https:\/\/www.facebook.com\/people\/Farmerrain\/100063463901438\/\"]}]}<\/script>\n<!-- \/ Yoast SEO plugin. -->","yoast_head_json":{"title":"History | Farmerrain - H\u00e5llbara regnkl\u00e4der","description":"Farmerrain \"Our aim is to always manufacture high quality rain wear in an evergreen design that is smooth and easy to use.\" We are so happy that you have","robots":{"index":"index","follow":"follow","max-snippet":"max-snippet:-1","max-image-preview":"max-image-preview:large","max-video-preview":"max-video-preview:-1"},"canonical":"https:\/\/farmerrain.com\/en\/history\/","og_locale":"en_US","og_type":"article","og_title":"History | Farmerrain - H\u00e5llbara regnkl\u00e4der","og_description":"Farmerrain \"Our aim is to always manufacture high quality rain wear in an evergreen design that is smooth and easy to use.\" We are so happy that you have","og_url":"https:\/\/farmerrain.com\/en\/history\/","og_site_name":"Farmerrain - H\u00e5llbara regnkl\u00e4der","article_publisher":"https:\/\/www.facebook.com\/people\/Farmerrain\/100063463901438\/","article_modified_time":"2023-05-04T14:45:26+00:00","og_image":[{"width":1280,"height":720,"url":"https:\/\/farmerrain.com\/wp-content\/uploads\/2023\/03\/HeaderModish.png","type":"image\/png"}],"twitter_card":"summary_large_image","twitter_misc":{"Est. reading time":"2 minutes"},"schema":{"@context":"https:\/\/schema.org","@graph":[{"@type":"WebPage","@id":"https:\/\/farmerrain.com\/en\/history\/","url":"https:\/\/farmerrain.com\/en\/history\/","name":"History | Farmerrain - H\u00e5llbara regnkl\u00e4der","isPartOf":{"@id":"https:\/\/farmerrain.com\/#website"},"primaryImageOfPage":{"@id":"https:\/\/farmerrain.com\/en\/history\/#primaryimage"},"image":{"@id":"https:\/\/farmerrain.com\/en\/history\/#primaryimage"},"thumbnailUrl":"https:\/\/farmerrain.com\/wp-content\/uploads\/2023\/03\/HeaderModish.png","datePublished":"2023-03-21T13:30:05+00:00","dateModified":"2023-05-04T14:45:26+00:00","description":"Farmerrain \"Our aim is to always manufacture high quality rain wear in an evergreen design that is smooth and easy to use.\" We are so happy that you have","inLanguage":"en-US","potentialAction":[{"@type":"ReadAction","target":["https:\/\/farmerrain.com\/en\/history\/"]}]},{"@type":"ImageObject","inLanguage":"en-US","@id":"https:\/\/farmerrain.com\/en\/history\/#primaryimage","url":"https:\/\/farmerrain.com\/wp-content\/uploads\/2023\/03\/HeaderModish.png","contentUrl":"https:\/\/farmerrain.com\/wp-content\/uploads\/2023\/03\/HeaderModish.png","width":1280,"height":720},{"@type":"WebSite","@id":"https:\/\/farmerrain.com\/#website","url":"https:\/\/farmerrain.com\/","name":"Farmerrain - H\u00e5llbara regnkl\u00e4der","description":"Regnkl\u00e4der med fokus p\u00e5 h\u00e5llbarhet, funktionalitet och unik design.","publisher":{"@id":"https:\/\/farmerrain.com\/#organization"},"potentialAction":[{"@type":"SearchAction","target":{"@type":"EntryPoint","urlTemplate":"https:\/\/farmerrain.com\/?s={search_term_string}"},"query-input":{"@type":"PropertyValueSpecification","valueRequired":true,"valueName":"search_term_string"}}],"inLanguage":"en-US"},{"@type":"Organization","@id":"https:\/\/farmerrain.com\/#organization","name":"Farmerrain","url":"https:\/\/farmerrain.com\/","logo":{"@type":"ImageObject","inLanguage":"en-US","@id":"https:\/\/farmerrain.com\/#\/schema\/logo\/image\/","url":"https:\/\/farmerrain.com\/wp-content\/uploads\/2023\/03\/fr_logo.png","contentUrl":"https:\/\/farmerrain.com\/wp-content\/uploads\/2023\/03\/fr_logo.png","width":179,"height":23,"caption":"Farmerrain"},"image":{"@id":"https:\/\/farmerrain.com\/#\/schema\/logo\/image\/"},"sameAs":["https:\/\/www.facebook.com\/people\/Farmerrain\/100063463901438\/"]}]}},"_links":{"self":[{"href":"https:\/\/farmerrain.com\/en\/wp-json\/wp\/v2\/pages\/42521","targetHints":{"allow":["GET"]}}],"collection":[{"href":"https:\/\/farmerrain.com\/en\/wp-json\/wp\/v2\/pages"}],"about":[{"href":"https:\/\/farmerrain.com\/en\/wp-json\/wp\/v2\/types\/page"}],"author":[{"embeddable":true,"href":"https:\/\/farmerrain.com\/en\/wp-json\/wp\/v2\/users\/2"}],"replies":[{"embeddable":true,"href":"https:\/\/farmerrain.com\/en\/wp-json\/wp\/v2\/comments?post=42521"}],"version-history":[{"count":0,"href":"https:\/\/farmerrain.com\/en\/wp-json\/wp\/v2\/pages\/42521\/revisions"}],"wp:featuredmedia":[{"embeddable":true,"href":"https:\/\/farmerrain.com\/en\/wp-json\/wp\/v2\/media\/42331"}],"wp:attachment":[{"href":"https:\/\/farmerrain.com\/en\/wp-json\/wp\/v2\/media?parent=42521"}],"curies":[{"name":"wp","href":"https:\/\/api.w.org\/{rel}","templated":true}]}}