{"id":42520,"date":"2023-03-21T13:30:05","date_gmt":"2023-03-21T12:30:05","guid":{"rendered":"https:\/\/farmerrain.com\/our-responsibility\/"},"modified":"2026-03-26T11:45:55","modified_gmt":"2026-03-26T10:45:55","slug":"our-responsibility","status":"publish","type":"page","link":"https:\/\/farmerrain.com\/en\/our-responsibility\/","title":{"rendered":"Our responsibility"},"content":{"rendered":"<div style=\"padding: 75% 0 0 0; position: relative;\"><iframe style=\"position: absolute; top: 0; left: 0; width: 100%; height: 100%;\" title=\"vA\u030art_ansvar_v1 (2160p)_511018882\" src=\"https:\/\/player.vimeo.com\/video\/1168384489?title=0&amp;byline=0&amp;portrait=0&amp;badge=0&amp;autopause=0&amp;player_id=0&amp;app_id=58479\" frameborder=\"0\"><\/iframe><\/div>\n<p><script src=\"https:\/\/player.vimeo.com\/api\/player.js\"><\/script><\/p>\n<p class=\"p3\"><span class=\"s1\">We work to protect the environment, contribute positively to society and work for long-term sustainable development.<\/span><\/p>\n<p class=\"p3\"><span class=\"s1\">Farmerrain conducts a responsible operations where our values and ethics guidelines guide us in our work and help us maintain and promote a high ethical business standard.<\/span><\/p>\n<p class=\"p2\"><span class=\"s1\">We strive to be a responsible, honest and transparent company and we encourage ongoing dialogue with our stakeholders, both customers and suppliers.<\/span><\/p>\n<p class=\"p2\"><span class=\"s1\">We treat employees and business partners openly and honestly and see this as a keystone of our company&#8217;s success.<\/span><\/p>\n<p class=\"p2\"><span class=\"s1\">In the long run, honesty in business will always be profitable.<\/span><\/p>\n","protected":false},"excerpt":{"rendered":"<p>We work to protect the environment, contribute positively to society and work for long-term sustainable development. Farmerrain conducts a responsible operations where our values and ethics guidelines guide us in our work and help us maintain and promote a high ethical business standard. We strive to be a responsible, honest and transparent company and we [&hellip;]<\/p>\n","protected":false},"author":2,"featured_media":42285,"parent":0,"menu_order":0,"comment_status":"open","ping_status":"open","template":"","meta":{"_acf_changed":false,"footnotes":""},"class_list":["post-42520","page","type-page","status-publish","has-post-thumbnail","hentry"],"acf":[],"yoast_head":"<!-- This site is optimized with the Yoast SEO plugin v27.2 - https:\/\/yoast.com\/product\/yoast-seo-wordpress\/ -->\n<title>Our responsibility | Farmerrain - H\u00e5llbara regnkl\u00e4der<\/title>\n<meta name=\"description\" content=\"We work to protect the environment, contribute positively to society and work for long-term sustainable development. Farmerrain conducts a responsible\" \/>\n<meta name=\"robots\" content=\"index, follow, max-snippet:-1, max-image-preview:large, max-video-preview:-1\" \/>\n<link rel=\"canonical\" href=\"https:\/\/farmerrain.com\/en\/our-responsibility\/\" \/>\n<meta property=\"og:locale\" content=\"en_US\" \/>\n<meta property=\"og:type\" content=\"article\" \/>\n<meta property=\"og:title\" content=\"Our responsibility | Farmerrain - H\u00e5llbara regnkl\u00e4der\" \/>\n<meta property=\"og:description\" content=\"We work to protect the environment, contribute positively to society and work for long-term sustainable development. Farmerrain conducts a responsible\" \/>\n<meta property=\"og:url\" content=\"https:\/\/farmerrain.com\/en\/our-responsibility\/\" \/>\n<meta property=\"og:site_name\" content=\"Farmerrain - H\u00e5llbara regnkl\u00e4der\" \/>\n<meta property=\"article:publisher\" content=\"https:\/\/www.facebook.com\/people\/Farmerrain\/100063463901438\/\" \/>\n<meta property=\"article:modified_time\" content=\"2026-03-26T10:45:55+00:00\" \/>\n<meta property=\"og:image\" content=\"https:\/\/farmerrain.com\/wp-content\/uploads\/2023\/03\/subpage_wide-jpg.webp\" \/>\n\t<meta property=\"og:image:width\" content=\"1920\" \/>\n\t<meta property=\"og:image:height\" content=\"568\" \/>\n\t<meta property=\"og:image:type\" content=\"image\/jpeg\" \/>\n<meta name=\"twitter:card\" content=\"summary_large_image\" \/>\n<meta name=\"twitter:label1\" content=\"Est. reading time\" \/>\n\t<meta name=\"twitter:data1\" content=\"1 minute\" \/>\n<script type=\"application\/ld+json\" class=\"yoast-schema-graph\">{\"@context\":\"https:\/\/schema.org\",\"@graph\":[{\"@type\":\"WebPage\",\"@id\":\"https:\/\/farmerrain.com\/en\/our-responsibility\/\",\"url\":\"https:\/\/farmerrain.com\/en\/our-responsibility\/\",\"name\":\"Our responsibility | Farmerrain - H\u00e5llbara regnkl\u00e4der\",\"isPartOf\":{\"@id\":\"https:\/\/farmerrain.com\/#website\"},\"primaryImageOfPage\":{\"@id\":\"https:\/\/farmerrain.com\/en\/our-responsibility\/#primaryimage\"},\"image\":{\"@id\":\"https:\/\/farmerrain.com\/en\/our-responsibility\/#primaryimage\"},\"thumbnailUrl\":\"https:\/\/farmerrain.com\/wp-content\/uploads\/2023\/03\/subpage_wide-jpg.webp\",\"datePublished\":\"2023-03-21T12:30:05+00:00\",\"dateModified\":\"2026-03-26T10:45:55+00:00\",\"description\":\"We work to protect the environment, contribute positively to society and work for long-term sustainable development. Farmerrain conducts a responsible\",\"inLanguage\":\"en-US\",\"potentialAction\":[{\"@type\":\"ReadAction\",\"target\":[\"https:\/\/farmerrain.com\/en\/our-responsibility\/\"]}]},{\"@type\":\"ImageObject\",\"inLanguage\":\"en-US\",\"@id\":\"https:\/\/farmerrain.com\/en\/our-responsibility\/#primaryimage\",\"url\":\"https:\/\/farmerrain.com\/wp-content\/uploads\/2023\/03\/subpage_wide-jpg.webp\",\"contentUrl\":\"https:\/\/farmerrain.com\/wp-content\/uploads\/2023\/03\/subpage_wide-jpg.webp\",\"width\":1920,\"height\":568},{\"@type\":\"WebSite\",\"@id\":\"https:\/\/farmerrain.com\/#website\",\"url\":\"https:\/\/farmerrain.com\/\",\"name\":\"Farmerrain - H\u00e5llbara regnkl\u00e4der\",\"description\":\"Regnkl\u00e4der med fokus p\u00e5 h\u00e5llbarhet, funktionalitet och unik design.\",\"publisher\":{\"@id\":\"https:\/\/farmerrain.com\/#organization\"},\"potentialAction\":[{\"@type\":\"SearchAction\",\"target\":{\"@type\":\"EntryPoint\",\"urlTemplate\":\"https:\/\/farmerrain.com\/?s={search_term_string}\"},\"query-input\":{\"@type\":\"PropertyValueSpecification\",\"valueRequired\":true,\"valueName\":\"search_term_string\"}}],\"inLanguage\":\"en-US\"},{\"@type\":\"Organization\",\"@id\":\"https:\/\/farmerrain.com\/#organization\",\"name\":\"Farmerrain\",\"url\":\"https:\/\/farmerrain.com\/\",\"logo\":{\"@type\":\"ImageObject\",\"inLanguage\":\"en-US\",\"@id\":\"https:\/\/farmerrain.com\/#\/schema\/logo\/image\/\",\"url\":\"https:\/\/farmerrain.com\/wp-content\/uploads\/2023\/03\/fr_logo.png\",\"contentUrl\":\"https:\/\/farmerrain.com\/wp-content\/uploads\/2023\/03\/fr_logo.png\",\"width\":179,\"height\":23,\"caption\":\"Farmerrain\"},\"image\":{\"@id\":\"https:\/\/farmerrain.com\/#\/schema\/logo\/image\/\"},\"sameAs\":[\"https:\/\/www.facebook.com\/people\/Farmerrain\/100063463901438\/\"]}]}<\/script>\n<!-- \/ Yoast SEO plugin. -->","yoast_head_json":{"title":"Our responsibility | Farmerrain - H\u00e5llbara regnkl\u00e4der","description":"We work to protect the environment, contribute positively to society and work for long-term sustainable development. Farmerrain conducts a responsible","robots":{"index":"index","follow":"follow","max-snippet":"max-snippet:-1","max-image-preview":"max-image-preview:large","max-video-preview":"max-video-preview:-1"},"canonical":"https:\/\/farmerrain.com\/en\/our-responsibility\/","og_locale":"en_US","og_type":"article","og_title":"Our responsibility | Farmerrain - H\u00e5llbara regnkl\u00e4der","og_description":"We work to protect the environment, contribute positively to society and work for long-term sustainable development. Farmerrain conducts a responsible","og_url":"https:\/\/farmerrain.com\/en\/our-responsibility\/","og_site_name":"Farmerrain - H\u00e5llbara regnkl\u00e4der","article_publisher":"https:\/\/www.facebook.com\/people\/Farmerrain\/100063463901438\/","article_modified_time":"2026-03-26T10:45:55+00:00","og_image":[{"width":1920,"height":568,"url":"https:\/\/farmerrain.com\/wp-content\/uploads\/2023\/03\/subpage_wide-jpg.webp","type":"image\/jpeg"}],"twitter_card":"summary_large_image","twitter_misc":{"Est. reading time":"1 minute"},"schema":{"@context":"https:\/\/schema.org","@graph":[{"@type":"WebPage","@id":"https:\/\/farmerrain.com\/en\/our-responsibility\/","url":"https:\/\/farmerrain.com\/en\/our-responsibility\/","name":"Our responsibility | Farmerrain - H\u00e5llbara regnkl\u00e4der","isPartOf":{"@id":"https:\/\/farmerrain.com\/#website"},"primaryImageOfPage":{"@id":"https:\/\/farmerrain.com\/en\/our-responsibility\/#primaryimage"},"image":{"@id":"https:\/\/farmerrain.com\/en\/our-responsibility\/#primaryimage"},"thumbnailUrl":"https:\/\/farmerrain.com\/wp-content\/uploads\/2023\/03\/subpage_wide-jpg.webp","datePublished":"2023-03-21T12:30:05+00:00","dateModified":"2026-03-26T10:45:55+00:00","description":"We work to protect the environment, contribute positively to society and work for long-term sustainable development. Farmerrain conducts a responsible","inLanguage":"en-US","potentialAction":[{"@type":"ReadAction","target":["https:\/\/farmerrain.com\/en\/our-responsibility\/"]}]},{"@type":"ImageObject","inLanguage":"en-US","@id":"https:\/\/farmerrain.com\/en\/our-responsibility\/#primaryimage","url":"https:\/\/farmerrain.com\/wp-content\/uploads\/2023\/03\/subpage_wide-jpg.webp","contentUrl":"https:\/\/farmerrain.com\/wp-content\/uploads\/2023\/03\/subpage_wide-jpg.webp","width":1920,"height":568},{"@type":"WebSite","@id":"https:\/\/farmerrain.com\/#website","url":"https:\/\/farmerrain.com\/","name":"Farmerrain - H\u00e5llbara regnkl\u00e4der","description":"Regnkl\u00e4der med fokus p\u00e5 h\u00e5llbarhet, funktionalitet och unik design.","publisher":{"@id":"https:\/\/farmerrain.com\/#organization"},"potentialAction":[{"@type":"SearchAction","target":{"@type":"EntryPoint","urlTemplate":"https:\/\/farmerrain.com\/?s={search_term_string}"},"query-input":{"@type":"PropertyValueSpecification","valueRequired":true,"valueName":"search_term_string"}}],"inLanguage":"en-US"},{"@type":"Organization","@id":"https:\/\/farmerrain.com\/#organization","name":"Farmerrain","url":"https:\/\/farmerrain.com\/","logo":{"@type":"ImageObject","inLanguage":"en-US","@id":"https:\/\/farmerrain.com\/#\/schema\/logo\/image\/","url":"https:\/\/farmerrain.com\/wp-content\/uploads\/2023\/03\/fr_logo.png","contentUrl":"https:\/\/farmerrain.com\/wp-content\/uploads\/2023\/03\/fr_logo.png","width":179,"height":23,"caption":"Farmerrain"},"image":{"@id":"https:\/\/farmerrain.com\/#\/schema\/logo\/image\/"},"sameAs":["https:\/\/www.facebook.com\/people\/Farmerrain\/100063463901438\/"]}]}},"_links":{"self":[{"href":"https:\/\/farmerrain.com\/en\/wp-json\/wp\/v2\/pages\/42520","targetHints":{"allow":["GET"]}}],"collection":[{"href":"https:\/\/farmerrain.com\/en\/wp-json\/wp\/v2\/pages"}],"about":[{"href":"https:\/\/farmerrain.com\/en\/wp-json\/wp\/v2\/types\/page"}],"author":[{"embeddable":true,"href":"https:\/\/farmerrain.com\/en\/wp-json\/wp\/v2\/users\/2"}],"replies":[{"embeddable":true,"href":"https:\/\/farmerrain.com\/en\/wp-json\/wp\/v2\/comments?post=42520"}],"version-history":[{"count":2,"href":"https:\/\/farmerrain.com\/en\/wp-json\/wp\/v2\/pages\/42520\/revisions"}],"predecessor-version":[{"id":81522,"href":"https:\/\/farmerrain.com\/en\/wp-json\/wp\/v2\/pages\/42520\/revisions\/81522"}],"wp:featuredmedia":[{"embeddable":true,"href":"https:\/\/farmerrain.com\/en\/wp-json\/wp\/v2\/media\/42285"}],"wp:attachment":[{"href":"https:\/\/farmerrain.com\/en\/wp-json\/wp\/v2\/media?parent=42520"}],"curies":[{"name":"wp","href":"https:\/\/api.w.org\/{rel}","templated":true}]}}