{"id":42519,"date":"2023-03-21T13:30:05","date_gmt":"2023-03-21T13:30:05","guid":{"rendered":"https:\/\/farmerrain.com\/contact-us\/"},"modified":"2023-03-21T13:33:11","modified_gmt":"2023-03-21T13:33:11","slug":"contact-us","status":"publish","type":"page","link":"https:\/\/farmerrain.com\/en\/contact-us\/","title":{"rendered":"Contact us"},"content":{"rendered":"<h3>Farmerrain Customer service:<\/h3>\n<p><span style=\"color: #000000;\"><strong><a href=\"mailto:support@farmerrain.com\">support@farmerrain.com<\/a><\/strong><br \/>\n<\/span><span style=\"color: #000000;\"><strong><a href=\"tel:004647122065\">Tel: +46471-22065<\/a> <\/strong>(weekdays between 10:00-17:00)<\/span><\/p>\n<h3><span style=\"color: #000000;\">Company information:<\/span><\/h3>\n<p><span style=\"color: #000000;\">Svenska Regnkl\u00e4ds Aktiebolaget<\/span><br \/>\n<span style=\"color: #000000;\">K\u00e4sem\u00e5la 106<\/span><br \/>\n<span style=\"color: #000000;\">36192 Emmaboda<br \/>\n<strong><a href=\"mailto:info@farmerrain.com\">info@farmerrain.com<\/a><\/strong><\/span><\/p>\n<h3><span style=\"color: #000000;\"><span class=\"s1\">Intellectual<\/span> property rights:<\/span><\/h3>\n<p class=\"p1\"><span class=\"s1\" style=\"color: #000000;\">All intellectual property rights, such as trademarks and domain on the Website and all materials that is published on the Website are owned by Farmerrain. All use of the website or its content, including copy or storage is prohibited without Farmerrain&#8217;s permission unless it is for private, non-commercial use.<\/span><\/p>\n<p>https:\/\/farmerrain.com\/wp-content\/uploads\/2021\/02\/Oss-sjalva-scaled.jpg<\/p>\n","protected":false},"excerpt":{"rendered":"<p>Farmerrain Customer service: support@farmerrain.com Tel: +46471-22065 (weekdays between 10:00-17:00) Company information: Svenska Regnkl\u00e4ds Aktiebolaget K\u00e4sem\u00e5la 106 36192 Emmaboda info@farmerrain.com Intellectual property rights: All intellectual property rights, such as trademarks and domain on the Website and all materials that is published on the Website are owned by Farmerrain. All use of the website or its content, [&hellip;]<\/p>\n","protected":false},"author":2,"featured_media":42651,"parent":0,"menu_order":0,"comment_status":"open","ping_status":"open","template":"","meta":{"_acf_changed":false,"footnotes":""},"class_list":["post-42519","page","type-page","status-publish","has-post-thumbnail","hentry"],"acf":[],"yoast_head":"<!-- This site is optimized with the Yoast SEO plugin v27.2 - https:\/\/yoast.com\/product\/yoast-seo-wordpress\/ -->\n<title>Contact us | Farmerrain - H\u00e5llbara regnkl\u00e4der<\/title>\n<meta name=\"description\" content=\"Farmerrain Customer service: support@farmerrain.com Tel: +46471-22065 (weekdays between 10:00-17:00) Company information: Svenska Regnkl\u00e4ds Aktiebolaget\" \/>\n<meta name=\"robots\" content=\"index, follow, max-snippet:-1, max-image-preview:large, max-video-preview:-1\" \/>\n<link rel=\"canonical\" href=\"https:\/\/farmerrain.com\/en\/contact-us\/\" \/>\n<meta property=\"og:locale\" content=\"en_US\" \/>\n<meta property=\"og:type\" content=\"article\" \/>\n<meta property=\"og:title\" content=\"Contact us | Farmerrain - H\u00e5llbara regnkl\u00e4der\" \/>\n<meta property=\"og:description\" content=\"Farmerrain Customer service: support@farmerrain.com Tel: +46471-22065 (weekdays between 10:00-17:00) Company information: Svenska Regnkl\u00e4ds Aktiebolaget\" \/>\n<meta property=\"og:url\" content=\"https:\/\/farmerrain.com\/en\/contact-us\/\" \/>\n<meta property=\"og:site_name\" content=\"Farmerrain - H\u00e5llbara regnkl\u00e4der\" \/>\n<meta property=\"article:publisher\" content=\"https:\/\/www.facebook.com\/people\/Farmerrain\/100063463901438\/\" \/>\n<meta property=\"article:modified_time\" content=\"2023-03-21T13:33:11+00:00\" \/>\n<meta property=\"og:image\" content=\"https:\/\/farmerrain.com\/wp-content\/uploads\/2023\/03\/Anna-Kappa--jpg.webp\" \/>\n\t<meta property=\"og:image:width\" content=\"1728\" \/>\n\t<meta property=\"og:image:height\" content=\"851\" \/>\n\t<meta property=\"og:image:type\" content=\"image\/jpeg\" \/>\n<meta name=\"twitter:card\" content=\"summary_large_image\" \/>\n<script type=\"application\/ld+json\" class=\"yoast-schema-graph\">{\"@context\":\"https:\/\/schema.org\",\"@graph\":[{\"@type\":\"WebPage\",\"@id\":\"https:\/\/farmerrain.com\/en\/contact-us\/\",\"url\":\"https:\/\/farmerrain.com\/en\/contact-us\/\",\"name\":\"Contact us | Farmerrain - H\u00e5llbara regnkl\u00e4der\",\"isPartOf\":{\"@id\":\"https:\/\/farmerrain.com\/#website\"},\"primaryImageOfPage\":{\"@id\":\"https:\/\/farmerrain.com\/en\/contact-us\/#primaryimage\"},\"image\":{\"@id\":\"https:\/\/farmerrain.com\/en\/contact-us\/#primaryimage\"},\"thumbnailUrl\":\"https:\/\/farmerrain.com\/wp-content\/uploads\/2023\/03\/Anna-Kappa--jpg.webp\",\"datePublished\":\"2023-03-21T13:30:05+00:00\",\"dateModified\":\"2023-03-21T13:33:11+00:00\",\"description\":\"Farmerrain Customer service: support@farmerrain.com Tel: +46471-22065 (weekdays between 10:00-17:00) Company information: Svenska Regnkl\u00e4ds Aktiebolaget\",\"inLanguage\":\"en-US\",\"potentialAction\":[{\"@type\":\"ReadAction\",\"target\":[\"https:\/\/farmerrain.com\/en\/contact-us\/\"]}]},{\"@type\":\"ImageObject\",\"inLanguage\":\"en-US\",\"@id\":\"https:\/\/farmerrain.com\/en\/contact-us\/#primaryimage\",\"url\":\"https:\/\/farmerrain.com\/wp-content\/uploads\/2023\/03\/Anna-Kappa--jpg.webp\",\"contentUrl\":\"https:\/\/farmerrain.com\/wp-content\/uploads\/2023\/03\/Anna-Kappa--jpg.webp\",\"width\":1728,\"height\":851},{\"@type\":\"WebSite\",\"@id\":\"https:\/\/farmerrain.com\/#website\",\"url\":\"https:\/\/farmerrain.com\/\",\"name\":\"Farmerrain - H\u00e5llbara regnkl\u00e4der\",\"description\":\"Regnkl\u00e4der med fokus p\u00e5 h\u00e5llbarhet, funktionalitet och unik design.\",\"publisher\":{\"@id\":\"https:\/\/farmerrain.com\/#organization\"},\"potentialAction\":[{\"@type\":\"SearchAction\",\"target\":{\"@type\":\"EntryPoint\",\"urlTemplate\":\"https:\/\/farmerrain.com\/?s={search_term_string}\"},\"query-input\":{\"@type\":\"PropertyValueSpecification\",\"valueRequired\":true,\"valueName\":\"search_term_string\"}}],\"inLanguage\":\"en-US\"},{\"@type\":\"Organization\",\"@id\":\"https:\/\/farmerrain.com\/#organization\",\"name\":\"Farmerrain\",\"url\":\"https:\/\/farmerrain.com\/\",\"logo\":{\"@type\":\"ImageObject\",\"inLanguage\":\"en-US\",\"@id\":\"https:\/\/farmerrain.com\/#\/schema\/logo\/image\/\",\"url\":\"https:\/\/farmerrain.com\/wp-content\/uploads\/2023\/03\/fr_logo.png\",\"contentUrl\":\"https:\/\/farmerrain.com\/wp-content\/uploads\/2023\/03\/fr_logo.png\",\"width\":179,\"height\":23,\"caption\":\"Farmerrain\"},\"image\":{\"@id\":\"https:\/\/farmerrain.com\/#\/schema\/logo\/image\/\"},\"sameAs\":[\"https:\/\/www.facebook.com\/people\/Farmerrain\/100063463901438\/\"]}]}<\/script>\n<!-- \/ Yoast SEO plugin. -->","yoast_head_json":{"title":"Contact us | Farmerrain - H\u00e5llbara regnkl\u00e4der","description":"Farmerrain Customer service: support@farmerrain.com Tel: +46471-22065 (weekdays between 10:00-17:00) Company information: Svenska Regnkl\u00e4ds Aktiebolaget","robots":{"index":"index","follow":"follow","max-snippet":"max-snippet:-1","max-image-preview":"max-image-preview:large","max-video-preview":"max-video-preview:-1"},"canonical":"https:\/\/farmerrain.com\/en\/contact-us\/","og_locale":"en_US","og_type":"article","og_title":"Contact us | Farmerrain - H\u00e5llbara regnkl\u00e4der","og_description":"Farmerrain Customer service: support@farmerrain.com Tel: +46471-22065 (weekdays between 10:00-17:00) Company information: Svenska Regnkl\u00e4ds Aktiebolaget","og_url":"https:\/\/farmerrain.com\/en\/contact-us\/","og_site_name":"Farmerrain - H\u00e5llbara regnkl\u00e4der","article_publisher":"https:\/\/www.facebook.com\/people\/Farmerrain\/100063463901438\/","article_modified_time":"2023-03-21T13:33:11+00:00","og_image":[{"width":1728,"height":851,"url":"https:\/\/farmerrain.com\/wp-content\/uploads\/2023\/03\/Anna-Kappa--jpg.webp","type":"image\/jpeg"}],"twitter_card":"summary_large_image","schema":{"@context":"https:\/\/schema.org","@graph":[{"@type":"WebPage","@id":"https:\/\/farmerrain.com\/en\/contact-us\/","url":"https:\/\/farmerrain.com\/en\/contact-us\/","name":"Contact us | Farmerrain - H\u00e5llbara regnkl\u00e4der","isPartOf":{"@id":"https:\/\/farmerrain.com\/#website"},"primaryImageOfPage":{"@id":"https:\/\/farmerrain.com\/en\/contact-us\/#primaryimage"},"image":{"@id":"https:\/\/farmerrain.com\/en\/contact-us\/#primaryimage"},"thumbnailUrl":"https:\/\/farmerrain.com\/wp-content\/uploads\/2023\/03\/Anna-Kappa--jpg.webp","datePublished":"2023-03-21T13:30:05+00:00","dateModified":"2023-03-21T13:33:11+00:00","description":"Farmerrain Customer service: support@farmerrain.com Tel: +46471-22065 (weekdays between 10:00-17:00) Company information: Svenska Regnkl\u00e4ds Aktiebolaget","inLanguage":"en-US","potentialAction":[{"@type":"ReadAction","target":["https:\/\/farmerrain.com\/en\/contact-us\/"]}]},{"@type":"ImageObject","inLanguage":"en-US","@id":"https:\/\/farmerrain.com\/en\/contact-us\/#primaryimage","url":"https:\/\/farmerrain.com\/wp-content\/uploads\/2023\/03\/Anna-Kappa--jpg.webp","contentUrl":"https:\/\/farmerrain.com\/wp-content\/uploads\/2023\/03\/Anna-Kappa--jpg.webp","width":1728,"height":851},{"@type":"WebSite","@id":"https:\/\/farmerrain.com\/#website","url":"https:\/\/farmerrain.com\/","name":"Farmerrain - H\u00e5llbara regnkl\u00e4der","description":"Regnkl\u00e4der med fokus p\u00e5 h\u00e5llbarhet, funktionalitet och unik design.","publisher":{"@id":"https:\/\/farmerrain.com\/#organization"},"potentialAction":[{"@type":"SearchAction","target":{"@type":"EntryPoint","urlTemplate":"https:\/\/farmerrain.com\/?s={search_term_string}"},"query-input":{"@type":"PropertyValueSpecification","valueRequired":true,"valueName":"search_term_string"}}],"inLanguage":"en-US"},{"@type":"Organization","@id":"https:\/\/farmerrain.com\/#organization","name":"Farmerrain","url":"https:\/\/farmerrain.com\/","logo":{"@type":"ImageObject","inLanguage":"en-US","@id":"https:\/\/farmerrain.com\/#\/schema\/logo\/image\/","url":"https:\/\/farmerrain.com\/wp-content\/uploads\/2023\/03\/fr_logo.png","contentUrl":"https:\/\/farmerrain.com\/wp-content\/uploads\/2023\/03\/fr_logo.png","width":179,"height":23,"caption":"Farmerrain"},"image":{"@id":"https:\/\/farmerrain.com\/#\/schema\/logo\/image\/"},"sameAs":["https:\/\/www.facebook.com\/people\/Farmerrain\/100063463901438\/"]}]}},"_links":{"self":[{"href":"https:\/\/farmerrain.com\/en\/wp-json\/wp\/v2\/pages\/42519","targetHints":{"allow":["GET"]}}],"collection":[{"href":"https:\/\/farmerrain.com\/en\/wp-json\/wp\/v2\/pages"}],"about":[{"href":"https:\/\/farmerrain.com\/en\/wp-json\/wp\/v2\/types\/page"}],"author":[{"embeddable":true,"href":"https:\/\/farmerrain.com\/en\/wp-json\/wp\/v2\/users\/2"}],"replies":[{"embeddable":true,"href":"https:\/\/farmerrain.com\/en\/wp-json\/wp\/v2\/comments?post=42519"}],"version-history":[{"count":0,"href":"https:\/\/farmerrain.com\/en\/wp-json\/wp\/v2\/pages\/42519\/revisions"}],"wp:featuredmedia":[{"embeddable":true,"href":"https:\/\/farmerrain.com\/en\/wp-json\/wp\/v2\/media\/42651"}],"wp:attachment":[{"href":"https:\/\/farmerrain.com\/en\/wp-json\/wp\/v2\/media?parent=42519"}],"curies":[{"name":"wp","href":"https:\/\/api.w.org\/{rel}","templated":true}]}}