{"id":42516,"date":"2023-03-21T13:30:05","date_gmt":"2023-03-21T12:30:05","guid":{"rendered":"https:\/\/farmerrain.com\/size-chart\/"},"modified":"2024-01-25T17:23:57","modified_gmt":"2024-01-25T17:23:57","slug":"size-chart","status":"publish","type":"page","link":"https:\/\/farmerrain.com\/en\/size-chart\/","title":{"rendered":"Size chart"},"content":{"rendered":"<h2><img loading=\"lazy\" decoding=\"async\" class=\"alignnone wp-image-58245 size-large\" src=\"https:\/\/farmerrain.com\/wp-content\/uploads\/2024\/01\/Vikttabell-Engelska--980x693.jpg\" alt=\"\" width=\"980\" height=\"693\" srcset=\"https:\/\/farmerrain.com\/wp-content\/uploads\/2024\/01\/Vikttabell-Engelska--980x693.jpg 980w, https:\/\/farmerrain.com\/wp-content\/uploads\/2024\/01\/Vikttabell-Engelska--490x346.jpg 490w, https:\/\/farmerrain.com\/wp-content\/uploads\/2024\/01\/Vikttabell-Engelska--768x543.jpg 768w, https:\/\/farmerrain.com\/wp-content\/uploads\/2024\/01\/Vikttabell-Engelska--1536x1086.jpg 1536w, https:\/\/farmerrain.com\/wp-content\/uploads\/2024\/01\/Vikttabell-Engelska--2048x1448.jpg 2048w, https:\/\/farmerrain.com\/wp-content\/uploads\/2024\/01\/Vikttabell-Engelska--600x424.jpg 600w\" sizes=\"auto, (max-width: 980px) 100vw, 980px\" \/><\/h2>\n<h2><\/h2>\n<h2><\/h2>\n<h2>Our size chart<\/h2>\n<p>Our rainwear except our rain jeans are made in unisex sizes and are therefore intended to fit both men and women. When you choosing your size it\u00b4s important to be aware that the size may be slightly larger in fit because it\u00b4s designed to fit both genders.<\/p>\n<p>It can be useful to check the size chart found on almost all of our product pages to find the right size for you. It&#8217;s also good to keep in mind that unisex sizes may have a different fit than gender specific sizes, so it might be a good idea to take that into account when choosing your size.<\/p>\n<p>Southwest Grund\u00e9ns<\/p>\n<p style=\"text-align: left;\">XS: 44 (Male)<br \/>\nS: 46 (Male)<br \/>\nM: 48-50 (Male)<br \/>\nL: 52-54 (Male)<br \/>\nXL: 56-58 (Male)<br \/>\n2XL: 60-62 (Male)<\/p>\n<p class=\"woocommerce-loop-product__title\" style=\"text-align: left;\">SOUTHWEST AJ PROS<\/p>\n<p style=\"text-align: left;\">S: 55-56<br \/>\nM: 57-58<br \/>\nL: 59-60<br \/>\nXL: 61-62<br \/>\n2XL: 63-64<\/p>\n<p class=\"p1\">\n","protected":false},"excerpt":{"rendered":"<p>Our size chart Our rainwear except our rain jeans are made in unisex sizes and are therefore intended to fit both men and women. When you choosing your size it\u00b4s important to be aware that the size may be slightly larger in fit because it\u00b4s designed to fit both genders. It can be useful to [&hellip;]<\/p>\n","protected":false},"author":2,"featured_media":42847,"parent":0,"menu_order":0,"comment_status":"open","ping_status":"open","template":"","meta":{"_acf_changed":false,"footnotes":""},"class_list":["post-42516","page","type-page","status-publish","has-post-thumbnail","hentry"],"acf":[],"yoast_head":"<!-- This site is optimized with the Yoast SEO plugin v27.2 - https:\/\/yoast.com\/product\/yoast-seo-wordpress\/ -->\n<title>Size chart | Farmerrain - H\u00e5llbara regnkl\u00e4der<\/title>\n<meta name=\"description\" content=\"Our size chart Our rainwear except our rain jeans are made in unisex sizes and are therefore intended to fit both men and women. When you choosing your\" \/>\n<meta name=\"robots\" content=\"index, follow, max-snippet:-1, max-image-preview:large, max-video-preview:-1\" \/>\n<link rel=\"canonical\" href=\"https:\/\/farmerrain.com\/en\/size-chart\/\" \/>\n<meta property=\"og:locale\" content=\"en_US\" \/>\n<meta property=\"og:type\" content=\"article\" \/>\n<meta property=\"og:title\" content=\"Size chart | Farmerrain - H\u00e5llbara regnkl\u00e4der\" \/>\n<meta property=\"og:description\" content=\"Our size chart Our rainwear except our rain jeans are made in unisex sizes and are therefore intended to fit both men and women. When you choosing your\" \/>\n<meta property=\"og:url\" content=\"https:\/\/farmerrain.com\/en\/size-chart\/\" \/>\n<meta property=\"og:site_name\" content=\"Farmerrain - H\u00e5llbara regnkl\u00e4der\" \/>\n<meta property=\"article:publisher\" content=\"https:\/\/www.facebook.com\/people\/Farmerrain\/100063463901438\/\" \/>\n<meta property=\"article:modified_time\" content=\"2024-01-25T17:23:57+00:00\" \/>\n<meta property=\"og:image\" content=\"https:\/\/farmerrain.com\/wp-content\/uploads\/2023\/04\/277218638_652638915990805_6367093803437333302_n-kopia.jpeg\" \/>\n\t<meta property=\"og:image:width\" content=\"1920\" \/>\n\t<meta property=\"og:image:height\" content=\"1080\" \/>\n\t<meta property=\"og:image:type\" content=\"image\/jpeg\" \/>\n<meta name=\"twitter:card\" content=\"summary_large_image\" \/>\n<meta name=\"twitter:label1\" content=\"Est. reading time\" \/>\n\t<meta name=\"twitter:data1\" content=\"2 minutes\" \/>\n<script type=\"application\/ld+json\" class=\"yoast-schema-graph\">{\"@context\":\"https:\/\/schema.org\",\"@graph\":[{\"@type\":\"WebPage\",\"@id\":\"https:\/\/farmerrain.com\/en\/size-chart\/\",\"url\":\"https:\/\/farmerrain.com\/en\/size-chart\/\",\"name\":\"Size chart | Farmerrain - H\u00e5llbara regnkl\u00e4der\",\"isPartOf\":{\"@id\":\"https:\/\/farmerrain.com\/#website\"},\"primaryImageOfPage\":{\"@id\":\"https:\/\/farmerrain.com\/en\/size-chart\/#primaryimage\"},\"image\":{\"@id\":\"https:\/\/farmerrain.com\/en\/size-chart\/#primaryimage\"},\"thumbnailUrl\":\"https:\/\/farmerrain.com\/wp-content\/uploads\/2023\/04\/277218638_652638915990805_6367093803437333302_n-kopia.jpeg\",\"datePublished\":\"2023-03-21T12:30:05+00:00\",\"dateModified\":\"2024-01-25T17:23:57+00:00\",\"description\":\"Our size chart Our rainwear except our rain jeans are made in unisex sizes and are therefore intended to fit both men and women. When you choosing your\",\"inLanguage\":\"en-US\",\"potentialAction\":[{\"@type\":\"ReadAction\",\"target\":[\"https:\/\/farmerrain.com\/en\/size-chart\/\"]}]},{\"@type\":\"ImageObject\",\"inLanguage\":\"en-US\",\"@id\":\"https:\/\/farmerrain.com\/en\/size-chart\/#primaryimage\",\"url\":\"https:\/\/farmerrain.com\/wp-content\/uploads\/2023\/04\/277218638_652638915990805_6367093803437333302_n-kopia.jpeg\",\"contentUrl\":\"https:\/\/farmerrain.com\/wp-content\/uploads\/2023\/04\/277218638_652638915990805_6367093803437333302_n-kopia.jpeg\",\"width\":1920,\"height\":1080,\"caption\":\"M\u00f6rkh\u00e5rig tjej i r\u00f6d regnkappa sittandes p\u00e5 en solstol\"},{\"@type\":\"WebSite\",\"@id\":\"https:\/\/farmerrain.com\/#website\",\"url\":\"https:\/\/farmerrain.com\/\",\"name\":\"Farmerrain - H\u00e5llbara regnkl\u00e4der\",\"description\":\"Regnkl\u00e4der med fokus p\u00e5 h\u00e5llbarhet, funktionalitet och unik design.\",\"publisher\":{\"@id\":\"https:\/\/farmerrain.com\/#organization\"},\"potentialAction\":[{\"@type\":\"SearchAction\",\"target\":{\"@type\":\"EntryPoint\",\"urlTemplate\":\"https:\/\/farmerrain.com\/?s={search_term_string}\"},\"query-input\":{\"@type\":\"PropertyValueSpecification\",\"valueRequired\":true,\"valueName\":\"search_term_string\"}}],\"inLanguage\":\"en-US\"},{\"@type\":\"Organization\",\"@id\":\"https:\/\/farmerrain.com\/#organization\",\"name\":\"Farmerrain\",\"url\":\"https:\/\/farmerrain.com\/\",\"logo\":{\"@type\":\"ImageObject\",\"inLanguage\":\"en-US\",\"@id\":\"https:\/\/farmerrain.com\/#\/schema\/logo\/image\/\",\"url\":\"https:\/\/farmerrain.com\/wp-content\/uploads\/2023\/03\/fr_logo.png\",\"contentUrl\":\"https:\/\/farmerrain.com\/wp-content\/uploads\/2023\/03\/fr_logo.png\",\"width\":179,\"height\":23,\"caption\":\"Farmerrain\"},\"image\":{\"@id\":\"https:\/\/farmerrain.com\/#\/schema\/logo\/image\/\"},\"sameAs\":[\"https:\/\/www.facebook.com\/people\/Farmerrain\/100063463901438\/\"]}]}<\/script>\n<!-- \/ Yoast SEO plugin. -->","yoast_head_json":{"title":"Size chart | Farmerrain - H\u00e5llbara regnkl\u00e4der","description":"Our size chart Our rainwear except our rain jeans are made in unisex sizes and are therefore intended to fit both men and women. When you choosing your","robots":{"index":"index","follow":"follow","max-snippet":"max-snippet:-1","max-image-preview":"max-image-preview:large","max-video-preview":"max-video-preview:-1"},"canonical":"https:\/\/farmerrain.com\/en\/size-chart\/","og_locale":"en_US","og_type":"article","og_title":"Size chart | Farmerrain - H\u00e5llbara regnkl\u00e4der","og_description":"Our size chart Our rainwear except our rain jeans are made in unisex sizes and are therefore intended to fit both men and women. When you choosing your","og_url":"https:\/\/farmerrain.com\/en\/size-chart\/","og_site_name":"Farmerrain - H\u00e5llbara regnkl\u00e4der","article_publisher":"https:\/\/www.facebook.com\/people\/Farmerrain\/100063463901438\/","article_modified_time":"2024-01-25T17:23:57+00:00","og_image":[{"width":1920,"height":1080,"url":"https:\/\/farmerrain.com\/wp-content\/uploads\/2023\/04\/277218638_652638915990805_6367093803437333302_n-kopia.jpeg","type":"image\/jpeg"}],"twitter_card":"summary_large_image","twitter_misc":{"Est. reading time":"2 minutes"},"schema":{"@context":"https:\/\/schema.org","@graph":[{"@type":"WebPage","@id":"https:\/\/farmerrain.com\/en\/size-chart\/","url":"https:\/\/farmerrain.com\/en\/size-chart\/","name":"Size chart | Farmerrain - H\u00e5llbara regnkl\u00e4der","isPartOf":{"@id":"https:\/\/farmerrain.com\/#website"},"primaryImageOfPage":{"@id":"https:\/\/farmerrain.com\/en\/size-chart\/#primaryimage"},"image":{"@id":"https:\/\/farmerrain.com\/en\/size-chart\/#primaryimage"},"thumbnailUrl":"https:\/\/farmerrain.com\/wp-content\/uploads\/2023\/04\/277218638_652638915990805_6367093803437333302_n-kopia.jpeg","datePublished":"2023-03-21T12:30:05+00:00","dateModified":"2024-01-25T17:23:57+00:00","description":"Our size chart Our rainwear except our rain jeans are made in unisex sizes and are therefore intended to fit both men and women. When you choosing your","inLanguage":"en-US","potentialAction":[{"@type":"ReadAction","target":["https:\/\/farmerrain.com\/en\/size-chart\/"]}]},{"@type":"ImageObject","inLanguage":"en-US","@id":"https:\/\/farmerrain.com\/en\/size-chart\/#primaryimage","url":"https:\/\/farmerrain.com\/wp-content\/uploads\/2023\/04\/277218638_652638915990805_6367093803437333302_n-kopia.jpeg","contentUrl":"https:\/\/farmerrain.com\/wp-content\/uploads\/2023\/04\/277218638_652638915990805_6367093803437333302_n-kopia.jpeg","width":1920,"height":1080,"caption":"M\u00f6rkh\u00e5rig tjej i r\u00f6d regnkappa sittandes p\u00e5 en solstol"},{"@type":"WebSite","@id":"https:\/\/farmerrain.com\/#website","url":"https:\/\/farmerrain.com\/","name":"Farmerrain - H\u00e5llbara regnkl\u00e4der","description":"Regnkl\u00e4der med fokus p\u00e5 h\u00e5llbarhet, funktionalitet och unik design.","publisher":{"@id":"https:\/\/farmerrain.com\/#organization"},"potentialAction":[{"@type":"SearchAction","target":{"@type":"EntryPoint","urlTemplate":"https:\/\/farmerrain.com\/?s={search_term_string}"},"query-input":{"@type":"PropertyValueSpecification","valueRequired":true,"valueName":"search_term_string"}}],"inLanguage":"en-US"},{"@type":"Organization","@id":"https:\/\/farmerrain.com\/#organization","name":"Farmerrain","url":"https:\/\/farmerrain.com\/","logo":{"@type":"ImageObject","inLanguage":"en-US","@id":"https:\/\/farmerrain.com\/#\/schema\/logo\/image\/","url":"https:\/\/farmerrain.com\/wp-content\/uploads\/2023\/03\/fr_logo.png","contentUrl":"https:\/\/farmerrain.com\/wp-content\/uploads\/2023\/03\/fr_logo.png","width":179,"height":23,"caption":"Farmerrain"},"image":{"@id":"https:\/\/farmerrain.com\/#\/schema\/logo\/image\/"},"sameAs":["https:\/\/www.facebook.com\/people\/Farmerrain\/100063463901438\/"]}]}},"_links":{"self":[{"href":"https:\/\/farmerrain.com\/en\/wp-json\/wp\/v2\/pages\/42516","targetHints":{"allow":["GET"]}}],"collection":[{"href":"https:\/\/farmerrain.com\/en\/wp-json\/wp\/v2\/pages"}],"about":[{"href":"https:\/\/farmerrain.com\/en\/wp-json\/wp\/v2\/types\/page"}],"author":[{"embeddable":true,"href":"https:\/\/farmerrain.com\/en\/wp-json\/wp\/v2\/users\/2"}],"replies":[{"embeddable":true,"href":"https:\/\/farmerrain.com\/en\/wp-json\/wp\/v2\/comments?post=42516"}],"version-history":[{"count":0,"href":"https:\/\/farmerrain.com\/en\/wp-json\/wp\/v2\/pages\/42516\/revisions"}],"wp:featuredmedia":[{"embeddable":true,"href":"https:\/\/farmerrain.com\/en\/wp-json\/wp\/v2\/media\/42847"}],"wp:attachment":[{"href":"https:\/\/farmerrain.com\/en\/wp-json\/wp\/v2\/media?parent=42516"}],"curies":[{"name":"wp","href":"https:\/\/api.w.org\/{rel}","templated":true}]}}