{"id":42508,"date":"2023-03-21T13:30:05","date_gmt":"2023-03-21T13:30:05","guid":{"rendered":"https:\/\/farmerrain.com\/our-material\/"},"modified":"2023-05-04T14:28:39","modified_gmt":"2023-05-04T14:28:39","slug":"our-material","status":"publish","type":"page","link":"https:\/\/farmerrain.com\/en\/our-material\/","title":{"rendered":"Our material"},"content":{"rendered":"<h2>Our material<\/h2>\n<p><img loading=\"lazy\" decoding=\"async\" class=\"size-full wp-image-6610 alignleft\" src=\"https:\/\/farmerrain.com\/wp-content\/uploads\/2023\/03\/Raintex1-jpg.webp\" alt=\"\" width=\"215\" height=\"91\" \/>Raintex Vinyl Coated nyloncharmeuse<\/p>\n<p>Total weight 470 grams per square meter<\/p>\n<p>Resistance to water penetration&gt; 20000 mm oil and temperature resistant<\/p>\n<p>&nbsp;<\/p>\n<p><img loading=\"lazy\" decoding=\"async\" class=\"size-full wp-image-6604 alignleft\" src=\"https:\/\/farmerrain.com\/wp-content\/uploads\/2023\/03\/Raintex-jpg.webp\" alt=\"\" width=\"215\" height=\"91\" \/>RainWex Vinyl Coated Cotton<\/p>\n<p>Total weight 480 grams per square meter<\/p>\n<p>Resistance to water penetration 17000 mm oil and temperature resistant<\/p>\n<p><img loading=\"lazy\" decoding=\"async\" class=\"size-full wp-image-6601 alignleft\" src=\"https:\/\/farmerrain.com\/wp-content\/uploads\/2023\/03\/Rainrex-jpg.webp\" alt=\"\" width=\"215\" height=\"91\" \/>RainRex lacquered vinyl-coated cotton<\/p>\n<p>Total weight 400 grams per square meter<\/p>\n<p>Resistance to water penetration&gt; 17000 mm<\/p>\n<p>&nbsp;<\/p>\n<p><img loading=\"lazy\" decoding=\"async\" class=\"size-full wp-image-6598 alignleft\" src=\"https:\/\/farmerrain.com\/wp-content\/uploads\/2023\/03\/Rainrex-Gloss-jpg.webp\" alt=\"\" width=\"215\" height=\"91\" \/>RainRex Blank lackerad vinylbelagd nyloncharmeuse<\/p>\n<p>Totalvikt 400 gram per kvadratmeter<\/p>\n<p>Motst\u00e5nd mot vattengenomtr\u00e4ngning &gt;17000 mm<\/p>\n<p>&nbsp;<\/p>\n<p><img loading=\"lazy\" decoding=\"async\" class=\"size-full wp-image-6595 alignleft\" src=\"https:\/\/farmerrain.com\/wp-content\/uploads\/2023\/03\/Rain-tartan-jpg.webp\" alt=\"\" width=\"215\" height=\"91\" \/>RainRex Glossy lacquered vinyl coated nyloncharmeuse<\/p>\n<p>Total weight 400 grams per square meter<\/p>\n<p>Resistance to water penetration&gt; 17000 mm<\/p>\n<p>&nbsp;<\/p>\n<p><img loading=\"lazy\" decoding=\"async\" class=\"size-full wp-image-6625 alignleft\" src=\"https:\/\/farmerrain.com\/wp-content\/uploads\/2023\/03\/Helox-1-jpg.webp\" alt=\"\" width=\"215\" height=\"91\" \/>RainTartan vinyl coated nyloncharameuse<\/p>\n<p>total weight of 330 grams per square meter<\/p>\n<p>Resistance to water penetration 17000 mm oil and temperature resistant<\/p>\n<p class=\"p1\">\t<div class=\"swiper pageSwiper\">\n\t\t<div class=\"swiper-wrapper\">\n\t\t\t\t\t\t\t\t<div class=\"swiper-slide\">\n\t\t\t\t\t\t<div class=\"background\">\n\t\t\t\t\t\t\t<img decoding=\"async\" class=\"background__image\" src=\"https:\/\/farmerrain.com\/wp-content\/uploads\/2023\/03\/Anna-Kappa--jpg.webp\" alt=\"\">\n\t\t\t\t\t\t<\/div>\n\t\t\t\t\t<\/div>\n\t\t\t\t\t\t\t<\/div>\n\t\t<div class=\"swiper-button-next\"><\/div>\n\t\t<div class=\"swiper-button-prev\"><\/div>\n\t\t<div class=\"swiper-pagination\"><\/div>\n\t<\/div><\/p>\n<p><strong>\u00c5LESUND<\/strong><\/p>\n<p>Vigra: PVC-coated polyester 330 g \/ m2 grease- and cold-resistant<\/p>\n<p>Doggerbank: Lacquered PVC coated cotton \/ polyester 480 g \/ m2 durable material for mechanical wear oil, grease and cold resistant<\/p>\n<p>&nbsp;<\/p>\n<p><strong>Guy Cotten<\/strong><\/p>\n<p>Nylpeche: High strength tear stop, polyester with double-sided PVC coating total weight 485 g \/ m2. Resistance to water penetration 13000 mm<\/p>\n<p>Cap-Coz: PVC-coated polyester weight 480 gr \/ m2 good insulating properties that reduce condensation. Resistance to water penetration 13000 mm<\/p>\n<p>&nbsp;<\/p>\n","protected":false},"excerpt":{"rendered":"<p>Our material Raintex Vinyl Coated nyloncharmeuse Total weight 470 grams per square meter Resistance to water penetration&gt; 20000 mm oil and temperature resistant &nbsp; RainWex Vinyl Coated Cotton Total weight 480 grams per square meter Resistance to water penetration 17000 mm oil and temperature resistant RainRex lacquered vinyl-coated cotton Total weight 400 grams per square [&hellip;]<\/p>\n","protected":false},"author":2,"featured_media":42285,"parent":0,"menu_order":0,"comment_status":"open","ping_status":"open","template":"","meta":{"_acf_changed":false,"footnotes":""},"class_list":["post-42508","page","type-page","status-publish","has-post-thumbnail","hentry"],"acf":[],"yoast_head":"<!-- This site is optimized with the Yoast SEO plugin v27.5 - https:\/\/yoast.com\/product\/yoast-seo-wordpress\/ -->\n<title>Our material | Farmerrain - H\u00e5llbara regnkl\u00e4der<\/title>\n<meta name=\"description\" content=\"Our material Raintex Vinyl Coated nyloncharmeuse Total weight 470 grams per square meter Resistance to water penetration&gt; 20000 mm oil and temperature\" \/>\n<meta name=\"robots\" content=\"index, follow, max-snippet:-1, max-image-preview:large, max-video-preview:-1\" \/>\n<link rel=\"canonical\" href=\"https:\/\/farmerrain.com\/en\/our-material\/\" \/>\n<meta property=\"og:locale\" content=\"en_US\" \/>\n<meta property=\"og:type\" content=\"article\" \/>\n<meta property=\"og:title\" content=\"Our material | Farmerrain - H\u00e5llbara regnkl\u00e4der\" \/>\n<meta property=\"og:description\" content=\"Our material Raintex Vinyl Coated nyloncharmeuse Total weight 470 grams per square meter Resistance to water penetration&gt; 20000 mm oil and temperature\" \/>\n<meta property=\"og:url\" content=\"https:\/\/farmerrain.com\/en\/our-material\/\" \/>\n<meta property=\"og:site_name\" content=\"Farmerrain - H\u00e5llbara regnkl\u00e4der\" \/>\n<meta property=\"article:publisher\" content=\"https:\/\/www.facebook.com\/people\/Farmerrain\/100063463901438\/\" \/>\n<meta property=\"article:modified_time\" content=\"2023-05-04T14:28:39+00:00\" \/>\n<meta property=\"og:image\" content=\"https:\/\/farmerrain.com\/wp-content\/uploads\/2023\/03\/subpage_wide-jpg.webp\" \/>\n\t<meta property=\"og:image:width\" content=\"1920\" \/>\n\t<meta property=\"og:image:height\" content=\"568\" \/>\n\t<meta property=\"og:image:type\" content=\"image\/jpeg\" \/>\n<meta name=\"twitter:card\" content=\"summary_large_image\" \/>\n<meta name=\"twitter:label1\" content=\"Est. reading time\" \/>\n\t<meta name=\"twitter:data1\" content=\"3 minutes\" \/>\n<script type=\"application\/ld+json\" class=\"yoast-schema-graph\">{\"@context\":\"https:\\\/\\\/schema.org\",\"@graph\":[{\"@type\":\"WebPage\",\"@id\":\"https:\\\/\\\/farmerrain.com\\\/en\\\/our-material\\\/\",\"url\":\"https:\\\/\\\/farmerrain.com\\\/en\\\/our-material\\\/\",\"name\":\"Our material | Farmerrain - H\u00e5llbara regnkl\u00e4der\",\"isPartOf\":{\"@id\":\"https:\\\/\\\/farmerrain.com\\\/#website\"},\"primaryImageOfPage\":{\"@id\":\"https:\\\/\\\/farmerrain.com\\\/en\\\/our-material\\\/#primaryimage\"},\"image\":{\"@id\":\"https:\\\/\\\/farmerrain.com\\\/en\\\/our-material\\\/#primaryimage\"},\"thumbnailUrl\":\"https:\\\/\\\/farmerrain.com\\\/wp-content\\\/uploads\\\/2023\\\/03\\\/subpage_wide-jpg.webp\",\"datePublished\":\"2023-03-21T13:30:05+00:00\",\"dateModified\":\"2023-05-04T14:28:39+00:00\",\"description\":\"Our material Raintex Vinyl Coated nyloncharmeuse Total weight 470 grams per square meter Resistance to water penetration&gt; 20000 mm oil and temperature\",\"inLanguage\":\"en-US\",\"potentialAction\":[{\"@type\":\"ReadAction\",\"target\":[\"https:\\\/\\\/farmerrain.com\\\/en\\\/our-material\\\/\"]}]},{\"@type\":\"ImageObject\",\"inLanguage\":\"en-US\",\"@id\":\"https:\\\/\\\/farmerrain.com\\\/en\\\/our-material\\\/#primaryimage\",\"url\":\"https:\\\/\\\/farmerrain.com\\\/wp-content\\\/uploads\\\/2023\\\/03\\\/subpage_wide-jpg.webp\",\"contentUrl\":\"https:\\\/\\\/farmerrain.com\\\/wp-content\\\/uploads\\\/2023\\\/03\\\/subpage_wide-jpg.webp\",\"width\":1920,\"height\":568},{\"@type\":\"WebSite\",\"@id\":\"https:\\\/\\\/farmerrain.com\\\/#website\",\"url\":\"https:\\\/\\\/farmerrain.com\\\/\",\"name\":\"Farmerrain - H\u00e5llbara regnkl\u00e4der\",\"description\":\"Regnkl\u00e4der med fokus p\u00e5 h\u00e5llbarhet, funktionalitet och unik design.\",\"publisher\":{\"@id\":\"https:\\\/\\\/farmerrain.com\\\/#organization\"},\"potentialAction\":[{\"@type\":\"SearchAction\",\"target\":{\"@type\":\"EntryPoint\",\"urlTemplate\":\"https:\\\/\\\/farmerrain.com\\\/?s={search_term_string}\"},\"query-input\":{\"@type\":\"PropertyValueSpecification\",\"valueRequired\":true,\"valueName\":\"search_term_string\"}}],\"inLanguage\":\"en-US\"},{\"@type\":\"Organization\",\"@id\":\"https:\\\/\\\/farmerrain.com\\\/#organization\",\"name\":\"Farmerrain\",\"url\":\"https:\\\/\\\/farmerrain.com\\\/\",\"logo\":{\"@type\":\"ImageObject\",\"inLanguage\":\"en-US\",\"@id\":\"https:\\\/\\\/farmerrain.com\\\/#\\\/schema\\\/logo\\\/image\\\/\",\"url\":\"https:\\\/\\\/farmerrain.com\\\/wp-content\\\/uploads\\\/2023\\\/03\\\/fr_logo.png\",\"contentUrl\":\"https:\\\/\\\/farmerrain.com\\\/wp-content\\\/uploads\\\/2023\\\/03\\\/fr_logo.png\",\"width\":179,\"height\":23,\"caption\":\"Farmerrain\"},\"image\":{\"@id\":\"https:\\\/\\\/farmerrain.com\\\/#\\\/schema\\\/logo\\\/image\\\/\"},\"sameAs\":[\"https:\\\/\\\/www.facebook.com\\\/people\\\/Farmerrain\\\/100063463901438\\\/\"]}]}<\/script>\n<!-- \/ Yoast SEO plugin. -->","yoast_head_json":{"title":"Our material | Farmerrain - H\u00e5llbara regnkl\u00e4der","description":"Our material Raintex Vinyl Coated nyloncharmeuse Total weight 470 grams per square meter Resistance to water penetration&gt; 20000 mm oil and temperature","robots":{"index":"index","follow":"follow","max-snippet":"max-snippet:-1","max-image-preview":"max-image-preview:large","max-video-preview":"max-video-preview:-1"},"canonical":"https:\/\/farmerrain.com\/en\/our-material\/","og_locale":"en_US","og_type":"article","og_title":"Our material | Farmerrain - H\u00e5llbara regnkl\u00e4der","og_description":"Our material Raintex Vinyl Coated nyloncharmeuse Total weight 470 grams per square meter Resistance to water penetration&gt; 20000 mm oil and temperature","og_url":"https:\/\/farmerrain.com\/en\/our-material\/","og_site_name":"Farmerrain - H\u00e5llbara regnkl\u00e4der","article_publisher":"https:\/\/www.facebook.com\/people\/Farmerrain\/100063463901438\/","article_modified_time":"2023-05-04T14:28:39+00:00","og_image":[{"width":1920,"height":568,"url":"https:\/\/farmerrain.com\/wp-content\/uploads\/2023\/03\/subpage_wide-jpg.webp","type":"image\/jpeg"}],"twitter_card":"summary_large_image","twitter_misc":{"Est. reading time":"3 minutes"},"schema":{"@context":"https:\/\/schema.org","@graph":[{"@type":"WebPage","@id":"https:\/\/farmerrain.com\/en\/our-material\/","url":"https:\/\/farmerrain.com\/en\/our-material\/","name":"Our material | Farmerrain - H\u00e5llbara regnkl\u00e4der","isPartOf":{"@id":"https:\/\/farmerrain.com\/#website"},"primaryImageOfPage":{"@id":"https:\/\/farmerrain.com\/en\/our-material\/#primaryimage"},"image":{"@id":"https:\/\/farmerrain.com\/en\/our-material\/#primaryimage"},"thumbnailUrl":"https:\/\/farmerrain.com\/wp-content\/uploads\/2023\/03\/subpage_wide-jpg.webp","datePublished":"2023-03-21T13:30:05+00:00","dateModified":"2023-05-04T14:28:39+00:00","description":"Our material Raintex Vinyl Coated nyloncharmeuse Total weight 470 grams per square meter Resistance to water penetration&gt; 20000 mm oil and temperature","inLanguage":"en-US","potentialAction":[{"@type":"ReadAction","target":["https:\/\/farmerrain.com\/en\/our-material\/"]}]},{"@type":"ImageObject","inLanguage":"en-US","@id":"https:\/\/farmerrain.com\/en\/our-material\/#primaryimage","url":"https:\/\/farmerrain.com\/wp-content\/uploads\/2023\/03\/subpage_wide-jpg.webp","contentUrl":"https:\/\/farmerrain.com\/wp-content\/uploads\/2023\/03\/subpage_wide-jpg.webp","width":1920,"height":568},{"@type":"WebSite","@id":"https:\/\/farmerrain.com\/#website","url":"https:\/\/farmerrain.com\/","name":"Farmerrain - H\u00e5llbara regnkl\u00e4der","description":"Regnkl\u00e4der med fokus p\u00e5 h\u00e5llbarhet, funktionalitet och unik design.","publisher":{"@id":"https:\/\/farmerrain.com\/#organization"},"potentialAction":[{"@type":"SearchAction","target":{"@type":"EntryPoint","urlTemplate":"https:\/\/farmerrain.com\/?s={search_term_string}"},"query-input":{"@type":"PropertyValueSpecification","valueRequired":true,"valueName":"search_term_string"}}],"inLanguage":"en-US"},{"@type":"Organization","@id":"https:\/\/farmerrain.com\/#organization","name":"Farmerrain","url":"https:\/\/farmerrain.com\/","logo":{"@type":"ImageObject","inLanguage":"en-US","@id":"https:\/\/farmerrain.com\/#\/schema\/logo\/image\/","url":"https:\/\/farmerrain.com\/wp-content\/uploads\/2023\/03\/fr_logo.png","contentUrl":"https:\/\/farmerrain.com\/wp-content\/uploads\/2023\/03\/fr_logo.png","width":179,"height":23,"caption":"Farmerrain"},"image":{"@id":"https:\/\/farmerrain.com\/#\/schema\/logo\/image\/"},"sameAs":["https:\/\/www.facebook.com\/people\/Farmerrain\/100063463901438\/"]}]}},"_links":{"self":[{"href":"https:\/\/farmerrain.com\/en\/wp-json\/wp\/v2\/pages\/42508","targetHints":{"allow":["GET"]}}],"collection":[{"href":"https:\/\/farmerrain.com\/en\/wp-json\/wp\/v2\/pages"}],"about":[{"href":"https:\/\/farmerrain.com\/en\/wp-json\/wp\/v2\/types\/page"}],"author":[{"embeddable":true,"href":"https:\/\/farmerrain.com\/en\/wp-json\/wp\/v2\/users\/2"}],"replies":[{"embeddable":true,"href":"https:\/\/farmerrain.com\/en\/wp-json\/wp\/v2\/comments?post=42508"}],"version-history":[{"count":0,"href":"https:\/\/farmerrain.com\/en\/wp-json\/wp\/v2\/pages\/42508\/revisions"}],"wp:featuredmedia":[{"embeddable":true,"href":"https:\/\/farmerrain.com\/en\/wp-json\/wp\/v2\/media\/42285"}],"wp:attachment":[{"href":"https:\/\/farmerrain.com\/en\/wp-json\/wp\/v2\/media?parent=42508"}],"curies":[{"name":"wp","href":"https:\/\/api.w.org\/{rel}","templated":true}]}}