{"id":39348,"date":"2022-11-29T12:09:23","date_gmt":"2022-11-29T11:09:23","guid":{"rendered":"https:\/\/farmerrain.com\/?page_id=39348"},"modified":"2026-04-19T15:15:22","modified_gmt":"2026-04-19T13:15:22","slug":"sample-page-2","status":"publish","type":"page","link":"https:\/\/farmerrain.com\/en\/","title":{"rendered":"Hem"},"content":{"rendered":"","protected":false},"excerpt":{"rendered":"<p>By buying rainwear from Farmerrain, you are investing in a sustainable and environmentally friendly product that not only keeps you dry on rainy days, it also helps to reduce the impact on our environment.<\/p>\n","protected":false},"author":2,"featured_media":41360,"parent":0,"menu_order":0,"comment_status":"closed","ping_status":"open","template":"","meta":{"_acf_changed":false,"footnotes":""},"class_list":["post-39348","page","type-page","status-publish","has-post-thumbnail","hentry"],"acf":[],"yoast_head":"<!-- This site is optimized with the Yoast SEO plugin v27.2 - https:\/\/yoast.com\/product\/yoast-seo-wordpress\/ -->\n<title>Hem | Farmerrain - H\u00e5llbara regnkl\u00e4der<\/title>\n<meta name=\"description\" content=\"Rainwear with focus on sustainability, functionality, and unique design. Rainwear from Farmerrain is a sustainable and environmentally friendly product.\" \/>\n<meta name=\"robots\" content=\"index, follow, max-snippet:-1, max-image-preview:large, max-video-preview:-1\" \/>\n<link rel=\"canonical\" href=\"https:\/\/farmerrain.com\/en\/\" \/>\n<meta property=\"og:locale\" content=\"en_US\" \/>\n<meta property=\"og:type\" content=\"article\" \/>\n<meta property=\"og:title\" content=\"Hem | Farmerrain - H\u00e5llbara regnkl\u00e4der\" \/>\n<meta property=\"og:description\" content=\"Rainwear with focus on sustainability, functionality, and unique design. Rainwear from Farmerrain is a sustainable and environmentally friendly product.\" \/>\n<meta property=\"og:url\" content=\"https:\/\/farmerrain.com\/en\/\" \/>\n<meta property=\"og:site_name\" content=\"Farmerrain - H\u00e5llbara regnkl\u00e4der\" \/>\n<meta property=\"article:publisher\" content=\"https:\/\/www.facebook.com\/people\/Farmerrain\/100063463901438\/\" \/>\n<meta property=\"article:modified_time\" content=\"2026-04-19T13:15:22+00:00\" \/>\n<meta property=\"og:image\" content=\"https:\/\/farmerrain.com\/wp-content\/uploads\/2023\/03\/Wilma_11-jpg.webp\" \/>\n\t<meta property=\"og:image:width\" content=\"1080\" \/>\n\t<meta property=\"og:image:height\" content=\"1350\" \/>\n\t<meta property=\"og:image:type\" content=\"image\/jpeg\" \/>\n<meta name=\"twitter:card\" content=\"summary_large_image\" \/>\n<meta name=\"twitter:label1\" content=\"Est. reading time\" \/>\n\t<meta name=\"twitter:data1\" content=\"1 minute\" \/>\n<script type=\"application\/ld+json\" class=\"yoast-schema-graph\">{\"@context\":\"https:\/\/schema.org\",\"@graph\":[{\"@type\":\"WebPage\",\"@id\":\"https:\/\/farmerrain.com\/en\/\",\"url\":\"https:\/\/farmerrain.com\/en\/\",\"name\":\"Hem | Farmerrain - H\u00e5llbara regnkl\u00e4der\",\"isPartOf\":{\"@id\":\"https:\/\/farmerrain.com\/#website\"},\"primaryImageOfPage\":{\"@id\":\"https:\/\/farmerrain.com\/en\/#primaryimage\"},\"image\":{\"@id\":\"https:\/\/farmerrain.com\/en\/#primaryimage\"},\"thumbnailUrl\":\"https:\/\/farmerrain.com\/wp-content\/uploads\/2023\/03\/Wilma_11-jpg.webp\",\"datePublished\":\"2022-11-29T11:09:23+00:00\",\"dateModified\":\"2026-04-19T13:15:22+00:00\",\"description\":\"Rainwear with focus on sustainability, functionality, and unique design. Rainwear from Farmerrain is a sustainable and environmentally friendly product.\",\"inLanguage\":\"en-US\",\"potentialAction\":[{\"@type\":\"ReadAction\",\"target\":[\"https:\/\/farmerrain.com\/en\/\"]}]},{\"@type\":\"ImageObject\",\"inLanguage\":\"en-US\",\"@id\":\"https:\/\/farmerrain.com\/en\/#primaryimage\",\"url\":\"https:\/\/farmerrain.com\/wp-content\/uploads\/2023\/03\/Wilma_11-jpg.webp\",\"contentUrl\":\"https:\/\/farmerrain.com\/wp-content\/uploads\/2023\/03\/Wilma_11-jpg.webp\",\"width\":1080,\"height\":1350},{\"@type\":\"WebSite\",\"@id\":\"https:\/\/farmerrain.com\/#website\",\"url\":\"https:\/\/farmerrain.com\/\",\"name\":\"Farmerrain - H\u00e5llbara regnkl\u00e4der\",\"description\":\"Regnkl\u00e4der med fokus p\u00e5 h\u00e5llbarhet, funktionalitet och unik design.\",\"publisher\":{\"@id\":\"https:\/\/farmerrain.com\/#organization\"},\"potentialAction\":[{\"@type\":\"SearchAction\",\"target\":{\"@type\":\"EntryPoint\",\"urlTemplate\":\"https:\/\/farmerrain.com\/?s={search_term_string}\"},\"query-input\":{\"@type\":\"PropertyValueSpecification\",\"valueRequired\":true,\"valueName\":\"search_term_string\"}}],\"inLanguage\":\"en-US\"},{\"@type\":\"Organization\",\"@id\":\"https:\/\/farmerrain.com\/#organization\",\"name\":\"Farmerrain\",\"url\":\"https:\/\/farmerrain.com\/\",\"logo\":{\"@type\":\"ImageObject\",\"inLanguage\":\"en-US\",\"@id\":\"https:\/\/farmerrain.com\/#\/schema\/logo\/image\/\",\"url\":\"https:\/\/farmerrain.com\/wp-content\/uploads\/2023\/03\/fr_logo.png\",\"contentUrl\":\"https:\/\/farmerrain.com\/wp-content\/uploads\/2023\/03\/fr_logo.png\",\"width\":179,\"height\":23,\"caption\":\"Farmerrain\"},\"image\":{\"@id\":\"https:\/\/farmerrain.com\/#\/schema\/logo\/image\/\"},\"sameAs\":[\"https:\/\/www.facebook.com\/people\/Farmerrain\/100063463901438\/\"]}]}<\/script>\n<!-- \/ Yoast SEO plugin. -->","yoast_head_json":{"title":"Hem | Farmerrain - H\u00e5llbara regnkl\u00e4der","description":"Rainwear with focus on sustainability, functionality, and unique design. Rainwear from Farmerrain is a sustainable and environmentally friendly product.","robots":{"index":"index","follow":"follow","max-snippet":"max-snippet:-1","max-image-preview":"max-image-preview:large","max-video-preview":"max-video-preview:-1"},"canonical":"https:\/\/farmerrain.com\/en\/","og_locale":"en_US","og_type":"article","og_title":"Hem | Farmerrain - H\u00e5llbara regnkl\u00e4der","og_description":"Rainwear with focus on sustainability, functionality, and unique design. Rainwear from Farmerrain is a sustainable and environmentally friendly product.","og_url":"https:\/\/farmerrain.com\/en\/","og_site_name":"Farmerrain - H\u00e5llbara regnkl\u00e4der","article_publisher":"https:\/\/www.facebook.com\/people\/Farmerrain\/100063463901438\/","article_modified_time":"2026-04-19T13:15:22+00:00","og_image":[{"width":1080,"height":1350,"url":"https:\/\/farmerrain.com\/wp-content\/uploads\/2023\/03\/Wilma_11-jpg.webp","type":"image\/jpeg"}],"twitter_card":"summary_large_image","twitter_misc":{"Est. reading time":"1 minute"},"schema":{"@context":"https:\/\/schema.org","@graph":[{"@type":"WebPage","@id":"https:\/\/farmerrain.com\/en\/","url":"https:\/\/farmerrain.com\/en\/","name":"Hem | Farmerrain - H\u00e5llbara regnkl\u00e4der","isPartOf":{"@id":"https:\/\/farmerrain.com\/#website"},"primaryImageOfPage":{"@id":"https:\/\/farmerrain.com\/en\/#primaryimage"},"image":{"@id":"https:\/\/farmerrain.com\/en\/#primaryimage"},"thumbnailUrl":"https:\/\/farmerrain.com\/wp-content\/uploads\/2023\/03\/Wilma_11-jpg.webp","datePublished":"2022-11-29T11:09:23+00:00","dateModified":"2026-04-19T13:15:22+00:00","description":"Rainwear with focus on sustainability, functionality, and unique design. Rainwear from Farmerrain is a sustainable and environmentally friendly product.","inLanguage":"en-US","potentialAction":[{"@type":"ReadAction","target":["https:\/\/farmerrain.com\/en\/"]}]},{"@type":"ImageObject","inLanguage":"en-US","@id":"https:\/\/farmerrain.com\/en\/#primaryimage","url":"https:\/\/farmerrain.com\/wp-content\/uploads\/2023\/03\/Wilma_11-jpg.webp","contentUrl":"https:\/\/farmerrain.com\/wp-content\/uploads\/2023\/03\/Wilma_11-jpg.webp","width":1080,"height":1350},{"@type":"WebSite","@id":"https:\/\/farmerrain.com\/#website","url":"https:\/\/farmerrain.com\/","name":"Farmerrain - H\u00e5llbara regnkl\u00e4der","description":"Regnkl\u00e4der med fokus p\u00e5 h\u00e5llbarhet, funktionalitet och unik design.","publisher":{"@id":"https:\/\/farmerrain.com\/#organization"},"potentialAction":[{"@type":"SearchAction","target":{"@type":"EntryPoint","urlTemplate":"https:\/\/farmerrain.com\/?s={search_term_string}"},"query-input":{"@type":"PropertyValueSpecification","valueRequired":true,"valueName":"search_term_string"}}],"inLanguage":"en-US"},{"@type":"Organization","@id":"https:\/\/farmerrain.com\/#organization","name":"Farmerrain","url":"https:\/\/farmerrain.com\/","logo":{"@type":"ImageObject","inLanguage":"en-US","@id":"https:\/\/farmerrain.com\/#\/schema\/logo\/image\/","url":"https:\/\/farmerrain.com\/wp-content\/uploads\/2023\/03\/fr_logo.png","contentUrl":"https:\/\/farmerrain.com\/wp-content\/uploads\/2023\/03\/fr_logo.png","width":179,"height":23,"caption":"Farmerrain"},"image":{"@id":"https:\/\/farmerrain.com\/#\/schema\/logo\/image\/"},"sameAs":["https:\/\/www.facebook.com\/people\/Farmerrain\/100063463901438\/"]}]}},"_links":{"self":[{"href":"https:\/\/farmerrain.com\/en\/wp-json\/wp\/v2\/pages\/39348","targetHints":{"allow":["GET"]}}],"collection":[{"href":"https:\/\/farmerrain.com\/en\/wp-json\/wp\/v2\/pages"}],"about":[{"href":"https:\/\/farmerrain.com\/en\/wp-json\/wp\/v2\/types\/page"}],"author":[{"embeddable":true,"href":"https:\/\/farmerrain.com\/en\/wp-json\/wp\/v2\/users\/2"}],"replies":[{"embeddable":true,"href":"https:\/\/farmerrain.com\/en\/wp-json\/wp\/v2\/comments?post=39348"}],"version-history":[{"count":5,"href":"https:\/\/farmerrain.com\/en\/wp-json\/wp\/v2\/pages\/39348\/revisions"}],"predecessor-version":[{"id":82246,"href":"https:\/\/farmerrain.com\/en\/wp-json\/wp\/v2\/pages\/39348\/revisions\/82246"}],"wp:featuredmedia":[{"embeddable":true,"href":"https:\/\/farmerrain.com\/en\/wp-json\/wp\/v2\/media\/41360"}],"wp:attachment":[{"href":"https:\/\/farmerrain.com\/en\/wp-json\/wp\/v2\/media?parent=39348"}],"curies":[{"name":"wp","href":"https:\/\/api.w.org\/{rel}","templated":true}]}}