{"id":81873,"date":"2026-04-08T20:49:04","date_gmt":"2026-04-08T18:49:04","guid":{"rendered":"https:\/\/farmerrain.com\/?post_type=product&#038;p=81873"},"modified":"2026-04-11T17:00:26","modified_gmt":"2026-04-11T15:00:26","slug":"bed-set","status":"publish","type":"product","link":"https:\/\/farmerrain.com\/de\/produkt\/bed-set\/","title":{"rendered":"Bed Set"},"content":{"rendered":"<p class=\"font-claude-response-body break-words whitespace-normal leading-[1.7]\">Das Rain Bed Set enth\u00e4lt ein Spannbettlaken, zwei Kissenbez\u00fcge und einen Bettbezug \u2013 alles aus Deadstock-Material gefertigt.<\/p>\n<p class=\"font-claude-response-body break-words whitespace-normal leading-[1.7]\">Elegant, leicht abzuwischen und \u00fcberraschend praktisch f\u00fcr den Alltag.<\/p>\n<p class=\"font-claude-response-body break-words whitespace-normal leading-[1.7]\">Perfekt, um Ihre Bettw\u00e4sche zu sch\u00fctzen, wenn der Hund nach einem schlammigen Spaziergang hochspringt.<\/p>\n<p class=\"font-claude-response-body break-words whitespace-normal leading-[1.7]\">Kein Stress mehr mit schmutzigen Pfoten \u2013 einfach abwischen und fertig.<\/p>\n<p class=\"font-claude-response-body break-words whitespace-normal leading-[1.7]\">Erh\u00e4ltlich in einer superlimitierten Deadstock-Edition.<\/p>\n<p>&nbsp;<\/p>\n<p>Gr\u00f6\u00dfe:<\/p>\n<p>Bettbezug 150 * <em>210 cm<\/em><\/p>\n<p><em> Kissenbezug\u00a0 50 * <\/em>60 cm<\/p>\n<p>Spannbettlaken 150* 260 cm<\/p>\n<p>&nbsp;<\/p>\n<p class=\"font-claude-response-body break-words whitespace-normal leading-[1.7]\"><strong>Material:<\/strong> Shiny Biovinyl 400 Gramm<\/p>\n","protected":false},"excerpt":{"rendered":"<p>Das Rain Bed Set enth\u00e4lt ein Spannbettlaken, zwei Kissenbez\u00fcge und einen Bettbezug \u2013 alles aus Deadstock-Material gefertigt. Elegant, leicht abzuwischen und \u00fcberraschend praktisch f\u00fcr den Alltag. Perfekt, um Ihre Bettw\u00e4sche zu sch\u00fctzen, wenn der Hund nach einem schlammigen Spaziergang hochspringt. Kein Stress mehr mit schmutzigen Pfoten \u2013 einfach abwischen und fertig. Erh\u00e4ltlich in einer superlimitierten [&hellip;]<\/p>\n","protected":false},"featured_media":81862,"comment_status":"open","ping_status":"closed","template":"","meta":{"_acf_changed":false},"product_brand":[],"product_cat":[1244,1319],"product_tag":[],"activity":[],"class_list":{"0":"post-81873","1":"product","2":"type-product","3":"status-publish","4":"has-post-thumbnail","6":"product_cat-accessoires","7":"product_cat-bed-cover-accessories","9":"first","10":"instock","11":"taxable","12":"shipping-taxable","13":"purchasable","14":"product-type-variable","15":"has-default-attributes","16":"rtwpvg-product","17":"rtwpvs-product"},"acf":[],"shsp-ext":{"main":{},"variations":[]},"yoast_head":"<!-- This site is optimized with the Yoast SEO plugin v27.2 - https:\/\/yoast.com\/product\/yoast-seo-wordpress\/ -->\n<title>Bed Set | Farmerrain - H\u00e5llbara regnkl\u00e4der<\/title>\n<meta name=\"description\" content=\"Das Rain Bed Set enth\u00e4lt ein Spannbettlaken, zwei Kissenbez\u00fcge und einen Bettbezug \u2013 alles aus Deadstock-Material gefertigt. Elegant, leicht abzuwischen\" \/>\n<meta name=\"robots\" content=\"index, follow, max-snippet:-1, max-image-preview:large, max-video-preview:-1\" \/>\n<link rel=\"canonical\" href=\"https:\/\/farmerrain.com\/de\/produkt\/bed-set\/\" \/>\n<meta property=\"og:locale\" content=\"de_DE\" \/>\n<meta property=\"og:type\" content=\"article\" \/>\n<meta property=\"og:title\" content=\"Bed Set | Farmerrain - H\u00e5llbara regnkl\u00e4der\" \/>\n<meta property=\"og:description\" content=\"Das Rain Bed Set enth\u00e4lt ein Spannbettlaken, zwei Kissenbez\u00fcge und einen Bettbezug \u2013 alles aus Deadstock-Material gefertigt. Elegant, leicht abzuwischen\" \/>\n<meta property=\"og:url\" content=\"https:\/\/farmerrain.com\/de\/produkt\/bed-set\/\" \/>\n<meta property=\"og:site_name\" content=\"Farmerrain - H\u00e5llbara regnkl\u00e4der\" \/>\n<meta property=\"article:publisher\" content=\"https:\/\/www.facebook.com\/people\/Farmerrain\/100063463901438\/\" \/>\n<meta property=\"article:modified_time\" content=\"2026-04-11T15:00:26+00:00\" \/>\n<meta property=\"og:image\" content=\"https:\/\/farmerrain.com\/wp-content\/uploads\/2026\/04\/Bed-1.jpg\" \/>\n\t<meta property=\"og:image:width\" content=\"1080\" \/>\n\t<meta property=\"og:image:height\" content=\"1350\" \/>\n\t<meta property=\"og:image:type\" content=\"image\/jpeg\" \/>\n<meta name=\"twitter:card\" content=\"summary_large_image\" \/>\n<meta name=\"twitter:label1\" content=\"Gesch\u00e4tzte Lesezeit\" \/>\n\t<meta name=\"twitter:data1\" content=\"1\u00a0Minute\" \/>\n<script type=\"application\/ld+json\" class=\"yoast-schema-graph\">{\"@context\":\"https:\/\/schema.org\",\"@graph\":[{\"@type\":\"WebPage\",\"@id\":\"https:\/\/farmerrain.com\/de\/produkt\/bed-set\/\",\"url\":\"https:\/\/farmerrain.com\/de\/produkt\/bed-set\/\",\"name\":\"Bed Set | Farmerrain - H\u00e5llbara regnkl\u00e4der\",\"isPartOf\":{\"@id\":\"https:\/\/farmerrain.com\/#website\"},\"primaryImageOfPage\":{\"@id\":\"https:\/\/farmerrain.com\/de\/produkt\/bed-set\/#primaryimage\"},\"image\":{\"@id\":\"https:\/\/farmerrain.com\/de\/produkt\/bed-set\/#primaryimage\"},\"thumbnailUrl\":\"https:\/\/farmerrain.com\/wp-content\/uploads\/2026\/04\/Bed-1.jpg\",\"datePublished\":\"2026-04-08T18:49:04+00:00\",\"dateModified\":\"2026-04-11T15:00:26+00:00\",\"description\":\"Das Rain Bed Set enth\u00e4lt ein Spannbettlaken, zwei Kissenbez\u00fcge und einen Bettbezug \u2013 alles aus Deadstock-Material gefertigt. Elegant, leicht abzuwischen\",\"breadcrumb\":{\"@id\":\"https:\/\/farmerrain.com\/de\/produkt\/bed-set\/#breadcrumb\"},\"inLanguage\":\"de\",\"potentialAction\":[{\"@type\":\"ReadAction\",\"target\":[\"https:\/\/farmerrain.com\/de\/produkt\/bed-set\/\"]}]},{\"@type\":\"ImageObject\",\"inLanguage\":\"de\",\"@id\":\"https:\/\/farmerrain.com\/de\/produkt\/bed-set\/#primaryimage\",\"url\":\"https:\/\/farmerrain.com\/wp-content\/uploads\/2026\/04\/Bed-1.jpg\",\"contentUrl\":\"https:\/\/farmerrain.com\/wp-content\/uploads\/2026\/04\/Bed-1.jpg\",\"width\":1080,\"height\":1350},{\"@type\":\"BreadcrumbList\",\"@id\":\"https:\/\/farmerrain.com\/de\/produkt\/bed-set\/#breadcrumb\",\"itemListElement\":[{\"@type\":\"ListItem\",\"position\":1,\"name\":\"Shop\",\"item\":\"https:\/\/farmerrain.com\/de\/shop-2\/\"},{\"@type\":\"ListItem\",\"position\":2,\"name\":\"Bed Set\"}]},{\"@type\":\"WebSite\",\"@id\":\"https:\/\/farmerrain.com\/#website\",\"url\":\"https:\/\/farmerrain.com\/\",\"name\":\"Farmerrain - H\u00e5llbara regnkl\u00e4der\",\"description\":\"Regnkl\u00e4der med fokus p\u00e5 h\u00e5llbarhet, funktionalitet och unik design.\",\"publisher\":{\"@id\":\"https:\/\/farmerrain.com\/#organization\"},\"potentialAction\":[{\"@type\":\"SearchAction\",\"target\":{\"@type\":\"EntryPoint\",\"urlTemplate\":\"https:\/\/farmerrain.com\/?s={search_term_string}\"},\"query-input\":{\"@type\":\"PropertyValueSpecification\",\"valueRequired\":true,\"valueName\":\"search_term_string\"}}],\"inLanguage\":\"de\"},{\"@type\":\"Organization\",\"@id\":\"https:\/\/farmerrain.com\/#organization\",\"name\":\"Farmerrain\",\"url\":\"https:\/\/farmerrain.com\/\",\"logo\":{\"@type\":\"ImageObject\",\"inLanguage\":\"de\",\"@id\":\"https:\/\/farmerrain.com\/#\/schema\/logo\/image\/\",\"url\":\"https:\/\/farmerrain.com\/wp-content\/uploads\/2023\/03\/fr_logo.png\",\"contentUrl\":\"https:\/\/farmerrain.com\/wp-content\/uploads\/2023\/03\/fr_logo.png\",\"width\":179,\"height\":23,\"caption\":\"Farmerrain\"},\"image\":{\"@id\":\"https:\/\/farmerrain.com\/#\/schema\/logo\/image\/\"},\"sameAs\":[\"https:\/\/www.facebook.com\/people\/Farmerrain\/100063463901438\/\"]}]}<\/script>\n<!-- \/ Yoast SEO plugin. -->","yoast_head_json":{"title":"Bed Set | Farmerrain - H\u00e5llbara regnkl\u00e4der","description":"Das Rain Bed Set enth\u00e4lt ein Spannbettlaken, zwei Kissenbez\u00fcge und einen Bettbezug \u2013 alles aus Deadstock-Material gefertigt. Elegant, leicht abzuwischen","robots":{"index":"index","follow":"follow","max-snippet":"max-snippet:-1","max-image-preview":"max-image-preview:large","max-video-preview":"max-video-preview:-1"},"canonical":"https:\/\/farmerrain.com\/de\/produkt\/bed-set\/","og_locale":"de_DE","og_type":"article","og_title":"Bed Set | Farmerrain - H\u00e5llbara regnkl\u00e4der","og_description":"Das Rain Bed Set enth\u00e4lt ein Spannbettlaken, zwei Kissenbez\u00fcge und einen Bettbezug \u2013 alles aus Deadstock-Material gefertigt. Elegant, leicht abzuwischen","og_url":"https:\/\/farmerrain.com\/de\/produkt\/bed-set\/","og_site_name":"Farmerrain - H\u00e5llbara regnkl\u00e4der","article_publisher":"https:\/\/www.facebook.com\/people\/Farmerrain\/100063463901438\/","article_modified_time":"2026-04-11T15:00:26+00:00","og_image":[{"width":1080,"height":1350,"url":"https:\/\/farmerrain.com\/wp-content\/uploads\/2026\/04\/Bed-1.jpg","type":"image\/jpeg"}],"twitter_card":"summary_large_image","twitter_misc":{"Gesch\u00e4tzte Lesezeit":"1\u00a0Minute"},"schema":{"@context":"https:\/\/schema.org","@graph":[{"@type":"WebPage","@id":"https:\/\/farmerrain.com\/de\/produkt\/bed-set\/","url":"https:\/\/farmerrain.com\/de\/produkt\/bed-set\/","name":"Bed Set | Farmerrain - H\u00e5llbara regnkl\u00e4der","isPartOf":{"@id":"https:\/\/farmerrain.com\/#website"},"primaryImageOfPage":{"@id":"https:\/\/farmerrain.com\/de\/produkt\/bed-set\/#primaryimage"},"image":{"@id":"https:\/\/farmerrain.com\/de\/produkt\/bed-set\/#primaryimage"},"thumbnailUrl":"https:\/\/farmerrain.com\/wp-content\/uploads\/2026\/04\/Bed-1.jpg","datePublished":"2026-04-08T18:49:04+00:00","dateModified":"2026-04-11T15:00:26+00:00","description":"Das Rain Bed Set enth\u00e4lt ein Spannbettlaken, zwei Kissenbez\u00fcge und einen Bettbezug \u2013 alles aus Deadstock-Material gefertigt. Elegant, leicht abzuwischen","breadcrumb":{"@id":"https:\/\/farmerrain.com\/de\/produkt\/bed-set\/#breadcrumb"},"inLanguage":"de","potentialAction":[{"@type":"ReadAction","target":["https:\/\/farmerrain.com\/de\/produkt\/bed-set\/"]}]},{"@type":"ImageObject","inLanguage":"de","@id":"https:\/\/farmerrain.com\/de\/produkt\/bed-set\/#primaryimage","url":"https:\/\/farmerrain.com\/wp-content\/uploads\/2026\/04\/Bed-1.jpg","contentUrl":"https:\/\/farmerrain.com\/wp-content\/uploads\/2026\/04\/Bed-1.jpg","width":1080,"height":1350},{"@type":"BreadcrumbList","@id":"https:\/\/farmerrain.com\/de\/produkt\/bed-set\/#breadcrumb","itemListElement":[{"@type":"ListItem","position":1,"name":"Shop","item":"https:\/\/farmerrain.com\/de\/shop-2\/"},{"@type":"ListItem","position":2,"name":"Bed Set"}]},{"@type":"WebSite","@id":"https:\/\/farmerrain.com\/#website","url":"https:\/\/farmerrain.com\/","name":"Farmerrain - H\u00e5llbara regnkl\u00e4der","description":"Regnkl\u00e4der med fokus p\u00e5 h\u00e5llbarhet, funktionalitet och unik design.","publisher":{"@id":"https:\/\/farmerrain.com\/#organization"},"potentialAction":[{"@type":"SearchAction","target":{"@type":"EntryPoint","urlTemplate":"https:\/\/farmerrain.com\/?s={search_term_string}"},"query-input":{"@type":"PropertyValueSpecification","valueRequired":true,"valueName":"search_term_string"}}],"inLanguage":"de"},{"@type":"Organization","@id":"https:\/\/farmerrain.com\/#organization","name":"Farmerrain","url":"https:\/\/farmerrain.com\/","logo":{"@type":"ImageObject","inLanguage":"de","@id":"https:\/\/farmerrain.com\/#\/schema\/logo\/image\/","url":"https:\/\/farmerrain.com\/wp-content\/uploads\/2023\/03\/fr_logo.png","contentUrl":"https:\/\/farmerrain.com\/wp-content\/uploads\/2023\/03\/fr_logo.png","width":179,"height":23,"caption":"Farmerrain"},"image":{"@id":"https:\/\/farmerrain.com\/#\/schema\/logo\/image\/"},"sameAs":["https:\/\/www.facebook.com\/people\/Farmerrain\/100063463901438\/"]}]}},"_links":{"self":[{"href":"https:\/\/farmerrain.com\/de\/wp-json\/wp\/v2\/product\/81873","targetHints":{"allow":["GET"]}}],"collection":[{"href":"https:\/\/farmerrain.com\/de\/wp-json\/wp\/v2\/product"}],"about":[{"href":"https:\/\/farmerrain.com\/de\/wp-json\/wp\/v2\/types\/product"}],"replies":[{"embeddable":true,"href":"https:\/\/farmerrain.com\/de\/wp-json\/wp\/v2\/comments?post=81873"}],"wp:featuredmedia":[{"embeddable":true,"href":"https:\/\/farmerrain.com\/de\/wp-json\/wp\/v2\/media\/81862"}],"wp:attachment":[{"href":"https:\/\/farmerrain.com\/de\/wp-json\/wp\/v2\/media?parent=81873"}],"wp:term":[{"taxonomy":"product_brand","embeddable":true,"href":"https:\/\/farmerrain.com\/de\/wp-json\/wp\/v2\/product_brand?post=81873"},{"taxonomy":"product_cat","embeddable":true,"href":"https:\/\/farmerrain.com\/de\/wp-json\/wp\/v2\/product_cat?post=81873"},{"taxonomy":"product_tag","embeddable":true,"href":"https:\/\/farmerrain.com\/de\/wp-json\/wp\/v2\/product_tag?post=81873"},{"taxonomy":"activity","embeddable":true,"href":"https:\/\/farmerrain.com\/de\/wp-json\/wp\/v2\/activity?post=81873"}],"curies":[{"name":"wp","href":"https:\/\/api.w.org\/{rel}","templated":true}]}}