{"id":81817,"date":"2026-04-08T16:17:14","date_gmt":"2026-04-08T14:17:14","guid":{"rendered":"https:\/\/farmerrain.com\/?post_type=product&#038;p=81817"},"modified":"2026-04-15T11:10:59","modified_gmt":"2026-04-15T09:10:59","slug":"classic-cape","status":"publish","type":"product","link":"https:\/\/farmerrain.com\/de\/produkt\/classic-cape\/","title":{"rendered":"Classic Cape"},"content":{"rendered":"<p class=\"font-claude-response-body break-words whitespace-normal leading-[1.7]\">Ein Cape in seiner reinsten Form.<\/p>\n<p class=\"font-claude-response-body break-words whitespace-normal leading-[1.7]\">Der Classic Cape ist Farmer Rains zeitlose Silhouette \u2013 gerade, strukturiert und mit Kn\u00f6pfen an der Vorderseite.<\/p>\n<p class=\"font-claude-response-body break-words whitespace-normal leading-[1.7]\">Die diskreten seitlichen Hand\u00f6ffnungen geben Ihnen volle Bewegungsfreiheit, ohne die klare Linie zu beeintr\u00e4chtigen.<\/p>\n<p class=\"font-claude-response-body break-words whitespace-normal leading-[1.7]\">Hergestellt aus Bio+ 430 Gramm.<\/p>\n","protected":false},"excerpt":{"rendered":"<p>Ein Cape in seiner reinsten Form. Der Classic Cape ist Farmer Rains zeitlose Silhouette \u2013 gerade, strukturiert und mit Kn\u00f6pfen an der Vorderseite. Die diskreten seitlichen Hand\u00f6ffnungen geben Ihnen volle Bewegungsfreiheit, ohne die klare Linie zu beeintr\u00e4chtigen. Hergestellt aus Bio+ 430 Gramm.<\/p>\n","protected":false},"featured_media":81708,"comment_status":"open","ping_status":"closed","template":"","meta":{"_acf_changed":false},"product_brand":[],"product_cat":[],"product_tag":[],"activity":[1144,1321,1323,1095],"class_list":{"0":"post-81817","1":"product","2":"type-product","3":"status-publish","4":"has-post-thumbnail","6":"activity-alltag-pendeln","7":"activity-cape-outdoor-und-natur","8":"activity-cape-alltag-und-pendeln","9":"activity-outdoor-natur","11":"first","12":"instock","13":"taxable","14":"shipping-taxable","15":"purchasable","16":"product-type-variable","17":"has-default-attributes","18":"rtwpvg-product","19":"rtwpvs-product"},"acf":[],"shsp-ext":{"main":{},"variations":[]},"yoast_head":"<!-- This site is optimized with the Yoast SEO plugin v27.2 - https:\/\/yoast.com\/product\/yoast-seo-wordpress\/ -->\n<title>Classic Cape | Farmerrain - H\u00e5llbara regnkl\u00e4der<\/title>\n<meta name=\"description\" content=\"Ein Cape in seiner reinsten Form. Der Classic Cape ist Farmer Rains zeitlose Silhouette \u2013 gerade, strukturiert und mit Kn\u00f6pfen an der Vorderseite. Die\" \/>\n<meta name=\"robots\" content=\"index, follow, max-snippet:-1, max-image-preview:large, max-video-preview:-1\" \/>\n<link rel=\"canonical\" href=\"https:\/\/farmerrain.com\/de\/produkt\/classic-cape\/\" \/>\n<meta property=\"og:locale\" content=\"de_DE\" \/>\n<meta property=\"og:type\" content=\"article\" \/>\n<meta property=\"og:title\" content=\"Classic Cape | Farmerrain - H\u00e5llbara regnkl\u00e4der\" \/>\n<meta property=\"og:description\" content=\"Ein Cape in seiner reinsten Form. Der Classic Cape ist Farmer Rains zeitlose Silhouette \u2013 gerade, strukturiert und mit Kn\u00f6pfen an der Vorderseite. Die\" \/>\n<meta property=\"og:url\" content=\"https:\/\/farmerrain.com\/de\/produkt\/classic-cape\/\" \/>\n<meta property=\"og:site_name\" content=\"Farmerrain - H\u00e5llbara regnkl\u00e4der\" \/>\n<meta property=\"article:publisher\" content=\"https:\/\/www.facebook.com\/people\/Farmerrain\/100063463901438\/\" \/>\n<meta property=\"article:modified_time\" content=\"2026-04-15T09:10:59+00:00\" \/>\n<meta property=\"og:image\" content=\"https:\/\/farmerrain.com\/wp-content\/uploads\/2026\/04\/E-och-E-415.jpg\" \/>\n\t<meta property=\"og:image:width\" content=\"1080\" \/>\n\t<meta property=\"og:image:height\" content=\"1350\" \/>\n\t<meta property=\"og:image:type\" content=\"image\/jpeg\" \/>\n<meta name=\"twitter:card\" content=\"summary_large_image\" \/>\n<meta name=\"twitter:label1\" content=\"Gesch\u00e4tzte Lesezeit\" \/>\n\t<meta name=\"twitter:data1\" content=\"1\u00a0Minute\" \/>\n<script type=\"application\/ld+json\" class=\"yoast-schema-graph\">{\"@context\":\"https:\/\/schema.org\",\"@graph\":[{\"@type\":\"WebPage\",\"@id\":\"https:\/\/farmerrain.com\/de\/produkt\/classic-cape\/\",\"url\":\"https:\/\/farmerrain.com\/de\/produkt\/classic-cape\/\",\"name\":\"Classic Cape | Farmerrain - H\u00e5llbara regnkl\u00e4der\",\"isPartOf\":{\"@id\":\"https:\/\/farmerrain.com\/#website\"},\"primaryImageOfPage\":{\"@id\":\"https:\/\/farmerrain.com\/de\/produkt\/classic-cape\/#primaryimage\"},\"image\":{\"@id\":\"https:\/\/farmerrain.com\/de\/produkt\/classic-cape\/#primaryimage\"},\"thumbnailUrl\":\"https:\/\/farmerrain.com\/wp-content\/uploads\/2026\/04\/E-och-E-415.jpg\",\"datePublished\":\"2026-04-08T14:17:14+00:00\",\"dateModified\":\"2026-04-15T09:10:59+00:00\",\"description\":\"Ein Cape in seiner reinsten Form. Der Classic Cape ist Farmer Rains zeitlose Silhouette \u2013 gerade, strukturiert und mit Kn\u00f6pfen an der Vorderseite. Die\",\"breadcrumb\":{\"@id\":\"https:\/\/farmerrain.com\/de\/produkt\/classic-cape\/#breadcrumb\"},\"inLanguage\":\"de\",\"potentialAction\":[{\"@type\":\"ReadAction\",\"target\":[\"https:\/\/farmerrain.com\/de\/produkt\/classic-cape\/\"]}]},{\"@type\":\"ImageObject\",\"inLanguage\":\"de\",\"@id\":\"https:\/\/farmerrain.com\/de\/produkt\/classic-cape\/#primaryimage\",\"url\":\"https:\/\/farmerrain.com\/wp-content\/uploads\/2026\/04\/E-och-E-415.jpg\",\"contentUrl\":\"https:\/\/farmerrain.com\/wp-content\/uploads\/2026\/04\/E-och-E-415.jpg\",\"width\":1080,\"height\":1350},{\"@type\":\"BreadcrumbList\",\"@id\":\"https:\/\/farmerrain.com\/de\/produkt\/classic-cape\/#breadcrumb\",\"itemListElement\":[{\"@type\":\"ListItem\",\"position\":1,\"name\":\"Shop\",\"item\":\"https:\/\/farmerrain.com\/de\/shop-2\/\"},{\"@type\":\"ListItem\",\"position\":2,\"name\":\"Classic Cape\"}]},{\"@type\":\"WebSite\",\"@id\":\"https:\/\/farmerrain.com\/#website\",\"url\":\"https:\/\/farmerrain.com\/\",\"name\":\"Farmerrain - H\u00e5llbara regnkl\u00e4der\",\"description\":\"Regnkl\u00e4der med fokus p\u00e5 h\u00e5llbarhet, funktionalitet och unik design.\",\"publisher\":{\"@id\":\"https:\/\/farmerrain.com\/#organization\"},\"potentialAction\":[{\"@type\":\"SearchAction\",\"target\":{\"@type\":\"EntryPoint\",\"urlTemplate\":\"https:\/\/farmerrain.com\/?s={search_term_string}\"},\"query-input\":{\"@type\":\"PropertyValueSpecification\",\"valueRequired\":true,\"valueName\":\"search_term_string\"}}],\"inLanguage\":\"de\"},{\"@type\":\"Organization\",\"@id\":\"https:\/\/farmerrain.com\/#organization\",\"name\":\"Farmerrain\",\"url\":\"https:\/\/farmerrain.com\/\",\"logo\":{\"@type\":\"ImageObject\",\"inLanguage\":\"de\",\"@id\":\"https:\/\/farmerrain.com\/#\/schema\/logo\/image\/\",\"url\":\"https:\/\/farmerrain.com\/wp-content\/uploads\/2023\/03\/fr_logo.png\",\"contentUrl\":\"https:\/\/farmerrain.com\/wp-content\/uploads\/2023\/03\/fr_logo.png\",\"width\":179,\"height\":23,\"caption\":\"Farmerrain\"},\"image\":{\"@id\":\"https:\/\/farmerrain.com\/#\/schema\/logo\/image\/\"},\"sameAs\":[\"https:\/\/www.facebook.com\/people\/Farmerrain\/100063463901438\/\"]}]}<\/script>\n<!-- \/ Yoast SEO plugin. -->","yoast_head_json":{"title":"Classic Cape | Farmerrain - H\u00e5llbara regnkl\u00e4der","description":"Ein Cape in seiner reinsten Form. Der Classic Cape ist Farmer Rains zeitlose Silhouette \u2013 gerade, strukturiert und mit Kn\u00f6pfen an der Vorderseite. Die","robots":{"index":"index","follow":"follow","max-snippet":"max-snippet:-1","max-image-preview":"max-image-preview:large","max-video-preview":"max-video-preview:-1"},"canonical":"https:\/\/farmerrain.com\/de\/produkt\/classic-cape\/","og_locale":"de_DE","og_type":"article","og_title":"Classic Cape | Farmerrain - H\u00e5llbara regnkl\u00e4der","og_description":"Ein Cape in seiner reinsten Form. Der Classic Cape ist Farmer Rains zeitlose Silhouette \u2013 gerade, strukturiert und mit Kn\u00f6pfen an der Vorderseite. Die","og_url":"https:\/\/farmerrain.com\/de\/produkt\/classic-cape\/","og_site_name":"Farmerrain - H\u00e5llbara regnkl\u00e4der","article_publisher":"https:\/\/www.facebook.com\/people\/Farmerrain\/100063463901438\/","article_modified_time":"2026-04-15T09:10:59+00:00","og_image":[{"width":1080,"height":1350,"url":"https:\/\/farmerrain.com\/wp-content\/uploads\/2026\/04\/E-och-E-415.jpg","type":"image\/jpeg"}],"twitter_card":"summary_large_image","twitter_misc":{"Gesch\u00e4tzte Lesezeit":"1\u00a0Minute"},"schema":{"@context":"https:\/\/schema.org","@graph":[{"@type":"WebPage","@id":"https:\/\/farmerrain.com\/de\/produkt\/classic-cape\/","url":"https:\/\/farmerrain.com\/de\/produkt\/classic-cape\/","name":"Classic Cape | Farmerrain - H\u00e5llbara regnkl\u00e4der","isPartOf":{"@id":"https:\/\/farmerrain.com\/#website"},"primaryImageOfPage":{"@id":"https:\/\/farmerrain.com\/de\/produkt\/classic-cape\/#primaryimage"},"image":{"@id":"https:\/\/farmerrain.com\/de\/produkt\/classic-cape\/#primaryimage"},"thumbnailUrl":"https:\/\/farmerrain.com\/wp-content\/uploads\/2026\/04\/E-och-E-415.jpg","datePublished":"2026-04-08T14:17:14+00:00","dateModified":"2026-04-15T09:10:59+00:00","description":"Ein Cape in seiner reinsten Form. Der Classic Cape ist Farmer Rains zeitlose Silhouette \u2013 gerade, strukturiert und mit Kn\u00f6pfen an der Vorderseite. Die","breadcrumb":{"@id":"https:\/\/farmerrain.com\/de\/produkt\/classic-cape\/#breadcrumb"},"inLanguage":"de","potentialAction":[{"@type":"ReadAction","target":["https:\/\/farmerrain.com\/de\/produkt\/classic-cape\/"]}]},{"@type":"ImageObject","inLanguage":"de","@id":"https:\/\/farmerrain.com\/de\/produkt\/classic-cape\/#primaryimage","url":"https:\/\/farmerrain.com\/wp-content\/uploads\/2026\/04\/E-och-E-415.jpg","contentUrl":"https:\/\/farmerrain.com\/wp-content\/uploads\/2026\/04\/E-och-E-415.jpg","width":1080,"height":1350},{"@type":"BreadcrumbList","@id":"https:\/\/farmerrain.com\/de\/produkt\/classic-cape\/#breadcrumb","itemListElement":[{"@type":"ListItem","position":1,"name":"Shop","item":"https:\/\/farmerrain.com\/de\/shop-2\/"},{"@type":"ListItem","position":2,"name":"Classic Cape"}]},{"@type":"WebSite","@id":"https:\/\/farmerrain.com\/#website","url":"https:\/\/farmerrain.com\/","name":"Farmerrain - H\u00e5llbara regnkl\u00e4der","description":"Regnkl\u00e4der med fokus p\u00e5 h\u00e5llbarhet, funktionalitet och unik design.","publisher":{"@id":"https:\/\/farmerrain.com\/#organization"},"potentialAction":[{"@type":"SearchAction","target":{"@type":"EntryPoint","urlTemplate":"https:\/\/farmerrain.com\/?s={search_term_string}"},"query-input":{"@type":"PropertyValueSpecification","valueRequired":true,"valueName":"search_term_string"}}],"inLanguage":"de"},{"@type":"Organization","@id":"https:\/\/farmerrain.com\/#organization","name":"Farmerrain","url":"https:\/\/farmerrain.com\/","logo":{"@type":"ImageObject","inLanguage":"de","@id":"https:\/\/farmerrain.com\/#\/schema\/logo\/image\/","url":"https:\/\/farmerrain.com\/wp-content\/uploads\/2023\/03\/fr_logo.png","contentUrl":"https:\/\/farmerrain.com\/wp-content\/uploads\/2023\/03\/fr_logo.png","width":179,"height":23,"caption":"Farmerrain"},"image":{"@id":"https:\/\/farmerrain.com\/#\/schema\/logo\/image\/"},"sameAs":["https:\/\/www.facebook.com\/people\/Farmerrain\/100063463901438\/"]}]}},"_links":{"self":[{"href":"https:\/\/farmerrain.com\/de\/wp-json\/wp\/v2\/product\/81817","targetHints":{"allow":["GET"]}}],"collection":[{"href":"https:\/\/farmerrain.com\/de\/wp-json\/wp\/v2\/product"}],"about":[{"href":"https:\/\/farmerrain.com\/de\/wp-json\/wp\/v2\/types\/product"}],"replies":[{"embeddable":true,"href":"https:\/\/farmerrain.com\/de\/wp-json\/wp\/v2\/comments?post=81817"}],"wp:featuredmedia":[{"embeddable":true,"href":"https:\/\/farmerrain.com\/de\/wp-json\/wp\/v2\/media\/81708"}],"wp:attachment":[{"href":"https:\/\/farmerrain.com\/de\/wp-json\/wp\/v2\/media?parent=81817"}],"wp:term":[{"taxonomy":"product_brand","embeddable":true,"href":"https:\/\/farmerrain.com\/de\/wp-json\/wp\/v2\/product_brand?post=81817"},{"taxonomy":"product_cat","embeddable":true,"href":"https:\/\/farmerrain.com\/de\/wp-json\/wp\/v2\/product_cat?post=81817"},{"taxonomy":"product_tag","embeddable":true,"href":"https:\/\/farmerrain.com\/de\/wp-json\/wp\/v2\/product_tag?post=81817"},{"taxonomy":"activity","embeddable":true,"href":"https:\/\/farmerrain.com\/de\/wp-json\/wp\/v2\/activity?post=81817"}],"curies":[{"name":"wp","href":"https:\/\/api.w.org\/{rel}","templated":true}]}}