{"id":80594,"date":"2026-02-21T15:48:41","date_gmt":"2026-02-21T14:48:41","guid":{"rendered":"https:\/\/farmerrain.com\/?post_type=product&#038;p=80594"},"modified":"2026-05-09T12:34:35","modified_gmt":"2026-05-09T10:34:35","slug":"glanzend-retro-mantel-kopia","status":"publish","type":"product","link":"https:\/\/farmerrain.com\/de\/produkt\/glanzend-retro-mantel-kopia\/","title":{"rendered":"Retro Mantel"},"content":{"rendered":"<p>Retro-Mantel mit praktischer Schildkapuze und Kordelzug mit Metall-Kordelstoppern.<\/p>\n<p>Druckkn\u00f6pfe vorne. Der G\u00fcrtel ist aus dem gleichen Material wie der Mantel.<\/p>\n<p>Doppelknopfleiste mit Sperrfunktion, die die Feuchtigkeit abh\u00e4lt<\/p>\n<p>Individuelle Einstellung an den \u00c4rmeln mit Druckkn\u00f6pfen.<\/p>\n<p>Zwei Taschen vorne.<\/p>\n<p>Verschwei\u00dfte N\u00e4the<\/p>\n<p>&nbsp;<\/p>\n<p>MATERIAL<\/p>\n<p>Atlas 400 gram<\/p>\n<p>&nbsp;<\/p>\n<p>&nbsp;<\/p>\n","protected":false},"excerpt":{"rendered":"<p>Retro-Mantel mit praktischer Schildkapuze und Kordelzug mit Metall-Kordelstoppern. Druckkn\u00f6pfe vorne. Der G\u00fcrtel ist aus dem gleichen Material wie der Mantel. Doppelknopfleiste mit Sperrfunktion, die die Feuchtigkeit abh\u00e4lt Individuelle Einstellung an den \u00c4rmeln mit Druckkn\u00f6pfen. Zwei Taschen vorne. Verschwei\u00dfte N\u00e4the &nbsp; MATERIAL Atlas 400 gram &nbsp; &nbsp;<\/p>\n","protected":false},"featured_media":80726,"comment_status":"open","ping_status":"closed","template":"","meta":{"_acf_changed":false},"product_brand":[],"product_cat":[1286,1296],"product_tag":[561],"activity":[1144,1154],"class_list":{"0":"post-80594","1":"product","2":"type-product","3":"status-publish","4":"has-post-thumbnail","6":"product_cat-regenbekleidung","7":"product_cat-regenbekleidung-regenmaentel","8":"product_tag-mode-de","9":"activity-alltag-pendeln","10":"activity-regenmantel-alltag-and-pendeln","12":"first","13":"instock","14":"taxable","15":"shipping-taxable","16":"purchasable","17":"product-type-variable","18":"has-default-attributes","19":"rtwpvg-product","20":"rtwpvs-product"},"acf":[],"shsp-ext":{"main":{},"variations":[]},"yoast_head":"<!-- This site is optimized with the Yoast SEO plugin v27.5 - https:\/\/yoast.com\/product\/yoast-seo-wordpress\/ -->\n<title>Retro Mantel | Farmerrain - H\u00e5llbara regnkl\u00e4der<\/title>\n<meta name=\"description\" content=\"Retro-Mantel mit praktischer Schildkapuze und Kordelzug mit Metall-Kordelstoppern. Druckkn\u00f6pfe vorne. Der G\u00fcrtel ist aus dem gleichen Material wie der\" \/>\n<meta name=\"robots\" content=\"index, follow, max-snippet:-1, max-image-preview:large, max-video-preview:-1\" \/>\n<link rel=\"canonical\" href=\"https:\/\/farmerrain.com\/de\/produkt\/glanzend-retro-mantel-kopia\/\" \/>\n<meta property=\"og:locale\" content=\"de_DE\" \/>\n<meta property=\"og:type\" content=\"article\" \/>\n<meta property=\"og:title\" content=\"Retro Mantel | Farmerrain - H\u00e5llbara regnkl\u00e4der\" \/>\n<meta property=\"og:description\" content=\"Retro-Mantel mit praktischer Schildkapuze und Kordelzug mit Metall-Kordelstoppern. Druckkn\u00f6pfe vorne. Der G\u00fcrtel ist aus dem gleichen Material wie der\" \/>\n<meta property=\"og:url\" content=\"https:\/\/farmerrain.com\/de\/produkt\/glanzend-retro-mantel-kopia\/\" \/>\n<meta property=\"og:site_name\" content=\"Farmerrain - H\u00e5llbara regnkl\u00e4der\" \/>\n<meta property=\"article:publisher\" content=\"https:\/\/www.facebook.com\/people\/Farmerrain\/100063463901438\/\" \/>\n<meta property=\"article:modified_time\" content=\"2026-05-09T10:34:35+00:00\" \/>\n<meta property=\"og:image\" content=\"https:\/\/farmerrain.com\/wp-content\/uploads\/2026\/02\/DSC4817-980x1470.jpg\" \/>\n\t<meta property=\"og:image:width\" content=\"980\" \/>\n\t<meta property=\"og:image:height\" content=\"1470\" \/>\n\t<meta property=\"og:image:type\" content=\"image\/jpeg\" \/>\n<meta name=\"twitter:card\" content=\"summary_large_image\" \/>\n<meta name=\"twitter:label1\" content=\"Gesch\u00e4tzte Lesezeit\" \/>\n\t<meta name=\"twitter:data1\" content=\"1\u00a0Minute\" \/>\n<script type=\"application\/ld+json\" class=\"yoast-schema-graph\">{\"@context\":\"https:\\\/\\\/schema.org\",\"@graph\":[{\"@type\":\"WebPage\",\"@id\":\"https:\\\/\\\/farmerrain.com\\\/de\\\/produkt\\\/glanzend-retro-mantel-kopia\\\/\",\"url\":\"https:\\\/\\\/farmerrain.com\\\/de\\\/produkt\\\/glanzend-retro-mantel-kopia\\\/\",\"name\":\"Retro Mantel | Farmerrain - H\u00e5llbara regnkl\u00e4der\",\"isPartOf\":{\"@id\":\"https:\\\/\\\/farmerrain.com\\\/#website\"},\"primaryImageOfPage\":{\"@id\":\"https:\\\/\\\/farmerrain.com\\\/de\\\/produkt\\\/glanzend-retro-mantel-kopia\\\/#primaryimage\"},\"image\":{\"@id\":\"https:\\\/\\\/farmerrain.com\\\/de\\\/produkt\\\/glanzend-retro-mantel-kopia\\\/#primaryimage\"},\"thumbnailUrl\":\"https:\\\/\\\/farmerrain.com\\\/wp-content\\\/uploads\\\/2026\\\/02\\\/DSC4817.jpg\",\"datePublished\":\"2026-02-21T14:48:41+00:00\",\"dateModified\":\"2026-05-09T10:34:35+00:00\",\"description\":\"Retro-Mantel mit praktischer Schildkapuze und Kordelzug mit Metall-Kordelstoppern. Druckkn\u00f6pfe vorne. Der G\u00fcrtel ist aus dem gleichen Material wie der\",\"breadcrumb\":{\"@id\":\"https:\\\/\\\/farmerrain.com\\\/de\\\/produkt\\\/glanzend-retro-mantel-kopia\\\/#breadcrumb\"},\"inLanguage\":\"de\",\"potentialAction\":[{\"@type\":\"ReadAction\",\"target\":[\"https:\\\/\\\/farmerrain.com\\\/de\\\/produkt\\\/glanzend-retro-mantel-kopia\\\/\"]}]},{\"@type\":\"ImageObject\",\"inLanguage\":\"de\",\"@id\":\"https:\\\/\\\/farmerrain.com\\\/de\\\/produkt\\\/glanzend-retro-mantel-kopia\\\/#primaryimage\",\"url\":\"https:\\\/\\\/farmerrain.com\\\/wp-content\\\/uploads\\\/2026\\\/02\\\/DSC4817.jpg\",\"contentUrl\":\"https:\\\/\\\/farmerrain.com\\\/wp-content\\\/uploads\\\/2026\\\/02\\\/DSC4817.jpg\",\"width\":5504,\"height\":8256,\"caption\":\"ASCII\"},{\"@type\":\"BreadcrumbList\",\"@id\":\"https:\\\/\\\/farmerrain.com\\\/de\\\/produkt\\\/glanzend-retro-mantel-kopia\\\/#breadcrumb\",\"itemListElement\":[{\"@type\":\"ListItem\",\"position\":1,\"name\":\"Shop\",\"item\":\"https:\\\/\\\/farmerrain.com\\\/de\\\/shop-2\\\/\"},{\"@type\":\"ListItem\",\"position\":2,\"name\":\"Retro Mantel\"}]},{\"@type\":\"WebSite\",\"@id\":\"https:\\\/\\\/farmerrain.com\\\/#website\",\"url\":\"https:\\\/\\\/farmerrain.com\\\/\",\"name\":\"Farmerrain - H\u00e5llbara regnkl\u00e4der\",\"description\":\"Regnkl\u00e4der med fokus p\u00e5 h\u00e5llbarhet, funktionalitet och unik design.\",\"publisher\":{\"@id\":\"https:\\\/\\\/farmerrain.com\\\/#organization\"},\"potentialAction\":[{\"@type\":\"SearchAction\",\"target\":{\"@type\":\"EntryPoint\",\"urlTemplate\":\"https:\\\/\\\/farmerrain.com\\\/?s={search_term_string}\"},\"query-input\":{\"@type\":\"PropertyValueSpecification\",\"valueRequired\":true,\"valueName\":\"search_term_string\"}}],\"inLanguage\":\"de\"},{\"@type\":\"Organization\",\"@id\":\"https:\\\/\\\/farmerrain.com\\\/#organization\",\"name\":\"Farmerrain\",\"url\":\"https:\\\/\\\/farmerrain.com\\\/\",\"logo\":{\"@type\":\"ImageObject\",\"inLanguage\":\"de\",\"@id\":\"https:\\\/\\\/farmerrain.com\\\/#\\\/schema\\\/logo\\\/image\\\/\",\"url\":\"https:\\\/\\\/farmerrain.com\\\/wp-content\\\/uploads\\\/2023\\\/03\\\/fr_logo.png\",\"contentUrl\":\"https:\\\/\\\/farmerrain.com\\\/wp-content\\\/uploads\\\/2023\\\/03\\\/fr_logo.png\",\"width\":179,\"height\":23,\"caption\":\"Farmerrain\"},\"image\":{\"@id\":\"https:\\\/\\\/farmerrain.com\\\/#\\\/schema\\\/logo\\\/image\\\/\"},\"sameAs\":[\"https:\\\/\\\/www.facebook.com\\\/people\\\/Farmerrain\\\/100063463901438\\\/\"]}]}<\/script>\n<!-- \/ Yoast SEO plugin. -->","yoast_head_json":{"title":"Retro Mantel | Farmerrain - H\u00e5llbara regnkl\u00e4der","description":"Retro-Mantel mit praktischer Schildkapuze und Kordelzug mit Metall-Kordelstoppern. Druckkn\u00f6pfe vorne. Der G\u00fcrtel ist aus dem gleichen Material wie der","robots":{"index":"index","follow":"follow","max-snippet":"max-snippet:-1","max-image-preview":"max-image-preview:large","max-video-preview":"max-video-preview:-1"},"canonical":"https:\/\/farmerrain.com\/de\/produkt\/glanzend-retro-mantel-kopia\/","og_locale":"de_DE","og_type":"article","og_title":"Retro Mantel | Farmerrain - H\u00e5llbara regnkl\u00e4der","og_description":"Retro-Mantel mit praktischer Schildkapuze und Kordelzug mit Metall-Kordelstoppern. Druckkn\u00f6pfe vorne. Der G\u00fcrtel ist aus dem gleichen Material wie der","og_url":"https:\/\/farmerrain.com\/de\/produkt\/glanzend-retro-mantel-kopia\/","og_site_name":"Farmerrain - H\u00e5llbara regnkl\u00e4der","article_publisher":"https:\/\/www.facebook.com\/people\/Farmerrain\/100063463901438\/","article_modified_time":"2026-05-09T10:34:35+00:00","og_image":[{"width":980,"height":1470,"url":"https:\/\/farmerrain.com\/wp-content\/uploads\/2026\/02\/DSC4817-980x1470.jpg","type":"image\/jpeg"}],"twitter_card":"summary_large_image","twitter_misc":{"Gesch\u00e4tzte Lesezeit":"1\u00a0Minute"},"schema":{"@context":"https:\/\/schema.org","@graph":[{"@type":"WebPage","@id":"https:\/\/farmerrain.com\/de\/produkt\/glanzend-retro-mantel-kopia\/","url":"https:\/\/farmerrain.com\/de\/produkt\/glanzend-retro-mantel-kopia\/","name":"Retro Mantel | Farmerrain - H\u00e5llbara regnkl\u00e4der","isPartOf":{"@id":"https:\/\/farmerrain.com\/#website"},"primaryImageOfPage":{"@id":"https:\/\/farmerrain.com\/de\/produkt\/glanzend-retro-mantel-kopia\/#primaryimage"},"image":{"@id":"https:\/\/farmerrain.com\/de\/produkt\/glanzend-retro-mantel-kopia\/#primaryimage"},"thumbnailUrl":"https:\/\/farmerrain.com\/wp-content\/uploads\/2026\/02\/DSC4817.jpg","datePublished":"2026-02-21T14:48:41+00:00","dateModified":"2026-05-09T10:34:35+00:00","description":"Retro-Mantel mit praktischer Schildkapuze und Kordelzug mit Metall-Kordelstoppern. Druckkn\u00f6pfe vorne. Der G\u00fcrtel ist aus dem gleichen Material wie der","breadcrumb":{"@id":"https:\/\/farmerrain.com\/de\/produkt\/glanzend-retro-mantel-kopia\/#breadcrumb"},"inLanguage":"de","potentialAction":[{"@type":"ReadAction","target":["https:\/\/farmerrain.com\/de\/produkt\/glanzend-retro-mantel-kopia\/"]}]},{"@type":"ImageObject","inLanguage":"de","@id":"https:\/\/farmerrain.com\/de\/produkt\/glanzend-retro-mantel-kopia\/#primaryimage","url":"https:\/\/farmerrain.com\/wp-content\/uploads\/2026\/02\/DSC4817.jpg","contentUrl":"https:\/\/farmerrain.com\/wp-content\/uploads\/2026\/02\/DSC4817.jpg","width":5504,"height":8256,"caption":"ASCII"},{"@type":"BreadcrumbList","@id":"https:\/\/farmerrain.com\/de\/produkt\/glanzend-retro-mantel-kopia\/#breadcrumb","itemListElement":[{"@type":"ListItem","position":1,"name":"Shop","item":"https:\/\/farmerrain.com\/de\/shop-2\/"},{"@type":"ListItem","position":2,"name":"Retro Mantel"}]},{"@type":"WebSite","@id":"https:\/\/farmerrain.com\/#website","url":"https:\/\/farmerrain.com\/","name":"Farmerrain - H\u00e5llbara regnkl\u00e4der","description":"Regnkl\u00e4der med fokus p\u00e5 h\u00e5llbarhet, funktionalitet och unik design.","publisher":{"@id":"https:\/\/farmerrain.com\/#organization"},"potentialAction":[{"@type":"SearchAction","target":{"@type":"EntryPoint","urlTemplate":"https:\/\/farmerrain.com\/?s={search_term_string}"},"query-input":{"@type":"PropertyValueSpecification","valueRequired":true,"valueName":"search_term_string"}}],"inLanguage":"de"},{"@type":"Organization","@id":"https:\/\/farmerrain.com\/#organization","name":"Farmerrain","url":"https:\/\/farmerrain.com\/","logo":{"@type":"ImageObject","inLanguage":"de","@id":"https:\/\/farmerrain.com\/#\/schema\/logo\/image\/","url":"https:\/\/farmerrain.com\/wp-content\/uploads\/2023\/03\/fr_logo.png","contentUrl":"https:\/\/farmerrain.com\/wp-content\/uploads\/2023\/03\/fr_logo.png","width":179,"height":23,"caption":"Farmerrain"},"image":{"@id":"https:\/\/farmerrain.com\/#\/schema\/logo\/image\/"},"sameAs":["https:\/\/www.facebook.com\/people\/Farmerrain\/100063463901438\/"]}]}},"_links":{"self":[{"href":"https:\/\/farmerrain.com\/de\/wp-json\/wp\/v2\/product\/80594","targetHints":{"allow":["GET"]}}],"collection":[{"href":"https:\/\/farmerrain.com\/de\/wp-json\/wp\/v2\/product"}],"about":[{"href":"https:\/\/farmerrain.com\/de\/wp-json\/wp\/v2\/types\/product"}],"replies":[{"embeddable":true,"href":"https:\/\/farmerrain.com\/de\/wp-json\/wp\/v2\/comments?post=80594"}],"wp:featuredmedia":[{"embeddable":true,"href":"https:\/\/farmerrain.com\/de\/wp-json\/wp\/v2\/media\/80726"}],"wp:attachment":[{"href":"https:\/\/farmerrain.com\/de\/wp-json\/wp\/v2\/media?parent=80594"}],"wp:term":[{"taxonomy":"product_brand","embeddable":true,"href":"https:\/\/farmerrain.com\/de\/wp-json\/wp\/v2\/product_brand?post=80594"},{"taxonomy":"product_cat","embeddable":true,"href":"https:\/\/farmerrain.com\/de\/wp-json\/wp\/v2\/product_cat?post=80594"},{"taxonomy":"product_tag","embeddable":true,"href":"https:\/\/farmerrain.com\/de\/wp-json\/wp\/v2\/product_tag?post=80594"},{"taxonomy":"activity","embeddable":true,"href":"https:\/\/farmerrain.com\/de\/wp-json\/wp\/v2\/activity?post=80594"}],"curies":[{"name":"wp","href":"https:\/\/api.w.org\/{rel}","templated":true}]}}