{"id":80214,"date":"2026-02-01T19:37:43","date_gmt":"2026-02-01T18:37:43","guid":{"rendered":"https:\/\/farmerrain.com\/?post_type=product&#038;p=80214"},"modified":"2026-04-15T16:01:41","modified_gmt":"2026-04-15T14:01:41","slug":"ask-jacke","status":"publish","type":"product","link":"https:\/\/farmerrain.com\/de\/produkt\/ask-jacke\/","title":{"rendered":"Ask Jacke"},"content":{"rendered":"<p>Segeljacke mit elastischen B\u00fcndchen an \u00c4rmeln und Saum.<\/p>\n<p>Zwei gro\u00dfe Pattentaschen vorne.<\/p>\n<p>Kapuze mit Kordelzug.<\/p>\n<p>Raglan\u00e4rmel f\u00fcr optimale Bewegungsfreiheit.<\/p>\n<p>Zweireihig gekn\u00f6pft mit wasserdichter Verschlussklappe.<\/p>\n<p>Verstellbarer Saum mit Kordelzug.<\/p>\n<p>Reflektierende Elemente an \u00c4rmeln und Saum.<\/p>\n<p>Material<\/p>\n<p>Bio+ 430 g\/m\u00b2<\/p>\n<p>Wassers\u00e4ule &gt; 20.000 mm<\/p>\n","protected":false},"excerpt":{"rendered":"<p>Segeljacke mit elastischen B\u00fcndchen an \u00c4rmeln und Saum. Zwei gro\u00dfe Pattentaschen vorne. Kapuze mit Kordelzug. Raglan\u00e4rmel f\u00fcr optimale Bewegungsfreiheit. Zweireihig gekn\u00f6pft mit wasserdichter Verschlussklappe. Verstellbarer Saum mit Kordelzug. Reflektierende Elemente an \u00c4rmeln und Saum. Material Bio+ 430 g\/m\u00b2 Wassers\u00e4ule &gt; 20.000 mm<\/p>\n","protected":false},"featured_media":80182,"comment_status":"open","ping_status":"closed","template":"","meta":{"_acf_changed":false},"product_brand":[],"product_cat":[1286,1294],"product_tag":[765],"activity":[1095,1070,1256,1103,1136,1128],"class_list":{"0":"post-80214","1":"product","2":"type-product","3":"status-publish","4":"has-post-thumbnail","6":"product_cat-regenbekleidung","7":"product_cat-regenbekleidung-regenjacken","8":"product_tag-yrkesklader-de","9":"activity-outdoor-natur","10":"activity-outdoor-arbeit","11":"activity-regenjacken-outdoor-arbeit","12":"activity-regenjacken-outdoor-and-natur","13":"activity-regenjacken-stall-and-landleben","14":"activity-stall-landleben","16":"first","17":"instock","18":"taxable","19":"shipping-taxable","20":"purchasable","21":"product-type-variable","22":"has-default-attributes","23":"rtwpvg-product","24":"rtwpvs-product"},"acf":[],"shsp-ext":{"main":{},"variations":[]},"yoast_head":"<!-- This site is optimized with the Yoast SEO plugin v27.2 - https:\/\/yoast.com\/product\/yoast-seo-wordpress\/ -->\n<title>Ask Jacke | Farmerrain - H\u00e5llbara regnkl\u00e4der<\/title>\n<meta name=\"description\" content=\"Segeljacke mit elastischen B\u00fcndchen an \u00c4rmeln und Saum. Zwei gro\u00dfe Pattentaschen vorne. Kapuze mit Kordelzug. Raglan\u00e4rmel f\u00fcr optimale Bewegungsfreiheit.\" \/>\n<meta name=\"robots\" content=\"index, follow, max-snippet:-1, max-image-preview:large, max-video-preview:-1\" \/>\n<link rel=\"canonical\" href=\"https:\/\/farmerrain.com\/de\/produkt\/ask-jacke\/\" \/>\n<meta property=\"og:locale\" content=\"de_DE\" \/>\n<meta property=\"og:type\" content=\"article\" \/>\n<meta property=\"og:title\" content=\"Ask Jacke | Farmerrain - H\u00e5llbara regnkl\u00e4der\" \/>\n<meta property=\"og:description\" content=\"Segeljacke mit elastischen B\u00fcndchen an \u00c4rmeln und Saum. Zwei gro\u00dfe Pattentaschen vorne. Kapuze mit Kordelzug. Raglan\u00e4rmel f\u00fcr optimale Bewegungsfreiheit.\" \/>\n<meta property=\"og:url\" content=\"https:\/\/farmerrain.com\/de\/produkt\/ask-jacke\/\" \/>\n<meta property=\"og:site_name\" content=\"Farmerrain - H\u00e5llbara regnkl\u00e4der\" \/>\n<meta property=\"article:publisher\" content=\"https:\/\/www.facebook.com\/people\/Farmerrain\/100063463901438\/\" \/>\n<meta property=\"article:modified_time\" content=\"2026-04-15T14:01:41+00:00\" \/>\n<meta property=\"og:image\" content=\"https:\/\/farmerrain.com\/wp-content\/uploads\/2026\/02\/Karolina-11.jpg\" \/>\n\t<meta property=\"og:image:width\" content=\"1080\" \/>\n\t<meta property=\"og:image:height\" content=\"1350\" \/>\n\t<meta property=\"og:image:type\" content=\"image\/jpeg\" \/>\n<meta name=\"twitter:card\" content=\"summary_large_image\" \/>\n<meta name=\"twitter:label1\" content=\"Gesch\u00e4tzte Lesezeit\" \/>\n\t<meta name=\"twitter:data1\" content=\"1\u00a0Minute\" \/>\n<script type=\"application\/ld+json\" class=\"yoast-schema-graph\">{\"@context\":\"https:\/\/schema.org\",\"@graph\":[{\"@type\":\"WebPage\",\"@id\":\"https:\/\/farmerrain.com\/de\/produkt\/ask-jacke\/\",\"url\":\"https:\/\/farmerrain.com\/de\/produkt\/ask-jacke\/\",\"name\":\"Ask Jacke | Farmerrain - H\u00e5llbara regnkl\u00e4der\",\"isPartOf\":{\"@id\":\"https:\/\/farmerrain.com\/#website\"},\"primaryImageOfPage\":{\"@id\":\"https:\/\/farmerrain.com\/de\/produkt\/ask-jacke\/#primaryimage\"},\"image\":{\"@id\":\"https:\/\/farmerrain.com\/de\/produkt\/ask-jacke\/#primaryimage\"},\"thumbnailUrl\":\"https:\/\/farmerrain.com\/wp-content\/uploads\/2026\/02\/Karolina-11.jpg\",\"datePublished\":\"2026-02-01T18:37:43+00:00\",\"dateModified\":\"2026-04-15T14:01:41+00:00\",\"description\":\"Segeljacke mit elastischen B\u00fcndchen an \u00c4rmeln und Saum. Zwei gro\u00dfe Pattentaschen vorne. Kapuze mit Kordelzug. Raglan\u00e4rmel f\u00fcr optimale Bewegungsfreiheit.\",\"breadcrumb\":{\"@id\":\"https:\/\/farmerrain.com\/de\/produkt\/ask-jacke\/#breadcrumb\"},\"inLanguage\":\"de\",\"potentialAction\":[{\"@type\":\"ReadAction\",\"target\":[\"https:\/\/farmerrain.com\/de\/produkt\/ask-jacke\/\"]}]},{\"@type\":\"ImageObject\",\"inLanguage\":\"de\",\"@id\":\"https:\/\/farmerrain.com\/de\/produkt\/ask-jacke\/#primaryimage\",\"url\":\"https:\/\/farmerrain.com\/wp-content\/uploads\/2026\/02\/Karolina-11.jpg\",\"contentUrl\":\"https:\/\/farmerrain.com\/wp-content\/uploads\/2026\/02\/Karolina-11.jpg\",\"width\":1080,\"height\":1350},{\"@type\":\"BreadcrumbList\",\"@id\":\"https:\/\/farmerrain.com\/de\/produkt\/ask-jacke\/#breadcrumb\",\"itemListElement\":[{\"@type\":\"ListItem\",\"position\":1,\"name\":\"Shop\",\"item\":\"https:\/\/farmerrain.com\/de\/shop-2\/\"},{\"@type\":\"ListItem\",\"position\":2,\"name\":\"Ask Jacke\"}]},{\"@type\":\"WebSite\",\"@id\":\"https:\/\/farmerrain.com\/#website\",\"url\":\"https:\/\/farmerrain.com\/\",\"name\":\"Farmerrain - H\u00e5llbara regnkl\u00e4der\",\"description\":\"Regnkl\u00e4der med fokus p\u00e5 h\u00e5llbarhet, funktionalitet och unik design.\",\"publisher\":{\"@id\":\"https:\/\/farmerrain.com\/#organization\"},\"potentialAction\":[{\"@type\":\"SearchAction\",\"target\":{\"@type\":\"EntryPoint\",\"urlTemplate\":\"https:\/\/farmerrain.com\/?s={search_term_string}\"},\"query-input\":{\"@type\":\"PropertyValueSpecification\",\"valueRequired\":true,\"valueName\":\"search_term_string\"}}],\"inLanguage\":\"de\"},{\"@type\":\"Organization\",\"@id\":\"https:\/\/farmerrain.com\/#organization\",\"name\":\"Farmerrain\",\"url\":\"https:\/\/farmerrain.com\/\",\"logo\":{\"@type\":\"ImageObject\",\"inLanguage\":\"de\",\"@id\":\"https:\/\/farmerrain.com\/#\/schema\/logo\/image\/\",\"url\":\"https:\/\/farmerrain.com\/wp-content\/uploads\/2023\/03\/fr_logo.png\",\"contentUrl\":\"https:\/\/farmerrain.com\/wp-content\/uploads\/2023\/03\/fr_logo.png\",\"width\":179,\"height\":23,\"caption\":\"Farmerrain\"},\"image\":{\"@id\":\"https:\/\/farmerrain.com\/#\/schema\/logo\/image\/\"},\"sameAs\":[\"https:\/\/www.facebook.com\/people\/Farmerrain\/100063463901438\/\"]}]}<\/script>\n<!-- \/ Yoast SEO plugin. -->","yoast_head_json":{"title":"Ask Jacke | Farmerrain - H\u00e5llbara regnkl\u00e4der","description":"Segeljacke mit elastischen B\u00fcndchen an \u00c4rmeln und Saum. Zwei gro\u00dfe Pattentaschen vorne. Kapuze mit Kordelzug. Raglan\u00e4rmel f\u00fcr optimale Bewegungsfreiheit.","robots":{"index":"index","follow":"follow","max-snippet":"max-snippet:-1","max-image-preview":"max-image-preview:large","max-video-preview":"max-video-preview:-1"},"canonical":"https:\/\/farmerrain.com\/de\/produkt\/ask-jacke\/","og_locale":"de_DE","og_type":"article","og_title":"Ask Jacke | Farmerrain - H\u00e5llbara regnkl\u00e4der","og_description":"Segeljacke mit elastischen B\u00fcndchen an \u00c4rmeln und Saum. Zwei gro\u00dfe Pattentaschen vorne. Kapuze mit Kordelzug. Raglan\u00e4rmel f\u00fcr optimale Bewegungsfreiheit.","og_url":"https:\/\/farmerrain.com\/de\/produkt\/ask-jacke\/","og_site_name":"Farmerrain - H\u00e5llbara regnkl\u00e4der","article_publisher":"https:\/\/www.facebook.com\/people\/Farmerrain\/100063463901438\/","article_modified_time":"2026-04-15T14:01:41+00:00","og_image":[{"width":1080,"height":1350,"url":"https:\/\/farmerrain.com\/wp-content\/uploads\/2026\/02\/Karolina-11.jpg","type":"image\/jpeg"}],"twitter_card":"summary_large_image","twitter_misc":{"Gesch\u00e4tzte Lesezeit":"1\u00a0Minute"},"schema":{"@context":"https:\/\/schema.org","@graph":[{"@type":"WebPage","@id":"https:\/\/farmerrain.com\/de\/produkt\/ask-jacke\/","url":"https:\/\/farmerrain.com\/de\/produkt\/ask-jacke\/","name":"Ask Jacke | Farmerrain - H\u00e5llbara regnkl\u00e4der","isPartOf":{"@id":"https:\/\/farmerrain.com\/#website"},"primaryImageOfPage":{"@id":"https:\/\/farmerrain.com\/de\/produkt\/ask-jacke\/#primaryimage"},"image":{"@id":"https:\/\/farmerrain.com\/de\/produkt\/ask-jacke\/#primaryimage"},"thumbnailUrl":"https:\/\/farmerrain.com\/wp-content\/uploads\/2026\/02\/Karolina-11.jpg","datePublished":"2026-02-01T18:37:43+00:00","dateModified":"2026-04-15T14:01:41+00:00","description":"Segeljacke mit elastischen B\u00fcndchen an \u00c4rmeln und Saum. Zwei gro\u00dfe Pattentaschen vorne. Kapuze mit Kordelzug. Raglan\u00e4rmel f\u00fcr optimale Bewegungsfreiheit.","breadcrumb":{"@id":"https:\/\/farmerrain.com\/de\/produkt\/ask-jacke\/#breadcrumb"},"inLanguage":"de","potentialAction":[{"@type":"ReadAction","target":["https:\/\/farmerrain.com\/de\/produkt\/ask-jacke\/"]}]},{"@type":"ImageObject","inLanguage":"de","@id":"https:\/\/farmerrain.com\/de\/produkt\/ask-jacke\/#primaryimage","url":"https:\/\/farmerrain.com\/wp-content\/uploads\/2026\/02\/Karolina-11.jpg","contentUrl":"https:\/\/farmerrain.com\/wp-content\/uploads\/2026\/02\/Karolina-11.jpg","width":1080,"height":1350},{"@type":"BreadcrumbList","@id":"https:\/\/farmerrain.com\/de\/produkt\/ask-jacke\/#breadcrumb","itemListElement":[{"@type":"ListItem","position":1,"name":"Shop","item":"https:\/\/farmerrain.com\/de\/shop-2\/"},{"@type":"ListItem","position":2,"name":"Ask Jacke"}]},{"@type":"WebSite","@id":"https:\/\/farmerrain.com\/#website","url":"https:\/\/farmerrain.com\/","name":"Farmerrain - H\u00e5llbara regnkl\u00e4der","description":"Regnkl\u00e4der med fokus p\u00e5 h\u00e5llbarhet, funktionalitet och unik design.","publisher":{"@id":"https:\/\/farmerrain.com\/#organization"},"potentialAction":[{"@type":"SearchAction","target":{"@type":"EntryPoint","urlTemplate":"https:\/\/farmerrain.com\/?s={search_term_string}"},"query-input":{"@type":"PropertyValueSpecification","valueRequired":true,"valueName":"search_term_string"}}],"inLanguage":"de"},{"@type":"Organization","@id":"https:\/\/farmerrain.com\/#organization","name":"Farmerrain","url":"https:\/\/farmerrain.com\/","logo":{"@type":"ImageObject","inLanguage":"de","@id":"https:\/\/farmerrain.com\/#\/schema\/logo\/image\/","url":"https:\/\/farmerrain.com\/wp-content\/uploads\/2023\/03\/fr_logo.png","contentUrl":"https:\/\/farmerrain.com\/wp-content\/uploads\/2023\/03\/fr_logo.png","width":179,"height":23,"caption":"Farmerrain"},"image":{"@id":"https:\/\/farmerrain.com\/#\/schema\/logo\/image\/"},"sameAs":["https:\/\/www.facebook.com\/people\/Farmerrain\/100063463901438\/"]}]}},"_links":{"self":[{"href":"https:\/\/farmerrain.com\/de\/wp-json\/wp\/v2\/product\/80214","targetHints":{"allow":["GET"]}}],"collection":[{"href":"https:\/\/farmerrain.com\/de\/wp-json\/wp\/v2\/product"}],"about":[{"href":"https:\/\/farmerrain.com\/de\/wp-json\/wp\/v2\/types\/product"}],"replies":[{"embeddable":true,"href":"https:\/\/farmerrain.com\/de\/wp-json\/wp\/v2\/comments?post=80214"}],"wp:featuredmedia":[{"embeddable":true,"href":"https:\/\/farmerrain.com\/de\/wp-json\/wp\/v2\/media\/80182"}],"wp:attachment":[{"href":"https:\/\/farmerrain.com\/de\/wp-json\/wp\/v2\/media?parent=80214"}],"wp:term":[{"taxonomy":"product_brand","embeddable":true,"href":"https:\/\/farmerrain.com\/de\/wp-json\/wp\/v2\/product_brand?post=80214"},{"taxonomy":"product_cat","embeddable":true,"href":"https:\/\/farmerrain.com\/de\/wp-json\/wp\/v2\/product_cat?post=80214"},{"taxonomy":"product_tag","embeddable":true,"href":"https:\/\/farmerrain.com\/de\/wp-json\/wp\/v2\/product_tag?post=80214"},{"taxonomy":"activity","embeddable":true,"href":"https:\/\/farmerrain.com\/de\/wp-json\/wp\/v2\/activity?post=80214"}],"curies":[{"name":"wp","href":"https:\/\/api.w.org\/{rel}","templated":true}]}}