{"id":76396,"date":"2025-11-23T17:25:37","date_gmt":"2025-11-23T16:25:37","guid":{"rendered":"https:\/\/farmerrain.com\/?post_type=product&#038;p=76396"},"modified":"2026-03-26T18:33:24","modified_gmt":"2026-03-26T17:33:24","slug":"zipper-westenhose-bio","status":"publish","type":"product","link":"https:\/\/farmerrain.com\/de\/produkt\/zipper-westenhose-bio\/","title":{"rendered":"Zipper Westenhose Bio+"},"content":{"rendered":"<p>Unisex-Westenhose mit Druckkn\u00f6pfen an den Schulterverschl\u00fcssen zur individuellen Anpassung.<\/p>\n<p>Taillengummizug im R\u00fccken f\u00fcr eine gute Passform und Gummizug an den Beinabschl\u00fcssen sowie unter den F\u00fc\u00dfen.<\/p>\n<p>Wasserabweisender Rei\u00dfverschluss im Schritt.<\/p>\n<p>Verschwei\u00dfte N\u00e4hte.<\/p>\n<p>&nbsp;<\/p>\n<p>MATERIAL<\/p>\n<p>Bio+\u00a0 430 g\/m\u00b2.<\/p>\n<p>\u00d6l- und k\u00e4ltebest\u00e4ndig,<\/p>\n<p>Wassers\u00e4ule &gt; 20000.<\/p>\n<p>&nbsp;<\/p>\n<p>&nbsp;<\/p>\n","protected":false},"excerpt":{"rendered":"<p>Unisex-Westenhose mit Druckkn\u00f6pfen an den Schulterverschl\u00fcssen zur individuellen Anpassung. Taillengummizug im R\u00fccken f\u00fcr eine gute Passform und Gummizug an den Beinabschl\u00fcssen sowie unter den F\u00fc\u00dfen. Wasserabweisender Rei\u00dfverschluss im Schritt. Verschwei\u00dfte N\u00e4hte. &nbsp; MATERIAL Bio+\u00a0 430 g\/m\u00b2. \u00d6l- und k\u00e4ltebest\u00e4ndig, Wassers\u00e4ule &gt; 20000. &nbsp; &nbsp;<\/p>\n","protected":false},"featured_media":40715,"comment_status":"open","ping_status":"closed","template":"","meta":{"_acf_changed":false},"product_brand":[],"product_cat":[1286,1293],"product_tag":[765],"activity":[1095,1070,1102,1135,1077,1128],"class_list":{"0":"post-76396","1":"product","2":"type-product","3":"status-publish","4":"has-post-thumbnail","6":"product_cat-regenbekleidung","7":"product_cat-regenjacken-regenhosen","8":"product_tag-yrkesklader-de","9":"activity-outdoor-natur","10":"activity-outdoor-arbeit","11":"activity-regenhosen-outdoor-and-natur","12":"activity-regenhosen-stall-and-landleben","13":"activity-regenhosen-outdoor-arbeit","14":"activity-stall-landleben","16":"first","17":"instock","18":"taxable","19":"shipping-taxable","20":"purchasable","21":"product-type-variable","22":"has-default-attributes","23":"rtwpvg-product","24":"rtwpvs-product"},"acf":[],"shsp-ext":{"main":{},"variations":[]},"yoast_head":"<!-- This site is optimized with the Yoast SEO plugin v27.2 - https:\/\/yoast.com\/product\/yoast-seo-wordpress\/ -->\n<title>Zipper Westenhose Bio+ | Farmerrain - H\u00e5llbara regnkl\u00e4der<\/title>\n<meta name=\"description\" content=\"Unisex-Westenhose mit Druckkn\u00f6pfen an den Schulterverschl\u00fcssen zur individuellen Anpassung. Taillengummizug im R\u00fccken f\u00fcr eine gute Passform und Gummizug\" \/>\n<meta name=\"robots\" content=\"index, follow, max-snippet:-1, max-image-preview:large, max-video-preview:-1\" \/>\n<link rel=\"canonical\" href=\"https:\/\/farmerrain.com\/de\/produkt\/zipper-westenhose-bio\/\" \/>\n<meta property=\"og:locale\" content=\"de_DE\" \/>\n<meta property=\"og:type\" content=\"article\" \/>\n<meta property=\"og:title\" content=\"Zipper Westenhose Bio+ | Farmerrain - H\u00e5llbara regnkl\u00e4der\" \/>\n<meta property=\"og:description\" content=\"Unisex-Westenhose mit Druckkn\u00f6pfen an den Schulterverschl\u00fcssen zur individuellen Anpassung. Taillengummizug im R\u00fccken f\u00fcr eine gute Passform und Gummizug\" \/>\n<meta property=\"og:url\" content=\"https:\/\/farmerrain.com\/de\/produkt\/zipper-westenhose-bio\/\" \/>\n<meta property=\"og:site_name\" content=\"Farmerrain - H\u00e5llbara regnkl\u00e4der\" \/>\n<meta property=\"article:publisher\" content=\"https:\/\/www.facebook.com\/people\/Farmerrain\/100063463901438\/\" \/>\n<meta property=\"article:modified_time\" content=\"2026-03-26T17:33:24+00:00\" \/>\n<meta property=\"og:image\" content=\"https:\/\/farmerrain.com\/wp-content\/uploads\/2023\/03\/DSC5651-jpg.webp\" \/>\n\t<meta property=\"og:image:width\" content=\"1040\" \/>\n\t<meta property=\"og:image:height\" content=\"1300\" \/>\n\t<meta property=\"og:image:type\" content=\"image\/jpeg\" \/>\n<meta name=\"twitter:card\" content=\"summary_large_image\" \/>\n<meta name=\"twitter:label1\" content=\"Gesch\u00e4tzte Lesezeit\" \/>\n\t<meta name=\"twitter:data1\" content=\"1\u00a0Minute\" \/>\n<script type=\"application\/ld+json\" class=\"yoast-schema-graph\">{\"@context\":\"https:\/\/schema.org\",\"@graph\":[{\"@type\":\"WebPage\",\"@id\":\"https:\/\/farmerrain.com\/de\/produkt\/zipper-westenhose-bio\/\",\"url\":\"https:\/\/farmerrain.com\/de\/produkt\/zipper-westenhose-bio\/\",\"name\":\"Zipper Westenhose Bio+ | Farmerrain - H\u00e5llbara regnkl\u00e4der\",\"isPartOf\":{\"@id\":\"https:\/\/farmerrain.com\/#website\"},\"primaryImageOfPage\":{\"@id\":\"https:\/\/farmerrain.com\/de\/produkt\/zipper-westenhose-bio\/#primaryimage\"},\"image\":{\"@id\":\"https:\/\/farmerrain.com\/de\/produkt\/zipper-westenhose-bio\/#primaryimage\"},\"thumbnailUrl\":\"https:\/\/farmerrain.com\/wp-content\/uploads\/2023\/03\/DSC5651-jpg.webp\",\"datePublished\":\"2025-11-23T16:25:37+00:00\",\"dateModified\":\"2026-03-26T17:33:24+00:00\",\"description\":\"Unisex-Westenhose mit Druckkn\u00f6pfen an den Schulterverschl\u00fcssen zur individuellen Anpassung. Taillengummizug im R\u00fccken f\u00fcr eine gute Passform und Gummizug\",\"breadcrumb\":{\"@id\":\"https:\/\/farmerrain.com\/de\/produkt\/zipper-westenhose-bio\/#breadcrumb\"},\"inLanguage\":\"de\",\"potentialAction\":[{\"@type\":\"ReadAction\",\"target\":[\"https:\/\/farmerrain.com\/de\/produkt\/zipper-westenhose-bio\/\"]}]},{\"@type\":\"ImageObject\",\"inLanguage\":\"de\",\"@id\":\"https:\/\/farmerrain.com\/de\/produkt\/zipper-westenhose-bio\/#primaryimage\",\"url\":\"https:\/\/farmerrain.com\/wp-content\/uploads\/2023\/03\/DSC5651-jpg.webp\",\"contentUrl\":\"https:\/\/farmerrain.com\/wp-content\/uploads\/2023\/03\/DSC5651-jpg.webp\",\"width\":1040,\"height\":1300},{\"@type\":\"BreadcrumbList\",\"@id\":\"https:\/\/farmerrain.com\/de\/produkt\/zipper-westenhose-bio\/#breadcrumb\",\"itemListElement\":[{\"@type\":\"ListItem\",\"position\":1,\"name\":\"Shop\",\"item\":\"https:\/\/farmerrain.com\/de\/shop-2\/\"},{\"@type\":\"ListItem\",\"position\":2,\"name\":\"Zipper Westenhose Bio+\"}]},{\"@type\":\"WebSite\",\"@id\":\"https:\/\/farmerrain.com\/#website\",\"url\":\"https:\/\/farmerrain.com\/\",\"name\":\"Farmerrain - H\u00e5llbara regnkl\u00e4der\",\"description\":\"Regnkl\u00e4der med fokus p\u00e5 h\u00e5llbarhet, funktionalitet och unik design.\",\"publisher\":{\"@id\":\"https:\/\/farmerrain.com\/#organization\"},\"potentialAction\":[{\"@type\":\"SearchAction\",\"target\":{\"@type\":\"EntryPoint\",\"urlTemplate\":\"https:\/\/farmerrain.com\/?s={search_term_string}\"},\"query-input\":{\"@type\":\"PropertyValueSpecification\",\"valueRequired\":true,\"valueName\":\"search_term_string\"}}],\"inLanguage\":\"de\"},{\"@type\":\"Organization\",\"@id\":\"https:\/\/farmerrain.com\/#organization\",\"name\":\"Farmerrain\",\"url\":\"https:\/\/farmerrain.com\/\",\"logo\":{\"@type\":\"ImageObject\",\"inLanguage\":\"de\",\"@id\":\"https:\/\/farmerrain.com\/#\/schema\/logo\/image\/\",\"url\":\"https:\/\/farmerrain.com\/wp-content\/uploads\/2023\/03\/fr_logo.png\",\"contentUrl\":\"https:\/\/farmerrain.com\/wp-content\/uploads\/2023\/03\/fr_logo.png\",\"width\":179,\"height\":23,\"caption\":\"Farmerrain\"},\"image\":{\"@id\":\"https:\/\/farmerrain.com\/#\/schema\/logo\/image\/\"},\"sameAs\":[\"https:\/\/www.facebook.com\/people\/Farmerrain\/100063463901438\/\"]}]}<\/script>\n<!-- \/ Yoast SEO plugin. -->","yoast_head_json":{"title":"Zipper Westenhose Bio+ | Farmerrain - H\u00e5llbara regnkl\u00e4der","description":"Unisex-Westenhose mit Druckkn\u00f6pfen an den Schulterverschl\u00fcssen zur individuellen Anpassung. Taillengummizug im R\u00fccken f\u00fcr eine gute Passform und Gummizug","robots":{"index":"index","follow":"follow","max-snippet":"max-snippet:-1","max-image-preview":"max-image-preview:large","max-video-preview":"max-video-preview:-1"},"canonical":"https:\/\/farmerrain.com\/de\/produkt\/zipper-westenhose-bio\/","og_locale":"de_DE","og_type":"article","og_title":"Zipper Westenhose Bio+ | Farmerrain - H\u00e5llbara regnkl\u00e4der","og_description":"Unisex-Westenhose mit Druckkn\u00f6pfen an den Schulterverschl\u00fcssen zur individuellen Anpassung. Taillengummizug im R\u00fccken f\u00fcr eine gute Passform und Gummizug","og_url":"https:\/\/farmerrain.com\/de\/produkt\/zipper-westenhose-bio\/","og_site_name":"Farmerrain - H\u00e5llbara regnkl\u00e4der","article_publisher":"https:\/\/www.facebook.com\/people\/Farmerrain\/100063463901438\/","article_modified_time":"2026-03-26T17:33:24+00:00","og_image":[{"width":1040,"height":1300,"url":"https:\/\/farmerrain.com\/wp-content\/uploads\/2023\/03\/DSC5651-jpg.webp","type":"image\/jpeg"}],"twitter_card":"summary_large_image","twitter_misc":{"Gesch\u00e4tzte Lesezeit":"1\u00a0Minute"},"schema":{"@context":"https:\/\/schema.org","@graph":[{"@type":"WebPage","@id":"https:\/\/farmerrain.com\/de\/produkt\/zipper-westenhose-bio\/","url":"https:\/\/farmerrain.com\/de\/produkt\/zipper-westenhose-bio\/","name":"Zipper Westenhose Bio+ | Farmerrain - H\u00e5llbara regnkl\u00e4der","isPartOf":{"@id":"https:\/\/farmerrain.com\/#website"},"primaryImageOfPage":{"@id":"https:\/\/farmerrain.com\/de\/produkt\/zipper-westenhose-bio\/#primaryimage"},"image":{"@id":"https:\/\/farmerrain.com\/de\/produkt\/zipper-westenhose-bio\/#primaryimage"},"thumbnailUrl":"https:\/\/farmerrain.com\/wp-content\/uploads\/2023\/03\/DSC5651-jpg.webp","datePublished":"2025-11-23T16:25:37+00:00","dateModified":"2026-03-26T17:33:24+00:00","description":"Unisex-Westenhose mit Druckkn\u00f6pfen an den Schulterverschl\u00fcssen zur individuellen Anpassung. Taillengummizug im R\u00fccken f\u00fcr eine gute Passform und Gummizug","breadcrumb":{"@id":"https:\/\/farmerrain.com\/de\/produkt\/zipper-westenhose-bio\/#breadcrumb"},"inLanguage":"de","potentialAction":[{"@type":"ReadAction","target":["https:\/\/farmerrain.com\/de\/produkt\/zipper-westenhose-bio\/"]}]},{"@type":"ImageObject","inLanguage":"de","@id":"https:\/\/farmerrain.com\/de\/produkt\/zipper-westenhose-bio\/#primaryimage","url":"https:\/\/farmerrain.com\/wp-content\/uploads\/2023\/03\/DSC5651-jpg.webp","contentUrl":"https:\/\/farmerrain.com\/wp-content\/uploads\/2023\/03\/DSC5651-jpg.webp","width":1040,"height":1300},{"@type":"BreadcrumbList","@id":"https:\/\/farmerrain.com\/de\/produkt\/zipper-westenhose-bio\/#breadcrumb","itemListElement":[{"@type":"ListItem","position":1,"name":"Shop","item":"https:\/\/farmerrain.com\/de\/shop-2\/"},{"@type":"ListItem","position":2,"name":"Zipper Westenhose Bio+"}]},{"@type":"WebSite","@id":"https:\/\/farmerrain.com\/#website","url":"https:\/\/farmerrain.com\/","name":"Farmerrain - H\u00e5llbara regnkl\u00e4der","description":"Regnkl\u00e4der med fokus p\u00e5 h\u00e5llbarhet, funktionalitet och unik design.","publisher":{"@id":"https:\/\/farmerrain.com\/#organization"},"potentialAction":[{"@type":"SearchAction","target":{"@type":"EntryPoint","urlTemplate":"https:\/\/farmerrain.com\/?s={search_term_string}"},"query-input":{"@type":"PropertyValueSpecification","valueRequired":true,"valueName":"search_term_string"}}],"inLanguage":"de"},{"@type":"Organization","@id":"https:\/\/farmerrain.com\/#organization","name":"Farmerrain","url":"https:\/\/farmerrain.com\/","logo":{"@type":"ImageObject","inLanguage":"de","@id":"https:\/\/farmerrain.com\/#\/schema\/logo\/image\/","url":"https:\/\/farmerrain.com\/wp-content\/uploads\/2023\/03\/fr_logo.png","contentUrl":"https:\/\/farmerrain.com\/wp-content\/uploads\/2023\/03\/fr_logo.png","width":179,"height":23,"caption":"Farmerrain"},"image":{"@id":"https:\/\/farmerrain.com\/#\/schema\/logo\/image\/"},"sameAs":["https:\/\/www.facebook.com\/people\/Farmerrain\/100063463901438\/"]}]}},"_links":{"self":[{"href":"https:\/\/farmerrain.com\/de\/wp-json\/wp\/v2\/product\/76396","targetHints":{"allow":["GET"]}}],"collection":[{"href":"https:\/\/farmerrain.com\/de\/wp-json\/wp\/v2\/product"}],"about":[{"href":"https:\/\/farmerrain.com\/de\/wp-json\/wp\/v2\/types\/product"}],"replies":[{"embeddable":true,"href":"https:\/\/farmerrain.com\/de\/wp-json\/wp\/v2\/comments?post=76396"}],"wp:featuredmedia":[{"embeddable":true,"href":"https:\/\/farmerrain.com\/de\/wp-json\/wp\/v2\/media\/40715"}],"wp:attachment":[{"href":"https:\/\/farmerrain.com\/de\/wp-json\/wp\/v2\/media?parent=76396"}],"wp:term":[{"taxonomy":"product_brand","embeddable":true,"href":"https:\/\/farmerrain.com\/de\/wp-json\/wp\/v2\/product_brand?post=76396"},{"taxonomy":"product_cat","embeddable":true,"href":"https:\/\/farmerrain.com\/de\/wp-json\/wp\/v2\/product_cat?post=76396"},{"taxonomy":"product_tag","embeddable":true,"href":"https:\/\/farmerrain.com\/de\/wp-json\/wp\/v2\/product_tag?post=76396"},{"taxonomy":"activity","embeddable":true,"href":"https:\/\/farmerrain.com\/de\/wp-json\/wp\/v2\/activity?post=76396"}],"curies":[{"name":"wp","href":"https:\/\/api.w.org\/{rel}","templated":true}]}}