{"id":74160,"date":"2025-11-27T22:59:50","date_gmt":"2025-11-27T21:59:50","guid":{"rendered":"https:\/\/farmerrain.com\/?post_type=product&#038;p=74160"},"modified":"2026-04-13T12:48:49","modified_gmt":"2026-04-13T10:48:49","slug":"overall-light","status":"publish","type":"product","link":"https:\/\/farmerrain.com\/de\/produkt\/overall-light\/","title":{"rendered":"Overall light"},"content":{"rendered":"<p>Overall in Unisex-Ausf\u00fchrung, Kapuze mit Kordelzug.<\/p>\n<p>Rei\u00dfverschluss vorne mit Knopfleiste abgedeckt.<\/p>\n<p>Gummizug im R\u00fccken f\u00fcr zus\u00e4tzlichen Komfort.<\/p>\n<p>Gummizug an den Arm- und Beinabschl\u00fcssen und unter den F\u00fc\u00dfen.<\/p>\n<p>Schwei\u00dfn\u00e4hte.<\/p>\n<p>MATERIAL<\/p>\n<p>Biovinyl light -Stoff 360 gram<\/p>\n<p>\u00d6lbest\u00e4ndig, Wassers\u00e4ule &gt; 20000.<\/p>\n<p>&nbsp;<\/p>\n","protected":false},"excerpt":{"rendered":"<p>Overall in Unisex-Ausf\u00fchrung, Kapuze mit Kordelzug. Rei\u00dfverschluss vorne mit Knopfleiste abgedeckt. Gummizug im R\u00fccken f\u00fcr zus\u00e4tzlichen Komfort. Gummizug an den Arm- und Beinabschl\u00fcssen und unter den F\u00fc\u00dfen. Schwei\u00dfn\u00e4hte. MATERIAL Biovinyl light -Stoff 360 gram \u00d6lbest\u00e4ndig, Wassers\u00e4ule &gt; 20000. &nbsp;<\/p>\n","protected":false},"featured_media":74134,"comment_status":"open","ping_status":"closed","template":"","meta":{"_acf_changed":false},"product_brand":[],"product_cat":[1292,1286],"product_tag":[765],"activity":[1095,1070,1101,1134,1263,1128],"class_list":{"0":"post-74160","1":"product","2":"type-product","3":"status-publish","4":"has-post-thumbnail","6":"product_cat-regenbekleidung-overalls","7":"product_cat-regenbekleidung","8":"product_tag-yrkesklader-de","9":"activity-outdoor-natur","10":"activity-outdoor-arbeit","11":"activity-overalls-outdoor-and-natur","12":"activity-overalls-stall-and-landleben","13":"activity-overalls-outdoor-arbeit","14":"activity-stall-landleben","16":"first","17":"instock","18":"taxable","19":"shipping-taxable","20":"purchasable","21":"product-type-variable","22":"has-default-attributes","23":"rtwpvg-product","24":"rtwpvs-product"},"acf":[],"shsp-ext":{"main":{},"variations":[]},"yoast_head":"<!-- This site is optimized with the Yoast SEO plugin v27.2 - https:\/\/yoast.com\/product\/yoast-seo-wordpress\/ -->\n<title>Overall light | Farmerrain - H\u00e5llbara regnkl\u00e4der<\/title>\n<meta name=\"description\" content=\"Overall in Unisex-Ausf\u00fchrung, Kapuze mit Kordelzug. Rei\u00dfverschluss vorne mit Knopfleiste abgedeckt. Gummizug im R\u00fccken f\u00fcr zus\u00e4tzlichen Komfort. Gummizug\" \/>\n<meta name=\"robots\" content=\"index, follow, max-snippet:-1, max-image-preview:large, max-video-preview:-1\" \/>\n<link rel=\"canonical\" href=\"https:\/\/farmerrain.com\/de\/produkt\/overall-light\/\" \/>\n<meta property=\"og:locale\" content=\"de_DE\" \/>\n<meta property=\"og:type\" content=\"article\" \/>\n<meta property=\"og:title\" content=\"Overall light | Farmerrain - H\u00e5llbara regnkl\u00e4der\" \/>\n<meta property=\"og:description\" content=\"Overall in Unisex-Ausf\u00fchrung, Kapuze mit Kordelzug. Rei\u00dfverschluss vorne mit Knopfleiste abgedeckt. Gummizug im R\u00fccken f\u00fcr zus\u00e4tzlichen Komfort. Gummizug\" \/>\n<meta property=\"og:url\" content=\"https:\/\/farmerrain.com\/de\/produkt\/overall-light\/\" \/>\n<meta property=\"og:site_name\" content=\"Farmerrain - H\u00e5llbara regnkl\u00e4der\" \/>\n<meta property=\"article:publisher\" content=\"https:\/\/www.facebook.com\/people\/Farmerrain\/100063463901438\/\" \/>\n<meta property=\"article:modified_time\" content=\"2026-04-13T10:48:49+00:00\" \/>\n<meta property=\"og:image\" content=\"https:\/\/farmerrain.com\/wp-content\/uploads\/2025\/11\/Marina-127.jpg\" \/>\n\t<meta property=\"og:image:width\" content=\"1080\" \/>\n\t<meta property=\"og:image:height\" content=\"1350\" \/>\n\t<meta property=\"og:image:type\" content=\"image\/jpeg\" \/>\n<meta name=\"twitter:card\" content=\"summary_large_image\" \/>\n<meta name=\"twitter:label1\" content=\"Gesch\u00e4tzte Lesezeit\" \/>\n\t<meta name=\"twitter:data1\" content=\"1\u00a0Minute\" \/>\n<script type=\"application\/ld+json\" class=\"yoast-schema-graph\">{\"@context\":\"https:\/\/schema.org\",\"@graph\":[{\"@type\":\"WebPage\",\"@id\":\"https:\/\/farmerrain.com\/de\/produkt\/overall-light\/\",\"url\":\"https:\/\/farmerrain.com\/de\/produkt\/overall-light\/\",\"name\":\"Overall light | Farmerrain - H\u00e5llbara regnkl\u00e4der\",\"isPartOf\":{\"@id\":\"https:\/\/farmerrain.com\/#website\"},\"primaryImageOfPage\":{\"@id\":\"https:\/\/farmerrain.com\/de\/produkt\/overall-light\/#primaryimage\"},\"image\":{\"@id\":\"https:\/\/farmerrain.com\/de\/produkt\/overall-light\/#primaryimage\"},\"thumbnailUrl\":\"https:\/\/farmerrain.com\/wp-content\/uploads\/2025\/11\/Marina-127.jpg\",\"datePublished\":\"2025-11-27T21:59:50+00:00\",\"dateModified\":\"2026-04-13T10:48:49+00:00\",\"description\":\"Overall in Unisex-Ausf\u00fchrung, Kapuze mit Kordelzug. Rei\u00dfverschluss vorne mit Knopfleiste abgedeckt. Gummizug im R\u00fccken f\u00fcr zus\u00e4tzlichen Komfort. Gummizug\",\"breadcrumb\":{\"@id\":\"https:\/\/farmerrain.com\/de\/produkt\/overall-light\/#breadcrumb\"},\"inLanguage\":\"de\",\"potentialAction\":[{\"@type\":\"ReadAction\",\"target\":[\"https:\/\/farmerrain.com\/de\/produkt\/overall-light\/\"]}]},{\"@type\":\"ImageObject\",\"inLanguage\":\"de\",\"@id\":\"https:\/\/farmerrain.com\/de\/produkt\/overall-light\/#primaryimage\",\"url\":\"https:\/\/farmerrain.com\/wp-content\/uploads\/2025\/11\/Marina-127.jpg\",\"contentUrl\":\"https:\/\/farmerrain.com\/wp-content\/uploads\/2025\/11\/Marina-127.jpg\",\"width\":1080,\"height\":1350},{\"@type\":\"BreadcrumbList\",\"@id\":\"https:\/\/farmerrain.com\/de\/produkt\/overall-light\/#breadcrumb\",\"itemListElement\":[{\"@type\":\"ListItem\",\"position\":1,\"name\":\"Shop\",\"item\":\"https:\/\/farmerrain.com\/de\/shop-2\/\"},{\"@type\":\"ListItem\",\"position\":2,\"name\":\"Overall light\"}]},{\"@type\":\"WebSite\",\"@id\":\"https:\/\/farmerrain.com\/#website\",\"url\":\"https:\/\/farmerrain.com\/\",\"name\":\"Farmerrain - H\u00e5llbara regnkl\u00e4der\",\"description\":\"Regnkl\u00e4der med fokus p\u00e5 h\u00e5llbarhet, funktionalitet och unik design.\",\"publisher\":{\"@id\":\"https:\/\/farmerrain.com\/#organization\"},\"potentialAction\":[{\"@type\":\"SearchAction\",\"target\":{\"@type\":\"EntryPoint\",\"urlTemplate\":\"https:\/\/farmerrain.com\/?s={search_term_string}\"},\"query-input\":{\"@type\":\"PropertyValueSpecification\",\"valueRequired\":true,\"valueName\":\"search_term_string\"}}],\"inLanguage\":\"de\"},{\"@type\":\"Organization\",\"@id\":\"https:\/\/farmerrain.com\/#organization\",\"name\":\"Farmerrain\",\"url\":\"https:\/\/farmerrain.com\/\",\"logo\":{\"@type\":\"ImageObject\",\"inLanguage\":\"de\",\"@id\":\"https:\/\/farmerrain.com\/#\/schema\/logo\/image\/\",\"url\":\"https:\/\/farmerrain.com\/wp-content\/uploads\/2023\/03\/fr_logo.png\",\"contentUrl\":\"https:\/\/farmerrain.com\/wp-content\/uploads\/2023\/03\/fr_logo.png\",\"width\":179,\"height\":23,\"caption\":\"Farmerrain\"},\"image\":{\"@id\":\"https:\/\/farmerrain.com\/#\/schema\/logo\/image\/\"},\"sameAs\":[\"https:\/\/www.facebook.com\/people\/Farmerrain\/100063463901438\/\"]}]}<\/script>\n<!-- \/ Yoast SEO plugin. -->","yoast_head_json":{"title":"Overall light | Farmerrain - H\u00e5llbara regnkl\u00e4der","description":"Overall in Unisex-Ausf\u00fchrung, Kapuze mit Kordelzug. Rei\u00dfverschluss vorne mit Knopfleiste abgedeckt. Gummizug im R\u00fccken f\u00fcr zus\u00e4tzlichen Komfort. Gummizug","robots":{"index":"index","follow":"follow","max-snippet":"max-snippet:-1","max-image-preview":"max-image-preview:large","max-video-preview":"max-video-preview:-1"},"canonical":"https:\/\/farmerrain.com\/de\/produkt\/overall-light\/","og_locale":"de_DE","og_type":"article","og_title":"Overall light | Farmerrain - H\u00e5llbara regnkl\u00e4der","og_description":"Overall in Unisex-Ausf\u00fchrung, Kapuze mit Kordelzug. Rei\u00dfverschluss vorne mit Knopfleiste abgedeckt. Gummizug im R\u00fccken f\u00fcr zus\u00e4tzlichen Komfort. Gummizug","og_url":"https:\/\/farmerrain.com\/de\/produkt\/overall-light\/","og_site_name":"Farmerrain - H\u00e5llbara regnkl\u00e4der","article_publisher":"https:\/\/www.facebook.com\/people\/Farmerrain\/100063463901438\/","article_modified_time":"2026-04-13T10:48:49+00:00","og_image":[{"width":1080,"height":1350,"url":"https:\/\/farmerrain.com\/wp-content\/uploads\/2025\/11\/Marina-127.jpg","type":"image\/jpeg"}],"twitter_card":"summary_large_image","twitter_misc":{"Gesch\u00e4tzte Lesezeit":"1\u00a0Minute"},"schema":{"@context":"https:\/\/schema.org","@graph":[{"@type":"WebPage","@id":"https:\/\/farmerrain.com\/de\/produkt\/overall-light\/","url":"https:\/\/farmerrain.com\/de\/produkt\/overall-light\/","name":"Overall light | Farmerrain - H\u00e5llbara regnkl\u00e4der","isPartOf":{"@id":"https:\/\/farmerrain.com\/#website"},"primaryImageOfPage":{"@id":"https:\/\/farmerrain.com\/de\/produkt\/overall-light\/#primaryimage"},"image":{"@id":"https:\/\/farmerrain.com\/de\/produkt\/overall-light\/#primaryimage"},"thumbnailUrl":"https:\/\/farmerrain.com\/wp-content\/uploads\/2025\/11\/Marina-127.jpg","datePublished":"2025-11-27T21:59:50+00:00","dateModified":"2026-04-13T10:48:49+00:00","description":"Overall in Unisex-Ausf\u00fchrung, Kapuze mit Kordelzug. Rei\u00dfverschluss vorne mit Knopfleiste abgedeckt. Gummizug im R\u00fccken f\u00fcr zus\u00e4tzlichen Komfort. Gummizug","breadcrumb":{"@id":"https:\/\/farmerrain.com\/de\/produkt\/overall-light\/#breadcrumb"},"inLanguage":"de","potentialAction":[{"@type":"ReadAction","target":["https:\/\/farmerrain.com\/de\/produkt\/overall-light\/"]}]},{"@type":"ImageObject","inLanguage":"de","@id":"https:\/\/farmerrain.com\/de\/produkt\/overall-light\/#primaryimage","url":"https:\/\/farmerrain.com\/wp-content\/uploads\/2025\/11\/Marina-127.jpg","contentUrl":"https:\/\/farmerrain.com\/wp-content\/uploads\/2025\/11\/Marina-127.jpg","width":1080,"height":1350},{"@type":"BreadcrumbList","@id":"https:\/\/farmerrain.com\/de\/produkt\/overall-light\/#breadcrumb","itemListElement":[{"@type":"ListItem","position":1,"name":"Shop","item":"https:\/\/farmerrain.com\/de\/shop-2\/"},{"@type":"ListItem","position":2,"name":"Overall light"}]},{"@type":"WebSite","@id":"https:\/\/farmerrain.com\/#website","url":"https:\/\/farmerrain.com\/","name":"Farmerrain - H\u00e5llbara regnkl\u00e4der","description":"Regnkl\u00e4der med fokus p\u00e5 h\u00e5llbarhet, funktionalitet och unik design.","publisher":{"@id":"https:\/\/farmerrain.com\/#organization"},"potentialAction":[{"@type":"SearchAction","target":{"@type":"EntryPoint","urlTemplate":"https:\/\/farmerrain.com\/?s={search_term_string}"},"query-input":{"@type":"PropertyValueSpecification","valueRequired":true,"valueName":"search_term_string"}}],"inLanguage":"de"},{"@type":"Organization","@id":"https:\/\/farmerrain.com\/#organization","name":"Farmerrain","url":"https:\/\/farmerrain.com\/","logo":{"@type":"ImageObject","inLanguage":"de","@id":"https:\/\/farmerrain.com\/#\/schema\/logo\/image\/","url":"https:\/\/farmerrain.com\/wp-content\/uploads\/2023\/03\/fr_logo.png","contentUrl":"https:\/\/farmerrain.com\/wp-content\/uploads\/2023\/03\/fr_logo.png","width":179,"height":23,"caption":"Farmerrain"},"image":{"@id":"https:\/\/farmerrain.com\/#\/schema\/logo\/image\/"},"sameAs":["https:\/\/www.facebook.com\/people\/Farmerrain\/100063463901438\/"]}]}},"_links":{"self":[{"href":"https:\/\/farmerrain.com\/de\/wp-json\/wp\/v2\/product\/74160","targetHints":{"allow":["GET"]}}],"collection":[{"href":"https:\/\/farmerrain.com\/de\/wp-json\/wp\/v2\/product"}],"about":[{"href":"https:\/\/farmerrain.com\/de\/wp-json\/wp\/v2\/types\/product"}],"replies":[{"embeddable":true,"href":"https:\/\/farmerrain.com\/de\/wp-json\/wp\/v2\/comments?post=74160"}],"wp:featuredmedia":[{"embeddable":true,"href":"https:\/\/farmerrain.com\/de\/wp-json\/wp\/v2\/media\/74134"}],"wp:attachment":[{"href":"https:\/\/farmerrain.com\/de\/wp-json\/wp\/v2\/media?parent=74160"}],"wp:term":[{"taxonomy":"product_brand","embeddable":true,"href":"https:\/\/farmerrain.com\/de\/wp-json\/wp\/v2\/product_brand?post=74160"},{"taxonomy":"product_cat","embeddable":true,"href":"https:\/\/farmerrain.com\/de\/wp-json\/wp\/v2\/product_cat?post=74160"},{"taxonomy":"product_tag","embeddable":true,"href":"https:\/\/farmerrain.com\/de\/wp-json\/wp\/v2\/product_tag?post=74160"},{"taxonomy":"activity","embeddable":true,"href":"https:\/\/farmerrain.com\/de\/wp-json\/wp\/v2\/activity?post=74160"}],"curies":[{"name":"wp","href":"https:\/\/api.w.org\/{rel}","templated":true}]}}