{"id":72846,"date":"2025-10-29T11:50:22","date_gmt":"2025-10-29T10:50:22","guid":{"rendered":"https:\/\/farmerrain.com\/?post_type=product&#038;p=72846"},"modified":"2026-04-15T00:44:33","modified_gmt":"2026-04-14T22:44:33","slug":"tallienhose-bio","status":"publish","type":"product","link":"https:\/\/farmerrain.com\/de\/produkt\/tallienhose-bio\/","title":{"rendered":"Tallienhose bio+"},"content":{"rendered":"<p>Taillenhose in Unisex-Ausf\u00fchrung mit elastischem Taillenbund, sowie Kordelzug und Druckkn\u00f6pfen.<\/p>\n<p>Verstellbare Druckknfpfverschl\u00fcsse an den Beinabschl\u00fcssen.<\/p>\n<p>Verschwei\u00dfte N\u00e4hte.<\/p>\n<p>MATERIAL<br \/>\nBio+ 430 g\/m\u00b2.<\/p>\n<p>\u00d6lbest\u00e4ndig,<\/p>\n<p>Wassers\u00e4ule &gt; 20000 mm<\/p>\n","protected":false},"excerpt":{"rendered":"<p>Taillenhose in Unisex-Ausf\u00fchrung mit elastischem Taillenbund, sowie Kordelzug und Druckkn\u00f6pfen. Verstellbare Druckknfpfverschl\u00fcsse an den Beinabschl\u00fcssen. Verschwei\u00dfte N\u00e4hte. MATERIAL Bio+ 430 g\/m\u00b2. \u00d6lbest\u00e4ndig, Wassers\u00e4ule &gt; 20000 mm<\/p>\n","protected":false},"featured_media":72808,"comment_status":"open","ping_status":"closed","template":"","meta":{"_acf_changed":false},"product_brand":[],"product_cat":[1286,1291],"product_tag":[561,765],"activity":[1144,1095,1070,1128,1133,1149,1100,1252],"class_list":{"0":"post-72846","1":"product","2":"type-product","3":"status-publish","4":"has-post-thumbnail","6":"product_cat-regenbekleidung","7":"product_cat-regenbekleidung-taillenhosen","8":"product_tag-mode-de","9":"product_tag-yrkesklader-de","10":"activity-alltag-pendeln","11":"activity-outdoor-natur","12":"activity-outdoor-arbeit","13":"activity-stall-landleben","14":"activity-taillenhosen-stall-and-landleben","15":"activity-taillenhosen-alltag-and-pendeln","16":"activity-taillenhosen-outdoor-and-natur","17":"activity-taillenhosen-outdoor-arbeit","19":"first","20":"instock","21":"taxable","22":"shipping-taxable","23":"purchasable","24":"product-type-variable","25":"has-default-attributes","26":"rtwpvg-product","27":"rtwpvs-product"},"acf":[],"shsp-ext":{"main":{},"variations":[]},"yoast_head":"<!-- This site is optimized with the Yoast SEO plugin v27.2 - https:\/\/yoast.com\/product\/yoast-seo-wordpress\/ -->\n<title>Tallienhose bio+ | Farmerrain - H\u00e5llbara regnkl\u00e4der<\/title>\n<meta name=\"description\" content=\"Taillenhose in Unisex-Ausf\u00fchrung mit elastischem Taillenbund, sowie Kordelzug und Druckkn\u00f6pfen. Verstellbare Druckknfpfverschl\u00fcsse an den Beinabschl\u00fcssen.\" \/>\n<meta name=\"robots\" content=\"index, follow, max-snippet:-1, max-image-preview:large, max-video-preview:-1\" \/>\n<link rel=\"canonical\" href=\"https:\/\/farmerrain.com\/de\/produkt\/tallienhose-bio\/\" \/>\n<meta property=\"og:locale\" content=\"de_DE\" \/>\n<meta property=\"og:type\" content=\"article\" \/>\n<meta property=\"og:title\" content=\"Tallienhose bio+ | Farmerrain - H\u00e5llbara regnkl\u00e4der\" \/>\n<meta property=\"og:description\" content=\"Taillenhose in Unisex-Ausf\u00fchrung mit elastischem Taillenbund, sowie Kordelzug und Druckkn\u00f6pfen. Verstellbare Druckknfpfverschl\u00fcsse an den Beinabschl\u00fcssen.\" \/>\n<meta property=\"og:url\" content=\"https:\/\/farmerrain.com\/de\/produkt\/tallienhose-bio\/\" \/>\n<meta property=\"og:site_name\" content=\"Farmerrain - H\u00e5llbara regnkl\u00e4der\" \/>\n<meta property=\"article:publisher\" content=\"https:\/\/www.facebook.com\/people\/Farmerrain\/100063463901438\/\" \/>\n<meta property=\"article:modified_time\" content=\"2026-04-14T22:44:33+00:00\" \/>\n<meta property=\"og:image\" content=\"https:\/\/farmerrain.com\/wp-content\/uploads\/2025\/10\/ElinEllen-och-Wilma-69.jpg\" \/>\n\t<meta property=\"og:image:width\" content=\"1080\" \/>\n\t<meta property=\"og:image:height\" content=\"1350\" \/>\n\t<meta property=\"og:image:type\" content=\"image\/jpeg\" \/>\n<meta name=\"twitter:card\" content=\"summary_large_image\" \/>\n<meta name=\"twitter:label1\" content=\"Gesch\u00e4tzte Lesezeit\" \/>\n\t<meta name=\"twitter:data1\" content=\"1\u00a0Minute\" \/>\n<script type=\"application\/ld+json\" class=\"yoast-schema-graph\">{\"@context\":\"https:\/\/schema.org\",\"@graph\":[{\"@type\":\"WebPage\",\"@id\":\"https:\/\/farmerrain.com\/de\/produkt\/tallienhose-bio\/\",\"url\":\"https:\/\/farmerrain.com\/de\/produkt\/tallienhose-bio\/\",\"name\":\"Tallienhose bio+ | Farmerrain - H\u00e5llbara regnkl\u00e4der\",\"isPartOf\":{\"@id\":\"https:\/\/farmerrain.com\/#website\"},\"primaryImageOfPage\":{\"@id\":\"https:\/\/farmerrain.com\/de\/produkt\/tallienhose-bio\/#primaryimage\"},\"image\":{\"@id\":\"https:\/\/farmerrain.com\/de\/produkt\/tallienhose-bio\/#primaryimage\"},\"thumbnailUrl\":\"https:\/\/farmerrain.com\/wp-content\/uploads\/2025\/10\/ElinEllen-och-Wilma-69.jpg\",\"datePublished\":\"2025-10-29T10:50:22+00:00\",\"dateModified\":\"2026-04-14T22:44:33+00:00\",\"description\":\"Taillenhose in Unisex-Ausf\u00fchrung mit elastischem Taillenbund, sowie Kordelzug und Druckkn\u00f6pfen. Verstellbare Druckknfpfverschl\u00fcsse an den Beinabschl\u00fcssen.\",\"breadcrumb\":{\"@id\":\"https:\/\/farmerrain.com\/de\/produkt\/tallienhose-bio\/#breadcrumb\"},\"inLanguage\":\"de\",\"potentialAction\":[{\"@type\":\"ReadAction\",\"target\":[\"https:\/\/farmerrain.com\/de\/produkt\/tallienhose-bio\/\"]}]},{\"@type\":\"ImageObject\",\"inLanguage\":\"de\",\"@id\":\"https:\/\/farmerrain.com\/de\/produkt\/tallienhose-bio\/#primaryimage\",\"url\":\"https:\/\/farmerrain.com\/wp-content\/uploads\/2025\/10\/ElinEllen-och-Wilma-69.jpg\",\"contentUrl\":\"https:\/\/farmerrain.com\/wp-content\/uploads\/2025\/10\/ElinEllen-och-Wilma-69.jpg\",\"width\":1080,\"height\":1350},{\"@type\":\"BreadcrumbList\",\"@id\":\"https:\/\/farmerrain.com\/de\/produkt\/tallienhose-bio\/#breadcrumb\",\"itemListElement\":[{\"@type\":\"ListItem\",\"position\":1,\"name\":\"Shop\",\"item\":\"https:\/\/farmerrain.com\/de\/shop-2\/\"},{\"@type\":\"ListItem\",\"position\":2,\"name\":\"Tallienhose bio+\"}]},{\"@type\":\"WebSite\",\"@id\":\"https:\/\/farmerrain.com\/#website\",\"url\":\"https:\/\/farmerrain.com\/\",\"name\":\"Farmerrain - H\u00e5llbara regnkl\u00e4der\",\"description\":\"Regnkl\u00e4der med fokus p\u00e5 h\u00e5llbarhet, funktionalitet och unik design.\",\"publisher\":{\"@id\":\"https:\/\/farmerrain.com\/#organization\"},\"potentialAction\":[{\"@type\":\"SearchAction\",\"target\":{\"@type\":\"EntryPoint\",\"urlTemplate\":\"https:\/\/farmerrain.com\/?s={search_term_string}\"},\"query-input\":{\"@type\":\"PropertyValueSpecification\",\"valueRequired\":true,\"valueName\":\"search_term_string\"}}],\"inLanguage\":\"de\"},{\"@type\":\"Organization\",\"@id\":\"https:\/\/farmerrain.com\/#organization\",\"name\":\"Farmerrain\",\"url\":\"https:\/\/farmerrain.com\/\",\"logo\":{\"@type\":\"ImageObject\",\"inLanguage\":\"de\",\"@id\":\"https:\/\/farmerrain.com\/#\/schema\/logo\/image\/\",\"url\":\"https:\/\/farmerrain.com\/wp-content\/uploads\/2023\/03\/fr_logo.png\",\"contentUrl\":\"https:\/\/farmerrain.com\/wp-content\/uploads\/2023\/03\/fr_logo.png\",\"width\":179,\"height\":23,\"caption\":\"Farmerrain\"},\"image\":{\"@id\":\"https:\/\/farmerrain.com\/#\/schema\/logo\/image\/\"},\"sameAs\":[\"https:\/\/www.facebook.com\/people\/Farmerrain\/100063463901438\/\"]}]}<\/script>\n<!-- \/ Yoast SEO plugin. -->","yoast_head_json":{"title":"Tallienhose bio+ | Farmerrain - H\u00e5llbara regnkl\u00e4der","description":"Taillenhose in Unisex-Ausf\u00fchrung mit elastischem Taillenbund, sowie Kordelzug und Druckkn\u00f6pfen. Verstellbare Druckknfpfverschl\u00fcsse an den Beinabschl\u00fcssen.","robots":{"index":"index","follow":"follow","max-snippet":"max-snippet:-1","max-image-preview":"max-image-preview:large","max-video-preview":"max-video-preview:-1"},"canonical":"https:\/\/farmerrain.com\/de\/produkt\/tallienhose-bio\/","og_locale":"de_DE","og_type":"article","og_title":"Tallienhose bio+ | Farmerrain - H\u00e5llbara regnkl\u00e4der","og_description":"Taillenhose in Unisex-Ausf\u00fchrung mit elastischem Taillenbund, sowie Kordelzug und Druckkn\u00f6pfen. Verstellbare Druckknfpfverschl\u00fcsse an den Beinabschl\u00fcssen.","og_url":"https:\/\/farmerrain.com\/de\/produkt\/tallienhose-bio\/","og_site_name":"Farmerrain - H\u00e5llbara regnkl\u00e4der","article_publisher":"https:\/\/www.facebook.com\/people\/Farmerrain\/100063463901438\/","article_modified_time":"2026-04-14T22:44:33+00:00","og_image":[{"width":1080,"height":1350,"url":"https:\/\/farmerrain.com\/wp-content\/uploads\/2025\/10\/ElinEllen-och-Wilma-69.jpg","type":"image\/jpeg"}],"twitter_card":"summary_large_image","twitter_misc":{"Gesch\u00e4tzte Lesezeit":"1\u00a0Minute"},"schema":{"@context":"https:\/\/schema.org","@graph":[{"@type":"WebPage","@id":"https:\/\/farmerrain.com\/de\/produkt\/tallienhose-bio\/","url":"https:\/\/farmerrain.com\/de\/produkt\/tallienhose-bio\/","name":"Tallienhose bio+ | Farmerrain - H\u00e5llbara regnkl\u00e4der","isPartOf":{"@id":"https:\/\/farmerrain.com\/#website"},"primaryImageOfPage":{"@id":"https:\/\/farmerrain.com\/de\/produkt\/tallienhose-bio\/#primaryimage"},"image":{"@id":"https:\/\/farmerrain.com\/de\/produkt\/tallienhose-bio\/#primaryimage"},"thumbnailUrl":"https:\/\/farmerrain.com\/wp-content\/uploads\/2025\/10\/ElinEllen-och-Wilma-69.jpg","datePublished":"2025-10-29T10:50:22+00:00","dateModified":"2026-04-14T22:44:33+00:00","description":"Taillenhose in Unisex-Ausf\u00fchrung mit elastischem Taillenbund, sowie Kordelzug und Druckkn\u00f6pfen. Verstellbare Druckknfpfverschl\u00fcsse an den Beinabschl\u00fcssen.","breadcrumb":{"@id":"https:\/\/farmerrain.com\/de\/produkt\/tallienhose-bio\/#breadcrumb"},"inLanguage":"de","potentialAction":[{"@type":"ReadAction","target":["https:\/\/farmerrain.com\/de\/produkt\/tallienhose-bio\/"]}]},{"@type":"ImageObject","inLanguage":"de","@id":"https:\/\/farmerrain.com\/de\/produkt\/tallienhose-bio\/#primaryimage","url":"https:\/\/farmerrain.com\/wp-content\/uploads\/2025\/10\/ElinEllen-och-Wilma-69.jpg","contentUrl":"https:\/\/farmerrain.com\/wp-content\/uploads\/2025\/10\/ElinEllen-och-Wilma-69.jpg","width":1080,"height":1350},{"@type":"BreadcrumbList","@id":"https:\/\/farmerrain.com\/de\/produkt\/tallienhose-bio\/#breadcrumb","itemListElement":[{"@type":"ListItem","position":1,"name":"Shop","item":"https:\/\/farmerrain.com\/de\/shop-2\/"},{"@type":"ListItem","position":2,"name":"Tallienhose bio+"}]},{"@type":"WebSite","@id":"https:\/\/farmerrain.com\/#website","url":"https:\/\/farmerrain.com\/","name":"Farmerrain - H\u00e5llbara regnkl\u00e4der","description":"Regnkl\u00e4der med fokus p\u00e5 h\u00e5llbarhet, funktionalitet och unik design.","publisher":{"@id":"https:\/\/farmerrain.com\/#organization"},"potentialAction":[{"@type":"SearchAction","target":{"@type":"EntryPoint","urlTemplate":"https:\/\/farmerrain.com\/?s={search_term_string}"},"query-input":{"@type":"PropertyValueSpecification","valueRequired":true,"valueName":"search_term_string"}}],"inLanguage":"de"},{"@type":"Organization","@id":"https:\/\/farmerrain.com\/#organization","name":"Farmerrain","url":"https:\/\/farmerrain.com\/","logo":{"@type":"ImageObject","inLanguage":"de","@id":"https:\/\/farmerrain.com\/#\/schema\/logo\/image\/","url":"https:\/\/farmerrain.com\/wp-content\/uploads\/2023\/03\/fr_logo.png","contentUrl":"https:\/\/farmerrain.com\/wp-content\/uploads\/2023\/03\/fr_logo.png","width":179,"height":23,"caption":"Farmerrain"},"image":{"@id":"https:\/\/farmerrain.com\/#\/schema\/logo\/image\/"},"sameAs":["https:\/\/www.facebook.com\/people\/Farmerrain\/100063463901438\/"]}]}},"_links":{"self":[{"href":"https:\/\/farmerrain.com\/de\/wp-json\/wp\/v2\/product\/72846","targetHints":{"allow":["GET"]}}],"collection":[{"href":"https:\/\/farmerrain.com\/de\/wp-json\/wp\/v2\/product"}],"about":[{"href":"https:\/\/farmerrain.com\/de\/wp-json\/wp\/v2\/types\/product"}],"replies":[{"embeddable":true,"href":"https:\/\/farmerrain.com\/de\/wp-json\/wp\/v2\/comments?post=72846"}],"wp:featuredmedia":[{"embeddable":true,"href":"https:\/\/farmerrain.com\/de\/wp-json\/wp\/v2\/media\/72808"}],"wp:attachment":[{"href":"https:\/\/farmerrain.com\/de\/wp-json\/wp\/v2\/media?parent=72846"}],"wp:term":[{"taxonomy":"product_brand","embeddable":true,"href":"https:\/\/farmerrain.com\/de\/wp-json\/wp\/v2\/product_brand?post=72846"},{"taxonomy":"product_cat","embeddable":true,"href":"https:\/\/farmerrain.com\/de\/wp-json\/wp\/v2\/product_cat?post=72846"},{"taxonomy":"product_tag","embeddable":true,"href":"https:\/\/farmerrain.com\/de\/wp-json\/wp\/v2\/product_tag?post=72846"},{"taxonomy":"activity","embeddable":true,"href":"https:\/\/farmerrain.com\/de\/wp-json\/wp\/v2\/activity?post=72846"}],"curies":[{"name":"wp","href":"https:\/\/api.w.org\/{rel}","templated":true}]}}