{"id":72594,"date":"2025-10-20T15:09:27","date_gmt":"2025-10-20T13:09:27","guid":{"rendered":"https:\/\/farmerrain.com\/?post_type=product&#038;p=72594"},"modified":"2026-03-25T14:20:00","modified_gmt":"2026-03-25T13:20:00","slug":"adventure-lava-edition-jacke","status":"publish","type":"product","link":"https:\/\/farmerrain.com\/de\/produkt\/adventure-lava-edition-jacke\/","title":{"rendered":"Adventure Lava Edition Jacke"},"content":{"rendered":"<p>Adventure ist eine Outdoor-Jacke, die f\u00fcr diejenigen entwickelt wurde, die sich mehr in der Natur bewegen.<\/p>\n<p>GPS-Tasche<\/p>\n<p>Zwei Fronttaschen<\/p>\n<p>Innentasche mit Rei\u00dfverschluss<\/p>\n<p>Rei\u00dfverschluss und Klettverschluss<\/p>\n<p>Kapuze mit Kordelz\u00fcgen und Metallstoppern<\/p>\n<p>Raglan\u00e4rmel f\u00fcr optimale Bewegungsfreiheit mit B\u00fcndchen an den \u00c4rmeln<\/p>\n<p>Kordelzug unten f\u00fcr individuelle Anpassung Bel\u00fcftung im R\u00fccken<\/p>\n<p>Reflektierende Details an den Armen<\/p>\n<p>Verschwei\u00dfte N\u00e4hte<\/p>\n<p>Material:<\/p>\n<div id=\"tab-description\" class=\"woocommerce-Tabs-panel woocommerce-Tabs-panel--description panel entry-content wc-tab resp-tab-content resp-tab-content-active\" role=\"tabpanel\" aria-labelledby=\"tab_item-0\">\n<p>Bio+vinyl 430 g\/m\u00b2.<\/p>\n<p>\u00d6l- und k\u00e4ltebest\u00e4ndig,<\/p>\n<p>Wassers\u00e4ule &gt; 20000.<\/p>\n<p>&nbsp;<\/p>\n<\/div>\n<p>&nbsp;<\/p>\n","protected":false},"excerpt":{"rendered":"<p>Adventure ist eine Outdoor-Jacke, die f\u00fcr diejenigen entwickelt wurde, die sich mehr in der Natur bewegen. GPS-Tasche Zwei Fronttaschen Innentasche mit Rei\u00dfverschluss Rei\u00dfverschluss und Klettverschluss Kapuze mit Kordelz\u00fcgen und Metallstoppern Raglan\u00e4rmel f\u00fcr optimale Bewegungsfreiheit mit B\u00fcndchen an den \u00c4rmeln Kordelzug unten f\u00fcr individuelle Anpassung Bel\u00fcftung im R\u00fccken Reflektierende Details an den Armen Verschwei\u00dfte N\u00e4hte Material: [&hellip;]<\/p>\n","protected":false},"featured_media":72551,"comment_status":"open","ping_status":"closed","template":"","meta":{"_acf_changed":false},"product_brand":[],"product_cat":[1286,1294],"product_tag":[765],"activity":[1095,1103],"class_list":{"0":"post-72594","1":"product","2":"type-product","3":"status-publish","4":"has-post-thumbnail","6":"product_cat-regenbekleidung","7":"product_cat-regenbekleidung-regenjacken","8":"product_tag-yrkesklader-de","9":"activity-outdoor-natur","10":"activity-regenjacken-outdoor-and-natur","12":"first","13":"instock","14":"taxable","15":"shipping-taxable","16":"purchasable","17":"product-type-variable","18":"has-default-attributes","19":"rtwpvg-product","20":"rtwpvs-product"},"acf":[],"shsp-ext":{"main":{},"variations":[]},"yoast_head":"<!-- This site is optimized with the Yoast SEO plugin v27.2 - https:\/\/yoast.com\/product\/yoast-seo-wordpress\/ -->\n<title>Adventure Lava Edition Jacke | Farmerrain - H\u00e5llbara regnkl\u00e4der<\/title>\n<meta name=\"description\" content=\"Adventure ist eine Outdoor-Jacke, die f\u00fcr diejenigen entwickelt wurde, die sich mehr in der Natur bewegen. GPS-Tasche Zwei Fronttaschen Innentasche mit\" \/>\n<meta name=\"robots\" content=\"index, follow, max-snippet:-1, max-image-preview:large, max-video-preview:-1\" \/>\n<link rel=\"canonical\" href=\"https:\/\/farmerrain.com\/produkt\/adventure-lava-edition-jacka\/\" \/>\n<meta property=\"og:locale\" content=\"de_DE\" \/>\n<meta property=\"og:type\" content=\"article\" \/>\n<meta property=\"og:title\" content=\"Adventure Lava Edition Jacke | Farmerrain - H\u00e5llbara regnkl\u00e4der\" \/>\n<meta property=\"og:description\" content=\"Adventure ist eine Outdoor-Jacke, die f\u00fcr diejenigen entwickelt wurde, die sich mehr in der Natur bewegen. GPS-Tasche Zwei Fronttaschen Innentasche mit\" \/>\n<meta property=\"og:url\" content=\"https:\/\/farmerrain.com\/produkt\/adventure-lava-edition-jacka\/\" \/>\n<meta property=\"og:site_name\" content=\"Farmerrain - H\u00e5llbara regnkl\u00e4der\" \/>\n<meta property=\"article:publisher\" content=\"https:\/\/www.facebook.com\/people\/Farmerrain\/100063463901438\/\" \/>\n<meta property=\"article:modified_time\" content=\"2026-03-25T13:20:00+00:00\" \/>\n<meta property=\"og:image\" content=\"https:\/\/farmerrain.com\/wp-content\/uploads\/2025\/10\/ElinEllen-och-Wilma-238.jpg\" \/>\n\t<meta property=\"og:image:width\" content=\"1080\" \/>\n\t<meta property=\"og:image:height\" content=\"1350\" \/>\n\t<meta property=\"og:image:type\" content=\"image\/jpeg\" \/>\n<meta name=\"twitter:card\" content=\"summary_large_image\" \/>\n<meta name=\"twitter:label1\" content=\"Gesch\u00e4tzte Lesezeit\" \/>\n\t<meta name=\"twitter:data1\" content=\"1\u00a0Minute\" \/>\n<script type=\"application\/ld+json\" class=\"yoast-schema-graph\">{\"@context\":\"https:\/\/schema.org\",\"@graph\":[{\"@type\":\"WebPage\",\"@id\":\"https:\/\/farmerrain.com\/produkt\/adventure-lava-edition-jacka\/\",\"url\":\"https:\/\/farmerrain.com\/produkt\/adventure-lava-edition-jacka\/\",\"name\":\"Adventure Lava Edition Jacke | Farmerrain - H\u00e5llbara regnkl\u00e4der\",\"isPartOf\":{\"@id\":\"https:\/\/farmerrain.com\/#website\"},\"primaryImageOfPage\":{\"@id\":\"https:\/\/farmerrain.com\/produkt\/adventure-lava-edition-jacka\/#primaryimage\"},\"image\":{\"@id\":\"https:\/\/farmerrain.com\/produkt\/adventure-lava-edition-jacka\/#primaryimage\"},\"thumbnailUrl\":\"https:\/\/farmerrain.com\/wp-content\/uploads\/2025\/10\/ElinEllen-och-Wilma-238.jpg\",\"datePublished\":\"2025-10-20T13:09:27+00:00\",\"dateModified\":\"2026-03-25T13:20:00+00:00\",\"description\":\"Adventure ist eine Outdoor-Jacke, die f\u00fcr diejenigen entwickelt wurde, die sich mehr in der Natur bewegen. GPS-Tasche Zwei Fronttaschen Innentasche mit\",\"breadcrumb\":{\"@id\":\"https:\/\/farmerrain.com\/produkt\/adventure-lava-edition-jacka\/#breadcrumb\"},\"inLanguage\":\"de\",\"potentialAction\":[{\"@type\":\"ReadAction\",\"target\":[\"https:\/\/farmerrain.com\/produkt\/adventure-lava-edition-jacka\/\"]}]},{\"@type\":\"ImageObject\",\"inLanguage\":\"de\",\"@id\":\"https:\/\/farmerrain.com\/produkt\/adventure-lava-edition-jacka\/#primaryimage\",\"url\":\"https:\/\/farmerrain.com\/wp-content\/uploads\/2025\/10\/ElinEllen-och-Wilma-238.jpg\",\"contentUrl\":\"https:\/\/farmerrain.com\/wp-content\/uploads\/2025\/10\/ElinEllen-och-Wilma-238.jpg\",\"width\":1080,\"height\":1350},{\"@type\":\"BreadcrumbList\",\"@id\":\"https:\/\/farmerrain.com\/produkt\/adventure-lava-edition-jacka\/#breadcrumb\",\"itemListElement\":[{\"@type\":\"ListItem\",\"position\":1,\"name\":\"Shop\",\"item\":\"https:\/\/farmerrain.com\/de\/shop-2\/\"},{\"@type\":\"ListItem\",\"position\":2,\"name\":\"Adventure Lava Edition Jacke\"}]},{\"@type\":\"WebSite\",\"@id\":\"https:\/\/farmerrain.com\/#website\",\"url\":\"https:\/\/farmerrain.com\/\",\"name\":\"Farmerrain - H\u00e5llbara regnkl\u00e4der\",\"description\":\"Regnkl\u00e4der med fokus p\u00e5 h\u00e5llbarhet, funktionalitet och unik design.\",\"publisher\":{\"@id\":\"https:\/\/farmerrain.com\/#organization\"},\"potentialAction\":[{\"@type\":\"SearchAction\",\"target\":{\"@type\":\"EntryPoint\",\"urlTemplate\":\"https:\/\/farmerrain.com\/?s={search_term_string}\"},\"query-input\":{\"@type\":\"PropertyValueSpecification\",\"valueRequired\":true,\"valueName\":\"search_term_string\"}}],\"inLanguage\":\"de\"},{\"@type\":\"Organization\",\"@id\":\"https:\/\/farmerrain.com\/#organization\",\"name\":\"Farmerrain\",\"url\":\"https:\/\/farmerrain.com\/\",\"logo\":{\"@type\":\"ImageObject\",\"inLanguage\":\"de\",\"@id\":\"https:\/\/farmerrain.com\/#\/schema\/logo\/image\/\",\"url\":\"https:\/\/farmerrain.com\/wp-content\/uploads\/2023\/03\/fr_logo.png\",\"contentUrl\":\"https:\/\/farmerrain.com\/wp-content\/uploads\/2023\/03\/fr_logo.png\",\"width\":179,\"height\":23,\"caption\":\"Farmerrain\"},\"image\":{\"@id\":\"https:\/\/farmerrain.com\/#\/schema\/logo\/image\/\"},\"sameAs\":[\"https:\/\/www.facebook.com\/people\/Farmerrain\/100063463901438\/\"]}]}<\/script>\n<!-- \/ Yoast SEO plugin. -->","yoast_head_json":{"title":"Adventure Lava Edition Jacke | Farmerrain - H\u00e5llbara regnkl\u00e4der","description":"Adventure ist eine Outdoor-Jacke, die f\u00fcr diejenigen entwickelt wurde, die sich mehr in der Natur bewegen. GPS-Tasche Zwei Fronttaschen Innentasche mit","robots":{"index":"index","follow":"follow","max-snippet":"max-snippet:-1","max-image-preview":"max-image-preview:large","max-video-preview":"max-video-preview:-1"},"canonical":"https:\/\/farmerrain.com\/produkt\/adventure-lava-edition-jacka\/","og_locale":"de_DE","og_type":"article","og_title":"Adventure Lava Edition Jacke | Farmerrain - H\u00e5llbara regnkl\u00e4der","og_description":"Adventure ist eine Outdoor-Jacke, die f\u00fcr diejenigen entwickelt wurde, die sich mehr in der Natur bewegen. GPS-Tasche Zwei Fronttaschen Innentasche mit","og_url":"https:\/\/farmerrain.com\/produkt\/adventure-lava-edition-jacka\/","og_site_name":"Farmerrain - H\u00e5llbara regnkl\u00e4der","article_publisher":"https:\/\/www.facebook.com\/people\/Farmerrain\/100063463901438\/","article_modified_time":"2026-03-25T13:20:00+00:00","og_image":[{"width":1080,"height":1350,"url":"https:\/\/farmerrain.com\/wp-content\/uploads\/2025\/10\/ElinEllen-och-Wilma-238.jpg","type":"image\/jpeg"}],"twitter_card":"summary_large_image","twitter_misc":{"Gesch\u00e4tzte Lesezeit":"1\u00a0Minute"},"schema":{"@context":"https:\/\/schema.org","@graph":[{"@type":"WebPage","@id":"https:\/\/farmerrain.com\/produkt\/adventure-lava-edition-jacka\/","url":"https:\/\/farmerrain.com\/produkt\/adventure-lava-edition-jacka\/","name":"Adventure Lava Edition Jacke | Farmerrain - H\u00e5llbara regnkl\u00e4der","isPartOf":{"@id":"https:\/\/farmerrain.com\/#website"},"primaryImageOfPage":{"@id":"https:\/\/farmerrain.com\/produkt\/adventure-lava-edition-jacka\/#primaryimage"},"image":{"@id":"https:\/\/farmerrain.com\/produkt\/adventure-lava-edition-jacka\/#primaryimage"},"thumbnailUrl":"https:\/\/farmerrain.com\/wp-content\/uploads\/2025\/10\/ElinEllen-och-Wilma-238.jpg","datePublished":"2025-10-20T13:09:27+00:00","dateModified":"2026-03-25T13:20:00+00:00","description":"Adventure ist eine Outdoor-Jacke, die f\u00fcr diejenigen entwickelt wurde, die sich mehr in der Natur bewegen. GPS-Tasche Zwei Fronttaschen Innentasche mit","breadcrumb":{"@id":"https:\/\/farmerrain.com\/produkt\/adventure-lava-edition-jacka\/#breadcrumb"},"inLanguage":"de","potentialAction":[{"@type":"ReadAction","target":["https:\/\/farmerrain.com\/produkt\/adventure-lava-edition-jacka\/"]}]},{"@type":"ImageObject","inLanguage":"de","@id":"https:\/\/farmerrain.com\/produkt\/adventure-lava-edition-jacka\/#primaryimage","url":"https:\/\/farmerrain.com\/wp-content\/uploads\/2025\/10\/ElinEllen-och-Wilma-238.jpg","contentUrl":"https:\/\/farmerrain.com\/wp-content\/uploads\/2025\/10\/ElinEllen-och-Wilma-238.jpg","width":1080,"height":1350},{"@type":"BreadcrumbList","@id":"https:\/\/farmerrain.com\/produkt\/adventure-lava-edition-jacka\/#breadcrumb","itemListElement":[{"@type":"ListItem","position":1,"name":"Shop","item":"https:\/\/farmerrain.com\/de\/shop-2\/"},{"@type":"ListItem","position":2,"name":"Adventure Lava Edition Jacke"}]},{"@type":"WebSite","@id":"https:\/\/farmerrain.com\/#website","url":"https:\/\/farmerrain.com\/","name":"Farmerrain - H\u00e5llbara regnkl\u00e4der","description":"Regnkl\u00e4der med fokus p\u00e5 h\u00e5llbarhet, funktionalitet och unik design.","publisher":{"@id":"https:\/\/farmerrain.com\/#organization"},"potentialAction":[{"@type":"SearchAction","target":{"@type":"EntryPoint","urlTemplate":"https:\/\/farmerrain.com\/?s={search_term_string}"},"query-input":{"@type":"PropertyValueSpecification","valueRequired":true,"valueName":"search_term_string"}}],"inLanguage":"de"},{"@type":"Organization","@id":"https:\/\/farmerrain.com\/#organization","name":"Farmerrain","url":"https:\/\/farmerrain.com\/","logo":{"@type":"ImageObject","inLanguage":"de","@id":"https:\/\/farmerrain.com\/#\/schema\/logo\/image\/","url":"https:\/\/farmerrain.com\/wp-content\/uploads\/2023\/03\/fr_logo.png","contentUrl":"https:\/\/farmerrain.com\/wp-content\/uploads\/2023\/03\/fr_logo.png","width":179,"height":23,"caption":"Farmerrain"},"image":{"@id":"https:\/\/farmerrain.com\/#\/schema\/logo\/image\/"},"sameAs":["https:\/\/www.facebook.com\/people\/Farmerrain\/100063463901438\/"]}]}},"_links":{"self":[{"href":"https:\/\/farmerrain.com\/de\/wp-json\/wp\/v2\/product\/72594","targetHints":{"allow":["GET"]}}],"collection":[{"href":"https:\/\/farmerrain.com\/de\/wp-json\/wp\/v2\/product"}],"about":[{"href":"https:\/\/farmerrain.com\/de\/wp-json\/wp\/v2\/types\/product"}],"replies":[{"embeddable":true,"href":"https:\/\/farmerrain.com\/de\/wp-json\/wp\/v2\/comments?post=72594"}],"wp:featuredmedia":[{"embeddable":true,"href":"https:\/\/farmerrain.com\/de\/wp-json\/wp\/v2\/media\/72551"}],"wp:attachment":[{"href":"https:\/\/farmerrain.com\/de\/wp-json\/wp\/v2\/media?parent=72594"}],"wp:term":[{"taxonomy":"product_brand","embeddable":true,"href":"https:\/\/farmerrain.com\/de\/wp-json\/wp\/v2\/product_brand?post=72594"},{"taxonomy":"product_cat","embeddable":true,"href":"https:\/\/farmerrain.com\/de\/wp-json\/wp\/v2\/product_cat?post=72594"},{"taxonomy":"product_tag","embeddable":true,"href":"https:\/\/farmerrain.com\/de\/wp-json\/wp\/v2\/product_tag?post=72594"},{"taxonomy":"activity","embeddable":true,"href":"https:\/\/farmerrain.com\/de\/wp-json\/wp\/v2\/activity?post=72594"}],"curies":[{"name":"wp","href":"https:\/\/api.w.org\/{rel}","templated":true}]}}