{"id":72531,"date":"2025-10-20T14:31:42","date_gmt":"2025-10-20T12:31:42","guid":{"rendered":"https:\/\/farmerrain.com\/?post_type=product&#038;p=72531"},"modified":"2026-03-25T14:20:16","modified_gmt":"2026-03-25T13:20:16","slug":"72531","status":"publish","type":"product","link":"https:\/\/farmerrain.com\/de\/produkt\/72531\/","title":{"rendered":"Adventure Lava Edition Latzhose"},"content":{"rendered":"<p>Abenteuer-Tr\u00e4gerhosen f\u00fcr alle, die sich etwas mehr bewegen.<\/p>\n<p>Verstellbare Hosentr\u00e4ger in bester Qualit\u00e4t.<\/p>\n<p>Gummizug im R\u00fccken f\u00fcr eine bessere Passform.<\/p>\n<p>Verdeckter Frontrei\u00dfverschluss mit Sperrfunktion, damit du nicht nass wirst.<\/p>\n<p>Gro\u00dfe Spezialtasche vorne am Bein f\u00fcr ein Handy mit wasserdichter H\u00fclle.<\/p>\n<p>Offene Tasche an der Seite zusammen mit einer Tasche f\u00fcr einen Zollstock.<\/p>\n<p>Elastisch unter dem Fu\u00df und auch um den Fu\u00df herum f\u00fcr die beste Passform.<\/p>\n<p>Reflektor um das Bein herum.<\/p>\n<p>Tasche an den Knien f\u00fcr Knieschutzpolster.<\/p>\n<p>Verst\u00e4rkungen am Ges\u00e4\u00df und an den Knien in Kontrastfarbe.<\/p>\n<p>Knopfverstellung an der Seite.<\/p>\n<p>Verschwei\u00dfte N\u00e4hte.<\/p>\n<p>&nbsp;<\/p>\n<p>MATERIAL<br \/>\nBiovinyl\u2122 430 Gramm.<\/p>\n<p>\u00d6lbest\u00e4ndig, Wassers\u00e4ule &gt; 20000mm<\/p>\n<p>&nbsp;<\/p>\n","protected":false},"excerpt":{"rendered":"<p>Abenteuer-Tr\u00e4gerhosen f\u00fcr alle, die sich etwas mehr bewegen. Verstellbare Hosentr\u00e4ger in bester Qualit\u00e4t. Gummizug im R\u00fccken f\u00fcr eine bessere Passform. Verdeckter Frontrei\u00dfverschluss mit Sperrfunktion, damit du nicht nass wirst. Gro\u00dfe Spezialtasche vorne am Bein f\u00fcr ein Handy mit wasserdichter H\u00fclle. Offene Tasche an der Seite zusammen mit einer Tasche f\u00fcr einen Zollstock. Elastisch unter dem [&hellip;]<\/p>\n","protected":false},"featured_media":72491,"comment_status":"open","ping_status":"closed","template":"","meta":{"_acf_changed":false},"product_brand":[],"product_cat":[1289,1286],"product_tag":[765],"activity":[1099,1095],"class_list":{"0":"post-72531","1":"product","2":"type-product","3":"status-publish","4":"has-post-thumbnail","6":"product_cat-regenbekleidung-latzhosen","7":"product_cat-regenbekleidung","8":"product_tag-yrkesklader-de","9":"activity-latzhosen-outdoor-and-natur","10":"activity-outdoor-natur","12":"first","13":"instock","14":"taxable","15":"shipping-taxable","16":"purchasable","17":"product-type-variable","18":"has-default-attributes","19":"rtwpvg-product","20":"rtwpvs-product"},"acf":[],"shsp-ext":{"main":{},"variations":[]},"yoast_head":"<!-- This site is optimized with the Yoast SEO plugin v27.2 - https:\/\/yoast.com\/product\/yoast-seo-wordpress\/ -->\n<title>Adventure Lava Edition Latzhose | Farmerrain - H\u00e5llbara regnkl\u00e4der<\/title>\n<meta name=\"description\" content=\"Abenteuer-Tr\u00e4gerhosen f\u00fcr alle, die sich etwas mehr bewegen. Verstellbare Hosentr\u00e4ger in bester Qualit\u00e4t. Gummizug im R\u00fccken f\u00fcr eine bessere Passform.\" \/>\n<meta name=\"robots\" content=\"index, follow, max-snippet:-1, max-image-preview:large, max-video-preview:-1\" \/>\n<link rel=\"canonical\" href=\"https:\/\/farmerrain.com\/produkt\/adventure-lava-edition-hangselbyxa\/\" \/>\n<meta property=\"og:locale\" content=\"de_DE\" \/>\n<meta property=\"og:type\" content=\"article\" \/>\n<meta property=\"og:title\" content=\"Adventure Lava Edition Latzhose | Farmerrain - H\u00e5llbara regnkl\u00e4der\" \/>\n<meta property=\"og:description\" content=\"Abenteuer-Tr\u00e4gerhosen f\u00fcr alle, die sich etwas mehr bewegen. Verstellbare Hosentr\u00e4ger in bester Qualit\u00e4t. Gummizug im R\u00fccken f\u00fcr eine bessere Passform.\" \/>\n<meta property=\"og:url\" content=\"https:\/\/farmerrain.com\/produkt\/adventure-lava-edition-hangselbyxa\/\" \/>\n<meta property=\"og:site_name\" content=\"Farmerrain - H\u00e5llbara regnkl\u00e4der\" \/>\n<meta property=\"article:publisher\" content=\"https:\/\/www.facebook.com\/people\/Farmerrain\/100063463901438\/\" \/>\n<meta property=\"article:modified_time\" content=\"2026-03-25T13:20:16+00:00\" \/>\n<meta property=\"og:image\" content=\"https:\/\/farmerrain.com\/wp-content\/uploads\/2025\/10\/PY-och-Marina-41.jpg\" \/>\n\t<meta property=\"og:image:width\" content=\"1080\" \/>\n\t<meta property=\"og:image:height\" content=\"1440\" \/>\n\t<meta property=\"og:image:type\" content=\"image\/jpeg\" \/>\n<meta name=\"twitter:card\" content=\"summary_large_image\" \/>\n<meta name=\"twitter:label1\" content=\"Gesch\u00e4tzte Lesezeit\" \/>\n\t<meta name=\"twitter:data1\" content=\"1\u00a0Minute\" \/>\n<script type=\"application\/ld+json\" class=\"yoast-schema-graph\">{\"@context\":\"https:\/\/schema.org\",\"@graph\":[{\"@type\":\"WebPage\",\"@id\":\"https:\/\/farmerrain.com\/produkt\/adventure-lava-edition-hangselbyxa\/\",\"url\":\"https:\/\/farmerrain.com\/produkt\/adventure-lava-edition-hangselbyxa\/\",\"name\":\"Adventure Lava Edition Latzhose | Farmerrain - H\u00e5llbara regnkl\u00e4der\",\"isPartOf\":{\"@id\":\"https:\/\/farmerrain.com\/#website\"},\"primaryImageOfPage\":{\"@id\":\"https:\/\/farmerrain.com\/produkt\/adventure-lava-edition-hangselbyxa\/#primaryimage\"},\"image\":{\"@id\":\"https:\/\/farmerrain.com\/produkt\/adventure-lava-edition-hangselbyxa\/#primaryimage\"},\"thumbnailUrl\":\"https:\/\/farmerrain.com\/wp-content\/uploads\/2025\/10\/PY-och-Marina-41.jpg\",\"datePublished\":\"2025-10-20T12:31:42+00:00\",\"dateModified\":\"2026-03-25T13:20:16+00:00\",\"description\":\"Abenteuer-Tr\u00e4gerhosen f\u00fcr alle, die sich etwas mehr bewegen. Verstellbare Hosentr\u00e4ger in bester Qualit\u00e4t. Gummizug im R\u00fccken f\u00fcr eine bessere Passform.\",\"breadcrumb\":{\"@id\":\"https:\/\/farmerrain.com\/produkt\/adventure-lava-edition-hangselbyxa\/#breadcrumb\"},\"inLanguage\":\"de\",\"potentialAction\":[{\"@type\":\"ReadAction\",\"target\":[\"https:\/\/farmerrain.com\/produkt\/adventure-lava-edition-hangselbyxa\/\"]}]},{\"@type\":\"ImageObject\",\"inLanguage\":\"de\",\"@id\":\"https:\/\/farmerrain.com\/produkt\/adventure-lava-edition-hangselbyxa\/#primaryimage\",\"url\":\"https:\/\/farmerrain.com\/wp-content\/uploads\/2025\/10\/PY-och-Marina-41.jpg\",\"contentUrl\":\"https:\/\/farmerrain.com\/wp-content\/uploads\/2025\/10\/PY-och-Marina-41.jpg\",\"width\":1080,\"height\":1440},{\"@type\":\"BreadcrumbList\",\"@id\":\"https:\/\/farmerrain.com\/produkt\/adventure-lava-edition-hangselbyxa\/#breadcrumb\",\"itemListElement\":[{\"@type\":\"ListItem\",\"position\":1,\"name\":\"Shop\",\"item\":\"https:\/\/farmerrain.com\/de\/shop-2\/\"},{\"@type\":\"ListItem\",\"position\":2,\"name\":\"Adventure Lava Edition Latzhose\"}]},{\"@type\":\"WebSite\",\"@id\":\"https:\/\/farmerrain.com\/#website\",\"url\":\"https:\/\/farmerrain.com\/\",\"name\":\"Farmerrain - H\u00e5llbara regnkl\u00e4der\",\"description\":\"Regnkl\u00e4der med fokus p\u00e5 h\u00e5llbarhet, funktionalitet och unik design.\",\"publisher\":{\"@id\":\"https:\/\/farmerrain.com\/#organization\"},\"potentialAction\":[{\"@type\":\"SearchAction\",\"target\":{\"@type\":\"EntryPoint\",\"urlTemplate\":\"https:\/\/farmerrain.com\/?s={search_term_string}\"},\"query-input\":{\"@type\":\"PropertyValueSpecification\",\"valueRequired\":true,\"valueName\":\"search_term_string\"}}],\"inLanguage\":\"de\"},{\"@type\":\"Organization\",\"@id\":\"https:\/\/farmerrain.com\/#organization\",\"name\":\"Farmerrain\",\"url\":\"https:\/\/farmerrain.com\/\",\"logo\":{\"@type\":\"ImageObject\",\"inLanguage\":\"de\",\"@id\":\"https:\/\/farmerrain.com\/#\/schema\/logo\/image\/\",\"url\":\"https:\/\/farmerrain.com\/wp-content\/uploads\/2023\/03\/fr_logo.png\",\"contentUrl\":\"https:\/\/farmerrain.com\/wp-content\/uploads\/2023\/03\/fr_logo.png\",\"width\":179,\"height\":23,\"caption\":\"Farmerrain\"},\"image\":{\"@id\":\"https:\/\/farmerrain.com\/#\/schema\/logo\/image\/\"},\"sameAs\":[\"https:\/\/www.facebook.com\/people\/Farmerrain\/100063463901438\/\"]}]}<\/script>\n<!-- \/ Yoast SEO plugin. -->","yoast_head_json":{"title":"Adventure Lava Edition Latzhose | Farmerrain - H\u00e5llbara regnkl\u00e4der","description":"Abenteuer-Tr\u00e4gerhosen f\u00fcr alle, die sich etwas mehr bewegen. Verstellbare Hosentr\u00e4ger in bester Qualit\u00e4t. Gummizug im R\u00fccken f\u00fcr eine bessere Passform.","robots":{"index":"index","follow":"follow","max-snippet":"max-snippet:-1","max-image-preview":"max-image-preview:large","max-video-preview":"max-video-preview:-1"},"canonical":"https:\/\/farmerrain.com\/produkt\/adventure-lava-edition-hangselbyxa\/","og_locale":"de_DE","og_type":"article","og_title":"Adventure Lava Edition Latzhose | Farmerrain - H\u00e5llbara regnkl\u00e4der","og_description":"Abenteuer-Tr\u00e4gerhosen f\u00fcr alle, die sich etwas mehr bewegen. Verstellbare Hosentr\u00e4ger in bester Qualit\u00e4t. Gummizug im R\u00fccken f\u00fcr eine bessere Passform.","og_url":"https:\/\/farmerrain.com\/produkt\/adventure-lava-edition-hangselbyxa\/","og_site_name":"Farmerrain - H\u00e5llbara regnkl\u00e4der","article_publisher":"https:\/\/www.facebook.com\/people\/Farmerrain\/100063463901438\/","article_modified_time":"2026-03-25T13:20:16+00:00","og_image":[{"width":1080,"height":1440,"url":"https:\/\/farmerrain.com\/wp-content\/uploads\/2025\/10\/PY-och-Marina-41.jpg","type":"image\/jpeg"}],"twitter_card":"summary_large_image","twitter_misc":{"Gesch\u00e4tzte Lesezeit":"1\u00a0Minute"},"schema":{"@context":"https:\/\/schema.org","@graph":[{"@type":"WebPage","@id":"https:\/\/farmerrain.com\/produkt\/adventure-lava-edition-hangselbyxa\/","url":"https:\/\/farmerrain.com\/produkt\/adventure-lava-edition-hangselbyxa\/","name":"Adventure Lava Edition Latzhose | Farmerrain - H\u00e5llbara regnkl\u00e4der","isPartOf":{"@id":"https:\/\/farmerrain.com\/#website"},"primaryImageOfPage":{"@id":"https:\/\/farmerrain.com\/produkt\/adventure-lava-edition-hangselbyxa\/#primaryimage"},"image":{"@id":"https:\/\/farmerrain.com\/produkt\/adventure-lava-edition-hangselbyxa\/#primaryimage"},"thumbnailUrl":"https:\/\/farmerrain.com\/wp-content\/uploads\/2025\/10\/PY-och-Marina-41.jpg","datePublished":"2025-10-20T12:31:42+00:00","dateModified":"2026-03-25T13:20:16+00:00","description":"Abenteuer-Tr\u00e4gerhosen f\u00fcr alle, die sich etwas mehr bewegen. Verstellbare Hosentr\u00e4ger in bester Qualit\u00e4t. Gummizug im R\u00fccken f\u00fcr eine bessere Passform.","breadcrumb":{"@id":"https:\/\/farmerrain.com\/produkt\/adventure-lava-edition-hangselbyxa\/#breadcrumb"},"inLanguage":"de","potentialAction":[{"@type":"ReadAction","target":["https:\/\/farmerrain.com\/produkt\/adventure-lava-edition-hangselbyxa\/"]}]},{"@type":"ImageObject","inLanguage":"de","@id":"https:\/\/farmerrain.com\/produkt\/adventure-lava-edition-hangselbyxa\/#primaryimage","url":"https:\/\/farmerrain.com\/wp-content\/uploads\/2025\/10\/PY-och-Marina-41.jpg","contentUrl":"https:\/\/farmerrain.com\/wp-content\/uploads\/2025\/10\/PY-och-Marina-41.jpg","width":1080,"height":1440},{"@type":"BreadcrumbList","@id":"https:\/\/farmerrain.com\/produkt\/adventure-lava-edition-hangselbyxa\/#breadcrumb","itemListElement":[{"@type":"ListItem","position":1,"name":"Shop","item":"https:\/\/farmerrain.com\/de\/shop-2\/"},{"@type":"ListItem","position":2,"name":"Adventure Lava Edition Latzhose"}]},{"@type":"WebSite","@id":"https:\/\/farmerrain.com\/#website","url":"https:\/\/farmerrain.com\/","name":"Farmerrain - H\u00e5llbara regnkl\u00e4der","description":"Regnkl\u00e4der med fokus p\u00e5 h\u00e5llbarhet, funktionalitet och unik design.","publisher":{"@id":"https:\/\/farmerrain.com\/#organization"},"potentialAction":[{"@type":"SearchAction","target":{"@type":"EntryPoint","urlTemplate":"https:\/\/farmerrain.com\/?s={search_term_string}"},"query-input":{"@type":"PropertyValueSpecification","valueRequired":true,"valueName":"search_term_string"}}],"inLanguage":"de"},{"@type":"Organization","@id":"https:\/\/farmerrain.com\/#organization","name":"Farmerrain","url":"https:\/\/farmerrain.com\/","logo":{"@type":"ImageObject","inLanguage":"de","@id":"https:\/\/farmerrain.com\/#\/schema\/logo\/image\/","url":"https:\/\/farmerrain.com\/wp-content\/uploads\/2023\/03\/fr_logo.png","contentUrl":"https:\/\/farmerrain.com\/wp-content\/uploads\/2023\/03\/fr_logo.png","width":179,"height":23,"caption":"Farmerrain"},"image":{"@id":"https:\/\/farmerrain.com\/#\/schema\/logo\/image\/"},"sameAs":["https:\/\/www.facebook.com\/people\/Farmerrain\/100063463901438\/"]}]}},"_links":{"self":[{"href":"https:\/\/farmerrain.com\/de\/wp-json\/wp\/v2\/product\/72531","targetHints":{"allow":["GET"]}}],"collection":[{"href":"https:\/\/farmerrain.com\/de\/wp-json\/wp\/v2\/product"}],"about":[{"href":"https:\/\/farmerrain.com\/de\/wp-json\/wp\/v2\/types\/product"}],"replies":[{"embeddable":true,"href":"https:\/\/farmerrain.com\/de\/wp-json\/wp\/v2\/comments?post=72531"}],"wp:featuredmedia":[{"embeddable":true,"href":"https:\/\/farmerrain.com\/de\/wp-json\/wp\/v2\/media\/72491"}],"wp:attachment":[{"href":"https:\/\/farmerrain.com\/de\/wp-json\/wp\/v2\/media?parent=72531"}],"wp:term":[{"taxonomy":"product_brand","embeddable":true,"href":"https:\/\/farmerrain.com\/de\/wp-json\/wp\/v2\/product_brand?post=72531"},{"taxonomy":"product_cat","embeddable":true,"href":"https:\/\/farmerrain.com\/de\/wp-json\/wp\/v2\/product_cat?post=72531"},{"taxonomy":"product_tag","embeddable":true,"href":"https:\/\/farmerrain.com\/de\/wp-json\/wp\/v2\/product_tag?post=72531"},{"taxonomy":"activity","embeddable":true,"href":"https:\/\/farmerrain.com\/de\/wp-json\/wp\/v2\/activity?post=72531"}],"curies":[{"name":"wp","href":"https:\/\/api.w.org\/{rel}","templated":true}]}}