{"id":71842,"date":"2025-09-16T20:42:49","date_gmt":"2025-09-16T18:42:49","guid":{"rendered":"https:\/\/farmerrain.com\/?post_type=product&#038;p=71842"},"modified":"2026-04-21T21:30:29","modified_gmt":"2026-04-21T19:30:29","slug":"sauna-tallienhose","status":"publish","type":"product","link":"https:\/\/farmerrain.com\/de\/produkt\/sauna-tallienhose\/","title":{"rendered":"Sauna Tallienhose"},"content":{"rendered":"<p>Bundhose mit Gummizug.<\/p>\n<p>Die Bundhose ist ungef\u00fcttert.<\/p>\n<p>Gummizug an den Beinabschl\u00fcssen.<\/p>\n<p>Taschen mit Rei\u00dfverschluss<\/p>\n<p>&nbsp;<\/p>\n<p>Material<\/p>\n<p>Gl\u00e4nzendes Bio+<\/p>\n<p>400 Gramm<\/p>\n<p>Wassers\u00e4ule &gt; 20.000 mm<\/p>\n","protected":false},"excerpt":{"rendered":"<p>Bundhose mit Gummizug. Die Bundhose ist ungef\u00fcttert. Gummizug an den Beinabschl\u00fcssen. Taschen mit Rei\u00dfverschluss &nbsp; Material Gl\u00e4nzendes Bio+ 400 Gramm Wassers\u00e4ule &gt; 20.000 mm<\/p>\n","protected":false},"featured_media":72019,"comment_status":"open","ping_status":"closed","template":"","meta":{"_acf_changed":false},"product_brand":[],"product_cat":[1286,1291],"product_tag":[561,765],"activity":[1144,1149],"class_list":{"0":"post-71842","1":"product","2":"type-product","3":"status-publish","4":"has-post-thumbnail","6":"product_cat-regenbekleidung","7":"product_cat-regenbekleidung-taillenhosen","8":"product_tag-mode-de","9":"product_tag-yrkesklader-de","10":"activity-alltag-pendeln","11":"activity-taillenhosen-alltag-and-pendeln","13":"first","14":"instock","15":"taxable","16":"shipping-taxable","17":"purchasable","18":"product-type-variable","19":"has-default-attributes","20":"rtwpvg-product","21":"rtwpvs-product"},"acf":[],"shsp-ext":{"main":{},"variations":[]},"yoast_head":"<!-- This site is optimized with the Yoast SEO plugin v27.5 - https:\/\/yoast.com\/product\/yoast-seo-wordpress\/ -->\n<title>Sauna Tallienhose | Farmerrain - H\u00e5llbara regnkl\u00e4der<\/title>\n<meta name=\"description\" content=\"Bundhose mit Gummizug. Die Bundhose ist ungef\u00fcttert. Gummizug an den Beinabschl\u00fcssen. Taschen mit Rei\u00dfverschluss &nbsp; Material Gl\u00e4nzendes Bio+ 400 Gramm\" \/>\n<meta name=\"robots\" content=\"index, follow, max-snippet:-1, max-image-preview:large, max-video-preview:-1\" \/>\n<link rel=\"canonical\" href=\"https:\/\/farmerrain.com\/de\/produkt\/sauna-tallienhose\/\" \/>\n<meta property=\"og:locale\" content=\"de_DE\" \/>\n<meta property=\"og:type\" content=\"article\" \/>\n<meta property=\"og:title\" content=\"Sauna Tallienhose | Farmerrain - H\u00e5llbara regnkl\u00e4der\" \/>\n<meta property=\"og:description\" content=\"Bundhose mit Gummizug. Die Bundhose ist ungef\u00fcttert. Gummizug an den Beinabschl\u00fcssen. Taschen mit Rei\u00dfverschluss &nbsp; Material Gl\u00e4nzendes Bio+ 400 Gramm\" \/>\n<meta property=\"og:url\" content=\"https:\/\/farmerrain.com\/de\/produkt\/sauna-tallienhose\/\" \/>\n<meta property=\"og:site_name\" content=\"Farmerrain - H\u00e5llbara regnkl\u00e4der\" \/>\n<meta property=\"article:publisher\" content=\"https:\/\/www.facebook.com\/people\/Farmerrain\/100063463901438\/\" \/>\n<meta property=\"article:modified_time\" content=\"2026-04-21T19:30:29+00:00\" \/>\n<meta property=\"og:image\" content=\"https:\/\/farmerrain.com\/wp-content\/uploads\/2025\/09\/Lova-och-Giulia-6.jpg\" \/>\n\t<meta property=\"og:image:width\" content=\"1080\" \/>\n\t<meta property=\"og:image:height\" content=\"1440\" \/>\n\t<meta property=\"og:image:type\" content=\"image\/jpeg\" \/>\n<meta name=\"twitter:card\" content=\"summary_large_image\" \/>\n<meta name=\"twitter:label1\" content=\"Gesch\u00e4tzte Lesezeit\" \/>\n\t<meta name=\"twitter:data1\" content=\"1\u00a0Minute\" \/>\n<script type=\"application\/ld+json\" class=\"yoast-schema-graph\">{\"@context\":\"https:\\\/\\\/schema.org\",\"@graph\":[{\"@type\":\"WebPage\",\"@id\":\"https:\\\/\\\/farmerrain.com\\\/de\\\/produkt\\\/sauna-tallienhose\\\/\",\"url\":\"https:\\\/\\\/farmerrain.com\\\/de\\\/produkt\\\/sauna-tallienhose\\\/\",\"name\":\"Sauna Tallienhose | Farmerrain - H\u00e5llbara regnkl\u00e4der\",\"isPartOf\":{\"@id\":\"https:\\\/\\\/farmerrain.com\\\/#website\"},\"primaryImageOfPage\":{\"@id\":\"https:\\\/\\\/farmerrain.com\\\/de\\\/produkt\\\/sauna-tallienhose\\\/#primaryimage\"},\"image\":{\"@id\":\"https:\\\/\\\/farmerrain.com\\\/de\\\/produkt\\\/sauna-tallienhose\\\/#primaryimage\"},\"thumbnailUrl\":\"https:\\\/\\\/farmerrain.com\\\/wp-content\\\/uploads\\\/2025\\\/09\\\/Lova-och-Giulia-6.jpg\",\"datePublished\":\"2025-09-16T18:42:49+00:00\",\"dateModified\":\"2026-04-21T19:30:29+00:00\",\"description\":\"Bundhose mit Gummizug. Die Bundhose ist ungef\u00fcttert. Gummizug an den Beinabschl\u00fcssen. Taschen mit Rei\u00dfverschluss &nbsp; Material Gl\u00e4nzendes Bio+ 400 Gramm\",\"breadcrumb\":{\"@id\":\"https:\\\/\\\/farmerrain.com\\\/de\\\/produkt\\\/sauna-tallienhose\\\/#breadcrumb\"},\"inLanguage\":\"de\",\"potentialAction\":[{\"@type\":\"ReadAction\",\"target\":[\"https:\\\/\\\/farmerrain.com\\\/de\\\/produkt\\\/sauna-tallienhose\\\/\"]}]},{\"@type\":\"ImageObject\",\"inLanguage\":\"de\",\"@id\":\"https:\\\/\\\/farmerrain.com\\\/de\\\/produkt\\\/sauna-tallienhose\\\/#primaryimage\",\"url\":\"https:\\\/\\\/farmerrain.com\\\/wp-content\\\/uploads\\\/2025\\\/09\\\/Lova-och-Giulia-6.jpg\",\"contentUrl\":\"https:\\\/\\\/farmerrain.com\\\/wp-content\\\/uploads\\\/2025\\\/09\\\/Lova-och-Giulia-6.jpg\",\"width\":1080,\"height\":1440},{\"@type\":\"BreadcrumbList\",\"@id\":\"https:\\\/\\\/farmerrain.com\\\/de\\\/produkt\\\/sauna-tallienhose\\\/#breadcrumb\",\"itemListElement\":[{\"@type\":\"ListItem\",\"position\":1,\"name\":\"Shop\",\"item\":\"https:\\\/\\\/farmerrain.com\\\/de\\\/shop-2\\\/\"},{\"@type\":\"ListItem\",\"position\":2,\"name\":\"Sauna Tallienhose\"}]},{\"@type\":\"WebSite\",\"@id\":\"https:\\\/\\\/farmerrain.com\\\/#website\",\"url\":\"https:\\\/\\\/farmerrain.com\\\/\",\"name\":\"Farmerrain - H\u00e5llbara regnkl\u00e4der\",\"description\":\"Regnkl\u00e4der med fokus p\u00e5 h\u00e5llbarhet, funktionalitet och unik design.\",\"publisher\":{\"@id\":\"https:\\\/\\\/farmerrain.com\\\/#organization\"},\"potentialAction\":[{\"@type\":\"SearchAction\",\"target\":{\"@type\":\"EntryPoint\",\"urlTemplate\":\"https:\\\/\\\/farmerrain.com\\\/?s={search_term_string}\"},\"query-input\":{\"@type\":\"PropertyValueSpecification\",\"valueRequired\":true,\"valueName\":\"search_term_string\"}}],\"inLanguage\":\"de\"},{\"@type\":\"Organization\",\"@id\":\"https:\\\/\\\/farmerrain.com\\\/#organization\",\"name\":\"Farmerrain\",\"url\":\"https:\\\/\\\/farmerrain.com\\\/\",\"logo\":{\"@type\":\"ImageObject\",\"inLanguage\":\"de\",\"@id\":\"https:\\\/\\\/farmerrain.com\\\/#\\\/schema\\\/logo\\\/image\\\/\",\"url\":\"https:\\\/\\\/farmerrain.com\\\/wp-content\\\/uploads\\\/2023\\\/03\\\/fr_logo.png\",\"contentUrl\":\"https:\\\/\\\/farmerrain.com\\\/wp-content\\\/uploads\\\/2023\\\/03\\\/fr_logo.png\",\"width\":179,\"height\":23,\"caption\":\"Farmerrain\"},\"image\":{\"@id\":\"https:\\\/\\\/farmerrain.com\\\/#\\\/schema\\\/logo\\\/image\\\/\"},\"sameAs\":[\"https:\\\/\\\/www.facebook.com\\\/people\\\/Farmerrain\\\/100063463901438\\\/\"]}]}<\/script>\n<!-- \/ Yoast SEO plugin. -->","yoast_head_json":{"title":"Sauna Tallienhose | Farmerrain - H\u00e5llbara regnkl\u00e4der","description":"Bundhose mit Gummizug. Die Bundhose ist ungef\u00fcttert. Gummizug an den Beinabschl\u00fcssen. Taschen mit Rei\u00dfverschluss &nbsp; Material Gl\u00e4nzendes Bio+ 400 Gramm","robots":{"index":"index","follow":"follow","max-snippet":"max-snippet:-1","max-image-preview":"max-image-preview:large","max-video-preview":"max-video-preview:-1"},"canonical":"https:\/\/farmerrain.com\/de\/produkt\/sauna-tallienhose\/","og_locale":"de_DE","og_type":"article","og_title":"Sauna Tallienhose | Farmerrain - H\u00e5llbara regnkl\u00e4der","og_description":"Bundhose mit Gummizug. Die Bundhose ist ungef\u00fcttert. Gummizug an den Beinabschl\u00fcssen. Taschen mit Rei\u00dfverschluss &nbsp; Material Gl\u00e4nzendes Bio+ 400 Gramm","og_url":"https:\/\/farmerrain.com\/de\/produkt\/sauna-tallienhose\/","og_site_name":"Farmerrain - H\u00e5llbara regnkl\u00e4der","article_publisher":"https:\/\/www.facebook.com\/people\/Farmerrain\/100063463901438\/","article_modified_time":"2026-04-21T19:30:29+00:00","og_image":[{"width":1080,"height":1440,"url":"https:\/\/farmerrain.com\/wp-content\/uploads\/2025\/09\/Lova-och-Giulia-6.jpg","type":"image\/jpeg"}],"twitter_card":"summary_large_image","twitter_misc":{"Gesch\u00e4tzte Lesezeit":"1\u00a0Minute"},"schema":{"@context":"https:\/\/schema.org","@graph":[{"@type":"WebPage","@id":"https:\/\/farmerrain.com\/de\/produkt\/sauna-tallienhose\/","url":"https:\/\/farmerrain.com\/de\/produkt\/sauna-tallienhose\/","name":"Sauna Tallienhose | Farmerrain - H\u00e5llbara regnkl\u00e4der","isPartOf":{"@id":"https:\/\/farmerrain.com\/#website"},"primaryImageOfPage":{"@id":"https:\/\/farmerrain.com\/de\/produkt\/sauna-tallienhose\/#primaryimage"},"image":{"@id":"https:\/\/farmerrain.com\/de\/produkt\/sauna-tallienhose\/#primaryimage"},"thumbnailUrl":"https:\/\/farmerrain.com\/wp-content\/uploads\/2025\/09\/Lova-och-Giulia-6.jpg","datePublished":"2025-09-16T18:42:49+00:00","dateModified":"2026-04-21T19:30:29+00:00","description":"Bundhose mit Gummizug. Die Bundhose ist ungef\u00fcttert. Gummizug an den Beinabschl\u00fcssen. Taschen mit Rei\u00dfverschluss &nbsp; Material Gl\u00e4nzendes Bio+ 400 Gramm","breadcrumb":{"@id":"https:\/\/farmerrain.com\/de\/produkt\/sauna-tallienhose\/#breadcrumb"},"inLanguage":"de","potentialAction":[{"@type":"ReadAction","target":["https:\/\/farmerrain.com\/de\/produkt\/sauna-tallienhose\/"]}]},{"@type":"ImageObject","inLanguage":"de","@id":"https:\/\/farmerrain.com\/de\/produkt\/sauna-tallienhose\/#primaryimage","url":"https:\/\/farmerrain.com\/wp-content\/uploads\/2025\/09\/Lova-och-Giulia-6.jpg","contentUrl":"https:\/\/farmerrain.com\/wp-content\/uploads\/2025\/09\/Lova-och-Giulia-6.jpg","width":1080,"height":1440},{"@type":"BreadcrumbList","@id":"https:\/\/farmerrain.com\/de\/produkt\/sauna-tallienhose\/#breadcrumb","itemListElement":[{"@type":"ListItem","position":1,"name":"Shop","item":"https:\/\/farmerrain.com\/de\/shop-2\/"},{"@type":"ListItem","position":2,"name":"Sauna Tallienhose"}]},{"@type":"WebSite","@id":"https:\/\/farmerrain.com\/#website","url":"https:\/\/farmerrain.com\/","name":"Farmerrain - H\u00e5llbara regnkl\u00e4der","description":"Regnkl\u00e4der med fokus p\u00e5 h\u00e5llbarhet, funktionalitet och unik design.","publisher":{"@id":"https:\/\/farmerrain.com\/#organization"},"potentialAction":[{"@type":"SearchAction","target":{"@type":"EntryPoint","urlTemplate":"https:\/\/farmerrain.com\/?s={search_term_string}"},"query-input":{"@type":"PropertyValueSpecification","valueRequired":true,"valueName":"search_term_string"}}],"inLanguage":"de"},{"@type":"Organization","@id":"https:\/\/farmerrain.com\/#organization","name":"Farmerrain","url":"https:\/\/farmerrain.com\/","logo":{"@type":"ImageObject","inLanguage":"de","@id":"https:\/\/farmerrain.com\/#\/schema\/logo\/image\/","url":"https:\/\/farmerrain.com\/wp-content\/uploads\/2023\/03\/fr_logo.png","contentUrl":"https:\/\/farmerrain.com\/wp-content\/uploads\/2023\/03\/fr_logo.png","width":179,"height":23,"caption":"Farmerrain"},"image":{"@id":"https:\/\/farmerrain.com\/#\/schema\/logo\/image\/"},"sameAs":["https:\/\/www.facebook.com\/people\/Farmerrain\/100063463901438\/"]}]}},"_links":{"self":[{"href":"https:\/\/farmerrain.com\/de\/wp-json\/wp\/v2\/product\/71842","targetHints":{"allow":["GET"]}}],"collection":[{"href":"https:\/\/farmerrain.com\/de\/wp-json\/wp\/v2\/product"}],"about":[{"href":"https:\/\/farmerrain.com\/de\/wp-json\/wp\/v2\/types\/product"}],"replies":[{"embeddable":true,"href":"https:\/\/farmerrain.com\/de\/wp-json\/wp\/v2\/comments?post=71842"}],"wp:featuredmedia":[{"embeddable":true,"href":"https:\/\/farmerrain.com\/de\/wp-json\/wp\/v2\/media\/72019"}],"wp:attachment":[{"href":"https:\/\/farmerrain.com\/de\/wp-json\/wp\/v2\/media?parent=71842"}],"wp:term":[{"taxonomy":"product_brand","embeddable":true,"href":"https:\/\/farmerrain.com\/de\/wp-json\/wp\/v2\/product_brand?post=71842"},{"taxonomy":"product_cat","embeddable":true,"href":"https:\/\/farmerrain.com\/de\/wp-json\/wp\/v2\/product_cat?post=71842"},{"taxonomy":"product_tag","embeddable":true,"href":"https:\/\/farmerrain.com\/de\/wp-json\/wp\/v2\/product_tag?post=71842"},{"taxonomy":"activity","embeddable":true,"href":"https:\/\/farmerrain.com\/de\/wp-json\/wp\/v2\/activity?post=71842"}],"curies":[{"name":"wp","href":"https:\/\/api.w.org\/{rel}","templated":true}]}}