{"id":70890,"date":"2025-07-01T17:43:45","date_gmt":"2025-07-01T15:43:45","guid":{"rendered":"https:\/\/farmerrain.com\/?post_type=product&#038;p=70890"},"modified":"2026-03-31T23:32:20","modified_gmt":"2026-03-31T21:32:20","slug":"joha-jacke-bio","status":"publish","type":"product","link":"https:\/\/farmerrain.com\/de\/produkt\/joha-jacke-bio\/","title":{"rendered":"Joha Jacke Bio+"},"content":{"rendered":"<p>Eine klassische Regenjacke in gerader Unisex-Ausf\u00fchrung.<\/p>\n<p>Doppelknopfleiste mit Sperrfunktion, die die Feuchtigkeit abh\u00e4lt.<\/p>\n<p>Raglan\u00e4rmel f\u00fcr beste Beweglichkeit und mit elastischen B\u00fcndchen.<\/p>\n<p>Die Schildkapuze ist mit Kordelzug verstellbar und mit Manchester-Stoff ges\u00e4umt.<\/p>\n<p>Zwei gro\u00dfe Taschen mit Klappen vorne.<\/p>\n<p>Tunnelzug unten zur individuellen Anpassung.<\/p>\n<p>Verschwei\u00dfte N\u00e4hte.<\/p>\n<p>MATERIAL<\/p>\n<p>PVC Bioviny+l\u2122 430g \/ m\u00b2.<\/p>\n<p>\u00d6lbest\u00e4ndig,<\/p>\n<p>Wassers\u00e4ule &amp; gt; 20000mm<\/p>\n<p>&nbsp;<\/p>\n","protected":false},"excerpt":{"rendered":"<p>Eine klassische Regenjacke in gerader Unisex-Ausf\u00fchrung. Doppelknopfleiste mit Sperrfunktion, die die Feuchtigkeit abh\u00e4lt. Raglan\u00e4rmel f\u00fcr beste Beweglichkeit und mit elastischen B\u00fcndchen. Die Schildkapuze ist mit Kordelzug verstellbar und mit Manchester-Stoff ges\u00e4umt. Zwei gro\u00dfe Taschen mit Klappen vorne. Tunnelzug unten zur individuellen Anpassung. Verschwei\u00dfte N\u00e4hte. MATERIAL PVC Bioviny+l\u2122 430g \/ m\u00b2. \u00d6lbest\u00e4ndig, Wassers\u00e4ule &amp; gt; 20000mm [&hellip;]<\/p>\n","protected":false},"featured_media":71079,"comment_status":"open","ping_status":"closed","template":"","meta":{"_acf_changed":false},"product_brand":[],"product_cat":[1286,1294],"product_tag":[561,765],"activity":[1144,1095,1103,1152],"class_list":{"0":"post-70890","1":"product","2":"type-product","3":"status-publish","4":"has-post-thumbnail","6":"product_cat-regenbekleidung","7":"product_cat-regenbekleidung-regenjacken","8":"product_tag-mode-de","9":"product_tag-yrkesklader-de","10":"activity-alltag-pendeln","11":"activity-outdoor-natur","12":"activity-regenjacken-outdoor-and-natur","13":"activity-regenjacken-alltag-and-pendeln","15":"first","16":"instock","17":"taxable","18":"shipping-taxable","19":"purchasable","20":"product-type-variable","21":"has-default-attributes","22":"rtwpvg-product","23":"rtwpvs-product"},"acf":[],"shsp-ext":{"main":{},"variations":[]},"yoast_head":"<!-- This site is optimized with the Yoast SEO plugin v27.2 - https:\/\/yoast.com\/product\/yoast-seo-wordpress\/ -->\n<title>Joha Jacke Bio+ | Farmerrain - H\u00e5llbara regnkl\u00e4der<\/title>\n<meta name=\"description\" content=\"Eine klassische Regenjacke in gerader Unisex-Ausf\u00fchrung. Doppelknopfleiste mit Sperrfunktion, die die Feuchtigkeit abh\u00e4lt. Raglan\u00e4rmel f\u00fcr beste\" \/>\n<meta name=\"robots\" content=\"index, follow, max-snippet:-1, max-image-preview:large, max-video-preview:-1\" \/>\n<link rel=\"canonical\" href=\"https:\/\/farmerrain.com\/de\/produkt\/joha-jacke-bio\/\" \/>\n<meta property=\"og:locale\" content=\"de_DE\" \/>\n<meta property=\"og:type\" content=\"article\" \/>\n<meta property=\"og:title\" content=\"Joha Jacke Bio+ | Farmerrain - H\u00e5llbara regnkl\u00e4der\" \/>\n<meta property=\"og:description\" content=\"Eine klassische Regenjacke in gerader Unisex-Ausf\u00fchrung. Doppelknopfleiste mit Sperrfunktion, die die Feuchtigkeit abh\u00e4lt. Raglan\u00e4rmel f\u00fcr beste\" \/>\n<meta property=\"og:url\" content=\"https:\/\/farmerrain.com\/de\/produkt\/joha-jacke-bio\/\" \/>\n<meta property=\"og:site_name\" content=\"Farmerrain - H\u00e5llbara regnkl\u00e4der\" \/>\n<meta property=\"article:publisher\" content=\"https:\/\/www.facebook.com\/people\/Farmerrain\/100063463901438\/\" \/>\n<meta property=\"article:modified_time\" content=\"2026-03-31T21:32:20+00:00\" \/>\n<meta property=\"og:image\" content=\"https:\/\/farmerrain.com\/wp-content\/uploads\/2025\/07\/ElinEllen-och-Wilma-214.jpg\" \/>\n\t<meta property=\"og:image:width\" content=\"1080\" \/>\n\t<meta property=\"og:image:height\" content=\"1350\" \/>\n\t<meta property=\"og:image:type\" content=\"image\/jpeg\" \/>\n<meta name=\"twitter:card\" content=\"summary_large_image\" \/>\n<meta name=\"twitter:label1\" content=\"Gesch\u00e4tzte Lesezeit\" \/>\n\t<meta name=\"twitter:data1\" content=\"1\u00a0Minute\" \/>\n<script type=\"application\/ld+json\" class=\"yoast-schema-graph\">{\"@context\":\"https:\/\/schema.org\",\"@graph\":[{\"@type\":\"WebPage\",\"@id\":\"https:\/\/farmerrain.com\/de\/produkt\/joha-jacke-bio\/\",\"url\":\"https:\/\/farmerrain.com\/de\/produkt\/joha-jacke-bio\/\",\"name\":\"Joha Jacke Bio+ | Farmerrain - H\u00e5llbara regnkl\u00e4der\",\"isPartOf\":{\"@id\":\"https:\/\/farmerrain.com\/#website\"},\"primaryImageOfPage\":{\"@id\":\"https:\/\/farmerrain.com\/de\/produkt\/joha-jacke-bio\/#primaryimage\"},\"image\":{\"@id\":\"https:\/\/farmerrain.com\/de\/produkt\/joha-jacke-bio\/#primaryimage\"},\"thumbnailUrl\":\"https:\/\/farmerrain.com\/wp-content\/uploads\/2025\/07\/ElinEllen-och-Wilma-214.jpg\",\"datePublished\":\"2025-07-01T15:43:45+00:00\",\"dateModified\":\"2026-03-31T21:32:20+00:00\",\"description\":\"Eine klassische Regenjacke in gerader Unisex-Ausf\u00fchrung. Doppelknopfleiste mit Sperrfunktion, die die Feuchtigkeit abh\u00e4lt. Raglan\u00e4rmel f\u00fcr beste\",\"breadcrumb\":{\"@id\":\"https:\/\/farmerrain.com\/de\/produkt\/joha-jacke-bio\/#breadcrumb\"},\"inLanguage\":\"de\",\"potentialAction\":[{\"@type\":\"ReadAction\",\"target\":[\"https:\/\/farmerrain.com\/de\/produkt\/joha-jacke-bio\/\"]}]},{\"@type\":\"ImageObject\",\"inLanguage\":\"de\",\"@id\":\"https:\/\/farmerrain.com\/de\/produkt\/joha-jacke-bio\/#primaryimage\",\"url\":\"https:\/\/farmerrain.com\/wp-content\/uploads\/2025\/07\/ElinEllen-och-Wilma-214.jpg\",\"contentUrl\":\"https:\/\/farmerrain.com\/wp-content\/uploads\/2025\/07\/ElinEllen-och-Wilma-214.jpg\",\"width\":1080,\"height\":1350},{\"@type\":\"BreadcrumbList\",\"@id\":\"https:\/\/farmerrain.com\/de\/produkt\/joha-jacke-bio\/#breadcrumb\",\"itemListElement\":[{\"@type\":\"ListItem\",\"position\":1,\"name\":\"Shop\",\"item\":\"https:\/\/farmerrain.com\/de\/shop-2\/\"},{\"@type\":\"ListItem\",\"position\":2,\"name\":\"Joha Jacke Bio+\"}]},{\"@type\":\"WebSite\",\"@id\":\"https:\/\/farmerrain.com\/#website\",\"url\":\"https:\/\/farmerrain.com\/\",\"name\":\"Farmerrain - H\u00e5llbara regnkl\u00e4der\",\"description\":\"Regnkl\u00e4der med fokus p\u00e5 h\u00e5llbarhet, funktionalitet och unik design.\",\"publisher\":{\"@id\":\"https:\/\/farmerrain.com\/#organization\"},\"potentialAction\":[{\"@type\":\"SearchAction\",\"target\":{\"@type\":\"EntryPoint\",\"urlTemplate\":\"https:\/\/farmerrain.com\/?s={search_term_string}\"},\"query-input\":{\"@type\":\"PropertyValueSpecification\",\"valueRequired\":true,\"valueName\":\"search_term_string\"}}],\"inLanguage\":\"de\"},{\"@type\":\"Organization\",\"@id\":\"https:\/\/farmerrain.com\/#organization\",\"name\":\"Farmerrain\",\"url\":\"https:\/\/farmerrain.com\/\",\"logo\":{\"@type\":\"ImageObject\",\"inLanguage\":\"de\",\"@id\":\"https:\/\/farmerrain.com\/#\/schema\/logo\/image\/\",\"url\":\"https:\/\/farmerrain.com\/wp-content\/uploads\/2023\/03\/fr_logo.png\",\"contentUrl\":\"https:\/\/farmerrain.com\/wp-content\/uploads\/2023\/03\/fr_logo.png\",\"width\":179,\"height\":23,\"caption\":\"Farmerrain\"},\"image\":{\"@id\":\"https:\/\/farmerrain.com\/#\/schema\/logo\/image\/\"},\"sameAs\":[\"https:\/\/www.facebook.com\/people\/Farmerrain\/100063463901438\/\"]}]}<\/script>\n<!-- \/ Yoast SEO plugin. -->","yoast_head_json":{"title":"Joha Jacke Bio+ | Farmerrain - H\u00e5llbara regnkl\u00e4der","description":"Eine klassische Regenjacke in gerader Unisex-Ausf\u00fchrung. Doppelknopfleiste mit Sperrfunktion, die die Feuchtigkeit abh\u00e4lt. Raglan\u00e4rmel f\u00fcr beste","robots":{"index":"index","follow":"follow","max-snippet":"max-snippet:-1","max-image-preview":"max-image-preview:large","max-video-preview":"max-video-preview:-1"},"canonical":"https:\/\/farmerrain.com\/de\/produkt\/joha-jacke-bio\/","og_locale":"de_DE","og_type":"article","og_title":"Joha Jacke Bio+ | Farmerrain - H\u00e5llbara regnkl\u00e4der","og_description":"Eine klassische Regenjacke in gerader Unisex-Ausf\u00fchrung. Doppelknopfleiste mit Sperrfunktion, die die Feuchtigkeit abh\u00e4lt. Raglan\u00e4rmel f\u00fcr beste","og_url":"https:\/\/farmerrain.com\/de\/produkt\/joha-jacke-bio\/","og_site_name":"Farmerrain - H\u00e5llbara regnkl\u00e4der","article_publisher":"https:\/\/www.facebook.com\/people\/Farmerrain\/100063463901438\/","article_modified_time":"2026-03-31T21:32:20+00:00","og_image":[{"width":1080,"height":1350,"url":"https:\/\/farmerrain.com\/wp-content\/uploads\/2025\/07\/ElinEllen-och-Wilma-214.jpg","type":"image\/jpeg"}],"twitter_card":"summary_large_image","twitter_misc":{"Gesch\u00e4tzte Lesezeit":"1\u00a0Minute"},"schema":{"@context":"https:\/\/schema.org","@graph":[{"@type":"WebPage","@id":"https:\/\/farmerrain.com\/de\/produkt\/joha-jacke-bio\/","url":"https:\/\/farmerrain.com\/de\/produkt\/joha-jacke-bio\/","name":"Joha Jacke Bio+ | Farmerrain - H\u00e5llbara regnkl\u00e4der","isPartOf":{"@id":"https:\/\/farmerrain.com\/#website"},"primaryImageOfPage":{"@id":"https:\/\/farmerrain.com\/de\/produkt\/joha-jacke-bio\/#primaryimage"},"image":{"@id":"https:\/\/farmerrain.com\/de\/produkt\/joha-jacke-bio\/#primaryimage"},"thumbnailUrl":"https:\/\/farmerrain.com\/wp-content\/uploads\/2025\/07\/ElinEllen-och-Wilma-214.jpg","datePublished":"2025-07-01T15:43:45+00:00","dateModified":"2026-03-31T21:32:20+00:00","description":"Eine klassische Regenjacke in gerader Unisex-Ausf\u00fchrung. Doppelknopfleiste mit Sperrfunktion, die die Feuchtigkeit abh\u00e4lt. Raglan\u00e4rmel f\u00fcr beste","breadcrumb":{"@id":"https:\/\/farmerrain.com\/de\/produkt\/joha-jacke-bio\/#breadcrumb"},"inLanguage":"de","potentialAction":[{"@type":"ReadAction","target":["https:\/\/farmerrain.com\/de\/produkt\/joha-jacke-bio\/"]}]},{"@type":"ImageObject","inLanguage":"de","@id":"https:\/\/farmerrain.com\/de\/produkt\/joha-jacke-bio\/#primaryimage","url":"https:\/\/farmerrain.com\/wp-content\/uploads\/2025\/07\/ElinEllen-och-Wilma-214.jpg","contentUrl":"https:\/\/farmerrain.com\/wp-content\/uploads\/2025\/07\/ElinEllen-och-Wilma-214.jpg","width":1080,"height":1350},{"@type":"BreadcrumbList","@id":"https:\/\/farmerrain.com\/de\/produkt\/joha-jacke-bio\/#breadcrumb","itemListElement":[{"@type":"ListItem","position":1,"name":"Shop","item":"https:\/\/farmerrain.com\/de\/shop-2\/"},{"@type":"ListItem","position":2,"name":"Joha Jacke Bio+"}]},{"@type":"WebSite","@id":"https:\/\/farmerrain.com\/#website","url":"https:\/\/farmerrain.com\/","name":"Farmerrain - H\u00e5llbara regnkl\u00e4der","description":"Regnkl\u00e4der med fokus p\u00e5 h\u00e5llbarhet, funktionalitet och unik design.","publisher":{"@id":"https:\/\/farmerrain.com\/#organization"},"potentialAction":[{"@type":"SearchAction","target":{"@type":"EntryPoint","urlTemplate":"https:\/\/farmerrain.com\/?s={search_term_string}"},"query-input":{"@type":"PropertyValueSpecification","valueRequired":true,"valueName":"search_term_string"}}],"inLanguage":"de"},{"@type":"Organization","@id":"https:\/\/farmerrain.com\/#organization","name":"Farmerrain","url":"https:\/\/farmerrain.com\/","logo":{"@type":"ImageObject","inLanguage":"de","@id":"https:\/\/farmerrain.com\/#\/schema\/logo\/image\/","url":"https:\/\/farmerrain.com\/wp-content\/uploads\/2023\/03\/fr_logo.png","contentUrl":"https:\/\/farmerrain.com\/wp-content\/uploads\/2023\/03\/fr_logo.png","width":179,"height":23,"caption":"Farmerrain"},"image":{"@id":"https:\/\/farmerrain.com\/#\/schema\/logo\/image\/"},"sameAs":["https:\/\/www.facebook.com\/people\/Farmerrain\/100063463901438\/"]}]}},"_links":{"self":[{"href":"https:\/\/farmerrain.com\/de\/wp-json\/wp\/v2\/product\/70890","targetHints":{"allow":["GET"]}}],"collection":[{"href":"https:\/\/farmerrain.com\/de\/wp-json\/wp\/v2\/product"}],"about":[{"href":"https:\/\/farmerrain.com\/de\/wp-json\/wp\/v2\/types\/product"}],"replies":[{"embeddable":true,"href":"https:\/\/farmerrain.com\/de\/wp-json\/wp\/v2\/comments?post=70890"}],"wp:featuredmedia":[{"embeddable":true,"href":"https:\/\/farmerrain.com\/de\/wp-json\/wp\/v2\/media\/71079"}],"wp:attachment":[{"href":"https:\/\/farmerrain.com\/de\/wp-json\/wp\/v2\/media?parent=70890"}],"wp:term":[{"taxonomy":"product_brand","embeddable":true,"href":"https:\/\/farmerrain.com\/de\/wp-json\/wp\/v2\/product_brand?post=70890"},{"taxonomy":"product_cat","embeddable":true,"href":"https:\/\/farmerrain.com\/de\/wp-json\/wp\/v2\/product_cat?post=70890"},{"taxonomy":"product_tag","embeddable":true,"href":"https:\/\/farmerrain.com\/de\/wp-json\/wp\/v2\/product_tag?post=70890"},{"taxonomy":"activity","embeddable":true,"href":"https:\/\/farmerrain.com\/de\/wp-json\/wp\/v2\/activity?post=70890"}],"curies":[{"name":"wp","href":"https:\/\/api.w.org\/{rel}","templated":true}]}}