{"id":70769,"date":"2025-06-30T16:05:40","date_gmt":"2025-06-30T14:05:40","guid":{"rendered":"https:\/\/farmerrain.com\/?post_type=product&#038;p=70769"},"modified":"2026-04-19T20:45:25","modified_gmt":"2026-04-19T18:45:25","slug":"anorak-bio","status":"publish","type":"product","link":"https:\/\/farmerrain.com\/de\/produkt\/anorak-bio\/","title":{"rendered":"Anorak Bio+"},"content":{"rendered":"<p>Klassischer Anorak in gerader, ger\u00e4umiger Unisex-Ausf\u00fchrung.<\/p>\n<p>Gro\u00dfe Tasche mit Klettverschluss auf der Vorderseite.<\/p>\n<p>Schildkapuze mit Manchesterrand in Kontrastfarbe und Tunnelzug mit Metall-Kordelstoppern.<\/p>\n<p>Gummizug in den Armabschl\u00fcssen.<\/p>\n<p>Tunnelzug unten zur individuellen Anpassung.<\/p>\n<p>Verschwei\u00dfte N\u00e4hte.<\/p>\n<p>&nbsp;<\/p>\n<p>MATERIAL<br \/>\nBiovinyl+ Stoff 430 g\/m\u00b2.<\/p>\n<p>\u00d6lbest\u00e4ndig, Wassers\u00e4ule &gt; 20000.<\/p>\n","protected":false},"excerpt":{"rendered":"<p>Klassischer Anorak in gerader, ger\u00e4umiger Unisex-Ausf\u00fchrung. Gro\u00dfe Tasche mit Klettverschluss auf der Vorderseite. Schildkapuze mit Manchesterrand in Kontrastfarbe und Tunnelzug mit Metall-Kordelstoppern. Gummizug in den Armabschl\u00fcssen. Tunnelzug unten zur individuellen Anpassung. Verschwei\u00dfte N\u00e4hte. &nbsp; MATERIAL Biovinyl+ Stoff 430 g\/m\u00b2. \u00d6lbest\u00e4ndig, Wassers\u00e4ule &gt; 20000.<\/p>\n","protected":false},"featured_media":70724,"comment_status":"open","ping_status":"closed","template":"","meta":{"_acf_changed":false},"product_brand":[],"product_cat":[1287,1286],"product_tag":[561,765],"activity":[1144,1129,1071,1145,1096,1095,1070,1128],"class_list":{"0":"post-70769","1":"product","2":"type-product","3":"status-publish","4":"has-post-thumbnail","6":"product_cat-anorak","7":"product_cat-regenbekleidung","8":"product_tag-mode-de","9":"product_tag-yrkesklader-de","10":"activity-alltag-pendeln","11":"activity-anorak-stall-and-landleben","12":"activity-anorak-outdoor-arbeit","13":"activity-anorak-alltag-and-pendeln","14":"activity-anorak-outdoor-and-natur","15":"activity-outdoor-natur","16":"activity-outdoor-arbeit","17":"activity-stall-landleben","19":"first","20":"instock","21":"taxable","22":"shipping-taxable","23":"purchasable","24":"product-type-variable","25":"has-default-attributes","26":"rtwpvg-product","27":"rtwpvs-product"},"acf":[],"shsp-ext":{"main":{},"variations":[]},"yoast_head":"<!-- This site is optimized with the Yoast SEO plugin v27.5 - https:\/\/yoast.com\/product\/yoast-seo-wordpress\/ -->\n<title>Anorak Bio+ | Farmerrain - H\u00e5llbara regnkl\u00e4der<\/title>\n<meta name=\"description\" content=\"Klassischer Anorak in gerader, ger\u00e4umiger Unisex-Ausf\u00fchrung. Gro\u00dfe Tasche mit Klettverschluss auf der Vorderseite. Schildkapuze mit Manchesterrand in\" \/>\n<meta name=\"robots\" content=\"index, follow, max-snippet:-1, max-image-preview:large, max-video-preview:-1\" \/>\n<link rel=\"canonical\" href=\"https:\/\/farmerrain.com\/de\/produkt\/anorak-bio\/\" \/>\n<meta property=\"og:locale\" content=\"de_DE\" \/>\n<meta property=\"og:type\" content=\"article\" \/>\n<meta property=\"og:title\" content=\"Anorak Bio+ | Farmerrain - H\u00e5llbara regnkl\u00e4der\" \/>\n<meta property=\"og:description\" content=\"Klassischer Anorak in gerader, ger\u00e4umiger Unisex-Ausf\u00fchrung. Gro\u00dfe Tasche mit Klettverschluss auf der Vorderseite. Schildkapuze mit Manchesterrand in\" \/>\n<meta property=\"og:url\" content=\"https:\/\/farmerrain.com\/de\/produkt\/anorak-bio\/\" \/>\n<meta property=\"og:site_name\" content=\"Farmerrain - H\u00e5llbara regnkl\u00e4der\" \/>\n<meta property=\"article:publisher\" content=\"https:\/\/www.facebook.com\/people\/Farmerrain\/100063463901438\/\" \/>\n<meta property=\"article:modified_time\" content=\"2026-04-19T18:45:25+00:00\" \/>\n<meta property=\"og:image\" content=\"https:\/\/farmerrain.com\/wp-content\/uploads\/2025\/06\/Elin-och-Wilma-23.jpg\" \/>\n\t<meta property=\"og:image:width\" content=\"1080\" \/>\n\t<meta property=\"og:image:height\" content=\"1350\" \/>\n\t<meta property=\"og:image:type\" content=\"image\/jpeg\" \/>\n<meta name=\"twitter:card\" content=\"summary_large_image\" \/>\n<meta name=\"twitter:label1\" content=\"Gesch\u00e4tzte Lesezeit\" \/>\n\t<meta name=\"twitter:data1\" content=\"1\u00a0Minute\" \/>\n<script type=\"application\/ld+json\" class=\"yoast-schema-graph\">{\"@context\":\"https:\\\/\\\/schema.org\",\"@graph\":[{\"@type\":\"WebPage\",\"@id\":\"https:\\\/\\\/farmerrain.com\\\/de\\\/produkt\\\/anorak-bio\\\/\",\"url\":\"https:\\\/\\\/farmerrain.com\\\/de\\\/produkt\\\/anorak-bio\\\/\",\"name\":\"Anorak Bio+ | Farmerrain - H\u00e5llbara regnkl\u00e4der\",\"isPartOf\":{\"@id\":\"https:\\\/\\\/farmerrain.com\\\/#website\"},\"primaryImageOfPage\":{\"@id\":\"https:\\\/\\\/farmerrain.com\\\/de\\\/produkt\\\/anorak-bio\\\/#primaryimage\"},\"image\":{\"@id\":\"https:\\\/\\\/farmerrain.com\\\/de\\\/produkt\\\/anorak-bio\\\/#primaryimage\"},\"thumbnailUrl\":\"https:\\\/\\\/farmerrain.com\\\/wp-content\\\/uploads\\\/2025\\\/06\\\/Elin-och-Wilma-23.jpg\",\"datePublished\":\"2025-06-30T14:05:40+00:00\",\"dateModified\":\"2026-04-19T18:45:25+00:00\",\"description\":\"Klassischer Anorak in gerader, ger\u00e4umiger Unisex-Ausf\u00fchrung. Gro\u00dfe Tasche mit Klettverschluss auf der Vorderseite. Schildkapuze mit Manchesterrand in\",\"breadcrumb\":{\"@id\":\"https:\\\/\\\/farmerrain.com\\\/de\\\/produkt\\\/anorak-bio\\\/#breadcrumb\"},\"inLanguage\":\"de\",\"potentialAction\":[{\"@type\":\"ReadAction\",\"target\":[\"https:\\\/\\\/farmerrain.com\\\/de\\\/produkt\\\/anorak-bio\\\/\"]}]},{\"@type\":\"ImageObject\",\"inLanguage\":\"de\",\"@id\":\"https:\\\/\\\/farmerrain.com\\\/de\\\/produkt\\\/anorak-bio\\\/#primaryimage\",\"url\":\"https:\\\/\\\/farmerrain.com\\\/wp-content\\\/uploads\\\/2025\\\/06\\\/Elin-och-Wilma-23.jpg\",\"contentUrl\":\"https:\\\/\\\/farmerrain.com\\\/wp-content\\\/uploads\\\/2025\\\/06\\\/Elin-och-Wilma-23.jpg\",\"width\":1080,\"height\":1350},{\"@type\":\"BreadcrumbList\",\"@id\":\"https:\\\/\\\/farmerrain.com\\\/de\\\/produkt\\\/anorak-bio\\\/#breadcrumb\",\"itemListElement\":[{\"@type\":\"ListItem\",\"position\":1,\"name\":\"Shop\",\"item\":\"https:\\\/\\\/farmerrain.com\\\/de\\\/shop-2\\\/\"},{\"@type\":\"ListItem\",\"position\":2,\"name\":\"Anorak Bio+\"}]},{\"@type\":\"WebSite\",\"@id\":\"https:\\\/\\\/farmerrain.com\\\/#website\",\"url\":\"https:\\\/\\\/farmerrain.com\\\/\",\"name\":\"Farmerrain - H\u00e5llbara regnkl\u00e4der\",\"description\":\"Regnkl\u00e4der med fokus p\u00e5 h\u00e5llbarhet, funktionalitet och unik design.\",\"publisher\":{\"@id\":\"https:\\\/\\\/farmerrain.com\\\/#organization\"},\"potentialAction\":[{\"@type\":\"SearchAction\",\"target\":{\"@type\":\"EntryPoint\",\"urlTemplate\":\"https:\\\/\\\/farmerrain.com\\\/?s={search_term_string}\"},\"query-input\":{\"@type\":\"PropertyValueSpecification\",\"valueRequired\":true,\"valueName\":\"search_term_string\"}}],\"inLanguage\":\"de\"},{\"@type\":\"Organization\",\"@id\":\"https:\\\/\\\/farmerrain.com\\\/#organization\",\"name\":\"Farmerrain\",\"url\":\"https:\\\/\\\/farmerrain.com\\\/\",\"logo\":{\"@type\":\"ImageObject\",\"inLanguage\":\"de\",\"@id\":\"https:\\\/\\\/farmerrain.com\\\/#\\\/schema\\\/logo\\\/image\\\/\",\"url\":\"https:\\\/\\\/farmerrain.com\\\/wp-content\\\/uploads\\\/2023\\\/03\\\/fr_logo.png\",\"contentUrl\":\"https:\\\/\\\/farmerrain.com\\\/wp-content\\\/uploads\\\/2023\\\/03\\\/fr_logo.png\",\"width\":179,\"height\":23,\"caption\":\"Farmerrain\"},\"image\":{\"@id\":\"https:\\\/\\\/farmerrain.com\\\/#\\\/schema\\\/logo\\\/image\\\/\"},\"sameAs\":[\"https:\\\/\\\/www.facebook.com\\\/people\\\/Farmerrain\\\/100063463901438\\\/\"]}]}<\/script>\n<!-- \/ Yoast SEO plugin. -->","yoast_head_json":{"title":"Anorak Bio+ | Farmerrain - H\u00e5llbara regnkl\u00e4der","description":"Klassischer Anorak in gerader, ger\u00e4umiger Unisex-Ausf\u00fchrung. Gro\u00dfe Tasche mit Klettverschluss auf der Vorderseite. Schildkapuze mit Manchesterrand in","robots":{"index":"index","follow":"follow","max-snippet":"max-snippet:-1","max-image-preview":"max-image-preview:large","max-video-preview":"max-video-preview:-1"},"canonical":"https:\/\/farmerrain.com\/de\/produkt\/anorak-bio\/","og_locale":"de_DE","og_type":"article","og_title":"Anorak Bio+ | Farmerrain - H\u00e5llbara regnkl\u00e4der","og_description":"Klassischer Anorak in gerader, ger\u00e4umiger Unisex-Ausf\u00fchrung. Gro\u00dfe Tasche mit Klettverschluss auf der Vorderseite. Schildkapuze mit Manchesterrand in","og_url":"https:\/\/farmerrain.com\/de\/produkt\/anorak-bio\/","og_site_name":"Farmerrain - H\u00e5llbara regnkl\u00e4der","article_publisher":"https:\/\/www.facebook.com\/people\/Farmerrain\/100063463901438\/","article_modified_time":"2026-04-19T18:45:25+00:00","og_image":[{"width":1080,"height":1350,"url":"https:\/\/farmerrain.com\/wp-content\/uploads\/2025\/06\/Elin-och-Wilma-23.jpg","type":"image\/jpeg"}],"twitter_card":"summary_large_image","twitter_misc":{"Gesch\u00e4tzte Lesezeit":"1\u00a0Minute"},"schema":{"@context":"https:\/\/schema.org","@graph":[{"@type":"WebPage","@id":"https:\/\/farmerrain.com\/de\/produkt\/anorak-bio\/","url":"https:\/\/farmerrain.com\/de\/produkt\/anorak-bio\/","name":"Anorak Bio+ | Farmerrain - H\u00e5llbara regnkl\u00e4der","isPartOf":{"@id":"https:\/\/farmerrain.com\/#website"},"primaryImageOfPage":{"@id":"https:\/\/farmerrain.com\/de\/produkt\/anorak-bio\/#primaryimage"},"image":{"@id":"https:\/\/farmerrain.com\/de\/produkt\/anorak-bio\/#primaryimage"},"thumbnailUrl":"https:\/\/farmerrain.com\/wp-content\/uploads\/2025\/06\/Elin-och-Wilma-23.jpg","datePublished":"2025-06-30T14:05:40+00:00","dateModified":"2026-04-19T18:45:25+00:00","description":"Klassischer Anorak in gerader, ger\u00e4umiger Unisex-Ausf\u00fchrung. Gro\u00dfe Tasche mit Klettverschluss auf der Vorderseite. Schildkapuze mit Manchesterrand in","breadcrumb":{"@id":"https:\/\/farmerrain.com\/de\/produkt\/anorak-bio\/#breadcrumb"},"inLanguage":"de","potentialAction":[{"@type":"ReadAction","target":["https:\/\/farmerrain.com\/de\/produkt\/anorak-bio\/"]}]},{"@type":"ImageObject","inLanguage":"de","@id":"https:\/\/farmerrain.com\/de\/produkt\/anorak-bio\/#primaryimage","url":"https:\/\/farmerrain.com\/wp-content\/uploads\/2025\/06\/Elin-och-Wilma-23.jpg","contentUrl":"https:\/\/farmerrain.com\/wp-content\/uploads\/2025\/06\/Elin-och-Wilma-23.jpg","width":1080,"height":1350},{"@type":"BreadcrumbList","@id":"https:\/\/farmerrain.com\/de\/produkt\/anorak-bio\/#breadcrumb","itemListElement":[{"@type":"ListItem","position":1,"name":"Shop","item":"https:\/\/farmerrain.com\/de\/shop-2\/"},{"@type":"ListItem","position":2,"name":"Anorak Bio+"}]},{"@type":"WebSite","@id":"https:\/\/farmerrain.com\/#website","url":"https:\/\/farmerrain.com\/","name":"Farmerrain - H\u00e5llbara regnkl\u00e4der","description":"Regnkl\u00e4der med fokus p\u00e5 h\u00e5llbarhet, funktionalitet och unik design.","publisher":{"@id":"https:\/\/farmerrain.com\/#organization"},"potentialAction":[{"@type":"SearchAction","target":{"@type":"EntryPoint","urlTemplate":"https:\/\/farmerrain.com\/?s={search_term_string}"},"query-input":{"@type":"PropertyValueSpecification","valueRequired":true,"valueName":"search_term_string"}}],"inLanguage":"de"},{"@type":"Organization","@id":"https:\/\/farmerrain.com\/#organization","name":"Farmerrain","url":"https:\/\/farmerrain.com\/","logo":{"@type":"ImageObject","inLanguage":"de","@id":"https:\/\/farmerrain.com\/#\/schema\/logo\/image\/","url":"https:\/\/farmerrain.com\/wp-content\/uploads\/2023\/03\/fr_logo.png","contentUrl":"https:\/\/farmerrain.com\/wp-content\/uploads\/2023\/03\/fr_logo.png","width":179,"height":23,"caption":"Farmerrain"},"image":{"@id":"https:\/\/farmerrain.com\/#\/schema\/logo\/image\/"},"sameAs":["https:\/\/www.facebook.com\/people\/Farmerrain\/100063463901438\/"]}]}},"_links":{"self":[{"href":"https:\/\/farmerrain.com\/de\/wp-json\/wp\/v2\/product\/70769","targetHints":{"allow":["GET"]}}],"collection":[{"href":"https:\/\/farmerrain.com\/de\/wp-json\/wp\/v2\/product"}],"about":[{"href":"https:\/\/farmerrain.com\/de\/wp-json\/wp\/v2\/types\/product"}],"replies":[{"embeddable":true,"href":"https:\/\/farmerrain.com\/de\/wp-json\/wp\/v2\/comments?post=70769"}],"wp:featuredmedia":[{"embeddable":true,"href":"https:\/\/farmerrain.com\/de\/wp-json\/wp\/v2\/media\/70724"}],"wp:attachment":[{"href":"https:\/\/farmerrain.com\/de\/wp-json\/wp\/v2\/media?parent=70769"}],"wp:term":[{"taxonomy":"product_brand","embeddable":true,"href":"https:\/\/farmerrain.com\/de\/wp-json\/wp\/v2\/product_brand?post=70769"},{"taxonomy":"product_cat","embeddable":true,"href":"https:\/\/farmerrain.com\/de\/wp-json\/wp\/v2\/product_cat?post=70769"},{"taxonomy":"product_tag","embeddable":true,"href":"https:\/\/farmerrain.com\/de\/wp-json\/wp\/v2\/product_tag?post=70769"},{"taxonomy":"activity","embeddable":true,"href":"https:\/\/farmerrain.com\/de\/wp-json\/wp\/v2\/activity?post=70769"}],"curies":[{"name":"wp","href":"https:\/\/api.w.org\/{rel}","templated":true}]}}