{"id":61776,"date":"2024-10-22T20:06:09","date_gmt":"2024-10-22T18:06:09","guid":{"rendered":"https:\/\/farmerrain.com\/?post_type=product&#038;p=61776"},"modified":"2026-03-25T14:28:13","modified_gmt":"2026-03-25T13:28:13","slug":"sport-bag","status":"publish","type":"product","link":"https:\/\/farmerrain.com\/de\/produkt\/sport-bag\/","title":{"rendered":"Sport Bag"},"content":{"rendered":"<div class=\"lRu31\" dir=\"ltr\"><span class=\"HwtZe\" lang=\"de\"><span class=\"jCAhz ChMk0b\"><span class=\"ryNqvb\">Wasserabweisende Tagestasche \u2013 perfekt f\u00fcr alle Tage<\/span><\/span><\/span><\/div>\n<div class=\"lRu31\" dir=\"ltr\"><span class=\"HwtZe\" lang=\"de\"> <span class=\"jCAhz ChMk0b\"><span class=\"ryNqvb\">Unsere Sport Bag ist die perfekte Tasche f\u00fcr alle, die eine praktische, stilvolle und wasserabweisende L\u00f6sung f\u00fcr den t\u00e4glichen Gebrauch ben\u00f6tigen.<\/span><\/span> <span class=\"jCAhz ChMk0b\"><span class=\"ryNqvb\">Mit seiner mittleren Gr\u00f6\u00dfe bietet es Platz f\u00fcr alles, was Sie brauchen \u2013 von der Arbeit bis zur Freizeit \u2013 ohne zu sperrig zu sein.<\/span><\/span> <span class=\"jCAhz ChMk0b\"><span class=\"ryNqvb\">Egal, ob Sie zur Arbeit, ins Fitnessstudio oder auf einen Tagesausflug gehen, unsere Tagestasche h\u00e4lt Ihre Sachen trocken und sicher, auch bei Regen und Schmutz.<\/span><\/span><\/span><\/div>\n<div class=\"lRu31\" dir=\"ltr\"><span class=\"HwtZe\" lang=\"de\"> <span class=\"jCAhz\"><span class=\"ryNqvb\">Eigenschaften: <\/span><\/span> <\/span><\/div>\n<div class=\"lRu31\" dir=\"ltr\"><span class=\"HwtZe\" lang=\"de\"><span class=\"jCAhz ChMk0b\"><span class=\"ryNqvb\">Wasserbest\u00e4ndig: Hergestellt aus Abfallmaterial in der gleichen hohen Qualit\u00e4t wie unsere Kleidung.<\/span><\/span>\u00a0<\/span><\/div>\n<div dir=\"ltr\"><span class=\"HwtZe\" lang=\"de\"><span class=\"jCAhz ChMk0b C1N51c\"><span class=\"ryNqvb\">Ungef\u00fcttert: <span class=\"jCAhz ChMk0b\">Perfekt f\u00fcr nasse Sportbekleidung oder nasse Regenbekleidung<\/span><br \/>\n<\/span><\/span><\/span><\/div>\n<div class=\"lRu31\" dir=\"ltr\"><span class=\"HwtZe\" lang=\"de\"> <span class=\"jCAhz ChMk0b\"><span class=\"ryNqvb\">Perfekte Gr\u00f6\u00dfe: Mittelgro\u00dfes Design, das ausreichend Platz f\u00fcr alles bietet, von Laptop, Wasserflasche, Lunchbox und anderen Dingen des t\u00e4glichen Bedarfs, ohne zu gro\u00df oder sperrig zu sein.<\/span><\/span><\/span><\/div>\n<div class=\"lRu31\" dir=\"ltr\"><span class=\"HwtZe\" lang=\"de\"> <span class=\"jCAhz ChMk0b\"><span class=\"ryNqvb\">Clevere F\u00e4cher: Praktische Innen- und Au\u00dfentaschen, die Ihnen helfen, Ihre Sachen optimal zu organisieren. <\/span><\/span><\/span><\/div>\n<div class=\"lRu31\" dir=\"ltr\"><span class=\"HwtZe\" lang=\"de\"> <span class=\"jCAhz ChMk0b\"><span class=\"ryNqvb\">Bequeme Schultergurte: Verstellbare und gepolsterte Schultergurte sorgen daf\u00fcr, dass die Tasche auch voll bepackt bequem zu tragen ist. <\/span><\/span> <\/span><\/div>\n<div class=\"lRu31\" dir=\"ltr\"><span class=\"HwtZe\" lang=\"de\"><span class=\"jCAhz ChMk0b\"><span class=\"ryNqvb\">Stilvolles Design: Mit seinem minimalistischen und funktionalen Design passt es gleicherma\u00dfen gut in das urbane Umfeld wie auch in die Natur. <\/span><\/span><\/span><\/div>\n<div class=\"lRu31\" dir=\"ltr\"><span class=\"HwtZe\" lang=\"de\"><span class=\"jCAhz\"><span class=\"ryNqvb\">Gr\u00f6\u00dfe: 45*30*25<\/span><\/span><\/span><\/div>\n","protected":false},"excerpt":{"rendered":"<p>Wasserabweisende Tagestasche \u2013 perfekt f\u00fcr alle Tage Unsere Sport Bag ist die perfekte Tasche f\u00fcr alle, die eine praktische, stilvolle und wasserabweisende L\u00f6sung f\u00fcr den t\u00e4glichen Gebrauch ben\u00f6tigen. Mit seiner mittleren Gr\u00f6\u00dfe bietet es Platz f\u00fcr alles, was Sie brauchen \u2013 von der Arbeit bis zur Freizeit \u2013 ohne zu sperrig zu sein. Egal, ob [&hellip;]<\/p>\n","protected":false},"featured_media":61443,"comment_status":"open","ping_status":"closed","template":"","meta":{"_acf_changed":false},"product_brand":[],"product_cat":[1244,1245],"product_tag":[561,765],"activity":[],"class_list":{"0":"post-61776","1":"product","2":"type-product","3":"status-publish","4":"has-post-thumbnail","6":"product_cat-accessoires","7":"product_cat-taschen","8":"product_tag-mode-de","9":"product_tag-yrkesklader-de","11":"first","12":"instock","13":"taxable","14":"shipping-taxable","15":"purchasable","16":"product-type-variable","17":"has-default-attributes","18":"rtwpvg-product","19":"rtwpvs-product"},"acf":[],"shsp-ext":{"main":{},"variations":[]},"yoast_head":"<!-- This site is optimized with the Yoast SEO plugin v27.2 - https:\/\/yoast.com\/product\/yoast-seo-wordpress\/ -->\n<title>Sport Bag | Farmerrain - H\u00e5llbara regnkl\u00e4der<\/title>\n<meta name=\"description\" content=\"Wasserabweisende Tagestasche \u2013 perfekt f\u00fcr alle Tage Unsere Sport Bag ist die perfekte Tasche f\u00fcr alle, die eine praktische, stilvolle und\" \/>\n<meta name=\"robots\" content=\"index, follow, max-snippet:-1, max-image-preview:large, max-video-preview:-1\" \/>\n<link rel=\"canonical\" href=\"https:\/\/farmerrain.com\/de\/produkt\/sport-bag\/\" \/>\n<meta property=\"og:locale\" content=\"de_DE\" \/>\n<meta property=\"og:type\" content=\"article\" \/>\n<meta property=\"og:title\" content=\"Sport Bag | Farmerrain - H\u00e5llbara regnkl\u00e4der\" \/>\n<meta property=\"og:description\" content=\"Wasserabweisende Tagestasche \u2013 perfekt f\u00fcr alle Tage Unsere Sport Bag ist die perfekte Tasche f\u00fcr alle, die eine praktische, stilvolle und\" \/>\n<meta property=\"og:url\" content=\"https:\/\/farmerrain.com\/de\/produkt\/sport-bag\/\" \/>\n<meta property=\"og:site_name\" content=\"Farmerrain - H\u00e5llbara regnkl\u00e4der\" \/>\n<meta property=\"article:publisher\" content=\"https:\/\/www.facebook.com\/people\/Farmerrain\/100063463901438\/\" \/>\n<meta property=\"article:modified_time\" content=\"2026-03-25T13:28:13+00:00\" \/>\n<meta property=\"og:image\" content=\"https:\/\/farmerrain.com\/wp-content\/uploads\/2024\/10\/Jekaterina-19.jpg\" \/>\n\t<meta property=\"og:image:width\" content=\"1080\" \/>\n\t<meta property=\"og:image:height\" content=\"1350\" \/>\n\t<meta property=\"og:image:type\" content=\"image\/jpeg\" \/>\n<meta name=\"twitter:card\" content=\"summary_large_image\" \/>\n<meta name=\"twitter:label1\" content=\"Gesch\u00e4tzte Lesezeit\" \/>\n\t<meta name=\"twitter:data1\" content=\"2\u00a0Minuten\" \/>\n<script type=\"application\/ld+json\" class=\"yoast-schema-graph\">{\"@context\":\"https:\/\/schema.org\",\"@graph\":[{\"@type\":\"WebPage\",\"@id\":\"https:\/\/farmerrain.com\/de\/produkt\/sport-bag\/\",\"url\":\"https:\/\/farmerrain.com\/de\/produkt\/sport-bag\/\",\"name\":\"Sport Bag | Farmerrain - H\u00e5llbara regnkl\u00e4der\",\"isPartOf\":{\"@id\":\"https:\/\/farmerrain.com\/#website\"},\"primaryImageOfPage\":{\"@id\":\"https:\/\/farmerrain.com\/de\/produkt\/sport-bag\/#primaryimage\"},\"image\":{\"@id\":\"https:\/\/farmerrain.com\/de\/produkt\/sport-bag\/#primaryimage\"},\"thumbnailUrl\":\"https:\/\/farmerrain.com\/wp-content\/uploads\/2024\/10\/Jekaterina-19.jpg\",\"datePublished\":\"2024-10-22T18:06:09+00:00\",\"dateModified\":\"2026-03-25T13:28:13+00:00\",\"description\":\"Wasserabweisende Tagestasche \u2013 perfekt f\u00fcr alle Tage Unsere Sport Bag ist die perfekte Tasche f\u00fcr alle, die eine praktische, stilvolle und\",\"breadcrumb\":{\"@id\":\"https:\/\/farmerrain.com\/de\/produkt\/sport-bag\/#breadcrumb\"},\"inLanguage\":\"de\",\"potentialAction\":[{\"@type\":\"ReadAction\",\"target\":[\"https:\/\/farmerrain.com\/de\/produkt\/sport-bag\/\"]}]},{\"@type\":\"ImageObject\",\"inLanguage\":\"de\",\"@id\":\"https:\/\/farmerrain.com\/de\/produkt\/sport-bag\/#primaryimage\",\"url\":\"https:\/\/farmerrain.com\/wp-content\/uploads\/2024\/10\/Jekaterina-19.jpg\",\"contentUrl\":\"https:\/\/farmerrain.com\/wp-content\/uploads\/2024\/10\/Jekaterina-19.jpg\",\"width\":1080,\"height\":1350},{\"@type\":\"BreadcrumbList\",\"@id\":\"https:\/\/farmerrain.com\/de\/produkt\/sport-bag\/#breadcrumb\",\"itemListElement\":[{\"@type\":\"ListItem\",\"position\":1,\"name\":\"Shop\",\"item\":\"https:\/\/farmerrain.com\/de\/shop-2\/\"},{\"@type\":\"ListItem\",\"position\":2,\"name\":\"Sport Bag\"}]},{\"@type\":\"WebSite\",\"@id\":\"https:\/\/farmerrain.com\/#website\",\"url\":\"https:\/\/farmerrain.com\/\",\"name\":\"Farmerrain - H\u00e5llbara regnkl\u00e4der\",\"description\":\"Regnkl\u00e4der med fokus p\u00e5 h\u00e5llbarhet, funktionalitet och unik design.\",\"publisher\":{\"@id\":\"https:\/\/farmerrain.com\/#organization\"},\"potentialAction\":[{\"@type\":\"SearchAction\",\"target\":{\"@type\":\"EntryPoint\",\"urlTemplate\":\"https:\/\/farmerrain.com\/?s={search_term_string}\"},\"query-input\":{\"@type\":\"PropertyValueSpecification\",\"valueRequired\":true,\"valueName\":\"search_term_string\"}}],\"inLanguage\":\"de\"},{\"@type\":\"Organization\",\"@id\":\"https:\/\/farmerrain.com\/#organization\",\"name\":\"Farmerrain\",\"url\":\"https:\/\/farmerrain.com\/\",\"logo\":{\"@type\":\"ImageObject\",\"inLanguage\":\"de\",\"@id\":\"https:\/\/farmerrain.com\/#\/schema\/logo\/image\/\",\"url\":\"https:\/\/farmerrain.com\/wp-content\/uploads\/2023\/03\/fr_logo.png\",\"contentUrl\":\"https:\/\/farmerrain.com\/wp-content\/uploads\/2023\/03\/fr_logo.png\",\"width\":179,\"height\":23,\"caption\":\"Farmerrain\"},\"image\":{\"@id\":\"https:\/\/farmerrain.com\/#\/schema\/logo\/image\/\"},\"sameAs\":[\"https:\/\/www.facebook.com\/people\/Farmerrain\/100063463901438\/\"]}]}<\/script>\n<!-- \/ Yoast SEO plugin. -->","yoast_head_json":{"title":"Sport Bag | Farmerrain - H\u00e5llbara regnkl\u00e4der","description":"Wasserabweisende Tagestasche \u2013 perfekt f\u00fcr alle Tage Unsere Sport Bag ist die perfekte Tasche f\u00fcr alle, die eine praktische, stilvolle und","robots":{"index":"index","follow":"follow","max-snippet":"max-snippet:-1","max-image-preview":"max-image-preview:large","max-video-preview":"max-video-preview:-1"},"canonical":"https:\/\/farmerrain.com\/de\/produkt\/sport-bag\/","og_locale":"de_DE","og_type":"article","og_title":"Sport Bag | Farmerrain - H\u00e5llbara regnkl\u00e4der","og_description":"Wasserabweisende Tagestasche \u2013 perfekt f\u00fcr alle Tage Unsere Sport Bag ist die perfekte Tasche f\u00fcr alle, die eine praktische, stilvolle und","og_url":"https:\/\/farmerrain.com\/de\/produkt\/sport-bag\/","og_site_name":"Farmerrain - H\u00e5llbara regnkl\u00e4der","article_publisher":"https:\/\/www.facebook.com\/people\/Farmerrain\/100063463901438\/","article_modified_time":"2026-03-25T13:28:13+00:00","og_image":[{"width":1080,"height":1350,"url":"https:\/\/farmerrain.com\/wp-content\/uploads\/2024\/10\/Jekaterina-19.jpg","type":"image\/jpeg"}],"twitter_card":"summary_large_image","twitter_misc":{"Gesch\u00e4tzte Lesezeit":"2\u00a0Minuten"},"schema":{"@context":"https:\/\/schema.org","@graph":[{"@type":"WebPage","@id":"https:\/\/farmerrain.com\/de\/produkt\/sport-bag\/","url":"https:\/\/farmerrain.com\/de\/produkt\/sport-bag\/","name":"Sport Bag | Farmerrain - H\u00e5llbara regnkl\u00e4der","isPartOf":{"@id":"https:\/\/farmerrain.com\/#website"},"primaryImageOfPage":{"@id":"https:\/\/farmerrain.com\/de\/produkt\/sport-bag\/#primaryimage"},"image":{"@id":"https:\/\/farmerrain.com\/de\/produkt\/sport-bag\/#primaryimage"},"thumbnailUrl":"https:\/\/farmerrain.com\/wp-content\/uploads\/2024\/10\/Jekaterina-19.jpg","datePublished":"2024-10-22T18:06:09+00:00","dateModified":"2026-03-25T13:28:13+00:00","description":"Wasserabweisende Tagestasche \u2013 perfekt f\u00fcr alle Tage Unsere Sport Bag ist die perfekte Tasche f\u00fcr alle, die eine praktische, stilvolle und","breadcrumb":{"@id":"https:\/\/farmerrain.com\/de\/produkt\/sport-bag\/#breadcrumb"},"inLanguage":"de","potentialAction":[{"@type":"ReadAction","target":["https:\/\/farmerrain.com\/de\/produkt\/sport-bag\/"]}]},{"@type":"ImageObject","inLanguage":"de","@id":"https:\/\/farmerrain.com\/de\/produkt\/sport-bag\/#primaryimage","url":"https:\/\/farmerrain.com\/wp-content\/uploads\/2024\/10\/Jekaterina-19.jpg","contentUrl":"https:\/\/farmerrain.com\/wp-content\/uploads\/2024\/10\/Jekaterina-19.jpg","width":1080,"height":1350},{"@type":"BreadcrumbList","@id":"https:\/\/farmerrain.com\/de\/produkt\/sport-bag\/#breadcrumb","itemListElement":[{"@type":"ListItem","position":1,"name":"Shop","item":"https:\/\/farmerrain.com\/de\/shop-2\/"},{"@type":"ListItem","position":2,"name":"Sport Bag"}]},{"@type":"WebSite","@id":"https:\/\/farmerrain.com\/#website","url":"https:\/\/farmerrain.com\/","name":"Farmerrain - H\u00e5llbara regnkl\u00e4der","description":"Regnkl\u00e4der med fokus p\u00e5 h\u00e5llbarhet, funktionalitet och unik design.","publisher":{"@id":"https:\/\/farmerrain.com\/#organization"},"potentialAction":[{"@type":"SearchAction","target":{"@type":"EntryPoint","urlTemplate":"https:\/\/farmerrain.com\/?s={search_term_string}"},"query-input":{"@type":"PropertyValueSpecification","valueRequired":true,"valueName":"search_term_string"}}],"inLanguage":"de"},{"@type":"Organization","@id":"https:\/\/farmerrain.com\/#organization","name":"Farmerrain","url":"https:\/\/farmerrain.com\/","logo":{"@type":"ImageObject","inLanguage":"de","@id":"https:\/\/farmerrain.com\/#\/schema\/logo\/image\/","url":"https:\/\/farmerrain.com\/wp-content\/uploads\/2023\/03\/fr_logo.png","contentUrl":"https:\/\/farmerrain.com\/wp-content\/uploads\/2023\/03\/fr_logo.png","width":179,"height":23,"caption":"Farmerrain"},"image":{"@id":"https:\/\/farmerrain.com\/#\/schema\/logo\/image\/"},"sameAs":["https:\/\/www.facebook.com\/people\/Farmerrain\/100063463901438\/"]}]}},"_links":{"self":[{"href":"https:\/\/farmerrain.com\/de\/wp-json\/wp\/v2\/product\/61776","targetHints":{"allow":["GET"]}}],"collection":[{"href":"https:\/\/farmerrain.com\/de\/wp-json\/wp\/v2\/product"}],"about":[{"href":"https:\/\/farmerrain.com\/de\/wp-json\/wp\/v2\/types\/product"}],"replies":[{"embeddable":true,"href":"https:\/\/farmerrain.com\/de\/wp-json\/wp\/v2\/comments?post=61776"}],"wp:featuredmedia":[{"embeddable":true,"href":"https:\/\/farmerrain.com\/de\/wp-json\/wp\/v2\/media\/61443"}],"wp:attachment":[{"href":"https:\/\/farmerrain.com\/de\/wp-json\/wp\/v2\/media?parent=61776"}],"wp:term":[{"taxonomy":"product_brand","embeddable":true,"href":"https:\/\/farmerrain.com\/de\/wp-json\/wp\/v2\/product_brand?post=61776"},{"taxonomy":"product_cat","embeddable":true,"href":"https:\/\/farmerrain.com\/de\/wp-json\/wp\/v2\/product_cat?post=61776"},{"taxonomy":"product_tag","embeddable":true,"href":"https:\/\/farmerrain.com\/de\/wp-json\/wp\/v2\/product_tag?post=61776"},{"taxonomy":"activity","embeddable":true,"href":"https:\/\/farmerrain.com\/de\/wp-json\/wp\/v2\/activity?post=61776"}],"curies":[{"name":"wp","href":"https:\/\/api.w.org\/{rel}","templated":true}]}}