{"id":61473,"date":"2024-10-03T16:03:23","date_gmt":"2024-10-03T14:03:23","guid":{"rendered":"https:\/\/farmerrain.com\/?post_type=product&#038;p=61473"},"modified":"2026-03-25T14:28:15","modified_gmt":"2026-03-25T13:28:15","slug":"weekend-bag","status":"publish","type":"product","link":"https:\/\/farmerrain.com\/de\/produkt\/weekend-bag\/","title":{"rendered":"Weekend Bag"},"content":{"rendered":"<p><span class=\"HwtZe\" lang=\"de\"><span class=\"jCAhz ChMk0b\"><span class=\"ryNqvb\">Unsere gr\u00f6\u00dfte wasserabweisende Tasche \u2013 ger\u00e4umig und robust<\/span><\/span><\/span><\/p>\n<p><span class=\"HwtZe\" lang=\"de\"> <span class=\"jCAhz ChMk0b\"><span class=\"ryNqvb\">F\u00fcr alle, die zus\u00e4tzlichen Platz und zuverl\u00e4ssigen Wetterschutz ben\u00f6tigen, ist unsere gr\u00f6\u00dfte wasserabweisende Tasche die perfekte Wahl.<\/span><\/span> <span class=\"jCAhz ChMk0b\"><span class=\"ryNqvb\">Es bietet Platz f\u00fcr alles, was Sie brauchen, sei es f\u00fcr einen Wochenendausflug, eine lange Wanderung oder einen Tag voller Aktivit\u00e4ten.<\/span><\/span> <span class=\"jCAhz ChMk0b\"><span class=\"ryNqvb\">Aus strapazierf\u00e4higen und wasserabweisenden Materialien gefertigt, sch\u00fctzt es Ihre Habseligkeiten vor Feuchtigkeit, Regen und Schmutz und beh\u00e4lt gleichzeitig den Stil bei.<\/span><\/span><\/span><\/p>\n<p><span class=\"HwtZe\" lang=\"de\"> <span class=\"jCAhz\"><span class=\"ryNqvb\">Eigenschaften:<\/span><\/span><\/span><\/p>\n<p><span class=\"HwtZe\" lang=\"de\"> <span class=\"jCAhz ChMk0b\"><span class=\"ryNqvb\">Gro\u00dfz\u00fcgiger Platz: Unser gr\u00f6\u00dftes Modell bietet viel Platz f\u00fcr Kleidung, Technik und andere wichtige Dinge \u2013 perfekt f\u00fcr Reisen oder Ausfl\u00fcge. <\/span><\/span><\/span><\/p>\n<p><span class=\"HwtZe\" lang=\"de\"><span class=\"jCAhz ChMk0b\"><span class=\"ryNqvb\">Wasserabweisende Konstruktion: Hergestellt aus Abfallmaterial in der gleichen hohen Qualit\u00e4t wie unsere Kleidung.<\/span><\/span> <span class=\"jCAhz\"><span class=\"ryNqvb\">Innen gef\u00fcllt.<\/span><\/span><\/span><\/p>\n<p><span class=\"HwtZe\" lang=\"de\"> <span class=\"jCAhz ChMk0b\"><span class=\"ryNqvb\">Langlebiges Design: Robust und langlebig, um harten Bedingungen und langfristigem Einsatz standzuhalten, sowohl in st\u00e4dtischen Umgebungen als auch im Freien. <\/span><\/span><span class=\"jCAhz ChMk0b\"><span class=\"ryNqvb\">Intelligente Aufbewahrung: Ausgestattet mit Taschen und F\u00e4chern, die die Organisation Ihrer Sachen erleichtern.<\/span><\/span><\/span><\/p>\n<p><span class=\"HwtZe\" lang=\"de\"> <span class=\"jCAhz ChMk0b\"><span class=\"ryNqvb\">Bequem zu tragen: Ergonomisch geformte Tragegriffe und verstellbarer Schultergurt f\u00fcr zus\u00e4tzlichen Komfort, auch wenn die Tasche voll bepackt ist.<\/span><\/span><\/span><\/p>\n<p><span class=\"HwtZe\" lang=\"de\"> <span class=\"jCAhz\"><span class=\"ryNqvb\">Gr\u00f6\u00dfe: 60 * 32 * 27<\/span><\/span><\/span><\/p>\n","protected":false},"excerpt":{"rendered":"<p>Unsere gr\u00f6\u00dfte wasserabweisende Tasche \u2013 ger\u00e4umig und robust F\u00fcr alle, die zus\u00e4tzlichen Platz und zuverl\u00e4ssigen Wetterschutz ben\u00f6tigen, ist unsere gr\u00f6\u00dfte wasserabweisende Tasche die perfekte Wahl. Es bietet Platz f\u00fcr alles, was Sie brauchen, sei es f\u00fcr einen Wochenendausflug, eine lange Wanderung oder einen Tag voller Aktivit\u00e4ten. Aus strapazierf\u00e4higen und wasserabweisenden Materialien gefertigt, sch\u00fctzt es Ihre [&hellip;]<\/p>\n","protected":false},"featured_media":61646,"comment_status":"open","ping_status":"closed","template":"","meta":{"_acf_changed":false},"product_brand":[],"product_cat":[1244,1245],"product_tag":[561,765],"activity":[],"class_list":{"0":"post-61473","1":"product","2":"type-product","3":"status-publish","4":"has-post-thumbnail","6":"product_cat-accessoires","7":"product_cat-taschen","8":"product_tag-mode-de","9":"product_tag-yrkesklader-de","11":"first","12":"instock","13":"featured","14":"taxable","15":"shipping-taxable","16":"purchasable","17":"product-type-variable","18":"has-default-attributes","19":"rtwpvg-product","20":"rtwpvs-product"},"acf":[],"shsp-ext":{"main":{},"variations":[]},"yoast_head":"<!-- This site is optimized with the Yoast SEO plugin v27.2 - https:\/\/yoast.com\/product\/yoast-seo-wordpress\/ -->\n<title>Weekend Bag | Farmerrain - H\u00e5llbara regnkl\u00e4der<\/title>\n<meta name=\"description\" content=\"Unsere gr\u00f6\u00dfte wasserabweisende Tasche \u2013 ger\u00e4umig und robust F\u00fcr alle, die zus\u00e4tzlichen Platz und zuverl\u00e4ssigen Wetterschutz ben\u00f6tigen, ist unsere gr\u00f6\u00dfte\" \/>\n<meta name=\"robots\" content=\"index, follow, max-snippet:-1, max-image-preview:large, max-video-preview:-1\" \/>\n<link rel=\"canonical\" href=\"https:\/\/farmerrain.com\/de\/produkt\/weekend-bag\/\" \/>\n<meta property=\"og:locale\" content=\"de_DE\" \/>\n<meta property=\"og:type\" content=\"article\" \/>\n<meta property=\"og:title\" content=\"Weekend Bag | Farmerrain - H\u00e5llbara regnkl\u00e4der\" \/>\n<meta property=\"og:description\" content=\"Unsere gr\u00f6\u00dfte wasserabweisende Tasche \u2013 ger\u00e4umig und robust F\u00fcr alle, die zus\u00e4tzlichen Platz und zuverl\u00e4ssigen Wetterschutz ben\u00f6tigen, ist unsere gr\u00f6\u00dfte\" \/>\n<meta property=\"og:url\" content=\"https:\/\/farmerrain.com\/de\/produkt\/weekend-bag\/\" \/>\n<meta property=\"og:site_name\" content=\"Farmerrain - H\u00e5llbara regnkl\u00e4der\" \/>\n<meta property=\"article:publisher\" content=\"https:\/\/www.facebook.com\/people\/Farmerrain\/100063463901438\/\" \/>\n<meta property=\"article:modified_time\" content=\"2026-03-25T13:28:15+00:00\" \/>\n<meta property=\"og:image\" content=\"https:\/\/farmerrain.com\/wp-content\/uploads\/2024\/10\/Elin-31.jpg\" \/>\n\t<meta property=\"og:image:width\" content=\"1080\" \/>\n\t<meta property=\"og:image:height\" content=\"1350\" \/>\n\t<meta property=\"og:image:type\" content=\"image\/jpeg\" \/>\n<meta name=\"twitter:card\" content=\"summary_large_image\" \/>\n<meta name=\"twitter:label1\" content=\"Gesch\u00e4tzte Lesezeit\" \/>\n\t<meta name=\"twitter:data1\" content=\"2\u00a0Minuten\" \/>\n<script type=\"application\/ld+json\" class=\"yoast-schema-graph\">{\"@context\":\"https:\/\/schema.org\",\"@graph\":[{\"@type\":\"WebPage\",\"@id\":\"https:\/\/farmerrain.com\/de\/produkt\/weekend-bag\/\",\"url\":\"https:\/\/farmerrain.com\/de\/produkt\/weekend-bag\/\",\"name\":\"Weekend Bag | Farmerrain - H\u00e5llbara regnkl\u00e4der\",\"isPartOf\":{\"@id\":\"https:\/\/farmerrain.com\/#website\"},\"primaryImageOfPage\":{\"@id\":\"https:\/\/farmerrain.com\/de\/produkt\/weekend-bag\/#primaryimage\"},\"image\":{\"@id\":\"https:\/\/farmerrain.com\/de\/produkt\/weekend-bag\/#primaryimage\"},\"thumbnailUrl\":\"https:\/\/farmerrain.com\/wp-content\/uploads\/2024\/10\/Elin-31.jpg\",\"datePublished\":\"2024-10-03T14:03:23+00:00\",\"dateModified\":\"2026-03-25T13:28:15+00:00\",\"description\":\"Unsere gr\u00f6\u00dfte wasserabweisende Tasche \u2013 ger\u00e4umig und robust F\u00fcr alle, die zus\u00e4tzlichen Platz und zuverl\u00e4ssigen Wetterschutz ben\u00f6tigen, ist unsere gr\u00f6\u00dfte\",\"breadcrumb\":{\"@id\":\"https:\/\/farmerrain.com\/de\/produkt\/weekend-bag\/#breadcrumb\"},\"inLanguage\":\"de\",\"potentialAction\":[{\"@type\":\"ReadAction\",\"target\":[\"https:\/\/farmerrain.com\/de\/produkt\/weekend-bag\/\"]}]},{\"@type\":\"ImageObject\",\"inLanguage\":\"de\",\"@id\":\"https:\/\/farmerrain.com\/de\/produkt\/weekend-bag\/#primaryimage\",\"url\":\"https:\/\/farmerrain.com\/wp-content\/uploads\/2024\/10\/Elin-31.jpg\",\"contentUrl\":\"https:\/\/farmerrain.com\/wp-content\/uploads\/2024\/10\/Elin-31.jpg\",\"width\":1080,\"height\":1350},{\"@type\":\"BreadcrumbList\",\"@id\":\"https:\/\/farmerrain.com\/de\/produkt\/weekend-bag\/#breadcrumb\",\"itemListElement\":[{\"@type\":\"ListItem\",\"position\":1,\"name\":\"Shop\",\"item\":\"https:\/\/farmerrain.com\/de\/shop-2\/\"},{\"@type\":\"ListItem\",\"position\":2,\"name\":\"Weekend Bag\"}]},{\"@type\":\"WebSite\",\"@id\":\"https:\/\/farmerrain.com\/#website\",\"url\":\"https:\/\/farmerrain.com\/\",\"name\":\"Farmerrain - H\u00e5llbara regnkl\u00e4der\",\"description\":\"Regnkl\u00e4der med fokus p\u00e5 h\u00e5llbarhet, funktionalitet och unik design.\",\"publisher\":{\"@id\":\"https:\/\/farmerrain.com\/#organization\"},\"potentialAction\":[{\"@type\":\"SearchAction\",\"target\":{\"@type\":\"EntryPoint\",\"urlTemplate\":\"https:\/\/farmerrain.com\/?s={search_term_string}\"},\"query-input\":{\"@type\":\"PropertyValueSpecification\",\"valueRequired\":true,\"valueName\":\"search_term_string\"}}],\"inLanguage\":\"de\"},{\"@type\":\"Organization\",\"@id\":\"https:\/\/farmerrain.com\/#organization\",\"name\":\"Farmerrain\",\"url\":\"https:\/\/farmerrain.com\/\",\"logo\":{\"@type\":\"ImageObject\",\"inLanguage\":\"de\",\"@id\":\"https:\/\/farmerrain.com\/#\/schema\/logo\/image\/\",\"url\":\"https:\/\/farmerrain.com\/wp-content\/uploads\/2023\/03\/fr_logo.png\",\"contentUrl\":\"https:\/\/farmerrain.com\/wp-content\/uploads\/2023\/03\/fr_logo.png\",\"width\":179,\"height\":23,\"caption\":\"Farmerrain\"},\"image\":{\"@id\":\"https:\/\/farmerrain.com\/#\/schema\/logo\/image\/\"},\"sameAs\":[\"https:\/\/www.facebook.com\/people\/Farmerrain\/100063463901438\/\"]}]}<\/script>\n<!-- \/ Yoast SEO plugin. -->","yoast_head_json":{"title":"Weekend Bag | Farmerrain - H\u00e5llbara regnkl\u00e4der","description":"Unsere gr\u00f6\u00dfte wasserabweisende Tasche \u2013 ger\u00e4umig und robust F\u00fcr alle, die zus\u00e4tzlichen Platz und zuverl\u00e4ssigen Wetterschutz ben\u00f6tigen, ist unsere gr\u00f6\u00dfte","robots":{"index":"index","follow":"follow","max-snippet":"max-snippet:-1","max-image-preview":"max-image-preview:large","max-video-preview":"max-video-preview:-1"},"canonical":"https:\/\/farmerrain.com\/de\/produkt\/weekend-bag\/","og_locale":"de_DE","og_type":"article","og_title":"Weekend Bag | Farmerrain - H\u00e5llbara regnkl\u00e4der","og_description":"Unsere gr\u00f6\u00dfte wasserabweisende Tasche \u2013 ger\u00e4umig und robust F\u00fcr alle, die zus\u00e4tzlichen Platz und zuverl\u00e4ssigen Wetterschutz ben\u00f6tigen, ist unsere gr\u00f6\u00dfte","og_url":"https:\/\/farmerrain.com\/de\/produkt\/weekend-bag\/","og_site_name":"Farmerrain - H\u00e5llbara regnkl\u00e4der","article_publisher":"https:\/\/www.facebook.com\/people\/Farmerrain\/100063463901438\/","article_modified_time":"2026-03-25T13:28:15+00:00","og_image":[{"width":1080,"height":1350,"url":"https:\/\/farmerrain.com\/wp-content\/uploads\/2024\/10\/Elin-31.jpg","type":"image\/jpeg"}],"twitter_card":"summary_large_image","twitter_misc":{"Gesch\u00e4tzte Lesezeit":"2\u00a0Minuten"},"schema":{"@context":"https:\/\/schema.org","@graph":[{"@type":"WebPage","@id":"https:\/\/farmerrain.com\/de\/produkt\/weekend-bag\/","url":"https:\/\/farmerrain.com\/de\/produkt\/weekend-bag\/","name":"Weekend Bag | Farmerrain - H\u00e5llbara regnkl\u00e4der","isPartOf":{"@id":"https:\/\/farmerrain.com\/#website"},"primaryImageOfPage":{"@id":"https:\/\/farmerrain.com\/de\/produkt\/weekend-bag\/#primaryimage"},"image":{"@id":"https:\/\/farmerrain.com\/de\/produkt\/weekend-bag\/#primaryimage"},"thumbnailUrl":"https:\/\/farmerrain.com\/wp-content\/uploads\/2024\/10\/Elin-31.jpg","datePublished":"2024-10-03T14:03:23+00:00","dateModified":"2026-03-25T13:28:15+00:00","description":"Unsere gr\u00f6\u00dfte wasserabweisende Tasche \u2013 ger\u00e4umig und robust F\u00fcr alle, die zus\u00e4tzlichen Platz und zuverl\u00e4ssigen Wetterschutz ben\u00f6tigen, ist unsere gr\u00f6\u00dfte","breadcrumb":{"@id":"https:\/\/farmerrain.com\/de\/produkt\/weekend-bag\/#breadcrumb"},"inLanguage":"de","potentialAction":[{"@type":"ReadAction","target":["https:\/\/farmerrain.com\/de\/produkt\/weekend-bag\/"]}]},{"@type":"ImageObject","inLanguage":"de","@id":"https:\/\/farmerrain.com\/de\/produkt\/weekend-bag\/#primaryimage","url":"https:\/\/farmerrain.com\/wp-content\/uploads\/2024\/10\/Elin-31.jpg","contentUrl":"https:\/\/farmerrain.com\/wp-content\/uploads\/2024\/10\/Elin-31.jpg","width":1080,"height":1350},{"@type":"BreadcrumbList","@id":"https:\/\/farmerrain.com\/de\/produkt\/weekend-bag\/#breadcrumb","itemListElement":[{"@type":"ListItem","position":1,"name":"Shop","item":"https:\/\/farmerrain.com\/de\/shop-2\/"},{"@type":"ListItem","position":2,"name":"Weekend Bag"}]},{"@type":"WebSite","@id":"https:\/\/farmerrain.com\/#website","url":"https:\/\/farmerrain.com\/","name":"Farmerrain - H\u00e5llbara regnkl\u00e4der","description":"Regnkl\u00e4der med fokus p\u00e5 h\u00e5llbarhet, funktionalitet och unik design.","publisher":{"@id":"https:\/\/farmerrain.com\/#organization"},"potentialAction":[{"@type":"SearchAction","target":{"@type":"EntryPoint","urlTemplate":"https:\/\/farmerrain.com\/?s={search_term_string}"},"query-input":{"@type":"PropertyValueSpecification","valueRequired":true,"valueName":"search_term_string"}}],"inLanguage":"de"},{"@type":"Organization","@id":"https:\/\/farmerrain.com\/#organization","name":"Farmerrain","url":"https:\/\/farmerrain.com\/","logo":{"@type":"ImageObject","inLanguage":"de","@id":"https:\/\/farmerrain.com\/#\/schema\/logo\/image\/","url":"https:\/\/farmerrain.com\/wp-content\/uploads\/2023\/03\/fr_logo.png","contentUrl":"https:\/\/farmerrain.com\/wp-content\/uploads\/2023\/03\/fr_logo.png","width":179,"height":23,"caption":"Farmerrain"},"image":{"@id":"https:\/\/farmerrain.com\/#\/schema\/logo\/image\/"},"sameAs":["https:\/\/www.facebook.com\/people\/Farmerrain\/100063463901438\/"]}]}},"_links":{"self":[{"href":"https:\/\/farmerrain.com\/de\/wp-json\/wp\/v2\/product\/61473","targetHints":{"allow":["GET"]}}],"collection":[{"href":"https:\/\/farmerrain.com\/de\/wp-json\/wp\/v2\/product"}],"about":[{"href":"https:\/\/farmerrain.com\/de\/wp-json\/wp\/v2\/types\/product"}],"replies":[{"embeddable":true,"href":"https:\/\/farmerrain.com\/de\/wp-json\/wp\/v2\/comments?post=61473"}],"wp:featuredmedia":[{"embeddable":true,"href":"https:\/\/farmerrain.com\/de\/wp-json\/wp\/v2\/media\/61646"}],"wp:attachment":[{"href":"https:\/\/farmerrain.com\/de\/wp-json\/wp\/v2\/media?parent=61473"}],"wp:term":[{"taxonomy":"product_brand","embeddable":true,"href":"https:\/\/farmerrain.com\/de\/wp-json\/wp\/v2\/product_brand?post=61473"},{"taxonomy":"product_cat","embeddable":true,"href":"https:\/\/farmerrain.com\/de\/wp-json\/wp\/v2\/product_cat?post=61473"},{"taxonomy":"product_tag","embeddable":true,"href":"https:\/\/farmerrain.com\/de\/wp-json\/wp\/v2\/product_tag?post=61473"},{"taxonomy":"activity","embeddable":true,"href":"https:\/\/farmerrain.com\/de\/wp-json\/wp\/v2\/activity?post=61473"}],"curies":[{"name":"wp","href":"https:\/\/api.w.org\/{rel}","templated":true}]}}