{"id":61460,"date":"2024-10-03T15:13:44","date_gmt":"2024-10-03T13:13:44","guid":{"rendered":"https:\/\/farmerrain.com\/?post_type=product&#038;p=61460"},"modified":"2026-03-25T14:28:30","modified_gmt":"2026-03-25T13:28:30","slug":"hand-bag-mini","status":"publish","type":"product","link":"https:\/\/farmerrain.com\/de\/produkt\/hand-bag-mini\/","title":{"rendered":"Hand Bag Mini"},"content":{"rendered":"<p><span class=\"HwtZe\" lang=\"de\"><span class=\"jCAhz ChMk0b\"><span class=\"ryNqvb\">Unsere kleinste wasserdichte Tasche \u2013 flexibel und zuverl\u00e4ssig <\/span><\/span><\/span><\/p>\n<p><span class=\"HwtZe\" lang=\"de\"><span class=\"jCAhz ChMk0b\"><span class=\"ryNqvb\">Ben\u00f6tigen Sie eine kleine, aber zuverl\u00e4ssige Tasche, die allen Wetterbedingungen standh\u00e4lt?<\/span><\/span><\/span><span class=\"HwtZe\" lang=\"de\"><span class=\"jCAhz ChMk0b\"><span class=\"ryNqvb\">Unsere kleinste wasserabweisende Tasche sch\u00fctzt Ihre wichtigsten Habseligkeiten, egal ob Sie auf der Flucht in der Stadt oder auf einem Abenteuer in der freien Natur sind.<\/span><\/span> <span class=\"jCAhz ChMk0b\"><span class=\"ryNqvb\">Trotz seiner kompakten Gr\u00f6\u00dfe bietet er praktischen Platz f\u00fcr kleine Alltagsgegenst\u00e4nde wie Handy, Schl\u00fcssel, Geldb\u00f6rse und andere pers\u00f6nliche Gegenst\u00e4nde. <\/span><\/span><\/span><\/p>\n<p><span class=\"HwtZe\" lang=\"de\"><span class=\"jCAhz\"><span class=\"ryNqvb\">Eigenschaften: <\/span><\/span><\/span><\/p>\n<p><span class=\"HwtZe\" lang=\"de\"> <span class=\"jCAhz ChMk0b\"><span class=\"ryNqvb\">Wasserbest\u00e4ndig: Hergestellt aus Abfallmaterial in der gleichen hohen Qualit\u00e4t wie unsere Kleidung.<\/span><\/span> <span class=\"jCAhz\"><span class=\"ryNqvb\">Innen gef\u00fcllt.<\/span><\/span><\/span><\/p>\n<p><span class=\"HwtZe\" lang=\"de\"> <span class=\"jCAhz ChMk0b\"><span class=\"ryNqvb\">Kompaktes Design: Perfekt f\u00fcr alle, die eine leichte und flexible Tasche w\u00fcnschen, die keinen unn\u00f6tigen Platz einnimmt.<\/span><\/span><\/span><\/p>\n<p><span class=\"HwtZe\" lang=\"de\"> <span class=\"jCAhz ChMk0b\"><span class=\"ryNqvb\">Sicherer Verschluss: Ausgestattet mit einem wasserfesten Rei\u00dfverschluss, wodurch sich die Tasche auch bei Regen f\u00fcr alle Arten von Outdoor-Aktivit\u00e4ten eignet. <\/span><\/span> <span class=\"jCAhz ChMk0b\"><span class=\"ryNqvb\">Vielseitig einsetzbar: Klein genug, um es jeden Tag zu tragen, aber robust genug, um es auf Reisen, Ausfl\u00fcgen oder zum Paddeln zu verwenden. <\/span><\/span><\/span><\/p>\n<p><span class=\"HwtZe\" lang=\"de\"> <span class=\"jCAhz ChMk0b\"><span class=\"ryNqvb\">Verstellbarer Riemen: F\u00fcr zus\u00e4tzlichen Komfort kann der verstellbare Riemen einfach angepasst werden, um ihn als Umh\u00e4ngetasche oder \u00fcber der Schulter zu tragen.<\/span><\/span> <span class=\"jCAhz\"><span class=\"ryNqvb\">Oder komplett entfernt.<\/span><\/span><\/span><\/p>\n<p><span class=\"HwtZe\" lang=\"de\"> <span class=\"jCAhz ChMk0b\"><span class=\"ryNqvb\">Mit unserer kleinsten wasserdichten Tasche m\u00fcssen Sie sich keine Sorgen mehr \u00fcber unerwartete Regenschauer machen.<\/span><\/span> <span class=\"jCAhz ChMk0b\"><span class=\"ryNqvb\">Klein, aber leistungsstark, ist es Ihr perfekter Begleiter, wenn Sie Ihre Wertsachen trocken und gesch\u00fctzt aufbewahren m\u00f6chten, ohne Kompromisse beim Stil einzugehen. <\/span><\/span><\/span><\/p>\n<p><span class=\"HwtZe\" lang=\"de\"><span class=\"jCAhz\"><span class=\"ryNqvb\">Gr\u00f6\u00dfe: 30*20*9cm<\/span><\/span><\/span><\/p>\n","protected":false},"excerpt":{"rendered":"<p>Unsere kleinste wasserdichte Tasche \u2013 flexibel und zuverl\u00e4ssig Ben\u00f6tigen Sie eine kleine, aber zuverl\u00e4ssige Tasche, die allen Wetterbedingungen standh\u00e4lt?Unsere kleinste wasserabweisende Tasche sch\u00fctzt Ihre wichtigsten Habseligkeiten, egal ob Sie auf der Flucht in der Stadt oder auf einem Abenteuer in der freien Natur sind. Trotz seiner kompakten Gr\u00f6\u00dfe bietet er praktischen Platz f\u00fcr kleine Alltagsgegenst\u00e4nde [&hellip;]<\/p>\n","protected":false},"featured_media":61434,"comment_status":"open","ping_status":"closed","template":"","meta":{"_acf_changed":false},"product_brand":[],"product_cat":[1244,1245],"product_tag":[561,765],"activity":[],"class_list":{"0":"post-61460","1":"product","2":"type-product","3":"status-publish","4":"has-post-thumbnail","6":"product_cat-accessoires","7":"product_cat-taschen","8":"product_tag-mode-de","9":"product_tag-yrkesklader-de","11":"first","12":"instock","13":"taxable","14":"shipping-taxable","15":"purchasable","16":"product-type-variable","17":"has-default-attributes","18":"rtwpvg-product","19":"rtwpvs-product"},"acf":[],"shsp-ext":{"main":{},"variations":[]},"yoast_head":"<!-- This site is optimized with the Yoast SEO plugin v27.2 - https:\/\/yoast.com\/product\/yoast-seo-wordpress\/ -->\n<title>Hand Bag Mini | Farmerrain - H\u00e5llbara regnkl\u00e4der<\/title>\n<meta name=\"description\" content=\"Unsere kleinste wasserdichte Tasche \u2013 flexibel und zuverl\u00e4ssig Ben\u00f6tigen Sie eine kleine, aber zuverl\u00e4ssige Tasche, die allen Wetterbedingungen\" \/>\n<meta name=\"robots\" content=\"index, follow, max-snippet:-1, max-image-preview:large, max-video-preview:-1\" \/>\n<link rel=\"canonical\" href=\"https:\/\/farmerrain.com\/de\/produkt\/hand-bag-mini\/\" \/>\n<meta property=\"og:locale\" content=\"de_DE\" \/>\n<meta property=\"og:type\" content=\"article\" \/>\n<meta property=\"og:title\" content=\"Hand Bag Mini | Farmerrain - H\u00e5llbara regnkl\u00e4der\" \/>\n<meta property=\"og:description\" content=\"Unsere kleinste wasserdichte Tasche \u2013 flexibel und zuverl\u00e4ssig Ben\u00f6tigen Sie eine kleine, aber zuverl\u00e4ssige Tasche, die allen Wetterbedingungen\" \/>\n<meta property=\"og:url\" content=\"https:\/\/farmerrain.com\/de\/produkt\/hand-bag-mini\/\" \/>\n<meta property=\"og:site_name\" content=\"Farmerrain - H\u00e5llbara regnkl\u00e4der\" \/>\n<meta property=\"article:publisher\" content=\"https:\/\/www.facebook.com\/people\/Farmerrain\/100063463901438\/\" \/>\n<meta property=\"article:modified_time\" content=\"2026-03-25T13:28:30+00:00\" \/>\n<meta property=\"og:image\" content=\"https:\/\/farmerrain.com\/wp-content\/uploads\/2024\/10\/Jekaterina-41.jpg\" \/>\n\t<meta property=\"og:image:width\" content=\"1080\" \/>\n\t<meta property=\"og:image:height\" content=\"1350\" \/>\n\t<meta property=\"og:image:type\" content=\"image\/jpeg\" \/>\n<meta name=\"twitter:card\" content=\"summary_large_image\" \/>\n<meta name=\"twitter:label1\" content=\"Gesch\u00e4tzte Lesezeit\" \/>\n\t<meta name=\"twitter:data1\" content=\"2\u00a0Minuten\" \/>\n<script type=\"application\/ld+json\" class=\"yoast-schema-graph\">{\"@context\":\"https:\/\/schema.org\",\"@graph\":[{\"@type\":\"WebPage\",\"@id\":\"https:\/\/farmerrain.com\/de\/produkt\/hand-bag-mini\/\",\"url\":\"https:\/\/farmerrain.com\/de\/produkt\/hand-bag-mini\/\",\"name\":\"Hand Bag Mini | Farmerrain - H\u00e5llbara regnkl\u00e4der\",\"isPartOf\":{\"@id\":\"https:\/\/farmerrain.com\/#website\"},\"primaryImageOfPage\":{\"@id\":\"https:\/\/farmerrain.com\/de\/produkt\/hand-bag-mini\/#primaryimage\"},\"image\":{\"@id\":\"https:\/\/farmerrain.com\/de\/produkt\/hand-bag-mini\/#primaryimage\"},\"thumbnailUrl\":\"https:\/\/farmerrain.com\/wp-content\/uploads\/2024\/10\/Jekaterina-41.jpg\",\"datePublished\":\"2024-10-03T13:13:44+00:00\",\"dateModified\":\"2026-03-25T13:28:30+00:00\",\"description\":\"Unsere kleinste wasserdichte Tasche \u2013 flexibel und zuverl\u00e4ssig Ben\u00f6tigen Sie eine kleine, aber zuverl\u00e4ssige Tasche, die allen Wetterbedingungen\",\"breadcrumb\":{\"@id\":\"https:\/\/farmerrain.com\/de\/produkt\/hand-bag-mini\/#breadcrumb\"},\"inLanguage\":\"de\",\"potentialAction\":[{\"@type\":\"ReadAction\",\"target\":[\"https:\/\/farmerrain.com\/de\/produkt\/hand-bag-mini\/\"]}]},{\"@type\":\"ImageObject\",\"inLanguage\":\"de\",\"@id\":\"https:\/\/farmerrain.com\/de\/produkt\/hand-bag-mini\/#primaryimage\",\"url\":\"https:\/\/farmerrain.com\/wp-content\/uploads\/2024\/10\/Jekaterina-41.jpg\",\"contentUrl\":\"https:\/\/farmerrain.com\/wp-content\/uploads\/2024\/10\/Jekaterina-41.jpg\",\"width\":1080,\"height\":1350},{\"@type\":\"BreadcrumbList\",\"@id\":\"https:\/\/farmerrain.com\/de\/produkt\/hand-bag-mini\/#breadcrumb\",\"itemListElement\":[{\"@type\":\"ListItem\",\"position\":1,\"name\":\"Shop\",\"item\":\"https:\/\/farmerrain.com\/de\/shop-2\/\"},{\"@type\":\"ListItem\",\"position\":2,\"name\":\"Hand Bag Mini\"}]},{\"@type\":\"WebSite\",\"@id\":\"https:\/\/farmerrain.com\/#website\",\"url\":\"https:\/\/farmerrain.com\/\",\"name\":\"Farmerrain - H\u00e5llbara regnkl\u00e4der\",\"description\":\"Regnkl\u00e4der med fokus p\u00e5 h\u00e5llbarhet, funktionalitet och unik design.\",\"publisher\":{\"@id\":\"https:\/\/farmerrain.com\/#organization\"},\"potentialAction\":[{\"@type\":\"SearchAction\",\"target\":{\"@type\":\"EntryPoint\",\"urlTemplate\":\"https:\/\/farmerrain.com\/?s={search_term_string}\"},\"query-input\":{\"@type\":\"PropertyValueSpecification\",\"valueRequired\":true,\"valueName\":\"search_term_string\"}}],\"inLanguage\":\"de\"},{\"@type\":\"Organization\",\"@id\":\"https:\/\/farmerrain.com\/#organization\",\"name\":\"Farmerrain\",\"url\":\"https:\/\/farmerrain.com\/\",\"logo\":{\"@type\":\"ImageObject\",\"inLanguage\":\"de\",\"@id\":\"https:\/\/farmerrain.com\/#\/schema\/logo\/image\/\",\"url\":\"https:\/\/farmerrain.com\/wp-content\/uploads\/2023\/03\/fr_logo.png\",\"contentUrl\":\"https:\/\/farmerrain.com\/wp-content\/uploads\/2023\/03\/fr_logo.png\",\"width\":179,\"height\":23,\"caption\":\"Farmerrain\"},\"image\":{\"@id\":\"https:\/\/farmerrain.com\/#\/schema\/logo\/image\/\"},\"sameAs\":[\"https:\/\/www.facebook.com\/people\/Farmerrain\/100063463901438\/\"]}]}<\/script>\n<!-- \/ Yoast SEO plugin. -->","yoast_head_json":{"title":"Hand Bag Mini | Farmerrain - H\u00e5llbara regnkl\u00e4der","description":"Unsere kleinste wasserdichte Tasche \u2013 flexibel und zuverl\u00e4ssig Ben\u00f6tigen Sie eine kleine, aber zuverl\u00e4ssige Tasche, die allen Wetterbedingungen","robots":{"index":"index","follow":"follow","max-snippet":"max-snippet:-1","max-image-preview":"max-image-preview:large","max-video-preview":"max-video-preview:-1"},"canonical":"https:\/\/farmerrain.com\/de\/produkt\/hand-bag-mini\/","og_locale":"de_DE","og_type":"article","og_title":"Hand Bag Mini | Farmerrain - H\u00e5llbara regnkl\u00e4der","og_description":"Unsere kleinste wasserdichte Tasche \u2013 flexibel und zuverl\u00e4ssig Ben\u00f6tigen Sie eine kleine, aber zuverl\u00e4ssige Tasche, die allen Wetterbedingungen","og_url":"https:\/\/farmerrain.com\/de\/produkt\/hand-bag-mini\/","og_site_name":"Farmerrain - H\u00e5llbara regnkl\u00e4der","article_publisher":"https:\/\/www.facebook.com\/people\/Farmerrain\/100063463901438\/","article_modified_time":"2026-03-25T13:28:30+00:00","og_image":[{"width":1080,"height":1350,"url":"https:\/\/farmerrain.com\/wp-content\/uploads\/2024\/10\/Jekaterina-41.jpg","type":"image\/jpeg"}],"twitter_card":"summary_large_image","twitter_misc":{"Gesch\u00e4tzte Lesezeit":"2\u00a0Minuten"},"schema":{"@context":"https:\/\/schema.org","@graph":[{"@type":"WebPage","@id":"https:\/\/farmerrain.com\/de\/produkt\/hand-bag-mini\/","url":"https:\/\/farmerrain.com\/de\/produkt\/hand-bag-mini\/","name":"Hand Bag Mini | Farmerrain - H\u00e5llbara regnkl\u00e4der","isPartOf":{"@id":"https:\/\/farmerrain.com\/#website"},"primaryImageOfPage":{"@id":"https:\/\/farmerrain.com\/de\/produkt\/hand-bag-mini\/#primaryimage"},"image":{"@id":"https:\/\/farmerrain.com\/de\/produkt\/hand-bag-mini\/#primaryimage"},"thumbnailUrl":"https:\/\/farmerrain.com\/wp-content\/uploads\/2024\/10\/Jekaterina-41.jpg","datePublished":"2024-10-03T13:13:44+00:00","dateModified":"2026-03-25T13:28:30+00:00","description":"Unsere kleinste wasserdichte Tasche \u2013 flexibel und zuverl\u00e4ssig Ben\u00f6tigen Sie eine kleine, aber zuverl\u00e4ssige Tasche, die allen Wetterbedingungen","breadcrumb":{"@id":"https:\/\/farmerrain.com\/de\/produkt\/hand-bag-mini\/#breadcrumb"},"inLanguage":"de","potentialAction":[{"@type":"ReadAction","target":["https:\/\/farmerrain.com\/de\/produkt\/hand-bag-mini\/"]}]},{"@type":"ImageObject","inLanguage":"de","@id":"https:\/\/farmerrain.com\/de\/produkt\/hand-bag-mini\/#primaryimage","url":"https:\/\/farmerrain.com\/wp-content\/uploads\/2024\/10\/Jekaterina-41.jpg","contentUrl":"https:\/\/farmerrain.com\/wp-content\/uploads\/2024\/10\/Jekaterina-41.jpg","width":1080,"height":1350},{"@type":"BreadcrumbList","@id":"https:\/\/farmerrain.com\/de\/produkt\/hand-bag-mini\/#breadcrumb","itemListElement":[{"@type":"ListItem","position":1,"name":"Shop","item":"https:\/\/farmerrain.com\/de\/shop-2\/"},{"@type":"ListItem","position":2,"name":"Hand Bag Mini"}]},{"@type":"WebSite","@id":"https:\/\/farmerrain.com\/#website","url":"https:\/\/farmerrain.com\/","name":"Farmerrain - H\u00e5llbara regnkl\u00e4der","description":"Regnkl\u00e4der med fokus p\u00e5 h\u00e5llbarhet, funktionalitet och unik design.","publisher":{"@id":"https:\/\/farmerrain.com\/#organization"},"potentialAction":[{"@type":"SearchAction","target":{"@type":"EntryPoint","urlTemplate":"https:\/\/farmerrain.com\/?s={search_term_string}"},"query-input":{"@type":"PropertyValueSpecification","valueRequired":true,"valueName":"search_term_string"}}],"inLanguage":"de"},{"@type":"Organization","@id":"https:\/\/farmerrain.com\/#organization","name":"Farmerrain","url":"https:\/\/farmerrain.com\/","logo":{"@type":"ImageObject","inLanguage":"de","@id":"https:\/\/farmerrain.com\/#\/schema\/logo\/image\/","url":"https:\/\/farmerrain.com\/wp-content\/uploads\/2023\/03\/fr_logo.png","contentUrl":"https:\/\/farmerrain.com\/wp-content\/uploads\/2023\/03\/fr_logo.png","width":179,"height":23,"caption":"Farmerrain"},"image":{"@id":"https:\/\/farmerrain.com\/#\/schema\/logo\/image\/"},"sameAs":["https:\/\/www.facebook.com\/people\/Farmerrain\/100063463901438\/"]}]}},"_links":{"self":[{"href":"https:\/\/farmerrain.com\/de\/wp-json\/wp\/v2\/product\/61460","targetHints":{"allow":["GET"]}}],"collection":[{"href":"https:\/\/farmerrain.com\/de\/wp-json\/wp\/v2\/product"}],"about":[{"href":"https:\/\/farmerrain.com\/de\/wp-json\/wp\/v2\/types\/product"}],"replies":[{"embeddable":true,"href":"https:\/\/farmerrain.com\/de\/wp-json\/wp\/v2\/comments?post=61460"}],"wp:featuredmedia":[{"embeddable":true,"href":"https:\/\/farmerrain.com\/de\/wp-json\/wp\/v2\/media\/61434"}],"wp:attachment":[{"href":"https:\/\/farmerrain.com\/de\/wp-json\/wp\/v2\/media?parent=61460"}],"wp:term":[{"taxonomy":"product_brand","embeddable":true,"href":"https:\/\/farmerrain.com\/de\/wp-json\/wp\/v2\/product_brand?post=61460"},{"taxonomy":"product_cat","embeddable":true,"href":"https:\/\/farmerrain.com\/de\/wp-json\/wp\/v2\/product_cat?post=61460"},{"taxonomy":"product_tag","embeddable":true,"href":"https:\/\/farmerrain.com\/de\/wp-json\/wp\/v2\/product_tag?post=61460"},{"taxonomy":"activity","embeddable":true,"href":"https:\/\/farmerrain.com\/de\/wp-json\/wp\/v2\/activity?post=61460"}],"curies":[{"name":"wp","href":"https:\/\/api.w.org\/{rel}","templated":true}]}}