{"id":60180,"date":"2024-07-10T19:44:49","date_gmt":"2024-07-10T19:44:49","guid":{"rendered":"https:\/\/farmerrain.com\/?post_type=product&#038;p=60180"},"modified":"2026-04-15T15:48:32","modified_gmt":"2026-04-15T13:48:32","slug":"welded-coat-unlined","status":"publish","type":"product","link":"https:\/\/farmerrain.com\/de\/produkt\/welded-coat-unlined\/","title":{"rendered":"Welded coat unlined"},"content":{"rendered":"<div id=\"tab-description\" role=\"tabpanel\" aria-labelledby=\"tab_item-0\">\n<p>G<span lang=\"de\">eschwei\u00dft<\/span>\u00a0Mantel. Handgefertigt in gerader, dekorativer Unisex-Ausf\u00fchrung.<\/p>\n<p><span lang=\"de\">Sturmleiste mit Druckkn\u00f6pfen<\/span><\/p>\n<p><span lang=\"de\"> Kapuze mit Kordelzug. <\/span><\/p>\n<p><span lang=\"de\">Zwei eingesetzte Taschen.<\/span><\/p>\n<p>&nbsp;<\/p>\n<p>MATERIAL<br \/>\nBiovinyl shiny black\u00a0 430 g\/m\u00b2.\u00a0 Wassers\u00e4ule &gt; 20000mm.<\/p>\n<p>Biovinyl shiny blue 430 g*\/m2. Wassers\u00e4ule &gt; 20000mm.<\/p>\n<\/div>\n","protected":false},"excerpt":{"rendered":"<p>Geschwei\u00dft\u00a0Mantel. Handgefertigt in gerader, dekorativer Unisex-Ausf\u00fchrung. Sturmleiste mit Druckkn\u00f6pfen Kapuze mit Kordelzug. Zwei eingesetzte Taschen. &nbsp; MATERIAL Biovinyl shiny black\u00a0 430 g\/m\u00b2.\u00a0 Wassers\u00e4ule &gt; 20000mm. Biovinyl shiny blue 430 g*\/m2. Wassers\u00e4ule &gt; 20000mm.<\/p>\n","protected":false},"featured_media":61216,"comment_status":"open","ping_status":"closed","template":"","meta":{"_acf_changed":false},"product_brand":[],"product_cat":[1286,1296],"product_tag":[561],"activity":[1144,1154],"class_list":{"0":"post-60180","1":"product","2":"type-product","3":"status-publish","4":"has-post-thumbnail","6":"product_cat-regenbekleidung","7":"product_cat-regenbekleidung-regenmaentel","8":"product_tag-mode-de","9":"activity-alltag-pendeln","10":"activity-regenmantel-alltag-and-pendeln","12":"first","13":"instock","14":"taxable","15":"shipping-taxable","16":"purchasable","17":"product-type-variable","18":"has-default-attributes","19":"rtwpvg-product","20":"rtwpvs-product"},"acf":[],"shsp-ext":{"main":{},"variations":[]},"yoast_head":"<!-- This site is optimized with the Yoast SEO plugin v27.5 - https:\/\/yoast.com\/product\/yoast-seo-wordpress\/ -->\n<title>Welded coat unlined | Farmerrain - H\u00e5llbara regnkl\u00e4der<\/title>\n<meta name=\"description\" content=\"Geschwei\u00dft\u00a0Mantel. Handgefertigt in gerader, dekorativer Unisex-Ausf\u00fchrung. Sturmleiste mit Druckkn\u00f6pfen Kapuze mit Kordelzug. Zwei eingesetzte\" \/>\n<meta name=\"robots\" content=\"index, follow, max-snippet:-1, max-image-preview:large, max-video-preview:-1\" \/>\n<link rel=\"canonical\" href=\"https:\/\/farmerrain.com\/de\/produkt\/welded-coat-unlined\/\" \/>\n<meta property=\"og:locale\" content=\"de_DE\" \/>\n<meta property=\"og:type\" content=\"article\" \/>\n<meta property=\"og:title\" content=\"Welded coat unlined | Farmerrain - H\u00e5llbara regnkl\u00e4der\" \/>\n<meta property=\"og:description\" content=\"Geschwei\u00dft\u00a0Mantel. Handgefertigt in gerader, dekorativer Unisex-Ausf\u00fchrung. Sturmleiste mit Druckkn\u00f6pfen Kapuze mit Kordelzug. Zwei eingesetzte\" \/>\n<meta property=\"og:url\" content=\"https:\/\/farmerrain.com\/de\/produkt\/welded-coat-unlined\/\" \/>\n<meta property=\"og:site_name\" content=\"Farmerrain - H\u00e5llbara regnkl\u00e4der\" \/>\n<meta property=\"article:publisher\" content=\"https:\/\/www.facebook.com\/people\/Farmerrain\/100063463901438\/\" \/>\n<meta property=\"article:modified_time\" content=\"2026-04-15T13:48:32+00:00\" \/>\n<meta property=\"og:image\" content=\"https:\/\/farmerrain.com\/wp-content\/uploads\/2024\/07\/Elin-165.jpg\" \/>\n\t<meta property=\"og:image:width\" content=\"1080\" \/>\n\t<meta property=\"og:image:height\" content=\"1350\" \/>\n\t<meta property=\"og:image:type\" content=\"image\/jpeg\" \/>\n<meta name=\"twitter:card\" content=\"summary_large_image\" \/>\n<meta name=\"twitter:label1\" content=\"Gesch\u00e4tzte Lesezeit\" \/>\n\t<meta name=\"twitter:data1\" content=\"1\u00a0Minute\" \/>\n<script type=\"application\/ld+json\" class=\"yoast-schema-graph\">{\"@context\":\"https:\\\/\\\/schema.org\",\"@graph\":[{\"@type\":\"WebPage\",\"@id\":\"https:\\\/\\\/farmerrain.com\\\/de\\\/produkt\\\/welded-coat-unlined\\\/\",\"url\":\"https:\\\/\\\/farmerrain.com\\\/de\\\/produkt\\\/welded-coat-unlined\\\/\",\"name\":\"Welded coat unlined | Farmerrain - H\u00e5llbara regnkl\u00e4der\",\"isPartOf\":{\"@id\":\"https:\\\/\\\/farmerrain.com\\\/#website\"},\"primaryImageOfPage\":{\"@id\":\"https:\\\/\\\/farmerrain.com\\\/de\\\/produkt\\\/welded-coat-unlined\\\/#primaryimage\"},\"image\":{\"@id\":\"https:\\\/\\\/farmerrain.com\\\/de\\\/produkt\\\/welded-coat-unlined\\\/#primaryimage\"},\"thumbnailUrl\":\"https:\\\/\\\/farmerrain.com\\\/wp-content\\\/uploads\\\/2024\\\/07\\\/Elin-165.jpg\",\"datePublished\":\"2024-07-10T19:44:49+00:00\",\"dateModified\":\"2026-04-15T13:48:32+00:00\",\"description\":\"Geschwei\u00dft\u00a0Mantel. Handgefertigt in gerader, dekorativer Unisex-Ausf\u00fchrung. Sturmleiste mit Druckkn\u00f6pfen Kapuze mit Kordelzug. Zwei eingesetzte\",\"breadcrumb\":{\"@id\":\"https:\\\/\\\/farmerrain.com\\\/de\\\/produkt\\\/welded-coat-unlined\\\/#breadcrumb\"},\"inLanguage\":\"de\",\"potentialAction\":[{\"@type\":\"ReadAction\",\"target\":[\"https:\\\/\\\/farmerrain.com\\\/de\\\/produkt\\\/welded-coat-unlined\\\/\"]}]},{\"@type\":\"ImageObject\",\"inLanguage\":\"de\",\"@id\":\"https:\\\/\\\/farmerrain.com\\\/de\\\/produkt\\\/welded-coat-unlined\\\/#primaryimage\",\"url\":\"https:\\\/\\\/farmerrain.com\\\/wp-content\\\/uploads\\\/2024\\\/07\\\/Elin-165.jpg\",\"contentUrl\":\"https:\\\/\\\/farmerrain.com\\\/wp-content\\\/uploads\\\/2024\\\/07\\\/Elin-165.jpg\",\"width\":1080,\"height\":1350},{\"@type\":\"BreadcrumbList\",\"@id\":\"https:\\\/\\\/farmerrain.com\\\/de\\\/produkt\\\/welded-coat-unlined\\\/#breadcrumb\",\"itemListElement\":[{\"@type\":\"ListItem\",\"position\":1,\"name\":\"Shop\",\"item\":\"https:\\\/\\\/farmerrain.com\\\/de\\\/shop-2\\\/\"},{\"@type\":\"ListItem\",\"position\":2,\"name\":\"Welded coat unlined\"}]},{\"@type\":\"WebSite\",\"@id\":\"https:\\\/\\\/farmerrain.com\\\/#website\",\"url\":\"https:\\\/\\\/farmerrain.com\\\/\",\"name\":\"Farmerrain - H\u00e5llbara regnkl\u00e4der\",\"description\":\"Regnkl\u00e4der med fokus p\u00e5 h\u00e5llbarhet, funktionalitet och unik design.\",\"publisher\":{\"@id\":\"https:\\\/\\\/farmerrain.com\\\/#organization\"},\"potentialAction\":[{\"@type\":\"SearchAction\",\"target\":{\"@type\":\"EntryPoint\",\"urlTemplate\":\"https:\\\/\\\/farmerrain.com\\\/?s={search_term_string}\"},\"query-input\":{\"@type\":\"PropertyValueSpecification\",\"valueRequired\":true,\"valueName\":\"search_term_string\"}}],\"inLanguage\":\"de\"},{\"@type\":\"Organization\",\"@id\":\"https:\\\/\\\/farmerrain.com\\\/#organization\",\"name\":\"Farmerrain\",\"url\":\"https:\\\/\\\/farmerrain.com\\\/\",\"logo\":{\"@type\":\"ImageObject\",\"inLanguage\":\"de\",\"@id\":\"https:\\\/\\\/farmerrain.com\\\/#\\\/schema\\\/logo\\\/image\\\/\",\"url\":\"https:\\\/\\\/farmerrain.com\\\/wp-content\\\/uploads\\\/2023\\\/03\\\/fr_logo.png\",\"contentUrl\":\"https:\\\/\\\/farmerrain.com\\\/wp-content\\\/uploads\\\/2023\\\/03\\\/fr_logo.png\",\"width\":179,\"height\":23,\"caption\":\"Farmerrain\"},\"image\":{\"@id\":\"https:\\\/\\\/farmerrain.com\\\/#\\\/schema\\\/logo\\\/image\\\/\"},\"sameAs\":[\"https:\\\/\\\/www.facebook.com\\\/people\\\/Farmerrain\\\/100063463901438\\\/\"]}]}<\/script>\n<!-- \/ Yoast SEO plugin. -->","yoast_head_json":{"title":"Welded coat unlined | Farmerrain - H\u00e5llbara regnkl\u00e4der","description":"Geschwei\u00dft\u00a0Mantel. Handgefertigt in gerader, dekorativer Unisex-Ausf\u00fchrung. Sturmleiste mit Druckkn\u00f6pfen Kapuze mit Kordelzug. Zwei eingesetzte","robots":{"index":"index","follow":"follow","max-snippet":"max-snippet:-1","max-image-preview":"max-image-preview:large","max-video-preview":"max-video-preview:-1"},"canonical":"https:\/\/farmerrain.com\/de\/produkt\/welded-coat-unlined\/","og_locale":"de_DE","og_type":"article","og_title":"Welded coat unlined | Farmerrain - H\u00e5llbara regnkl\u00e4der","og_description":"Geschwei\u00dft\u00a0Mantel. Handgefertigt in gerader, dekorativer Unisex-Ausf\u00fchrung. Sturmleiste mit Druckkn\u00f6pfen Kapuze mit Kordelzug. Zwei eingesetzte","og_url":"https:\/\/farmerrain.com\/de\/produkt\/welded-coat-unlined\/","og_site_name":"Farmerrain - H\u00e5llbara regnkl\u00e4der","article_publisher":"https:\/\/www.facebook.com\/people\/Farmerrain\/100063463901438\/","article_modified_time":"2026-04-15T13:48:32+00:00","og_image":[{"width":1080,"height":1350,"url":"https:\/\/farmerrain.com\/wp-content\/uploads\/2024\/07\/Elin-165.jpg","type":"image\/jpeg"}],"twitter_card":"summary_large_image","twitter_misc":{"Gesch\u00e4tzte Lesezeit":"1\u00a0Minute"},"schema":{"@context":"https:\/\/schema.org","@graph":[{"@type":"WebPage","@id":"https:\/\/farmerrain.com\/de\/produkt\/welded-coat-unlined\/","url":"https:\/\/farmerrain.com\/de\/produkt\/welded-coat-unlined\/","name":"Welded coat unlined | Farmerrain - H\u00e5llbara regnkl\u00e4der","isPartOf":{"@id":"https:\/\/farmerrain.com\/#website"},"primaryImageOfPage":{"@id":"https:\/\/farmerrain.com\/de\/produkt\/welded-coat-unlined\/#primaryimage"},"image":{"@id":"https:\/\/farmerrain.com\/de\/produkt\/welded-coat-unlined\/#primaryimage"},"thumbnailUrl":"https:\/\/farmerrain.com\/wp-content\/uploads\/2024\/07\/Elin-165.jpg","datePublished":"2024-07-10T19:44:49+00:00","dateModified":"2026-04-15T13:48:32+00:00","description":"Geschwei\u00dft\u00a0Mantel. Handgefertigt in gerader, dekorativer Unisex-Ausf\u00fchrung. Sturmleiste mit Druckkn\u00f6pfen Kapuze mit Kordelzug. Zwei eingesetzte","breadcrumb":{"@id":"https:\/\/farmerrain.com\/de\/produkt\/welded-coat-unlined\/#breadcrumb"},"inLanguage":"de","potentialAction":[{"@type":"ReadAction","target":["https:\/\/farmerrain.com\/de\/produkt\/welded-coat-unlined\/"]}]},{"@type":"ImageObject","inLanguage":"de","@id":"https:\/\/farmerrain.com\/de\/produkt\/welded-coat-unlined\/#primaryimage","url":"https:\/\/farmerrain.com\/wp-content\/uploads\/2024\/07\/Elin-165.jpg","contentUrl":"https:\/\/farmerrain.com\/wp-content\/uploads\/2024\/07\/Elin-165.jpg","width":1080,"height":1350},{"@type":"BreadcrumbList","@id":"https:\/\/farmerrain.com\/de\/produkt\/welded-coat-unlined\/#breadcrumb","itemListElement":[{"@type":"ListItem","position":1,"name":"Shop","item":"https:\/\/farmerrain.com\/de\/shop-2\/"},{"@type":"ListItem","position":2,"name":"Welded coat unlined"}]},{"@type":"WebSite","@id":"https:\/\/farmerrain.com\/#website","url":"https:\/\/farmerrain.com\/","name":"Farmerrain - H\u00e5llbara regnkl\u00e4der","description":"Regnkl\u00e4der med fokus p\u00e5 h\u00e5llbarhet, funktionalitet och unik design.","publisher":{"@id":"https:\/\/farmerrain.com\/#organization"},"potentialAction":[{"@type":"SearchAction","target":{"@type":"EntryPoint","urlTemplate":"https:\/\/farmerrain.com\/?s={search_term_string}"},"query-input":{"@type":"PropertyValueSpecification","valueRequired":true,"valueName":"search_term_string"}}],"inLanguage":"de"},{"@type":"Organization","@id":"https:\/\/farmerrain.com\/#organization","name":"Farmerrain","url":"https:\/\/farmerrain.com\/","logo":{"@type":"ImageObject","inLanguage":"de","@id":"https:\/\/farmerrain.com\/#\/schema\/logo\/image\/","url":"https:\/\/farmerrain.com\/wp-content\/uploads\/2023\/03\/fr_logo.png","contentUrl":"https:\/\/farmerrain.com\/wp-content\/uploads\/2023\/03\/fr_logo.png","width":179,"height":23,"caption":"Farmerrain"},"image":{"@id":"https:\/\/farmerrain.com\/#\/schema\/logo\/image\/"},"sameAs":["https:\/\/www.facebook.com\/people\/Farmerrain\/100063463901438\/"]}]}},"_links":{"self":[{"href":"https:\/\/farmerrain.com\/de\/wp-json\/wp\/v2\/product\/60180","targetHints":{"allow":["GET"]}}],"collection":[{"href":"https:\/\/farmerrain.com\/de\/wp-json\/wp\/v2\/product"}],"about":[{"href":"https:\/\/farmerrain.com\/de\/wp-json\/wp\/v2\/types\/product"}],"replies":[{"embeddable":true,"href":"https:\/\/farmerrain.com\/de\/wp-json\/wp\/v2\/comments?post=60180"}],"wp:featuredmedia":[{"embeddable":true,"href":"https:\/\/farmerrain.com\/de\/wp-json\/wp\/v2\/media\/61216"}],"wp:attachment":[{"href":"https:\/\/farmerrain.com\/de\/wp-json\/wp\/v2\/media?parent=60180"}],"wp:term":[{"taxonomy":"product_brand","embeddable":true,"href":"https:\/\/farmerrain.com\/de\/wp-json\/wp\/v2\/product_brand?post=60180"},{"taxonomy":"product_cat","embeddable":true,"href":"https:\/\/farmerrain.com\/de\/wp-json\/wp\/v2\/product_cat?post=60180"},{"taxonomy":"product_tag","embeddable":true,"href":"https:\/\/farmerrain.com\/de\/wp-json\/wp\/v2\/product_tag?post=60180"},{"taxonomy":"activity","embeddable":true,"href":"https:\/\/farmerrain.com\/de\/wp-json\/wp\/v2\/activity?post=60180"}],"curies":[{"name":"wp","href":"https:\/\/api.w.org\/{rel}","templated":true}]}}