{"id":60093,"date":"2024-07-11T12:25:15","date_gmt":"2024-07-11T10:25:15","guid":{"rendered":"https:\/\/farmerrain.com\/?post_type=product&#038;p=60093"},"modified":"2026-04-13T08:32:51","modified_gmt":"2026-04-13T06:32:51","slug":"rasmus-light-latzhose","status":"publish","type":"product","link":"https:\/\/farmerrain.com\/de\/produkt\/rasmus-light-latzhose\/","title":{"rendered":"Rasmus light Latzhose"},"content":{"rendered":"<div id=\"tab-description\" role=\"tabpanel\" aria-labelledby=\"tab_item-0\">\n<p>Latzhose f\u00fcr das Abenteuer und Arbeit<\/p>\n<p>Unisex-Modell mit Gummizug im oberen R\u00fcckenbereich f\u00fcr erh\u00f6hten Komfort<\/p>\n<p>Gro\u00dfe Tasche vorne auf der Burst f\u00fcr z.B Handy und Schl\u00fcssel<\/p>\n<p>Knopfverstellung ab der Seite<\/p>\n<p>Verstellbare elastische Hosentr\u00e4nger in h\u00f6chter Qualit\u00e4t<\/p>\n<p>Gummiband L\u00e4uft um den ankel und unter dem fu\u00df<\/p>\n<p>Reflex um beide Beine<\/p>\n<p>Hervorragende Verst\u00e4rkungen \u00fcber die Knie<\/p>\n<p>&nbsp;<\/p>\n<p>MATERIAL<br \/>\nRaintex light\u00a0 250 g\/m\u00b2.<\/p>\n<p>K\u00e4ltebest\u00e4ndig, Wassers\u00e4ule 20 000mm<\/p>\n<\/div>\n","protected":false},"excerpt":{"rendered":"<p>Latzhose f\u00fcr das Abenteuer und Arbeit Unisex-Modell mit Gummizug im oberen R\u00fcckenbereich f\u00fcr erh\u00f6hten Komfort Gro\u00dfe Tasche vorne auf der Burst f\u00fcr z.B Handy und Schl\u00fcssel Knopfverstellung ab der Seite Verstellbare elastische Hosentr\u00e4nger in h\u00f6chter Qualit\u00e4t Gummiband L\u00e4uft um den ankel und unter dem fu\u00df Reflex um beide Beine Hervorragende Verst\u00e4rkungen \u00fcber die Knie &nbsp; [&hellip;]<\/p>\n","protected":false},"featured_media":60051,"comment_status":"open","ping_status":"closed","template":"","meta":{"_acf_changed":false},"product_brand":[],"product_cat":[1289,1286],"product_tag":[765],"activity":[1144,1148,1099,1132,1095,1128],"class_list":{"0":"post-60093","1":"product","2":"type-product","3":"status-publish","4":"has-post-thumbnail","6":"product_cat-regenbekleidung-latzhosen","7":"product_cat-regenbekleidung","8":"product_tag-yrkesklader-de","9":"activity-alltag-pendeln","10":"activity-latzhosen-alltag-and-pendeln","11":"activity-latzhosen-outdoor-and-natur","12":"activity-latzhosen-stall-and-landleben","13":"activity-outdoor-natur","14":"activity-stall-landleben","16":"first","17":"instock","18":"taxable","19":"shipping-taxable","20":"purchasable","21":"product-type-variable","22":"has-default-attributes","23":"rtwpvg-product","24":"rtwpvs-product"},"acf":[],"shsp-ext":{"main":{},"variations":[]},"yoast_head":"<!-- This site is optimized with the Yoast SEO plugin v27.2 - https:\/\/yoast.com\/product\/yoast-seo-wordpress\/ -->\n<title>Rasmus light Latzhose | Farmerrain - H\u00e5llbara regnkl\u00e4der<\/title>\n<meta name=\"description\" content=\"Latzhose f\u00fcr das Abenteuer und Arbeit Unisex-Modell mit Gummizug im oberen R\u00fcckenbereich f\u00fcr erh\u00f6hten Komfort Gro\u00dfe Tasche vorne auf der Burst f\u00fcr z.B\" \/>\n<meta name=\"robots\" content=\"index, follow, max-snippet:-1, max-image-preview:large, max-video-preview:-1\" \/>\n<link rel=\"canonical\" href=\"https:\/\/farmerrain.com\/de\/produkt\/rasmus-light-latzhose\/\" \/>\n<meta property=\"og:locale\" content=\"de_DE\" \/>\n<meta property=\"og:type\" content=\"article\" \/>\n<meta property=\"og:title\" content=\"Rasmus light Latzhose | Farmerrain - H\u00e5llbara regnkl\u00e4der\" \/>\n<meta property=\"og:description\" content=\"Latzhose f\u00fcr das Abenteuer und Arbeit Unisex-Modell mit Gummizug im oberen R\u00fcckenbereich f\u00fcr erh\u00f6hten Komfort Gro\u00dfe Tasche vorne auf der Burst f\u00fcr z.B\" \/>\n<meta property=\"og:url\" content=\"https:\/\/farmerrain.com\/de\/produkt\/rasmus-light-latzhose\/\" \/>\n<meta property=\"og:site_name\" content=\"Farmerrain - H\u00e5llbara regnkl\u00e4der\" \/>\n<meta property=\"article:publisher\" content=\"https:\/\/www.facebook.com\/people\/Farmerrain\/100063463901438\/\" \/>\n<meta property=\"article:modified_time\" content=\"2026-04-13T06:32:51+00:00\" \/>\n<meta property=\"og:image\" content=\"https:\/\/farmerrain.com\/wp-content\/uploads\/2024\/07\/Kullberg-32.jpg\" \/>\n\t<meta property=\"og:image:width\" content=\"1080\" \/>\n\t<meta property=\"og:image:height\" content=\"1350\" \/>\n\t<meta property=\"og:image:type\" content=\"image\/jpeg\" \/>\n<meta name=\"twitter:card\" content=\"summary_large_image\" \/>\n<meta name=\"twitter:label1\" content=\"Gesch\u00e4tzte Lesezeit\" \/>\n\t<meta name=\"twitter:data1\" content=\"1\u00a0Minute\" \/>\n<script type=\"application\/ld+json\" class=\"yoast-schema-graph\">{\"@context\":\"https:\/\/schema.org\",\"@graph\":[{\"@type\":\"WebPage\",\"@id\":\"https:\/\/farmerrain.com\/de\/produkt\/rasmus-light-latzhose\/\",\"url\":\"https:\/\/farmerrain.com\/de\/produkt\/rasmus-light-latzhose\/\",\"name\":\"Rasmus light Latzhose | Farmerrain - H\u00e5llbara regnkl\u00e4der\",\"isPartOf\":{\"@id\":\"https:\/\/farmerrain.com\/#website\"},\"primaryImageOfPage\":{\"@id\":\"https:\/\/farmerrain.com\/de\/produkt\/rasmus-light-latzhose\/#primaryimage\"},\"image\":{\"@id\":\"https:\/\/farmerrain.com\/de\/produkt\/rasmus-light-latzhose\/#primaryimage\"},\"thumbnailUrl\":\"https:\/\/farmerrain.com\/wp-content\/uploads\/2024\/07\/Kullberg-32.jpg\",\"datePublished\":\"2024-07-11T10:25:15+00:00\",\"dateModified\":\"2026-04-13T06:32:51+00:00\",\"description\":\"Latzhose f\u00fcr das Abenteuer und Arbeit Unisex-Modell mit Gummizug im oberen R\u00fcckenbereich f\u00fcr erh\u00f6hten Komfort Gro\u00dfe Tasche vorne auf der Burst f\u00fcr z.B\",\"breadcrumb\":{\"@id\":\"https:\/\/farmerrain.com\/de\/produkt\/rasmus-light-latzhose\/#breadcrumb\"},\"inLanguage\":\"de\",\"potentialAction\":[{\"@type\":\"ReadAction\",\"target\":[\"https:\/\/farmerrain.com\/de\/produkt\/rasmus-light-latzhose\/\"]}]},{\"@type\":\"ImageObject\",\"inLanguage\":\"de\",\"@id\":\"https:\/\/farmerrain.com\/de\/produkt\/rasmus-light-latzhose\/#primaryimage\",\"url\":\"https:\/\/farmerrain.com\/wp-content\/uploads\/2024\/07\/Kullberg-32.jpg\",\"contentUrl\":\"https:\/\/farmerrain.com\/wp-content\/uploads\/2024\/07\/Kullberg-32.jpg\",\"width\":1080,\"height\":1350},{\"@type\":\"BreadcrumbList\",\"@id\":\"https:\/\/farmerrain.com\/de\/produkt\/rasmus-light-latzhose\/#breadcrumb\",\"itemListElement\":[{\"@type\":\"ListItem\",\"position\":1,\"name\":\"Shop\",\"item\":\"https:\/\/farmerrain.com\/de\/shop-2\/\"},{\"@type\":\"ListItem\",\"position\":2,\"name\":\"Rasmus light Latzhose\"}]},{\"@type\":\"WebSite\",\"@id\":\"https:\/\/farmerrain.com\/#website\",\"url\":\"https:\/\/farmerrain.com\/\",\"name\":\"Farmerrain - H\u00e5llbara regnkl\u00e4der\",\"description\":\"Regnkl\u00e4der med fokus p\u00e5 h\u00e5llbarhet, funktionalitet och unik design.\",\"publisher\":{\"@id\":\"https:\/\/farmerrain.com\/#organization\"},\"potentialAction\":[{\"@type\":\"SearchAction\",\"target\":{\"@type\":\"EntryPoint\",\"urlTemplate\":\"https:\/\/farmerrain.com\/?s={search_term_string}\"},\"query-input\":{\"@type\":\"PropertyValueSpecification\",\"valueRequired\":true,\"valueName\":\"search_term_string\"}}],\"inLanguage\":\"de\"},{\"@type\":\"Organization\",\"@id\":\"https:\/\/farmerrain.com\/#organization\",\"name\":\"Farmerrain\",\"url\":\"https:\/\/farmerrain.com\/\",\"logo\":{\"@type\":\"ImageObject\",\"inLanguage\":\"de\",\"@id\":\"https:\/\/farmerrain.com\/#\/schema\/logo\/image\/\",\"url\":\"https:\/\/farmerrain.com\/wp-content\/uploads\/2023\/03\/fr_logo.png\",\"contentUrl\":\"https:\/\/farmerrain.com\/wp-content\/uploads\/2023\/03\/fr_logo.png\",\"width\":179,\"height\":23,\"caption\":\"Farmerrain\"},\"image\":{\"@id\":\"https:\/\/farmerrain.com\/#\/schema\/logo\/image\/\"},\"sameAs\":[\"https:\/\/www.facebook.com\/people\/Farmerrain\/100063463901438\/\"]}]}<\/script>\n<!-- \/ Yoast SEO plugin. -->","yoast_head_json":{"title":"Rasmus light Latzhose | Farmerrain - H\u00e5llbara regnkl\u00e4der","description":"Latzhose f\u00fcr das Abenteuer und Arbeit Unisex-Modell mit Gummizug im oberen R\u00fcckenbereich f\u00fcr erh\u00f6hten Komfort Gro\u00dfe Tasche vorne auf der Burst f\u00fcr z.B","robots":{"index":"index","follow":"follow","max-snippet":"max-snippet:-1","max-image-preview":"max-image-preview:large","max-video-preview":"max-video-preview:-1"},"canonical":"https:\/\/farmerrain.com\/de\/produkt\/rasmus-light-latzhose\/","og_locale":"de_DE","og_type":"article","og_title":"Rasmus light Latzhose | Farmerrain - H\u00e5llbara regnkl\u00e4der","og_description":"Latzhose f\u00fcr das Abenteuer und Arbeit Unisex-Modell mit Gummizug im oberen R\u00fcckenbereich f\u00fcr erh\u00f6hten Komfort Gro\u00dfe Tasche vorne auf der Burst f\u00fcr z.B","og_url":"https:\/\/farmerrain.com\/de\/produkt\/rasmus-light-latzhose\/","og_site_name":"Farmerrain - H\u00e5llbara regnkl\u00e4der","article_publisher":"https:\/\/www.facebook.com\/people\/Farmerrain\/100063463901438\/","article_modified_time":"2026-04-13T06:32:51+00:00","og_image":[{"width":1080,"height":1350,"url":"https:\/\/farmerrain.com\/wp-content\/uploads\/2024\/07\/Kullberg-32.jpg","type":"image\/jpeg"}],"twitter_card":"summary_large_image","twitter_misc":{"Gesch\u00e4tzte Lesezeit":"1\u00a0Minute"},"schema":{"@context":"https:\/\/schema.org","@graph":[{"@type":"WebPage","@id":"https:\/\/farmerrain.com\/de\/produkt\/rasmus-light-latzhose\/","url":"https:\/\/farmerrain.com\/de\/produkt\/rasmus-light-latzhose\/","name":"Rasmus light Latzhose | Farmerrain - H\u00e5llbara regnkl\u00e4der","isPartOf":{"@id":"https:\/\/farmerrain.com\/#website"},"primaryImageOfPage":{"@id":"https:\/\/farmerrain.com\/de\/produkt\/rasmus-light-latzhose\/#primaryimage"},"image":{"@id":"https:\/\/farmerrain.com\/de\/produkt\/rasmus-light-latzhose\/#primaryimage"},"thumbnailUrl":"https:\/\/farmerrain.com\/wp-content\/uploads\/2024\/07\/Kullberg-32.jpg","datePublished":"2024-07-11T10:25:15+00:00","dateModified":"2026-04-13T06:32:51+00:00","description":"Latzhose f\u00fcr das Abenteuer und Arbeit Unisex-Modell mit Gummizug im oberen R\u00fcckenbereich f\u00fcr erh\u00f6hten Komfort Gro\u00dfe Tasche vorne auf der Burst f\u00fcr z.B","breadcrumb":{"@id":"https:\/\/farmerrain.com\/de\/produkt\/rasmus-light-latzhose\/#breadcrumb"},"inLanguage":"de","potentialAction":[{"@type":"ReadAction","target":["https:\/\/farmerrain.com\/de\/produkt\/rasmus-light-latzhose\/"]}]},{"@type":"ImageObject","inLanguage":"de","@id":"https:\/\/farmerrain.com\/de\/produkt\/rasmus-light-latzhose\/#primaryimage","url":"https:\/\/farmerrain.com\/wp-content\/uploads\/2024\/07\/Kullberg-32.jpg","contentUrl":"https:\/\/farmerrain.com\/wp-content\/uploads\/2024\/07\/Kullberg-32.jpg","width":1080,"height":1350},{"@type":"BreadcrumbList","@id":"https:\/\/farmerrain.com\/de\/produkt\/rasmus-light-latzhose\/#breadcrumb","itemListElement":[{"@type":"ListItem","position":1,"name":"Shop","item":"https:\/\/farmerrain.com\/de\/shop-2\/"},{"@type":"ListItem","position":2,"name":"Rasmus light Latzhose"}]},{"@type":"WebSite","@id":"https:\/\/farmerrain.com\/#website","url":"https:\/\/farmerrain.com\/","name":"Farmerrain - H\u00e5llbara regnkl\u00e4der","description":"Regnkl\u00e4der med fokus p\u00e5 h\u00e5llbarhet, funktionalitet och unik design.","publisher":{"@id":"https:\/\/farmerrain.com\/#organization"},"potentialAction":[{"@type":"SearchAction","target":{"@type":"EntryPoint","urlTemplate":"https:\/\/farmerrain.com\/?s={search_term_string}"},"query-input":{"@type":"PropertyValueSpecification","valueRequired":true,"valueName":"search_term_string"}}],"inLanguage":"de"},{"@type":"Organization","@id":"https:\/\/farmerrain.com\/#organization","name":"Farmerrain","url":"https:\/\/farmerrain.com\/","logo":{"@type":"ImageObject","inLanguage":"de","@id":"https:\/\/farmerrain.com\/#\/schema\/logo\/image\/","url":"https:\/\/farmerrain.com\/wp-content\/uploads\/2023\/03\/fr_logo.png","contentUrl":"https:\/\/farmerrain.com\/wp-content\/uploads\/2023\/03\/fr_logo.png","width":179,"height":23,"caption":"Farmerrain"},"image":{"@id":"https:\/\/farmerrain.com\/#\/schema\/logo\/image\/"},"sameAs":["https:\/\/www.facebook.com\/people\/Farmerrain\/100063463901438\/"]}]}},"_links":{"self":[{"href":"https:\/\/farmerrain.com\/de\/wp-json\/wp\/v2\/product\/60093","targetHints":{"allow":["GET"]}}],"collection":[{"href":"https:\/\/farmerrain.com\/de\/wp-json\/wp\/v2\/product"}],"about":[{"href":"https:\/\/farmerrain.com\/de\/wp-json\/wp\/v2\/types\/product"}],"replies":[{"embeddable":true,"href":"https:\/\/farmerrain.com\/de\/wp-json\/wp\/v2\/comments?post=60093"}],"wp:featuredmedia":[{"embeddable":true,"href":"https:\/\/farmerrain.com\/de\/wp-json\/wp\/v2\/media\/60051"}],"wp:attachment":[{"href":"https:\/\/farmerrain.com\/de\/wp-json\/wp\/v2\/media?parent=60093"}],"wp:term":[{"taxonomy":"product_brand","embeddable":true,"href":"https:\/\/farmerrain.com\/de\/wp-json\/wp\/v2\/product_brand?post=60093"},{"taxonomy":"product_cat","embeddable":true,"href":"https:\/\/farmerrain.com\/de\/wp-json\/wp\/v2\/product_cat?post=60093"},{"taxonomy":"product_tag","embeddable":true,"href":"https:\/\/farmerrain.com\/de\/wp-json\/wp\/v2\/product_tag?post=60093"},{"taxonomy":"activity","embeddable":true,"href":"https:\/\/farmerrain.com\/de\/wp-json\/wp\/v2\/activity?post=60093"}],"curies":[{"name":"wp","href":"https:\/\/api.w.org\/{rel}","templated":true}]}}