{"id":53132,"date":"2023-10-04T17:39:25","date_gmt":"2023-10-04T17:39:25","guid":{"rendered":"https:\/\/farmerrain.com\/?post_type=product&#038;p=53132"},"modified":"2026-04-21T22:27:32","modified_gmt":"2026-04-21T20:27:32","slug":"retro-mantel-20","status":"publish","type":"product","link":"https:\/\/farmerrain.com\/de\/produkt\/retro-mantel-20\/","title":{"rendered":"Gl\u00e4nzend Retro Mantel"},"content":{"rendered":"<p>Retro-Mantel mit praktischer Schildkapuze und Kordelzug mit Metall-Kordelstoppern.<\/p>\n<p>Druckkn\u00f6pfe vorne. Der G\u00fcrtel ist aus dem gleichen Material wie der Mantel.<\/p>\n<p>Doppelknopfleiste mit Sperrfunktion, die die Feuchtigkeit abh\u00e4lt<\/p>\n<p>Individuelle Einstellung an den \u00c4rmeln mit Druckkn\u00f6pfen.<\/p>\n<p>Zwei Taschen vorne.<\/p>\n<p>MATERIAL<\/p>\n<p>Atlas mit recycelter Unterseite aus Polyeste, 400 gram<\/p>\n<p>Verschwei\u00dfte N\u00e4the<\/p>\n<p><span class=\"HwtZe\" lang=\"de\"><span class=\"jCAhz ChMk0b\"><span class=\"ryNqvb\">HINWEIS: Retro Kappa Atlas Black (Matte) ist nicht 2:0<\/span><\/span><\/span><\/p>\n","protected":false},"excerpt":{"rendered":"<p>Retro-Mantel mit praktischer Schildkapuze und Kordelzug mit Metall-Kordelstoppern. Druckkn\u00f6pfe vorne. Der G\u00fcrtel ist aus dem gleichen Material wie der Mantel. Doppelknopfleiste mit Sperrfunktion, die die Feuchtigkeit abh\u00e4lt Individuelle Einstellung an den \u00c4rmeln mit Druckkn\u00f6pfen. Zwei Taschen vorne. MATERIAL Atlas mit recycelter Unterseite aus Polyeste, 400 gram Verschwei\u00dfte N\u00e4the HINWEIS: Retro Kappa Atlas Black (Matte) ist [&hellip;]<\/p>\n","protected":false},"featured_media":60354,"comment_status":"open","ping_status":"closed","template":"","meta":{"_acf_changed":false},"product_brand":[],"product_cat":[1286,1296],"product_tag":[561],"activity":[1144,1154],"class_list":{"0":"post-53132","1":"product","2":"type-product","3":"status-publish","4":"has-post-thumbnail","6":"product_cat-regenbekleidung","7":"product_cat-regenbekleidung-regenmaentel","8":"product_tag-mode-de","9":"activity-alltag-pendeln","10":"activity-regenmantel-alltag-and-pendeln","12":"first","13":"instock","14":"taxable","15":"shipping-taxable","16":"purchasable","17":"product-type-variable","18":"has-default-attributes","19":"rtwpvg-product","20":"rtwpvs-product"},"acf":[],"shsp-ext":{"main":{},"variations":[]},"yoast_head":"<!-- This site is optimized with the Yoast SEO plugin v27.2 - https:\/\/yoast.com\/product\/yoast-seo-wordpress\/ -->\n<title>Gl\u00e4nzend Retro Mantel | Farmerrain - H\u00e5llbara regnkl\u00e4der<\/title>\n<meta name=\"description\" content=\"Retro-Mantel mit praktischer Schildkapuze und Kordelzug mit Metall-Kordelstoppern. Druckkn\u00f6pfe vorne. Der G\u00fcrtel ist aus dem gleichen Material wie der\" \/>\n<meta name=\"robots\" content=\"index, follow, max-snippet:-1, max-image-preview:large, max-video-preview:-1\" \/>\n<link rel=\"canonical\" href=\"https:\/\/farmerrain.com\/produkt\/retro-kappa-2\/\" \/>\n<meta property=\"og:locale\" content=\"de_DE\" \/>\n<meta property=\"og:type\" content=\"article\" \/>\n<meta property=\"og:title\" content=\"Gl\u00e4nzend Retro Mantel | Farmerrain - H\u00e5llbara regnkl\u00e4der\" \/>\n<meta property=\"og:description\" content=\"Retro-Mantel mit praktischer Schildkapuze und Kordelzug mit Metall-Kordelstoppern. Druckkn\u00f6pfe vorne. Der G\u00fcrtel ist aus dem gleichen Material wie der\" \/>\n<meta property=\"og:url\" content=\"https:\/\/farmerrain.com\/produkt\/retro-kappa-2\/\" \/>\n<meta property=\"og:site_name\" content=\"Farmerrain - H\u00e5llbara regnkl\u00e4der\" \/>\n<meta property=\"article:publisher\" content=\"https:\/\/www.facebook.com\/people\/Farmerrain\/100063463901438\/\" \/>\n<meta property=\"article:modified_time\" content=\"2026-04-21T20:27:32+00:00\" \/>\n<meta property=\"og:image\" content=\"https:\/\/farmerrain.com\/wp-content\/uploads\/2023\/10\/Wilma-156-1.jpg\" \/>\n\t<meta property=\"og:image:width\" content=\"1080\" \/>\n\t<meta property=\"og:image:height\" content=\"1350\" \/>\n\t<meta property=\"og:image:type\" content=\"image\/jpeg\" \/>\n<meta name=\"twitter:card\" content=\"summary_large_image\" \/>\n<meta name=\"twitter:label1\" content=\"Gesch\u00e4tzte Lesezeit\" \/>\n\t<meta name=\"twitter:data1\" content=\"1\u00a0Minute\" \/>\n<script type=\"application\/ld+json\" class=\"yoast-schema-graph\">{\"@context\":\"https:\/\/schema.org\",\"@graph\":[{\"@type\":\"WebPage\",\"@id\":\"https:\/\/farmerrain.com\/produkt\/retro-kappa-2\/\",\"url\":\"https:\/\/farmerrain.com\/produkt\/retro-kappa-2\/\",\"name\":\"Gl\u00e4nzend Retro Mantel | Farmerrain - H\u00e5llbara regnkl\u00e4der\",\"isPartOf\":{\"@id\":\"https:\/\/farmerrain.com\/#website\"},\"primaryImageOfPage\":{\"@id\":\"https:\/\/farmerrain.com\/produkt\/retro-kappa-2\/#primaryimage\"},\"image\":{\"@id\":\"https:\/\/farmerrain.com\/produkt\/retro-kappa-2\/#primaryimage\"},\"thumbnailUrl\":\"https:\/\/farmerrain.com\/wp-content\/uploads\/2023\/10\/Wilma-156-1.jpg\",\"datePublished\":\"2023-10-04T17:39:25+00:00\",\"dateModified\":\"2026-04-21T20:27:32+00:00\",\"description\":\"Retro-Mantel mit praktischer Schildkapuze und Kordelzug mit Metall-Kordelstoppern. Druckkn\u00f6pfe vorne. Der G\u00fcrtel ist aus dem gleichen Material wie der\",\"breadcrumb\":{\"@id\":\"https:\/\/farmerrain.com\/produkt\/retro-kappa-2\/#breadcrumb\"},\"inLanguage\":\"de\",\"potentialAction\":[{\"@type\":\"ReadAction\",\"target\":[\"https:\/\/farmerrain.com\/produkt\/retro-kappa-2\/\"]}]},{\"@type\":\"ImageObject\",\"inLanguage\":\"de\",\"@id\":\"https:\/\/farmerrain.com\/produkt\/retro-kappa-2\/#primaryimage\",\"url\":\"https:\/\/farmerrain.com\/wp-content\/uploads\/2023\/10\/Wilma-156-1.jpg\",\"contentUrl\":\"https:\/\/farmerrain.com\/wp-content\/uploads\/2023\/10\/Wilma-156-1.jpg\",\"width\":1080,\"height\":1350},{\"@type\":\"BreadcrumbList\",\"@id\":\"https:\/\/farmerrain.com\/produkt\/retro-kappa-2\/#breadcrumb\",\"itemListElement\":[{\"@type\":\"ListItem\",\"position\":1,\"name\":\"Shop\",\"item\":\"https:\/\/farmerrain.com\/de\/shop-2\/\"},{\"@type\":\"ListItem\",\"position\":2,\"name\":\"Gl\u00e4nzend Retro Mantel\"}]},{\"@type\":\"WebSite\",\"@id\":\"https:\/\/farmerrain.com\/#website\",\"url\":\"https:\/\/farmerrain.com\/\",\"name\":\"Farmerrain - H\u00e5llbara regnkl\u00e4der\",\"description\":\"Regnkl\u00e4der med fokus p\u00e5 h\u00e5llbarhet, funktionalitet och unik design.\",\"publisher\":{\"@id\":\"https:\/\/farmerrain.com\/#organization\"},\"potentialAction\":[{\"@type\":\"SearchAction\",\"target\":{\"@type\":\"EntryPoint\",\"urlTemplate\":\"https:\/\/farmerrain.com\/?s={search_term_string}\"},\"query-input\":{\"@type\":\"PropertyValueSpecification\",\"valueRequired\":true,\"valueName\":\"search_term_string\"}}],\"inLanguage\":\"de\"},{\"@type\":\"Organization\",\"@id\":\"https:\/\/farmerrain.com\/#organization\",\"name\":\"Farmerrain\",\"url\":\"https:\/\/farmerrain.com\/\",\"logo\":{\"@type\":\"ImageObject\",\"inLanguage\":\"de\",\"@id\":\"https:\/\/farmerrain.com\/#\/schema\/logo\/image\/\",\"url\":\"https:\/\/farmerrain.com\/wp-content\/uploads\/2023\/03\/fr_logo.png\",\"contentUrl\":\"https:\/\/farmerrain.com\/wp-content\/uploads\/2023\/03\/fr_logo.png\",\"width\":179,\"height\":23,\"caption\":\"Farmerrain\"},\"image\":{\"@id\":\"https:\/\/farmerrain.com\/#\/schema\/logo\/image\/\"},\"sameAs\":[\"https:\/\/www.facebook.com\/people\/Farmerrain\/100063463901438\/\"]}]}<\/script>\n<!-- \/ Yoast SEO plugin. -->","yoast_head_json":{"title":"Gl\u00e4nzend Retro Mantel | Farmerrain - H\u00e5llbara regnkl\u00e4der","description":"Retro-Mantel mit praktischer Schildkapuze und Kordelzug mit Metall-Kordelstoppern. Druckkn\u00f6pfe vorne. Der G\u00fcrtel ist aus dem gleichen Material wie der","robots":{"index":"index","follow":"follow","max-snippet":"max-snippet:-1","max-image-preview":"max-image-preview:large","max-video-preview":"max-video-preview:-1"},"canonical":"https:\/\/farmerrain.com\/produkt\/retro-kappa-2\/","og_locale":"de_DE","og_type":"article","og_title":"Gl\u00e4nzend Retro Mantel | Farmerrain - H\u00e5llbara regnkl\u00e4der","og_description":"Retro-Mantel mit praktischer Schildkapuze und Kordelzug mit Metall-Kordelstoppern. Druckkn\u00f6pfe vorne. Der G\u00fcrtel ist aus dem gleichen Material wie der","og_url":"https:\/\/farmerrain.com\/produkt\/retro-kappa-2\/","og_site_name":"Farmerrain - H\u00e5llbara regnkl\u00e4der","article_publisher":"https:\/\/www.facebook.com\/people\/Farmerrain\/100063463901438\/","article_modified_time":"2026-04-21T20:27:32+00:00","og_image":[{"width":1080,"height":1350,"url":"https:\/\/farmerrain.com\/wp-content\/uploads\/2023\/10\/Wilma-156-1.jpg","type":"image\/jpeg"}],"twitter_card":"summary_large_image","twitter_misc":{"Gesch\u00e4tzte Lesezeit":"1\u00a0Minute"},"schema":{"@context":"https:\/\/schema.org","@graph":[{"@type":"WebPage","@id":"https:\/\/farmerrain.com\/produkt\/retro-kappa-2\/","url":"https:\/\/farmerrain.com\/produkt\/retro-kappa-2\/","name":"Gl\u00e4nzend Retro Mantel | Farmerrain - H\u00e5llbara regnkl\u00e4der","isPartOf":{"@id":"https:\/\/farmerrain.com\/#website"},"primaryImageOfPage":{"@id":"https:\/\/farmerrain.com\/produkt\/retro-kappa-2\/#primaryimage"},"image":{"@id":"https:\/\/farmerrain.com\/produkt\/retro-kappa-2\/#primaryimage"},"thumbnailUrl":"https:\/\/farmerrain.com\/wp-content\/uploads\/2023\/10\/Wilma-156-1.jpg","datePublished":"2023-10-04T17:39:25+00:00","dateModified":"2026-04-21T20:27:32+00:00","description":"Retro-Mantel mit praktischer Schildkapuze und Kordelzug mit Metall-Kordelstoppern. Druckkn\u00f6pfe vorne. Der G\u00fcrtel ist aus dem gleichen Material wie der","breadcrumb":{"@id":"https:\/\/farmerrain.com\/produkt\/retro-kappa-2\/#breadcrumb"},"inLanguage":"de","potentialAction":[{"@type":"ReadAction","target":["https:\/\/farmerrain.com\/produkt\/retro-kappa-2\/"]}]},{"@type":"ImageObject","inLanguage":"de","@id":"https:\/\/farmerrain.com\/produkt\/retro-kappa-2\/#primaryimage","url":"https:\/\/farmerrain.com\/wp-content\/uploads\/2023\/10\/Wilma-156-1.jpg","contentUrl":"https:\/\/farmerrain.com\/wp-content\/uploads\/2023\/10\/Wilma-156-1.jpg","width":1080,"height":1350},{"@type":"BreadcrumbList","@id":"https:\/\/farmerrain.com\/produkt\/retro-kappa-2\/#breadcrumb","itemListElement":[{"@type":"ListItem","position":1,"name":"Shop","item":"https:\/\/farmerrain.com\/de\/shop-2\/"},{"@type":"ListItem","position":2,"name":"Gl\u00e4nzend Retro Mantel"}]},{"@type":"WebSite","@id":"https:\/\/farmerrain.com\/#website","url":"https:\/\/farmerrain.com\/","name":"Farmerrain - H\u00e5llbara regnkl\u00e4der","description":"Regnkl\u00e4der med fokus p\u00e5 h\u00e5llbarhet, funktionalitet och unik design.","publisher":{"@id":"https:\/\/farmerrain.com\/#organization"},"potentialAction":[{"@type":"SearchAction","target":{"@type":"EntryPoint","urlTemplate":"https:\/\/farmerrain.com\/?s={search_term_string}"},"query-input":{"@type":"PropertyValueSpecification","valueRequired":true,"valueName":"search_term_string"}}],"inLanguage":"de"},{"@type":"Organization","@id":"https:\/\/farmerrain.com\/#organization","name":"Farmerrain","url":"https:\/\/farmerrain.com\/","logo":{"@type":"ImageObject","inLanguage":"de","@id":"https:\/\/farmerrain.com\/#\/schema\/logo\/image\/","url":"https:\/\/farmerrain.com\/wp-content\/uploads\/2023\/03\/fr_logo.png","contentUrl":"https:\/\/farmerrain.com\/wp-content\/uploads\/2023\/03\/fr_logo.png","width":179,"height":23,"caption":"Farmerrain"},"image":{"@id":"https:\/\/farmerrain.com\/#\/schema\/logo\/image\/"},"sameAs":["https:\/\/www.facebook.com\/people\/Farmerrain\/100063463901438\/"]}]}},"_links":{"self":[{"href":"https:\/\/farmerrain.com\/de\/wp-json\/wp\/v2\/product\/53132","targetHints":{"allow":["GET"]}}],"collection":[{"href":"https:\/\/farmerrain.com\/de\/wp-json\/wp\/v2\/product"}],"about":[{"href":"https:\/\/farmerrain.com\/de\/wp-json\/wp\/v2\/types\/product"}],"replies":[{"embeddable":true,"href":"https:\/\/farmerrain.com\/de\/wp-json\/wp\/v2\/comments?post=53132"}],"wp:featuredmedia":[{"embeddable":true,"href":"https:\/\/farmerrain.com\/de\/wp-json\/wp\/v2\/media\/60354"}],"wp:attachment":[{"href":"https:\/\/farmerrain.com\/de\/wp-json\/wp\/v2\/media?parent=53132"}],"wp:term":[{"taxonomy":"product_brand","embeddable":true,"href":"https:\/\/farmerrain.com\/de\/wp-json\/wp\/v2\/product_brand?post=53132"},{"taxonomy":"product_cat","embeddable":true,"href":"https:\/\/farmerrain.com\/de\/wp-json\/wp\/v2\/product_cat?post=53132"},{"taxonomy":"product_tag","embeddable":true,"href":"https:\/\/farmerrain.com\/de\/wp-json\/wp\/v2\/product_tag?post=53132"},{"taxonomy":"activity","embeddable":true,"href":"https:\/\/farmerrain.com\/de\/wp-json\/wp\/v2\/activity?post=53132"}],"curies":[{"name":"wp","href":"https:\/\/api.w.org\/{rel}","templated":true}]}}