{"id":50839,"date":"2023-05-01T14:09:19","date_gmt":"2023-05-01T14:09:19","guid":{"rendered":"https:\/\/farmerrain.com\/?post_type=product&#038;p=50839"},"modified":"2026-04-15T15:28:33","modified_gmt":"2026-04-15T13:28:33","slug":"oeland-regelmantel","status":"publish","type":"product","link":"https:\/\/farmerrain.com\/de\/produkt\/oeland-regelmantel\/","title":{"rendered":"\u00d6land Regenmantel"},"content":{"rendered":"<p>Ein klassischer Regenmantel in Unisex-Ausf\u00fchrung, geeignet f\u00fcr M\u00e4nner und Frauen.<\/p>\n<p>Innentasche zum Schutz von Handy und Schl\u00fcssel.<\/p>\n<p>Verstellbar an den Handgelenken.<\/p>\n<p>Druckknopfverschluss mit Spezialkn\u00f6pfen in mattem Schwarz.<\/p>\n<p>Hinterer Schlitz verstellbar.<\/p>\n<p>&nbsp;<\/p>\n<p><strong>Material:<\/strong><\/p>\n<p>Raintex BiovinylTM 470g\/m2<\/p>\n<p>\u00d6lbest\u00e4ndig, Wassers\u00e4ule &gt;20000.<\/p>\n<p>Verschwei\u00dfte N\u00e4hte.<\/p>\n","protected":false},"excerpt":{"rendered":"<p>Dieser Regenmantel wurde in Anlehnung an die isl\u00e4ndische Landschaft entworfen und hat einen klassischen, zeitlosen Stil,<\/p>\n<p>der sowohl f\u00fcr die Stadt als auch f\u00fcr das Land geeignet ist.<\/p>\n<p>Jeder Regenmantel wird sorgf\u00e4ltig hergestellt, um h\u00f6chste Qualit\u00e4t und Haltbarkeit zu gew\u00e4hrleisten. Die Gr\u00f6\u00dfen sind unisex.<\/p>\n<p>Der Regenmantel wird in einer h\u00fcbschen Schachtel geliefert und eignet sich als Geschenk f\u00fcr einen geliebten Menschen oder als das besondere Etwas, das du dit schon lange zulegen wolltest.<\/p>\n<p>Der Regenmantel ist eine gute Wahl f\u00fcr umweltbewusste Verbraucher, die die Umwelt schonen und bequem und trocken durch regnerische Tage gehen wollen.<\/p>\n<p>Die ersten verkaufen M\u00e4ntel werden von Alexander signiert,<\/p>\n<p>aber es handelt sich um eine limitierte, nummerierte Kleinauflage.<\/p>\n","protected":false},"featured_media":49517,"comment_status":"open","ping_status":"closed","template":"","meta":{"_acf_changed":false},"product_brand":[],"product_cat":[1236,1301,1286,1296],"product_tag":[],"activity":[1144,1152],"class_list":{"0":"post-50839","1":"product","2":"type-product","3":"status-publish","4":"has-post-thumbnail","6":"product_cat-kollektionen","7":"product_cat-oland-kollektion","8":"product_cat-regenbekleidung","9":"product_cat-regenbekleidung-regenmaentel","10":"activity-alltag-pendeln","11":"activity-regenjacken-alltag-and-pendeln","13":"first","14":"instock","15":"taxable","16":"shipping-taxable","17":"purchasable","18":"product-type-variable","19":"has-default-attributes","20":"rtwpvg-product","21":"rtwpvs-product"},"acf":[],"shsp-ext":{"main":{},"variations":[]},"yoast_head":"<!-- This site is optimized with the Yoast SEO plugin v27.2 - https:\/\/yoast.com\/product\/yoast-seo-wordpress\/ -->\n<title>\u00d6land Regenmantel | Farmerrain - H\u00e5llbara regnkl\u00e4der<\/title>\n<meta name=\"description\" content=\"Dieser Regenmantel wurde in Anlehnung an die isl\u00e4ndische Landschaft entworfen und hat einen klassischen, zeitlosen Stil,  der sowohl f\u00fcr die Stadt als auch f\u00fcr das Land geeignet ist.  Jeder Regenmantel wird sorgf\u00e4ltig hergestellt, um h\u00f6chste Qualit\u00e4t und Haltbarkeit zu gew\u00e4hrleisten. Die Gr\u00f6\u00dfen sind unisex.  Der Regenmantel wird in einer h\u00fcbschen Schachtel geliefert und eignet sich als Geschenk f\u00fcr einen geliebten Menschen oder als das besondere Etwas, das du dit schon lange zulegen wolltest.  Der Regenmantel ist eine gute Wahl f\u00fcr umweltbewusste Verbraucher, die die Umwelt schonen und bequem und trocken durch regnerische Tage gehen wollen.  Die ersten verkaufen M\u00e4ntel werden von Alexander signiert,  aber es handelt sich um eine limitierte, nummerierte Kleinauflage.\" \/>\n<meta name=\"robots\" content=\"index, follow, max-snippet:-1, max-image-preview:large, max-video-preview:-1\" \/>\n<link rel=\"canonical\" href=\"https:\/\/farmerrain.com\/de\/produkt\/oeland-regelmantel\/\" \/>\n<meta property=\"og:locale\" content=\"de_DE\" \/>\n<meta property=\"og:type\" content=\"article\" \/>\n<meta property=\"og:title\" content=\"\u00d6land Regenmantel | Farmerrain - H\u00e5llbara regnkl\u00e4der\" \/>\n<meta property=\"og:description\" content=\"Dieser Regenmantel wurde in Anlehnung an die isl\u00e4ndische Landschaft entworfen und hat einen klassischen, zeitlosen Stil,  der sowohl f\u00fcr die Stadt als auch f\u00fcr das Land geeignet ist.  Jeder Regenmantel wird sorgf\u00e4ltig hergestellt, um h\u00f6chste Qualit\u00e4t und Haltbarkeit zu gew\u00e4hrleisten. Die Gr\u00f6\u00dfen sind unisex.  Der Regenmantel wird in einer h\u00fcbschen Schachtel geliefert und eignet sich als Geschenk f\u00fcr einen geliebten Menschen oder als das besondere Etwas, das du dit schon lange zulegen wolltest.  Der Regenmantel ist eine gute Wahl f\u00fcr umweltbewusste Verbraucher, die die Umwelt schonen und bequem und trocken durch regnerische Tage gehen wollen.  Die ersten verkaufen M\u00e4ntel werden von Alexander signiert,  aber es handelt sich um eine limitierte, nummerierte Kleinauflage.\" \/>\n<meta property=\"og:url\" content=\"https:\/\/farmerrain.com\/de\/produkt\/oeland-regelmantel\/\" \/>\n<meta property=\"og:site_name\" content=\"Farmerrain - H\u00e5llbara regnkl\u00e4der\" \/>\n<meta property=\"article:publisher\" content=\"https:\/\/www.facebook.com\/people\/Farmerrain\/100063463901438\/\" \/>\n<meta property=\"article:modified_time\" content=\"2026-04-15T13:28:33+00:00\" \/>\n<meta property=\"og:image\" content=\"https:\/\/farmerrain.com\/wp-content\/uploads\/2023\/05\/Alexander-Stutterheim-Oland-1.jpg\" \/>\n\t<meta property=\"og:image:width\" content=\"1067\" \/>\n\t<meta property=\"og:image:height\" content=\"600\" \/>\n\t<meta property=\"og:image:type\" content=\"image\/jpeg\" \/>\n<meta name=\"twitter:card\" content=\"summary_large_image\" \/>\n<meta name=\"twitter:label1\" content=\"Gesch\u00e4tzte Lesezeit\" \/>\n\t<meta name=\"twitter:data1\" content=\"1\u00a0Minute\" \/>\n<script type=\"application\/ld+json\" class=\"yoast-schema-graph\">{\"@context\":\"https:\/\/schema.org\",\"@graph\":[{\"@type\":\"WebPage\",\"@id\":\"https:\/\/farmerrain.com\/de\/produkt\/oeland-regelmantel\/\",\"url\":\"https:\/\/farmerrain.com\/de\/produkt\/oeland-regelmantel\/\",\"name\":\"\u00d6land Regenmantel | Farmerrain - H\u00e5llbara regnkl\u00e4der\",\"isPartOf\":{\"@id\":\"https:\/\/farmerrain.com\/#website\"},\"primaryImageOfPage\":{\"@id\":\"https:\/\/farmerrain.com\/de\/produkt\/oeland-regelmantel\/#primaryimage\"},\"image\":{\"@id\":\"https:\/\/farmerrain.com\/de\/produkt\/oeland-regelmantel\/#primaryimage\"},\"thumbnailUrl\":\"https:\/\/farmerrain.com\/wp-content\/uploads\/2023\/05\/Alexander-Stutterheim-Oland-1.jpg\",\"datePublished\":\"2023-05-01T14:09:19+00:00\",\"dateModified\":\"2026-04-15T13:28:33+00:00\",\"description\":\"Dieser Regenmantel wurde in Anlehnung an die isl\u00e4ndische Landschaft entworfen und hat einen klassischen, zeitlosen Stil, der sowohl f\u00fcr die Stadt als auch f\u00fcr das Land geeignet ist. Jeder Regenmantel wird sorgf\u00e4ltig hergestellt, um h\u00f6chste Qualit\u00e4t und Haltbarkeit zu gew\u00e4hrleisten. Die Gr\u00f6\u00dfen sind unisex. Der Regenmantel wird in einer h\u00fcbschen Schachtel geliefert und eignet sich als Geschenk f\u00fcr einen geliebten Menschen oder als das besondere Etwas, das du dit schon lange zulegen wolltest. Der Regenmantel ist eine gute Wahl f\u00fcr umweltbewusste Verbraucher, die die Umwelt schonen und bequem und trocken durch regnerische Tage gehen wollen. Die ersten verkaufen M\u00e4ntel werden von Alexander signiert, aber es handelt sich um eine limitierte, nummerierte Kleinauflage.\",\"breadcrumb\":{\"@id\":\"https:\/\/farmerrain.com\/de\/produkt\/oeland-regelmantel\/#breadcrumb\"},\"inLanguage\":\"de\",\"potentialAction\":[{\"@type\":\"ReadAction\",\"target\":[\"https:\/\/farmerrain.com\/de\/produkt\/oeland-regelmantel\/\"]}]},{\"@type\":\"ImageObject\",\"inLanguage\":\"de\",\"@id\":\"https:\/\/farmerrain.com\/de\/produkt\/oeland-regelmantel\/#primaryimage\",\"url\":\"https:\/\/farmerrain.com\/wp-content\/uploads\/2023\/05\/Alexander-Stutterheim-Oland-1.jpg\",\"contentUrl\":\"https:\/\/farmerrain.com\/wp-content\/uploads\/2023\/05\/Alexander-Stutterheim-Oland-1.jpg\",\"width\":1067,\"height\":600},{\"@type\":\"BreadcrumbList\",\"@id\":\"https:\/\/farmerrain.com\/de\/produkt\/oeland-regelmantel\/#breadcrumb\",\"itemListElement\":[{\"@type\":\"ListItem\",\"position\":1,\"name\":\"Shop\",\"item\":\"https:\/\/farmerrain.com\/de\/shop-2\/\"},{\"@type\":\"ListItem\",\"position\":2,\"name\":\"\u00d6land Regenmantel\"}]},{\"@type\":\"WebSite\",\"@id\":\"https:\/\/farmerrain.com\/#website\",\"url\":\"https:\/\/farmerrain.com\/\",\"name\":\"Farmerrain - H\u00e5llbara regnkl\u00e4der\",\"description\":\"Regnkl\u00e4der med fokus p\u00e5 h\u00e5llbarhet, funktionalitet och unik design.\",\"publisher\":{\"@id\":\"https:\/\/farmerrain.com\/#organization\"},\"potentialAction\":[{\"@type\":\"SearchAction\",\"target\":{\"@type\":\"EntryPoint\",\"urlTemplate\":\"https:\/\/farmerrain.com\/?s={search_term_string}\"},\"query-input\":{\"@type\":\"PropertyValueSpecification\",\"valueRequired\":true,\"valueName\":\"search_term_string\"}}],\"inLanguage\":\"de\"},{\"@type\":\"Organization\",\"@id\":\"https:\/\/farmerrain.com\/#organization\",\"name\":\"Farmerrain\",\"url\":\"https:\/\/farmerrain.com\/\",\"logo\":{\"@type\":\"ImageObject\",\"inLanguage\":\"de\",\"@id\":\"https:\/\/farmerrain.com\/#\/schema\/logo\/image\/\",\"url\":\"https:\/\/farmerrain.com\/wp-content\/uploads\/2023\/03\/fr_logo.png\",\"contentUrl\":\"https:\/\/farmerrain.com\/wp-content\/uploads\/2023\/03\/fr_logo.png\",\"width\":179,\"height\":23,\"caption\":\"Farmerrain\"},\"image\":{\"@id\":\"https:\/\/farmerrain.com\/#\/schema\/logo\/image\/\"},\"sameAs\":[\"https:\/\/www.facebook.com\/people\/Farmerrain\/100063463901438\/\"]}]}<\/script>\n<!-- \/ Yoast SEO plugin. -->","yoast_head_json":{"title":"\u00d6land Regenmantel | Farmerrain - H\u00e5llbara regnkl\u00e4der","description":"Dieser Regenmantel wurde in Anlehnung an die isl\u00e4ndische Landschaft entworfen und hat einen klassischen, zeitlosen Stil,  der sowohl f\u00fcr die Stadt als auch f\u00fcr das Land geeignet ist.  Jeder Regenmantel wird sorgf\u00e4ltig hergestellt, um h\u00f6chste Qualit\u00e4t und Haltbarkeit zu gew\u00e4hrleisten. Die Gr\u00f6\u00dfen sind unisex.  Der Regenmantel wird in einer h\u00fcbschen Schachtel geliefert und eignet sich als Geschenk f\u00fcr einen geliebten Menschen oder als das besondere Etwas, das du dit schon lange zulegen wolltest.  Der Regenmantel ist eine gute Wahl f\u00fcr umweltbewusste Verbraucher, die die Umwelt schonen und bequem und trocken durch regnerische Tage gehen wollen.  Die ersten verkaufen M\u00e4ntel werden von Alexander signiert,  aber es handelt sich um eine limitierte, nummerierte Kleinauflage.","robots":{"index":"index","follow":"follow","max-snippet":"max-snippet:-1","max-image-preview":"max-image-preview:large","max-video-preview":"max-video-preview:-1"},"canonical":"https:\/\/farmerrain.com\/de\/produkt\/oeland-regelmantel\/","og_locale":"de_DE","og_type":"article","og_title":"\u00d6land Regenmantel | Farmerrain - H\u00e5llbara regnkl\u00e4der","og_description":"Dieser Regenmantel wurde in Anlehnung an die isl\u00e4ndische Landschaft entworfen und hat einen klassischen, zeitlosen Stil,  der sowohl f\u00fcr die Stadt als auch f\u00fcr das Land geeignet ist.  Jeder Regenmantel wird sorgf\u00e4ltig hergestellt, um h\u00f6chste Qualit\u00e4t und Haltbarkeit zu gew\u00e4hrleisten. Die Gr\u00f6\u00dfen sind unisex.  Der Regenmantel wird in einer h\u00fcbschen Schachtel geliefert und eignet sich als Geschenk f\u00fcr einen geliebten Menschen oder als das besondere Etwas, das du dit schon lange zulegen wolltest.  Der Regenmantel ist eine gute Wahl f\u00fcr umweltbewusste Verbraucher, die die Umwelt schonen und bequem und trocken durch regnerische Tage gehen wollen.  Die ersten verkaufen M\u00e4ntel werden von Alexander signiert,  aber es handelt sich um eine limitierte, nummerierte Kleinauflage.","og_url":"https:\/\/farmerrain.com\/de\/produkt\/oeland-regelmantel\/","og_site_name":"Farmerrain - H\u00e5llbara regnkl\u00e4der","article_publisher":"https:\/\/www.facebook.com\/people\/Farmerrain\/100063463901438\/","article_modified_time":"2026-04-15T13:28:33+00:00","og_image":[{"width":1067,"height":600,"url":"https:\/\/farmerrain.com\/wp-content\/uploads\/2023\/05\/Alexander-Stutterheim-Oland-1.jpg","type":"image\/jpeg"}],"twitter_card":"summary_large_image","twitter_misc":{"Gesch\u00e4tzte Lesezeit":"1\u00a0Minute"},"schema":{"@context":"https:\/\/schema.org","@graph":[{"@type":"WebPage","@id":"https:\/\/farmerrain.com\/de\/produkt\/oeland-regelmantel\/","url":"https:\/\/farmerrain.com\/de\/produkt\/oeland-regelmantel\/","name":"\u00d6land Regenmantel | Farmerrain - H\u00e5llbara regnkl\u00e4der","isPartOf":{"@id":"https:\/\/farmerrain.com\/#website"},"primaryImageOfPage":{"@id":"https:\/\/farmerrain.com\/de\/produkt\/oeland-regelmantel\/#primaryimage"},"image":{"@id":"https:\/\/farmerrain.com\/de\/produkt\/oeland-regelmantel\/#primaryimage"},"thumbnailUrl":"https:\/\/farmerrain.com\/wp-content\/uploads\/2023\/05\/Alexander-Stutterheim-Oland-1.jpg","datePublished":"2023-05-01T14:09:19+00:00","dateModified":"2026-04-15T13:28:33+00:00","description":"Dieser Regenmantel wurde in Anlehnung an die isl\u00e4ndische Landschaft entworfen und hat einen klassischen, zeitlosen Stil, der sowohl f\u00fcr die Stadt als auch f\u00fcr das Land geeignet ist. Jeder Regenmantel wird sorgf\u00e4ltig hergestellt, um h\u00f6chste Qualit\u00e4t und Haltbarkeit zu gew\u00e4hrleisten. Die Gr\u00f6\u00dfen sind unisex. Der Regenmantel wird in einer h\u00fcbschen Schachtel geliefert und eignet sich als Geschenk f\u00fcr einen geliebten Menschen oder als das besondere Etwas, das du dit schon lange zulegen wolltest. Der Regenmantel ist eine gute Wahl f\u00fcr umweltbewusste Verbraucher, die die Umwelt schonen und bequem und trocken durch regnerische Tage gehen wollen. Die ersten verkaufen M\u00e4ntel werden von Alexander signiert, aber es handelt sich um eine limitierte, nummerierte Kleinauflage.","breadcrumb":{"@id":"https:\/\/farmerrain.com\/de\/produkt\/oeland-regelmantel\/#breadcrumb"},"inLanguage":"de","potentialAction":[{"@type":"ReadAction","target":["https:\/\/farmerrain.com\/de\/produkt\/oeland-regelmantel\/"]}]},{"@type":"ImageObject","inLanguage":"de","@id":"https:\/\/farmerrain.com\/de\/produkt\/oeland-regelmantel\/#primaryimage","url":"https:\/\/farmerrain.com\/wp-content\/uploads\/2023\/05\/Alexander-Stutterheim-Oland-1.jpg","contentUrl":"https:\/\/farmerrain.com\/wp-content\/uploads\/2023\/05\/Alexander-Stutterheim-Oland-1.jpg","width":1067,"height":600},{"@type":"BreadcrumbList","@id":"https:\/\/farmerrain.com\/de\/produkt\/oeland-regelmantel\/#breadcrumb","itemListElement":[{"@type":"ListItem","position":1,"name":"Shop","item":"https:\/\/farmerrain.com\/de\/shop-2\/"},{"@type":"ListItem","position":2,"name":"\u00d6land Regenmantel"}]},{"@type":"WebSite","@id":"https:\/\/farmerrain.com\/#website","url":"https:\/\/farmerrain.com\/","name":"Farmerrain - H\u00e5llbara regnkl\u00e4der","description":"Regnkl\u00e4der med fokus p\u00e5 h\u00e5llbarhet, funktionalitet och unik design.","publisher":{"@id":"https:\/\/farmerrain.com\/#organization"},"potentialAction":[{"@type":"SearchAction","target":{"@type":"EntryPoint","urlTemplate":"https:\/\/farmerrain.com\/?s={search_term_string}"},"query-input":{"@type":"PropertyValueSpecification","valueRequired":true,"valueName":"search_term_string"}}],"inLanguage":"de"},{"@type":"Organization","@id":"https:\/\/farmerrain.com\/#organization","name":"Farmerrain","url":"https:\/\/farmerrain.com\/","logo":{"@type":"ImageObject","inLanguage":"de","@id":"https:\/\/farmerrain.com\/#\/schema\/logo\/image\/","url":"https:\/\/farmerrain.com\/wp-content\/uploads\/2023\/03\/fr_logo.png","contentUrl":"https:\/\/farmerrain.com\/wp-content\/uploads\/2023\/03\/fr_logo.png","width":179,"height":23,"caption":"Farmerrain"},"image":{"@id":"https:\/\/farmerrain.com\/#\/schema\/logo\/image\/"},"sameAs":["https:\/\/www.facebook.com\/people\/Farmerrain\/100063463901438\/"]}]}},"_links":{"self":[{"href":"https:\/\/farmerrain.com\/de\/wp-json\/wp\/v2\/product\/50839","targetHints":{"allow":["GET"]}}],"collection":[{"href":"https:\/\/farmerrain.com\/de\/wp-json\/wp\/v2\/product"}],"about":[{"href":"https:\/\/farmerrain.com\/de\/wp-json\/wp\/v2\/types\/product"}],"replies":[{"embeddable":true,"href":"https:\/\/farmerrain.com\/de\/wp-json\/wp\/v2\/comments?post=50839"}],"wp:featuredmedia":[{"embeddable":true,"href":"https:\/\/farmerrain.com\/de\/wp-json\/wp\/v2\/media\/49517"}],"wp:attachment":[{"href":"https:\/\/farmerrain.com\/de\/wp-json\/wp\/v2\/media?parent=50839"}],"wp:term":[{"taxonomy":"product_brand","embeddable":true,"href":"https:\/\/farmerrain.com\/de\/wp-json\/wp\/v2\/product_brand?post=50839"},{"taxonomy":"product_cat","embeddable":true,"href":"https:\/\/farmerrain.com\/de\/wp-json\/wp\/v2\/product_cat?post=50839"},{"taxonomy":"product_tag","embeddable":true,"href":"https:\/\/farmerrain.com\/de\/wp-json\/wp\/v2\/product_tag?post=50839"},{"taxonomy":"activity","embeddable":true,"href":"https:\/\/farmerrain.com\/de\/wp-json\/wp\/v2\/activity?post=50839"}],"curies":[{"name":"wp","href":"https:\/\/api.w.org\/{rel}","templated":true}]}}