{"id":50826,"date":"2023-05-01T14:30:44","date_gmt":"2023-05-01T14:30:44","guid":{"rendered":"https:\/\/farmerrain.com\/?post_type=product&#038;p=50826"},"modified":"2026-03-25T14:32:14","modified_gmt":"2026-03-25T13:32:14","slug":"fisherman-turtleneck","status":"publish","type":"product","link":"https:\/\/farmerrain.com\/de\/produkt\/fisherman-turtleneck\/","title":{"rendered":"Fisherman turtleneck"},"content":{"rendered":"<p>Kurz gefasst:<\/p>\n<p>100% extra feine Merinowolle (19,5 \u00b5)<\/p>\n<p>Gerippt am Polokragen, am Saum und den Armb\u00fcndchen.<\/p>\n<p>Doppelt gestrickt, was sich fantastisch dicht und gem\u00fctlich anf\u00fchlt<\/p>\n<p>und nicht zu verwechseln ist mit leichteren Kleidungsst\u00fccken.<\/p>\n<p>Nur Wolle aus Italien (GOTS) (RWS)<\/p>\n<p>Produziert in Litauen.<\/p>\n<p>Ein ideales Kleidungsst\u00fcck f\u00fcr M\u00e4nner und Frauen, Unisex-Gr\u00f6\u00dfe.<\/p>\n","protected":false},"excerpt":{"rendered":"<p>Unser Seemanspullover besteht aus feinster, mulesingfreier Merinowolle. Sie f\u00fchlt sich weich und angenehm an auf der<\/p>\n<p>Haut und kommt aus einer verantwortungsvollen, ethischen Produktion, die das Wohl der Tiere im Blick hat.<\/p>\n<p>Der Pullover hat au\u00dferdem einen hohen Kragen, der zus\u00e4tzlichen Schutz vor K\u00e4lte und Wind bietet und sich perfekt unter unserer Farmerrain-Regenbekeidung tragen l\u00e4sst.<\/p>\n<p>Wir wollen, dass unsere Wollkleidung aus den besten umweltfreundlichen Materialen und unter guten Arbeitsbedingungen hergestellt wird, von Mitarbeitern, die die<\/p>\n<p>Besten sind in ihrem Handwerk.<\/p>\n","protected":false},"featured_media":50796,"comment_status":"open","ping_status":"closed","template":"","meta":{"_acf_changed":false},"product_brand":[],"product_cat":[1244,1236,1301,1250],"product_tag":[],"activity":[1144,1157],"class_list":{"0":"post-50826","1":"product","2":"type-product","3":"status-publish","4":"has-post-thumbnail","6":"product_cat-accessoires","7":"product_cat-kollektionen","8":"product_cat-oland-kollektion","9":"product_cat-pullover-accessoires","10":"activity-alltag-pendeln","11":"activity-pullover-alltag-and-pendeln","13":"first","14":"instock","15":"taxable","16":"shipping-taxable","17":"purchasable","18":"product-type-variable","19":"has-default-attributes","20":"rtwpvg-product","21":"rtwpvs-product"},"acf":[],"shsp-ext":{"main":{},"variations":[]},"yoast_head":"<!-- This site is optimized with the Yoast SEO plugin v27.2 - https:\/\/yoast.com\/product\/yoast-seo-wordpress\/ -->\n<title>Fisherman turtleneck | Farmerrain - H\u00e5llbara regnkl\u00e4der<\/title>\n<meta name=\"description\" content=\"Unser Seemanspullover besteht aus feinster, mulesingfreier Merinowolle. Sie f\u00fchlt sich weich und angenehm an auf der  Haut und kommt aus einer verantwortungsvollen, ethischen Produktion, die das Wohl der Tiere im Blick hat.  Der Pullover hat au\u00dferdem einen hohen Kragen, der zus\u00e4tzlichen Schutz vor K\u00e4lte und Wind bietet und sich perfekt unter unserer Farmerrain-Regenbekeidung tragen l\u00e4sst.  Wir wollen, dass unsere Wollkleidung aus den besten umweltfreundlichen Materialen und unter guten Arbeitsbedingungen hergestellt wird, von Mitarbeitern, die die  Besten sind in ihrem Handwerk.\" \/>\n<meta name=\"robots\" content=\"index, follow, max-snippet:-1, max-image-preview:large, max-video-preview:-1\" \/>\n<link rel=\"canonical\" href=\"https:\/\/farmerrain.com\/de\/produkt\/fisherman-turtleneck\/\" \/>\n<meta property=\"og:locale\" content=\"de_DE\" \/>\n<meta property=\"og:type\" content=\"article\" \/>\n<meta property=\"og:title\" content=\"Fisherman turtleneck | Farmerrain - H\u00e5llbara regnkl\u00e4der\" \/>\n<meta property=\"og:description\" content=\"Unser Seemanspullover besteht aus feinster, mulesingfreier Merinowolle. Sie f\u00fchlt sich weich und angenehm an auf der  Haut und kommt aus einer verantwortungsvollen, ethischen Produktion, die das Wohl der Tiere im Blick hat.  Der Pullover hat au\u00dferdem einen hohen Kragen, der zus\u00e4tzlichen Schutz vor K\u00e4lte und Wind bietet und sich perfekt unter unserer Farmerrain-Regenbekeidung tragen l\u00e4sst.  Wir wollen, dass unsere Wollkleidung aus den besten umweltfreundlichen Materialen und unter guten Arbeitsbedingungen hergestellt wird, von Mitarbeitern, die die  Besten sind in ihrem Handwerk.\" \/>\n<meta property=\"og:url\" content=\"https:\/\/farmerrain.com\/de\/produkt\/fisherman-turtleneck\/\" \/>\n<meta property=\"og:site_name\" content=\"Farmerrain - H\u00e5llbara regnkl\u00e4der\" \/>\n<meta property=\"article:publisher\" content=\"https:\/\/www.facebook.com\/people\/Farmerrain\/100063463901438\/\" \/>\n<meta property=\"article:modified_time\" content=\"2026-03-25T13:32:14+00:00\" \/>\n<meta property=\"og:image\" content=\"https:\/\/farmerrain.com\/wp-content\/uploads\/2023\/05\/Fisherman-Turtleneck-Troja-Merinoull-Unisex.jpg\" \/>\n\t<meta property=\"og:image:width\" content=\"1080\" \/>\n\t<meta property=\"og:image:height\" content=\"1350\" \/>\n\t<meta property=\"og:image:type\" content=\"image\/jpeg\" \/>\n<meta name=\"twitter:card\" content=\"summary_large_image\" \/>\n<meta name=\"twitter:label1\" content=\"Gesch\u00e4tzte Lesezeit\" \/>\n\t<meta name=\"twitter:data1\" content=\"1\u00a0Minute\" \/>\n<script type=\"application\/ld+json\" class=\"yoast-schema-graph\">{\"@context\":\"https:\/\/schema.org\",\"@graph\":[{\"@type\":\"WebPage\",\"@id\":\"https:\/\/farmerrain.com\/de\/produkt\/fisherman-turtleneck\/\",\"url\":\"https:\/\/farmerrain.com\/de\/produkt\/fisherman-turtleneck\/\",\"name\":\"Fisherman turtleneck | Farmerrain - H\u00e5llbara regnkl\u00e4der\",\"isPartOf\":{\"@id\":\"https:\/\/farmerrain.com\/#website\"},\"primaryImageOfPage\":{\"@id\":\"https:\/\/farmerrain.com\/de\/produkt\/fisherman-turtleneck\/#primaryimage\"},\"image\":{\"@id\":\"https:\/\/farmerrain.com\/de\/produkt\/fisherman-turtleneck\/#primaryimage\"},\"thumbnailUrl\":\"https:\/\/farmerrain.com\/wp-content\/uploads\/2023\/05\/Fisherman-Turtleneck-Troja-Merinoull-Unisex.jpg\",\"datePublished\":\"2023-05-01T14:30:44+00:00\",\"dateModified\":\"2026-03-25T13:32:14+00:00\",\"description\":\"Unser Seemanspullover besteht aus feinster, mulesingfreier Merinowolle. Sie f\u00fchlt sich weich und angenehm an auf der Haut und kommt aus einer verantwortungsvollen, ethischen Produktion, die das Wohl der Tiere im Blick hat. Der Pullover hat au\u00dferdem einen hohen Kragen, der zus\u00e4tzlichen Schutz vor K\u00e4lte und Wind bietet und sich perfekt unter unserer Farmerrain-Regenbekeidung tragen l\u00e4sst. Wir wollen, dass unsere Wollkleidung aus den besten umweltfreundlichen Materialen und unter guten Arbeitsbedingungen hergestellt wird, von Mitarbeitern, die die Besten sind in ihrem Handwerk.\",\"breadcrumb\":{\"@id\":\"https:\/\/farmerrain.com\/de\/produkt\/fisherman-turtleneck\/#breadcrumb\"},\"inLanguage\":\"de\",\"potentialAction\":[{\"@type\":\"ReadAction\",\"target\":[\"https:\/\/farmerrain.com\/de\/produkt\/fisherman-turtleneck\/\"]}]},{\"@type\":\"ImageObject\",\"inLanguage\":\"de\",\"@id\":\"https:\/\/farmerrain.com\/de\/produkt\/fisherman-turtleneck\/#primaryimage\",\"url\":\"https:\/\/farmerrain.com\/wp-content\/uploads\/2023\/05\/Fisherman-Turtleneck-Troja-Merinoull-Unisex.jpg\",\"contentUrl\":\"https:\/\/farmerrain.com\/wp-content\/uploads\/2023\/05\/Fisherman-Turtleneck-Troja-Merinoull-Unisex.jpg\",\"width\":1080,\"height\":1350},{\"@type\":\"BreadcrumbList\",\"@id\":\"https:\/\/farmerrain.com\/de\/produkt\/fisherman-turtleneck\/#breadcrumb\",\"itemListElement\":[{\"@type\":\"ListItem\",\"position\":1,\"name\":\"Shop\",\"item\":\"https:\/\/farmerrain.com\/de\/shop-2\/\"},{\"@type\":\"ListItem\",\"position\":2,\"name\":\"Fisherman turtleneck\"}]},{\"@type\":\"WebSite\",\"@id\":\"https:\/\/farmerrain.com\/#website\",\"url\":\"https:\/\/farmerrain.com\/\",\"name\":\"Farmerrain - H\u00e5llbara regnkl\u00e4der\",\"description\":\"Regnkl\u00e4der med fokus p\u00e5 h\u00e5llbarhet, funktionalitet och unik design.\",\"publisher\":{\"@id\":\"https:\/\/farmerrain.com\/#organization\"},\"potentialAction\":[{\"@type\":\"SearchAction\",\"target\":{\"@type\":\"EntryPoint\",\"urlTemplate\":\"https:\/\/farmerrain.com\/?s={search_term_string}\"},\"query-input\":{\"@type\":\"PropertyValueSpecification\",\"valueRequired\":true,\"valueName\":\"search_term_string\"}}],\"inLanguage\":\"de\"},{\"@type\":\"Organization\",\"@id\":\"https:\/\/farmerrain.com\/#organization\",\"name\":\"Farmerrain\",\"url\":\"https:\/\/farmerrain.com\/\",\"logo\":{\"@type\":\"ImageObject\",\"inLanguage\":\"de\",\"@id\":\"https:\/\/farmerrain.com\/#\/schema\/logo\/image\/\",\"url\":\"https:\/\/farmerrain.com\/wp-content\/uploads\/2023\/03\/fr_logo.png\",\"contentUrl\":\"https:\/\/farmerrain.com\/wp-content\/uploads\/2023\/03\/fr_logo.png\",\"width\":179,\"height\":23,\"caption\":\"Farmerrain\"},\"image\":{\"@id\":\"https:\/\/farmerrain.com\/#\/schema\/logo\/image\/\"},\"sameAs\":[\"https:\/\/www.facebook.com\/people\/Farmerrain\/100063463901438\/\"]}]}<\/script>\n<!-- \/ Yoast SEO plugin. -->","yoast_head_json":{"title":"Fisherman turtleneck | Farmerrain - H\u00e5llbara regnkl\u00e4der","description":"Unser Seemanspullover besteht aus feinster, mulesingfreier Merinowolle. Sie f\u00fchlt sich weich und angenehm an auf der  Haut und kommt aus einer verantwortungsvollen, ethischen Produktion, die das Wohl der Tiere im Blick hat.  Der Pullover hat au\u00dferdem einen hohen Kragen, der zus\u00e4tzlichen Schutz vor K\u00e4lte und Wind bietet und sich perfekt unter unserer Farmerrain-Regenbekeidung tragen l\u00e4sst.  Wir wollen, dass unsere Wollkleidung aus den besten umweltfreundlichen Materialen und unter guten Arbeitsbedingungen hergestellt wird, von Mitarbeitern, die die  Besten sind in ihrem Handwerk.","robots":{"index":"index","follow":"follow","max-snippet":"max-snippet:-1","max-image-preview":"max-image-preview:large","max-video-preview":"max-video-preview:-1"},"canonical":"https:\/\/farmerrain.com\/de\/produkt\/fisherman-turtleneck\/","og_locale":"de_DE","og_type":"article","og_title":"Fisherman turtleneck | Farmerrain - H\u00e5llbara regnkl\u00e4der","og_description":"Unser Seemanspullover besteht aus feinster, mulesingfreier Merinowolle. Sie f\u00fchlt sich weich und angenehm an auf der  Haut und kommt aus einer verantwortungsvollen, ethischen Produktion, die das Wohl der Tiere im Blick hat.  Der Pullover hat au\u00dferdem einen hohen Kragen, der zus\u00e4tzlichen Schutz vor K\u00e4lte und Wind bietet und sich perfekt unter unserer Farmerrain-Regenbekeidung tragen l\u00e4sst.  Wir wollen, dass unsere Wollkleidung aus den besten umweltfreundlichen Materialen und unter guten Arbeitsbedingungen hergestellt wird, von Mitarbeitern, die die  Besten sind in ihrem Handwerk.","og_url":"https:\/\/farmerrain.com\/de\/produkt\/fisherman-turtleneck\/","og_site_name":"Farmerrain - H\u00e5llbara regnkl\u00e4der","article_publisher":"https:\/\/www.facebook.com\/people\/Farmerrain\/100063463901438\/","article_modified_time":"2026-03-25T13:32:14+00:00","og_image":[{"width":1080,"height":1350,"url":"https:\/\/farmerrain.com\/wp-content\/uploads\/2023\/05\/Fisherman-Turtleneck-Troja-Merinoull-Unisex.jpg","type":"image\/jpeg"}],"twitter_card":"summary_large_image","twitter_misc":{"Gesch\u00e4tzte Lesezeit":"1\u00a0Minute"},"schema":{"@context":"https:\/\/schema.org","@graph":[{"@type":"WebPage","@id":"https:\/\/farmerrain.com\/de\/produkt\/fisherman-turtleneck\/","url":"https:\/\/farmerrain.com\/de\/produkt\/fisherman-turtleneck\/","name":"Fisherman turtleneck | Farmerrain - H\u00e5llbara regnkl\u00e4der","isPartOf":{"@id":"https:\/\/farmerrain.com\/#website"},"primaryImageOfPage":{"@id":"https:\/\/farmerrain.com\/de\/produkt\/fisherman-turtleneck\/#primaryimage"},"image":{"@id":"https:\/\/farmerrain.com\/de\/produkt\/fisherman-turtleneck\/#primaryimage"},"thumbnailUrl":"https:\/\/farmerrain.com\/wp-content\/uploads\/2023\/05\/Fisherman-Turtleneck-Troja-Merinoull-Unisex.jpg","datePublished":"2023-05-01T14:30:44+00:00","dateModified":"2026-03-25T13:32:14+00:00","description":"Unser Seemanspullover besteht aus feinster, mulesingfreier Merinowolle. Sie f\u00fchlt sich weich und angenehm an auf der Haut und kommt aus einer verantwortungsvollen, ethischen Produktion, die das Wohl der Tiere im Blick hat. Der Pullover hat au\u00dferdem einen hohen Kragen, der zus\u00e4tzlichen Schutz vor K\u00e4lte und Wind bietet und sich perfekt unter unserer Farmerrain-Regenbekeidung tragen l\u00e4sst. Wir wollen, dass unsere Wollkleidung aus den besten umweltfreundlichen Materialen und unter guten Arbeitsbedingungen hergestellt wird, von Mitarbeitern, die die Besten sind in ihrem Handwerk.","breadcrumb":{"@id":"https:\/\/farmerrain.com\/de\/produkt\/fisherman-turtleneck\/#breadcrumb"},"inLanguage":"de","potentialAction":[{"@type":"ReadAction","target":["https:\/\/farmerrain.com\/de\/produkt\/fisherman-turtleneck\/"]}]},{"@type":"ImageObject","inLanguage":"de","@id":"https:\/\/farmerrain.com\/de\/produkt\/fisherman-turtleneck\/#primaryimage","url":"https:\/\/farmerrain.com\/wp-content\/uploads\/2023\/05\/Fisherman-Turtleneck-Troja-Merinoull-Unisex.jpg","contentUrl":"https:\/\/farmerrain.com\/wp-content\/uploads\/2023\/05\/Fisherman-Turtleneck-Troja-Merinoull-Unisex.jpg","width":1080,"height":1350},{"@type":"BreadcrumbList","@id":"https:\/\/farmerrain.com\/de\/produkt\/fisherman-turtleneck\/#breadcrumb","itemListElement":[{"@type":"ListItem","position":1,"name":"Shop","item":"https:\/\/farmerrain.com\/de\/shop-2\/"},{"@type":"ListItem","position":2,"name":"Fisherman turtleneck"}]},{"@type":"WebSite","@id":"https:\/\/farmerrain.com\/#website","url":"https:\/\/farmerrain.com\/","name":"Farmerrain - H\u00e5llbara regnkl\u00e4der","description":"Regnkl\u00e4der med fokus p\u00e5 h\u00e5llbarhet, funktionalitet och unik design.","publisher":{"@id":"https:\/\/farmerrain.com\/#organization"},"potentialAction":[{"@type":"SearchAction","target":{"@type":"EntryPoint","urlTemplate":"https:\/\/farmerrain.com\/?s={search_term_string}"},"query-input":{"@type":"PropertyValueSpecification","valueRequired":true,"valueName":"search_term_string"}}],"inLanguage":"de"},{"@type":"Organization","@id":"https:\/\/farmerrain.com\/#organization","name":"Farmerrain","url":"https:\/\/farmerrain.com\/","logo":{"@type":"ImageObject","inLanguage":"de","@id":"https:\/\/farmerrain.com\/#\/schema\/logo\/image\/","url":"https:\/\/farmerrain.com\/wp-content\/uploads\/2023\/03\/fr_logo.png","contentUrl":"https:\/\/farmerrain.com\/wp-content\/uploads\/2023\/03\/fr_logo.png","width":179,"height":23,"caption":"Farmerrain"},"image":{"@id":"https:\/\/farmerrain.com\/#\/schema\/logo\/image\/"},"sameAs":["https:\/\/www.facebook.com\/people\/Farmerrain\/100063463901438\/"]}]}},"_links":{"self":[{"href":"https:\/\/farmerrain.com\/de\/wp-json\/wp\/v2\/product\/50826","targetHints":{"allow":["GET"]}}],"collection":[{"href":"https:\/\/farmerrain.com\/de\/wp-json\/wp\/v2\/product"}],"about":[{"href":"https:\/\/farmerrain.com\/de\/wp-json\/wp\/v2\/types\/product"}],"replies":[{"embeddable":true,"href":"https:\/\/farmerrain.com\/de\/wp-json\/wp\/v2\/comments?post=50826"}],"wp:featuredmedia":[{"embeddable":true,"href":"https:\/\/farmerrain.com\/de\/wp-json\/wp\/v2\/media\/50796"}],"wp:attachment":[{"href":"https:\/\/farmerrain.com\/de\/wp-json\/wp\/v2\/media?parent=50826"}],"wp:term":[{"taxonomy":"product_brand","embeddable":true,"href":"https:\/\/farmerrain.com\/de\/wp-json\/wp\/v2\/product_brand?post=50826"},{"taxonomy":"product_cat","embeddable":true,"href":"https:\/\/farmerrain.com\/de\/wp-json\/wp\/v2\/product_cat?post=50826"},{"taxonomy":"product_tag","embeddable":true,"href":"https:\/\/farmerrain.com\/de\/wp-json\/wp\/v2\/product_tag?post=50826"},{"taxonomy":"activity","embeddable":true,"href":"https:\/\/farmerrain.com\/de\/wp-json\/wp\/v2\/activity?post=50826"}],"curies":[{"name":"wp","href":"https:\/\/api.w.org\/{rel}","templated":true}]}}