{"id":50822,"date":"2023-05-01T17:22:12","date_gmt":"2023-05-01T17:22:12","guid":{"rendered":"https:\/\/farmerrain.com\/?post_type=product&#038;p=50822"},"modified":"2026-04-15T15:27:33","modified_gmt":"2026-04-15T13:27:33","slug":"suedwester-all-black-edition","status":"publish","type":"product","link":"https:\/\/farmerrain.com\/de\/produkt\/suedwester-all-black-edition\/","title":{"rendered":"S\u00fcdwester all black edition"},"content":{"rendered":"<p>S\u00fcdwester mit Ohrenklappen und Kordelzug zum Einstellen.<\/p>\n<p>Material:<\/p>\n<p>Raintex BiovinylTM 470g\/m2. \u00d6lbest\u00e4ndig, Wassers\u00e4ule &gt;20000.<\/p>\n<p>Verschwei\u00dfte N\u00e4hte.<\/p>\n","protected":false},"excerpt":{"rendered":"<p>Der komplett schwarse S\u00fcdwester hat ein einfaches und stilvolles Design, das ihn zu einem vielseitigen Accessoire macht, das sowohl f\u00fcr legere als auch f\u00fcr formellere Anl\u00e4sse gut geeignet ist. Mit einem schwarzen Biovinyl-S\u00fcdwester f\u00fchlst du dich bei jedem Wetter wohl und gesch\u00fctzt.<\/p>\n","protected":false},"featured_media":50713,"comment_status":"open","ping_status":"closed","template":"","meta":{"_acf_changed":false},"product_brand":[],"product_cat":[1244,1236,1249,1301,1297],"product_tag":[],"activity":[1144,1156],"class_list":{"0":"post-50822","1":"product","2":"type-product","3":"status-publish","4":"has-post-thumbnail","6":"product_cat-accessoires","7":"product_cat-kollektionen","8":"product_cat-kopfbedeckungen-accessoires","9":"product_cat-oland-kollektion","10":"product_cat-regenbekleidung-suedwester","11":"activity-alltag-pendeln","12":"activity-sudwester-alltag-and-pendeln","14":"first","15":"instock","16":"taxable","17":"shipping-taxable","18":"purchasable","19":"product-type-variable","20":"has-default-attributes","21":"rtwpvg-product","22":"rtwpvs-product"},"acf":[],"shsp-ext":{"main":{},"variations":[]},"yoast_head":"<!-- This site is optimized with the Yoast SEO plugin v27.2 - https:\/\/yoast.com\/product\/yoast-seo-wordpress\/ -->\n<title>S\u00fcdwester all black edition | Farmerrain - H\u00e5llbara regnkl\u00e4der<\/title>\n<meta name=\"description\" content=\"Der komplett schwarse S\u00fcdwester hat ein einfaches und stilvolles Design, das ihn zu einem vielseitigen Accessoire macht, das sowohl f\u00fcr legere als auch f\u00fcr formellere Anl\u00e4sse gut geeignet ist. Mit einem schwarzen Biovinyl-S\u00fcdwester f\u00fchlst du dich bei jedem Wetter wohl und gesch\u00fctzt.\" \/>\n<meta name=\"robots\" content=\"index, follow, max-snippet:-1, max-image-preview:large, max-video-preview:-1\" \/>\n<link rel=\"canonical\" href=\"https:\/\/farmerrain.com\/produkt\/sydvast-all-black-edition\/\" \/>\n<meta property=\"og:locale\" content=\"de_DE\" \/>\n<meta property=\"og:type\" content=\"article\" \/>\n<meta property=\"og:title\" content=\"S\u00fcdwester all black edition | Farmerrain - H\u00e5llbara regnkl\u00e4der\" \/>\n<meta property=\"og:description\" content=\"Der komplett schwarse S\u00fcdwester hat ein einfaches und stilvolles Design, das ihn zu einem vielseitigen Accessoire macht, das sowohl f\u00fcr legere als auch f\u00fcr formellere Anl\u00e4sse gut geeignet ist. Mit einem schwarzen Biovinyl-S\u00fcdwester f\u00fchlst du dich bei jedem Wetter wohl und gesch\u00fctzt.\" \/>\n<meta property=\"og:url\" content=\"https:\/\/farmerrain.com\/produkt\/sydvast-all-black-edition\/\" \/>\n<meta property=\"og:site_name\" content=\"Farmerrain - H\u00e5llbara regnkl\u00e4der\" \/>\n<meta property=\"article:publisher\" content=\"https:\/\/www.facebook.com\/people\/Farmerrain\/100063463901438\/\" \/>\n<meta property=\"article:modified_time\" content=\"2026-04-15T13:27:33+00:00\" \/>\n<meta property=\"og:image\" content=\"https:\/\/farmerrain.com\/wp-content\/uploads\/2023\/05\/Sydvast-Alexander-Stutterheim-Svart-Biovinyl-Unisex.jpg\" \/>\n\t<meta property=\"og:image:width\" content=\"1080\" \/>\n\t<meta property=\"og:image:height\" content=\"1350\" \/>\n\t<meta property=\"og:image:type\" content=\"image\/jpeg\" \/>\n<meta name=\"twitter:card\" content=\"summary_large_image\" \/>\n<meta name=\"twitter:label1\" content=\"Gesch\u00e4tzte Lesezeit\" \/>\n\t<meta name=\"twitter:data1\" content=\"1\u00a0Minute\" \/>\n<script type=\"application\/ld+json\" class=\"yoast-schema-graph\">{\"@context\":\"https:\/\/schema.org\",\"@graph\":[{\"@type\":\"WebPage\",\"@id\":\"https:\/\/farmerrain.com\/produkt\/sydvast-all-black-edition\/\",\"url\":\"https:\/\/farmerrain.com\/produkt\/sydvast-all-black-edition\/\",\"name\":\"S\u00fcdwester all black edition | Farmerrain - H\u00e5llbara regnkl\u00e4der\",\"isPartOf\":{\"@id\":\"https:\/\/farmerrain.com\/#website\"},\"primaryImageOfPage\":{\"@id\":\"https:\/\/farmerrain.com\/produkt\/sydvast-all-black-edition\/#primaryimage\"},\"image\":{\"@id\":\"https:\/\/farmerrain.com\/produkt\/sydvast-all-black-edition\/#primaryimage\"},\"thumbnailUrl\":\"https:\/\/farmerrain.com\/wp-content\/uploads\/2023\/05\/Sydvast-Alexander-Stutterheim-Svart-Biovinyl-Unisex.jpg\",\"datePublished\":\"2023-05-01T17:22:12+00:00\",\"dateModified\":\"2026-04-15T13:27:33+00:00\",\"description\":\"Der komplett schwarse S\u00fcdwester hat ein einfaches und stilvolles Design, das ihn zu einem vielseitigen Accessoire macht, das sowohl f\u00fcr legere als auch f\u00fcr formellere Anl\u00e4sse gut geeignet ist. Mit einem schwarzen Biovinyl-S\u00fcdwester f\u00fchlst du dich bei jedem Wetter wohl und gesch\u00fctzt.\",\"breadcrumb\":{\"@id\":\"https:\/\/farmerrain.com\/produkt\/sydvast-all-black-edition\/#breadcrumb\"},\"inLanguage\":\"de\",\"potentialAction\":[{\"@type\":\"ReadAction\",\"target\":[\"https:\/\/farmerrain.com\/produkt\/sydvast-all-black-edition\/\"]}]},{\"@type\":\"ImageObject\",\"inLanguage\":\"de\",\"@id\":\"https:\/\/farmerrain.com\/produkt\/sydvast-all-black-edition\/#primaryimage\",\"url\":\"https:\/\/farmerrain.com\/wp-content\/uploads\/2023\/05\/Sydvast-Alexander-Stutterheim-Svart-Biovinyl-Unisex.jpg\",\"contentUrl\":\"https:\/\/farmerrain.com\/wp-content\/uploads\/2023\/05\/Sydvast-Alexander-Stutterheim-Svart-Biovinyl-Unisex.jpg\",\"width\":1080,\"height\":1350},{\"@type\":\"BreadcrumbList\",\"@id\":\"https:\/\/farmerrain.com\/produkt\/sydvast-all-black-edition\/#breadcrumb\",\"itemListElement\":[{\"@type\":\"ListItem\",\"position\":1,\"name\":\"Shop\",\"item\":\"https:\/\/farmerrain.com\/de\/shop-2\/\"},{\"@type\":\"ListItem\",\"position\":2,\"name\":\"S\u00fcdwester all black edition\"}]},{\"@type\":\"WebSite\",\"@id\":\"https:\/\/farmerrain.com\/#website\",\"url\":\"https:\/\/farmerrain.com\/\",\"name\":\"Farmerrain - H\u00e5llbara regnkl\u00e4der\",\"description\":\"Regnkl\u00e4der med fokus p\u00e5 h\u00e5llbarhet, funktionalitet och unik design.\",\"publisher\":{\"@id\":\"https:\/\/farmerrain.com\/#organization\"},\"potentialAction\":[{\"@type\":\"SearchAction\",\"target\":{\"@type\":\"EntryPoint\",\"urlTemplate\":\"https:\/\/farmerrain.com\/?s={search_term_string}\"},\"query-input\":{\"@type\":\"PropertyValueSpecification\",\"valueRequired\":true,\"valueName\":\"search_term_string\"}}],\"inLanguage\":\"de\"},{\"@type\":\"Organization\",\"@id\":\"https:\/\/farmerrain.com\/#organization\",\"name\":\"Farmerrain\",\"url\":\"https:\/\/farmerrain.com\/\",\"logo\":{\"@type\":\"ImageObject\",\"inLanguage\":\"de\",\"@id\":\"https:\/\/farmerrain.com\/#\/schema\/logo\/image\/\",\"url\":\"https:\/\/farmerrain.com\/wp-content\/uploads\/2023\/03\/fr_logo.png\",\"contentUrl\":\"https:\/\/farmerrain.com\/wp-content\/uploads\/2023\/03\/fr_logo.png\",\"width\":179,\"height\":23,\"caption\":\"Farmerrain\"},\"image\":{\"@id\":\"https:\/\/farmerrain.com\/#\/schema\/logo\/image\/\"},\"sameAs\":[\"https:\/\/www.facebook.com\/people\/Farmerrain\/100063463901438\/\"]}]}<\/script>\n<!-- \/ Yoast SEO plugin. -->","yoast_head_json":{"title":"S\u00fcdwester all black edition | Farmerrain - H\u00e5llbara regnkl\u00e4der","description":"Der komplett schwarse S\u00fcdwester hat ein einfaches und stilvolles Design, das ihn zu einem vielseitigen Accessoire macht, das sowohl f\u00fcr legere als auch f\u00fcr formellere Anl\u00e4sse gut geeignet ist. Mit einem schwarzen Biovinyl-S\u00fcdwester f\u00fchlst du dich bei jedem Wetter wohl und gesch\u00fctzt.","robots":{"index":"index","follow":"follow","max-snippet":"max-snippet:-1","max-image-preview":"max-image-preview:large","max-video-preview":"max-video-preview:-1"},"canonical":"https:\/\/farmerrain.com\/produkt\/sydvast-all-black-edition\/","og_locale":"de_DE","og_type":"article","og_title":"S\u00fcdwester all black edition | Farmerrain - H\u00e5llbara regnkl\u00e4der","og_description":"Der komplett schwarse S\u00fcdwester hat ein einfaches und stilvolles Design, das ihn zu einem vielseitigen Accessoire macht, das sowohl f\u00fcr legere als auch f\u00fcr formellere Anl\u00e4sse gut geeignet ist. Mit einem schwarzen Biovinyl-S\u00fcdwester f\u00fchlst du dich bei jedem Wetter wohl und gesch\u00fctzt.","og_url":"https:\/\/farmerrain.com\/produkt\/sydvast-all-black-edition\/","og_site_name":"Farmerrain - H\u00e5llbara regnkl\u00e4der","article_publisher":"https:\/\/www.facebook.com\/people\/Farmerrain\/100063463901438\/","article_modified_time":"2026-04-15T13:27:33+00:00","og_image":[{"width":1080,"height":1350,"url":"https:\/\/farmerrain.com\/wp-content\/uploads\/2023\/05\/Sydvast-Alexander-Stutterheim-Svart-Biovinyl-Unisex.jpg","type":"image\/jpeg"}],"twitter_card":"summary_large_image","twitter_misc":{"Gesch\u00e4tzte Lesezeit":"1\u00a0Minute"},"schema":{"@context":"https:\/\/schema.org","@graph":[{"@type":"WebPage","@id":"https:\/\/farmerrain.com\/produkt\/sydvast-all-black-edition\/","url":"https:\/\/farmerrain.com\/produkt\/sydvast-all-black-edition\/","name":"S\u00fcdwester all black edition | Farmerrain - H\u00e5llbara regnkl\u00e4der","isPartOf":{"@id":"https:\/\/farmerrain.com\/#website"},"primaryImageOfPage":{"@id":"https:\/\/farmerrain.com\/produkt\/sydvast-all-black-edition\/#primaryimage"},"image":{"@id":"https:\/\/farmerrain.com\/produkt\/sydvast-all-black-edition\/#primaryimage"},"thumbnailUrl":"https:\/\/farmerrain.com\/wp-content\/uploads\/2023\/05\/Sydvast-Alexander-Stutterheim-Svart-Biovinyl-Unisex.jpg","datePublished":"2023-05-01T17:22:12+00:00","dateModified":"2026-04-15T13:27:33+00:00","description":"Der komplett schwarse S\u00fcdwester hat ein einfaches und stilvolles Design, das ihn zu einem vielseitigen Accessoire macht, das sowohl f\u00fcr legere als auch f\u00fcr formellere Anl\u00e4sse gut geeignet ist. Mit einem schwarzen Biovinyl-S\u00fcdwester f\u00fchlst du dich bei jedem Wetter wohl und gesch\u00fctzt.","breadcrumb":{"@id":"https:\/\/farmerrain.com\/produkt\/sydvast-all-black-edition\/#breadcrumb"},"inLanguage":"de","potentialAction":[{"@type":"ReadAction","target":["https:\/\/farmerrain.com\/produkt\/sydvast-all-black-edition\/"]}]},{"@type":"ImageObject","inLanguage":"de","@id":"https:\/\/farmerrain.com\/produkt\/sydvast-all-black-edition\/#primaryimage","url":"https:\/\/farmerrain.com\/wp-content\/uploads\/2023\/05\/Sydvast-Alexander-Stutterheim-Svart-Biovinyl-Unisex.jpg","contentUrl":"https:\/\/farmerrain.com\/wp-content\/uploads\/2023\/05\/Sydvast-Alexander-Stutterheim-Svart-Biovinyl-Unisex.jpg","width":1080,"height":1350},{"@type":"BreadcrumbList","@id":"https:\/\/farmerrain.com\/produkt\/sydvast-all-black-edition\/#breadcrumb","itemListElement":[{"@type":"ListItem","position":1,"name":"Shop","item":"https:\/\/farmerrain.com\/de\/shop-2\/"},{"@type":"ListItem","position":2,"name":"S\u00fcdwester all black edition"}]},{"@type":"WebSite","@id":"https:\/\/farmerrain.com\/#website","url":"https:\/\/farmerrain.com\/","name":"Farmerrain - H\u00e5llbara regnkl\u00e4der","description":"Regnkl\u00e4der med fokus p\u00e5 h\u00e5llbarhet, funktionalitet och unik design.","publisher":{"@id":"https:\/\/farmerrain.com\/#organization"},"potentialAction":[{"@type":"SearchAction","target":{"@type":"EntryPoint","urlTemplate":"https:\/\/farmerrain.com\/?s={search_term_string}"},"query-input":{"@type":"PropertyValueSpecification","valueRequired":true,"valueName":"search_term_string"}}],"inLanguage":"de"},{"@type":"Organization","@id":"https:\/\/farmerrain.com\/#organization","name":"Farmerrain","url":"https:\/\/farmerrain.com\/","logo":{"@type":"ImageObject","inLanguage":"de","@id":"https:\/\/farmerrain.com\/#\/schema\/logo\/image\/","url":"https:\/\/farmerrain.com\/wp-content\/uploads\/2023\/03\/fr_logo.png","contentUrl":"https:\/\/farmerrain.com\/wp-content\/uploads\/2023\/03\/fr_logo.png","width":179,"height":23,"caption":"Farmerrain"},"image":{"@id":"https:\/\/farmerrain.com\/#\/schema\/logo\/image\/"},"sameAs":["https:\/\/www.facebook.com\/people\/Farmerrain\/100063463901438\/"]}]}},"_links":{"self":[{"href":"https:\/\/farmerrain.com\/de\/wp-json\/wp\/v2\/product\/50822","targetHints":{"allow":["GET"]}}],"collection":[{"href":"https:\/\/farmerrain.com\/de\/wp-json\/wp\/v2\/product"}],"about":[{"href":"https:\/\/farmerrain.com\/de\/wp-json\/wp\/v2\/types\/product"}],"replies":[{"embeddable":true,"href":"https:\/\/farmerrain.com\/de\/wp-json\/wp\/v2\/comments?post=50822"}],"wp:featuredmedia":[{"embeddable":true,"href":"https:\/\/farmerrain.com\/de\/wp-json\/wp\/v2\/media\/50713"}],"wp:attachment":[{"href":"https:\/\/farmerrain.com\/de\/wp-json\/wp\/v2\/media?parent=50822"}],"wp:term":[{"taxonomy":"product_brand","embeddable":true,"href":"https:\/\/farmerrain.com\/de\/wp-json\/wp\/v2\/product_brand?post=50822"},{"taxonomy":"product_cat","embeddable":true,"href":"https:\/\/farmerrain.com\/de\/wp-json\/wp\/v2\/product_cat?post=50822"},{"taxonomy":"product_tag","embeddable":true,"href":"https:\/\/farmerrain.com\/de\/wp-json\/wp\/v2\/product_tag?post=50822"},{"taxonomy":"activity","embeddable":true,"href":"https:\/\/farmerrain.com\/de\/wp-json\/wp\/v2\/activity?post=50822"}],"curies":[{"name":"wp","href":"https:\/\/api.w.org\/{rel}","templated":true}]}}