{"id":39151,"date":"2025-11-27T22:59:49","date_gmt":"2025-11-27T21:59:49","guid":{"rendered":"https:\/\/farmerrain.com\/product\/storm-jacke\/"},"modified":"2026-03-25T14:09:06","modified_gmt":"2026-03-25T13:09:06","slug":"storm-jacke","status":"publish","type":"product","link":"https:\/\/farmerrain.com\/de\/produkt\/storm-jacke\/","title":{"rendered":"Storm Jacke"},"content":{"rendered":"<p>Zweifarbige Jacke, die perfekt vor starkem Regen und Wind sch\u00fctzt. Hergestellt aus strapazierf\u00e4higem Material, das sich durch au\u00dfergew\u00f6hnliche Best\u00e4ndigkeit gegen Salzwasser auszeichnet. Beidseitiges Schwei\u00dfen erh\u00f6ht die Festigkeit der N\u00e4hte. Spezielle Prismenb\u00e4nder verbessern die Sichtbarkeit unter schwierigen Bedingungen. Rei\u00dfverschluss mit Knopfleiste und B\u00fcndchen verhindern das Eindringen von Wasser.<\/p>\n<p>Material:<\/p>\n<p>OPALO \u2013 ein einseitig mit PVC beschichtetes Material. Das Material ist sehr rei\u00df- und dehnungsbest\u00e4ndig und hat wasserdichte N\u00e4hte. Die chemische Zusammensetzung der Materialbeschichtung sorgt f\u00fcr eine hohe Best\u00e4ndigkeit gegen Salzwasser und extreme Witterungsbedingungen. Das Material beh\u00e4lt seine einzigartigen Eigenschaften, wenn es bei niedrigen Temperaturen verwendet wird.<\/p>\n<p>Dicke 700 Gramm<\/p>\n","protected":false},"excerpt":{"rendered":"<p>Zweifarbige Jacke, die perfekt vor starkem Regen und Wind sch\u00fctzt.<\/p>\n","protected":false},"featured_media":41983,"comment_status":"closed","ping_status":"closed","template":"","meta":{"_acf_changed":false},"product_brand":[],"product_cat":[1286,1294],"product_tag":[765],"activity":[1070,1256],"class_list":{"0":"post-39151","1":"product","2":"type-product","3":"status-publish","4":"has-post-thumbnail","6":"product_cat-regenbekleidung","7":"product_cat-regenbekleidung-regenjacken","8":"product_tag-yrkesklader-de","9":"activity-outdoor-arbeit","10":"activity-regenjacken-outdoor-arbeit","12":"first","13":"instock","14":"taxable","15":"shipping-taxable","16":"purchasable","17":"product-type-variable","18":"has-default-attributes","19":"rtwpvg-product","20":"rtwpvs-product"},"acf":[],"shsp-ext":{"main":{},"variations":[]},"yoast_head":"<!-- This site is optimized with the Yoast SEO plugin v27.2 - https:\/\/yoast.com\/product\/yoast-seo-wordpress\/ -->\n<title>Storm Jacke | Farmerrain - H\u00e5llbara regnkl\u00e4der<\/title>\n<meta name=\"description\" content=\"Zweifarbige Jacke, die perfekt vor starkem Regen und Wind sch\u00fctzt.\" \/>\n<meta name=\"robots\" content=\"index, follow, max-snippet:-1, max-image-preview:large, max-video-preview:-1\" \/>\n<link rel=\"canonical\" href=\"https:\/\/farmerrain.com\/de\/produkt\/storm-jacke\/\" \/>\n<meta property=\"og:locale\" content=\"de_DE\" \/>\n<meta property=\"og:type\" content=\"article\" \/>\n<meta property=\"og:title\" content=\"Storm Jacke | Farmerrain - H\u00e5llbara regnkl\u00e4der\" \/>\n<meta property=\"og:description\" content=\"Zweifarbige Jacke, die perfekt vor starkem Regen und Wind sch\u00fctzt.\" \/>\n<meta property=\"og:url\" content=\"https:\/\/farmerrain.com\/de\/produkt\/storm-jacke\/\" \/>\n<meta property=\"og:site_name\" content=\"Farmerrain - H\u00e5llbara regnkl\u00e4der\" \/>\n<meta property=\"article:publisher\" content=\"https:\/\/www.facebook.com\/people\/Farmerrain\/100063463901438\/\" \/>\n<meta property=\"article:modified_time\" content=\"2026-03-25T13:09:06+00:00\" \/>\n<meta property=\"og:image\" content=\"https:\/\/farmerrain.com\/wp-content\/uploads\/2023\/03\/Karolina-hemsidan_28-jpg.webp\" \/>\n\t<meta property=\"og:image:width\" content=\"1040\" \/>\n\t<meta property=\"og:image:height\" content=\"1440\" \/>\n\t<meta property=\"og:image:type\" content=\"image\/jpeg\" \/>\n<meta name=\"twitter:card\" content=\"summary_large_image\" \/>\n<meta name=\"twitter:label1\" content=\"Gesch\u00e4tzte Lesezeit\" \/>\n\t<meta name=\"twitter:data1\" content=\"1\u00a0Minute\" \/>\n<script type=\"application\/ld+json\" class=\"yoast-schema-graph\">{\"@context\":\"https:\/\/schema.org\",\"@graph\":[{\"@type\":\"WebPage\",\"@id\":\"https:\/\/farmerrain.com\/de\/produkt\/storm-jacke\/\",\"url\":\"https:\/\/farmerrain.com\/de\/produkt\/storm-jacke\/\",\"name\":\"Storm Jacke | Farmerrain - H\u00e5llbara regnkl\u00e4der\",\"isPartOf\":{\"@id\":\"https:\/\/farmerrain.com\/#website\"},\"primaryImageOfPage\":{\"@id\":\"https:\/\/farmerrain.com\/de\/produkt\/storm-jacke\/#primaryimage\"},\"image\":{\"@id\":\"https:\/\/farmerrain.com\/de\/produkt\/storm-jacke\/#primaryimage\"},\"thumbnailUrl\":\"https:\/\/farmerrain.com\/wp-content\/uploads\/2023\/03\/Karolina-hemsidan_28-jpg.webp\",\"datePublished\":\"2025-11-27T21:59:49+00:00\",\"dateModified\":\"2026-03-25T13:09:06+00:00\",\"description\":\"Zweifarbige Jacke, die perfekt vor starkem Regen und Wind sch\u00fctzt.\",\"breadcrumb\":{\"@id\":\"https:\/\/farmerrain.com\/de\/produkt\/storm-jacke\/#breadcrumb\"},\"inLanguage\":\"de\",\"potentialAction\":[{\"@type\":\"ReadAction\",\"target\":[\"https:\/\/farmerrain.com\/de\/produkt\/storm-jacke\/\"]}]},{\"@type\":\"ImageObject\",\"inLanguage\":\"de\",\"@id\":\"https:\/\/farmerrain.com\/de\/produkt\/storm-jacke\/#primaryimage\",\"url\":\"https:\/\/farmerrain.com\/wp-content\/uploads\/2023\/03\/Karolina-hemsidan_28-jpg.webp\",\"contentUrl\":\"https:\/\/farmerrain.com\/wp-content\/uploads\/2023\/03\/Karolina-hemsidan_28-jpg.webp\",\"width\":1040,\"height\":1440},{\"@type\":\"BreadcrumbList\",\"@id\":\"https:\/\/farmerrain.com\/de\/produkt\/storm-jacke\/#breadcrumb\",\"itemListElement\":[{\"@type\":\"ListItem\",\"position\":1,\"name\":\"Shop\",\"item\":\"https:\/\/farmerrain.com\/de\/shop-2\/\"},{\"@type\":\"ListItem\",\"position\":2,\"name\":\"Storm Jacke\"}]},{\"@type\":\"WebSite\",\"@id\":\"https:\/\/farmerrain.com\/#website\",\"url\":\"https:\/\/farmerrain.com\/\",\"name\":\"Farmerrain - H\u00e5llbara regnkl\u00e4der\",\"description\":\"Regnkl\u00e4der med fokus p\u00e5 h\u00e5llbarhet, funktionalitet och unik design.\",\"publisher\":{\"@id\":\"https:\/\/farmerrain.com\/#organization\"},\"potentialAction\":[{\"@type\":\"SearchAction\",\"target\":{\"@type\":\"EntryPoint\",\"urlTemplate\":\"https:\/\/farmerrain.com\/?s={search_term_string}\"},\"query-input\":{\"@type\":\"PropertyValueSpecification\",\"valueRequired\":true,\"valueName\":\"search_term_string\"}}],\"inLanguage\":\"de\"},{\"@type\":\"Organization\",\"@id\":\"https:\/\/farmerrain.com\/#organization\",\"name\":\"Farmerrain\",\"url\":\"https:\/\/farmerrain.com\/\",\"logo\":{\"@type\":\"ImageObject\",\"inLanguage\":\"de\",\"@id\":\"https:\/\/farmerrain.com\/#\/schema\/logo\/image\/\",\"url\":\"https:\/\/farmerrain.com\/wp-content\/uploads\/2023\/03\/fr_logo.png\",\"contentUrl\":\"https:\/\/farmerrain.com\/wp-content\/uploads\/2023\/03\/fr_logo.png\",\"width\":179,\"height\":23,\"caption\":\"Farmerrain\"},\"image\":{\"@id\":\"https:\/\/farmerrain.com\/#\/schema\/logo\/image\/\"},\"sameAs\":[\"https:\/\/www.facebook.com\/people\/Farmerrain\/100063463901438\/\"]}]}<\/script>\n<!-- \/ Yoast SEO plugin. -->","yoast_head_json":{"title":"Storm Jacke | Farmerrain - H\u00e5llbara regnkl\u00e4der","description":"Zweifarbige Jacke, die perfekt vor starkem Regen und Wind sch\u00fctzt.","robots":{"index":"index","follow":"follow","max-snippet":"max-snippet:-1","max-image-preview":"max-image-preview:large","max-video-preview":"max-video-preview:-1"},"canonical":"https:\/\/farmerrain.com\/de\/produkt\/storm-jacke\/","og_locale":"de_DE","og_type":"article","og_title":"Storm Jacke | Farmerrain - H\u00e5llbara regnkl\u00e4der","og_description":"Zweifarbige Jacke, die perfekt vor starkem Regen und Wind sch\u00fctzt.","og_url":"https:\/\/farmerrain.com\/de\/produkt\/storm-jacke\/","og_site_name":"Farmerrain - H\u00e5llbara regnkl\u00e4der","article_publisher":"https:\/\/www.facebook.com\/people\/Farmerrain\/100063463901438\/","article_modified_time":"2026-03-25T13:09:06+00:00","og_image":[{"width":1040,"height":1440,"url":"https:\/\/farmerrain.com\/wp-content\/uploads\/2023\/03\/Karolina-hemsidan_28-jpg.webp","type":"image\/jpeg"}],"twitter_card":"summary_large_image","twitter_misc":{"Gesch\u00e4tzte Lesezeit":"1\u00a0Minute"},"schema":{"@context":"https:\/\/schema.org","@graph":[{"@type":"WebPage","@id":"https:\/\/farmerrain.com\/de\/produkt\/storm-jacke\/","url":"https:\/\/farmerrain.com\/de\/produkt\/storm-jacke\/","name":"Storm Jacke | Farmerrain - H\u00e5llbara regnkl\u00e4der","isPartOf":{"@id":"https:\/\/farmerrain.com\/#website"},"primaryImageOfPage":{"@id":"https:\/\/farmerrain.com\/de\/produkt\/storm-jacke\/#primaryimage"},"image":{"@id":"https:\/\/farmerrain.com\/de\/produkt\/storm-jacke\/#primaryimage"},"thumbnailUrl":"https:\/\/farmerrain.com\/wp-content\/uploads\/2023\/03\/Karolina-hemsidan_28-jpg.webp","datePublished":"2025-11-27T21:59:49+00:00","dateModified":"2026-03-25T13:09:06+00:00","description":"Zweifarbige Jacke, die perfekt vor starkem Regen und Wind sch\u00fctzt.","breadcrumb":{"@id":"https:\/\/farmerrain.com\/de\/produkt\/storm-jacke\/#breadcrumb"},"inLanguage":"de","potentialAction":[{"@type":"ReadAction","target":["https:\/\/farmerrain.com\/de\/produkt\/storm-jacke\/"]}]},{"@type":"ImageObject","inLanguage":"de","@id":"https:\/\/farmerrain.com\/de\/produkt\/storm-jacke\/#primaryimage","url":"https:\/\/farmerrain.com\/wp-content\/uploads\/2023\/03\/Karolina-hemsidan_28-jpg.webp","contentUrl":"https:\/\/farmerrain.com\/wp-content\/uploads\/2023\/03\/Karolina-hemsidan_28-jpg.webp","width":1040,"height":1440},{"@type":"BreadcrumbList","@id":"https:\/\/farmerrain.com\/de\/produkt\/storm-jacke\/#breadcrumb","itemListElement":[{"@type":"ListItem","position":1,"name":"Shop","item":"https:\/\/farmerrain.com\/de\/shop-2\/"},{"@type":"ListItem","position":2,"name":"Storm Jacke"}]},{"@type":"WebSite","@id":"https:\/\/farmerrain.com\/#website","url":"https:\/\/farmerrain.com\/","name":"Farmerrain - H\u00e5llbara regnkl\u00e4der","description":"Regnkl\u00e4der med fokus p\u00e5 h\u00e5llbarhet, funktionalitet och unik design.","publisher":{"@id":"https:\/\/farmerrain.com\/#organization"},"potentialAction":[{"@type":"SearchAction","target":{"@type":"EntryPoint","urlTemplate":"https:\/\/farmerrain.com\/?s={search_term_string}"},"query-input":{"@type":"PropertyValueSpecification","valueRequired":true,"valueName":"search_term_string"}}],"inLanguage":"de"},{"@type":"Organization","@id":"https:\/\/farmerrain.com\/#organization","name":"Farmerrain","url":"https:\/\/farmerrain.com\/","logo":{"@type":"ImageObject","inLanguage":"de","@id":"https:\/\/farmerrain.com\/#\/schema\/logo\/image\/","url":"https:\/\/farmerrain.com\/wp-content\/uploads\/2023\/03\/fr_logo.png","contentUrl":"https:\/\/farmerrain.com\/wp-content\/uploads\/2023\/03\/fr_logo.png","width":179,"height":23,"caption":"Farmerrain"},"image":{"@id":"https:\/\/farmerrain.com\/#\/schema\/logo\/image\/"},"sameAs":["https:\/\/www.facebook.com\/people\/Farmerrain\/100063463901438\/"]}]}},"_links":{"self":[{"href":"https:\/\/farmerrain.com\/de\/wp-json\/wp\/v2\/product\/39151","targetHints":{"allow":["GET"]}}],"collection":[{"href":"https:\/\/farmerrain.com\/de\/wp-json\/wp\/v2\/product"}],"about":[{"href":"https:\/\/farmerrain.com\/de\/wp-json\/wp\/v2\/types\/product"}],"replies":[{"embeddable":true,"href":"https:\/\/farmerrain.com\/de\/wp-json\/wp\/v2\/comments?post=39151"}],"wp:featuredmedia":[{"embeddable":true,"href":"https:\/\/farmerrain.com\/de\/wp-json\/wp\/v2\/media\/41983"}],"wp:attachment":[{"href":"https:\/\/farmerrain.com\/de\/wp-json\/wp\/v2\/media?parent=39151"}],"wp:term":[{"taxonomy":"product_brand","embeddable":true,"href":"https:\/\/farmerrain.com\/de\/wp-json\/wp\/v2\/product_brand?post=39151"},{"taxonomy":"product_cat","embeddable":true,"href":"https:\/\/farmerrain.com\/de\/wp-json\/wp\/v2\/product_cat?post=39151"},{"taxonomy":"product_tag","embeddable":true,"href":"https:\/\/farmerrain.com\/de\/wp-json\/wp\/v2\/product_tag?post=39151"},{"taxonomy":"activity","embeddable":true,"href":"https:\/\/farmerrain.com\/de\/wp-json\/wp\/v2\/activity?post=39151"}],"curies":[{"name":"wp","href":"https:\/\/api.w.org\/{rel}","templated":true}]}}